{"id":280,"date":"2020-06-16T17:39:02","date_gmt":"2020-06-16T14:39:02","guid":{"rendered":"https:\/\/sites.uef.fi\/stopdia\/?page_id=280"},"modified":"2023-12-21T14:03:30","modified_gmt":"2023-12-21T12:03:30","slug":"t2d-data-hankkeen-toteuttajat","status":"publish","type":"page","link":"https:\/\/sites.uef.fi\/stopdia\/t2d-data-hankkeen-toteuttajat\/","title":{"rendered":"Hankkeen toteuttajat"},"content":{"rendered":"<p>Konsortion johtaja, dekaani, LT, <strong>Jussi Pihlajam\u00e4ki<img loading=\"lazy\" decoding=\"async\" class=\"alignright wp-image-4234 size-full\" src=\"https:\/\/sites.uef.fi\/stopdia\/wp-content\/uploads\/sites\/90\/2021\/02\/Pihlajamaki-Jussi.jpg\" alt=\"Profiilikuva Jussi Pihlajam\u00e4ki\" width=\"100\" height=\"130\" \/><\/strong><\/p>\n<p>It\u00e4-Suomen yliopisto, UEF<\/p>\n<p><a href=\"mailto:jussi.pihlajamaki@uef.fi\">jussi.pihlajamaki(at)uef.fi\u00a0<\/a><\/p>\n<p>\u00a0<\/p>\n<p>Konsortion partneri, tutkimusprofessori, <strong>Mark van Gils<\/strong><img loading=\"lazy\" decoding=\"async\" class=\"alignright\" src=\"https:\/\/thertoinnovationsummit.eu\/sites\/default\/files\/2020-03\/Mark_van_Gils_002.jpg\" alt=\"Profiilikuva Mark van Gils\" width=\"102\" height=\"142\" data-noaft=\"1\" \/><\/p>\n<p>Teknologian tutkimuskeskus VTT Oy<\/p>\n<p><a href=\"mailto:mark.vangils@vtt.fi\">mark.vangils(at)vtt.fi<\/a><\/p>\n<p>\u00a0<\/p>\n<p>Konsortion partneri, FT, dosentti,\u00a0 <strong>Jaana Lindstr\u00f6m<img loading=\"lazy\" decoding=\"async\" class=\"alignright wp-image-3473\" src=\"https:\/\/sites.uef.fi\/stopdia\/wp-content\/uploads\/sites\/90\/2020\/10\/Jaana_Lindstr\u00f6m_4-e1601642601765-219x300.jpg\" alt=\"Profiilikuva Jaana Lindst\u00f6m\" width=\"102\" height=\"139\" srcset=\"https:\/\/sites.uef.fi\/stopdia\/wp-content\/uploads\/sites\/90\/2020\/10\/Jaana_Lindstr\u00f6m_4-e1601642601765-219x300.jpg 219w, https:\/\/sites.uef.fi\/stopdia\/wp-content\/uploads\/sites\/90\/2020\/10\/Jaana_Lindstr\u00f6m_4-e1601642601765.jpg 484w\" sizes=\"auto, (max-width: 102px) 100vw, 102px\" \/><\/strong><\/p>\n<p>Terveyden ja hyvinvoinnin laitos, THL<\/p>\n<p><a href=\"mailto:jaana.lindstrom@thl.fi\">jaana.lindstrom(at)thl.fi<\/a><\/p>\n<p>\u00a0<\/p>\n<p>Erikoistutkija, projektip\u00e4\u00e4llikk\u00f6, TkT, <strong>Elina Mattila<a href=\"mailto:elina.m.mattila@vtt.fi\"><img loading=\"lazy\" decoding=\"async\" class=\"alignright\" src=\"https:\/\/cris.vtt.fi\/files-asset\/27233446\/Omakuva_close.jpg?w=160&amp;f=jpg\" alt=\"Profiilikuva Elina Mattila\" width=\"103\" height=\"120\" \/><\/a><\/strong><\/p>\n<p>Teknologian tutkimuskeskus VTT Oy<\/p>\n<p><a href=\"mailto:elina.m.mattila@vtt.fi\">elina.m.mattila(at)vtt.fi<\/a><\/p>\n<p>\u00a0<\/p>\n<p>Professori, LT, <strong>Timo Lakka<img loading=\"lazy\" decoding=\"async\" class=\"alignright wp-image-4246\" src=\"https:\/\/sites.uef.fi\/stopdia\/wp-content\/uploads\/sites\/90\/2021\/02\/StopDia_Pihlajamaki_Lakka-e1612879350678.jpg\" alt=\"Profiilikuva Timo Lakka\" width=\"100\" height=\"124\" srcset=\"https:\/\/sites.uef.fi\/stopdia\/wp-content\/uploads\/sites\/90\/2021\/02\/StopDia_Pihlajamaki_Lakka-e1612879350678.jpg 310w, https:\/\/sites.uef.fi\/stopdia\/wp-content\/uploads\/sites\/90\/2021\/02\/StopDia_Pihlajamaki_Lakka-e1612879350678-242x300.jpg 242w\" sizes=\"auto, (max-width: 100px) 100vw, 100px\" \/><\/strong><\/p>\n<p>It\u00e4-Suomen yliopisto, UEF<\/p>\n<p><a href=\"mailto:timo.lakka@uef.fi\">timo.lakka(at)uef.fi<\/a><\/p>\n<p>\u00a0<\/p>\n<p>Professori, <strong>Janne Martikainen<img loading=\"lazy\" decoding=\"async\" class=\"alignright wp-image-4264\" src=\"https:\/\/sites.uef.fi\/stopdia\/wp-content\/uploads\/sites\/90\/2021\/02\/Janne-Martikainen.jpg\" alt=\"Profiilikuva Janne Martikainen\" width=\"120\" height=\"120\" srcset=\"https:\/\/sites.uef.fi\/stopdia\/wp-content\/uploads\/sites\/90\/2021\/02\/Janne-Martikainen.jpg 500w, https:\/\/sites.uef.fi\/stopdia\/wp-content\/uploads\/sites\/90\/2021\/02\/Janne-Martikainen-300x300.jpg 300w, https:\/\/sites.uef.fi\/stopdia\/wp-content\/uploads\/sites\/90\/2021\/02\/Janne-Martikainen-150x150.jpg 150w\" sizes=\"auto, (max-width: 120px) 100vw, 120px\" \/><\/strong><\/p>\n<p>It\u00e4-Suomen yliopisto, UEF<\/p>\n<p><a href=\"mailto:janne.martikainen@uef.fi\">janne.martikainen(at)uef.fi<\/a><\/p>\n<p>\u00a0<\/p>\n<p>Tutkija, Pst, dosentti, <strong>Pilvikki Absetz<a href=\"mailto:pilvikki.absetz@gmail.com\"><img loading=\"lazy\" decoding=\"async\" class=\"alignright wp-image-3467\" src=\"https:\/\/sites.uef.fi\/stopdia\/wp-content\/uploads\/sites\/90\/2020\/10\/Pilvikki-Absetz-official-picture-150x150.png\" alt=\"Profiilikuva Pilvikki Absetz\" width=\"104\" height=\"104\" \/><\/a><\/strong><\/p>\n<p>It\u00e4-Suomen yliopisto, UEF<\/p>\n<p><a href=\"mailto:pilvikki.absetz@gmail.com\">pilvikki.absetz(at)gmail.com<\/a><\/p>\n<p>\u00a0<\/p>\n<h2><strong>Tutkimusryhm\u00e4\u00e4n kuuluvat my\u00f6s:<\/strong><\/h2>\n<p><a href=\"http:\/\/www.vtt.fi\/\" target=\"_blank\" rel=\"noopener noreferrer\"><strong>Teknologian tutkimuskeskus, VTT<\/strong><\/a><\/p>\n<ul>\n<li><a href=\"https:\/\/cris.vtt.fi\/en\/persons\/anita-honka\">Honka Anita,<\/a> FM<\/li>\n<li><a href=\"https:\/\/cris.vtt.fi\/en\/persons\/eeva-rantala\">Rantala Eeva<\/a>, tutkija, TtM<\/li>\n<li><a href=\"https:\/\/cris.vtt.fi\/en\/persons\/anna-leena-vuorinen\">Vuorinen Anna-Leena<\/a>, FT<\/li>\n<li><a href=\"https:\/\/cris.vtt.fi\/en\/persons\/adil-umer\">Umer Adil<\/a>, FM<\/li>\n<\/ul>\n<p><a href=\"http:\/\/www.uef.fi\/fi\/etusivu\" target=\"_blank\" rel=\"noopener noreferrer\"><strong>It\u00e4-Suomen yliopisto, UEF<\/strong><\/a><\/p>\n<ul>\n<li><a href=\"https:\/\/uefconnect.uef.fi\/henkilo\/suvi.manninen\/\">Manninen Suvi<\/a>, tutkijatohtori, TtT<\/li>\n<li><a href=\"https:\/\/uefconnect.uef.fi\/henkilo\/kirsikka.aittola\/\">Aittola Kirsikka<\/a>, nuorempi tutkija, ETM, TtM<\/li>\n<li><a href=\"https:\/\/uefconnect.uef.fi\/henkilo\/kari.jalkanen\/\">Jalkanen Kari<\/a>, proviisori<\/li>\n<li>M\u00e4nnikk\u00f6 Reija, tutkijatohtori, TtT<\/li>\n<li><a href=\"https:\/\/uefconnect.uef.fi\/henkilo\/piia.lavikainen\/\">Lavikainen Piia<\/a>, tutkijatohtori<\/li>\n<li><a href=\"https:\/\/uefconnect.uef.fi\/henkilo\/leila.karhunen\/\">Karhunen Leila<\/a>, yliopistonlehtori, FT, dosentti<\/li>\n<li><a href=\"https:\/\/uefconnect.uef.fi\/henkilo\/marjukka.kolehmainen\/\">Kolehmainen Marjukka<\/a>, professori, FT<\/li>\n<li><a href=\"https:\/\/uefconnect.uef.fi\/henkilo\/ursula.schwab\/\">Schwab Ursula<\/a>, professori, FT<\/li>\n<\/ul>\n<p><a href=\"https:\/\/www.thl.fi\/fi\/\" target=\"_blank\" rel=\"noopener noreferrer\"><b>Terveyden ja hyvinvoinnnin laitos, THL<\/b><\/a><\/p>\n<ul>\n<li>Esko Lev\u00e4lahti, tilastoasiantuntija, FM<\/li>\n<li>Katja Wikstr\u00f6m, erikoistutkija, FT<\/li>\n<li>Jemina Kivel\u00e4, tutkija, TtM<\/li>\n<\/ul>\n<p>\u00a0<\/p>\n<p style=\"text-align: center\">\u00a0<\/p>\n<div class=\"journal-content-article\">\n<div class=\"video\">\n<p>\u00a0<\/p>\n<\/div>\n<\/div>\n\n    <div class=\"funders grid\">\n                        <div class=\"funders__item grid__item\">\n                            <div class=\"funders__image\">\n                    <img decoding=\"async\" src=\"https:\/\/sites.uef.fi\/stopdia\/wp-content\/uploads\/sites\/90\/2021\/01\/University_of_eastern_finland_logo.jpg\" alt=\"It\u00e4-Suomen yliopiston logo.\" \/>\n                <\/div>\n                                                <\/div>\n                        \n                        <div class=\"funders__item grid__item\">\n                            <div class=\"funders__image\">\n                    <img decoding=\"async\" src=\"https:\/\/sites.uef.fi\/stopdia\/wp-content\/uploads\/sites\/90\/2020\/07\/THL_tunnus_lyhyt_RGB_vihrea-1-1.jpg\" alt=\"Terveyden ja hyvinvoinnin laitoksen (THL) logo.\" \/>\n                <\/div>\n                                                <\/div>\n                        \n                        <div class=\"funders__item grid__item\">\n                            <div class=\"funders__image\">\n                    <img decoding=\"async\" src=\"https:\/\/sites.uef.fi\/stopdia\/wp-content\/uploads\/sites\/90\/2020\/07\/VTT_Orange_Logo-1.jpg\" alt=\"VTT:n logo.\" \/>\n                <\/div>\n                                                <\/div>\n                        \n            <\/div>\n\n\n    <div class=\"funders grid\">\n                        <div class=\"funders__item grid__item\">\n                            <div class=\"funders__image\">\n                    <img decoding=\"async\" src=\"https:\/\/sites.uef.fi\/stopdia\/wp-content\/uploads\/sites\/90\/2020\/08\/Suomen-Akatemia.jpg\" alt=\"Suomen Akatemia logo.\" \/>\n                <\/div>\n                                                <\/div>\n                        \n                        <div class=\"funders__item grid__item\">\n                            <div class=\"funders__image\">\n                    <img decoding=\"async\" src=\"https:\/\/sites.uef.fi\/stopdia\/wp-content\/uploads\/sites\/90\/2021\/01\/Suomen-akatemia_Strateginen-tutkimus_logo.jpg\" alt=\"Suomen Akatemia, strateginen tutkimus logo.\" \/>\n                <\/div>\n                                                <\/div>\n                        \n            <\/div>\n","protected":false},"excerpt":{"rendered":"<p>Konsortion johtaja, dekaani, LT, Jussi Pihlajam\u00e4ki It\u00e4-Suomen yliopisto, UEF jussi.pihlajamaki(at)uef.fi\u00a0 \u00a0 Konsortion partneri, tutkimusprofessori, Mark van Gils Teknologian tutkimuskeskus VTT Oy mark.vangils(at)vtt.fi \u00a0 Konsortion partneri, FT, dosentti,\u00a0 Jaana Lindstr\u00f6m Terveyden ja hyvinvoinnin laitos, THL jaana.lindstrom(at)thl.fi \u00a0 Erikoistutkija, projektip\u00e4\u00e4llikk\u00f6, TkT, Elina Mattila Teknologian tutkimuskeskus VTT Oy elina.m.mattila(at)vtt.fi \u00a0 Professori, LT, Timo Lakka It\u00e4-Suomen yliopisto, UEF timo.lakka(at)uef.fi [&hellip;]<\/p>\n","protected":false},"author":187,"featured_media":0,"parent":0,"menu_order":0,"comment_status":"closed","ping_status":"closed","template":"","meta":{"_acf_changed":false,"_monsterinsights_skip_tracking":false,"_monsterinsights_sitenote_active":false,"_monsterinsights_sitenote_note":"","_monsterinsights_sitenote_category":0,"footnotes":""},"class_list":["post-280","page","type-page","status-publish","hentry"],"acf":[],"yoast_head":"<!-- This site is optimized with the Yoast SEO plugin v27.3 - https:\/\/yoast.com\/product\/yoast-seo-wordpress\/ -->\n<title>Hankkeen toteuttajat - StopDia<\/title>\n<meta name=\"robots\" content=\"index, follow, max-snippet:-1, max-image-preview:large, max-video-preview:-1\" \/>\n<link rel=\"canonical\" href=\"https:\/\/sites.uef.fi\/stopdia\/t2d-data-hankkeen-toteuttajat\/\" \/>\n<meta property=\"og:locale\" content=\"fi_FI\" \/>\n<meta property=\"og:type\" content=\"article\" \/>\n<meta property=\"og:title\" content=\"Hankkeen toteuttajat - StopDia\" \/>\n<meta property=\"og:description\" content=\"Konsortion johtaja, dekaani, LT, Jussi Pihlajam\u00e4ki It\u00e4-Suomen yliopisto, UEF jussi.pihlajamaki(at)uef.fi\u00a0 \u00a0 Konsortion partneri, tutkimusprofessori, Mark van Gils Teknologian tutkimuskeskus VTT Oy mark.vangils(at)vtt.fi \u00a0 Konsortion partneri, FT, dosentti,\u00a0 Jaana Lindstr\u00f6m Terveyden ja hyvinvoinnin laitos, THL jaana.lindstrom(at)thl.fi \u00a0 Erikoistutkija, projektip\u00e4\u00e4llikk\u00f6, TkT, Elina Mattila Teknologian tutkimuskeskus VTT Oy elina.m.mattila(at)vtt.fi \u00a0 Professori, LT, Timo Lakka It\u00e4-Suomen yliopisto, UEF timo.lakka(at)uef.fi [&hellip;]\" \/>\n<meta property=\"og:url\" content=\"https:\/\/sites.uef.fi\/stopdia\/t2d-data-hankkeen-toteuttajat\/\" \/>\n<meta property=\"og:site_name\" content=\"StopDia\" \/>\n<meta property=\"article:modified_time\" content=\"2023-12-21T12:03:30+00:00\" \/>\n<meta property=\"og:image\" content=\"https:\/\/sites.uef.fi\/stopdia\/wp-content\/uploads\/sites\/90\/2021\/02\/Pihlajamaki-Jussi.jpg\" \/>\n<meta name=\"twitter:card\" content=\"summary_large_image\" \/>\n<meta name=\"twitter:label1\" content=\"Arvioitu lukuaika\" \/>\n\t<meta name=\"twitter:data1\" content=\"3 minuuttia\" \/>\n<script type=\"application\/ld+json\" class=\"yoast-schema-graph\">{\"@context\":\"https:\\\/\\\/schema.org\",\"@graph\":[{\"@type\":\"WebPage\",\"@id\":\"https:\\\/\\\/sites.uef.fi\\\/stopdia\\\/t2d-data-hankkeen-toteuttajat\\\/\",\"url\":\"https:\\\/\\\/sites.uef.fi\\\/stopdia\\\/t2d-data-hankkeen-toteuttajat\\\/\",\"name\":\"Hankkeen toteuttajat - StopDia\",\"isPartOf\":{\"@id\":\"https:\\\/\\\/sites.uef.fi\\\/stopdia\\\/#website\"},\"primaryImageOfPage\":{\"@id\":\"https:\\\/\\\/sites.uef.fi\\\/stopdia\\\/t2d-data-hankkeen-toteuttajat\\\/#primaryimage\"},\"image\":{\"@id\":\"https:\\\/\\\/sites.uef.fi\\\/stopdia\\\/t2d-data-hankkeen-toteuttajat\\\/#primaryimage\"},\"thumbnailUrl\":\"https:\\\/\\\/sites.uef.fi\\\/stopdia\\\/wp-content\\\/uploads\\\/sites\\\/90\\\/2021\\\/02\\\/Pihlajamaki-Jussi.jpg\",\"datePublished\":\"2020-06-16T14:39:02+00:00\",\"dateModified\":\"2023-12-21T12:03:30+00:00\",\"breadcrumb\":{\"@id\":\"https:\\\/\\\/sites.uef.fi\\\/stopdia\\\/t2d-data-hankkeen-toteuttajat\\\/#breadcrumb\"},\"inLanguage\":\"fi\",\"potentialAction\":[{\"@type\":\"ReadAction\",\"target\":[\"https:\\\/\\\/sites.uef.fi\\\/stopdia\\\/t2d-data-hankkeen-toteuttajat\\\/\"]}]},{\"@type\":\"ImageObject\",\"inLanguage\":\"fi\",\"@id\":\"https:\\\/\\\/sites.uef.fi\\\/stopdia\\\/t2d-data-hankkeen-toteuttajat\\\/#primaryimage\",\"url\":\"https:\\\/\\\/sites.uef.fi\\\/stopdia\\\/wp-content\\\/uploads\\\/sites\\\/90\\\/2021\\\/02\\\/Pihlajamaki-Jussi.jpg\",\"contentUrl\":\"https:\\\/\\\/sites.uef.fi\\\/stopdia\\\/wp-content\\\/uploads\\\/sites\\\/90\\\/2021\\\/02\\\/Pihlajamaki-Jussi.jpg\",\"width\":100,\"height\":130},{\"@type\":\"BreadcrumbList\",\"@id\":\"https:\\\/\\\/sites.uef.fi\\\/stopdia\\\/t2d-data-hankkeen-toteuttajat\\\/#breadcrumb\",\"itemListElement\":[{\"@type\":\"ListItem\",\"position\":1,\"name\":\"Home\",\"item\":\"https:\\\/\\\/sites.uef.fi\\\/stopdia\\\/\"},{\"@type\":\"ListItem\",\"position\":2,\"name\":\"Hankkeen toteuttajat\"}]},{\"@type\":\"WebSite\",\"@id\":\"https:\\\/\\\/sites.uef.fi\\\/stopdia\\\/#website\",\"url\":\"https:\\\/\\\/sites.uef.fi\\\/stopdia\\\/\",\"name\":\"StopDia\",\"description\":\"\",\"potentialAction\":[{\"@type\":\"SearchAction\",\"target\":{\"@type\":\"EntryPoint\",\"urlTemplate\":\"https:\\\/\\\/sites.uef.fi\\\/stopdia\\\/?s={search_term_string}\"},\"query-input\":{\"@type\":\"PropertyValueSpecification\",\"valueRequired\":true,\"valueName\":\"search_term_string\"}}],\"inLanguage\":\"fi\"}]}<\/script>\n<!-- \/ Yoast SEO plugin. -->","yoast_head_json":{"title":"Hankkeen toteuttajat - StopDia","robots":{"index":"index","follow":"follow","max-snippet":"max-snippet:-1","max-image-preview":"max-image-preview:large","max-video-preview":"max-video-preview:-1"},"canonical":"https:\/\/sites.uef.fi\/stopdia\/t2d-data-hankkeen-toteuttajat\/","og_locale":"fi_FI","og_type":"article","og_title":"Hankkeen toteuttajat - StopDia","og_description":"Konsortion johtaja, dekaani, LT, Jussi Pihlajam\u00e4ki It\u00e4-Suomen yliopisto, UEF jussi.pihlajamaki(at)uef.fi\u00a0 \u00a0 Konsortion partneri, tutkimusprofessori, Mark van Gils Teknologian tutkimuskeskus VTT Oy mark.vangils(at)vtt.fi \u00a0 Konsortion partneri, FT, dosentti,\u00a0 Jaana Lindstr\u00f6m Terveyden ja hyvinvoinnin laitos, THL jaana.lindstrom(at)thl.fi \u00a0 Erikoistutkija, projektip\u00e4\u00e4llikk\u00f6, TkT, Elina Mattila Teknologian tutkimuskeskus VTT Oy elina.m.mattila(at)vtt.fi \u00a0 Professori, LT, Timo Lakka It\u00e4-Suomen yliopisto, UEF timo.lakka(at)uef.fi [&hellip;]","og_url":"https:\/\/sites.uef.fi\/stopdia\/t2d-data-hankkeen-toteuttajat\/","og_site_name":"StopDia","article_modified_time":"2023-12-21T12:03:30+00:00","og_image":[{"url":"https:\/\/sites.uef.fi\/stopdia\/wp-content\/uploads\/sites\/90\/2021\/02\/Pihlajamaki-Jussi.jpg","type":"","width":"","height":""}],"twitter_card":"summary_large_image","twitter_misc":{"Arvioitu lukuaika":"3 minuuttia"},"schema":{"@context":"https:\/\/schema.org","@graph":[{"@type":"WebPage","@id":"https:\/\/sites.uef.fi\/stopdia\/t2d-data-hankkeen-toteuttajat\/","url":"https:\/\/sites.uef.fi\/stopdia\/t2d-data-hankkeen-toteuttajat\/","name":"Hankkeen toteuttajat - StopDia","isPartOf":{"@id":"https:\/\/sites.uef.fi\/stopdia\/#website"},"primaryImageOfPage":{"@id":"https:\/\/sites.uef.fi\/stopdia\/t2d-data-hankkeen-toteuttajat\/#primaryimage"},"image":{"@id":"https:\/\/sites.uef.fi\/stopdia\/t2d-data-hankkeen-toteuttajat\/#primaryimage"},"thumbnailUrl":"https:\/\/sites.uef.fi\/stopdia\/wp-content\/uploads\/sites\/90\/2021\/02\/Pihlajamaki-Jussi.jpg","datePublished":"2020-06-16T14:39:02+00:00","dateModified":"2023-12-21T12:03:30+00:00","breadcrumb":{"@id":"https:\/\/sites.uef.fi\/stopdia\/t2d-data-hankkeen-toteuttajat\/#breadcrumb"},"inLanguage":"fi","potentialAction":[{"@type":"ReadAction","target":["https:\/\/sites.uef.fi\/stopdia\/t2d-data-hankkeen-toteuttajat\/"]}]},{"@type":"ImageObject","inLanguage":"fi","@id":"https:\/\/sites.uef.fi\/stopdia\/t2d-data-hankkeen-toteuttajat\/#primaryimage","url":"https:\/\/sites.uef.fi\/stopdia\/wp-content\/uploads\/sites\/90\/2021\/02\/Pihlajamaki-Jussi.jpg","contentUrl":"https:\/\/sites.uef.fi\/stopdia\/wp-content\/uploads\/sites\/90\/2021\/02\/Pihlajamaki-Jussi.jpg","width":100,"height":130},{"@type":"BreadcrumbList","@id":"https:\/\/sites.uef.fi\/stopdia\/t2d-data-hankkeen-toteuttajat\/#breadcrumb","itemListElement":[{"@type":"ListItem","position":1,"name":"Home","item":"https:\/\/sites.uef.fi\/stopdia\/"},{"@type":"ListItem","position":2,"name":"Hankkeen toteuttajat"}]},{"@type":"WebSite","@id":"https:\/\/sites.uef.fi\/stopdia\/#website","url":"https:\/\/sites.uef.fi\/stopdia\/","name":"StopDia","description":"","potentialAction":[{"@type":"SearchAction","target":{"@type":"EntryPoint","urlTemplate":"https:\/\/sites.uef.fi\/stopdia\/?s={search_term_string}"},"query-input":{"@type":"PropertyValueSpecification","valueRequired":true,"valueName":"search_term_string"}}],"inLanguage":"fi"}]}},"_links":{"self":[{"href":"https:\/\/sites.uef.fi\/stopdia\/wp-json\/wp\/v2\/pages\/280","targetHints":{"allow":["GET"]}}],"collection":[{"href":"https:\/\/sites.uef.fi\/stopdia\/wp-json\/wp\/v2\/pages"}],"about":[{"href":"https:\/\/sites.uef.fi\/stopdia\/wp-json\/wp\/v2\/types\/page"}],"author":[{"embeddable":true,"href":"https:\/\/sites.uef.fi\/stopdia\/wp-json\/wp\/v2\/users\/187"}],"replies":[{"embeddable":true,"href":"https:\/\/sites.uef.fi\/stopdia\/wp-json\/wp\/v2\/comments?post=280"}],"version-history":[{"count":2,"href":"https:\/\/sites.uef.fi\/stopdia\/wp-json\/wp\/v2\/pages\/280\/revisions"}],"predecessor-version":[{"id":5072,"href":"https:\/\/sites.uef.fi\/stopdia\/wp-json\/wp\/v2\/pages\/280\/revisions\/5072"}],"wp:attachment":[{"href":"https:\/\/sites.uef.fi\/stopdia\/wp-json\/wp\/v2\/media?parent=280"}],"curies":[{"name":"wp","href":"https:\/\/api.w.org\/{rel}","templated":true}]}}