{"id":2881,"date":"2020-08-04T17:00:08","date_gmt":"2020-08-04T14:00:08","guid":{"rendered":"https:\/\/sites.uef.fi\/stopdia\/?page_id=2881"},"modified":"2024-01-08T14:26:16","modified_gmt":"2024-01-08T12:26:16","slug":"t2d-data-yhteystiedot","status":"publish","type":"page","link":"https:\/\/sites.uef.fi\/stopdia\/t2d-data-yhteystiedot\/","title":{"rendered":"T2D-DATA Yhteystiedot"},"content":{"rendered":"<h2>Ole yhteydess\u00e4 ja kysy lis\u00e4\u00e4:<\/h2>\n<p>Konsortion johtaja, dekaani, LT, <strong>Jussi Pihlajam\u00e4ki<\/strong><img decoding=\"async\" class=\"alignright\" src=\"https:\/\/www3.uef.fi\/documents\/1022624\/1064970\/Pihlajama%CC%88ki+Jussi-100x130.jpg\/44530993-9f2d-4bd9-aa29-1e630a75e0c8?t=1470388753000\" alt=\"\" \/><\/p>\n<p>It\u00e4-Suomen yliopisto, Kuopion kampus<\/p>\n<p>Kansanterveystieteen ja kliinisen ravitsemustieteen yksikk\u00f6<\/p>\n<p><a href=\"mailto:jussi.pihlajamaki@uef.fi\">jussi.pihlajamaki(at)uef.fi<\/a>, p. +358 50 344 0187<\/p>\n\n    <div class=\"funders grid\">\n                        <div class=\"funders__item grid__item\">\n                            <div class=\"funders__image\">\n                    <img decoding=\"async\" src=\"https:\/\/sites.uef.fi\/stopdia\/wp-content\/uploads\/sites\/90\/2021\/01\/University_of_eastern_finland_logo.jpg\" alt=\"It\u00e4-Suomen yliopiston logo.\" \/>\n                <\/div>\n                                                <\/div>\n                        \n                        <div class=\"funders__item grid__item\">\n                            <div class=\"funders__image\">\n                    <img decoding=\"async\" src=\"https:\/\/sites.uef.fi\/stopdia\/wp-content\/uploads\/sites\/90\/2020\/07\/THL_tunnus_lyhyt_RGB_vihrea-1-1.jpg\" alt=\"Terveyden ja hyvinvoinnin laitoksen (THL) logo.\" \/>\n                <\/div>\n                                                <\/div>\n                        \n                        <div class=\"funders__item grid__item\">\n                            <div class=\"funders__image\">\n                    <img decoding=\"async\" src=\"https:\/\/sites.uef.fi\/stopdia\/wp-content\/uploads\/sites\/90\/2020\/07\/VTT_Orange_Logo-1.jpg\" alt=\"VTT:n logo.\" \/>\n                <\/div>\n                                                <\/div>\n                        \n            <\/div>\n\n\n    <div class=\"funders grid\">\n                        <div class=\"funders__item grid__item\">\n                            <div class=\"funders__image\">\n                    <img decoding=\"async\" src=\"https:\/\/sites.uef.fi\/stopdia\/wp-content\/uploads\/sites\/90\/2020\/08\/Suomen-Akatemia.jpg\" alt=\"Suomen Akatemia logo.\" \/>\n                <\/div>\n                                                <\/div>\n                        \n                        <div class=\"funders__item grid__item\">\n                            <div class=\"funders__image\">\n                    <img decoding=\"async\" src=\"https:\/\/sites.uef.fi\/stopdia\/wp-content\/uploads\/sites\/90\/2021\/01\/Suomen-akatemia_Strateginen-tutkimus_logo.jpg\" alt=\"Suomen Akatemia, strateginen tutkimus logo.\" \/>\n                <\/div>\n                                                <\/div>\n                        \n            <\/div>\n","protected":false},"excerpt":{"rendered":"<p>Ole yhteydess\u00e4 ja kysy lis\u00e4\u00e4: Konsortion johtaja, dekaani, LT, Jussi Pihlajam\u00e4ki It\u00e4-Suomen yliopisto, Kuopion kampus Kansanterveystieteen ja kliinisen ravitsemustieteen yksikk\u00f6 jussi.pihlajamaki(at)uef.fi, p. +358 50 344 0187<\/p>\n","protected":false},"author":194,"featured_media":0,"parent":0,"menu_order":0,"comment_status":"closed","ping_status":"closed","template":"","meta":{"_acf_changed":false,"_monsterinsights_skip_tracking":false,"_monsterinsights_sitenote_active":false,"_monsterinsights_sitenote_note":"","_monsterinsights_sitenote_category":0,"footnotes":""},"class_list":["post-2881","page","type-page","status-publish","hentry"],"acf":[],"yoast_head":"<!-- This site is optimized with the Yoast SEO plugin v27.3 - https:\/\/yoast.com\/product\/yoast-seo-wordpress\/ -->\n<title>T2D-DATA Yhteystiedot - StopDia<\/title>\n<meta name=\"robots\" content=\"index, follow, max-snippet:-1, max-image-preview:large, max-video-preview:-1\" \/>\n<link rel=\"canonical\" href=\"https:\/\/sites.uef.fi\/stopdia\/t2d-data-yhteystiedot\/\" \/>\n<meta property=\"og:locale\" content=\"fi_FI\" \/>\n<meta property=\"og:type\" content=\"article\" \/>\n<meta property=\"og:title\" content=\"T2D-DATA Yhteystiedot - StopDia\" \/>\n<meta property=\"og:description\" content=\"Ole yhteydess\u00e4 ja kysy lis\u00e4\u00e4: Konsortion johtaja, dekaani, LT, Jussi Pihlajam\u00e4ki It\u00e4-Suomen yliopisto, Kuopion kampus Kansanterveystieteen ja kliinisen ravitsemustieteen yksikk\u00f6 jussi.pihlajamaki(at)uef.fi, p. +358 50 344 0187\" \/>\n<meta property=\"og:url\" content=\"https:\/\/sites.uef.fi\/stopdia\/t2d-data-yhteystiedot\/\" \/>\n<meta property=\"og:site_name\" content=\"StopDia\" \/>\n<meta property=\"article:modified_time\" content=\"2024-01-08T12:26:16+00:00\" \/>\n<meta property=\"og:image\" content=\"https:\/\/www3.uef.fi\/documents\/1022624\/1064970\/Pihlajama%CC%88ki+Jussi-100x130.jpg\/44530993-9f2d-4bd9-aa29-1e630a75e0c8?t=1470388753000\" \/>\n<meta name=\"twitter:card\" content=\"summary_large_image\" \/>\n<meta name=\"twitter:label1\" content=\"Arvioitu lukuaika\" \/>\n\t<meta name=\"twitter:data1\" content=\"1 minuutti\" \/>\n<script type=\"application\/ld+json\" class=\"yoast-schema-graph\">{\"@context\":\"https:\\\/\\\/schema.org\",\"@graph\":[{\"@type\":\"WebPage\",\"@id\":\"https:\\\/\\\/sites.uef.fi\\\/stopdia\\\/t2d-data-yhteystiedot\\\/\",\"url\":\"https:\\\/\\\/sites.uef.fi\\\/stopdia\\\/t2d-data-yhteystiedot\\\/\",\"name\":\"T2D-DATA Yhteystiedot - StopDia\",\"isPartOf\":{\"@id\":\"https:\\\/\\\/sites.uef.fi\\\/stopdia\\\/#website\"},\"primaryImageOfPage\":{\"@id\":\"https:\\\/\\\/sites.uef.fi\\\/stopdia\\\/t2d-data-yhteystiedot\\\/#primaryimage\"},\"image\":{\"@id\":\"https:\\\/\\\/sites.uef.fi\\\/stopdia\\\/t2d-data-yhteystiedot\\\/#primaryimage\"},\"thumbnailUrl\":\"https:\\\/\\\/www3.uef.fi\\\/documents\\\/1022624\\\/1064970\\\/Pihlajama%CC%88ki+Jussi-100x130.jpg\\\/44530993-9f2d-4bd9-aa29-1e630a75e0c8?t=1470388753000\",\"datePublished\":\"2020-08-04T14:00:08+00:00\",\"dateModified\":\"2024-01-08T12:26:16+00:00\",\"breadcrumb\":{\"@id\":\"https:\\\/\\\/sites.uef.fi\\\/stopdia\\\/t2d-data-yhteystiedot\\\/#breadcrumb\"},\"inLanguage\":\"fi\",\"potentialAction\":[{\"@type\":\"ReadAction\",\"target\":[\"https:\\\/\\\/sites.uef.fi\\\/stopdia\\\/t2d-data-yhteystiedot\\\/\"]}]},{\"@type\":\"ImageObject\",\"inLanguage\":\"fi\",\"@id\":\"https:\\\/\\\/sites.uef.fi\\\/stopdia\\\/t2d-data-yhteystiedot\\\/#primaryimage\",\"url\":\"https:\\\/\\\/www3.uef.fi\\\/documents\\\/1022624\\\/1064970\\\/Pihlajama%CC%88ki+Jussi-100x130.jpg\\\/44530993-9f2d-4bd9-aa29-1e630a75e0c8?t=1470388753000\",\"contentUrl\":\"https:\\\/\\\/www3.uef.fi\\\/documents\\\/1022624\\\/1064970\\\/Pihlajama%CC%88ki+Jussi-100x130.jpg\\\/44530993-9f2d-4bd9-aa29-1e630a75e0c8?t=1470388753000\"},{\"@type\":\"BreadcrumbList\",\"@id\":\"https:\\\/\\\/sites.uef.fi\\\/stopdia\\\/t2d-data-yhteystiedot\\\/#breadcrumb\",\"itemListElement\":[{\"@type\":\"ListItem\",\"position\":1,\"name\":\"Home\",\"item\":\"https:\\\/\\\/sites.uef.fi\\\/stopdia\\\/\"},{\"@type\":\"ListItem\",\"position\":2,\"name\":\"T2D-DATA Yhteystiedot\"}]},{\"@type\":\"WebSite\",\"@id\":\"https:\\\/\\\/sites.uef.fi\\\/stopdia\\\/#website\",\"url\":\"https:\\\/\\\/sites.uef.fi\\\/stopdia\\\/\",\"name\":\"StopDia\",\"description\":\"\",\"potentialAction\":[{\"@type\":\"SearchAction\",\"target\":{\"@type\":\"EntryPoint\",\"urlTemplate\":\"https:\\\/\\\/sites.uef.fi\\\/stopdia\\\/?s={search_term_string}\"},\"query-input\":{\"@type\":\"PropertyValueSpecification\",\"valueRequired\":true,\"valueName\":\"search_term_string\"}}],\"inLanguage\":\"fi\"}]}<\/script>\n<!-- \/ Yoast SEO plugin. -->","yoast_head_json":{"title":"T2D-DATA Yhteystiedot - StopDia","robots":{"index":"index","follow":"follow","max-snippet":"max-snippet:-1","max-image-preview":"max-image-preview:large","max-video-preview":"max-video-preview:-1"},"canonical":"https:\/\/sites.uef.fi\/stopdia\/t2d-data-yhteystiedot\/","og_locale":"fi_FI","og_type":"article","og_title":"T2D-DATA Yhteystiedot - StopDia","og_description":"Ole yhteydess\u00e4 ja kysy lis\u00e4\u00e4: Konsortion johtaja, dekaani, LT, Jussi Pihlajam\u00e4ki It\u00e4-Suomen yliopisto, Kuopion kampus Kansanterveystieteen ja kliinisen ravitsemustieteen yksikk\u00f6 jussi.pihlajamaki(at)uef.fi, p. +358 50 344 0187","og_url":"https:\/\/sites.uef.fi\/stopdia\/t2d-data-yhteystiedot\/","og_site_name":"StopDia","article_modified_time":"2024-01-08T12:26:16+00:00","og_image":[{"url":"https:\/\/www3.uef.fi\/documents\/1022624\/1064970\/Pihlajama%CC%88ki+Jussi-100x130.jpg\/44530993-9f2d-4bd9-aa29-1e630a75e0c8?t=1470388753000","type":"","width":"","height":""}],"twitter_card":"summary_large_image","twitter_misc":{"Arvioitu lukuaika":"1 minuutti"},"schema":{"@context":"https:\/\/schema.org","@graph":[{"@type":"WebPage","@id":"https:\/\/sites.uef.fi\/stopdia\/t2d-data-yhteystiedot\/","url":"https:\/\/sites.uef.fi\/stopdia\/t2d-data-yhteystiedot\/","name":"T2D-DATA Yhteystiedot - StopDia","isPartOf":{"@id":"https:\/\/sites.uef.fi\/stopdia\/#website"},"primaryImageOfPage":{"@id":"https:\/\/sites.uef.fi\/stopdia\/t2d-data-yhteystiedot\/#primaryimage"},"image":{"@id":"https:\/\/sites.uef.fi\/stopdia\/t2d-data-yhteystiedot\/#primaryimage"},"thumbnailUrl":"https:\/\/www3.uef.fi\/documents\/1022624\/1064970\/Pihlajama%CC%88ki+Jussi-100x130.jpg\/44530993-9f2d-4bd9-aa29-1e630a75e0c8?t=1470388753000","datePublished":"2020-08-04T14:00:08+00:00","dateModified":"2024-01-08T12:26:16+00:00","breadcrumb":{"@id":"https:\/\/sites.uef.fi\/stopdia\/t2d-data-yhteystiedot\/#breadcrumb"},"inLanguage":"fi","potentialAction":[{"@type":"ReadAction","target":["https:\/\/sites.uef.fi\/stopdia\/t2d-data-yhteystiedot\/"]}]},{"@type":"ImageObject","inLanguage":"fi","@id":"https:\/\/sites.uef.fi\/stopdia\/t2d-data-yhteystiedot\/#primaryimage","url":"https:\/\/www3.uef.fi\/documents\/1022624\/1064970\/Pihlajama%CC%88ki+Jussi-100x130.jpg\/44530993-9f2d-4bd9-aa29-1e630a75e0c8?t=1470388753000","contentUrl":"https:\/\/www3.uef.fi\/documents\/1022624\/1064970\/Pihlajama%CC%88ki+Jussi-100x130.jpg\/44530993-9f2d-4bd9-aa29-1e630a75e0c8?t=1470388753000"},{"@type":"BreadcrumbList","@id":"https:\/\/sites.uef.fi\/stopdia\/t2d-data-yhteystiedot\/#breadcrumb","itemListElement":[{"@type":"ListItem","position":1,"name":"Home","item":"https:\/\/sites.uef.fi\/stopdia\/"},{"@type":"ListItem","position":2,"name":"T2D-DATA Yhteystiedot"}]},{"@type":"WebSite","@id":"https:\/\/sites.uef.fi\/stopdia\/#website","url":"https:\/\/sites.uef.fi\/stopdia\/","name":"StopDia","description":"","potentialAction":[{"@type":"SearchAction","target":{"@type":"EntryPoint","urlTemplate":"https:\/\/sites.uef.fi\/stopdia\/?s={search_term_string}"},"query-input":{"@type":"PropertyValueSpecification","valueRequired":true,"valueName":"search_term_string"}}],"inLanguage":"fi"}]}},"_links":{"self":[{"href":"https:\/\/sites.uef.fi\/stopdia\/wp-json\/wp\/v2\/pages\/2881","targetHints":{"allow":["GET"]}}],"collection":[{"href":"https:\/\/sites.uef.fi\/stopdia\/wp-json\/wp\/v2\/pages"}],"about":[{"href":"https:\/\/sites.uef.fi\/stopdia\/wp-json\/wp\/v2\/types\/page"}],"author":[{"embeddable":true,"href":"https:\/\/sites.uef.fi\/stopdia\/wp-json\/wp\/v2\/users\/194"}],"replies":[{"embeddable":true,"href":"https:\/\/sites.uef.fi\/stopdia\/wp-json\/wp\/v2\/comments?post=2881"}],"version-history":[{"count":2,"href":"https:\/\/sites.uef.fi\/stopdia\/wp-json\/wp\/v2\/pages\/2881\/revisions"}],"predecessor-version":[{"id":5229,"href":"https:\/\/sites.uef.fi\/stopdia\/wp-json\/wp\/v2\/pages\/2881\/revisions\/5229"}],"wp:attachment":[{"href":"https:\/\/sites.uef.fi\/stopdia\/wp-json\/wp\/v2\/media?parent=2881"}],"curies":[{"name":"wp","href":"https:\/\/api.w.org\/{rel}","templated":true}]}}