{"id":3392,"date":"2020-09-09T13:29:25","date_gmt":"2020-09-09T10:29:25","guid":{"rendered":"https:\/\/sites.uef.fi\/stopdia\/?page_id=3392"},"modified":"2023-12-21T14:02:05","modified_gmt":"2023-12-21T12:02:05","slug":"t2d-data-hankkeen-tavoitteet","status":"publish","type":"page","link":"https:\/\/sites.uef.fi\/stopdia\/t2d-data-hankkeen-tavoitteet\/","title":{"rendered":"Hankkeen tavoitteet"},"content":{"rendered":"\n<figure class=\"wp-block-image\"><img loading=\"lazy\" decoding=\"async\" width=\"2240\" height=\"1260\" src=\"https:\/\/sites.uef.fi\/stopdia\/wp-content\/uploads\/sites\/90\/2020\/09\/DATAPOHJAISET-RATKAISUT-TYYPIN-2-DIABETEKSEN-ENNALTAEHK\u00c4ISYYN_BANNERI.jpg\" alt=\"\" class=\"wp-image-3401\" srcset=\"https:\/\/sites.uef.fi\/stopdia\/wp-content\/uploads\/sites\/90\/2020\/09\/DATAPOHJAISET-RATKAISUT-TYYPIN-2-DIABETEKSEN-ENNALTAEHK\u00c4ISYYN_BANNERI.jpg 2240w, https:\/\/sites.uef.fi\/stopdia\/wp-content\/uploads\/sites\/90\/2020\/09\/DATAPOHJAISET-RATKAISUT-TYYPIN-2-DIABETEKSEN-ENNALTAEHK\u00c4ISYYN_BANNERI-300x169.jpg 300w, https:\/\/sites.uef.fi\/stopdia\/wp-content\/uploads\/sites\/90\/2020\/09\/DATAPOHJAISET-RATKAISUT-TYYPIN-2-DIABETEKSEN-ENNALTAEHK\u00c4ISYYN_BANNERI-1024x576.jpg 1024w, https:\/\/sites.uef.fi\/stopdia\/wp-content\/uploads\/sites\/90\/2020\/09\/DATAPOHJAISET-RATKAISUT-TYYPIN-2-DIABETEKSEN-ENNALTAEHK\u00c4ISYYN_BANNERI-768x432.jpg 768w, https:\/\/sites.uef.fi\/stopdia\/wp-content\/uploads\/sites\/90\/2020\/09\/DATAPOHJAISET-RATKAISUT-TYYPIN-2-DIABETEKSEN-ENNALTAEHK\u00c4ISYYN_BANNERI-1536x864.jpg 1536w, https:\/\/sites.uef.fi\/stopdia\/wp-content\/uploads\/sites\/90\/2020\/09\/DATAPOHJAISET-RATKAISUT-TYYPIN-2-DIABETEKSEN-ENNALTAEHK\u00c4ISYYN_BANNERI-2048x1152.jpg 2048w\" sizes=\"auto, (max-width: 2240px) 100vw, 2240px\" \/><\/figure>\n\n\n\n<h2 class=\"wp-block-heading\">Hankkeen tavoitteet<\/h2>\n\n\n\n<p>T2D-Data -hankkeen tavoitteena on kehitt\u00e4\u00e4 datal\u00e4ht\u00f6isi\u00e4 ratkaisuja tyypin 2 diabeteksen riskin tunnistamiseen ja diabeteksen yksil\u00f6lliseen ehk\u00e4isyyn digitaalisilla palveluilla, sek\u00e4 tuottaa n\u00e4ytt\u00f6\u00e4 digitaalisten palveluiden pitk\u00e4n aikav\u00e4lin vaikuttavuudesta.<\/p>\n\n\n\n<h3 class=\"wp-block-heading\">Hanke pyrkii:<\/h3>\n\n\n\n<ol class=\"wp-block-list\">\n<li>parantamaan kohonneessa diabetesriskiss\u00e4 olevien yksil\u00f6iden tunnistamista;<\/li>\n\n\n\n<li>l\u00f6yt\u00e4m\u00e4\u00e4n ennustajia digitaalisiin palveluiden sitoutumiselle ja palveluiden tehokkuudelle;<\/li>\n\n\n\n<li>kehitt\u00e4m\u00e4\u00e4n yksil\u00f6llisi\u00e4 ja mukautuvia ty\u00f6kaluja pysyvien elintapamuutosten tukemiseen; sek\u00e4<\/li>\n\n\n\n<li>kehitt\u00e4m\u00e4\u00e4n datal\u00e4ht\u00f6isi\u00e4 menetelmi\u00e4 digitaalisten ty\u00f6kalujen pitk\u00e4n aikav\u00e4lin vaikuttavuuden mallintamiseen.<\/li>\n<\/ol>\n\n\n\n<p>Hankkeessa hy\u00f6dynnet\u00e4\u00e4n p\u00e4\u00e4asiassa StopDia-tutkimuksessa ker\u00e4tty\u00e4 kattavaa aineistoa. Lis\u00e4ksi kehitettyj\u00e4 menetelmi\u00e4 arvioidaan riippumattoman, Diabetes Prevention Study &#8211; hankkeen aineiston avulla. My\u00f6s rekisteridataa hy\u00f6dynnet\u00e4\u00e4n pitk\u00e4aikaisen vaikuttavuuden arvioinnissa sek\u00e4 terveystaloudellisten mallien kehityksess\u00e4.<br>Hankkeessa kehitet\u00e4\u00e4n uusi, yksil\u00f6ity versio Pienet teot -sovelluksesta VTT:n BitHabit-alustan pohjalta. Sovellusta yhteiskehitet\u00e4\u00e4n ja arvioidaan kohderyhm\u00e4n kanssa, ja lopuksi sen vaikuttavuutta arvioidaan uudenlaisessa SMART-asetelmassa, joka mahdollistaa erilaisten ja mukautuvien ratkaisujen arvioinnin samassa asetelmassa.<\/p>\n\n\n\n<figure class=\"wp-block-image aligncenter\"><img loading=\"lazy\" decoding=\"async\" width=\"250\" height=\"246\" src=\"https:\/\/sites.uef.fi\/stopdia\/wp-content\/uploads\/sites\/90\/2020\/09\/T2D-Data-logo-9.9..jpg\" alt=\"\" class=\"wp-image-3263\" \/><\/figure>\n\n\n    <div class=\"funders grid\">\n                        <div class=\"funders__item grid__item\">\n                            <div class=\"funders__image\">\n                    <img decoding=\"async\" src=\"https:\/\/sites.uef.fi\/stopdia\/wp-content\/uploads\/sites\/90\/2021\/01\/University_of_eastern_finland_logo.jpg\" alt=\"It\u00e4-Suomen yliopiston logo.\" \/>\n                <\/div>\n                                                <\/div>\n                        \n                        <div class=\"funders__item grid__item\">\n                            <div class=\"funders__image\">\n                    <img decoding=\"async\" src=\"https:\/\/sites.uef.fi\/stopdia\/wp-content\/uploads\/sites\/90\/2020\/07\/THL_tunnus_lyhyt_RGB_vihrea-1-1.jpg\" alt=\"Terveyden ja hyvinvoinnin laitoksen (THL) logo.\" \/>\n                <\/div>\n                                                <\/div>\n                        \n                        <div class=\"funders__item grid__item\">\n                            <div class=\"funders__image\">\n                    <img decoding=\"async\" src=\"https:\/\/sites.uef.fi\/stopdia\/wp-content\/uploads\/sites\/90\/2020\/07\/VTT_Orange_Logo-1.jpg\" alt=\"VTT:n logo.\" \/>\n                <\/div>\n                                                <\/div>\n                        \n            <\/div>\n\n\n    <div class=\"funders grid\">\n                        <div class=\"funders__item grid__item\">\n                            <div class=\"funders__image\">\n                    <img decoding=\"async\" src=\"https:\/\/sites.uef.fi\/stopdia\/wp-content\/uploads\/sites\/90\/2020\/08\/Suomen-Akatemia.jpg\" alt=\"Suomen Akatemia logo.\" \/>\n                <\/div>\n                                                <\/div>\n                        \n                        <div class=\"funders__item grid__item\">\n                            <div class=\"funders__image\">\n                    <img decoding=\"async\" src=\"https:\/\/sites.uef.fi\/stopdia\/wp-content\/uploads\/sites\/90\/2021\/01\/Suomen-akatemia_Strateginen-tutkimus_logo.jpg\" alt=\"Suomen Akatemia, strateginen tutkimus logo.\" \/>\n                <\/div>\n                                                <\/div>\n                        \n            <\/div>\n","protected":false},"excerpt":{"rendered":"<p>Hankkeen tavoitteet T2D-Data -hankkeen tavoitteena on kehitt\u00e4\u00e4 datal\u00e4ht\u00f6isi\u00e4 ratkaisuja tyypin 2 diabeteksen riskin tunnistamiseen ja diabeteksen yksil\u00f6lliseen ehk\u00e4isyyn digitaalisilla palveluilla, sek\u00e4 tuottaa n\u00e4ytt\u00f6\u00e4 digitaalisten palveluiden pitk\u00e4n aikav\u00e4lin vaikuttavuudesta. Hanke pyrkii: Hankkeessa hy\u00f6dynnet\u00e4\u00e4n p\u00e4\u00e4asiassa StopDia-tutkimuksessa ker\u00e4tty\u00e4 kattavaa aineistoa. Lis\u00e4ksi kehitettyj\u00e4 menetelmi\u00e4 arvioidaan riippumattoman, Diabetes Prevention Study &#8211; hankkeen aineiston avulla. My\u00f6s rekisteridataa hy\u00f6dynnet\u00e4\u00e4n pitk\u00e4aikaisen vaikuttavuuden arvioinnissa [&hellip;]<\/p>\n","protected":false},"author":194,"featured_media":0,"parent":0,"menu_order":0,"comment_status":"closed","ping_status":"closed","template":"","meta":{"_acf_changed":false,"_monsterinsights_skip_tracking":false,"_monsterinsights_sitenote_active":false,"_monsterinsights_sitenote_note":"","_monsterinsights_sitenote_category":0,"footnotes":""},"class_list":["post-3392","page","type-page","status-publish","hentry"],"acf":[],"yoast_head":"<!-- This site is optimized with the Yoast SEO plugin v27.1.1 - https:\/\/yoast.com\/product\/yoast-seo-wordpress\/ -->\n<title>Hankkeen tavoitteet - StopDia<\/title>\n<meta name=\"robots\" content=\"index, follow, max-snippet:-1, max-image-preview:large, max-video-preview:-1\" \/>\n<link rel=\"canonical\" href=\"https:\/\/sites.uef.fi\/stopdia\/t2d-data-hankkeen-tavoitteet\/\" \/>\n<meta property=\"og:locale\" content=\"fi_FI\" \/>\n<meta property=\"og:type\" content=\"article\" \/>\n<meta property=\"og:title\" content=\"Hankkeen tavoitteet - StopDia\" \/>\n<meta property=\"og:description\" content=\"Hankkeen tavoitteet T2D-Data -hankkeen tavoitteena on kehitt\u00e4\u00e4 datal\u00e4ht\u00f6isi\u00e4 ratkaisuja tyypin 2 diabeteksen riskin tunnistamiseen ja diabeteksen yksil\u00f6lliseen ehk\u00e4isyyn digitaalisilla palveluilla, sek\u00e4 tuottaa n\u00e4ytt\u00f6\u00e4 digitaalisten palveluiden pitk\u00e4n aikav\u00e4lin vaikuttavuudesta. Hanke pyrkii: Hankkeessa hy\u00f6dynnet\u00e4\u00e4n p\u00e4\u00e4asiassa StopDia-tutkimuksessa ker\u00e4tty\u00e4 kattavaa aineistoa. Lis\u00e4ksi kehitettyj\u00e4 menetelmi\u00e4 arvioidaan riippumattoman, Diabetes Prevention Study &#8211; hankkeen aineiston avulla. My\u00f6s rekisteridataa hy\u00f6dynnet\u00e4\u00e4n pitk\u00e4aikaisen vaikuttavuuden arvioinnissa [&hellip;]\" \/>\n<meta property=\"og:url\" content=\"https:\/\/sites.uef.fi\/stopdia\/t2d-data-hankkeen-tavoitteet\/\" \/>\n<meta property=\"og:site_name\" content=\"StopDia\" \/>\n<meta property=\"article:modified_time\" content=\"2023-12-21T12:02:05+00:00\" \/>\n<meta property=\"og:image\" content=\"https:\/\/sites.uef.fi\/stopdia\/wp-content\/uploads\/sites\/90\/2020\/09\/T2D-Data-logo-9.9..jpg\" \/>\n<meta name=\"twitter:card\" content=\"summary_large_image\" \/>\n<meta name=\"twitter:label1\" content=\"Arvioitu lukuaika\" \/>\n\t<meta name=\"twitter:data1\" content=\"1 minuutti\" \/>\n<script type=\"application\/ld+json\" class=\"yoast-schema-graph\">{\"@context\":\"https:\/\/schema.org\",\"@graph\":[{\"@type\":\"WebPage\",\"@id\":\"https:\/\/sites.uef.fi\/stopdia\/t2d-data-hankkeen-tavoitteet\/\",\"url\":\"https:\/\/sites.uef.fi\/stopdia\/t2d-data-hankkeen-tavoitteet\/\",\"name\":\"Hankkeen tavoitteet - StopDia\",\"isPartOf\":{\"@id\":\"https:\/\/sites.uef.fi\/stopdia\/?lang=en\/#website\"},\"primaryImageOfPage\":{\"@id\":\"https:\/\/sites.uef.fi\/stopdia\/t2d-data-hankkeen-tavoitteet\/#primaryimage\"},\"image\":{\"@id\":\"https:\/\/sites.uef.fi\/stopdia\/t2d-data-hankkeen-tavoitteet\/#primaryimage\"},\"thumbnailUrl\":\"https:\/\/sites.uef.fi\/stopdia\/wp-content\/uploads\/sites\/90\/2020\/09\/T2D-Data-logo-9.9..jpg\",\"datePublished\":\"2020-09-09T10:29:25+00:00\",\"dateModified\":\"2023-12-21T12:02:05+00:00\",\"breadcrumb\":{\"@id\":\"https:\/\/sites.uef.fi\/stopdia\/t2d-data-hankkeen-tavoitteet\/#breadcrumb\"},\"inLanguage\":\"fi\",\"potentialAction\":[{\"@type\":\"ReadAction\",\"target\":[\"https:\/\/sites.uef.fi\/stopdia\/t2d-data-hankkeen-tavoitteet\/\"]}]},{\"@type\":\"ImageObject\",\"inLanguage\":\"fi\",\"@id\":\"https:\/\/sites.uef.fi\/stopdia\/t2d-data-hankkeen-tavoitteet\/#primaryimage\",\"url\":\"https:\/\/sites.uef.fi\/stopdia\/wp-content\/uploads\/sites\/90\/2020\/09\/T2D-Data-logo-9.9..jpg\",\"contentUrl\":\"https:\/\/sites.uef.fi\/stopdia\/wp-content\/uploads\/sites\/90\/2020\/09\/T2D-Data-logo-9.9..jpg\",\"width\":250,\"height\":246},{\"@type\":\"BreadcrumbList\",\"@id\":\"https:\/\/sites.uef.fi\/stopdia\/t2d-data-hankkeen-tavoitteet\/#breadcrumb\",\"itemListElement\":[{\"@type\":\"ListItem\",\"position\":1,\"name\":\"Home\",\"item\":\"https:\/\/sites.uef.fi\/stopdia\/\"},{\"@type\":\"ListItem\",\"position\":2,\"name\":\"Hankkeen tavoitteet\"}]},{\"@type\":\"WebSite\",\"@id\":\"https:\/\/sites.uef.fi\/stopdia\/?lang=en\/#website\",\"url\":\"https:\/\/sites.uef.fi\/stopdia\/?lang=en\/\",\"name\":\"StopDia\",\"description\":\"\",\"potentialAction\":[{\"@type\":\"SearchAction\",\"target\":{\"@type\":\"EntryPoint\",\"urlTemplate\":\"https:\/\/sites.uef.fi\/stopdia\/?lang=en\/?s={search_term_string}\"},\"query-input\":{\"@type\":\"PropertyValueSpecification\",\"valueRequired\":true,\"valueName\":\"search_term_string\"}}],\"inLanguage\":\"fi\"}]}<\/script>\n<!-- \/ Yoast SEO plugin. -->","yoast_head_json":{"title":"Hankkeen tavoitteet - StopDia","robots":{"index":"index","follow":"follow","max-snippet":"max-snippet:-1","max-image-preview":"max-image-preview:large","max-video-preview":"max-video-preview:-1"},"canonical":"https:\/\/sites.uef.fi\/stopdia\/t2d-data-hankkeen-tavoitteet\/","og_locale":"fi_FI","og_type":"article","og_title":"Hankkeen tavoitteet - StopDia","og_description":"Hankkeen tavoitteet T2D-Data -hankkeen tavoitteena on kehitt\u00e4\u00e4 datal\u00e4ht\u00f6isi\u00e4 ratkaisuja tyypin 2 diabeteksen riskin tunnistamiseen ja diabeteksen yksil\u00f6lliseen ehk\u00e4isyyn digitaalisilla palveluilla, sek\u00e4 tuottaa n\u00e4ytt\u00f6\u00e4 digitaalisten palveluiden pitk\u00e4n aikav\u00e4lin vaikuttavuudesta. Hanke pyrkii: Hankkeessa hy\u00f6dynnet\u00e4\u00e4n p\u00e4\u00e4asiassa StopDia-tutkimuksessa ker\u00e4tty\u00e4 kattavaa aineistoa. Lis\u00e4ksi kehitettyj\u00e4 menetelmi\u00e4 arvioidaan riippumattoman, Diabetes Prevention Study &#8211; hankkeen aineiston avulla. My\u00f6s rekisteridataa hy\u00f6dynnet\u00e4\u00e4n pitk\u00e4aikaisen vaikuttavuuden arvioinnissa [&hellip;]","og_url":"https:\/\/sites.uef.fi\/stopdia\/t2d-data-hankkeen-tavoitteet\/","og_site_name":"StopDia","article_modified_time":"2023-12-21T12:02:05+00:00","og_image":[{"url":"https:\/\/sites.uef.fi\/stopdia\/wp-content\/uploads\/sites\/90\/2020\/09\/T2D-Data-logo-9.9..jpg","type":"","width":"","height":""}],"twitter_card":"summary_large_image","twitter_misc":{"Arvioitu lukuaika":"1 minuutti"},"schema":{"@context":"https:\/\/schema.org","@graph":[{"@type":"WebPage","@id":"https:\/\/sites.uef.fi\/stopdia\/t2d-data-hankkeen-tavoitteet\/","url":"https:\/\/sites.uef.fi\/stopdia\/t2d-data-hankkeen-tavoitteet\/","name":"Hankkeen tavoitteet - StopDia","isPartOf":{"@id":"https:\/\/sites.uef.fi\/stopdia\/?lang=en\/#website"},"primaryImageOfPage":{"@id":"https:\/\/sites.uef.fi\/stopdia\/t2d-data-hankkeen-tavoitteet\/#primaryimage"},"image":{"@id":"https:\/\/sites.uef.fi\/stopdia\/t2d-data-hankkeen-tavoitteet\/#primaryimage"},"thumbnailUrl":"https:\/\/sites.uef.fi\/stopdia\/wp-content\/uploads\/sites\/90\/2020\/09\/T2D-Data-logo-9.9..jpg","datePublished":"2020-09-09T10:29:25+00:00","dateModified":"2023-12-21T12:02:05+00:00","breadcrumb":{"@id":"https:\/\/sites.uef.fi\/stopdia\/t2d-data-hankkeen-tavoitteet\/#breadcrumb"},"inLanguage":"fi","potentialAction":[{"@type":"ReadAction","target":["https:\/\/sites.uef.fi\/stopdia\/t2d-data-hankkeen-tavoitteet\/"]}]},{"@type":"ImageObject","inLanguage":"fi","@id":"https:\/\/sites.uef.fi\/stopdia\/t2d-data-hankkeen-tavoitteet\/#primaryimage","url":"https:\/\/sites.uef.fi\/stopdia\/wp-content\/uploads\/sites\/90\/2020\/09\/T2D-Data-logo-9.9..jpg","contentUrl":"https:\/\/sites.uef.fi\/stopdia\/wp-content\/uploads\/sites\/90\/2020\/09\/T2D-Data-logo-9.9..jpg","width":250,"height":246},{"@type":"BreadcrumbList","@id":"https:\/\/sites.uef.fi\/stopdia\/t2d-data-hankkeen-tavoitteet\/#breadcrumb","itemListElement":[{"@type":"ListItem","position":1,"name":"Home","item":"https:\/\/sites.uef.fi\/stopdia\/"},{"@type":"ListItem","position":2,"name":"Hankkeen tavoitteet"}]},{"@type":"WebSite","@id":"https:\/\/sites.uef.fi\/stopdia\/?lang=en\/#website","url":"https:\/\/sites.uef.fi\/stopdia\/?lang=en\/","name":"StopDia","description":"","potentialAction":[{"@type":"SearchAction","target":{"@type":"EntryPoint","urlTemplate":"https:\/\/sites.uef.fi\/stopdia\/?lang=en\/?s={search_term_string}"},"query-input":{"@type":"PropertyValueSpecification","valueRequired":true,"valueName":"search_term_string"}}],"inLanguage":"fi"}]}},"_links":{"self":[{"href":"https:\/\/sites.uef.fi\/stopdia\/wp-json\/wp\/v2\/pages\/3392","targetHints":{"allow":["GET"]}}],"collection":[{"href":"https:\/\/sites.uef.fi\/stopdia\/wp-json\/wp\/v2\/pages"}],"about":[{"href":"https:\/\/sites.uef.fi\/stopdia\/wp-json\/wp\/v2\/types\/page"}],"author":[{"embeddable":true,"href":"https:\/\/sites.uef.fi\/stopdia\/wp-json\/wp\/v2\/users\/194"}],"replies":[{"embeddable":true,"href":"https:\/\/sites.uef.fi\/stopdia\/wp-json\/wp\/v2\/comments?post=3392"}],"version-history":[{"count":2,"href":"https:\/\/sites.uef.fi\/stopdia\/wp-json\/wp\/v2\/pages\/3392\/revisions"}],"predecessor-version":[{"id":5069,"href":"https:\/\/sites.uef.fi\/stopdia\/wp-json\/wp\/v2\/pages\/3392\/revisions\/5069"}],"wp:attachment":[{"href":"https:\/\/sites.uef.fi\/stopdia\/wp-json\/wp\/v2\/media?parent=3392"}],"curies":[{"name":"wp","href":"https:\/\/api.w.org\/{rel}","templated":true}]}}