{"id":352,"date":"2020-06-16T18:11:33","date_gmt":"2020-06-16T15:11:33","guid":{"rendered":"https:\/\/sites.uef.fi\/stopdia\/?page_id=352"},"modified":"2023-12-21T13:33:59","modified_gmt":"2023-12-21T11:33:59","slug":"paattajille","status":"publish","type":"page","link":"https:\/\/sites.uef.fi\/stopdia\/paattajille\/","title":{"rendered":"P\u00e4\u00e4tt\u00e4jille"},"content":{"rendered":"\n<figure class=\"wp-block-image size-full\"><img loading=\"lazy\" decoding=\"async\" width=\"795\" height=\"345\" src=\"https:\/\/sites.uef.fi\/stopdia\/wp-content\/uploads\/sites\/90\/2020\/07\/thumbnailU179IEUU.jpg\" alt=\"Marjoja ja teksti &quot;L\u00f6yd\u00e4 ratkaisu hyvinvoinnin tueksi&quot;.\" class=\"wp-image-2342\" srcset=\"https:\/\/sites.uef.fi\/stopdia\/wp-content\/uploads\/sites\/90\/2020\/07\/thumbnailU179IEUU.jpg 795w, https:\/\/sites.uef.fi\/stopdia\/wp-content\/uploads\/sites\/90\/2020\/07\/thumbnailU179IEUU-300x130.jpg 300w, https:\/\/sites.uef.fi\/stopdia\/wp-content\/uploads\/sites\/90\/2020\/07\/thumbnailU179IEUU-768x333.jpg 768w\" sizes=\"auto, (max-width: 795px) 100vw, 795px\" \/><\/figure>\n\n\n\n<h2 class=\"wp-block-heading\">Tutkittua tietoa p\u00e4\u00e4t\u00f6ksen teon tueksi<\/h2>\n\n\n\n<p><a href=\"https:\/\/esior.io\/stopdialaskuri1\/\">Testaa StopDia-investointilaskuria<\/a>&nbsp;tyypin 2 diabeteksen ehk\u00e4isyn terveystaloudellisten vaikutusten arvioimiseksi.<\/p>\n\n\n\n<p>Terveyspoliittisilla p\u00e4\u00e4t\u00f6ksill\u00e4 pystyt\u00e4\u00e4n vaikuttamaan yhteis\u00f6n ja yksil\u00f6iden hyvinvointiin ja el\u00e4m\u00e4nlaatuun. StopDia \u2013 Tiedosta ratkaisuihin (2016\u20132019) -tutkimushanke tuottaa tietoa hyvinvoinnin edist\u00e4misest\u00e4 yksil\u00f6n ja ymp\u00e4rist\u00f6n tasolla p\u00e4\u00e4t\u00f6ksenteon tueksi.<\/p>\n\n\n\n<h2 class=\"wp-block-heading\">Tavoitteena valtakunnallinen hyv\u00e4<\/h2>\n\n\n\n<p>Ep\u00e4terveelliset elintavat ja niihin liittyv\u00e4t sairaudet aiheuttavat kunnille, kaupungeille sek\u00e4 ty\u00f6nantajille huomattavia kustannuksia, mutta heikent\u00e4v\u00e4t my\u00f6s yksil\u00f6n el\u00e4m\u00e4nlaatua ja ansiomahdollisuuksia.&nbsp;Vaikka n\u00e4ytt\u00f6\u00e4 ennaltaehk\u00e4isev\u00e4n ty\u00f6n hy\u00f6dyist\u00e4&nbsp;on olemassa, ovat ennaltaehk\u00e4isyyn varatut resurssit usein&nbsp;riitt\u00e4m\u00e4tt\u00f6m\u00e4t.<\/p>\n\n\n\n<p>StopDia-tutkimushankkeessa luodaan&nbsp;valtakunnallinen ja yhten\u00e4inen, hyvinvoinnin edist\u00e4miseen t\u00e4ht\u00e4\u00e4v\u00e4 malli, joka sopii terveydenhuollon olemassa oleviin j\u00e4rjestelmiin. Tutkimushankkeessa hy\u00f6dynnet\u00e4\u00e4n uudella tavalla digiteknologiaa. T\u00e4ll\u00e4 t\u00e4hd\u00e4t\u00e4\u00e4n aiempaa suurempaan kustannustehokkuuteen.<\/p>\n\n\n\n<p>Tutkimushankkeessa tehd\u00e4\u00e4n yhteisty\u00f6t\u00e4 Etel\u00e4-Karjalan, P\u00e4ij\u00e4t-H\u00e4meen ja Pohjois-Savon sairaanhoitopiirien kanssa terveydenhuollon organisaatioiden toimintaan&nbsp;aidosti juurtuvan mallin kehitt\u00e4miseksi.<\/p>\n\n\n\n<h2 class=\"wp-block-heading\">Terveytt\u00e4 tukeva elinymp\u00e4rist\u00f6<\/h2>\n\n\n\n<p>StopDia-tutkimushankkeessa kehitet\u00e4\u00e4n ja tutkitaan erilaisten ty\u00f6- ja elinymp\u00e4rist\u00f6n muutoksin toteutettavien tuuppaustoimien hyv\u00e4ksytt\u00e4vyytt\u00e4 ja vaikuttavuutta yhteysty\u00f6ss\u00e4 ty\u00f6nantajien ja muiden ymp\u00e4rist\u00f6ist\u00e4 vastaavien toimijoiden kanssa. Tutkimushankkeessa tutkitaan my\u00f6s, millaiset yhteiskunnalliset tekij\u00e4t edesauttavat ja mitk\u00e4 puolestaan hankaloittavat hyvinvointia edist\u00e4vien elintapojen toteutumista ja terveempien ymp\u00e4rist\u00f6jen rakentamista. Terveempien ymp\u00e4rist\u00f6jen rakentamisessa tehd\u00e4\u00e4n yhteisty\u00f6t\u00e4 mm. Kuopion ja Varkauden kaupunkien&nbsp;sek\u00e4 useiden ty\u00f6nantajien kanssa.<\/p>\n\n\n<div class=\"embed-container\">\n    <iframe loading=\"lazy\" title=\"Janne Martikainen: StopDia tuottaa tietoa kustannusvaikuttavuudesta uuden sote-j\u00e4rjestelm\u00e4n tueksi\" width=\"640\" height=\"360\" src=\"https:\/\/www.youtube.com\/embed\/0NIPWFRXupQ?feature=oembed&#038;controls=1&#038;hd=1&#038;autohide=1\" frameborder=\"0\" allow=\"accelerometer; autoplay; clipboard-write; encrypted-media; gyroscope; picture-in-picture; web-share\" referrerpolicy=\"strict-origin-when-cross-origin\" allowfullscreen frameborder=\"0\"><\/iframe><\/div>\n\n    <div class=\"funders grid\">\n                        <div class=\"funders__item grid__item\">\n                            <div class=\"funders__image\">\n                    <img decoding=\"async\" src=\"https:\/\/sites.uef.fi\/stopdia\/wp-content\/uploads\/sites\/90\/2021\/01\/University_of_eastern_finland_logo.jpg\" alt=\"It\u00e4-Suomen yliopiston logo.\" \/>\n                <\/div>\n                                                <\/div>\n                        \n                        <div class=\"funders__item grid__item\">\n                            <div class=\"funders__image\">\n                    <img decoding=\"async\" src=\"https:\/\/sites.uef.fi\/stopdia\/wp-content\/uploads\/sites\/90\/2020\/07\/THL_tunnus_lyhyt_RGB_vihrea-1-1.jpg\" alt=\"Terveyden ja hyvinvoinnin laitoksen (THL) logo.\" \/>\n                <\/div>\n                                                <\/div>\n                        \n                        <div class=\"funders__item grid__item\">\n                            <div class=\"funders__image\">\n                    <img decoding=\"async\" src=\"https:\/\/sites.uef.fi\/stopdia\/wp-content\/uploads\/sites\/90\/2020\/07\/VTT_Orange_Logo-1.jpg\" alt=\"VTT:n logo.\" \/>\n                <\/div>\n                                                <\/div>\n                        \n            <\/div>\n\n\n    <div class=\"funders grid\">\n                        <div class=\"funders__item grid__item\">\n                            <div class=\"funders__image\">\n                    <img decoding=\"async\" src=\"https:\/\/sites.uef.fi\/stopdia\/wp-content\/uploads\/sites\/90\/2020\/08\/Suomen-Akatemia.jpg\" alt=\"Suomen Akatemia logo.\" \/>\n                <\/div>\n                                                <\/div>\n                        \n                        <div class=\"funders__item grid__item\">\n                            <div class=\"funders__image\">\n                    <img decoding=\"async\" src=\"https:\/\/sites.uef.fi\/stopdia\/wp-content\/uploads\/sites\/90\/2021\/01\/Suomen-akatemia_Strateginen-tutkimus_logo.jpg\" alt=\"Suomen Akatemia, strateginen tutkimus logo.\" \/>\n                <\/div>\n                                                <\/div>\n                        \n            <\/div>\n","protected":false},"excerpt":{"rendered":"<p>Tutkittua tietoa p\u00e4\u00e4t\u00f6ksen teon tueksi Testaa StopDia-investointilaskuria&nbsp;tyypin 2 diabeteksen ehk\u00e4isyn terveystaloudellisten vaikutusten arvioimiseksi. Terveyspoliittisilla p\u00e4\u00e4t\u00f6ksill\u00e4 pystyt\u00e4\u00e4n vaikuttamaan yhteis\u00f6n ja yksil\u00f6iden hyvinvointiin ja el\u00e4m\u00e4nlaatuun. StopDia \u2013 Tiedosta ratkaisuihin (2016\u20132019) -tutkimushanke tuottaa tietoa hyvinvoinnin edist\u00e4misest\u00e4 yksil\u00f6n ja ymp\u00e4rist\u00f6n tasolla p\u00e4\u00e4t\u00f6ksenteon tueksi. Tavoitteena valtakunnallinen hyv\u00e4 Ep\u00e4terveelliset elintavat ja niihin liittyv\u00e4t sairaudet aiheuttavat kunnille, kaupungeille sek\u00e4 ty\u00f6nantajille huomattavia kustannuksia, [&hellip;]<\/p>\n","protected":false},"author":187,"featured_media":0,"parent":0,"menu_order":0,"comment_status":"closed","ping_status":"closed","template":"","meta":{"_acf_changed":false,"_monsterinsights_skip_tracking":false,"_monsterinsights_sitenote_active":false,"_monsterinsights_sitenote_note":"","_monsterinsights_sitenote_category":0,"footnotes":""},"class_list":["post-352","page","type-page","status-publish","hentry"],"acf":[],"yoast_head":"<!-- This site is optimized with the Yoast SEO plugin v27.1.1 - https:\/\/yoast.com\/product\/yoast-seo-wordpress\/ -->\n<title>P\u00e4\u00e4tt\u00e4jille - StopDia<\/title>\n<meta name=\"robots\" content=\"index, follow, max-snippet:-1, max-image-preview:large, max-video-preview:-1\" \/>\n<link rel=\"canonical\" href=\"https:\/\/sites.uef.fi\/stopdia\/paattajille\/\" \/>\n<meta property=\"og:locale\" content=\"fi_FI\" \/>\n<meta property=\"og:type\" content=\"article\" \/>\n<meta property=\"og:title\" content=\"P\u00e4\u00e4tt\u00e4jille - StopDia\" \/>\n<meta property=\"og:description\" content=\"Tutkittua tietoa p\u00e4\u00e4t\u00f6ksen teon tueksi Testaa StopDia-investointilaskuria&nbsp;tyypin 2 diabeteksen ehk\u00e4isyn terveystaloudellisten vaikutusten arvioimiseksi. Terveyspoliittisilla p\u00e4\u00e4t\u00f6ksill\u00e4 pystyt\u00e4\u00e4n vaikuttamaan yhteis\u00f6n ja yksil\u00f6iden hyvinvointiin ja el\u00e4m\u00e4nlaatuun. StopDia \u2013 Tiedosta ratkaisuihin (2016\u20132019) -tutkimushanke tuottaa tietoa hyvinvoinnin edist\u00e4misest\u00e4 yksil\u00f6n ja ymp\u00e4rist\u00f6n tasolla p\u00e4\u00e4t\u00f6ksenteon tueksi. Tavoitteena valtakunnallinen hyv\u00e4 Ep\u00e4terveelliset elintavat ja niihin liittyv\u00e4t sairaudet aiheuttavat kunnille, kaupungeille sek\u00e4 ty\u00f6nantajille huomattavia kustannuksia, [&hellip;]\" \/>\n<meta property=\"og:url\" content=\"https:\/\/sites.uef.fi\/stopdia\/paattajille\/\" \/>\n<meta property=\"og:site_name\" content=\"StopDia\" \/>\n<meta property=\"article:modified_time\" content=\"2023-12-21T11:33:59+00:00\" \/>\n<meta property=\"og:image\" content=\"https:\/\/sites.uef.fi\/stopdia\/wp-content\/uploads\/sites\/90\/2020\/07\/thumbnailU179IEUU.jpg\" \/>\n<meta name=\"twitter:card\" content=\"summary_large_image\" \/>\n<meta name=\"twitter:label1\" content=\"Arvioitu lukuaika\" \/>\n\t<meta name=\"twitter:data1\" content=\"2 minuuttia\" \/>\n<script type=\"application\/ld+json\" class=\"yoast-schema-graph\">{\"@context\":\"https:\/\/schema.org\",\"@graph\":[{\"@type\":\"WebPage\",\"@id\":\"https:\/\/sites.uef.fi\/stopdia\/paattajille\/\",\"url\":\"https:\/\/sites.uef.fi\/stopdia\/paattajille\/\",\"name\":\"P\u00e4\u00e4tt\u00e4jille - StopDia\",\"isPartOf\":{\"@id\":\"https:\/\/sites.uef.fi\/stopdia\/?lang=en\/#website\"},\"primaryImageOfPage\":{\"@id\":\"https:\/\/sites.uef.fi\/stopdia\/paattajille\/#primaryimage\"},\"image\":{\"@id\":\"https:\/\/sites.uef.fi\/stopdia\/paattajille\/#primaryimage\"},\"thumbnailUrl\":\"https:\/\/sites.uef.fi\/stopdia\/wp-content\/uploads\/sites\/90\/2020\/07\/thumbnailU179IEUU.jpg\",\"datePublished\":\"2020-06-16T15:11:33+00:00\",\"dateModified\":\"2023-12-21T11:33:59+00:00\",\"breadcrumb\":{\"@id\":\"https:\/\/sites.uef.fi\/stopdia\/paattajille\/#breadcrumb\"},\"inLanguage\":\"fi\",\"potentialAction\":[{\"@type\":\"ReadAction\",\"target\":[\"https:\/\/sites.uef.fi\/stopdia\/paattajille\/\"]}]},{\"@type\":\"ImageObject\",\"inLanguage\":\"fi\",\"@id\":\"https:\/\/sites.uef.fi\/stopdia\/paattajille\/#primaryimage\",\"url\":\"https:\/\/sites.uef.fi\/stopdia\/wp-content\/uploads\/sites\/90\/2020\/07\/thumbnailU179IEUU.jpg\",\"contentUrl\":\"https:\/\/sites.uef.fi\/stopdia\/wp-content\/uploads\/sites\/90\/2020\/07\/thumbnailU179IEUU.jpg\",\"width\":795,\"height\":345,\"caption\":\"Marjoja ja teksti \\\"L\u00f6yd\u00e4 ratkaisu hyvinvoinnin tueksi\\\".\"},{\"@type\":\"BreadcrumbList\",\"@id\":\"https:\/\/sites.uef.fi\/stopdia\/paattajille\/#breadcrumb\",\"itemListElement\":[{\"@type\":\"ListItem\",\"position\":1,\"name\":\"Home\",\"item\":\"https:\/\/sites.uef.fi\/stopdia\/\"},{\"@type\":\"ListItem\",\"position\":2,\"name\":\"P\u00e4\u00e4tt\u00e4jille\"}]},{\"@type\":\"WebSite\",\"@id\":\"https:\/\/sites.uef.fi\/stopdia\/?lang=en\/#website\",\"url\":\"https:\/\/sites.uef.fi\/stopdia\/?lang=en\/\",\"name\":\"StopDia\",\"description\":\"\",\"potentialAction\":[{\"@type\":\"SearchAction\",\"target\":{\"@type\":\"EntryPoint\",\"urlTemplate\":\"https:\/\/sites.uef.fi\/stopdia\/?lang=en\/?s={search_term_string}\"},\"query-input\":{\"@type\":\"PropertyValueSpecification\",\"valueRequired\":true,\"valueName\":\"search_term_string\"}}],\"inLanguage\":\"fi\"}]}<\/script>\n<!-- \/ Yoast SEO plugin. -->","yoast_head_json":{"title":"P\u00e4\u00e4tt\u00e4jille - StopDia","robots":{"index":"index","follow":"follow","max-snippet":"max-snippet:-1","max-image-preview":"max-image-preview:large","max-video-preview":"max-video-preview:-1"},"canonical":"https:\/\/sites.uef.fi\/stopdia\/paattajille\/","og_locale":"fi_FI","og_type":"article","og_title":"P\u00e4\u00e4tt\u00e4jille - StopDia","og_description":"Tutkittua tietoa p\u00e4\u00e4t\u00f6ksen teon tueksi Testaa StopDia-investointilaskuria&nbsp;tyypin 2 diabeteksen ehk\u00e4isyn terveystaloudellisten vaikutusten arvioimiseksi. Terveyspoliittisilla p\u00e4\u00e4t\u00f6ksill\u00e4 pystyt\u00e4\u00e4n vaikuttamaan yhteis\u00f6n ja yksil\u00f6iden hyvinvointiin ja el\u00e4m\u00e4nlaatuun. StopDia \u2013 Tiedosta ratkaisuihin (2016\u20132019) -tutkimushanke tuottaa tietoa hyvinvoinnin edist\u00e4misest\u00e4 yksil\u00f6n ja ymp\u00e4rist\u00f6n tasolla p\u00e4\u00e4t\u00f6ksenteon tueksi. Tavoitteena valtakunnallinen hyv\u00e4 Ep\u00e4terveelliset elintavat ja niihin liittyv\u00e4t sairaudet aiheuttavat kunnille, kaupungeille sek\u00e4 ty\u00f6nantajille huomattavia kustannuksia, [&hellip;]","og_url":"https:\/\/sites.uef.fi\/stopdia\/paattajille\/","og_site_name":"StopDia","article_modified_time":"2023-12-21T11:33:59+00:00","og_image":[{"url":"https:\/\/sites.uef.fi\/stopdia\/wp-content\/uploads\/sites\/90\/2020\/07\/thumbnailU179IEUU.jpg","type":"","width":"","height":""}],"twitter_card":"summary_large_image","twitter_misc":{"Arvioitu lukuaika":"2 minuuttia"},"schema":{"@context":"https:\/\/schema.org","@graph":[{"@type":"WebPage","@id":"https:\/\/sites.uef.fi\/stopdia\/paattajille\/","url":"https:\/\/sites.uef.fi\/stopdia\/paattajille\/","name":"P\u00e4\u00e4tt\u00e4jille - StopDia","isPartOf":{"@id":"https:\/\/sites.uef.fi\/stopdia\/?lang=en\/#website"},"primaryImageOfPage":{"@id":"https:\/\/sites.uef.fi\/stopdia\/paattajille\/#primaryimage"},"image":{"@id":"https:\/\/sites.uef.fi\/stopdia\/paattajille\/#primaryimage"},"thumbnailUrl":"https:\/\/sites.uef.fi\/stopdia\/wp-content\/uploads\/sites\/90\/2020\/07\/thumbnailU179IEUU.jpg","datePublished":"2020-06-16T15:11:33+00:00","dateModified":"2023-12-21T11:33:59+00:00","breadcrumb":{"@id":"https:\/\/sites.uef.fi\/stopdia\/paattajille\/#breadcrumb"},"inLanguage":"fi","potentialAction":[{"@type":"ReadAction","target":["https:\/\/sites.uef.fi\/stopdia\/paattajille\/"]}]},{"@type":"ImageObject","inLanguage":"fi","@id":"https:\/\/sites.uef.fi\/stopdia\/paattajille\/#primaryimage","url":"https:\/\/sites.uef.fi\/stopdia\/wp-content\/uploads\/sites\/90\/2020\/07\/thumbnailU179IEUU.jpg","contentUrl":"https:\/\/sites.uef.fi\/stopdia\/wp-content\/uploads\/sites\/90\/2020\/07\/thumbnailU179IEUU.jpg","width":795,"height":345,"caption":"Marjoja ja teksti \"L\u00f6yd\u00e4 ratkaisu hyvinvoinnin tueksi\"."},{"@type":"BreadcrumbList","@id":"https:\/\/sites.uef.fi\/stopdia\/paattajille\/#breadcrumb","itemListElement":[{"@type":"ListItem","position":1,"name":"Home","item":"https:\/\/sites.uef.fi\/stopdia\/"},{"@type":"ListItem","position":2,"name":"P\u00e4\u00e4tt\u00e4jille"}]},{"@type":"WebSite","@id":"https:\/\/sites.uef.fi\/stopdia\/?lang=en\/#website","url":"https:\/\/sites.uef.fi\/stopdia\/?lang=en\/","name":"StopDia","description":"","potentialAction":[{"@type":"SearchAction","target":{"@type":"EntryPoint","urlTemplate":"https:\/\/sites.uef.fi\/stopdia\/?lang=en\/?s={search_term_string}"},"query-input":{"@type":"PropertyValueSpecification","valueRequired":true,"valueName":"search_term_string"}}],"inLanguage":"fi"}]}},"_links":{"self":[{"href":"https:\/\/sites.uef.fi\/stopdia\/wp-json\/wp\/v2\/pages\/352","targetHints":{"allow":["GET"]}}],"collection":[{"href":"https:\/\/sites.uef.fi\/stopdia\/wp-json\/wp\/v2\/pages"}],"about":[{"href":"https:\/\/sites.uef.fi\/stopdia\/wp-json\/wp\/v2\/types\/page"}],"author":[{"embeddable":true,"href":"https:\/\/sites.uef.fi\/stopdia\/wp-json\/wp\/v2\/users\/187"}],"replies":[{"embeddable":true,"href":"https:\/\/sites.uef.fi\/stopdia\/wp-json\/wp\/v2\/comments?post=352"}],"version-history":[{"count":2,"href":"https:\/\/sites.uef.fi\/stopdia\/wp-json\/wp\/v2\/pages\/352\/revisions"}],"predecessor-version":[{"id":5006,"href":"https:\/\/sites.uef.fi\/stopdia\/wp-json\/wp\/v2\/pages\/352\/revisions\/5006"}],"wp:attachment":[{"href":"https:\/\/sites.uef.fi\/stopdia\/wp-json\/wp\/v2\/media?parent=352"}],"curies":[{"name":"wp","href":"https:\/\/api.w.org\/{rel}","templated":true}]}}