{"id":379,"date":"2020-06-16T18:54:09","date_gmt":"2020-06-16T15:54:09","guid":{"rendered":"https:\/\/sites.uef.fi\/stopdia\/?page_id=379"},"modified":"2023-12-21T13:45:57","modified_gmt":"2023-12-21T11:45:57","slug":"tyonantajille","status":"publish","type":"page","link":"https:\/\/sites.uef.fi\/stopdia\/tyonantajille\/","title":{"rendered":"Ty\u00f6nantajille"},"content":{"rendered":"\n<figure class=\"wp-block-image aligncenter\"><img loading=\"lazy\" decoding=\"async\" width=\"1024\" height=\"576\" src=\"https:\/\/sites.uef.fi\/stopdia\/wp-content\/uploads\/sites\/90\/2020\/07\/Evasta_teemakuva_screen-1-1024x576.jpg\" alt=\"Henkil\u00f6 valmistaa ev\u00e4svoileipi\u00e4 ja kuorii appelsiinia. Teskti &quot;Ev\u00e4st\u00e4&quot;, &quot;Koppaa kortti, koukkaa kauppaan, kokkaa, pakkaa ja kyytiin nappaa&quot;.\" class=\"wp-image-1930\" srcset=\"https:\/\/sites.uef.fi\/stopdia\/wp-content\/uploads\/sites\/90\/2020\/07\/Evasta_teemakuva_screen-1-1024x576.jpg 1024w, https:\/\/sites.uef.fi\/stopdia\/wp-content\/uploads\/sites\/90\/2020\/07\/Evasta_teemakuva_screen-1-300x169.jpg 300w, https:\/\/sites.uef.fi\/stopdia\/wp-content\/uploads\/sites\/90\/2020\/07\/Evasta_teemakuva_screen-1-768x432.jpg 768w, https:\/\/sites.uef.fi\/stopdia\/wp-content\/uploads\/sites\/90\/2020\/07\/Evasta_teemakuva_screen-1-1536x864.jpg 1536w, https:\/\/sites.uef.fi\/stopdia\/wp-content\/uploads\/sites\/90\/2020\/07\/Evasta_teemakuva_screen-1-2048x1153.jpg 2048w\" sizes=\"auto, (max-width: 1024px) 100vw, 1024px\" \/><\/figure>\n\n\n\n<h2 class=\"wp-block-heading\">Tuuppaamaan, ty\u00f6nantaja!<\/h2>\n\n\n\n<h2 class=\"wp-block-heading\">Mik\u00e4 tuuppaus?<\/h2>\n\n\n\n<p>Tuuppaus (engl. nudge) on k\u00e4ytt\u00e4ytymisen muutokseen t\u00e4ht\u00e4\u00e4v\u00e4 l\u00e4hestymistapa, jonka tavoitteena on hell\u00e4varaisesti ohjata ihmisi\u00e4 sellaisten valintojen suuntaan, jotka tukevat heid\u00e4n hyvinvointiaan pitk\u00e4ll\u00e4 aikav\u00e4lill\u00e4. Periaatteena on tehd\u00e4 t\u00e4m\u00e4 ilman s\u00e4\u00e4ntely\u00e4 ja yksil\u00f6n valinnanvapauden rajoittamista sek\u00e4 puuttumatta merkitt\u00e4v\u00e4sti taloudellisiin tai muihin kannustimiin. Valintojen ja toiminnan muutokseen t\u00e4hd\u00e4t\u00e4\u00e4n muokkaamalla saatavilla olevien vaihtoehtojen valikoimaa, aistittavia ominaisuuksia tai esillepanoa, toisin sanoen ymp\u00e4rist\u00f6n valinta-arkkitehtuuria.<\/p>\n\n\n\n<h2 class=\"wp-block-heading\">Helppo houkuttelee \u2013 my\u00f6s terveysk\u00e4ytt\u00e4ytymisess\u00e4<\/h2>\n\n\n\n<p>Ihmisen ajatellaan usein olevan rationaalinen, oman etunsa mukaisesti toimiva olento. Psykologian ja k\u00e4ytt\u00e4ytymistaloustieteen tutkimus on kuitenkin osoittanut ihmisen usein toimivan vastoin arvojaan ja p\u00e4\u00e4m\u00e4\u00e4ri\u00e4\u00e4n. T\u00e4t\u00e4 on selitetty kognitiivisilla prosesseilla, joilla aivot s\u00e4\u00e4telev\u00e4t k\u00e4ytt\u00e4ytymist\u00e4. Prosesseja on kahdenlaisia: tietoiseen harkintaan perustuvia ja automaattisia.<br>Tietoiseen harkintaan perustuvat prosessit vaativat tarkkaavaisuutta ja voimavaroja itses\u00e4\u00e4telyyn. Siksi esimerkiksi v\u00e4symys ja n\u00e4lk\u00e4 heikent\u00e4v\u00e4t niiden toimintaa. Automaattiset prosessit puolestaan ovat nopeita ja vaivattomia, mutta eiv\u00e4t kykene huomioimaan syy-seuraussuhteita. Ne ovat siten herkki\u00e4 v\u00e4litt\u00f6m\u00e4sti palkitseville ymp\u00e4rist\u00f6n houkutuksille. Automaattiset prosessit dominoivat tavallisesti rutiinitilanteissa, kuten ruokaa valittaessa ja sy\u00f6t\u00e4ess\u00e4. T\u00e4ll\u00f6in valitsemme herk\u00e4sti vaihtoehdon, joka on huomion her\u00e4tt\u00e4v\u00e4, houkutteleva ja v\u00e4h\u00e4ll\u00e4 vaivann\u00e4\u00f6ll\u00e4 saavutettava.<\/p>\n\n\n\n<p>Elinymp\u00e4rist\u00f6n toimintaa ohjaava voima tulisi ottaa paremmin huomioon terveyden edist\u00e4misess\u00e4. Yksi StopDian tavoitteista oli kehitt\u00e4\u00e4 tutkimusn\u00e4ytt\u00f6\u00f6n pohjautuvia, edullisia ja skaalautuvia keinoja luoda elinymp\u00e4rist\u00f6j\u00e4, joissa terveytt\u00e4 tukevien valintojen tekeminen voisi olla intuitiivista ja vaivatonta, jopa huomaamatonta.<\/p>\n\n\n\n<h2 class=\"wp-block-heading\">StopDia tuuppaa yhteisty\u00f6ss\u00e4 ty\u00f6nantajien kanssa<\/h2>\n\n\n\n<p>StopDian ty\u00f6paikoille sijoittuneessa StopDia t\u00f6iss\u00e4 -interventiotutkimuksessa tavoitteena oli tutkia, voivatko ty\u00f6aikaiset ruoka- ja liikkumistottumukset muuttua terveellisemp\u00e4\u00e4n suuntaan, jos ty\u00f6ymp\u00e4rist\u00f6\u00e4 muokataan terveytt\u00e4 edist\u00e4v\u00e4\u00e4n sy\u00f6miseen ja ty\u00f6st\u00e4 palauttavaan fyysiseen aktiivisuuteen kannustavaksi tuuppauksen periaatteita hy\u00f6dynt\u00e4en. Tutkimus on p\u00e4\u00e4ttynyt ja sen alustavat tulokset ovat lupaavia.<\/p>\n\n\n\n<h2 class=\"wp-block-heading\">Nyt on lupa tuupata: ota k\u00e4ytt\u00f6\u00f6n StopDia -ty\u00f6kalupakki<\/h2>\n\n\n\n<p>Osana StopDia -tutkimushanketta kehitimme <a href=\"https:\/\/www.yksielama.fi\/documents\/10180\/908178\/StopDia+Tyokalupakki_THL+Tieda+ja+toimi_20191003\/b9ffb633-8104-4c23-b5a7-2bddfdb0fd80\">StopDia Ty\u00f6kalupakin<\/a>: kokoelman tieteelliseen kirjallisuuteen ja ty\u00f6nantajahaastatteluihin pohjautuvia konkreettisia ty\u00f6ymp\u00e4rist\u00f6n muokkauksia, jotka ovat yksinkertaisia ja toteutettavissa pienell\u00e4 vaivalla. N\u00e4iden avulla fyysist\u00e4 ja sosiaalista ty\u00f6ymp\u00e4rist\u00f6\u00e4 voidaan kehitt\u00e4\u00e4 suuntaan, joka tukee ty\u00f6ntekij\u00f6it\u00e4 terveytt\u00e4 edist\u00e4vien elintapojen omaksumisessa ja yll\u00e4pit\u00e4misess\u00e4.<\/p>\n\n\n\n<p><a href=\"https:\/\/studentuef.sharepoint.com\/:f:\/t\/stopdia\/Evt2OwRzPgJAjdjZqpa1_JoB_A3X-WgzAvrJRZCRlm_eHg?e=uwzDae\">Lataa k\u00e4ytt\u00f6\u00f6si ty\u00f6kalupakki<\/a> terveyden edist\u00e4miseen ty\u00f6paikoilla.<\/p>\n\n\n\n<ul class=\"wp-block-list\">\n<li><a href=\"https:\/\/studentuef.sharepoint.com\/:f:\/t\/stopdia\/EppZpLJhCDRLhlyji35_xggBzpT_BPQnp9d_cp05Gy_Kww?e=ON6wZL\">Ev\u00e4st\u00e4!<\/a> (vinkkej\u00e4 terveellisiin ty\u00f6paikkaev\u00e4isiin)<\/li>\n\n\n\n<li><a href=\"https:\/\/studentuef.sharepoint.com\/:b:\/t\/stopdia\/EbzVrwYEeOlBmiao_8W17kkB8iTEqWUV_yO6kDmy0MRrVA?e=uT3ehX\">Stopdia-ty\u00f6kalupakki<\/a> (kertoo tiiviisti StopDia Ty\u00f6kalupakin tarkoituksen)<\/li>\n\n\n\n<li><a href=\"https:\/\/studentuef.sharepoint.com\/:f:\/t\/stopdia\/EndiPcmM0bVOlmr9Ka6iGh0Bh_xPIb7paUP5FAGoYBbtoQ?e=kjd7tS\">Hedelm\u00e4jengi<\/a> (vinkkej\u00e4 hedelmien k\u00e4yt\u00f6n lis\u00e4\u00e4miseen)<\/li>\n\n\n\n<li><a href=\"https:\/\/studentuef.sharepoint.com\/:f:\/t\/stopdia\/EgnM_EDEmRlHpi5Tj61zNmsBv6HzNhk49rhmQTGrHv7DFA?e=soBeMY\">Verryt\u00e4!<\/a> (vinkkej\u00e4 taukoliikuntaan)<\/li>\n\n\n\n<li><a href=\"https:\/\/studentuef.sharepoint.com\/:b:\/t\/stopdia\/EbzVrwYEeOlBmiao_8W17kkB8iTEqWUV_yO6kDmy0MRrVA?e=uT3ehX\">Stopdia-ty\u00f6kalupakki<\/a><\/li>\n<\/ul>\n\n\n\n<figure class=\"wp-block-image size-large is-resized\"><img loading=\"lazy\" decoding=\"async\" width=\"731\" height=\"1024\" src=\"https:\/\/sites.uef.fi\/stopdia\/wp-content\/uploads\/sites\/90\/2020\/07\/Hedelmajengi_juliste_A2_vedos-731x1024.jpg\" alt=\"\" class=\"wp-image-1939\" style=\"width:201px;height:auto\" srcset=\"https:\/\/sites.uef.fi\/stopdia\/wp-content\/uploads\/sites\/90\/2020\/07\/Hedelmajengi_juliste_A2_vedos-731x1024.jpg 731w, https:\/\/sites.uef.fi\/stopdia\/wp-content\/uploads\/sites\/90\/2020\/07\/Hedelmajengi_juliste_A2_vedos-214x300.jpg 214w, https:\/\/sites.uef.fi\/stopdia\/wp-content\/uploads\/sites\/90\/2020\/07\/Hedelmajengi_juliste_A2_vedos-768x1075.jpg 768w, https:\/\/sites.uef.fi\/stopdia\/wp-content\/uploads\/sites\/90\/2020\/07\/Hedelmajengi_juliste_A2_vedos-1097x1536.jpg 1097w, https:\/\/sites.uef.fi\/stopdia\/wp-content\/uploads\/sites\/90\/2020\/07\/Hedelmajengi_juliste_A2_vedos-1463x2048.jpg 1463w, https:\/\/sites.uef.fi\/stopdia\/wp-content\/uploads\/sites\/90\/2020\/07\/Hedelmajengi_juliste_A2_vedos-scaled.jpg 1828w\" sizes=\"auto, (max-width: 731px) 100vw, 731px\" \/><\/figure>\n\n\n\n<figure class=\"wp-block-image size-large is-resized\"><img loading=\"lazy\" decoding=\"async\" width=\"747\" height=\"1024\" src=\"https:\/\/sites.uef.fi\/stopdia\/wp-content\/uploads\/sites\/90\/2020\/07\/Verryta_kylki-747x1024.jpg\" alt=\"\" class=\"wp-image-1945\" style=\"width:209px;height:auto\" srcset=\"https:\/\/sites.uef.fi\/stopdia\/wp-content\/uploads\/sites\/90\/2020\/07\/Verryta_kylki-747x1024.jpg 747w, https:\/\/sites.uef.fi\/stopdia\/wp-content\/uploads\/sites\/90\/2020\/07\/Verryta_kylki-219x300.jpg 219w, https:\/\/sites.uef.fi\/stopdia\/wp-content\/uploads\/sites\/90\/2020\/07\/Verryta_kylki-768x1052.jpg 768w, https:\/\/sites.uef.fi\/stopdia\/wp-content\/uploads\/sites\/90\/2020\/07\/Verryta_kylki-1121x1536.jpg 1121w, https:\/\/sites.uef.fi\/stopdia\/wp-content\/uploads\/sites\/90\/2020\/07\/Verryta_kylki-1495x2048.jpg 1495w, https:\/\/sites.uef.fi\/stopdia\/wp-content\/uploads\/sites\/90\/2020\/07\/Verryta_kylki.jpg 1851w\" sizes=\"auto, (max-width: 747px) 100vw, 747px\" \/><\/figure>\n\n\n    <div class=\"funders grid\">\n                        <div class=\"funders__item grid__item\">\n                            <div class=\"funders__image\">\n                    <img decoding=\"async\" src=\"https:\/\/sites.uef.fi\/stopdia\/wp-content\/uploads\/sites\/90\/2021\/01\/University_of_eastern_finland_logo.jpg\" alt=\"It\u00e4-Suomen yliopiston logo.\" \/>\n                <\/div>\n                                                <\/div>\n                        \n                        <div class=\"funders__item grid__item\">\n                            <div class=\"funders__image\">\n                    <img decoding=\"async\" src=\"https:\/\/sites.uef.fi\/stopdia\/wp-content\/uploads\/sites\/90\/2020\/07\/THL_tunnus_lyhyt_RGB_vihrea-1-1.jpg\" alt=\"Terveyden ja hyvinvoinnin laitoksen (THL) logo.\" \/>\n                <\/div>\n                                                <\/div>\n                        \n                        <div class=\"funders__item grid__item\">\n                            <div class=\"funders__image\">\n                    <img decoding=\"async\" src=\"https:\/\/sites.uef.fi\/stopdia\/wp-content\/uploads\/sites\/90\/2020\/07\/VTT_Orange_Logo-1.jpg\" alt=\"VTT:n logo.\" \/>\n                <\/div>\n                                                <\/div>\n                        \n            <\/div>\n\n\n    <div class=\"funders grid\">\n                        <div class=\"funders__item grid__item\">\n                            <div class=\"funders__image\">\n                    <img decoding=\"async\" src=\"https:\/\/sites.uef.fi\/stopdia\/wp-content\/uploads\/sites\/90\/2020\/08\/Suomen-Akatemia.jpg\" alt=\"Suomen Akatemia logo.\" \/>\n                <\/div>\n                                                <\/div>\n                        \n                        <div class=\"funders__item grid__item\">\n                            <div class=\"funders__image\">\n                    <img decoding=\"async\" src=\"https:\/\/sites.uef.fi\/stopdia\/wp-content\/uploads\/sites\/90\/2021\/01\/Suomen-akatemia_Strateginen-tutkimus_logo.jpg\" alt=\"Suomen Akatemia, strateginen tutkimus logo.\" \/>\n                <\/div>\n                                                <\/div>\n                        \n            <\/div>\n","protected":false},"excerpt":{"rendered":"<p>Tuuppaamaan, ty\u00f6nantaja! Mik\u00e4 tuuppaus? Tuuppaus (engl. nudge) on k\u00e4ytt\u00e4ytymisen muutokseen t\u00e4ht\u00e4\u00e4v\u00e4 l\u00e4hestymistapa, jonka tavoitteena on hell\u00e4varaisesti ohjata ihmisi\u00e4 sellaisten valintojen suuntaan, jotka tukevat heid\u00e4n hyvinvointiaan pitk\u00e4ll\u00e4 aikav\u00e4lill\u00e4. Periaatteena on tehd\u00e4 t\u00e4m\u00e4 ilman s\u00e4\u00e4ntely\u00e4 ja yksil\u00f6n valinnanvapauden rajoittamista sek\u00e4 puuttumatta merkitt\u00e4v\u00e4sti taloudellisiin tai muihin kannustimiin. Valintojen ja toiminnan muutokseen t\u00e4hd\u00e4t\u00e4\u00e4n muokkaamalla saatavilla olevien vaihtoehtojen valikoimaa, aistittavia [&hellip;]<\/p>\n","protected":false},"author":187,"featured_media":0,"parent":0,"menu_order":0,"comment_status":"closed","ping_status":"closed","template":"","meta":{"_acf_changed":false,"_monsterinsights_skip_tracking":false,"_monsterinsights_sitenote_active":false,"_monsterinsights_sitenote_note":"","_monsterinsights_sitenote_category":0,"footnotes":""},"class_list":["post-379","page","type-page","status-publish","hentry"],"acf":[],"yoast_head":"<!-- This site is optimized with the Yoast SEO plugin v27.3 - https:\/\/yoast.com\/product\/yoast-seo-wordpress\/ -->\n<title>Ty\u00f6nantajille - StopDia<\/title>\n<meta name=\"robots\" content=\"index, follow, max-snippet:-1, max-image-preview:large, max-video-preview:-1\" \/>\n<link rel=\"canonical\" href=\"https:\/\/sites.uef.fi\/stopdia\/tyonantajille\/\" \/>\n<meta property=\"og:locale\" content=\"fi_FI\" \/>\n<meta property=\"og:type\" content=\"article\" \/>\n<meta property=\"og:title\" content=\"Ty\u00f6nantajille - StopDia\" \/>\n<meta property=\"og:description\" content=\"Tuuppaamaan, ty\u00f6nantaja! Mik\u00e4 tuuppaus? Tuuppaus (engl. nudge) on k\u00e4ytt\u00e4ytymisen muutokseen t\u00e4ht\u00e4\u00e4v\u00e4 l\u00e4hestymistapa, jonka tavoitteena on hell\u00e4varaisesti ohjata ihmisi\u00e4 sellaisten valintojen suuntaan, jotka tukevat heid\u00e4n hyvinvointiaan pitk\u00e4ll\u00e4 aikav\u00e4lill\u00e4. Periaatteena on tehd\u00e4 t\u00e4m\u00e4 ilman s\u00e4\u00e4ntely\u00e4 ja yksil\u00f6n valinnanvapauden rajoittamista sek\u00e4 puuttumatta merkitt\u00e4v\u00e4sti taloudellisiin tai muihin kannustimiin. Valintojen ja toiminnan muutokseen t\u00e4hd\u00e4t\u00e4\u00e4n muokkaamalla saatavilla olevien vaihtoehtojen valikoimaa, aistittavia [&hellip;]\" \/>\n<meta property=\"og:url\" content=\"https:\/\/sites.uef.fi\/stopdia\/tyonantajille\/\" \/>\n<meta property=\"og:site_name\" content=\"StopDia\" \/>\n<meta property=\"article:modified_time\" content=\"2023-12-21T11:45:57+00:00\" \/>\n<meta property=\"og:image\" content=\"https:\/\/sites.uef.fi\/stopdia\/wp-content\/uploads\/sites\/90\/2020\/07\/Evasta_teemakuva_screen-1-1024x576.jpg\" \/>\n<meta name=\"twitter:card\" content=\"summary_large_image\" \/>\n<meta name=\"twitter:label1\" content=\"Arvioitu lukuaika\" \/>\n\t<meta name=\"twitter:data1\" content=\"3 minuuttia\" \/>\n<script type=\"application\/ld+json\" class=\"yoast-schema-graph\">{\"@context\":\"https:\\\/\\\/schema.org\",\"@graph\":[{\"@type\":\"WebPage\",\"@id\":\"https:\\\/\\\/sites.uef.fi\\\/stopdia\\\/tyonantajille\\\/\",\"url\":\"https:\\\/\\\/sites.uef.fi\\\/stopdia\\\/tyonantajille\\\/\",\"name\":\"Ty\u00f6nantajille - StopDia\",\"isPartOf\":{\"@id\":\"https:\\\/\\\/sites.uef.fi\\\/stopdia\\\/#website\"},\"primaryImageOfPage\":{\"@id\":\"https:\\\/\\\/sites.uef.fi\\\/stopdia\\\/tyonantajille\\\/#primaryimage\"},\"image\":{\"@id\":\"https:\\\/\\\/sites.uef.fi\\\/stopdia\\\/tyonantajille\\\/#primaryimage\"},\"thumbnailUrl\":\"https:\\\/\\\/sites.uef.fi\\\/stopdia\\\/wp-content\\\/uploads\\\/sites\\\/90\\\/2020\\\/07\\\/Evasta_teemakuva_screen-1-1024x576.jpg\",\"datePublished\":\"2020-06-16T15:54:09+00:00\",\"dateModified\":\"2023-12-21T11:45:57+00:00\",\"breadcrumb\":{\"@id\":\"https:\\\/\\\/sites.uef.fi\\\/stopdia\\\/tyonantajille\\\/#breadcrumb\"},\"inLanguage\":\"fi\",\"potentialAction\":[{\"@type\":\"ReadAction\",\"target\":[\"https:\\\/\\\/sites.uef.fi\\\/stopdia\\\/tyonantajille\\\/\"]}]},{\"@type\":\"ImageObject\",\"inLanguage\":\"fi\",\"@id\":\"https:\\\/\\\/sites.uef.fi\\\/stopdia\\\/tyonantajille\\\/#primaryimage\",\"url\":\"https:\\\/\\\/sites.uef.fi\\\/stopdia\\\/wp-content\\\/uploads\\\/sites\\\/90\\\/2020\\\/07\\\/Evasta_teemakuva_screen-1.jpg\",\"contentUrl\":\"https:\\\/\\\/sites.uef.fi\\\/stopdia\\\/wp-content\\\/uploads\\\/sites\\\/90\\\/2020\\\/07\\\/Evasta_teemakuva_screen-1.jpg\",\"width\":2560,\"height\":1441},{\"@type\":\"BreadcrumbList\",\"@id\":\"https:\\\/\\\/sites.uef.fi\\\/stopdia\\\/tyonantajille\\\/#breadcrumb\",\"itemListElement\":[{\"@type\":\"ListItem\",\"position\":1,\"name\":\"Home\",\"item\":\"https:\\\/\\\/sites.uef.fi\\\/stopdia\\\/\"},{\"@type\":\"ListItem\",\"position\":2,\"name\":\"Ty\u00f6nantajille\"}]},{\"@type\":\"WebSite\",\"@id\":\"https:\\\/\\\/sites.uef.fi\\\/stopdia\\\/#website\",\"url\":\"https:\\\/\\\/sites.uef.fi\\\/stopdia\\\/\",\"name\":\"StopDia\",\"description\":\"\",\"potentialAction\":[{\"@type\":\"SearchAction\",\"target\":{\"@type\":\"EntryPoint\",\"urlTemplate\":\"https:\\\/\\\/sites.uef.fi\\\/stopdia\\\/?s={search_term_string}\"},\"query-input\":{\"@type\":\"PropertyValueSpecification\",\"valueRequired\":true,\"valueName\":\"search_term_string\"}}],\"inLanguage\":\"fi\"}]}<\/script>\n<!-- \/ Yoast SEO plugin. -->","yoast_head_json":{"title":"Ty\u00f6nantajille - StopDia","robots":{"index":"index","follow":"follow","max-snippet":"max-snippet:-1","max-image-preview":"max-image-preview:large","max-video-preview":"max-video-preview:-1"},"canonical":"https:\/\/sites.uef.fi\/stopdia\/tyonantajille\/","og_locale":"fi_FI","og_type":"article","og_title":"Ty\u00f6nantajille - StopDia","og_description":"Tuuppaamaan, ty\u00f6nantaja! Mik\u00e4 tuuppaus? Tuuppaus (engl. nudge) on k\u00e4ytt\u00e4ytymisen muutokseen t\u00e4ht\u00e4\u00e4v\u00e4 l\u00e4hestymistapa, jonka tavoitteena on hell\u00e4varaisesti ohjata ihmisi\u00e4 sellaisten valintojen suuntaan, jotka tukevat heid\u00e4n hyvinvointiaan pitk\u00e4ll\u00e4 aikav\u00e4lill\u00e4. Periaatteena on tehd\u00e4 t\u00e4m\u00e4 ilman s\u00e4\u00e4ntely\u00e4 ja yksil\u00f6n valinnanvapauden rajoittamista sek\u00e4 puuttumatta merkitt\u00e4v\u00e4sti taloudellisiin tai muihin kannustimiin. Valintojen ja toiminnan muutokseen t\u00e4hd\u00e4t\u00e4\u00e4n muokkaamalla saatavilla olevien vaihtoehtojen valikoimaa, aistittavia [&hellip;]","og_url":"https:\/\/sites.uef.fi\/stopdia\/tyonantajille\/","og_site_name":"StopDia","article_modified_time":"2023-12-21T11:45:57+00:00","og_image":[{"url":"https:\/\/sites.uef.fi\/stopdia\/wp-content\/uploads\/sites\/90\/2020\/07\/Evasta_teemakuva_screen-1-1024x576.jpg","type":"","width":"","height":""}],"twitter_card":"summary_large_image","twitter_misc":{"Arvioitu lukuaika":"3 minuuttia"},"schema":{"@context":"https:\/\/schema.org","@graph":[{"@type":"WebPage","@id":"https:\/\/sites.uef.fi\/stopdia\/tyonantajille\/","url":"https:\/\/sites.uef.fi\/stopdia\/tyonantajille\/","name":"Ty\u00f6nantajille - StopDia","isPartOf":{"@id":"https:\/\/sites.uef.fi\/stopdia\/#website"},"primaryImageOfPage":{"@id":"https:\/\/sites.uef.fi\/stopdia\/tyonantajille\/#primaryimage"},"image":{"@id":"https:\/\/sites.uef.fi\/stopdia\/tyonantajille\/#primaryimage"},"thumbnailUrl":"https:\/\/sites.uef.fi\/stopdia\/wp-content\/uploads\/sites\/90\/2020\/07\/Evasta_teemakuva_screen-1-1024x576.jpg","datePublished":"2020-06-16T15:54:09+00:00","dateModified":"2023-12-21T11:45:57+00:00","breadcrumb":{"@id":"https:\/\/sites.uef.fi\/stopdia\/tyonantajille\/#breadcrumb"},"inLanguage":"fi","potentialAction":[{"@type":"ReadAction","target":["https:\/\/sites.uef.fi\/stopdia\/tyonantajille\/"]}]},{"@type":"ImageObject","inLanguage":"fi","@id":"https:\/\/sites.uef.fi\/stopdia\/tyonantajille\/#primaryimage","url":"https:\/\/sites.uef.fi\/stopdia\/wp-content\/uploads\/sites\/90\/2020\/07\/Evasta_teemakuva_screen-1.jpg","contentUrl":"https:\/\/sites.uef.fi\/stopdia\/wp-content\/uploads\/sites\/90\/2020\/07\/Evasta_teemakuva_screen-1.jpg","width":2560,"height":1441},{"@type":"BreadcrumbList","@id":"https:\/\/sites.uef.fi\/stopdia\/tyonantajille\/#breadcrumb","itemListElement":[{"@type":"ListItem","position":1,"name":"Home","item":"https:\/\/sites.uef.fi\/stopdia\/"},{"@type":"ListItem","position":2,"name":"Ty\u00f6nantajille"}]},{"@type":"WebSite","@id":"https:\/\/sites.uef.fi\/stopdia\/#website","url":"https:\/\/sites.uef.fi\/stopdia\/","name":"StopDia","description":"","potentialAction":[{"@type":"SearchAction","target":{"@type":"EntryPoint","urlTemplate":"https:\/\/sites.uef.fi\/stopdia\/?s={search_term_string}"},"query-input":{"@type":"PropertyValueSpecification","valueRequired":true,"valueName":"search_term_string"}}],"inLanguage":"fi"}]}},"_links":{"self":[{"href":"https:\/\/sites.uef.fi\/stopdia\/wp-json\/wp\/v2\/pages\/379","targetHints":{"allow":["GET"]}}],"collection":[{"href":"https:\/\/sites.uef.fi\/stopdia\/wp-json\/wp\/v2\/pages"}],"about":[{"href":"https:\/\/sites.uef.fi\/stopdia\/wp-json\/wp\/v2\/types\/page"}],"author":[{"embeddable":true,"href":"https:\/\/sites.uef.fi\/stopdia\/wp-json\/wp\/v2\/users\/187"}],"replies":[{"embeddable":true,"href":"https:\/\/sites.uef.fi\/stopdia\/wp-json\/wp\/v2\/comments?post=379"}],"version-history":[{"count":2,"href":"https:\/\/sites.uef.fi\/stopdia\/wp-json\/wp\/v2\/pages\/379\/revisions"}],"predecessor-version":[{"id":5027,"href":"https:\/\/sites.uef.fi\/stopdia\/wp-json\/wp\/v2\/pages\/379\/revisions\/5027"}],"wp:attachment":[{"href":"https:\/\/sites.uef.fi\/stopdia\/wp-json\/wp\/v2\/media?parent=379"}],"curies":[{"name":"wp","href":"https:\/\/api.w.org\/{rel}","templated":true}]}}