{"id":391,"date":"2020-06-16T19:02:50","date_gmt":"2020-06-16T16:02:50","guid":{"rendered":"https:\/\/sites.uef.fi\/stopdia\/?page_id=391"},"modified":"2023-12-21T13:50:31","modified_gmt":"2023-12-21T11:50:31","slug":"hanketta-toteuttamassa","status":"publish","type":"page","link":"https:\/\/sites.uef.fi\/stopdia\/hanketta-toteuttamassa\/","title":{"rendered":"Hanketta toteuttamassa"},"content":{"rendered":"\n<figure class=\"wp-block-image size-full\"><img loading=\"lazy\" decoding=\"async\" width=\"795\" height=\"345\" src=\"https:\/\/sites.uef.fi\/stopdia\/wp-content\/uploads\/sites\/90\/2020\/07\/thumbnailBVECAMXR.jpg\" alt=\"\" class=\"wp-image-1957\" srcset=\"https:\/\/sites.uef.fi\/stopdia\/wp-content\/uploads\/sites\/90\/2020\/07\/thumbnailBVECAMXR.jpg 795w, https:\/\/sites.uef.fi\/stopdia\/wp-content\/uploads\/sites\/90\/2020\/07\/thumbnailBVECAMXR-300x130.jpg 300w, https:\/\/sites.uef.fi\/stopdia\/wp-content\/uploads\/sites\/90\/2020\/07\/thumbnailBVECAMXR-768x333.jpg 768w\" sizes=\"auto, (max-width: 795px) 100vw, 795px\" \/><\/figure>\n\n\n\n<h2 class=\"wp-block-heading\">Yhteisty\u00f6n voimaa<\/h2>\n\n\n\n<p>StopDia &#8211; tutkimushanketta ovat olleet toteuttamassa tyypin 2 diabeteksen ehk\u00e4isyn, ravitsemuksen, liikunnan, k\u00e4ytt\u00e4ytymismuutosten, terveyden edist\u00e4misen, terveystaloustieteen, yhteiskuntatieteiden, informaatioteknologian ja elintarviketutkimuksen <a href=\"https:\/\/sites.uef.fi\/stopdia\/tutkimusryhma\/\">asiantuntijat<\/a> It\u00e4-Suomen yliopistosta, VTT:lt\u00e4 ja Terveyden ja hyvinvoinnin laitoksesta.<\/p>\n\n\n\n<p>Tutkimushanketta on toteutettu tiiviiss\u00e4 yhteisty\u00f6ss\u00e4 <a href=\"https:\/\/sites.uef.fi\/stopdia\/yhteistyokumppanit\/\">yhteisty\u00f6kumppaneiden<\/a> ja <a href=\"https:\/\/sites.uef.fi\/stopdia\/kansainvaliset-yhteistyokumppanit\/\">kansainv\u00e4lisen tutkijayhteisty\u00f6verkoston<\/a> kanssa. Hankkeelle on nimetty my\u00f6s kansainv\u00e4linen <a href=\"https:\/\/sites.uef.fi\/stopdia\/tieteellinen-ohjausryhma\/\">tieteellinen ohjausryhm\u00e4<\/a>.<\/p>\n\n\n\n<p>StopDia-hankkeen rahoitti Suomen Akatemian strategisen tutkimuksen neuvoston Terveys, hyvinvointi ja el\u00e4m\u00e4ntavat -ohjelma vuosina 2016-19.<\/p>\n\n\n    <div class=\"funders grid\">\n                        <div class=\"funders__item grid__item\">\n                            <div class=\"funders__image\">\n                    <img decoding=\"async\" src=\"https:\/\/sites.uef.fi\/stopdia\/wp-content\/uploads\/sites\/90\/2021\/01\/University_of_eastern_finland_logo.jpg\" alt=\"It\u00e4-Suomen yliopiston logo.\" \/>\n                <\/div>\n                                                <\/div>\n                        \n                        <div class=\"funders__item grid__item\">\n                            <div class=\"funders__image\">\n                    <img decoding=\"async\" src=\"https:\/\/sites.uef.fi\/stopdia\/wp-content\/uploads\/sites\/90\/2020\/07\/THL_tunnus_lyhyt_RGB_vihrea-1-1.jpg\" alt=\"Terveyden ja hyvinvoinnin laitoksen (THL) logo.\" \/>\n                <\/div>\n                                                <\/div>\n                        \n                        <div class=\"funders__item grid__item\">\n                            <div class=\"funders__image\">\n                    <img decoding=\"async\" src=\"https:\/\/sites.uef.fi\/stopdia\/wp-content\/uploads\/sites\/90\/2020\/07\/VTT_Orange_Logo-1.jpg\" alt=\"VTT:n logo.\" \/>\n                <\/div>\n                                                <\/div>\n                        \n            <\/div>\n\n\n    <div class=\"funders grid\">\n                        <div class=\"funders__item grid__item\">\n                            <div class=\"funders__image\">\n                    <img decoding=\"async\" src=\"https:\/\/sites.uef.fi\/stopdia\/wp-content\/uploads\/sites\/90\/2020\/08\/Suomen-Akatemia.jpg\" alt=\"Suomen Akatemia logo.\" \/>\n                <\/div>\n                                                <\/div>\n                        \n                        <div class=\"funders__item grid__item\">\n                            <div class=\"funders__image\">\n                    <img decoding=\"async\" src=\"https:\/\/sites.uef.fi\/stopdia\/wp-content\/uploads\/sites\/90\/2021\/01\/Suomen-akatemia_Strateginen-tutkimus_logo.jpg\" alt=\"Suomen Akatemia, strateginen tutkimus logo.\" \/>\n                <\/div>\n                                                <\/div>\n                        \n            <\/div>\n","protected":false},"excerpt":{"rendered":"<p>Yhteisty\u00f6n voimaa StopDia &#8211; tutkimushanketta ovat olleet toteuttamassa tyypin 2 diabeteksen ehk\u00e4isyn, ravitsemuksen, liikunnan, k\u00e4ytt\u00e4ytymismuutosten, terveyden edist\u00e4misen, terveystaloustieteen, yhteiskuntatieteiden, informaatioteknologian ja elintarviketutkimuksen asiantuntijat It\u00e4-Suomen yliopistosta, VTT:lt\u00e4 ja Terveyden ja hyvinvoinnin laitoksesta. Tutkimushanketta on toteutettu tiiviiss\u00e4 yhteisty\u00f6ss\u00e4 yhteisty\u00f6kumppaneiden ja kansainv\u00e4lisen tutkijayhteisty\u00f6verkoston kanssa. Hankkeelle on nimetty my\u00f6s kansainv\u00e4linen tieteellinen ohjausryhm\u00e4. StopDia-hankkeen rahoitti Suomen Akatemian strategisen tutkimuksen neuvoston [&hellip;]<\/p>\n","protected":false},"author":187,"featured_media":0,"parent":0,"menu_order":0,"comment_status":"closed","ping_status":"closed","template":"","meta":{"_acf_changed":false,"_monsterinsights_skip_tracking":false,"_monsterinsights_sitenote_active":false,"_monsterinsights_sitenote_note":"","_monsterinsights_sitenote_category":0,"footnotes":""},"class_list":["post-391","page","type-page","status-publish","hentry"],"acf":[],"yoast_head":"<!-- This site is optimized with the Yoast SEO plugin v27.3 - https:\/\/yoast.com\/product\/yoast-seo-wordpress\/ -->\n<title>Hanketta toteuttamassa - StopDia<\/title>\n<meta name=\"robots\" content=\"index, follow, max-snippet:-1, max-image-preview:large, max-video-preview:-1\" \/>\n<link rel=\"canonical\" href=\"https:\/\/sites.uef.fi\/stopdia\/hanketta-toteuttamassa\/\" \/>\n<meta property=\"og:locale\" content=\"fi_FI\" \/>\n<meta property=\"og:type\" content=\"article\" \/>\n<meta property=\"og:title\" content=\"Hanketta toteuttamassa - StopDia\" \/>\n<meta property=\"og:description\" content=\"Yhteisty\u00f6n voimaa StopDia &#8211; tutkimushanketta ovat olleet toteuttamassa tyypin 2 diabeteksen ehk\u00e4isyn, ravitsemuksen, liikunnan, k\u00e4ytt\u00e4ytymismuutosten, terveyden edist\u00e4misen, terveystaloustieteen, yhteiskuntatieteiden, informaatioteknologian ja elintarviketutkimuksen asiantuntijat It\u00e4-Suomen yliopistosta, VTT:lt\u00e4 ja Terveyden ja hyvinvoinnin laitoksesta. Tutkimushanketta on toteutettu tiiviiss\u00e4 yhteisty\u00f6ss\u00e4 yhteisty\u00f6kumppaneiden ja kansainv\u00e4lisen tutkijayhteisty\u00f6verkoston kanssa. Hankkeelle on nimetty my\u00f6s kansainv\u00e4linen tieteellinen ohjausryhm\u00e4. StopDia-hankkeen rahoitti Suomen Akatemian strategisen tutkimuksen neuvoston [&hellip;]\" \/>\n<meta property=\"og:url\" content=\"https:\/\/sites.uef.fi\/stopdia\/hanketta-toteuttamassa\/\" \/>\n<meta property=\"og:site_name\" content=\"StopDia\" \/>\n<meta property=\"article:modified_time\" content=\"2023-12-21T11:50:31+00:00\" \/>\n<meta property=\"og:image\" content=\"https:\/\/sites.uef.fi\/stopdia\/wp-content\/uploads\/sites\/90\/2020\/07\/thumbnailBVECAMXR.jpg\" \/>\n<meta name=\"twitter:card\" content=\"summary_large_image\" \/>\n<meta name=\"twitter:label1\" content=\"Arvioitu lukuaika\" \/>\n\t<meta name=\"twitter:data1\" content=\"1 minuutti\" \/>\n<script type=\"application\/ld+json\" class=\"yoast-schema-graph\">{\"@context\":\"https:\\\/\\\/schema.org\",\"@graph\":[{\"@type\":\"WebPage\",\"@id\":\"https:\\\/\\\/sites.uef.fi\\\/stopdia\\\/hanketta-toteuttamassa\\\/\",\"url\":\"https:\\\/\\\/sites.uef.fi\\\/stopdia\\\/hanketta-toteuttamassa\\\/\",\"name\":\"Hanketta toteuttamassa - StopDia\",\"isPartOf\":{\"@id\":\"https:\\\/\\\/sites.uef.fi\\\/stopdia\\\/#website\"},\"primaryImageOfPage\":{\"@id\":\"https:\\\/\\\/sites.uef.fi\\\/stopdia\\\/hanketta-toteuttamassa\\\/#primaryimage\"},\"image\":{\"@id\":\"https:\\\/\\\/sites.uef.fi\\\/stopdia\\\/hanketta-toteuttamassa\\\/#primaryimage\"},\"thumbnailUrl\":\"https:\\\/\\\/sites.uef.fi\\\/stopdia\\\/wp-content\\\/uploads\\\/sites\\\/90\\\/2020\\\/07\\\/thumbnailBVECAMXR.jpg\",\"datePublished\":\"2020-06-16T16:02:50+00:00\",\"dateModified\":\"2023-12-21T11:50:31+00:00\",\"breadcrumb\":{\"@id\":\"https:\\\/\\\/sites.uef.fi\\\/stopdia\\\/hanketta-toteuttamassa\\\/#breadcrumb\"},\"inLanguage\":\"fi\",\"potentialAction\":[{\"@type\":\"ReadAction\",\"target\":[\"https:\\\/\\\/sites.uef.fi\\\/stopdia\\\/hanketta-toteuttamassa\\\/\"]}]},{\"@type\":\"ImageObject\",\"inLanguage\":\"fi\",\"@id\":\"https:\\\/\\\/sites.uef.fi\\\/stopdia\\\/hanketta-toteuttamassa\\\/#primaryimage\",\"url\":\"https:\\\/\\\/sites.uef.fi\\\/stopdia\\\/wp-content\\\/uploads\\\/sites\\\/90\\\/2020\\\/07\\\/thumbnailBVECAMXR.jpg\",\"contentUrl\":\"https:\\\/\\\/sites.uef.fi\\\/stopdia\\\/wp-content\\\/uploads\\\/sites\\\/90\\\/2020\\\/07\\\/thumbnailBVECAMXR.jpg\",\"width\":795,\"height\":345},{\"@type\":\"BreadcrumbList\",\"@id\":\"https:\\\/\\\/sites.uef.fi\\\/stopdia\\\/hanketta-toteuttamassa\\\/#breadcrumb\",\"itemListElement\":[{\"@type\":\"ListItem\",\"position\":1,\"name\":\"Home\",\"item\":\"https:\\\/\\\/sites.uef.fi\\\/stopdia\\\/\"},{\"@type\":\"ListItem\",\"position\":2,\"name\":\"Hanketta toteuttamassa\"}]},{\"@type\":\"WebSite\",\"@id\":\"https:\\\/\\\/sites.uef.fi\\\/stopdia\\\/#website\",\"url\":\"https:\\\/\\\/sites.uef.fi\\\/stopdia\\\/\",\"name\":\"StopDia\",\"description\":\"\",\"potentialAction\":[{\"@type\":\"SearchAction\",\"target\":{\"@type\":\"EntryPoint\",\"urlTemplate\":\"https:\\\/\\\/sites.uef.fi\\\/stopdia\\\/?s={search_term_string}\"},\"query-input\":{\"@type\":\"PropertyValueSpecification\",\"valueRequired\":true,\"valueName\":\"search_term_string\"}}],\"inLanguage\":\"fi\"}]}<\/script>\n<!-- \/ Yoast SEO plugin. -->","yoast_head_json":{"title":"Hanketta toteuttamassa - StopDia","robots":{"index":"index","follow":"follow","max-snippet":"max-snippet:-1","max-image-preview":"max-image-preview:large","max-video-preview":"max-video-preview:-1"},"canonical":"https:\/\/sites.uef.fi\/stopdia\/hanketta-toteuttamassa\/","og_locale":"fi_FI","og_type":"article","og_title":"Hanketta toteuttamassa - StopDia","og_description":"Yhteisty\u00f6n voimaa StopDia &#8211; tutkimushanketta ovat olleet toteuttamassa tyypin 2 diabeteksen ehk\u00e4isyn, ravitsemuksen, liikunnan, k\u00e4ytt\u00e4ytymismuutosten, terveyden edist\u00e4misen, terveystaloustieteen, yhteiskuntatieteiden, informaatioteknologian ja elintarviketutkimuksen asiantuntijat It\u00e4-Suomen yliopistosta, VTT:lt\u00e4 ja Terveyden ja hyvinvoinnin laitoksesta. Tutkimushanketta on toteutettu tiiviiss\u00e4 yhteisty\u00f6ss\u00e4 yhteisty\u00f6kumppaneiden ja kansainv\u00e4lisen tutkijayhteisty\u00f6verkoston kanssa. Hankkeelle on nimetty my\u00f6s kansainv\u00e4linen tieteellinen ohjausryhm\u00e4. StopDia-hankkeen rahoitti Suomen Akatemian strategisen tutkimuksen neuvoston [&hellip;]","og_url":"https:\/\/sites.uef.fi\/stopdia\/hanketta-toteuttamassa\/","og_site_name":"StopDia","article_modified_time":"2023-12-21T11:50:31+00:00","og_image":[{"url":"https:\/\/sites.uef.fi\/stopdia\/wp-content\/uploads\/sites\/90\/2020\/07\/thumbnailBVECAMXR.jpg","type":"","width":"","height":""}],"twitter_card":"summary_large_image","twitter_misc":{"Arvioitu lukuaika":"1 minuutti"},"schema":{"@context":"https:\/\/schema.org","@graph":[{"@type":"WebPage","@id":"https:\/\/sites.uef.fi\/stopdia\/hanketta-toteuttamassa\/","url":"https:\/\/sites.uef.fi\/stopdia\/hanketta-toteuttamassa\/","name":"Hanketta toteuttamassa - StopDia","isPartOf":{"@id":"https:\/\/sites.uef.fi\/stopdia\/#website"},"primaryImageOfPage":{"@id":"https:\/\/sites.uef.fi\/stopdia\/hanketta-toteuttamassa\/#primaryimage"},"image":{"@id":"https:\/\/sites.uef.fi\/stopdia\/hanketta-toteuttamassa\/#primaryimage"},"thumbnailUrl":"https:\/\/sites.uef.fi\/stopdia\/wp-content\/uploads\/sites\/90\/2020\/07\/thumbnailBVECAMXR.jpg","datePublished":"2020-06-16T16:02:50+00:00","dateModified":"2023-12-21T11:50:31+00:00","breadcrumb":{"@id":"https:\/\/sites.uef.fi\/stopdia\/hanketta-toteuttamassa\/#breadcrumb"},"inLanguage":"fi","potentialAction":[{"@type":"ReadAction","target":["https:\/\/sites.uef.fi\/stopdia\/hanketta-toteuttamassa\/"]}]},{"@type":"ImageObject","inLanguage":"fi","@id":"https:\/\/sites.uef.fi\/stopdia\/hanketta-toteuttamassa\/#primaryimage","url":"https:\/\/sites.uef.fi\/stopdia\/wp-content\/uploads\/sites\/90\/2020\/07\/thumbnailBVECAMXR.jpg","contentUrl":"https:\/\/sites.uef.fi\/stopdia\/wp-content\/uploads\/sites\/90\/2020\/07\/thumbnailBVECAMXR.jpg","width":795,"height":345},{"@type":"BreadcrumbList","@id":"https:\/\/sites.uef.fi\/stopdia\/hanketta-toteuttamassa\/#breadcrumb","itemListElement":[{"@type":"ListItem","position":1,"name":"Home","item":"https:\/\/sites.uef.fi\/stopdia\/"},{"@type":"ListItem","position":2,"name":"Hanketta toteuttamassa"}]},{"@type":"WebSite","@id":"https:\/\/sites.uef.fi\/stopdia\/#website","url":"https:\/\/sites.uef.fi\/stopdia\/","name":"StopDia","description":"","potentialAction":[{"@type":"SearchAction","target":{"@type":"EntryPoint","urlTemplate":"https:\/\/sites.uef.fi\/stopdia\/?s={search_term_string}"},"query-input":{"@type":"PropertyValueSpecification","valueRequired":true,"valueName":"search_term_string"}}],"inLanguage":"fi"}]}},"_links":{"self":[{"href":"https:\/\/sites.uef.fi\/stopdia\/wp-json\/wp\/v2\/pages\/391","targetHints":{"allow":["GET"]}}],"collection":[{"href":"https:\/\/sites.uef.fi\/stopdia\/wp-json\/wp\/v2\/pages"}],"about":[{"href":"https:\/\/sites.uef.fi\/stopdia\/wp-json\/wp\/v2\/types\/page"}],"author":[{"embeddable":true,"href":"https:\/\/sites.uef.fi\/stopdia\/wp-json\/wp\/v2\/users\/187"}],"replies":[{"embeddable":true,"href":"https:\/\/sites.uef.fi\/stopdia\/wp-json\/wp\/v2\/comments?post=391"}],"version-history":[{"count":1,"href":"https:\/\/sites.uef.fi\/stopdia\/wp-json\/wp\/v2\/pages\/391\/revisions"}],"predecessor-version":[{"id":5042,"href":"https:\/\/sites.uef.fi\/stopdia\/wp-json\/wp\/v2\/pages\/391\/revisions\/5042"}],"wp:attachment":[{"href":"https:\/\/sites.uef.fi\/stopdia\/wp-json\/wp\/v2\/media?parent=391"}],"curies":[{"name":"wp","href":"https:\/\/api.w.org\/{rel}","templated":true}]}}