{"id":400,"date":"2020-06-16T19:11:03","date_gmt":"2020-06-16T16:11:03","guid":{"rendered":"https:\/\/sites.uef.fi\/stopdia\/?page_id=400"},"modified":"2023-12-21T13:51:58","modified_gmt":"2023-12-21T11:51:58","slug":"tutkimusryhma","status":"publish","type":"page","link":"https:\/\/sites.uef.fi\/stopdia\/tutkimusryhma\/","title":{"rendered":"Tutkimusryhm\u00e4"},"content":{"rendered":"<p>Konsortion johtaja, dekaani, LT, Jussi Pihlajam\u00e4ki<img loading=\"lazy\" decoding=\"async\" class=\"alignright wp-image-4234 size-full\" src=\"https:\/\/sites.uef.fi\/stopdia\/wp-content\/uploads\/sites\/90\/2021\/02\/Pihlajamaki-Jussi.jpg\" alt=\"Jussi Pihlajam\u00e4ki, valokuva.\" width=\"100\" height=\"130\" \/><\/p>\n<p>It\u00e4-Suomen yliopisto, UEF<\/p>\n<p><a>jussi.pihlajamaki(at)uef.fi<\/a><\/p>\n<p>\u00a0<\/p>\n<p>Konsortion varajohtaja, professori, LT, Timo Lakka<img loading=\"lazy\" decoding=\"async\" class=\"alignright wp-image-4246\" src=\"https:\/\/sites.uef.fi\/stopdia\/wp-content\/uploads\/sites\/90\/2021\/02\/StopDia_Pihlajamaki_Lakka-e1612879350678.jpg\" alt=\"Timo Lakka, valokuva.\" width=\"100\" height=\"124\" srcset=\"https:\/\/sites.uef.fi\/stopdia\/wp-content\/uploads\/sites\/90\/2021\/02\/StopDia_Pihlajamaki_Lakka-e1612879350678.jpg 310w, https:\/\/sites.uef.fi\/stopdia\/wp-content\/uploads\/sites\/90\/2021\/02\/StopDia_Pihlajamaki_Lakka-e1612879350678-242x300.jpg 242w\" sizes=\"auto, (max-width: 100px) 100vw, 100px\" \/><\/p>\n<p>It\u00e4-Suomen yliopisto, UEF (yksil\u00f6interventiot)<\/p>\n<p><a>timo.lakka(at)uef.fi<\/a><\/p>\n<p>\u00a0<\/p>\n<p>Tutkimusjohtaja, Pst, dosentti, Pilvikki Absetz<img loading=\"lazy\" decoding=\"async\" class=\"alignright wp-image-3467\" src=\"https:\/\/sites.uef.fi\/stopdia\/wp-content\/uploads\/sites\/90\/2020\/10\/Pilvikki-Absetz-official-picture.png\" alt=\"Pilvikki Absetz, valokuva.\" width=\"100\" height=\"117\" srcset=\"https:\/\/sites.uef.fi\/stopdia\/wp-content\/uploads\/sites\/90\/2020\/10\/Pilvikki-Absetz-official-picture.png 990w, https:\/\/sites.uef.fi\/stopdia\/wp-content\/uploads\/sites\/90\/2020\/10\/Pilvikki-Absetz-official-picture-257x300.png 257w, https:\/\/sites.uef.fi\/stopdia\/wp-content\/uploads\/sites\/90\/2020\/10\/Pilvikki-Absetz-official-picture-877x1024.png 877w, https:\/\/sites.uef.fi\/stopdia\/wp-content\/uploads\/sites\/90\/2020\/10\/Pilvikki-Absetz-official-picture-768x897.png 768w\" sizes=\"auto, (max-width: 100px) 100vw, 100px\" \/><\/p>\n<p>It\u00e4-Suomen yliopisto, UEF (k\u00e4ytt\u00e4ytymisen muutos)<\/p>\n<p><a>pilvikki.absetz(at)gmail.com<\/a><\/p>\n<p>\u00a0<\/p>\n<p>Tutkimusp\u00e4\u00e4llikk\u00f6, FT, dosentti,\u00a0 Jaana Lindstr\u00f6m<img loading=\"lazy\" decoding=\"async\" class=\"alignright wp-image-3473\" src=\"https:\/\/sites.uef.fi\/stopdia\/wp-content\/uploads\/sites\/90\/2020\/10\/Jaana_Lindstr\u00f6m_4-e1601642601765.jpg\" alt=\"Jaana Lindstr\u00f6m, valokuva.\" width=\"100\" height=\"137\" srcset=\"https:\/\/sites.uef.fi\/stopdia\/wp-content\/uploads\/sites\/90\/2020\/10\/Jaana_Lindstr\u00f6m_4-e1601642601765.jpg 484w, https:\/\/sites.uef.fi\/stopdia\/wp-content\/uploads\/sites\/90\/2020\/10\/Jaana_Lindstr\u00f6m_4-e1601642601765-219x300.jpg 219w\" sizes=\"auto, (max-width: 100px) 100vw, 100px\" \/><\/p>\n<p>Terveyden ja hyvinvoinnin laitos, THL (diabetesriskin tunnistaminen)<\/p>\n<p><a>jaana.lindstrom(at)thl.fi <\/a><\/p>\n<p>\u00a0<\/p>\n<p>Erikoistutkija, FT, Marja Harjumaa<\/p>\n<p>Teknologian tutkimuskeskus VTT Oy (digitaaliset sovellukset)<\/p>\n<p><a>marja.harjumaa(at)vtt.fi <\/a><\/p>\n<p>marja.harjumaa(at)salivirta.fi<\/p>\n<p>\u00a0<\/p>\n<p>Tutkimusprofessori, TkT Kaisa Poutanen<\/p>\n<p>Teknologian tutkimuskeskus VTT Oy (ymp\u00e4rist\u00f6interventiot)<\/p>\n<p><a>kaisa.poutanen(at)vtt.fi<\/a><\/p>\n<p>\u00a0<\/p>\n<p>Professori, Janne Martikainen<\/p>\n<p>It\u00e4-Suomen yliopisto, UEF (terveystaoustiede, yhteiskunnallinen muutos)<\/p>\n<p><a>janne.martikainen(at)uef.fi <\/a><\/p>\n<p>\u00a0<\/p>\n<p>Tutkimushankkeen koordinaattori, TtT Tanja Tilles-Tirkkonen<img loading=\"lazy\" decoding=\"async\" class=\"alignright wp-image-4240 size-full\" src=\"https:\/\/sites.uef.fi\/stopdia\/wp-content\/uploads\/sites\/90\/2021\/02\/Tilles-Tirkkonen-Tanja.jpg\" alt=\"Tanja Tilles-Tirkkonen, valokuva.\" width=\"100\" height=\"130\" \/><\/p>\n<p>It\u00e4-Suomen yliopisto, UEF<\/p>\n<p><a>tanja.tilles-tirkkonen(at)uef.fi<\/a><\/p>\n<p>\u00a0<\/p>\n<h2><strong>Tutkimusryhm\u00e4\u00e4n kuuluvat my\u00f6s:<\/strong><\/h2>\n<p><a href=\"http:\/\/www.uef.fi\/fi\/etusivu\" target=\"_blank\" rel=\"noopener noreferrer\"><strong>It\u00e4-Suomen yliopisto (UEF)<\/strong><\/a><\/p>\n<ul>\n<li>Eeva Rantala, tutkija, TtM, (elinymp\u00e4rist\u00f6n tuuppaustoimet)<\/li>\n<li>Elina J\u00e4rvel\u00e4-Reijonen, tutkija, TtT, (yksil\u00f6interventiot)<\/li>\n<li>Juho Viitasalo, datamanageri, FM, (tutkimusdatan hallinta)<\/li>\n<li>Kari Jalkanen, proviisori (apteekkiyhteisty\u00f6)<\/li>\n<li>Kirsikka Aittola, nuorempi tutkija, ETM, (yksil\u00f6interventiot, sy\u00f6misk\u00e4ytt\u00e4ytyminen, Ruokavalioindeksi, sy\u00f6misen taito)<\/li>\n<li>Leila Karhunen, yliopistonlehtori, FT, dosentti, (sy\u00f6misk\u00e4ytt\u00e4ytyminen, psykososiaaliset tekij\u00e4t)<\/li>\n<li>Marjukka Kolehmainen, yliopistotutkija, FT, dosentti, (ruoan terveysvaikutukset, elintapainterventiot, ruokavaliot)<\/li>\n<li>Markus Kanerva, projektitutkija, VTM,\u00a0(elinymp\u00e4rist\u00f6n tuuppaustoimet)<\/li>\n<li>Nina Lintu, tutkija, TtM,\u00a0(fyysinen aktiivisuus)<\/li>\n<li>Pia Lavikainen, tutkijatohtori<\/li>\n<li>Reija M\u00e4nnikk\u00f6, tutkijatohtori, TtT, (yksil\u00f6interventiot, mittarit)<\/li>\n<li>Suvi J\u00e4rvinen, v\u00e4it\u00f6skirjaty\u00f6ntekij\u00e4, TtM, (yksil\u00f6interventiot)<\/li>\n<li>Ursula Schwab,\u00a0professori, FT, (ravitsemusinterventiot ja ravitsemushoito)<\/li>\n<\/ul>\n<p><a href=\"https:\/\/www.thl.fi\/fi\/\" target=\"_blank\" rel=\"noopener noreferrer\"><b>Terveyden ja hyvinvoinnnin laitos (THL)<\/b><\/a><\/p>\n<ul>\n<li>Esko Lev\u00e4lahti, tilastoasiantuntija, FM, (tilastoanalyysit)<\/li>\n<li>Katja Wikstr\u00f6m, tutkija, ETM, (sosioekonomiset terveyserot)<\/li>\n<li>Katri Hemi\u00f6, tutkija, ETM, (elintapainterventiot, ruokavalion mittaaminen)<\/li>\n<li>Kennet Harald, IT-suunnittelija, FM, (datamanageri)<\/li>\n<li>Markku Peltonen, tutkimusprofessori, (tilastollinen mallinnus)<\/li>\n<li>Pekka Jousilahti, tutkimusprofessori, (riskinarviointi)<\/li>\n<li>Riia J\u00e4rvenp\u00e4\u00e4, viestinn\u00e4n kehitt\u00e4misp\u00e4\u00e4llikk\u00f6, (viestint\u00e4)<\/li>\n<li>Tiina Laatikainen, professori, (diabeteksen ehk\u00e4isyyn liittyv\u00e4t l\u00e4\u00e4ketieteelliset kysymykset, elintapainterventiot, maahanmuuttajien terveyskysymykset)<\/li>\n<\/ul>\n<p><a href=\"http:\/\/www.vtt.fi\/\" target=\"_blank\" rel=\"noopener noreferrer\"><strong>Teknologian tutkimuskeskus, VTT<\/strong><\/a><\/p>\n<ul>\n<li>Johanna Lev\u00e4sluoto, tutkija, HM (yhteiskunnallinen muutos)<\/li>\n<li>Anton Sigfrids, tutkija, VM, (yhteiskunnallinen muutos)<\/li>\n<li>Eeva Rantala, tutkija, TtM, (ymp\u00e4rist\u00f6interventiot)<\/li>\n<li>Saara Pentik\u00e4inen, tutkija, TtT, (elinymp\u00e4rist\u00f6n tuuppaustoimet)<\/li>\n<li>Elina Mattila, tutkija, TkT, (digitaaliset sovellukset)<\/li>\n<\/ul>\n<p style=\"text-align: center\">\u00a0<\/p>\n<div class=\"journal-content-article\">\n<div class=\"video\">\n<p>\u00a0<\/p>\n<\/div>\n<\/div>\n\n    <div class=\"funders grid\">\n                        <div class=\"funders__item grid__item\">\n                            <div class=\"funders__image\">\n                    <img decoding=\"async\" src=\"https:\/\/sites.uef.fi\/stopdia\/wp-content\/uploads\/sites\/90\/2021\/01\/University_of_eastern_finland_logo.jpg\" alt=\"It\u00e4-Suomen yliopiston logo.\" \/>\n                <\/div>\n                                                <\/div>\n                        \n                        <div class=\"funders__item grid__item\">\n                            <div class=\"funders__image\">\n                    <img decoding=\"async\" src=\"https:\/\/sites.uef.fi\/stopdia\/wp-content\/uploads\/sites\/90\/2020\/07\/THL_tunnus_lyhyt_RGB_vihrea-1-1.jpg\" alt=\"Terveyden ja hyvinvoinnin laitoksen (THL) logo.\" \/>\n                <\/div>\n                                                <\/div>\n                        \n                        <div class=\"funders__item grid__item\">\n                            <div class=\"funders__image\">\n                    <img decoding=\"async\" src=\"https:\/\/sites.uef.fi\/stopdia\/wp-content\/uploads\/sites\/90\/2020\/07\/VTT_Orange_Logo-1.jpg\" alt=\"VTT:n logo.\" \/>\n                <\/div>\n                                                <\/div>\n                        \n            <\/div>\n\n\n    <div class=\"funders grid\">\n                        <div class=\"funders__item grid__item\">\n                            <div class=\"funders__image\">\n                    <img decoding=\"async\" src=\"https:\/\/sites.uef.fi\/stopdia\/wp-content\/uploads\/sites\/90\/2020\/08\/Suomen-Akatemia.jpg\" alt=\"Suomen Akatemia logo.\" \/>\n                <\/div>\n                                                <\/div>\n                        \n                        <div class=\"funders__item grid__item\">\n                            <div class=\"funders__image\">\n                    <img decoding=\"async\" src=\"https:\/\/sites.uef.fi\/stopdia\/wp-content\/uploads\/sites\/90\/2021\/01\/Suomen-akatemia_Strateginen-tutkimus_logo.jpg\" alt=\"Suomen Akatemia, strateginen tutkimus logo.\" \/>\n                <\/div>\n                                                <\/div>\n                        \n            <\/div>\n","protected":false},"excerpt":{"rendered":"<p>Konsortion johtaja, dekaani, LT, Jussi Pihlajam\u00e4ki It\u00e4-Suomen yliopisto, UEF jussi.pihlajamaki(at)uef.fi \u00a0 Konsortion varajohtaja, professori, LT, Timo Lakka It\u00e4-Suomen yliopisto, UEF (yksil\u00f6interventiot) timo.lakka(at)uef.fi \u00a0 Tutkimusjohtaja, Pst, dosentti, Pilvikki Absetz It\u00e4-Suomen yliopisto, UEF (k\u00e4ytt\u00e4ytymisen muutos) pilvikki.absetz(at)gmail.com \u00a0 Tutkimusp\u00e4\u00e4llikk\u00f6, FT, dosentti,\u00a0 Jaana Lindstr\u00f6m Terveyden ja hyvinvoinnin laitos, THL (diabetesriskin tunnistaminen) jaana.lindstrom(at)thl.fi \u00a0 Erikoistutkija, FT, Marja Harjumaa Teknologian tutkimuskeskus [&hellip;]<\/p>\n","protected":false},"author":187,"featured_media":0,"parent":0,"menu_order":0,"comment_status":"closed","ping_status":"closed","template":"","meta":{"_acf_changed":false,"_monsterinsights_skip_tracking":false,"_monsterinsights_sitenote_active":false,"_monsterinsights_sitenote_note":"","_monsterinsights_sitenote_category":0,"footnotes":""},"class_list":["post-400","page","type-page","status-publish","hentry"],"acf":[],"yoast_head":"<!-- This site is optimized with the Yoast SEO plugin v27.1.1 - https:\/\/yoast.com\/product\/yoast-seo-wordpress\/ -->\n<title>Tutkimusryhm\u00e4 - StopDia<\/title>\n<meta name=\"robots\" content=\"index, follow, max-snippet:-1, max-image-preview:large, max-video-preview:-1\" \/>\n<link rel=\"canonical\" href=\"https:\/\/sites.uef.fi\/stopdia\/tutkimusryhma\/\" \/>\n<meta property=\"og:locale\" content=\"fi_FI\" \/>\n<meta property=\"og:type\" content=\"article\" \/>\n<meta property=\"og:title\" content=\"Tutkimusryhm\u00e4 - StopDia\" \/>\n<meta property=\"og:description\" content=\"Konsortion johtaja, dekaani, LT, Jussi Pihlajam\u00e4ki It\u00e4-Suomen yliopisto, UEF jussi.pihlajamaki(at)uef.fi \u00a0 Konsortion varajohtaja, professori, LT, Timo Lakka It\u00e4-Suomen yliopisto, UEF (yksil\u00f6interventiot) timo.lakka(at)uef.fi \u00a0 Tutkimusjohtaja, Pst, dosentti, Pilvikki Absetz It\u00e4-Suomen yliopisto, UEF (k\u00e4ytt\u00e4ytymisen muutos) pilvikki.absetz(at)gmail.com \u00a0 Tutkimusp\u00e4\u00e4llikk\u00f6, FT, dosentti,\u00a0 Jaana Lindstr\u00f6m Terveyden ja hyvinvoinnin laitos, THL (diabetesriskin tunnistaminen) jaana.lindstrom(at)thl.fi \u00a0 Erikoistutkija, FT, Marja Harjumaa Teknologian tutkimuskeskus [&hellip;]\" \/>\n<meta property=\"og:url\" content=\"https:\/\/sites.uef.fi\/stopdia\/tutkimusryhma\/\" \/>\n<meta property=\"og:site_name\" content=\"StopDia\" \/>\n<meta property=\"article:modified_time\" content=\"2023-12-21T11:51:58+00:00\" \/>\n<meta property=\"og:image\" content=\"https:\/\/sites.uef.fi\/stopdia\/wp-content\/uploads\/sites\/90\/2021\/02\/Pihlajamaki-Jussi.jpg\" \/>\n<meta name=\"twitter:card\" content=\"summary_large_image\" \/>\n<meta name=\"twitter:label1\" content=\"Arvioitu lukuaika\" \/>\n\t<meta name=\"twitter:data1\" content=\"3 minuuttia\" \/>\n<script type=\"application\/ld+json\" class=\"yoast-schema-graph\">{\"@context\":\"https:\/\/schema.org\",\"@graph\":[{\"@type\":\"WebPage\",\"@id\":\"https:\/\/sites.uef.fi\/stopdia\/tutkimusryhma\/\",\"url\":\"https:\/\/sites.uef.fi\/stopdia\/tutkimusryhma\/\",\"name\":\"Tutkimusryhm\u00e4 - StopDia\",\"isPartOf\":{\"@id\":\"https:\/\/sites.uef.fi\/stopdia\/?lang=en\/#website\"},\"primaryImageOfPage\":{\"@id\":\"https:\/\/sites.uef.fi\/stopdia\/tutkimusryhma\/#primaryimage\"},\"image\":{\"@id\":\"https:\/\/sites.uef.fi\/stopdia\/tutkimusryhma\/#primaryimage\"},\"thumbnailUrl\":\"https:\/\/sites.uef.fi\/stopdia\/wp-content\/uploads\/sites\/90\/2021\/02\/Pihlajamaki-Jussi.jpg\",\"datePublished\":\"2020-06-16T16:11:03+00:00\",\"dateModified\":\"2023-12-21T11:51:58+00:00\",\"breadcrumb\":{\"@id\":\"https:\/\/sites.uef.fi\/stopdia\/tutkimusryhma\/#breadcrumb\"},\"inLanguage\":\"fi\",\"potentialAction\":[{\"@type\":\"ReadAction\",\"target\":[\"https:\/\/sites.uef.fi\/stopdia\/tutkimusryhma\/\"]}]},{\"@type\":\"ImageObject\",\"inLanguage\":\"fi\",\"@id\":\"https:\/\/sites.uef.fi\/stopdia\/tutkimusryhma\/#primaryimage\",\"url\":\"https:\/\/sites.uef.fi\/stopdia\/wp-content\/uploads\/sites\/90\/2021\/02\/Pihlajamaki-Jussi.jpg\",\"contentUrl\":\"https:\/\/sites.uef.fi\/stopdia\/wp-content\/uploads\/sites\/90\/2021\/02\/Pihlajamaki-Jussi.jpg\",\"width\":100,\"height\":130},{\"@type\":\"BreadcrumbList\",\"@id\":\"https:\/\/sites.uef.fi\/stopdia\/tutkimusryhma\/#breadcrumb\",\"itemListElement\":[{\"@type\":\"ListItem\",\"position\":1,\"name\":\"Home\",\"item\":\"https:\/\/sites.uef.fi\/stopdia\/\"},{\"@type\":\"ListItem\",\"position\":2,\"name\":\"Tutkimusryhm\u00e4\"}]},{\"@type\":\"WebSite\",\"@id\":\"https:\/\/sites.uef.fi\/stopdia\/?lang=en\/#website\",\"url\":\"https:\/\/sites.uef.fi\/stopdia\/?lang=en\/\",\"name\":\"StopDia\",\"description\":\"\",\"potentialAction\":[{\"@type\":\"SearchAction\",\"target\":{\"@type\":\"EntryPoint\",\"urlTemplate\":\"https:\/\/sites.uef.fi\/stopdia\/?lang=en\/?s={search_term_string}\"},\"query-input\":{\"@type\":\"PropertyValueSpecification\",\"valueRequired\":true,\"valueName\":\"search_term_string\"}}],\"inLanguage\":\"fi\"}]}<\/script>\n<!-- \/ Yoast SEO plugin. -->","yoast_head_json":{"title":"Tutkimusryhm\u00e4 - StopDia","robots":{"index":"index","follow":"follow","max-snippet":"max-snippet:-1","max-image-preview":"max-image-preview:large","max-video-preview":"max-video-preview:-1"},"canonical":"https:\/\/sites.uef.fi\/stopdia\/tutkimusryhma\/","og_locale":"fi_FI","og_type":"article","og_title":"Tutkimusryhm\u00e4 - StopDia","og_description":"Konsortion johtaja, dekaani, LT, Jussi Pihlajam\u00e4ki It\u00e4-Suomen yliopisto, UEF jussi.pihlajamaki(at)uef.fi \u00a0 Konsortion varajohtaja, professori, LT, Timo Lakka It\u00e4-Suomen yliopisto, UEF (yksil\u00f6interventiot) timo.lakka(at)uef.fi \u00a0 Tutkimusjohtaja, Pst, dosentti, Pilvikki Absetz It\u00e4-Suomen yliopisto, UEF (k\u00e4ytt\u00e4ytymisen muutos) pilvikki.absetz(at)gmail.com \u00a0 Tutkimusp\u00e4\u00e4llikk\u00f6, FT, dosentti,\u00a0 Jaana Lindstr\u00f6m Terveyden ja hyvinvoinnin laitos, THL (diabetesriskin tunnistaminen) jaana.lindstrom(at)thl.fi \u00a0 Erikoistutkija, FT, Marja Harjumaa Teknologian tutkimuskeskus [&hellip;]","og_url":"https:\/\/sites.uef.fi\/stopdia\/tutkimusryhma\/","og_site_name":"StopDia","article_modified_time":"2023-12-21T11:51:58+00:00","og_image":[{"url":"https:\/\/sites.uef.fi\/stopdia\/wp-content\/uploads\/sites\/90\/2021\/02\/Pihlajamaki-Jussi.jpg","type":"","width":"","height":""}],"twitter_card":"summary_large_image","twitter_misc":{"Arvioitu lukuaika":"3 minuuttia"},"schema":{"@context":"https:\/\/schema.org","@graph":[{"@type":"WebPage","@id":"https:\/\/sites.uef.fi\/stopdia\/tutkimusryhma\/","url":"https:\/\/sites.uef.fi\/stopdia\/tutkimusryhma\/","name":"Tutkimusryhm\u00e4 - StopDia","isPartOf":{"@id":"https:\/\/sites.uef.fi\/stopdia\/?lang=en\/#website"},"primaryImageOfPage":{"@id":"https:\/\/sites.uef.fi\/stopdia\/tutkimusryhma\/#primaryimage"},"image":{"@id":"https:\/\/sites.uef.fi\/stopdia\/tutkimusryhma\/#primaryimage"},"thumbnailUrl":"https:\/\/sites.uef.fi\/stopdia\/wp-content\/uploads\/sites\/90\/2021\/02\/Pihlajamaki-Jussi.jpg","datePublished":"2020-06-16T16:11:03+00:00","dateModified":"2023-12-21T11:51:58+00:00","breadcrumb":{"@id":"https:\/\/sites.uef.fi\/stopdia\/tutkimusryhma\/#breadcrumb"},"inLanguage":"fi","potentialAction":[{"@type":"ReadAction","target":["https:\/\/sites.uef.fi\/stopdia\/tutkimusryhma\/"]}]},{"@type":"ImageObject","inLanguage":"fi","@id":"https:\/\/sites.uef.fi\/stopdia\/tutkimusryhma\/#primaryimage","url":"https:\/\/sites.uef.fi\/stopdia\/wp-content\/uploads\/sites\/90\/2021\/02\/Pihlajamaki-Jussi.jpg","contentUrl":"https:\/\/sites.uef.fi\/stopdia\/wp-content\/uploads\/sites\/90\/2021\/02\/Pihlajamaki-Jussi.jpg","width":100,"height":130},{"@type":"BreadcrumbList","@id":"https:\/\/sites.uef.fi\/stopdia\/tutkimusryhma\/#breadcrumb","itemListElement":[{"@type":"ListItem","position":1,"name":"Home","item":"https:\/\/sites.uef.fi\/stopdia\/"},{"@type":"ListItem","position":2,"name":"Tutkimusryhm\u00e4"}]},{"@type":"WebSite","@id":"https:\/\/sites.uef.fi\/stopdia\/?lang=en\/#website","url":"https:\/\/sites.uef.fi\/stopdia\/?lang=en\/","name":"StopDia","description":"","potentialAction":[{"@type":"SearchAction","target":{"@type":"EntryPoint","urlTemplate":"https:\/\/sites.uef.fi\/stopdia\/?lang=en\/?s={search_term_string}"},"query-input":{"@type":"PropertyValueSpecification","valueRequired":true,"valueName":"search_term_string"}}],"inLanguage":"fi"}]}},"_links":{"self":[{"href":"https:\/\/sites.uef.fi\/stopdia\/wp-json\/wp\/v2\/pages\/400","targetHints":{"allow":["GET"]}}],"collection":[{"href":"https:\/\/sites.uef.fi\/stopdia\/wp-json\/wp\/v2\/pages"}],"about":[{"href":"https:\/\/sites.uef.fi\/stopdia\/wp-json\/wp\/v2\/types\/page"}],"author":[{"embeddable":true,"href":"https:\/\/sites.uef.fi\/stopdia\/wp-json\/wp\/v2\/users\/187"}],"replies":[{"embeddable":true,"href":"https:\/\/sites.uef.fi\/stopdia\/wp-json\/wp\/v2\/comments?post=400"}],"version-history":[{"count":2,"href":"https:\/\/sites.uef.fi\/stopdia\/wp-json\/wp\/v2\/pages\/400\/revisions"}],"predecessor-version":[{"id":5045,"href":"https:\/\/sites.uef.fi\/stopdia\/wp-json\/wp\/v2\/pages\/400\/revisions\/5045"}],"wp:attachment":[{"href":"https:\/\/sites.uef.fi\/stopdia\/wp-json\/wp\/v2\/media?parent=400"}],"curies":[{"name":"wp","href":"https:\/\/api.w.org\/{rel}","templated":true}]}}