{"id":445,"date":"2020-06-16T19:24:26","date_gmt":"2020-06-16T16:24:26","guid":{"rendered":"https:\/\/sites.uef.fi\/stopdia\/?page_id=445"},"modified":"2024-01-08T14:34:51","modified_gmt":"2024-01-08T12:34:51","slug":"materiaalipankki","status":"publish","type":"page","link":"https:\/\/sites.uef.fi\/stopdia\/materiaalipankki\/","title":{"rendered":"Materiaalipankki"},"content":{"rendered":"<h1>Materiaalipankki<\/h1>\n<p>T\u00e4\u00e4lt\u00e4 l\u00f6yd\u00e4t StopDia-hankkeessa k\u00e4ytettyj\u00e4 ja luotuja materiaaleja.<\/p>\n<h2>Ruokavalioindeksi (Healthy Diet Index)<\/h2>\n<div style=\"width: 800px;\" class=\"wp-video\"><video class=\"wp-video-shortcode\" id=\"video-445-1\" width=\"800\" height=\"800\" preload=\"metadata\" controls=\"controls\"><source type=\"video\/mp4\" src=\"https:\/\/sites.uef.fi\/stopdia\/wp-content\/uploads\/sites\/90\/2021\/03\/Ruokavalioindeksi-1.mp4?_=1\" \/><a href=\"https:\/\/sites.uef.fi\/stopdia\/wp-content\/uploads\/sites\/90\/2021\/03\/Ruokavalioindeksi-1.mp4\">https:\/\/sites.uef.fi\/stopdia\/wp-content\/uploads\/sites\/90\/2021\/03\/Ruokavalioindeksi-1.mp4<\/a><\/video><\/div>\n<p>Ruokavalioindeksin avulla voidaan arvioida ruokavalion kokonaislaatua suhteessa ravitsemussuosituksiin. Se kehitettiin osana StopDia-hanketta ja sen luomisessa oli mukana ravitsemusasiantuntijoita Terveyden ja hyvinvoinnin laitoksesta, It\u00e4-Suomen yliopistosta, Tampereen yliopistollisesta sairaalasta sek\u00e4 Pirkanmaan sairaanhoitopiirist\u00e4. Ruokavalioindeksi voidaan laskea DEHKON 2D-hankkeessa (2003\u20132008) kehitetyn ja StopDia-hankkeessa p\u00e4ivitetyn D2D-ruoank\u00e4ytt\u00f6kyselyn pohjalta.<\/p>\n<p>L\u00f6yd\u00e4t Ruokavalioindeksin laskemiseen tarvittavan pisteytyksen sek\u00e4 ruonk\u00e4ytt\u00f6kyselyn <a href=\"https:\/\/studentuef.sharepoint.com\/:f:\/s\/stopdia-tiedostot\/EgKfBJ7SFvlNumaG-nMf0psBoIC9QXfTz1ZoSeLNqURETA?e=wh1UTX\">StopDia-share pointista<\/a>. Viittaathan alkuper\u00e4isiin julkaisuihin niit\u00e4 k\u00e4ytt\u00e4ess\u00e4si. Hankkeen julkaisut l\u00f6yd\u00e4t <a href=\"https:\/\/sites.uef.fi\/stopdia\/julkaisut\/\">Julkaisut-sivulta<\/a>.<\/p>\n<p>Kokeile Ruokavalioindeksin demoversiota t\u00e4\u00e4lt\u00e4: <a href=\"https:\/\/master.d2n8hbhumswcb0.amplifyapp.com\/\">https:\/\/master.d2n8hbhumswcb0.amplifyapp.com\/<\/a><\/p>\n<p>Teemme mielell\u00e4mme yhteisty\u00f6t\u00e4 Ruokavalioindeksin kehitt\u00e4misess\u00e4 esimerkiksi osaksi terveydenhuollon palveluja. Ole meihin yhteydess\u00e4, jos esimerkiksi hankkeenne tarvitsee syntaxia Ruokavalioindeksin laskemiseen.<\/p>\n<h2>StopDia-ryhm\u00e4ohjausmateriaali<\/h2>\n<p><img loading=\"lazy\" decoding=\"async\" class=\"alignnone size-full wp-image-3652\" src=\"https:\/\/sites.uef.fi\/stopdia\/wp-content\/uploads\/sites\/90\/2020\/10\/StopDia-elintapaohjaus-1.jpg\" alt=\"\" width=\"1244\" height=\"586\" srcset=\"https:\/\/sites.uef.fi\/stopdia\/wp-content\/uploads\/sites\/90\/2020\/10\/StopDia-elintapaohjaus-1.jpg 1244w, https:\/\/sites.uef.fi\/stopdia\/wp-content\/uploads\/sites\/90\/2020\/10\/StopDia-elintapaohjaus-1-300x141.jpg 300w, https:\/\/sites.uef.fi\/stopdia\/wp-content\/uploads\/sites\/90\/2020\/10\/StopDia-elintapaohjaus-1-1024x482.jpg 1024w, https:\/\/sites.uef.fi\/stopdia\/wp-content\/uploads\/sites\/90\/2020\/10\/StopDia-elintapaohjaus-1-768x362.jpg 768w\" sizes=\"auto, (max-width: 1244px) 100vw, 1244px\" \/><\/p>\n<p>StopDia-elintapainterventioon kehitetty StopDia-ryhm\u00e4ohjausmalli sis\u00e4lsi painetun ryhm\u00e4ohjausmateriaalin. Nyt alkuper\u00e4inen StopDia-interventiossa k\u00e4ytetty ryhm\u00e4ohjausmateriaali sek\u00e4 p\u00e4ivitetty versio materiaalista ovat saatavilla pdf-tiedostoina. Niist\u00e4 voidaan painattaa A4-kokoiset vihkoset. Lue lis\u00e4\u00e4 materiaaleista <a href=\"https:\/\/sites.uef.fi\/stopdia\/voimaannuttava-ryhmaohjaus\/\">t\u00e4\u00e4lt\u00e4<\/a>. Materiaaliin kuuluu oma ohjevihko ohjaajille sek\u00e4 ty\u00f6vihko ryhm\u00e4ohjaukseen osallistujille.<\/p>\n<p>L\u00f6yd\u00e4t ryhm\u00e4ohjausmateriaalin <a href=\"_wp_link_placeholder\" data-wplink-edit=\"true\">t\u00e4\u00e4lt\u00e4<\/a>. <\/p>\n<h2>Pienet teot -digisovellus: konsepti ja Pienet teot -kirjasto<\/h2>\n<h2><img loading=\"lazy\" decoding=\"async\" class=\"alignnone size-full wp-image-2808\" src=\"https:\/\/sites.uef.fi\/stopdia\/wp-content\/uploads\/sites\/90\/2020\/08\/Pienet-teot-sovellus.jpg\" alt=\"\" width=\"1280\" height=\"720\" srcset=\"https:\/\/sites.uef.fi\/stopdia\/wp-content\/uploads\/sites\/90\/2020\/08\/Pienet-teot-sovellus.jpg 1280w, https:\/\/sites.uef.fi\/stopdia\/wp-content\/uploads\/sites\/90\/2020\/08\/Pienet-teot-sovellus-300x169.jpg 300w, https:\/\/sites.uef.fi\/stopdia\/wp-content\/uploads\/sites\/90\/2020\/08\/Pienet-teot-sovellus-1024x576.jpg 1024w, https:\/\/sites.uef.fi\/stopdia\/wp-content\/uploads\/sites\/90\/2020\/08\/Pienet-teot-sovellus-768x432.jpg 768w\" sizes=\"auto, (max-width: 1280px) 100vw, 1280px\" \/><\/h2>\n<p>StopDia-hankkeessa kehitettiin Pienet teot -digisovellus tukemaan terveellisten tapojen omaksumista. Pienet teot pohjautuu habit-teoriaan ja tutkimusn\u00e4ytt\u00f6\u00f6n elintapojen ja tyypin 2 diabeteksen yhteyksist\u00e4. Sovelluksen toiminnassa keski\u00f6ss\u00e4 on niin kutsuttu hyvien elintapojen kirjasto, joka sis\u00e4lt\u00e4\u00e4 yli 450 hyvinvointia tukevaa pient\u00e4 tekoa. N\u00e4ist\u00e4 teoista sovelluksen k\u00e4ytt\u00e4j\u00e4 voi valita itselleen sopia tekoja toteuttaakseen niit\u00e4 arjessa ja seurata niiden toteutumista. Pienet teot -kirjasto on lisensoitu Creative Commons Nime\u00e4 4.0 Kansainv\u00e4linen -k\u00e4ytt\u00f6luvalla ja on kaikkien saatavilla.<\/p>\n<p>Lataa Pienet teot -materiaali <a href=\"https:\/\/studentuef.sharepoint.com\/:f:\/s\/stopdia-tiedostot\/Et3juxboNxlFsusYUztTdu8Byjn9UtzQDhFukNOaFkcPjg?e=RuAy7h\">t\u00e4st\u00e4<\/a>.<\/p>\n<h2>StopDia-ty\u00f6kalupakki tuuppaukseen<\/h2>\n<p>Lataa k\u00e4ytt\u00f6\u00f6si <a href=\"https:\/\/studentuef.sharepoint.com\/:f:\/t\/stopdia\/Evt2OwRzPgJAjdjZqpa1_JoB_A3X-WgzAvrJRZCRlm_eHg?e=uwzDae\">StopDia-ty\u00f6kalupakki<\/a> terveyden edist\u00e4miseen ty\u00f6paikoilla.<img loading=\"lazy\" decoding=\"async\" class=\"wp-image-1945 alignnone\" style=\"margin: 0.5em 0px 0.5em 1em;height: 146px;text-align: left;color: #333333;text-transform: none;text-indent: 0px;letter-spacing: normal;font-size: 16px;font-style: normal;font-variant: normal;font-weight: 400;text-decoration: none;max-width: 100%;float: right\" src=\"https:\/\/sites.uef.fi\/stopdia\/wp-content\/uploads\/sites\/90\/2020\/07\/Verryta_kylki-219x300.jpg\" alt=\"\" width=\"107\" height=\"184\" \/><img loading=\"lazy\" decoding=\"async\" class=\"wp-image-1939 alignnone\" style=\"margin: 0.5em 0px 0.5em 1em;height: 145px;text-align: left;color: #333333;text-transform: none;text-indent: 0px;letter-spacing: normal;font-size: 16px;font-style: normal;font-variant: normal;font-weight: 400;text-decoration: none;max-width: 100%;float: right\" src=\"https:\/\/sites.uef.fi\/stopdia\/wp-content\/uploads\/sites\/90\/2020\/07\/Hedelmajengi_juliste_A2_vedos-214x300.jpg\" alt=\"\" width=\"104\" height=\"165\" \/><\/p>\n<ul>\n<li><a href=\"https:\/\/studentuef.sharepoint.com\/:f:\/t\/stopdia\/EppZpLJhCDRLhlyji35_xggBzpT_BPQnp9d_cp05Gy_Kww?e=ON6wZL\">Ev\u00e4st\u00e4!<\/a> (vinkkej\u00e4 terveellisiin ty\u00f6paikkaev\u00e4isiin)<\/li>\n<li><a href=\"https:\/\/studentuef.sharepoint.com\/:b:\/t\/stopdia\/EbzVrwYEeOlBmiao_8W17kkB8iTEqWUV_yO6kDmy0MRrVA?e=uT3ehX\">Stopdia-ty\u00f6kalupakki<\/a> (kertoo tiiviisti StopDia Ty\u00f6kalupakin tarkoituksen)<\/li>\n<li><a href=\"https:\/\/studentuef.sharepoint.com\/:f:\/t\/stopdia\/EndiPcmM0bVOlmr9Ka6iGh0Bh_xPIb7paUP5FAGoYBbtoQ?e=kjd7tS\">Hedelm\u00e4jengi<\/a> (vinkkej\u00e4 hedelmien k\u00e4yt\u00f6n lis\u00e4\u00e4miseen)<\/li>\n<li><a href=\"https:\/\/studentuef.sharepoint.com\/:f:\/t\/stopdia\/EgnM_EDEmRlHpi5Tj61zNmsBv6HzNhk49rhmQTGrHv7DFA?e=soBeMY\">Verryt\u00e4!<\/a> (vinkkej\u00e4 taukoliikuntaan)<\/li>\n<\/ul>\n<h2>Videoita<\/h2>\n<p>StopDia -hankkeen aikana tuotettiin useita videoita, jotka l\u00f6ytyv\u00e4t hankkeen <a href=\"https:\/\/www.youtube.com\/channel\/UCPOfRzSlDGTJkHmy-7SNp4w\">Youtube-kanavalta<\/a>.<\/p>\n<p>My\u00f6s <a href=\"https:\/\/www.youtube.com\/watch?v=AUYl89LKjzo&amp;t=1s\" target=\"_blank\" rel=\"noopener noreferrer\">Jope-videomme<\/a> l\u00f6ytyv\u00e4t YouTubesta.<\/p>\n<p>Lataa t\u00e4st\u00e4 videoita k\u00e4ytt\u00f6\u00f6n inforuutuihin:<\/p>\n<ul>\n<li><a href=\"https:\/\/vimeo.com\/user25499916\/review\/210584114\/5408821d6d\" target=\"_blank\" rel=\"noopener noreferrer\">Vaakamuotoinen video<\/a><\/li>\n<li><a href=\"https:\/\/vimeo.com\/user25499916\/review\/210584125\/9c0a958b60\" target=\"_blank\" rel=\"noopener noreferrer\">Pystymuotoinen video<\/a><\/li>\n<\/ul>\n<p><img loading=\"lazy\" decoding=\"async\" class=\"size-medium wp-image-1969 aligncenter\" src=\"https:\/\/sites.uef.fi\/stopdia\/wp-content\/uploads\/sites\/90\/2020\/07\/StopDia_Logo_Vaaka-1-300x96.png\" alt=\"\" width=\"300\" height=\"96\" srcset=\"https:\/\/sites.uef.fi\/stopdia\/wp-content\/uploads\/sites\/90\/2020\/07\/StopDia_Logo_Vaaka-1-300x96.png 300w, https:\/\/sites.uef.fi\/stopdia\/wp-content\/uploads\/sites\/90\/2020\/07\/StopDia_Logo_Vaaka-1-768x245.png 768w, https:\/\/sites.uef.fi\/stopdia\/wp-content\/uploads\/sites\/90\/2020\/07\/StopDia_Logo_Vaaka-1.png 800w\" sizes=\"auto, (max-width: 300px) 100vw, 300px\" \/><\/p>\n<p style=\"text-align: center\">\u00a0<\/p>\n\n    <div class=\"funders grid\">\n                        <div class=\"funders__item grid__item\">\n                            <div class=\"funders__image\">\n                    <img decoding=\"async\" src=\"https:\/\/sites.uef.fi\/stopdia\/wp-content\/uploads\/sites\/90\/2021\/01\/University_of_eastern_finland_logo.jpg\" alt=\"It\u00e4-Suomen yliopiston logo.\" \/>\n                <\/div>\n                                                <\/div>\n                        \n                        <div class=\"funders__item grid__item\">\n                            <div class=\"funders__image\">\n                    <img decoding=\"async\" src=\"https:\/\/sites.uef.fi\/stopdia\/wp-content\/uploads\/sites\/90\/2020\/07\/THL_tunnus_lyhyt_RGB_vihrea-1-1.jpg\" alt=\"Terveyden ja hyvinvoinnin laitoksen (THL) logo.\" \/>\n                <\/div>\n                                                <\/div>\n                        \n                        <div class=\"funders__item grid__item\">\n                            <div class=\"funders__image\">\n                    <img decoding=\"async\" src=\"https:\/\/sites.uef.fi\/stopdia\/wp-content\/uploads\/sites\/90\/2020\/07\/VTT_Orange_Logo-1.jpg\" alt=\"VTT:n logo.\" \/>\n                <\/div>\n                                                <\/div>\n                        \n            <\/div>\n\n\n    <div class=\"funders grid\">\n                        <div class=\"funders__item grid__item\">\n                            <div class=\"funders__image\">\n                    <img decoding=\"async\" src=\"https:\/\/sites.uef.fi\/stopdia\/wp-content\/uploads\/sites\/90\/2020\/08\/Suomen-Akatemia.jpg\" alt=\"Suomen Akatemia logo.\" \/>\n                <\/div>\n                                                <\/div>\n                        \n                        <div class=\"funders__item grid__item\">\n                            <div class=\"funders__image\">\n                    <img decoding=\"async\" src=\"https:\/\/sites.uef.fi\/stopdia\/wp-content\/uploads\/sites\/90\/2021\/01\/Suomen-akatemia_Strateginen-tutkimus_logo.jpg\" alt=\"Suomen Akatemia, strateginen tutkimus logo.\" \/>\n                <\/div>\n                                                <\/div>\n                        \n            <\/div>\n","protected":false},"excerpt":{"rendered":"<p>Materiaalipankki T\u00e4\u00e4lt\u00e4 l\u00f6yd\u00e4t StopDia-hankkeessa k\u00e4ytettyj\u00e4 ja luotuja materiaaleja. Ruokavalioindeksi (Healthy Diet Index) Ruokavalioindeksin avulla voidaan arvioida ruokavalion kokonaislaatua suhteessa ravitsemussuosituksiin. Se kehitettiin osana StopDia-hanketta ja sen luomisessa oli mukana ravitsemusasiantuntijoita Terveyden ja hyvinvoinnin laitoksesta, It\u00e4-Suomen yliopistosta, Tampereen yliopistollisesta sairaalasta sek\u00e4 Pirkanmaan sairaanhoitopiirist\u00e4. Ruokavalioindeksi voidaan laskea DEHKON 2D-hankkeessa (2003\u20132008) kehitetyn ja StopDia-hankkeessa p\u00e4ivitetyn D2D-ruoank\u00e4ytt\u00f6kyselyn pohjalta. L\u00f6yd\u00e4t [&hellip;]<\/p>\n","protected":false},"author":187,"featured_media":0,"parent":0,"menu_order":0,"comment_status":"closed","ping_status":"closed","template":"","meta":{"_acf_changed":false,"_monsterinsights_skip_tracking":false,"_monsterinsights_sitenote_active":false,"_monsterinsights_sitenote_note":"","_monsterinsights_sitenote_category":0,"footnotes":""},"class_list":["post-445","page","type-page","status-publish","hentry"],"acf":[],"yoast_head":"<!-- This site is optimized with the Yoast SEO plugin v27.3 - https:\/\/yoast.com\/product\/yoast-seo-wordpress\/ -->\n<title>Materiaalipankki - StopDia<\/title>\n<meta name=\"robots\" content=\"index, follow, max-snippet:-1, max-image-preview:large, max-video-preview:-1\" \/>\n<link rel=\"canonical\" href=\"https:\/\/sites.uef.fi\/stopdia\/materiaalipankki\/\" \/>\n<meta property=\"og:locale\" content=\"fi_FI\" \/>\n<meta property=\"og:type\" content=\"article\" \/>\n<meta property=\"og:title\" content=\"Materiaalipankki - StopDia\" \/>\n<meta property=\"og:description\" content=\"Materiaalipankki T\u00e4\u00e4lt\u00e4 l\u00f6yd\u00e4t StopDia-hankkeessa k\u00e4ytettyj\u00e4 ja luotuja materiaaleja. Ruokavalioindeksi (Healthy Diet Index) Ruokavalioindeksin avulla voidaan arvioida ruokavalion kokonaislaatua suhteessa ravitsemussuosituksiin. Se kehitettiin osana StopDia-hanketta ja sen luomisessa oli mukana ravitsemusasiantuntijoita Terveyden ja hyvinvoinnin laitoksesta, It\u00e4-Suomen yliopistosta, Tampereen yliopistollisesta sairaalasta sek\u00e4 Pirkanmaan sairaanhoitopiirist\u00e4. Ruokavalioindeksi voidaan laskea DEHKON 2D-hankkeessa (2003\u20132008) kehitetyn ja StopDia-hankkeessa p\u00e4ivitetyn D2D-ruoank\u00e4ytt\u00f6kyselyn pohjalta. L\u00f6yd\u00e4t [&hellip;]\" \/>\n<meta property=\"og:url\" content=\"https:\/\/sites.uef.fi\/stopdia\/materiaalipankki\/\" \/>\n<meta property=\"og:site_name\" content=\"StopDia\" \/>\n<meta property=\"article:modified_time\" content=\"2024-01-08T12:34:51+00:00\" \/>\n<meta property=\"og:image\" content=\"https:\/\/sites.uef.fi\/stopdia\/wp-content\/uploads\/sites\/90\/2020\/10\/StopDia-elintapaohjaus-1.jpg\" \/>\n<meta name=\"twitter:card\" content=\"summary_large_image\" \/>\n<meta name=\"twitter:label1\" content=\"Arvioitu lukuaika\" \/>\n\t<meta name=\"twitter:data1\" content=\"3 minuuttia\" \/>\n<script type=\"application\/ld+json\" class=\"yoast-schema-graph\">{\"@context\":\"https:\\\/\\\/schema.org\",\"@graph\":[{\"@type\":\"WebPage\",\"@id\":\"https:\\\/\\\/sites.uef.fi\\\/stopdia\\\/materiaalipankki\\\/\",\"url\":\"https:\\\/\\\/sites.uef.fi\\\/stopdia\\\/materiaalipankki\\\/\",\"name\":\"Materiaalipankki - StopDia\",\"isPartOf\":{\"@id\":\"https:\\\/\\\/sites.uef.fi\\\/stopdia\\\/#website\"},\"primaryImageOfPage\":{\"@id\":\"https:\\\/\\\/sites.uef.fi\\\/stopdia\\\/materiaalipankki\\\/#primaryimage\"},\"image\":{\"@id\":\"https:\\\/\\\/sites.uef.fi\\\/stopdia\\\/materiaalipankki\\\/#primaryimage\"},\"thumbnailUrl\":\"https:\\\/\\\/sites.uef.fi\\\/stopdia\\\/wp-content\\\/uploads\\\/sites\\\/90\\\/2020\\\/10\\\/StopDia-elintapaohjaus-1.jpg\",\"datePublished\":\"2020-06-16T16:24:26+00:00\",\"dateModified\":\"2024-01-08T12:34:51+00:00\",\"breadcrumb\":{\"@id\":\"https:\\\/\\\/sites.uef.fi\\\/stopdia\\\/materiaalipankki\\\/#breadcrumb\"},\"inLanguage\":\"fi\",\"potentialAction\":[{\"@type\":\"ReadAction\",\"target\":[\"https:\\\/\\\/sites.uef.fi\\\/stopdia\\\/materiaalipankki\\\/\"]}]},{\"@type\":\"ImageObject\",\"inLanguage\":\"fi\",\"@id\":\"https:\\\/\\\/sites.uef.fi\\\/stopdia\\\/materiaalipankki\\\/#primaryimage\",\"url\":\"https:\\\/\\\/sites.uef.fi\\\/stopdia\\\/wp-content\\\/uploads\\\/sites\\\/90\\\/2020\\\/10\\\/StopDia-elintapaohjaus-1.jpg\",\"contentUrl\":\"https:\\\/\\\/sites.uef.fi\\\/stopdia\\\/wp-content\\\/uploads\\\/sites\\\/90\\\/2020\\\/10\\\/StopDia-elintapaohjaus-1.jpg\",\"width\":1244,\"height\":586},{\"@type\":\"BreadcrumbList\",\"@id\":\"https:\\\/\\\/sites.uef.fi\\\/stopdia\\\/materiaalipankki\\\/#breadcrumb\",\"itemListElement\":[{\"@type\":\"ListItem\",\"position\":1,\"name\":\"Home\",\"item\":\"https:\\\/\\\/sites.uef.fi\\\/stopdia\\\/\"},{\"@type\":\"ListItem\",\"position\":2,\"name\":\"Materiaalipankki\"}]},{\"@type\":\"WebSite\",\"@id\":\"https:\\\/\\\/sites.uef.fi\\\/stopdia\\\/#website\",\"url\":\"https:\\\/\\\/sites.uef.fi\\\/stopdia\\\/\",\"name\":\"StopDia\",\"description\":\"\",\"potentialAction\":[{\"@type\":\"SearchAction\",\"target\":{\"@type\":\"EntryPoint\",\"urlTemplate\":\"https:\\\/\\\/sites.uef.fi\\\/stopdia\\\/?s={search_term_string}\"},\"query-input\":{\"@type\":\"PropertyValueSpecification\",\"valueRequired\":true,\"valueName\":\"search_term_string\"}}],\"inLanguage\":\"fi\"}]}<\/script>\n<!-- \/ Yoast SEO plugin. -->","yoast_head_json":{"title":"Materiaalipankki - StopDia","robots":{"index":"index","follow":"follow","max-snippet":"max-snippet:-1","max-image-preview":"max-image-preview:large","max-video-preview":"max-video-preview:-1"},"canonical":"https:\/\/sites.uef.fi\/stopdia\/materiaalipankki\/","og_locale":"fi_FI","og_type":"article","og_title":"Materiaalipankki - StopDia","og_description":"Materiaalipankki T\u00e4\u00e4lt\u00e4 l\u00f6yd\u00e4t StopDia-hankkeessa k\u00e4ytettyj\u00e4 ja luotuja materiaaleja. Ruokavalioindeksi (Healthy Diet Index) Ruokavalioindeksin avulla voidaan arvioida ruokavalion kokonaislaatua suhteessa ravitsemussuosituksiin. Se kehitettiin osana StopDia-hanketta ja sen luomisessa oli mukana ravitsemusasiantuntijoita Terveyden ja hyvinvoinnin laitoksesta, It\u00e4-Suomen yliopistosta, Tampereen yliopistollisesta sairaalasta sek\u00e4 Pirkanmaan sairaanhoitopiirist\u00e4. Ruokavalioindeksi voidaan laskea DEHKON 2D-hankkeessa (2003\u20132008) kehitetyn ja StopDia-hankkeessa p\u00e4ivitetyn D2D-ruoank\u00e4ytt\u00f6kyselyn pohjalta. L\u00f6yd\u00e4t [&hellip;]","og_url":"https:\/\/sites.uef.fi\/stopdia\/materiaalipankki\/","og_site_name":"StopDia","article_modified_time":"2024-01-08T12:34:51+00:00","og_image":[{"url":"https:\/\/sites.uef.fi\/stopdia\/wp-content\/uploads\/sites\/90\/2020\/10\/StopDia-elintapaohjaus-1.jpg","type":"","width":"","height":""}],"twitter_card":"summary_large_image","twitter_misc":{"Arvioitu lukuaika":"3 minuuttia"},"schema":{"@context":"https:\/\/schema.org","@graph":[{"@type":"WebPage","@id":"https:\/\/sites.uef.fi\/stopdia\/materiaalipankki\/","url":"https:\/\/sites.uef.fi\/stopdia\/materiaalipankki\/","name":"Materiaalipankki - StopDia","isPartOf":{"@id":"https:\/\/sites.uef.fi\/stopdia\/#website"},"primaryImageOfPage":{"@id":"https:\/\/sites.uef.fi\/stopdia\/materiaalipankki\/#primaryimage"},"image":{"@id":"https:\/\/sites.uef.fi\/stopdia\/materiaalipankki\/#primaryimage"},"thumbnailUrl":"https:\/\/sites.uef.fi\/stopdia\/wp-content\/uploads\/sites\/90\/2020\/10\/StopDia-elintapaohjaus-1.jpg","datePublished":"2020-06-16T16:24:26+00:00","dateModified":"2024-01-08T12:34:51+00:00","breadcrumb":{"@id":"https:\/\/sites.uef.fi\/stopdia\/materiaalipankki\/#breadcrumb"},"inLanguage":"fi","potentialAction":[{"@type":"ReadAction","target":["https:\/\/sites.uef.fi\/stopdia\/materiaalipankki\/"]}]},{"@type":"ImageObject","inLanguage":"fi","@id":"https:\/\/sites.uef.fi\/stopdia\/materiaalipankki\/#primaryimage","url":"https:\/\/sites.uef.fi\/stopdia\/wp-content\/uploads\/sites\/90\/2020\/10\/StopDia-elintapaohjaus-1.jpg","contentUrl":"https:\/\/sites.uef.fi\/stopdia\/wp-content\/uploads\/sites\/90\/2020\/10\/StopDia-elintapaohjaus-1.jpg","width":1244,"height":586},{"@type":"BreadcrumbList","@id":"https:\/\/sites.uef.fi\/stopdia\/materiaalipankki\/#breadcrumb","itemListElement":[{"@type":"ListItem","position":1,"name":"Home","item":"https:\/\/sites.uef.fi\/stopdia\/"},{"@type":"ListItem","position":2,"name":"Materiaalipankki"}]},{"@type":"WebSite","@id":"https:\/\/sites.uef.fi\/stopdia\/#website","url":"https:\/\/sites.uef.fi\/stopdia\/","name":"StopDia","description":"","potentialAction":[{"@type":"SearchAction","target":{"@type":"EntryPoint","urlTemplate":"https:\/\/sites.uef.fi\/stopdia\/?s={search_term_string}"},"query-input":{"@type":"PropertyValueSpecification","valueRequired":true,"valueName":"search_term_string"}}],"inLanguage":"fi"}]}},"_links":{"self":[{"href":"https:\/\/sites.uef.fi\/stopdia\/wp-json\/wp\/v2\/pages\/445","targetHints":{"allow":["GET"]}}],"collection":[{"href":"https:\/\/sites.uef.fi\/stopdia\/wp-json\/wp\/v2\/pages"}],"about":[{"href":"https:\/\/sites.uef.fi\/stopdia\/wp-json\/wp\/v2\/types\/page"}],"author":[{"embeddable":true,"href":"https:\/\/sites.uef.fi\/stopdia\/wp-json\/wp\/v2\/users\/187"}],"replies":[{"embeddable":true,"href":"https:\/\/sites.uef.fi\/stopdia\/wp-json\/wp\/v2\/comments?post=445"}],"version-history":[{"count":2,"href":"https:\/\/sites.uef.fi\/stopdia\/wp-json\/wp\/v2\/pages\/445\/revisions"}],"predecessor-version":[{"id":5232,"href":"https:\/\/sites.uef.fi\/stopdia\/wp-json\/wp\/v2\/pages\/445\/revisions\/5232"}],"wp:attachment":[{"href":"https:\/\/sites.uef.fi\/stopdia\/wp-json\/wp\/v2\/media?parent=445"}],"curies":[{"name":"wp","href":"https:\/\/api.w.org\/{rel}","templated":true}]}}