{"id":454,"date":"2020-06-16T19:25:59","date_gmt":"2020-06-16T16:25:59","guid":{"rendered":"https:\/\/sites.uef.fi\/stopdia\/?page_id=454"},"modified":"2023-12-21T13:48:31","modified_gmt":"2023-12-21T11:48:31","slug":"pa-svenska","status":"publish","type":"page","link":"https:\/\/sites.uef.fi\/stopdia\/pa-svenska\/","title":{"rendered":"P\u00e5 svenska"},"content":{"rendered":"\n<figure class=\"wp-block-image size-full is-resized\"><img loading=\"lazy\" decoding=\"async\" width=\"800\" height=\"600\" src=\"https:\/\/sites.uef.fi\/stopdia\/wp-content\/uploads\/sites\/90\/2020\/07\/StopDia_Logo_Pysty.png\" alt=\"\" class=\"wp-image-1978\" style=\"width:320px;height:auto\" srcset=\"https:\/\/sites.uef.fi\/stopdia\/wp-content\/uploads\/sites\/90\/2020\/07\/StopDia_Logo_Pysty.png 800w, https:\/\/sites.uef.fi\/stopdia\/wp-content\/uploads\/sites\/90\/2020\/07\/StopDia_Logo_Pysty-300x225.png 300w, https:\/\/sites.uef.fi\/stopdia\/wp-content\/uploads\/sites\/90\/2020\/07\/StopDia_Logo_Pysty-768x576.png 768w\" sizes=\"auto, (max-width: 800px) 100vw, 800px\" \/><\/figure>\n\n\n\n<h2 class=\"wp-block-heading\">Vi s\u00e4tter stopp f\u00f6r typ 2-diabetes \u2013 StopDia<\/h2>\n\n\n\n<p>Digital teknik och f\u00f6r\u00e4ndringar i livsmilj\u00f6n som hj\u00e4lp i f\u00f6rebyggandet av typ 2-diabetes.<\/p>\n\n\n\n<p>Stop Diabetes (StopDia) \u00e4r ett omfattande finl\u00e4ndskt forskningsprojekt som siktar p\u00e5 att f\u00f6rebygga typ 2-diabetes.<\/p>\n\n\n\n<p>Inom projektet skapas de nyaste forskningsdata med hj\u00e4lp av ett koncept, eller modell, som fr\u00e4mjar v\u00e4lf\u00e4rd och h\u00e4lsosamma levnadsvanor. Med hj\u00e4lp av modellen ska f\u00f6rekomsten av typ 2-diabetes avsev\u00e4rt minskas.<\/p>\n\n\n\n<p>Forskningsprojektet StopDia siktar p\u00e5 en effektivare identifiering av personer med diabetesrisk. Du kan ta reda p\u00e5 din egen risk med hj\u00e4lp av ett risktest p\u00e5 n\u00e4tet.<\/p>\n\n\n\n<p>Som st\u00f6d f\u00f6r f\u00f6r\u00e4ndringarna i levnadsvanor anv\u00e4nds digital teknik och grupphandledning p\u00e5 ett nytt s\u00e4tt.<\/p>\n\n\n\n<p>Ut\u00f6ver v\u00e4lf\u00e4rdsmodellen som riktar sig till individen har projektet som specialitet att beakta m\u00e4nniskans hela livsmilj\u00f6. Med god planering \u00e4r det m\u00f6jligt att styra m\u00e4nniskor att v\u00e4lja m\u00e5ltider som de m\u00e5r bra av och att motionera mera.<\/p>\n\n\n\n<p>Forskningsprojektet tar fram modellen StopDia f\u00f6r h\u00e4lsov\u00e5rden och landskapen med syfte att \u00e5stadkomma best\u00e5ende f\u00f6r\u00e4ndringar i livsstilen. I modellen f\u00f6renas f\u00f6r\u00e4ndringar dels p\u00e5 individ- och dels p\u00e5 milj\u00f6planet.<\/p>\n\n\n\n<p>Inom projektet f\u00f6rutsp\u00e5s dessutom de h\u00e4lsoekonomiska konsekvenserna och en modell f\u00f6r v\u00e4garna till f\u00f6r\u00e4ndring byggs upp. Vilka f\u00f6r\u00e4ndringar b\u00f6r g\u00f6ras p\u00e5 samh\u00e4llsplanet, p\u00e5 regionplanet eller med avseende p\u00e5 de olika intressentgrupperna, vilka \u00e4r f\u00f6r\u00e4ndringsakt\u00f6rerna och vilka faktorer hindrar respektive bidrar till en f\u00f6r\u00e4ndring? Och hur stora \u00e4r kostnadseffekterna?<\/p>\n\n\n\n<p>Effekterna av modellen StopDia p\u00e5 levnadsvanorna och diabetesrisken unders\u00f6ks i en kontrollerad studie, till vilken vi f\u00f6rs\u00f6ker f\u00e5 med 5 000 finl\u00e4ndare med f\u00f6rh\u00f6jd diabetesrisk fr\u00e5n och med v\u00e5ren 2017. Av deltagarna f\u00e5r en del tillg\u00e5ng till applikationen Pienet teot (Sm\u00e5 \u00e5tg\u00e4rder), som utvecklats p\u00e5 VTT, och en del deltar dessutom i grupphandledning. En tredje del ing\u00e5r i kontrollgruppen och f\u00e5r tillg\u00e5ng till applikationen efter studien.<\/p>\n\n\n\n<p>Under forskningsprojektets g\u00e5ng tas m\u00e5ngsidiga och tillf\u00f6rlitliga forskningsdata fram, fr\u00e5n effektiva rekryteringskanaler f\u00f6r v\u00e4lf\u00e4rdsprogram till h\u00e4lsoekonomisk forskning.<\/p>\n\n\n\n<p>Forskningsprojektet ing\u00e5r i programmet H\u00e4lsa, v\u00e4lf\u00e4rd och levnadsvanor finansierat av R\u00e5det f\u00f6r strategisk forskning vid Finlands Akademi. Det genomf\u00f6rs i samarbete mellan \u00d6stra Finlands universitet, Institutet f\u00f6r h\u00e4lsa och v\u00e4lf\u00e4rd, Teknologiska forskningscentralen VTT och flera intressentgrupper under \u00e5ren 2016\u20132019.<\/p>\n\n\n    <div class=\"funders grid\">\n                        <div class=\"funders__item grid__item\">\n                            <div class=\"funders__image\">\n                    <img decoding=\"async\" src=\"https:\/\/sites.uef.fi\/stopdia\/wp-content\/uploads\/sites\/90\/2021\/01\/University_of_eastern_finland_logo.jpg\" alt=\"It\u00e4-Suomen yliopiston logo.\" \/>\n                <\/div>\n                                                <\/div>\n                        \n                        <div class=\"funders__item grid__item\">\n                            <div class=\"funders__image\">\n                    <img decoding=\"async\" src=\"https:\/\/sites.uef.fi\/stopdia\/wp-content\/uploads\/sites\/90\/2020\/07\/THL_tunnus_lyhyt_RGB_vihrea-1-1.jpg\" alt=\"Terveyden ja hyvinvoinnin laitoksen (THL) logo.\" \/>\n                <\/div>\n                                                <\/div>\n                        \n                        <div class=\"funders__item grid__item\">\n                            <div class=\"funders__image\">\n                    <img decoding=\"async\" src=\"https:\/\/sites.uef.fi\/stopdia\/wp-content\/uploads\/sites\/90\/2020\/07\/VTT_Orange_Logo-1.jpg\" alt=\"VTT:n logo.\" \/>\n                <\/div>\n                                                <\/div>\n                        \n            <\/div>\n\n\n    <div class=\"funders grid\">\n                        <div class=\"funders__item grid__item\">\n                            <div class=\"funders__image\">\n                    <img decoding=\"async\" src=\"https:\/\/sites.uef.fi\/stopdia\/wp-content\/uploads\/sites\/90\/2020\/08\/Suomen-Akatemia.jpg\" alt=\"Suomen Akatemia logo.\" \/>\n                <\/div>\n                                                <\/div>\n                        \n                        <div class=\"funders__item grid__item\">\n                            <div class=\"funders__image\">\n                    <img decoding=\"async\" src=\"https:\/\/sites.uef.fi\/stopdia\/wp-content\/uploads\/sites\/90\/2021\/01\/Suomen-akatemia_Strateginen-tutkimus_logo.jpg\" alt=\"Suomen Akatemia, strateginen tutkimus logo.\" \/>\n                <\/div>\n                                                <\/div>\n                        \n            <\/div>\n","protected":false},"excerpt":{"rendered":"<p>Vi s\u00e4tter stopp f\u00f6r typ 2-diabetes \u2013 StopDia Digital teknik och f\u00f6r\u00e4ndringar i livsmilj\u00f6n som hj\u00e4lp i f\u00f6rebyggandet av typ 2-diabetes. Stop Diabetes (StopDia) \u00e4r ett omfattande finl\u00e4ndskt forskningsprojekt som siktar p\u00e5 att f\u00f6rebygga typ 2-diabetes. Inom projektet skapas de nyaste forskningsdata med hj\u00e4lp av ett koncept, eller modell, som fr\u00e4mjar v\u00e4lf\u00e4rd och h\u00e4lsosamma levnadsvanor. [&hellip;]<\/p>\n","protected":false},"author":187,"featured_media":0,"parent":0,"menu_order":0,"comment_status":"closed","ping_status":"closed","template":"","meta":{"_acf_changed":false,"_monsterinsights_skip_tracking":false,"_monsterinsights_sitenote_active":false,"_monsterinsights_sitenote_note":"","_monsterinsights_sitenote_category":0,"footnotes":""},"class_list":["post-454","page","type-page","status-publish","hentry"],"acf":[],"yoast_head":"<!-- This site is optimized with the Yoast SEO plugin v27.3 - https:\/\/yoast.com\/product\/yoast-seo-wordpress\/ -->\n<title>P\u00e5 svenska - StopDia<\/title>\n<meta name=\"robots\" content=\"index, follow, max-snippet:-1, max-image-preview:large, max-video-preview:-1\" \/>\n<link rel=\"canonical\" href=\"https:\/\/sites.uef.fi\/stopdia\/pa-svenska\/\" \/>\n<meta property=\"og:locale\" content=\"fi_FI\" \/>\n<meta property=\"og:type\" content=\"article\" \/>\n<meta property=\"og:title\" content=\"P\u00e5 svenska - StopDia\" \/>\n<meta property=\"og:description\" content=\"Vi s\u00e4tter stopp f\u00f6r typ 2-diabetes \u2013 StopDia Digital teknik och f\u00f6r\u00e4ndringar i livsmilj\u00f6n som hj\u00e4lp i f\u00f6rebyggandet av typ 2-diabetes. Stop Diabetes (StopDia) \u00e4r ett omfattande finl\u00e4ndskt forskningsprojekt som siktar p\u00e5 att f\u00f6rebygga typ 2-diabetes. Inom projektet skapas de nyaste forskningsdata med hj\u00e4lp av ett koncept, eller modell, som fr\u00e4mjar v\u00e4lf\u00e4rd och h\u00e4lsosamma levnadsvanor. [&hellip;]\" \/>\n<meta property=\"og:url\" content=\"https:\/\/sites.uef.fi\/stopdia\/pa-svenska\/\" \/>\n<meta property=\"og:site_name\" content=\"StopDia\" \/>\n<meta property=\"article:modified_time\" content=\"2023-12-21T11:48:31+00:00\" \/>\n<meta property=\"og:image\" content=\"https:\/\/sites.uef.fi\/stopdia\/wp-content\/uploads\/sites\/90\/2020\/07\/StopDia_Logo_Pysty.png\" \/>\n<meta name=\"twitter:card\" content=\"summary_large_image\" \/>\n<meta name=\"twitter:label1\" content=\"Arvioitu lukuaika\" \/>\n\t<meta name=\"twitter:data1\" content=\"2 minuuttia\" \/>\n<script type=\"application\/ld+json\" class=\"yoast-schema-graph\">{\"@context\":\"https:\\\/\\\/schema.org\",\"@graph\":[{\"@type\":\"WebPage\",\"@id\":\"https:\\\/\\\/sites.uef.fi\\\/stopdia\\\/pa-svenska\\\/\",\"url\":\"https:\\\/\\\/sites.uef.fi\\\/stopdia\\\/pa-svenska\\\/\",\"name\":\"P\u00e5 svenska - StopDia\",\"isPartOf\":{\"@id\":\"https:\\\/\\\/sites.uef.fi\\\/stopdia\\\/#website\"},\"primaryImageOfPage\":{\"@id\":\"https:\\\/\\\/sites.uef.fi\\\/stopdia\\\/pa-svenska\\\/#primaryimage\"},\"image\":{\"@id\":\"https:\\\/\\\/sites.uef.fi\\\/stopdia\\\/pa-svenska\\\/#primaryimage\"},\"thumbnailUrl\":\"https:\\\/\\\/sites.uef.fi\\\/stopdia\\\/wp-content\\\/uploads\\\/sites\\\/90\\\/2020\\\/07\\\/StopDia_Logo_Pysty.png\",\"datePublished\":\"2020-06-16T16:25:59+00:00\",\"dateModified\":\"2023-12-21T11:48:31+00:00\",\"breadcrumb\":{\"@id\":\"https:\\\/\\\/sites.uef.fi\\\/stopdia\\\/pa-svenska\\\/#breadcrumb\"},\"inLanguage\":\"fi\",\"potentialAction\":[{\"@type\":\"ReadAction\",\"target\":[\"https:\\\/\\\/sites.uef.fi\\\/stopdia\\\/pa-svenska\\\/\"]}]},{\"@type\":\"ImageObject\",\"inLanguage\":\"fi\",\"@id\":\"https:\\\/\\\/sites.uef.fi\\\/stopdia\\\/pa-svenska\\\/#primaryimage\",\"url\":\"https:\\\/\\\/sites.uef.fi\\\/stopdia\\\/wp-content\\\/uploads\\\/sites\\\/90\\\/2020\\\/07\\\/StopDia_Logo_Pysty.png\",\"contentUrl\":\"https:\\\/\\\/sites.uef.fi\\\/stopdia\\\/wp-content\\\/uploads\\\/sites\\\/90\\\/2020\\\/07\\\/StopDia_Logo_Pysty.png\",\"width\":800,\"height\":600},{\"@type\":\"BreadcrumbList\",\"@id\":\"https:\\\/\\\/sites.uef.fi\\\/stopdia\\\/pa-svenska\\\/#breadcrumb\",\"itemListElement\":[{\"@type\":\"ListItem\",\"position\":1,\"name\":\"Home\",\"item\":\"https:\\\/\\\/sites.uef.fi\\\/stopdia\\\/\"},{\"@type\":\"ListItem\",\"position\":2,\"name\":\"P\u00e5 svenska\"}]},{\"@type\":\"WebSite\",\"@id\":\"https:\\\/\\\/sites.uef.fi\\\/stopdia\\\/#website\",\"url\":\"https:\\\/\\\/sites.uef.fi\\\/stopdia\\\/\",\"name\":\"StopDia\",\"description\":\"\",\"potentialAction\":[{\"@type\":\"SearchAction\",\"target\":{\"@type\":\"EntryPoint\",\"urlTemplate\":\"https:\\\/\\\/sites.uef.fi\\\/stopdia\\\/?s={search_term_string}\"},\"query-input\":{\"@type\":\"PropertyValueSpecification\",\"valueRequired\":true,\"valueName\":\"search_term_string\"}}],\"inLanguage\":\"fi\"}]}<\/script>\n<!-- \/ Yoast SEO plugin. -->","yoast_head_json":{"title":"P\u00e5 svenska - StopDia","robots":{"index":"index","follow":"follow","max-snippet":"max-snippet:-1","max-image-preview":"max-image-preview:large","max-video-preview":"max-video-preview:-1"},"canonical":"https:\/\/sites.uef.fi\/stopdia\/pa-svenska\/","og_locale":"fi_FI","og_type":"article","og_title":"P\u00e5 svenska - StopDia","og_description":"Vi s\u00e4tter stopp f\u00f6r typ 2-diabetes \u2013 StopDia Digital teknik och f\u00f6r\u00e4ndringar i livsmilj\u00f6n som hj\u00e4lp i f\u00f6rebyggandet av typ 2-diabetes. Stop Diabetes (StopDia) \u00e4r ett omfattande finl\u00e4ndskt forskningsprojekt som siktar p\u00e5 att f\u00f6rebygga typ 2-diabetes. Inom projektet skapas de nyaste forskningsdata med hj\u00e4lp av ett koncept, eller modell, som fr\u00e4mjar v\u00e4lf\u00e4rd och h\u00e4lsosamma levnadsvanor. [&hellip;]","og_url":"https:\/\/sites.uef.fi\/stopdia\/pa-svenska\/","og_site_name":"StopDia","article_modified_time":"2023-12-21T11:48:31+00:00","og_image":[{"url":"https:\/\/sites.uef.fi\/stopdia\/wp-content\/uploads\/sites\/90\/2020\/07\/StopDia_Logo_Pysty.png","type":"","width":"","height":""}],"twitter_card":"summary_large_image","twitter_misc":{"Arvioitu lukuaika":"2 minuuttia"},"schema":{"@context":"https:\/\/schema.org","@graph":[{"@type":"WebPage","@id":"https:\/\/sites.uef.fi\/stopdia\/pa-svenska\/","url":"https:\/\/sites.uef.fi\/stopdia\/pa-svenska\/","name":"P\u00e5 svenska - StopDia","isPartOf":{"@id":"https:\/\/sites.uef.fi\/stopdia\/#website"},"primaryImageOfPage":{"@id":"https:\/\/sites.uef.fi\/stopdia\/pa-svenska\/#primaryimage"},"image":{"@id":"https:\/\/sites.uef.fi\/stopdia\/pa-svenska\/#primaryimage"},"thumbnailUrl":"https:\/\/sites.uef.fi\/stopdia\/wp-content\/uploads\/sites\/90\/2020\/07\/StopDia_Logo_Pysty.png","datePublished":"2020-06-16T16:25:59+00:00","dateModified":"2023-12-21T11:48:31+00:00","breadcrumb":{"@id":"https:\/\/sites.uef.fi\/stopdia\/pa-svenska\/#breadcrumb"},"inLanguage":"fi","potentialAction":[{"@type":"ReadAction","target":["https:\/\/sites.uef.fi\/stopdia\/pa-svenska\/"]}]},{"@type":"ImageObject","inLanguage":"fi","@id":"https:\/\/sites.uef.fi\/stopdia\/pa-svenska\/#primaryimage","url":"https:\/\/sites.uef.fi\/stopdia\/wp-content\/uploads\/sites\/90\/2020\/07\/StopDia_Logo_Pysty.png","contentUrl":"https:\/\/sites.uef.fi\/stopdia\/wp-content\/uploads\/sites\/90\/2020\/07\/StopDia_Logo_Pysty.png","width":800,"height":600},{"@type":"BreadcrumbList","@id":"https:\/\/sites.uef.fi\/stopdia\/pa-svenska\/#breadcrumb","itemListElement":[{"@type":"ListItem","position":1,"name":"Home","item":"https:\/\/sites.uef.fi\/stopdia\/"},{"@type":"ListItem","position":2,"name":"P\u00e5 svenska"}]},{"@type":"WebSite","@id":"https:\/\/sites.uef.fi\/stopdia\/#website","url":"https:\/\/sites.uef.fi\/stopdia\/","name":"StopDia","description":"","potentialAction":[{"@type":"SearchAction","target":{"@type":"EntryPoint","urlTemplate":"https:\/\/sites.uef.fi\/stopdia\/?s={search_term_string}"},"query-input":{"@type":"PropertyValueSpecification","valueRequired":true,"valueName":"search_term_string"}}],"inLanguage":"fi"}]}},"_links":{"self":[{"href":"https:\/\/sites.uef.fi\/stopdia\/wp-json\/wp\/v2\/pages\/454","targetHints":{"allow":["GET"]}}],"collection":[{"href":"https:\/\/sites.uef.fi\/stopdia\/wp-json\/wp\/v2\/pages"}],"about":[{"href":"https:\/\/sites.uef.fi\/stopdia\/wp-json\/wp\/v2\/types\/page"}],"author":[{"embeddable":true,"href":"https:\/\/sites.uef.fi\/stopdia\/wp-json\/wp\/v2\/users\/187"}],"replies":[{"embeddable":true,"href":"https:\/\/sites.uef.fi\/stopdia\/wp-json\/wp\/v2\/comments?post=454"}],"version-history":[{"count":1,"href":"https:\/\/sites.uef.fi\/stopdia\/wp-json\/wp\/v2\/pages\/454\/revisions"}],"predecessor-version":[{"id":5036,"href":"https:\/\/sites.uef.fi\/stopdia\/wp-json\/wp\/v2\/pages\/454\/revisions\/5036"}],"wp:attachment":[{"href":"https:\/\/sites.uef.fi\/stopdia\/wp-json\/wp\/v2\/media?parent=454"}],"curies":[{"name":"wp","href":"https:\/\/api.w.org\/{rel}","templated":true}]}}