{"id":463,"date":"2020-06-16T19:27:48","date_gmt":"2020-06-16T16:27:48","guid":{"rendered":"https:\/\/sites.uef.fi\/stopdia\/?page_id=463"},"modified":"2023-12-21T14:39:43","modified_gmt":"2023-12-21T12:39:43","slug":"yhteystiedot","status":"publish","type":"page","link":"https:\/\/sites.uef.fi\/stopdia\/yhteystiedot\/","title":{"rendered":"Yhteystiedot"},"content":{"rendered":"\n<h2 class=\"wp-block-heading\">Ole yhteydess\u00e4 ja kysy lis\u00e4\u00e4:<\/h2>\n\n\n\n<figure class=\"wp-block-image alignright\"><img decoding=\"async\" src=\"https:\/\/www3.uef.fi\/documents\/1022624\/1064970\/Pihlajama%CC%88ki+Jussi-100x130.jpg\/44530993-9f2d-4bd9-aa29-1e630a75e0c8?t=1470388753000\" alt=\"\" \/><\/figure>\n\n\n\n<p>Konsortion johtaja, professori, LT, <strong>Jussi Pihlajam\u00e4ki<\/strong><\/p>\n\n\n\n<p>It\u00e4-Suomen yliopisto, Kuopion kampus<\/p>\n\n\n\n<p>Kansanterveystieteen ja kliinisen ravitsemustieteen yksikk\u00f6<\/p>\n\n\n\n<p><a href=\"mailto:jussi.pihlajamaki@uef.fi\">jussi.pihlajamaki(at)uef.fi<\/a>, p. +35850 344 0187<\/p>\n\n\n\n<p><a href=\"mailto:stopdia@uef.fi\">stopdia(at)uef.fi<\/a><\/p>\n\n\n    <div class=\"funders grid\">\n                        <div class=\"funders__item grid__item\">\n                            <div class=\"funders__image\">\n                    <img decoding=\"async\" src=\"https:\/\/sites.uef.fi\/stopdia\/wp-content\/uploads\/sites\/90\/2021\/01\/University_of_eastern_finland_logo.jpg\" alt=\"It\u00e4-Suomen yliopiston logo.\" \/>\n                <\/div>\n                                                <\/div>\n                        \n                        <div class=\"funders__item grid__item\">\n                            <div class=\"funders__image\">\n                    <img decoding=\"async\" src=\"https:\/\/sites.uef.fi\/stopdia\/wp-content\/uploads\/sites\/90\/2020\/07\/THL_tunnus_lyhyt_RGB_vihrea-1-1.jpg\" alt=\"Terveyden ja hyvinvoinnin laitoksen (THL) logo.\" \/>\n                <\/div>\n                                                <\/div>\n                        \n                        <div class=\"funders__item grid__item\">\n                            <div class=\"funders__image\">\n                    <img decoding=\"async\" src=\"https:\/\/sites.uef.fi\/stopdia\/wp-content\/uploads\/sites\/90\/2020\/07\/VTT_Orange_Logo-1.jpg\" alt=\"VTT:n logo.\" \/>\n                <\/div>\n                                                <\/div>\n                        \n            <\/div>\n\n\n    <div class=\"funders grid\">\n                        <div class=\"funders__item grid__item\">\n                            <div class=\"funders__image\">\n                    <img decoding=\"async\" src=\"https:\/\/sites.uef.fi\/stopdia\/wp-content\/uploads\/sites\/90\/2020\/08\/Suomen-Akatemia.jpg\" alt=\"Suomen Akatemia logo.\" \/>\n                <\/div>\n                                                <\/div>\n                        \n                        <div class=\"funders__item grid__item\">\n                            <div class=\"funders__image\">\n                    <img decoding=\"async\" src=\"https:\/\/sites.uef.fi\/stopdia\/wp-content\/uploads\/sites\/90\/2021\/01\/Suomen-akatemia_Strateginen-tutkimus_logo.jpg\" alt=\"Suomen Akatemia, strateginen tutkimus logo.\" \/>\n                <\/div>\n                                                <\/div>\n                        \n            <\/div>\n","protected":false},"excerpt":{"rendered":"<p>Ole yhteydess\u00e4 ja kysy lis\u00e4\u00e4: Konsortion johtaja, professori, LT, Jussi Pihlajam\u00e4ki It\u00e4-Suomen yliopisto, Kuopion kampus Kansanterveystieteen ja kliinisen ravitsemustieteen yksikk\u00f6 jussi.pihlajamaki(at)uef.fi, p. +35850 344 0187 stopdia(at)uef.fi<\/p>\n","protected":false},"author":187,"featured_media":0,"parent":0,"menu_order":0,"comment_status":"closed","ping_status":"closed","template":"","meta":{"_acf_changed":false,"_monsterinsights_skip_tracking":false,"_monsterinsights_sitenote_active":false,"_monsterinsights_sitenote_note":"","_monsterinsights_sitenote_category":0,"footnotes":""},"class_list":["post-463","page","type-page","status-publish","hentry"],"acf":[],"yoast_head":"<!-- This site is optimized with the Yoast SEO plugin v27.1.1 - https:\/\/yoast.com\/product\/yoast-seo-wordpress\/ -->\n<title>Yhteystiedot - StopDia<\/title>\n<meta name=\"robots\" content=\"index, follow, max-snippet:-1, max-image-preview:large, max-video-preview:-1\" \/>\n<link rel=\"canonical\" href=\"https:\/\/sites.uef.fi\/stopdia\/yhteystiedot\/\" \/>\n<meta property=\"og:locale\" content=\"fi_FI\" \/>\n<meta property=\"og:type\" content=\"article\" \/>\n<meta property=\"og:title\" content=\"Yhteystiedot - StopDia\" \/>\n<meta property=\"og:description\" content=\"Ole yhteydess\u00e4 ja kysy lis\u00e4\u00e4: Konsortion johtaja, professori, LT, Jussi Pihlajam\u00e4ki It\u00e4-Suomen yliopisto, Kuopion kampus Kansanterveystieteen ja kliinisen ravitsemustieteen yksikk\u00f6 jussi.pihlajamaki(at)uef.fi, p. +35850 344 0187 stopdia(at)uef.fi\" \/>\n<meta property=\"og:url\" content=\"https:\/\/sites.uef.fi\/stopdia\/yhteystiedot\/\" \/>\n<meta property=\"og:site_name\" content=\"StopDia\" \/>\n<meta property=\"article:modified_time\" content=\"2023-12-21T12:39:43+00:00\" \/>\n<meta property=\"og:image\" content=\"https:\/\/www3.uef.fi\/documents\/1022624\/1064970\/Pihlajama%CC%88ki+Jussi-100x130.jpg\/44530993-9f2d-4bd9-aa29-1e630a75e0c8?t=1470388753000\" \/>\n<meta name=\"twitter:card\" content=\"summary_large_image\" \/>\n<meta name=\"twitter:label1\" content=\"Arvioitu lukuaika\" \/>\n\t<meta name=\"twitter:data1\" content=\"1 minuutti\" \/>\n<script type=\"application\/ld+json\" class=\"yoast-schema-graph\">{\"@context\":\"https:\/\/schema.org\",\"@graph\":[{\"@type\":\"WebPage\",\"@id\":\"https:\/\/sites.uef.fi\/stopdia\/yhteystiedot\/\",\"url\":\"https:\/\/sites.uef.fi\/stopdia\/yhteystiedot\/\",\"name\":\"Yhteystiedot - StopDia\",\"isPartOf\":{\"@id\":\"https:\/\/sites.uef.fi\/stopdia\/?lang=en\/#website\"},\"primaryImageOfPage\":{\"@id\":\"https:\/\/sites.uef.fi\/stopdia\/yhteystiedot\/#primaryimage\"},\"image\":{\"@id\":\"https:\/\/sites.uef.fi\/stopdia\/yhteystiedot\/#primaryimage\"},\"thumbnailUrl\":\"https:\/\/www3.uef.fi\/documents\/1022624\/1064970\/Pihlajama%CC%88ki+Jussi-100x130.jpg\/44530993-9f2d-4bd9-aa29-1e630a75e0c8?t=1470388753000\",\"datePublished\":\"2020-06-16T16:27:48+00:00\",\"dateModified\":\"2023-12-21T12:39:43+00:00\",\"breadcrumb\":{\"@id\":\"https:\/\/sites.uef.fi\/stopdia\/yhteystiedot\/#breadcrumb\"},\"inLanguage\":\"fi\",\"potentialAction\":[{\"@type\":\"ReadAction\",\"target\":[\"https:\/\/sites.uef.fi\/stopdia\/yhteystiedot\/\"]}]},{\"@type\":\"ImageObject\",\"inLanguage\":\"fi\",\"@id\":\"https:\/\/sites.uef.fi\/stopdia\/yhteystiedot\/#primaryimage\",\"url\":\"https:\/\/www3.uef.fi\/documents\/1022624\/1064970\/Pihlajama%CC%88ki+Jussi-100x130.jpg\/44530993-9f2d-4bd9-aa29-1e630a75e0c8?t=1470388753000\",\"contentUrl\":\"https:\/\/www3.uef.fi\/documents\/1022624\/1064970\/Pihlajama%CC%88ki+Jussi-100x130.jpg\/44530993-9f2d-4bd9-aa29-1e630a75e0c8?t=1470388753000\"},{\"@type\":\"BreadcrumbList\",\"@id\":\"https:\/\/sites.uef.fi\/stopdia\/yhteystiedot\/#breadcrumb\",\"itemListElement\":[{\"@type\":\"ListItem\",\"position\":1,\"name\":\"Home\",\"item\":\"https:\/\/sites.uef.fi\/stopdia\/\"},{\"@type\":\"ListItem\",\"position\":2,\"name\":\"Yhteystiedot\"}]},{\"@type\":\"WebSite\",\"@id\":\"https:\/\/sites.uef.fi\/stopdia\/?lang=en\/#website\",\"url\":\"https:\/\/sites.uef.fi\/stopdia\/?lang=en\/\",\"name\":\"StopDia\",\"description\":\"\",\"potentialAction\":[{\"@type\":\"SearchAction\",\"target\":{\"@type\":\"EntryPoint\",\"urlTemplate\":\"https:\/\/sites.uef.fi\/stopdia\/?lang=en\/?s={search_term_string}\"},\"query-input\":{\"@type\":\"PropertyValueSpecification\",\"valueRequired\":true,\"valueName\":\"search_term_string\"}}],\"inLanguage\":\"fi\"}]}<\/script>\n<!-- \/ Yoast SEO plugin. -->","yoast_head_json":{"title":"Yhteystiedot - StopDia","robots":{"index":"index","follow":"follow","max-snippet":"max-snippet:-1","max-image-preview":"max-image-preview:large","max-video-preview":"max-video-preview:-1"},"canonical":"https:\/\/sites.uef.fi\/stopdia\/yhteystiedot\/","og_locale":"fi_FI","og_type":"article","og_title":"Yhteystiedot - StopDia","og_description":"Ole yhteydess\u00e4 ja kysy lis\u00e4\u00e4: Konsortion johtaja, professori, LT, Jussi Pihlajam\u00e4ki It\u00e4-Suomen yliopisto, Kuopion kampus Kansanterveystieteen ja kliinisen ravitsemustieteen yksikk\u00f6 jussi.pihlajamaki(at)uef.fi, p. +35850 344 0187 stopdia(at)uef.fi","og_url":"https:\/\/sites.uef.fi\/stopdia\/yhteystiedot\/","og_site_name":"StopDia","article_modified_time":"2023-12-21T12:39:43+00:00","og_image":[{"url":"https:\/\/www3.uef.fi\/documents\/1022624\/1064970\/Pihlajama%CC%88ki+Jussi-100x130.jpg\/44530993-9f2d-4bd9-aa29-1e630a75e0c8?t=1470388753000","type":"","width":"","height":""}],"twitter_card":"summary_large_image","twitter_misc":{"Arvioitu lukuaika":"1 minuutti"},"schema":{"@context":"https:\/\/schema.org","@graph":[{"@type":"WebPage","@id":"https:\/\/sites.uef.fi\/stopdia\/yhteystiedot\/","url":"https:\/\/sites.uef.fi\/stopdia\/yhteystiedot\/","name":"Yhteystiedot - StopDia","isPartOf":{"@id":"https:\/\/sites.uef.fi\/stopdia\/?lang=en\/#website"},"primaryImageOfPage":{"@id":"https:\/\/sites.uef.fi\/stopdia\/yhteystiedot\/#primaryimage"},"image":{"@id":"https:\/\/sites.uef.fi\/stopdia\/yhteystiedot\/#primaryimage"},"thumbnailUrl":"https:\/\/www3.uef.fi\/documents\/1022624\/1064970\/Pihlajama%CC%88ki+Jussi-100x130.jpg\/44530993-9f2d-4bd9-aa29-1e630a75e0c8?t=1470388753000","datePublished":"2020-06-16T16:27:48+00:00","dateModified":"2023-12-21T12:39:43+00:00","breadcrumb":{"@id":"https:\/\/sites.uef.fi\/stopdia\/yhteystiedot\/#breadcrumb"},"inLanguage":"fi","potentialAction":[{"@type":"ReadAction","target":["https:\/\/sites.uef.fi\/stopdia\/yhteystiedot\/"]}]},{"@type":"ImageObject","inLanguage":"fi","@id":"https:\/\/sites.uef.fi\/stopdia\/yhteystiedot\/#primaryimage","url":"https:\/\/www3.uef.fi\/documents\/1022624\/1064970\/Pihlajama%CC%88ki+Jussi-100x130.jpg\/44530993-9f2d-4bd9-aa29-1e630a75e0c8?t=1470388753000","contentUrl":"https:\/\/www3.uef.fi\/documents\/1022624\/1064970\/Pihlajama%CC%88ki+Jussi-100x130.jpg\/44530993-9f2d-4bd9-aa29-1e630a75e0c8?t=1470388753000"},{"@type":"BreadcrumbList","@id":"https:\/\/sites.uef.fi\/stopdia\/yhteystiedot\/#breadcrumb","itemListElement":[{"@type":"ListItem","position":1,"name":"Home","item":"https:\/\/sites.uef.fi\/stopdia\/"},{"@type":"ListItem","position":2,"name":"Yhteystiedot"}]},{"@type":"WebSite","@id":"https:\/\/sites.uef.fi\/stopdia\/?lang=en\/#website","url":"https:\/\/sites.uef.fi\/stopdia\/?lang=en\/","name":"StopDia","description":"","potentialAction":[{"@type":"SearchAction","target":{"@type":"EntryPoint","urlTemplate":"https:\/\/sites.uef.fi\/stopdia\/?lang=en\/?s={search_term_string}"},"query-input":{"@type":"PropertyValueSpecification","valueRequired":true,"valueName":"search_term_string"}}],"inLanguage":"fi"}]}},"_links":{"self":[{"href":"https:\/\/sites.uef.fi\/stopdia\/wp-json\/wp\/v2\/pages\/463","targetHints":{"allow":["GET"]}}],"collection":[{"href":"https:\/\/sites.uef.fi\/stopdia\/wp-json\/wp\/v2\/pages"}],"about":[{"href":"https:\/\/sites.uef.fi\/stopdia\/wp-json\/wp\/v2\/types\/page"}],"author":[{"embeddable":true,"href":"https:\/\/sites.uef.fi\/stopdia\/wp-json\/wp\/v2\/users\/187"}],"replies":[{"embeddable":true,"href":"https:\/\/sites.uef.fi\/stopdia\/wp-json\/wp\/v2\/comments?post=463"}],"version-history":[{"count":2,"href":"https:\/\/sites.uef.fi\/stopdia\/wp-json\/wp\/v2\/pages\/463\/revisions"}],"predecessor-version":[{"id":5138,"href":"https:\/\/sites.uef.fi\/stopdia\/wp-json\/wp\/v2\/pages\/463\/revisions\/5138"}],"wp:attachment":[{"href":"https:\/\/sites.uef.fi\/stopdia\/wp-json\/wp\/v2\/media?parent=463"}],"curies":[{"name":"wp","href":"https:\/\/api.w.org\/{rel}","templated":true}]}}