{"id":476,"date":"2020-06-17T14:18:18","date_gmt":"2020-06-17T11:18:18","guid":{"rendered":"https:\/\/sites.uef.fi\/stopdia\/?page_id=476"},"modified":"2023-12-21T14:20:40","modified_gmt":"2023-12-21T12:20:40","slug":"julkaisut","status":"publish","type":"page","link":"https:\/\/sites.uef.fi\/stopdia\/julkaisut\/","title":{"rendered":"Julkaisut"},"content":{"rendered":"\n<figure class=\"wp-block-image size-full\"><img loading=\"lazy\" decoding=\"async\" width=\"795\" height=\"345\" src=\"https:\/\/sites.uef.fi\/stopdia\/wp-content\/uploads\/sites\/90\/2020\/07\/thumbnailVYSP82P1.jpg\" alt=\"\" class=\"wp-image-2321\" srcset=\"https:\/\/sites.uef.fi\/stopdia\/wp-content\/uploads\/sites\/90\/2020\/07\/thumbnailVYSP82P1.jpg 795w, https:\/\/sites.uef.fi\/stopdia\/wp-content\/uploads\/sites\/90\/2020\/07\/thumbnailVYSP82P1-300x130.jpg 300w, https:\/\/sites.uef.fi\/stopdia\/wp-content\/uploads\/sites\/90\/2020\/07\/thumbnailVYSP82P1-768x333.jpg 768w\" sizes=\"auto, (max-width: 795px) 100vw, 795px\" \/><\/figure>\n\n\n\n<h2 class=\"wp-block-heading\">Julkaisuja StopDia-tutkimuksesta<\/h2>\n\n\n\n<p>StopDiasta on julkaistu sek\u00e4 tieteellisi\u00e4 artikkeleita, opinn\u00e4ytet\u00f6it\u00e4 ett\u00e4 lehtiartikkeleita ammatillisessa ja yleisess\u00e4 lehdist\u00f6ss\u00e4. L\u00f6yd\u00e4t julkaisut kategorioittain alla olevista valikoista.<\/p>\n\n\n\n<ul class=\"wp-block-list\">\n<li><a href=\"https:\/\/sites.uef.fi\/stopdia\/kansainvaliset-vertaisarvioidut-artikkelit\/\">Kansainv\u00e4liset vertaisarvioidut artikkelit<\/a><\/li>\n\n\n\n<li><a href=\"https:\/\/sites.uef.fi\/stopdia\/kansalliset-artikkelit\/\">Kansalliset artikkelit<\/a><\/li>\n\n\n\n<li><a href=\"https:\/\/sites.uef.fi\/stopdia\/abstraktit\/\">Abstraktit<\/a><\/li>\n\n\n\n<li><a href=\"https:\/\/sites.uef.fi\/stopdia\/vaitoskirjat\/\">V\u00e4it\u00f6skirjat<\/a><\/li>\n\n\n\n<li><a href=\"https:\/\/sites.uef.fi\/stopdia\/opinnaytetyot\/\">Opinn\u00e4ytety\u00f6t<\/a><\/li>\n<\/ul>\n\n\n    <div class=\"funders grid\">\n                        <div class=\"funders__item grid__item\">\n                            <div class=\"funders__image\">\n                    <img decoding=\"async\" src=\"https:\/\/sites.uef.fi\/stopdia\/wp-content\/uploads\/sites\/90\/2021\/01\/University_of_eastern_finland_logo.jpg\" alt=\"It\u00e4-Suomen yliopiston logo.\" \/>\n                <\/div>\n                                                <\/div>\n                        \n                        <div class=\"funders__item grid__item\">\n                            <div class=\"funders__image\">\n                    <img decoding=\"async\" src=\"https:\/\/sites.uef.fi\/stopdia\/wp-content\/uploads\/sites\/90\/2020\/07\/THL_tunnus_lyhyt_RGB_vihrea-1-1.jpg\" alt=\"Terveyden ja hyvinvoinnin laitoksen (THL) logo.\" \/>\n                <\/div>\n                                                <\/div>\n                        \n                        <div class=\"funders__item grid__item\">\n                            <div class=\"funders__image\">\n                    <img decoding=\"async\" src=\"https:\/\/sites.uef.fi\/stopdia\/wp-content\/uploads\/sites\/90\/2020\/07\/VTT_Orange_Logo-1.jpg\" alt=\"VTT:n logo.\" \/>\n                <\/div>\n                                                <\/div>\n                        \n            <\/div>\n\n\n    <div class=\"funders grid\">\n                        <div class=\"funders__item grid__item\">\n                            <div class=\"funders__image\">\n                    <img decoding=\"async\" src=\"https:\/\/sites.uef.fi\/stopdia\/wp-content\/uploads\/sites\/90\/2020\/08\/Suomen-Akatemia.jpg\" alt=\"Suomen Akatemia logo.\" \/>\n                <\/div>\n                                                <\/div>\n                        \n                        <div class=\"funders__item grid__item\">\n                            <div class=\"funders__image\">\n                    <img decoding=\"async\" src=\"https:\/\/sites.uef.fi\/stopdia\/wp-content\/uploads\/sites\/90\/2021\/01\/Suomen-akatemia_Strateginen-tutkimus_logo.jpg\" alt=\"Suomen Akatemia, strateginen tutkimus logo.\" \/>\n                <\/div>\n                                                <\/div>\n                        \n            <\/div>\n","protected":false},"excerpt":{"rendered":"<p>Julkaisuja StopDia-tutkimuksesta StopDiasta on julkaistu sek\u00e4 tieteellisi\u00e4 artikkeleita, opinn\u00e4ytet\u00f6it\u00e4 ett\u00e4 lehtiartikkeleita ammatillisessa ja yleisess\u00e4 lehdist\u00f6ss\u00e4. L\u00f6yd\u00e4t julkaisut kategorioittain alla olevista valikoista.<\/p>\n","protected":false},"author":187,"featured_media":0,"parent":0,"menu_order":0,"comment_status":"closed","ping_status":"closed","template":"","meta":{"_acf_changed":false,"_monsterinsights_skip_tracking":false,"_monsterinsights_sitenote_active":false,"_monsterinsights_sitenote_note":"","_monsterinsights_sitenote_category":0,"footnotes":""},"class_list":["post-476","page","type-page","status-publish","hentry"],"acf":[],"yoast_head":"<!-- This site is optimized with the Yoast SEO plugin v27.3 - https:\/\/yoast.com\/product\/yoast-seo-wordpress\/ -->\n<title>Julkaisut - StopDia<\/title>\n<meta name=\"robots\" content=\"index, follow, max-snippet:-1, max-image-preview:large, max-video-preview:-1\" \/>\n<link rel=\"canonical\" href=\"https:\/\/sites.uef.fi\/stopdia\/julkaisut\/\" \/>\n<meta property=\"og:locale\" content=\"fi_FI\" \/>\n<meta property=\"og:type\" content=\"article\" \/>\n<meta property=\"og:title\" content=\"Julkaisut - StopDia\" \/>\n<meta property=\"og:description\" content=\"Julkaisuja StopDia-tutkimuksesta StopDiasta on julkaistu sek\u00e4 tieteellisi\u00e4 artikkeleita, opinn\u00e4ytet\u00f6it\u00e4 ett\u00e4 lehtiartikkeleita ammatillisessa ja yleisess\u00e4 lehdist\u00f6ss\u00e4. L\u00f6yd\u00e4t julkaisut kategorioittain alla olevista valikoista.\" \/>\n<meta property=\"og:url\" content=\"https:\/\/sites.uef.fi\/stopdia\/julkaisut\/\" \/>\n<meta property=\"og:site_name\" content=\"StopDia\" \/>\n<meta property=\"article:modified_time\" content=\"2023-12-21T12:20:40+00:00\" \/>\n<meta property=\"og:image\" content=\"https:\/\/sites.uef.fi\/stopdia\/wp-content\/uploads\/sites\/90\/2020\/07\/thumbnailVYSP82P1.jpg\" \/>\n<meta name=\"twitter:card\" content=\"summary_large_image\" \/>\n<meta name=\"twitter:label1\" content=\"Arvioitu lukuaika\" \/>\n\t<meta name=\"twitter:data1\" content=\"1 minuutti\" \/>\n<script type=\"application\/ld+json\" class=\"yoast-schema-graph\">{\"@context\":\"https:\\\/\\\/schema.org\",\"@graph\":[{\"@type\":\"WebPage\",\"@id\":\"https:\\\/\\\/sites.uef.fi\\\/stopdia\\\/julkaisut\\\/\",\"url\":\"https:\\\/\\\/sites.uef.fi\\\/stopdia\\\/julkaisut\\\/\",\"name\":\"Julkaisut - StopDia\",\"isPartOf\":{\"@id\":\"https:\\\/\\\/sites.uef.fi\\\/stopdia\\\/#website\"},\"primaryImageOfPage\":{\"@id\":\"https:\\\/\\\/sites.uef.fi\\\/stopdia\\\/julkaisut\\\/#primaryimage\"},\"image\":{\"@id\":\"https:\\\/\\\/sites.uef.fi\\\/stopdia\\\/julkaisut\\\/#primaryimage\"},\"thumbnailUrl\":\"https:\\\/\\\/sites.uef.fi\\\/stopdia\\\/wp-content\\\/uploads\\\/sites\\\/90\\\/2020\\\/07\\\/thumbnailVYSP82P1.jpg\",\"datePublished\":\"2020-06-17T11:18:18+00:00\",\"dateModified\":\"2023-12-21T12:20:40+00:00\",\"breadcrumb\":{\"@id\":\"https:\\\/\\\/sites.uef.fi\\\/stopdia\\\/julkaisut\\\/#breadcrumb\"},\"inLanguage\":\"fi\",\"potentialAction\":[{\"@type\":\"ReadAction\",\"target\":[\"https:\\\/\\\/sites.uef.fi\\\/stopdia\\\/julkaisut\\\/\"]}]},{\"@type\":\"ImageObject\",\"inLanguage\":\"fi\",\"@id\":\"https:\\\/\\\/sites.uef.fi\\\/stopdia\\\/julkaisut\\\/#primaryimage\",\"url\":\"https:\\\/\\\/sites.uef.fi\\\/stopdia\\\/wp-content\\\/uploads\\\/sites\\\/90\\\/2020\\\/07\\\/thumbnailVYSP82P1.jpg\",\"contentUrl\":\"https:\\\/\\\/sites.uef.fi\\\/stopdia\\\/wp-content\\\/uploads\\\/sites\\\/90\\\/2020\\\/07\\\/thumbnailVYSP82P1.jpg\",\"width\":795,\"height\":345},{\"@type\":\"BreadcrumbList\",\"@id\":\"https:\\\/\\\/sites.uef.fi\\\/stopdia\\\/julkaisut\\\/#breadcrumb\",\"itemListElement\":[{\"@type\":\"ListItem\",\"position\":1,\"name\":\"Home\",\"item\":\"https:\\\/\\\/sites.uef.fi\\\/stopdia\\\/\"},{\"@type\":\"ListItem\",\"position\":2,\"name\":\"Julkaisut\"}]},{\"@type\":\"WebSite\",\"@id\":\"https:\\\/\\\/sites.uef.fi\\\/stopdia\\\/#website\",\"url\":\"https:\\\/\\\/sites.uef.fi\\\/stopdia\\\/\",\"name\":\"StopDia\",\"description\":\"\",\"potentialAction\":[{\"@type\":\"SearchAction\",\"target\":{\"@type\":\"EntryPoint\",\"urlTemplate\":\"https:\\\/\\\/sites.uef.fi\\\/stopdia\\\/?s={search_term_string}\"},\"query-input\":{\"@type\":\"PropertyValueSpecification\",\"valueRequired\":true,\"valueName\":\"search_term_string\"}}],\"inLanguage\":\"fi\"}]}<\/script>\n<!-- \/ Yoast SEO plugin. -->","yoast_head_json":{"title":"Julkaisut - StopDia","robots":{"index":"index","follow":"follow","max-snippet":"max-snippet:-1","max-image-preview":"max-image-preview:large","max-video-preview":"max-video-preview:-1"},"canonical":"https:\/\/sites.uef.fi\/stopdia\/julkaisut\/","og_locale":"fi_FI","og_type":"article","og_title":"Julkaisut - StopDia","og_description":"Julkaisuja StopDia-tutkimuksesta StopDiasta on julkaistu sek\u00e4 tieteellisi\u00e4 artikkeleita, opinn\u00e4ytet\u00f6it\u00e4 ett\u00e4 lehtiartikkeleita ammatillisessa ja yleisess\u00e4 lehdist\u00f6ss\u00e4. L\u00f6yd\u00e4t julkaisut kategorioittain alla olevista valikoista.","og_url":"https:\/\/sites.uef.fi\/stopdia\/julkaisut\/","og_site_name":"StopDia","article_modified_time":"2023-12-21T12:20:40+00:00","og_image":[{"url":"https:\/\/sites.uef.fi\/stopdia\/wp-content\/uploads\/sites\/90\/2020\/07\/thumbnailVYSP82P1.jpg","type":"","width":"","height":""}],"twitter_card":"summary_large_image","twitter_misc":{"Arvioitu lukuaika":"1 minuutti"},"schema":{"@context":"https:\/\/schema.org","@graph":[{"@type":"WebPage","@id":"https:\/\/sites.uef.fi\/stopdia\/julkaisut\/","url":"https:\/\/sites.uef.fi\/stopdia\/julkaisut\/","name":"Julkaisut - StopDia","isPartOf":{"@id":"https:\/\/sites.uef.fi\/stopdia\/#website"},"primaryImageOfPage":{"@id":"https:\/\/sites.uef.fi\/stopdia\/julkaisut\/#primaryimage"},"image":{"@id":"https:\/\/sites.uef.fi\/stopdia\/julkaisut\/#primaryimage"},"thumbnailUrl":"https:\/\/sites.uef.fi\/stopdia\/wp-content\/uploads\/sites\/90\/2020\/07\/thumbnailVYSP82P1.jpg","datePublished":"2020-06-17T11:18:18+00:00","dateModified":"2023-12-21T12:20:40+00:00","breadcrumb":{"@id":"https:\/\/sites.uef.fi\/stopdia\/julkaisut\/#breadcrumb"},"inLanguage":"fi","potentialAction":[{"@type":"ReadAction","target":["https:\/\/sites.uef.fi\/stopdia\/julkaisut\/"]}]},{"@type":"ImageObject","inLanguage":"fi","@id":"https:\/\/sites.uef.fi\/stopdia\/julkaisut\/#primaryimage","url":"https:\/\/sites.uef.fi\/stopdia\/wp-content\/uploads\/sites\/90\/2020\/07\/thumbnailVYSP82P1.jpg","contentUrl":"https:\/\/sites.uef.fi\/stopdia\/wp-content\/uploads\/sites\/90\/2020\/07\/thumbnailVYSP82P1.jpg","width":795,"height":345},{"@type":"BreadcrumbList","@id":"https:\/\/sites.uef.fi\/stopdia\/julkaisut\/#breadcrumb","itemListElement":[{"@type":"ListItem","position":1,"name":"Home","item":"https:\/\/sites.uef.fi\/stopdia\/"},{"@type":"ListItem","position":2,"name":"Julkaisut"}]},{"@type":"WebSite","@id":"https:\/\/sites.uef.fi\/stopdia\/#website","url":"https:\/\/sites.uef.fi\/stopdia\/","name":"StopDia","description":"","potentialAction":[{"@type":"SearchAction","target":{"@type":"EntryPoint","urlTemplate":"https:\/\/sites.uef.fi\/stopdia\/?s={search_term_string}"},"query-input":{"@type":"PropertyValueSpecification","valueRequired":true,"valueName":"search_term_string"}}],"inLanguage":"fi"}]}},"_links":{"self":[{"href":"https:\/\/sites.uef.fi\/stopdia\/wp-json\/wp\/v2\/pages\/476","targetHints":{"allow":["GET"]}}],"collection":[{"href":"https:\/\/sites.uef.fi\/stopdia\/wp-json\/wp\/v2\/pages"}],"about":[{"href":"https:\/\/sites.uef.fi\/stopdia\/wp-json\/wp\/v2\/types\/page"}],"author":[{"embeddable":true,"href":"https:\/\/sites.uef.fi\/stopdia\/wp-json\/wp\/v2\/users\/187"}],"replies":[{"embeddable":true,"href":"https:\/\/sites.uef.fi\/stopdia\/wp-json\/wp\/v2\/comments?post=476"}],"version-history":[{"count":2,"href":"https:\/\/sites.uef.fi\/stopdia\/wp-json\/wp\/v2\/pages\/476\/revisions"}],"predecessor-version":[{"id":5093,"href":"https:\/\/sites.uef.fi\/stopdia\/wp-json\/wp\/v2\/pages\/476\/revisions\/5093"}],"wp:attachment":[{"href":"https:\/\/sites.uef.fi\/stopdia\/wp-json\/wp\/v2\/media?parent=476"}],"curies":[{"name":"wp","href":"https:\/\/api.w.org\/{rel}","templated":true}]}}