{"id":485,"date":"2020-06-17T14:19:48","date_gmt":"2020-06-17T11:19:48","guid":{"rendered":"https:\/\/sites.uef.fi\/stopdia\/?page_id=485"},"modified":"2023-12-21T14:30:51","modified_gmt":"2023-12-21T12:30:51","slug":"tulokset","status":"publish","type":"page","link":"https:\/\/sites.uef.fi\/stopdia\/tulokset\/","title":{"rendered":"Tulokset"},"content":{"rendered":"<h1>StopDia-hankkeen tuloksia<\/h1>\n<p>StopDia-hankkeen tavoitteena oli luoda yksil\u00f6n, ymp\u00e4rist\u00f6n ja yhteiskunnan tasoille toimintamalli tyypin 2 diabeteksen ehk\u00e4isyyn sek\u00e4 tunnistaa korkeassa tyypin 2 diabeteksen riskiss\u00e4 olevat ihmiset ennen sairauden puhkeamista. Hanke sis\u00e4lsi useita erilaisia tyypin 2 diabeteksen ehk\u00e4isyyn keskittyvi\u00e4 osa-alueita. Voit lukea julkaistuista tuloksista ja osa-alueista tarkemmin alla olevista linkeist\u00e4.<\/p>\n<ul>\n<li><a href=\"https:\/\/sites.uef.fi\/stopdia\/tavoittaminen\/\">Tavoittaminen ja rekrytointi<\/a><\/li>\n<li><a href=\"https:\/\/sites.uef.fi\/stopdia\/tuuppaus\/\">Ty\u00f6paikkainterventio<\/a><\/li>\n<li><a href=\"https:\/\/sites.uef.fi\/stopdia\/elintapainterventio\/\">Elintapainterventio<\/a><\/li>\n<li><a href=\"https:\/\/sites.uef.fi\/stopdia\/terveystaloustiede\/\">Terveystaloustiede<\/a><\/li>\n<li><a href=\"https:\/\/sites.uef.fi\/stopdia\/raportit\/\">Raportit<\/a><\/li>\n<\/ul>\n<p>\u00a0<\/p>\n<p>\u00a0<\/p>\n<p>\u00a0<\/p>\n<p>\u00a0<\/p>\n<p>\u00a0<\/p>\n<p>\u00a0<\/p>\n<p>\u00a0<\/p>\n<p>\u00a0<\/p>\n<p style=\"text-align: center\">\u00a0<\/p>\n<div class=\"journal-content-article\">\n<div class=\"video\">\n<p>\u00a0<\/p>\n<\/div>\n<\/div>\n\n    <div class=\"funders grid\">\n                        <div class=\"funders__item grid__item\">\n                            <div class=\"funders__image\">\n                    <img decoding=\"async\" src=\"https:\/\/sites.uef.fi\/stopdia\/wp-content\/uploads\/sites\/90\/2021\/01\/University_of_eastern_finland_logo.jpg\" alt=\"It\u00e4-Suomen yliopiston logo.\" \/>\n                <\/div>\n                                                <\/div>\n                        \n                        <div class=\"funders__item grid__item\">\n                            <div class=\"funders__image\">\n                    <img decoding=\"async\" src=\"https:\/\/sites.uef.fi\/stopdia\/wp-content\/uploads\/sites\/90\/2020\/07\/THL_tunnus_lyhyt_RGB_vihrea-1-1.jpg\" alt=\"Terveyden ja hyvinvoinnin laitoksen (THL) logo.\" \/>\n                <\/div>\n                                                <\/div>\n                        \n                        <div class=\"funders__item grid__item\">\n                            <div class=\"funders__image\">\n                    <img decoding=\"async\" src=\"https:\/\/sites.uef.fi\/stopdia\/wp-content\/uploads\/sites\/90\/2020\/07\/VTT_Orange_Logo-1.jpg\" alt=\"VTT:n logo.\" \/>\n                <\/div>\n                                                <\/div>\n                        \n            <\/div>\n\n\n    <div class=\"funders grid\">\n                        <div class=\"funders__item grid__item\">\n                            <div class=\"funders__image\">\n                    <img decoding=\"async\" src=\"https:\/\/sites.uef.fi\/stopdia\/wp-content\/uploads\/sites\/90\/2020\/08\/Suomen-Akatemia.jpg\" alt=\"Suomen Akatemia logo.\" \/>\n                <\/div>\n                                                <\/div>\n                        \n                        <div class=\"funders__item grid__item\">\n                            <div class=\"funders__image\">\n                    <img decoding=\"async\" src=\"https:\/\/sites.uef.fi\/stopdia\/wp-content\/uploads\/sites\/90\/2021\/01\/Suomen-akatemia_Strateginen-tutkimus_logo.jpg\" alt=\"Suomen Akatemia, strateginen tutkimus logo.\" \/>\n                <\/div>\n                                                <\/div>\n                        \n            <\/div>\n","protected":false},"excerpt":{"rendered":"<p>StopDia-hankkeen tuloksia StopDia-hankkeen tavoitteena oli luoda yksil\u00f6n, ymp\u00e4rist\u00f6n ja yhteiskunnan tasoille toimintamalli tyypin 2 diabeteksen ehk\u00e4isyyn sek\u00e4 tunnistaa korkeassa tyypin 2 diabeteksen riskiss\u00e4 olevat ihmiset ennen sairauden puhkeamista. Hanke sis\u00e4lsi useita erilaisia tyypin 2 diabeteksen ehk\u00e4isyyn keskittyvi\u00e4 osa-alueita. Voit lukea julkaistuista tuloksista ja osa-alueista tarkemmin alla olevista linkeist\u00e4. Tavoittaminen ja rekrytointi Ty\u00f6paikkainterventio Elintapainterventio Terveystaloustiede Raportit [&hellip;]<\/p>\n","protected":false},"author":187,"featured_media":0,"parent":0,"menu_order":0,"comment_status":"closed","ping_status":"closed","template":"","meta":{"_acf_changed":false,"_monsterinsights_skip_tracking":false,"_monsterinsights_sitenote_active":false,"_monsterinsights_sitenote_note":"","_monsterinsights_sitenote_category":0,"footnotes":""},"class_list":["post-485","page","type-page","status-publish","hentry"],"acf":[],"yoast_head":"<!-- This site is optimized with the Yoast SEO plugin v27.3 - https:\/\/yoast.com\/product\/yoast-seo-wordpress\/ -->\n<title>Tulokset - StopDia<\/title>\n<meta name=\"robots\" content=\"index, follow, max-snippet:-1, max-image-preview:large, max-video-preview:-1\" \/>\n<link rel=\"canonical\" href=\"https:\/\/sites.uef.fi\/stopdia\/tulokset\/\" \/>\n<meta property=\"og:locale\" content=\"fi_FI\" \/>\n<meta property=\"og:type\" content=\"article\" \/>\n<meta property=\"og:title\" content=\"Tulokset - StopDia\" \/>\n<meta property=\"og:description\" content=\"StopDia-hankkeen tuloksia StopDia-hankkeen tavoitteena oli luoda yksil\u00f6n, ymp\u00e4rist\u00f6n ja yhteiskunnan tasoille toimintamalli tyypin 2 diabeteksen ehk\u00e4isyyn sek\u00e4 tunnistaa korkeassa tyypin 2 diabeteksen riskiss\u00e4 olevat ihmiset ennen sairauden puhkeamista. Hanke sis\u00e4lsi useita erilaisia tyypin 2 diabeteksen ehk\u00e4isyyn keskittyvi\u00e4 osa-alueita. Voit lukea julkaistuista tuloksista ja osa-alueista tarkemmin alla olevista linkeist\u00e4. Tavoittaminen ja rekrytointi Ty\u00f6paikkainterventio Elintapainterventio Terveystaloustiede Raportit [&hellip;]\" \/>\n<meta property=\"og:url\" content=\"https:\/\/sites.uef.fi\/stopdia\/tulokset\/\" \/>\n<meta property=\"og:site_name\" content=\"StopDia\" \/>\n<meta property=\"article:modified_time\" content=\"2023-12-21T12:30:51+00:00\" \/>\n<meta name=\"twitter:card\" content=\"summary_large_image\" \/>\n<meta name=\"twitter:label1\" content=\"Arvioitu lukuaika\" \/>\n\t<meta name=\"twitter:data1\" content=\"1 minuutti\" \/>\n<script type=\"application\/ld+json\" class=\"yoast-schema-graph\">{\"@context\":\"https:\\\/\\\/schema.org\",\"@graph\":[{\"@type\":\"WebPage\",\"@id\":\"https:\\\/\\\/sites.uef.fi\\\/stopdia\\\/tulokset\\\/\",\"url\":\"https:\\\/\\\/sites.uef.fi\\\/stopdia\\\/tulokset\\\/\",\"name\":\"Tulokset - StopDia\",\"isPartOf\":{\"@id\":\"https:\\\/\\\/sites.uef.fi\\\/stopdia\\\/#website\"},\"datePublished\":\"2020-06-17T11:19:48+00:00\",\"dateModified\":\"2023-12-21T12:30:51+00:00\",\"breadcrumb\":{\"@id\":\"https:\\\/\\\/sites.uef.fi\\\/stopdia\\\/tulokset\\\/#breadcrumb\"},\"inLanguage\":\"fi\",\"potentialAction\":[{\"@type\":\"ReadAction\",\"target\":[\"https:\\\/\\\/sites.uef.fi\\\/stopdia\\\/tulokset\\\/\"]}]},{\"@type\":\"BreadcrumbList\",\"@id\":\"https:\\\/\\\/sites.uef.fi\\\/stopdia\\\/tulokset\\\/#breadcrumb\",\"itemListElement\":[{\"@type\":\"ListItem\",\"position\":1,\"name\":\"Home\",\"item\":\"https:\\\/\\\/sites.uef.fi\\\/stopdia\\\/\"},{\"@type\":\"ListItem\",\"position\":2,\"name\":\"Tulokset\"}]},{\"@type\":\"WebSite\",\"@id\":\"https:\\\/\\\/sites.uef.fi\\\/stopdia\\\/#website\",\"url\":\"https:\\\/\\\/sites.uef.fi\\\/stopdia\\\/\",\"name\":\"StopDia\",\"description\":\"\",\"potentialAction\":[{\"@type\":\"SearchAction\",\"target\":{\"@type\":\"EntryPoint\",\"urlTemplate\":\"https:\\\/\\\/sites.uef.fi\\\/stopdia\\\/?s={search_term_string}\"},\"query-input\":{\"@type\":\"PropertyValueSpecification\",\"valueRequired\":true,\"valueName\":\"search_term_string\"}}],\"inLanguage\":\"fi\"}]}<\/script>\n<!-- \/ Yoast SEO plugin. -->","yoast_head_json":{"title":"Tulokset - StopDia","robots":{"index":"index","follow":"follow","max-snippet":"max-snippet:-1","max-image-preview":"max-image-preview:large","max-video-preview":"max-video-preview:-1"},"canonical":"https:\/\/sites.uef.fi\/stopdia\/tulokset\/","og_locale":"fi_FI","og_type":"article","og_title":"Tulokset - StopDia","og_description":"StopDia-hankkeen tuloksia StopDia-hankkeen tavoitteena oli luoda yksil\u00f6n, ymp\u00e4rist\u00f6n ja yhteiskunnan tasoille toimintamalli tyypin 2 diabeteksen ehk\u00e4isyyn sek\u00e4 tunnistaa korkeassa tyypin 2 diabeteksen riskiss\u00e4 olevat ihmiset ennen sairauden puhkeamista. Hanke sis\u00e4lsi useita erilaisia tyypin 2 diabeteksen ehk\u00e4isyyn keskittyvi\u00e4 osa-alueita. Voit lukea julkaistuista tuloksista ja osa-alueista tarkemmin alla olevista linkeist\u00e4. Tavoittaminen ja rekrytointi Ty\u00f6paikkainterventio Elintapainterventio Terveystaloustiede Raportit [&hellip;]","og_url":"https:\/\/sites.uef.fi\/stopdia\/tulokset\/","og_site_name":"StopDia","article_modified_time":"2023-12-21T12:30:51+00:00","twitter_card":"summary_large_image","twitter_misc":{"Arvioitu lukuaika":"1 minuutti"},"schema":{"@context":"https:\/\/schema.org","@graph":[{"@type":"WebPage","@id":"https:\/\/sites.uef.fi\/stopdia\/tulokset\/","url":"https:\/\/sites.uef.fi\/stopdia\/tulokset\/","name":"Tulokset - StopDia","isPartOf":{"@id":"https:\/\/sites.uef.fi\/stopdia\/#website"},"datePublished":"2020-06-17T11:19:48+00:00","dateModified":"2023-12-21T12:30:51+00:00","breadcrumb":{"@id":"https:\/\/sites.uef.fi\/stopdia\/tulokset\/#breadcrumb"},"inLanguage":"fi","potentialAction":[{"@type":"ReadAction","target":["https:\/\/sites.uef.fi\/stopdia\/tulokset\/"]}]},{"@type":"BreadcrumbList","@id":"https:\/\/sites.uef.fi\/stopdia\/tulokset\/#breadcrumb","itemListElement":[{"@type":"ListItem","position":1,"name":"Home","item":"https:\/\/sites.uef.fi\/stopdia\/"},{"@type":"ListItem","position":2,"name":"Tulokset"}]},{"@type":"WebSite","@id":"https:\/\/sites.uef.fi\/stopdia\/#website","url":"https:\/\/sites.uef.fi\/stopdia\/","name":"StopDia","description":"","potentialAction":[{"@type":"SearchAction","target":{"@type":"EntryPoint","urlTemplate":"https:\/\/sites.uef.fi\/stopdia\/?s={search_term_string}"},"query-input":{"@type":"PropertyValueSpecification","valueRequired":true,"valueName":"search_term_string"}}],"inLanguage":"fi"}]}},"_links":{"self":[{"href":"https:\/\/sites.uef.fi\/stopdia\/wp-json\/wp\/v2\/pages\/485","targetHints":{"allow":["GET"]}}],"collection":[{"href":"https:\/\/sites.uef.fi\/stopdia\/wp-json\/wp\/v2\/pages"}],"about":[{"href":"https:\/\/sites.uef.fi\/stopdia\/wp-json\/wp\/v2\/types\/page"}],"author":[{"embeddable":true,"href":"https:\/\/sites.uef.fi\/stopdia\/wp-json\/wp\/v2\/users\/187"}],"replies":[{"embeddable":true,"href":"https:\/\/sites.uef.fi\/stopdia\/wp-json\/wp\/v2\/comments?post=485"}],"version-history":[{"count":2,"href":"https:\/\/sites.uef.fi\/stopdia\/wp-json\/wp\/v2\/pages\/485\/revisions"}],"predecessor-version":[{"id":5117,"href":"https:\/\/sites.uef.fi\/stopdia\/wp-json\/wp\/v2\/pages\/485\/revisions\/5117"}],"wp:attachment":[{"href":"https:\/\/sites.uef.fi\/stopdia\/wp-json\/wp\/v2\/media?parent=485"}],"curies":[{"name":"wp","href":"https:\/\/api.w.org\/{rel}","templated":true}]}}