{"id":516,"date":"2020-06-22T17:41:25","date_gmt":"2020-06-22T14:41:25","guid":{"rendered":"https:\/\/sites.uef.fi\/stopdia\/?page_id=516"},"modified":"2023-12-21T13:10:50","modified_gmt":"2023-12-21T11:10:50","slug":"tavoittaminen","status":"publish","type":"page","link":"https:\/\/sites.uef.fi\/stopdia\/tavoittaminen\/","title":{"rendered":"Tavoittaminen ja rekrytointi"},"content":{"rendered":"\n<h2 class=\"wp-block-heading\">Keinoja tyypin 2 diabeteksen riskiss\u00e4 olevien henkil\u00f6iden tavoittamiseen<\/h2>\n\n\n\n<p>StopDia-tutkimushankkeen tutkimusalueilta (P\u00e4ij\u00e4t-H\u00e4me, Pohjois-Savo ja Eksote) tavoitettiin digitaalisen riskiseulonnan avulla jopa 18 000 henkil\u00f6\u00e4, joilla oli suurentunut riski sairastua tyypin 2 diabetekseen. Heist\u00e4 15 000 t\u00e4ytti tutkimuksen sis\u00e4\u00e4nottokriteerit ja kutsuttiin osallistumaan StopDia-elintapatutkimukseen. StopDia-tutkimushankkeen perusteella tyypin 2 diabeteksen riskiss\u00e4 olevien henkil\u00f6iden tavoittaminen onnistui hyvin digitaalisesti ja hy\u00f6dynt\u00e4m\u00e4ll\u00e4 terveyskeskuksissa tapahtunutta neuvontaa.<\/p>\n\n\n\n<p>Kansallisesti tarkasteltuna, 38 000 henkil\u00f6\u00e4 sai digitaalisen riskiseulonnan avulla tietoa tyypin 2 diabeteksen riskist\u00e4\u00e4n ja ohjeistusta riskin pienent\u00e4miseen elintapojen avulla.<\/p>\n\n\n\n<p>Kerromme pian lis\u00e4\u00e4 tyypin 2 diabeteksen riskiss\u00e4 olevien tavoittamisesta.<\/p>\n\n\n    <div class=\"funders grid\">\n                        <div class=\"funders__item grid__item\">\n                            <div class=\"funders__image\">\n                    <img decoding=\"async\" src=\"https:\/\/sites.uef.fi\/stopdia\/wp-content\/uploads\/sites\/90\/2021\/01\/University_of_eastern_finland_logo.jpg\" alt=\"It\u00e4-Suomen yliopiston logo.\" \/>\n                <\/div>\n                                                <\/div>\n                        \n                        <div class=\"funders__item grid__item\">\n                            <div class=\"funders__image\">\n                    <img decoding=\"async\" src=\"https:\/\/sites.uef.fi\/stopdia\/wp-content\/uploads\/sites\/90\/2020\/07\/THL_tunnus_lyhyt_RGB_vihrea-1-1.jpg\" alt=\"Terveyden ja hyvinvoinnin laitoksen (THL) logo.\" \/>\n                <\/div>\n                                                <\/div>\n                        \n                        <div class=\"funders__item grid__item\">\n                            <div class=\"funders__image\">\n                    <img decoding=\"async\" src=\"https:\/\/sites.uef.fi\/stopdia\/wp-content\/uploads\/sites\/90\/2020\/07\/VTT_Orange_Logo-1.jpg\" alt=\"VTT:n logo.\" \/>\n                <\/div>\n                                                <\/div>\n                        \n            <\/div>\n\n\n    <div class=\"funders grid\">\n                        <div class=\"funders__item grid__item\">\n                            <div class=\"funders__image\">\n                    <img decoding=\"async\" src=\"https:\/\/sites.uef.fi\/stopdia\/wp-content\/uploads\/sites\/90\/2020\/08\/Suomen-Akatemia.jpg\" alt=\"Suomen Akatemia logo.\" \/>\n                <\/div>\n                                                <\/div>\n                        \n                        <div class=\"funders__item grid__item\">\n                            <div class=\"funders__image\">\n                    <img decoding=\"async\" src=\"https:\/\/sites.uef.fi\/stopdia\/wp-content\/uploads\/sites\/90\/2021\/01\/Suomen-akatemia_Strateginen-tutkimus_logo.jpg\" alt=\"Suomen Akatemia, strateginen tutkimus logo.\" \/>\n                <\/div>\n                                                <\/div>\n                        \n            <\/div>\n","protected":false},"excerpt":{"rendered":"<p>Keinoja tyypin 2 diabeteksen riskiss\u00e4 olevien henkil\u00f6iden tavoittamiseen StopDia-tutkimushankkeen tutkimusalueilta (P\u00e4ij\u00e4t-H\u00e4me, Pohjois-Savo ja Eksote) tavoitettiin digitaalisen riskiseulonnan avulla jopa 18 000 henkil\u00f6\u00e4, joilla oli suurentunut riski sairastua tyypin 2 diabetekseen. Heist\u00e4 15 000 t\u00e4ytti tutkimuksen sis\u00e4\u00e4nottokriteerit ja kutsuttiin osallistumaan StopDia-elintapatutkimukseen. StopDia-tutkimushankkeen perusteella tyypin 2 diabeteksen riskiss\u00e4 olevien henkil\u00f6iden tavoittaminen onnistui hyvin digitaalisesti ja hy\u00f6dynt\u00e4m\u00e4ll\u00e4 terveyskeskuksissa [&hellip;]<\/p>\n","protected":false},"author":187,"featured_media":0,"parent":0,"menu_order":0,"comment_status":"closed","ping_status":"closed","template":"","meta":{"_acf_changed":false,"_monsterinsights_skip_tracking":false,"_monsterinsights_sitenote_active":false,"_monsterinsights_sitenote_note":"","_monsterinsights_sitenote_category":0,"footnotes":""},"class_list":["post-516","page","type-page","status-publish","hentry"],"acf":[],"yoast_head":"<!-- This site is optimized with the Yoast SEO plugin v27.3 - https:\/\/yoast.com\/product\/yoast-seo-wordpress\/ -->\n<title>Tavoittaminen ja rekrytointi - StopDia<\/title>\n<meta name=\"robots\" content=\"index, follow, max-snippet:-1, max-image-preview:large, max-video-preview:-1\" \/>\n<link rel=\"canonical\" href=\"https:\/\/sites.uef.fi\/stopdia\/tavoittaminen\/\" \/>\n<meta property=\"og:locale\" content=\"fi_FI\" \/>\n<meta property=\"og:type\" content=\"article\" \/>\n<meta property=\"og:title\" content=\"Tavoittaminen ja rekrytointi - StopDia\" \/>\n<meta property=\"og:description\" content=\"Keinoja tyypin 2 diabeteksen riskiss\u00e4 olevien henkil\u00f6iden tavoittamiseen StopDia-tutkimushankkeen tutkimusalueilta (P\u00e4ij\u00e4t-H\u00e4me, Pohjois-Savo ja Eksote) tavoitettiin digitaalisen riskiseulonnan avulla jopa 18 000 henkil\u00f6\u00e4, joilla oli suurentunut riski sairastua tyypin 2 diabetekseen. Heist\u00e4 15 000 t\u00e4ytti tutkimuksen sis\u00e4\u00e4nottokriteerit ja kutsuttiin osallistumaan StopDia-elintapatutkimukseen. StopDia-tutkimushankkeen perusteella tyypin 2 diabeteksen riskiss\u00e4 olevien henkil\u00f6iden tavoittaminen onnistui hyvin digitaalisesti ja hy\u00f6dynt\u00e4m\u00e4ll\u00e4 terveyskeskuksissa [&hellip;]\" \/>\n<meta property=\"og:url\" content=\"https:\/\/sites.uef.fi\/stopdia\/tavoittaminen\/\" \/>\n<meta property=\"og:site_name\" content=\"StopDia\" \/>\n<meta property=\"article:modified_time\" content=\"2023-12-21T11:10:50+00:00\" \/>\n<meta name=\"twitter:card\" content=\"summary_large_image\" \/>\n<meta name=\"twitter:label1\" content=\"Arvioitu lukuaika\" \/>\n\t<meta name=\"twitter:data1\" content=\"1 minuutti\" \/>\n<script type=\"application\/ld+json\" class=\"yoast-schema-graph\">{\"@context\":\"https:\\\/\\\/schema.org\",\"@graph\":[{\"@type\":\"WebPage\",\"@id\":\"https:\\\/\\\/sites.uef.fi\\\/stopdia\\\/tavoittaminen\\\/\",\"url\":\"https:\\\/\\\/sites.uef.fi\\\/stopdia\\\/tavoittaminen\\\/\",\"name\":\"Tavoittaminen ja rekrytointi - StopDia\",\"isPartOf\":{\"@id\":\"https:\\\/\\\/sites.uef.fi\\\/stopdia\\\/#website\"},\"datePublished\":\"2020-06-22T14:41:25+00:00\",\"dateModified\":\"2023-12-21T11:10:50+00:00\",\"breadcrumb\":{\"@id\":\"https:\\\/\\\/sites.uef.fi\\\/stopdia\\\/tavoittaminen\\\/#breadcrumb\"},\"inLanguage\":\"fi\",\"potentialAction\":[{\"@type\":\"ReadAction\",\"target\":[\"https:\\\/\\\/sites.uef.fi\\\/stopdia\\\/tavoittaminen\\\/\"]}]},{\"@type\":\"BreadcrumbList\",\"@id\":\"https:\\\/\\\/sites.uef.fi\\\/stopdia\\\/tavoittaminen\\\/#breadcrumb\",\"itemListElement\":[{\"@type\":\"ListItem\",\"position\":1,\"name\":\"Home\",\"item\":\"https:\\\/\\\/sites.uef.fi\\\/stopdia\\\/\"},{\"@type\":\"ListItem\",\"position\":2,\"name\":\"Tavoittaminen ja rekrytointi\"}]},{\"@type\":\"WebSite\",\"@id\":\"https:\\\/\\\/sites.uef.fi\\\/stopdia\\\/#website\",\"url\":\"https:\\\/\\\/sites.uef.fi\\\/stopdia\\\/\",\"name\":\"StopDia\",\"description\":\"\",\"potentialAction\":[{\"@type\":\"SearchAction\",\"target\":{\"@type\":\"EntryPoint\",\"urlTemplate\":\"https:\\\/\\\/sites.uef.fi\\\/stopdia\\\/?s={search_term_string}\"},\"query-input\":{\"@type\":\"PropertyValueSpecification\",\"valueRequired\":true,\"valueName\":\"search_term_string\"}}],\"inLanguage\":\"fi\"}]}<\/script>\n<!-- \/ Yoast SEO plugin. -->","yoast_head_json":{"title":"Tavoittaminen ja rekrytointi - StopDia","robots":{"index":"index","follow":"follow","max-snippet":"max-snippet:-1","max-image-preview":"max-image-preview:large","max-video-preview":"max-video-preview:-1"},"canonical":"https:\/\/sites.uef.fi\/stopdia\/tavoittaminen\/","og_locale":"fi_FI","og_type":"article","og_title":"Tavoittaminen ja rekrytointi - StopDia","og_description":"Keinoja tyypin 2 diabeteksen riskiss\u00e4 olevien henkil\u00f6iden tavoittamiseen StopDia-tutkimushankkeen tutkimusalueilta (P\u00e4ij\u00e4t-H\u00e4me, Pohjois-Savo ja Eksote) tavoitettiin digitaalisen riskiseulonnan avulla jopa 18 000 henkil\u00f6\u00e4, joilla oli suurentunut riski sairastua tyypin 2 diabetekseen. Heist\u00e4 15 000 t\u00e4ytti tutkimuksen sis\u00e4\u00e4nottokriteerit ja kutsuttiin osallistumaan StopDia-elintapatutkimukseen. StopDia-tutkimushankkeen perusteella tyypin 2 diabeteksen riskiss\u00e4 olevien henkil\u00f6iden tavoittaminen onnistui hyvin digitaalisesti ja hy\u00f6dynt\u00e4m\u00e4ll\u00e4 terveyskeskuksissa [&hellip;]","og_url":"https:\/\/sites.uef.fi\/stopdia\/tavoittaminen\/","og_site_name":"StopDia","article_modified_time":"2023-12-21T11:10:50+00:00","twitter_card":"summary_large_image","twitter_misc":{"Arvioitu lukuaika":"1 minuutti"},"schema":{"@context":"https:\/\/schema.org","@graph":[{"@type":"WebPage","@id":"https:\/\/sites.uef.fi\/stopdia\/tavoittaminen\/","url":"https:\/\/sites.uef.fi\/stopdia\/tavoittaminen\/","name":"Tavoittaminen ja rekrytointi - StopDia","isPartOf":{"@id":"https:\/\/sites.uef.fi\/stopdia\/#website"},"datePublished":"2020-06-22T14:41:25+00:00","dateModified":"2023-12-21T11:10:50+00:00","breadcrumb":{"@id":"https:\/\/sites.uef.fi\/stopdia\/tavoittaminen\/#breadcrumb"},"inLanguage":"fi","potentialAction":[{"@type":"ReadAction","target":["https:\/\/sites.uef.fi\/stopdia\/tavoittaminen\/"]}]},{"@type":"BreadcrumbList","@id":"https:\/\/sites.uef.fi\/stopdia\/tavoittaminen\/#breadcrumb","itemListElement":[{"@type":"ListItem","position":1,"name":"Home","item":"https:\/\/sites.uef.fi\/stopdia\/"},{"@type":"ListItem","position":2,"name":"Tavoittaminen ja rekrytointi"}]},{"@type":"WebSite","@id":"https:\/\/sites.uef.fi\/stopdia\/#website","url":"https:\/\/sites.uef.fi\/stopdia\/","name":"StopDia","description":"","potentialAction":[{"@type":"SearchAction","target":{"@type":"EntryPoint","urlTemplate":"https:\/\/sites.uef.fi\/stopdia\/?s={search_term_string}"},"query-input":{"@type":"PropertyValueSpecification","valueRequired":true,"valueName":"search_term_string"}}],"inLanguage":"fi"}]}},"_links":{"self":[{"href":"https:\/\/sites.uef.fi\/stopdia\/wp-json\/wp\/v2\/pages\/516","targetHints":{"allow":["GET"]}}],"collection":[{"href":"https:\/\/sites.uef.fi\/stopdia\/wp-json\/wp\/v2\/pages"}],"about":[{"href":"https:\/\/sites.uef.fi\/stopdia\/wp-json\/wp\/v2\/types\/page"}],"author":[{"embeddable":true,"href":"https:\/\/sites.uef.fi\/stopdia\/wp-json\/wp\/v2\/users\/187"}],"replies":[{"embeddable":true,"href":"https:\/\/sites.uef.fi\/stopdia\/wp-json\/wp\/v2\/comments?post=516"}],"version-history":[{"count":2,"href":"https:\/\/sites.uef.fi\/stopdia\/wp-json\/wp\/v2\/pages\/516\/revisions"}],"predecessor-version":[{"id":4973,"href":"https:\/\/sites.uef.fi\/stopdia\/wp-json\/wp\/v2\/pages\/516\/revisions\/4973"}],"wp:attachment":[{"href":"https:\/\/sites.uef.fi\/stopdia\/wp-json\/wp\/v2\/media?parent=516"}],"curies":[{"name":"wp","href":"https:\/\/api.w.org\/{rel}","templated":true}]}}