{"id":522,"date":"2020-06-22T17:46:32","date_gmt":"2020-06-22T14:46:32","guid":{"rendered":"https:\/\/sites.uef.fi\/stopdia\/?page_id=522"},"modified":"2023-12-21T13:14:04","modified_gmt":"2023-12-21T11:14:04","slug":"elintapainterventio","status":"publish","type":"page","link":"https:\/\/sites.uef.fi\/stopdia\/elintapainterventio\/","title":{"rendered":"StopDia-malli"},"content":{"rendered":"\n<h2 class=\"wp-block-heading\">Elintapainterventio<\/h2>\n\n\n\n<p>StopDia-tutkimushankkeessa toteutettiin vuoden mittainen elintapainterventio, joka toteutettiin osana perusterveydenhuoltoa Pohjois-Savon, Etel\u00e4-Karjalan sek\u00e4 P\u00e4ij\u00e4t-H\u00e4meen sairaanhoitopiireiss\u00e4. Intervention tavoitteena oli tukea terveytt\u00e4 edist\u00e4vien elintapamuutosten tekemiseen henkil\u00f6ill\u00e4, joilla oli suurentunut riski sairastua tyypin 2 diabetekseen.<\/p>\n\n\n\n<p>Alla koottuna keskeisi\u00e4 elintapaintervention tutkimustuloksia sek\u00e4 linkit aiheista julkaistuihin tutkimusartikkeleihin.<\/p>\n\n\n\n<h2 class=\"wp-block-heading\">Elintapaintervention toteutus terveydenhuollossa<\/h2>\n\n\n\n<p>StopDia-tutkimushankkeessa toteutettiin vuoden kest\u00e4nyt elintapainterventio (Kuva 1), jonka tavoitteena oli edist\u00e4\u00e4 terveytt\u00e4 yll\u00e4pit\u00e4vien elintapojen omaksumista ja sen avulla ehk\u00e4ist\u00e4 tyypin 2 diabetesta.<\/p>\n\n\n\n<figure class=\"wp-block-image alignnone wp-image-2750 size-full\"><img loading=\"lazy\" decoding=\"async\" width=\"1280\" height=\"720\" src=\"https:\/\/sites.uef.fi\/stopdia\/wp-content\/uploads\/sites\/90\/2020\/08\/StopDia_ensivaiheet-2.jpg\" alt=\"StopDia-tutkimuksen kulku: kerrotaan tutkimuksen sis\u00e4\u00e4nottokriteerit. Tyypin 2 diabeteksen riskiseulonnasta nuoli stopdia-nettisivuille, josta nuoli tutkimusk\u00e4ynnille perusterveydenhuoltoon.\" class=\"wp-image-2750\" srcset=\"https:\/\/sites.uef.fi\/stopdia\/wp-content\/uploads\/sites\/90\/2020\/08\/StopDia_ensivaiheet-2.jpg 1280w, https:\/\/sites.uef.fi\/stopdia\/wp-content\/uploads\/sites\/90\/2020\/08\/StopDia_ensivaiheet-2-300x169.jpg 300w, https:\/\/sites.uef.fi\/stopdia\/wp-content\/uploads\/sites\/90\/2020\/08\/StopDia_ensivaiheet-2-1024x576.jpg 1024w, https:\/\/sites.uef.fi\/stopdia\/wp-content\/uploads\/sites\/90\/2020\/08\/StopDia_ensivaiheet-2-768x432.jpg 768w\" sizes=\"auto, (max-width: 1280px) 100vw, 1280px\" \/><figcaption class=\"wp-element-caption\">Kuva 1. StopDia-elintapaintervention ensivaiheet<\/figcaption><\/figure>\n\n\n\n<p>Lue lis\u00e4\u00e4 elintapaintervention ja StopDia-hankkeen toteutuksesta tutkimusprotokollasta:<\/p>\n\n\n\n<ul class=\"wp-block-list\">\n<li><a href=\"https:\/\/bmcpublichealth.biomedcentral.com\/articles\/10.1186\/s12889-019-6574-y\">Digitally supported program for type 2 diabetes risk identification and risk reduction in real-world setting: protocol for the StopDia model and randomized controlled trial<\/a><\/li>\n<\/ul>\n\n\n\n<h2 class=\"wp-block-heading\">Ruokavalion laatu<\/h2>\n\n\n\n<p>Elintapainterventiossa tutkittavien ruokavalion laatua mitattiin Ruokavalioindeksin avulla. Ruokavalion laatua kuvaava mittari on tarkoitettu terveydenhuollon k\u00e4ytt\u00f6\u00f6n ja se luotiin StopDia-aineistoa hy\u00f6dynt\u00e4en. Ruokavalioindeksin taustalla oleva ruoank\u00e4ytt\u00f6kysely on luotu D2D-hankkeessa yhdess\u00e4 THL:n kanssa. Ruokavalioindeksin pistetytys toteutettiin yhdess\u00e4 StopDia- ja D2D-hankkeiden sek\u00e4 THL:n kanssa.<\/p>\n\n\n\n<p>L\u00f6yd\u00e4t ruoank\u00e4ytt\u00f6kyselyn ja Ruokavalioindeksiksin pisteytyksen <a href=\"https:\/\/sites.uef.fi\/stopdia\/materiaalipankki\/\">Materiaalipankista.<\/a><\/p>\n\n\n\n<p>Tutkimuksessa havaittiin, ett\u00e4 terveydenhuollossa toteutettu StopDia-ryhm\u00e4ohjaus yhdistettyn\u00e4 Pienet teot -sovelluksen k\u00e4ytt\u00f6\u00f6n paransi tutkittavien ruokavalion laatua verrattuna pelk\u00e4n Pienet teot -sovelluksen k\u00e4ytt\u00f6\u00f6n tai tutkimusmittauksissa k\u00e4yntiin. Ryhm\u00e4ohjaus yhdistettyn\u00e4 digisovellukseen lis\u00e4si muun muassa tutkittavien kasvisten k\u00e4ytt\u00f6\u00e4.<\/p>\n\n\n\n<p>Lue lis\u00e4\u00e4 aiheesta:<\/p>\n\n\n\n<ul class=\"wp-block-list\">\n<li>(artikkeli odottaa julkaisua).<\/li>\n<\/ul>\n\n\n\n<h2 class=\"wp-block-heading\">Sy\u00f6misen taito<\/h2>\n\n\n\n<p>Tutkittavien sy\u00f6misk\u00e4ytt\u00e4ytymist\u00e4, kuten sy\u00f6misen taitoa, mitattiin Sy\u00f6misen taito -mittarilla (Satter Eating Competence Inventory 2.0) (<a href=\"https:\/\/www.needscenter.org\/wp-content\/uploads\/2018\/10\/ecSI-2.0-Finnish.pdf\">kysely saatavana suomeksi t\u00e4\u00e4lt\u00e4<\/a>). Sy\u00f6misen taito korostaa muun muassa my\u00f6nteist\u00e4 suhtautumista ruokaan ja sy\u00f6miseen, s\u00e4\u00e4nn\u00f6llist\u00e4 ruokailujen j\u00e4rjest\u00e4mist\u00e4, n\u00e4l\u00e4n ja kyll\u00e4isyyden tunteiden ohjaamaa sy\u00f6mist\u00e4 sek\u00e4 rohkeutta kokeilla uusia ruokia (Kuva 2). StopDia-tutkimuksen alkutilanteessa havaittiin, ett\u00e4 sy\u00f6misen taidon omaavilla tutkittavilla oli pienempi riski sairastua tyypin 2 diabetekseen ja vy\u00f6t\u00e4r\u00f6lihavuuteen. Lis\u00e4ksi heill\u00e4 havaittiin parempi ruokavalion laatu.<\/p>\n\n\n\n<figure class=\"wp-block-image alignnone wp-image-2969 size-large\"><img loading=\"lazy\" decoding=\"async\" width=\"1024\" height=\"576\" src=\"https:\/\/sites.uef.fi\/stopdia\/wp-content\/uploads\/sites\/90\/2020\/08\/Sy\u00f6misen-taito-1024x576.jpg\" alt=\"Sy\u00f6misen taidon nelj\u00e4 osa-aluetta: sy\u00f6miseen liittyv\u00e4t asenteet, sy\u00f6mistilanteiden hallinta, ruoan hyv\u00e4ksynt\u00e4 ja sy\u00f6misen sis\u00e4inen s\u00e4\u00e4tely.\" class=\"wp-image-2969\" srcset=\"https:\/\/sites.uef.fi\/stopdia\/wp-content\/uploads\/sites\/90\/2020\/08\/Sy\u00f6misen-taito-1024x576.jpg 1024w, https:\/\/sites.uef.fi\/stopdia\/wp-content\/uploads\/sites\/90\/2020\/08\/Sy\u00f6misen-taito-300x169.jpg 300w, https:\/\/sites.uef.fi\/stopdia\/wp-content\/uploads\/sites\/90\/2020\/08\/Sy\u00f6misen-taito-768x432.jpg 768w, https:\/\/sites.uef.fi\/stopdia\/wp-content\/uploads\/sites\/90\/2020\/08\/Sy\u00f6misen-taito.jpg 1280w\" sizes=\"auto, (max-width: 1024px) 100vw, 1024px\" \/><figcaption class=\"wp-element-caption\">Kuva 2. Sy\u00f6misen taidon nelj\u00e4 osa-aluetta: 1. sy\u00f6miseen liittyv\u00e4t asenteet, 2. sy\u00f6mistilanteiden hallinta, 3. sy\u00f6misen sis\u00e4inen s\u00e4\u00e4tely ja 4. ruoan hyv\u00e4ksynt\u00e4<\/figcaption><\/figure>\n\n\n\n<p>Lue lis\u00e4\u00e4 tutkimustuloksista:<\/p>\n\n\n\n<ul class=\"wp-block-list\">\n<li>Tilles-Tirkkonen, Aittola, M\u00e4nnikk\u00f6 et al. <a href=\"https:\/\/www.mdpi.com\/2072-6643\/12\/1\/104\">Eating Competence Is Associated with Lower Prevalence of Obesity and Better Insulin Sensitivity in Finnish Adults with Increased Risk for Type 2 Diabetes: The StopDia Study<\/a><\/li>\n<\/ul>\n\n\n    <div class=\"funders grid\">\n                        <div class=\"funders__item grid__item\">\n                            <div class=\"funders__image\">\n                    <img decoding=\"async\" src=\"https:\/\/sites.uef.fi\/stopdia\/wp-content\/uploads\/sites\/90\/2021\/01\/University_of_eastern_finland_logo.jpg\" alt=\"It\u00e4-Suomen yliopiston logo.\" \/>\n                <\/div>\n                                                <\/div>\n                        \n                        <div class=\"funders__item grid__item\">\n                            <div class=\"funders__image\">\n                    <img decoding=\"async\" src=\"https:\/\/sites.uef.fi\/stopdia\/wp-content\/uploads\/sites\/90\/2020\/07\/THL_tunnus_lyhyt_RGB_vihrea-1-1.jpg\" alt=\"Terveyden ja hyvinvoinnin laitoksen (THL) logo.\" \/>\n                <\/div>\n                                                <\/div>\n                        \n                        <div class=\"funders__item grid__item\">\n                            <div class=\"funders__image\">\n                    <img decoding=\"async\" src=\"https:\/\/sites.uef.fi\/stopdia\/wp-content\/uploads\/sites\/90\/2020\/07\/VTT_Orange_Logo-1.jpg\" alt=\"VTT:n logo.\" \/>\n                <\/div>\n                                                <\/div>\n                        \n            <\/div>\n\n\n    <div class=\"funders grid\">\n                        <div class=\"funders__item grid__item\">\n                            <div class=\"funders__image\">\n                    <img decoding=\"async\" src=\"https:\/\/sites.uef.fi\/stopdia\/wp-content\/uploads\/sites\/90\/2020\/08\/Suomen-Akatemia.jpg\" alt=\"Suomen Akatemia logo.\" \/>\n                <\/div>\n                                                <\/div>\n                        \n                        <div class=\"funders__item grid__item\">\n                            <div class=\"funders__image\">\n                    <img decoding=\"async\" src=\"https:\/\/sites.uef.fi\/stopdia\/wp-content\/uploads\/sites\/90\/2021\/01\/Suomen-akatemia_Strateginen-tutkimus_logo.jpg\" alt=\"Suomen Akatemia, strateginen tutkimus logo.\" \/>\n                <\/div>\n                                                <\/div>\n                        \n            <\/div>\n","protected":false},"excerpt":{"rendered":"<p>Elintapainterventio StopDia-tutkimushankkeessa toteutettiin vuoden mittainen elintapainterventio, joka toteutettiin osana perusterveydenhuoltoa Pohjois-Savon, Etel\u00e4-Karjalan sek\u00e4 P\u00e4ij\u00e4t-H\u00e4meen sairaanhoitopiireiss\u00e4. Intervention tavoitteena oli tukea terveytt\u00e4 edist\u00e4vien elintapamuutosten tekemiseen henkil\u00f6ill\u00e4, joilla oli suurentunut riski sairastua tyypin 2 diabetekseen. Alla koottuna keskeisi\u00e4 elintapaintervention tutkimustuloksia sek\u00e4 linkit aiheista julkaistuihin tutkimusartikkeleihin. Elintapaintervention toteutus terveydenhuollossa StopDia-tutkimushankkeessa toteutettiin vuoden kest\u00e4nyt elintapainterventio (Kuva 1), jonka tavoitteena oli [&hellip;]<\/p>\n","protected":false},"author":187,"featured_media":0,"parent":0,"menu_order":0,"comment_status":"closed","ping_status":"closed","template":"","meta":{"_acf_changed":false,"_monsterinsights_skip_tracking":false,"_monsterinsights_sitenote_active":false,"_monsterinsights_sitenote_note":"","_monsterinsights_sitenote_category":0,"footnotes":""},"class_list":["post-522","page","type-page","status-publish","hentry"],"acf":[],"yoast_head":"<!-- This site is optimized with the Yoast SEO plugin v27.1.1 - https:\/\/yoast.com\/product\/yoast-seo-wordpress\/ -->\n<title>StopDia-malli - StopDia<\/title>\n<meta name=\"robots\" content=\"index, follow, max-snippet:-1, max-image-preview:large, max-video-preview:-1\" \/>\n<link rel=\"canonical\" href=\"https:\/\/sites.uef.fi\/stopdia\/elintapainterventio\/\" \/>\n<meta property=\"og:locale\" content=\"fi_FI\" \/>\n<meta property=\"og:type\" content=\"article\" \/>\n<meta property=\"og:title\" content=\"StopDia-malli - StopDia\" \/>\n<meta property=\"og:description\" content=\"Elintapainterventio StopDia-tutkimushankkeessa toteutettiin vuoden mittainen elintapainterventio, joka toteutettiin osana perusterveydenhuoltoa Pohjois-Savon, Etel\u00e4-Karjalan sek\u00e4 P\u00e4ij\u00e4t-H\u00e4meen sairaanhoitopiireiss\u00e4. Intervention tavoitteena oli tukea terveytt\u00e4 edist\u00e4vien elintapamuutosten tekemiseen henkil\u00f6ill\u00e4, joilla oli suurentunut riski sairastua tyypin 2 diabetekseen. Alla koottuna keskeisi\u00e4 elintapaintervention tutkimustuloksia sek\u00e4 linkit aiheista julkaistuihin tutkimusartikkeleihin. Elintapaintervention toteutus terveydenhuollossa StopDia-tutkimushankkeessa toteutettiin vuoden kest\u00e4nyt elintapainterventio (Kuva 1), jonka tavoitteena oli [&hellip;]\" \/>\n<meta property=\"og:url\" content=\"https:\/\/sites.uef.fi\/stopdia\/elintapainterventio\/\" \/>\n<meta property=\"og:site_name\" content=\"StopDia\" \/>\n<meta property=\"article:modified_time\" content=\"2023-12-21T11:14:04+00:00\" \/>\n<meta property=\"og:image\" content=\"https:\/\/sites.uef.fi\/stopdia\/wp-content\/uploads\/sites\/90\/2020\/08\/StopDia_ensivaiheet-2.jpg\" \/>\n<meta name=\"twitter:card\" content=\"summary_large_image\" \/>\n<meta name=\"twitter:label1\" content=\"Arvioitu lukuaika\" \/>\n\t<meta name=\"twitter:data1\" content=\"2 minuuttia\" \/>\n<script type=\"application\/ld+json\" class=\"yoast-schema-graph\">{\"@context\":\"https:\/\/schema.org\",\"@graph\":[{\"@type\":\"WebPage\",\"@id\":\"https:\/\/sites.uef.fi\/stopdia\/elintapainterventio\/\",\"url\":\"https:\/\/sites.uef.fi\/stopdia\/elintapainterventio\/\",\"name\":\"StopDia-malli - StopDia\",\"isPartOf\":{\"@id\":\"https:\/\/sites.uef.fi\/stopdia\/#website\"},\"primaryImageOfPage\":{\"@id\":\"https:\/\/sites.uef.fi\/stopdia\/elintapainterventio\/#primaryimage\"},\"image\":{\"@id\":\"https:\/\/sites.uef.fi\/stopdia\/elintapainterventio\/#primaryimage\"},\"thumbnailUrl\":\"https:\/\/sites.uef.fi\/stopdia\/wp-content\/uploads\/sites\/90\/2020\/08\/StopDia_ensivaiheet-2.jpg\",\"datePublished\":\"2020-06-22T14:46:32+00:00\",\"dateModified\":\"2023-12-21T11:14:04+00:00\",\"breadcrumb\":{\"@id\":\"https:\/\/sites.uef.fi\/stopdia\/elintapainterventio\/#breadcrumb\"},\"inLanguage\":\"fi\",\"potentialAction\":[{\"@type\":\"ReadAction\",\"target\":[\"https:\/\/sites.uef.fi\/stopdia\/elintapainterventio\/\"]}]},{\"@type\":\"ImageObject\",\"inLanguage\":\"fi\",\"@id\":\"https:\/\/sites.uef.fi\/stopdia\/elintapainterventio\/#primaryimage\",\"url\":\"https:\/\/sites.uef.fi\/stopdia\/wp-content\/uploads\/sites\/90\/2020\/08\/StopDia_ensivaiheet-2.jpg\",\"contentUrl\":\"https:\/\/sites.uef.fi\/stopdia\/wp-content\/uploads\/sites\/90\/2020\/08\/StopDia_ensivaiheet-2.jpg\",\"width\":1280,\"height\":720},{\"@type\":\"BreadcrumbList\",\"@id\":\"https:\/\/sites.uef.fi\/stopdia\/elintapainterventio\/#breadcrumb\",\"itemListElement\":[{\"@type\":\"ListItem\",\"position\":1,\"name\":\"Home\",\"item\":\"https:\/\/sites.uef.fi\/stopdia\/\"},{\"@type\":\"ListItem\",\"position\":2,\"name\":\"StopDia-malli\"}]},{\"@type\":\"WebSite\",\"@id\":\"https:\/\/sites.uef.fi\/stopdia\/#website\",\"url\":\"https:\/\/sites.uef.fi\/stopdia\/\",\"name\":\"StopDia\",\"description\":\"\",\"potentialAction\":[{\"@type\":\"SearchAction\",\"target\":{\"@type\":\"EntryPoint\",\"urlTemplate\":\"https:\/\/sites.uef.fi\/stopdia\/?s={search_term_string}\"},\"query-input\":{\"@type\":\"PropertyValueSpecification\",\"valueRequired\":true,\"valueName\":\"search_term_string\"}}],\"inLanguage\":\"fi\"}]}<\/script>\n<!-- \/ Yoast SEO plugin. -->","yoast_head_json":{"title":"StopDia-malli - StopDia","robots":{"index":"index","follow":"follow","max-snippet":"max-snippet:-1","max-image-preview":"max-image-preview:large","max-video-preview":"max-video-preview:-1"},"canonical":"https:\/\/sites.uef.fi\/stopdia\/elintapainterventio\/","og_locale":"fi_FI","og_type":"article","og_title":"StopDia-malli - StopDia","og_description":"Elintapainterventio StopDia-tutkimushankkeessa toteutettiin vuoden mittainen elintapainterventio, joka toteutettiin osana perusterveydenhuoltoa Pohjois-Savon, Etel\u00e4-Karjalan sek\u00e4 P\u00e4ij\u00e4t-H\u00e4meen sairaanhoitopiireiss\u00e4. Intervention tavoitteena oli tukea terveytt\u00e4 edist\u00e4vien elintapamuutosten tekemiseen henkil\u00f6ill\u00e4, joilla oli suurentunut riski sairastua tyypin 2 diabetekseen. Alla koottuna keskeisi\u00e4 elintapaintervention tutkimustuloksia sek\u00e4 linkit aiheista julkaistuihin tutkimusartikkeleihin. Elintapaintervention toteutus terveydenhuollossa StopDia-tutkimushankkeessa toteutettiin vuoden kest\u00e4nyt elintapainterventio (Kuva 1), jonka tavoitteena oli [&hellip;]","og_url":"https:\/\/sites.uef.fi\/stopdia\/elintapainterventio\/","og_site_name":"StopDia","article_modified_time":"2023-12-21T11:14:04+00:00","og_image":[{"url":"https:\/\/sites.uef.fi\/stopdia\/wp-content\/uploads\/sites\/90\/2020\/08\/StopDia_ensivaiheet-2.jpg","type":"","width":"","height":""}],"twitter_card":"summary_large_image","twitter_misc":{"Arvioitu lukuaika":"2 minuuttia"},"schema":{"@context":"https:\/\/schema.org","@graph":[{"@type":"WebPage","@id":"https:\/\/sites.uef.fi\/stopdia\/elintapainterventio\/","url":"https:\/\/sites.uef.fi\/stopdia\/elintapainterventio\/","name":"StopDia-malli - StopDia","isPartOf":{"@id":"https:\/\/sites.uef.fi\/stopdia\/#website"},"primaryImageOfPage":{"@id":"https:\/\/sites.uef.fi\/stopdia\/elintapainterventio\/#primaryimage"},"image":{"@id":"https:\/\/sites.uef.fi\/stopdia\/elintapainterventio\/#primaryimage"},"thumbnailUrl":"https:\/\/sites.uef.fi\/stopdia\/wp-content\/uploads\/sites\/90\/2020\/08\/StopDia_ensivaiheet-2.jpg","datePublished":"2020-06-22T14:46:32+00:00","dateModified":"2023-12-21T11:14:04+00:00","breadcrumb":{"@id":"https:\/\/sites.uef.fi\/stopdia\/elintapainterventio\/#breadcrumb"},"inLanguage":"fi","potentialAction":[{"@type":"ReadAction","target":["https:\/\/sites.uef.fi\/stopdia\/elintapainterventio\/"]}]},{"@type":"ImageObject","inLanguage":"fi","@id":"https:\/\/sites.uef.fi\/stopdia\/elintapainterventio\/#primaryimage","url":"https:\/\/sites.uef.fi\/stopdia\/wp-content\/uploads\/sites\/90\/2020\/08\/StopDia_ensivaiheet-2.jpg","contentUrl":"https:\/\/sites.uef.fi\/stopdia\/wp-content\/uploads\/sites\/90\/2020\/08\/StopDia_ensivaiheet-2.jpg","width":1280,"height":720},{"@type":"BreadcrumbList","@id":"https:\/\/sites.uef.fi\/stopdia\/elintapainterventio\/#breadcrumb","itemListElement":[{"@type":"ListItem","position":1,"name":"Home","item":"https:\/\/sites.uef.fi\/stopdia\/"},{"@type":"ListItem","position":2,"name":"StopDia-malli"}]},{"@type":"WebSite","@id":"https:\/\/sites.uef.fi\/stopdia\/#website","url":"https:\/\/sites.uef.fi\/stopdia\/","name":"StopDia","description":"","potentialAction":[{"@type":"SearchAction","target":{"@type":"EntryPoint","urlTemplate":"https:\/\/sites.uef.fi\/stopdia\/?s={search_term_string}"},"query-input":{"@type":"PropertyValueSpecification","valueRequired":true,"valueName":"search_term_string"}}],"inLanguage":"fi"}]}},"_links":{"self":[{"href":"https:\/\/sites.uef.fi\/stopdia\/wp-json\/wp\/v2\/pages\/522","targetHints":{"allow":["GET"]}}],"collection":[{"href":"https:\/\/sites.uef.fi\/stopdia\/wp-json\/wp\/v2\/pages"}],"about":[{"href":"https:\/\/sites.uef.fi\/stopdia\/wp-json\/wp\/v2\/types\/page"}],"author":[{"embeddable":true,"href":"https:\/\/sites.uef.fi\/stopdia\/wp-json\/wp\/v2\/users\/187"}],"replies":[{"embeddable":true,"href":"https:\/\/sites.uef.fi\/stopdia\/wp-json\/wp\/v2\/comments?post=522"}],"version-history":[{"count":2,"href":"https:\/\/sites.uef.fi\/stopdia\/wp-json\/wp\/v2\/pages\/522\/revisions"}],"predecessor-version":[{"id":4979,"href":"https:\/\/sites.uef.fi\/stopdia\/wp-json\/wp\/v2\/pages\/522\/revisions\/4979"}],"wp:attachment":[{"href":"https:\/\/sites.uef.fi\/stopdia\/wp-json\/wp\/v2\/media?parent=522"}],"curies":[{"name":"wp","href":"https:\/\/api.w.org\/{rel}","templated":true}]}}