{"id":531,"date":"2020-06-22T17:49:34","date_gmt":"2020-06-22T14:49:34","guid":{"rendered":"https:\/\/sites.uef.fi\/stopdia\/?page_id=531"},"modified":"2023-12-21T13:12:41","modified_gmt":"2023-12-21T11:12:41","slug":"tuuppaus","status":"publish","type":"page","link":"https:\/\/sites.uef.fi\/stopdia\/tuuppaus\/","title":{"rendered":"Ty\u00f6paikkainterventio"},"content":{"rendered":"\n<h2 class=\"wp-block-heading\"><img loading=\"lazy\" decoding=\"async\" class=\"alignnone wp-image-1930 size-full\" src=\"https:\/\/sites.uef.fi\/stopdia\/wp-content\/uploads\/sites\/90\/2020\/07\/Evasta_teemakuva_screen-1-scaled.jpg\" alt=\"Henkil\u00f6 valmistaa ev\u00e4svoileipi\u00e4 ja kuorii appelsiinia. Teskti &quot;Ev\u00e4st\u00e4&quot;, &quot;Koppaa kortti, koukkaa kauppaan, kokkaa, pakkaa ja kyytiin nappaa&quot;.\" width=\"2560\" height=\"1441\" srcset=\"https:\/\/sites.uef.fi\/stopdia\/wp-content\/uploads\/sites\/90\/2020\/07\/Evasta_teemakuva_screen-1-scaled.jpg 2560w, https:\/\/sites.uef.fi\/stopdia\/wp-content\/uploads\/sites\/90\/2020\/07\/Evasta_teemakuva_screen-1-300x169.jpg 300w, https:\/\/sites.uef.fi\/stopdia\/wp-content\/uploads\/sites\/90\/2020\/07\/Evasta_teemakuva_screen-1-1024x576.jpg 1024w, https:\/\/sites.uef.fi\/stopdia\/wp-content\/uploads\/sites\/90\/2020\/07\/Evasta_teemakuva_screen-1-768x432.jpg 768w, https:\/\/sites.uef.fi\/stopdia\/wp-content\/uploads\/sites\/90\/2020\/07\/Evasta_teemakuva_screen-1-1536x864.jpg 1536w, https:\/\/sites.uef.fi\/stopdia\/wp-content\/uploads\/sites\/90\/2020\/07\/Evasta_teemakuva_screen-1-2048x1153.jpg 2048w\" sizes=\"auto, (max-width: 2560px) 100vw, 2560px\" \/><\/h2>\n\n\n\n<h2 class=\"wp-block-heading\">Tuuppaamalla lis\u00e4\u00e4 ty\u00f6hyvinvointia<\/h2>\n\n\n\n<p>Kunnon ateria vai kuppi kahvia lounaaksi? Banaani vai viineri v\u00e4lipalaksi? Autolla vai py\u00f6r\u00e4ll\u00e4? Istuen vai seisten? Hissi vai portaat?<\/p>\n\n\n\n<p>Teemme joka p\u00e4iv\u00e4 lukemattomia toimintaamme ohjaavia valintoja. Toistuessaan valinnoista muodostuu tapoja, jotka voivat vaikuttaa hyvinvointiin ja terveyteen. Suuri osa valinnoistamme tapahtuu automaattisesti \u2013 jopa tiedostamatta \u2013 paljolti ymp\u00e4rist\u00f6n vihjeiden ohjaamana. N\u00e4in on erityisesti terveysk\u00e4ytt\u00e4ytymisess\u00e4, kuten ruokaa valittaessa ja sy\u00f6t\u00e4ess\u00e4.<\/p>\n\n\n\n<p>Tuuppaus (engl. nudge) on l\u00e4hestymistapa, jossa huomioidaan ihmisen herkkyys ymp\u00e4rist\u00f6n her\u00e4tteille ja taipumus toimia automaattisten kognitiivisten prosessien ohjaamana. Tuuppauksessa tuetaan parempia valintoja muokkaamalla elinymp\u00e4rist\u00f6n valinta-arkkitehtuuria eli tapaa, jolla saatavilla olevat vaihtoehdot asetetaan esille valintaymp\u00e4rist\u00f6ss\u00e4. Ruoanvalintaan ja -kulutukseen esimerkiksi vaikuttavat ruokavaihtoehtojen saatavuus, sijoittelu ja annoskoko. Istuminen ja passiivinen aika puolestaan voivat v\u00e4henty\u00e4 korkeuss\u00e4\u00e4dett\u00e4vien ty\u00f6p\u00f6ytien, automaattisten muistutusten ja portaisiin kannustavien viestien my\u00f6t\u00e4. Tuuppaus perustuu kognitiivisen psykologian ja k\u00e4ytt\u00e4ytymistaloustieteen tutkimukseen, joka on noteerattu kahdella taloustieteen Nobelin palkinnolla.<\/p>\n\n\n\n<p>Ty\u00f6ss\u00e4 k\u00e4yville ty\u00f6paikka on t\u00e4rke\u00e4 toimintaa ohjaava ymp\u00e4rist\u00f6, ja siten StopDia-tutkimushankkeessa tuuppausta p\u00e4\u00e4tettiin soveltaa ty\u00f6paikoilla. StopDia t\u00f6iss\u00e4 -interventio oli vuoden kestoinen, kolmen maakunnan alueella toteutettu tutkimus, jonka tavoitteena oli tuupata ty\u00f6ntekij\u00f6it\u00e4 terveytt\u00e4 edist\u00e4viin ruokavalintoihin ja fyysiseen aktiivisuuteen ty\u00f6ymp\u00e4rist\u00f6n valinta-arkkitehtuuria muokkaamalla. Tutkimuksessa selvitet\u00e4\u00e4n ty\u00f6paikoilla toteutettujen tuuppaustoimien k\u00e4ytt\u00f6kelpoisuutta ty\u00f6paikkojen arjessa, hyv\u00e4ksytt\u00e4vyytt\u00e4 ty\u00f6ntekij\u00f6iden keskuudessa ja vaikutuksia ty\u00f6ntekij\u00f6iden ty\u00f6aikaisiin ruoka- ja liikkumistottumuksiin. Interventioon osallistui yhteens\u00e4 98 itsen\u00e4ist\u00e4 ty\u00f6yksikk\u00f6\u00e4, jotka edustivat lukuisia eri toimialoja 15:tt\u00e4 ty\u00f6nantajaa. Ty\u00f6yksik\u00f6iss\u00e4 ty\u00f6skenteli noin 6200 ty\u00f6ntekij\u00e4\u00e4.<\/p>\n\n\n\n<p>Alustavien tulosten perusteella tutkimusty\u00f6paikkojen ty\u00f6ntekij\u00e4t s\u00f6iv\u00e4t vuoden intervention j\u00e4lkeen enemm\u00e4n kasviksia, hedelmi\u00e4 ja p\u00e4hkin\u00f6it\u00e4 sek\u00e4 tekiv\u00e4t enemm\u00e4n palauttavia taukoliikuntaliikkeit\u00e4 ty\u00f6p\u00e4iv\u00e4n aikana. Runsaasti suolaa, sokeria ja rasvaa sis\u00e4lt\u00e4vien ruokien ja veden kulutuksessa sek\u00e4 taukoliikuntav\u00e4lineiden ja portaiden k\u00e4yt\u00f6ss\u00e4 sen sijaan ei havaittu muutoksia.<\/p>\n\n\n\n<p>Alustavat tulokset antavat viitteit\u00e4 siit\u00e4, ett\u00e4 ty\u00f6nantaja voi vaikuttaa ty\u00f6ntekij\u00f6iden ty\u00f6aikaisiin ruokavalintoihin ja fyysiseen aktiivisuuteen ty\u00f6ymp\u00e4rist\u00f6ss\u00e4 tehdyill\u00e4 yksinkertaisilla toimilla.<\/p>\n\n\n\n<h2 class=\"wp-block-heading\"><img loading=\"lazy\" decoding=\"async\" class=\"alignleft wp-image-1945\" src=\"https:\/\/sites.uef.fi\/stopdia\/wp-content\/uploads\/sites\/90\/2020\/07\/Verryta_kylki-219x300.jpg\" alt=\"Sininen Verryt\u00e4-kortti. Henkil\u00f6 venytt\u00e4\u00e4 kylke\u00e4\u00e4n.\" width=\"329\" height=\"451\" srcset=\"https:\/\/sites.uef.fi\/stopdia\/wp-content\/uploads\/sites\/90\/2020\/07\/Verryta_kylki-219x300.jpg 219w, https:\/\/sites.uef.fi\/stopdia\/wp-content\/uploads\/sites\/90\/2020\/07\/Verryta_kylki-747x1024.jpg 747w, https:\/\/sites.uef.fi\/stopdia\/wp-content\/uploads\/sites\/90\/2020\/07\/Verryta_kylki-768x1052.jpg 768w, https:\/\/sites.uef.fi\/stopdia\/wp-content\/uploads\/sites\/90\/2020\/07\/Verryta_kylki-1121x1536.jpg 1121w, https:\/\/sites.uef.fi\/stopdia\/wp-content\/uploads\/sites\/90\/2020\/07\/Verryta_kylki-1495x2048.jpg 1495w, https:\/\/sites.uef.fi\/stopdia\/wp-content\/uploads\/sites\/90\/2020\/07\/Verryta_kylki.jpg 1851w\" sizes=\"auto, (max-width: 329px) 100vw, 329px\" \/><\/h2>\n\n\n\n<h2 class=\"wp-block-heading\"><img loading=\"lazy\" decoding=\"async\" class=\"alignnone wp-image-3596\" src=\"https:\/\/sites.uef.fi\/stopdia\/wp-content\/uploads\/sites\/90\/2020\/10\/nudge_at_work-200x300.jpg\" alt=\"Mies ty\u00f6skentelee seisomaty\u00f6pisteell\u00e4 tietokoneella.\" width=\"300\" height=\"450\" srcset=\"https:\/\/sites.uef.fi\/stopdia\/wp-content\/uploads\/sites\/90\/2020\/10\/nudge_at_work-200x300.jpg 200w, https:\/\/sites.uef.fi\/stopdia\/wp-content\/uploads\/sites\/90\/2020\/10\/nudge_at_work-682x1024.jpg 682w, https:\/\/sites.uef.fi\/stopdia\/wp-content\/uploads\/sites\/90\/2020\/10\/nudge_at_work-768x1152.jpg 768w, https:\/\/sites.uef.fi\/stopdia\/wp-content\/uploads\/sites\/90\/2020\/10\/nudge_at_work.jpg 853w\" sizes=\"auto, (max-width: 300px) 100vw, 300px\" \/><\/h2>\n\n\n\n<h2 class=\"wp-block-heading\">Tuuppauksen tarve<\/h2>\n\n\n\n<p>L\u00e4ht\u00f6tilanteessa StopDia t\u00f6iss\u00e4 -tutkimukseen osallistuneiden ty\u00f6paikkojen ty\u00f6ntekij\u00f6iden ruokavalion laatu oli heikompi fyysist\u00e4 ty\u00f6t\u00e4 tekevill\u00e4 verrattuna istumaty\u00f6t\u00e4 tekeviin. Terveytt\u00e4 edist\u00e4vien ruokatottumusten edist\u00e4minen fyysist\u00e4 ty\u00f6t\u00e4 tekevien parissa olisi t\u00e4st\u00e4 syyst\u00e4 erityisen t\u00e4rke\u00e4\u00e4. Kasvisten k\u00e4ytt\u00f6 oli lis\u00e4ksi v\u00e4h\u00e4isemp\u00e4\u00e4 niill\u00e4 ty\u00f6ntekij\u00f6ill\u00e4, jotka eiv\u00e4t aterioineet ty\u00f6paikkaruokalassa. Lue lis\u00e4\u00e4 StopDia ty\u00f6paikkaintervention l\u00e4ht\u00f6tilanteen tutkimustuloksista t\u00e4\u00e4lt\u00e4:<\/p>\n\n\n\n<p><a href=\"https:\/\/www.cambridge.org\/core\/journals\/proceedings-of-the-nutrition-society\/article\/nudge-interventions-needed-to-promote-healthy-diet-among-employees-with-physical-work-and-employees-not-eating-in-a-staff-restaurant\/1B77DEAF5CD0F9EE7D5203674E6F2A7D\">Nudge interventions needed to promote healthy diet among employees with physical work and employees not eating in a staff restaurant.<\/a><\/p>\n\n\n\n<figure class=\"wp-block-image\"><img loading=\"lazy\" decoding=\"async\" width=\"1920\" height=\"1536\" src=\"https:\/\/sites.uef.fi\/stopdia\/wp-content\/uploads\/sites\/90\/2020\/10\/lunch.jpg\" alt=\"Lounasrasioita, joihin pilkottu valmiiksi tuoreita kasviksia ja linssej\u00e4 ateriaksi.\" class=\"wp-image-3604\" srcset=\"https:\/\/sites.uef.fi\/stopdia\/wp-content\/uploads\/sites\/90\/2020\/10\/lunch.jpg 1920w, https:\/\/sites.uef.fi\/stopdia\/wp-content\/uploads\/sites\/90\/2020\/10\/lunch-300x240.jpg 300w, https:\/\/sites.uef.fi\/stopdia\/wp-content\/uploads\/sites\/90\/2020\/10\/lunch-1024x819.jpg 1024w, https:\/\/sites.uef.fi\/stopdia\/wp-content\/uploads\/sites\/90\/2020\/10\/lunch-768x614.jpg 768w, https:\/\/sites.uef.fi\/stopdia\/wp-content\/uploads\/sites\/90\/2020\/10\/lunch-1536x1229.jpg 1536w\" sizes=\"auto, (max-width: 1920px) 100vw, 1920px\" \/><\/figure>\n\n\n\n<p class=\"has-text-align-center\">\u00a0<\/p>\n\n\n    <div class=\"funders grid\">\n                        <div class=\"funders__item grid__item\">\n                            <div class=\"funders__image\">\n                    <img decoding=\"async\" src=\"https:\/\/sites.uef.fi\/stopdia\/wp-content\/uploads\/sites\/90\/2021\/01\/University_of_eastern_finland_logo.jpg\" alt=\"It\u00e4-Suomen yliopiston logo.\" \/>\n                <\/div>\n                                                <\/div>\n                        \n                        <div class=\"funders__item grid__item\">\n                            <div class=\"funders__image\">\n                    <img decoding=\"async\" src=\"https:\/\/sites.uef.fi\/stopdia\/wp-content\/uploads\/sites\/90\/2020\/07\/THL_tunnus_lyhyt_RGB_vihrea-1-1.jpg\" alt=\"Terveyden ja hyvinvoinnin laitoksen (THL) logo.\" \/>\n                <\/div>\n                                                <\/div>\n                        \n                        <div class=\"funders__item grid__item\">\n                            <div class=\"funders__image\">\n                    <img decoding=\"async\" src=\"https:\/\/sites.uef.fi\/stopdia\/wp-content\/uploads\/sites\/90\/2020\/07\/VTT_Orange_Logo-1.jpg\" alt=\"VTT:n logo.\" \/>\n                <\/div>\n                                                <\/div>\n                        \n            <\/div>\n\n\n    <div class=\"funders grid\">\n                        <div class=\"funders__item grid__item\">\n                            <div class=\"funders__image\">\n                    <img decoding=\"async\" src=\"https:\/\/sites.uef.fi\/stopdia\/wp-content\/uploads\/sites\/90\/2020\/08\/Suomen-Akatemia.jpg\" alt=\"Suomen Akatemia logo.\" \/>\n                <\/div>\n                                                <\/div>\n                        \n                        <div class=\"funders__item grid__item\">\n                            <div class=\"funders__image\">\n                    <img decoding=\"async\" src=\"https:\/\/sites.uef.fi\/stopdia\/wp-content\/uploads\/sites\/90\/2021\/01\/Suomen-akatemia_Strateginen-tutkimus_logo.jpg\" alt=\"Suomen Akatemia, strateginen tutkimus logo.\" \/>\n                <\/div>\n                                                <\/div>\n                        \n            <\/div>\n","protected":false},"excerpt":{"rendered":"<p>Tuuppaamalla lis\u00e4\u00e4 ty\u00f6hyvinvointia Kunnon ateria vai kuppi kahvia lounaaksi? Banaani vai viineri v\u00e4lipalaksi? Autolla vai py\u00f6r\u00e4ll\u00e4? Istuen vai seisten? Hissi vai portaat? Teemme joka p\u00e4iv\u00e4 lukemattomia toimintaamme ohjaavia valintoja. Toistuessaan valinnoista muodostuu tapoja, jotka voivat vaikuttaa hyvinvointiin ja terveyteen. Suuri osa valinnoistamme tapahtuu automaattisesti \u2013 jopa tiedostamatta \u2013 paljolti ymp\u00e4rist\u00f6n vihjeiden ohjaamana. N\u00e4in on erityisesti [&hellip;]<\/p>\n","protected":false},"author":187,"featured_media":0,"parent":0,"menu_order":0,"comment_status":"closed","ping_status":"closed","template":"","meta":{"_acf_changed":false,"_monsterinsights_skip_tracking":false,"_monsterinsights_sitenote_active":false,"_monsterinsights_sitenote_note":"","_monsterinsights_sitenote_category":0,"footnotes":""},"class_list":["post-531","page","type-page","status-publish","hentry"],"acf":[],"yoast_head":"<!-- This site is optimized with the Yoast SEO plugin v27.1.1 - https:\/\/yoast.com\/product\/yoast-seo-wordpress\/ -->\n<title>Ty\u00f6paikkainterventio - StopDia<\/title>\n<meta name=\"robots\" content=\"index, follow, max-snippet:-1, max-image-preview:large, max-video-preview:-1\" \/>\n<link rel=\"canonical\" href=\"https:\/\/sites.uef.fi\/stopdia\/tuuppaus\/\" \/>\n<meta property=\"og:locale\" content=\"fi_FI\" \/>\n<meta property=\"og:type\" content=\"article\" \/>\n<meta property=\"og:title\" content=\"Ty\u00f6paikkainterventio - StopDia\" \/>\n<meta property=\"og:description\" content=\"Tuuppaamalla lis\u00e4\u00e4 ty\u00f6hyvinvointia Kunnon ateria vai kuppi kahvia lounaaksi? Banaani vai viineri v\u00e4lipalaksi? Autolla vai py\u00f6r\u00e4ll\u00e4? Istuen vai seisten? Hissi vai portaat? Teemme joka p\u00e4iv\u00e4 lukemattomia toimintaamme ohjaavia valintoja. Toistuessaan valinnoista muodostuu tapoja, jotka voivat vaikuttaa hyvinvointiin ja terveyteen. Suuri osa valinnoistamme tapahtuu automaattisesti \u2013 jopa tiedostamatta \u2013 paljolti ymp\u00e4rist\u00f6n vihjeiden ohjaamana. N\u00e4in on erityisesti [&hellip;]\" \/>\n<meta property=\"og:url\" content=\"https:\/\/sites.uef.fi\/stopdia\/tuuppaus\/\" \/>\n<meta property=\"og:site_name\" content=\"StopDia\" \/>\n<meta property=\"article:modified_time\" content=\"2023-12-21T11:12:41+00:00\" \/>\n<meta property=\"og:image\" content=\"https:\/\/sites.uef.fi\/stopdia\/wp-content\/uploads\/sites\/90\/2020\/07\/Evasta_teemakuva_screen-1-scaled.jpg\" \/>\n<meta name=\"twitter:card\" content=\"summary_large_image\" \/>\n<meta name=\"twitter:label1\" content=\"Arvioitu lukuaika\" \/>\n\t<meta name=\"twitter:data1\" content=\"3 minuuttia\" \/>\n<script type=\"application\/ld+json\" class=\"yoast-schema-graph\">{\"@context\":\"https:\/\/schema.org\",\"@graph\":[{\"@type\":\"WebPage\",\"@id\":\"https:\/\/sites.uef.fi\/stopdia\/tuuppaus\/\",\"url\":\"https:\/\/sites.uef.fi\/stopdia\/tuuppaus\/\",\"name\":\"Ty\u00f6paikkainterventio - StopDia\",\"isPartOf\":{\"@id\":\"https:\/\/sites.uef.fi\/stopdia\/#website\"},\"primaryImageOfPage\":{\"@id\":\"https:\/\/sites.uef.fi\/stopdia\/tuuppaus\/#primaryimage\"},\"image\":{\"@id\":\"https:\/\/sites.uef.fi\/stopdia\/tuuppaus\/#primaryimage\"},\"thumbnailUrl\":\"https:\/\/sites.uef.fi\/stopdia\/wp-content\/uploads\/sites\/90\/2020\/07\/Evasta_teemakuva_screen-1-scaled.jpg\",\"datePublished\":\"2020-06-22T14:49:34+00:00\",\"dateModified\":\"2023-12-21T11:12:41+00:00\",\"breadcrumb\":{\"@id\":\"https:\/\/sites.uef.fi\/stopdia\/tuuppaus\/#breadcrumb\"},\"inLanguage\":\"fi\",\"potentialAction\":[{\"@type\":\"ReadAction\",\"target\":[\"https:\/\/sites.uef.fi\/stopdia\/tuuppaus\/\"]}]},{\"@type\":\"ImageObject\",\"inLanguage\":\"fi\",\"@id\":\"https:\/\/sites.uef.fi\/stopdia\/tuuppaus\/#primaryimage\",\"url\":\"https:\/\/sites.uef.fi\/stopdia\/wp-content\/uploads\/sites\/90\/2020\/07\/Evasta_teemakuva_screen-1-scaled.jpg\",\"contentUrl\":\"https:\/\/sites.uef.fi\/stopdia\/wp-content\/uploads\/sites\/90\/2020\/07\/Evasta_teemakuva_screen-1-scaled.jpg\",\"width\":2560,\"height\":1441},{\"@type\":\"BreadcrumbList\",\"@id\":\"https:\/\/sites.uef.fi\/stopdia\/tuuppaus\/#breadcrumb\",\"itemListElement\":[{\"@type\":\"ListItem\",\"position\":1,\"name\":\"Home\",\"item\":\"https:\/\/sites.uef.fi\/stopdia\/\"},{\"@type\":\"ListItem\",\"position\":2,\"name\":\"Ty\u00f6paikkainterventio\"}]},{\"@type\":\"WebSite\",\"@id\":\"https:\/\/sites.uef.fi\/stopdia\/#website\",\"url\":\"https:\/\/sites.uef.fi\/stopdia\/\",\"name\":\"StopDia\",\"description\":\"\",\"potentialAction\":[{\"@type\":\"SearchAction\",\"target\":{\"@type\":\"EntryPoint\",\"urlTemplate\":\"https:\/\/sites.uef.fi\/stopdia\/?s={search_term_string}\"},\"query-input\":{\"@type\":\"PropertyValueSpecification\",\"valueRequired\":true,\"valueName\":\"search_term_string\"}}],\"inLanguage\":\"fi\"}]}<\/script>\n<!-- \/ Yoast SEO plugin. -->","yoast_head_json":{"title":"Ty\u00f6paikkainterventio - StopDia","robots":{"index":"index","follow":"follow","max-snippet":"max-snippet:-1","max-image-preview":"max-image-preview:large","max-video-preview":"max-video-preview:-1"},"canonical":"https:\/\/sites.uef.fi\/stopdia\/tuuppaus\/","og_locale":"fi_FI","og_type":"article","og_title":"Ty\u00f6paikkainterventio - StopDia","og_description":"Tuuppaamalla lis\u00e4\u00e4 ty\u00f6hyvinvointia Kunnon ateria vai kuppi kahvia lounaaksi? Banaani vai viineri v\u00e4lipalaksi? Autolla vai py\u00f6r\u00e4ll\u00e4? Istuen vai seisten? Hissi vai portaat? Teemme joka p\u00e4iv\u00e4 lukemattomia toimintaamme ohjaavia valintoja. Toistuessaan valinnoista muodostuu tapoja, jotka voivat vaikuttaa hyvinvointiin ja terveyteen. Suuri osa valinnoistamme tapahtuu automaattisesti \u2013 jopa tiedostamatta \u2013 paljolti ymp\u00e4rist\u00f6n vihjeiden ohjaamana. N\u00e4in on erityisesti [&hellip;]","og_url":"https:\/\/sites.uef.fi\/stopdia\/tuuppaus\/","og_site_name":"StopDia","article_modified_time":"2023-12-21T11:12:41+00:00","og_image":[{"url":"https:\/\/sites.uef.fi\/stopdia\/wp-content\/uploads\/sites\/90\/2020\/07\/Evasta_teemakuva_screen-1-scaled.jpg","type":"","width":"","height":""}],"twitter_card":"summary_large_image","twitter_misc":{"Arvioitu lukuaika":"3 minuuttia"},"schema":{"@context":"https:\/\/schema.org","@graph":[{"@type":"WebPage","@id":"https:\/\/sites.uef.fi\/stopdia\/tuuppaus\/","url":"https:\/\/sites.uef.fi\/stopdia\/tuuppaus\/","name":"Ty\u00f6paikkainterventio - StopDia","isPartOf":{"@id":"https:\/\/sites.uef.fi\/stopdia\/#website"},"primaryImageOfPage":{"@id":"https:\/\/sites.uef.fi\/stopdia\/tuuppaus\/#primaryimage"},"image":{"@id":"https:\/\/sites.uef.fi\/stopdia\/tuuppaus\/#primaryimage"},"thumbnailUrl":"https:\/\/sites.uef.fi\/stopdia\/wp-content\/uploads\/sites\/90\/2020\/07\/Evasta_teemakuva_screen-1-scaled.jpg","datePublished":"2020-06-22T14:49:34+00:00","dateModified":"2023-12-21T11:12:41+00:00","breadcrumb":{"@id":"https:\/\/sites.uef.fi\/stopdia\/tuuppaus\/#breadcrumb"},"inLanguage":"fi","potentialAction":[{"@type":"ReadAction","target":["https:\/\/sites.uef.fi\/stopdia\/tuuppaus\/"]}]},{"@type":"ImageObject","inLanguage":"fi","@id":"https:\/\/sites.uef.fi\/stopdia\/tuuppaus\/#primaryimage","url":"https:\/\/sites.uef.fi\/stopdia\/wp-content\/uploads\/sites\/90\/2020\/07\/Evasta_teemakuva_screen-1-scaled.jpg","contentUrl":"https:\/\/sites.uef.fi\/stopdia\/wp-content\/uploads\/sites\/90\/2020\/07\/Evasta_teemakuva_screen-1-scaled.jpg","width":2560,"height":1441},{"@type":"BreadcrumbList","@id":"https:\/\/sites.uef.fi\/stopdia\/tuuppaus\/#breadcrumb","itemListElement":[{"@type":"ListItem","position":1,"name":"Home","item":"https:\/\/sites.uef.fi\/stopdia\/"},{"@type":"ListItem","position":2,"name":"Ty\u00f6paikkainterventio"}]},{"@type":"WebSite","@id":"https:\/\/sites.uef.fi\/stopdia\/#website","url":"https:\/\/sites.uef.fi\/stopdia\/","name":"StopDia","description":"","potentialAction":[{"@type":"SearchAction","target":{"@type":"EntryPoint","urlTemplate":"https:\/\/sites.uef.fi\/stopdia\/?s={search_term_string}"},"query-input":{"@type":"PropertyValueSpecification","valueRequired":true,"valueName":"search_term_string"}}],"inLanguage":"fi"}]}},"_links":{"self":[{"href":"https:\/\/sites.uef.fi\/stopdia\/wp-json\/wp\/v2\/pages\/531","targetHints":{"allow":["GET"]}}],"collection":[{"href":"https:\/\/sites.uef.fi\/stopdia\/wp-json\/wp\/v2\/pages"}],"about":[{"href":"https:\/\/sites.uef.fi\/stopdia\/wp-json\/wp\/v2\/types\/page"}],"author":[{"embeddable":true,"href":"https:\/\/sites.uef.fi\/stopdia\/wp-json\/wp\/v2\/users\/187"}],"replies":[{"embeddable":true,"href":"https:\/\/sites.uef.fi\/stopdia\/wp-json\/wp\/v2\/comments?post=531"}],"version-history":[{"count":2,"href":"https:\/\/sites.uef.fi\/stopdia\/wp-json\/wp\/v2\/pages\/531\/revisions"}],"predecessor-version":[{"id":4976,"href":"https:\/\/sites.uef.fi\/stopdia\/wp-json\/wp\/v2\/pages\/531\/revisions\/4976"}],"wp:attachment":[{"href":"https:\/\/sites.uef.fi\/stopdia\/wp-json\/wp\/v2\/media?parent=531"}],"curies":[{"name":"wp","href":"https:\/\/api.w.org\/{rel}","templated":true}]}}