{"id":537,"date":"2020-06-22T17:53:43","date_gmt":"2020-06-22T14:53:43","guid":{"rendered":"https:\/\/sites.uef.fi\/stopdia\/?page_id=537"},"modified":"2023-12-21T13:15:38","modified_gmt":"2023-12-21T11:15:38","slug":"terveystaloustiede","status":"publish","type":"page","link":"https:\/\/sites.uef.fi\/stopdia\/terveystaloustiede\/","title":{"rendered":"Terveystaloustiede"},"content":{"rendered":"\n<h2 class=\"wp-block-heading\">Ennaltaehk\u00e4isy s\u00e4\u00e4st\u00e4\u00e4 kustannuksia<\/h2>\n\n\n\n<p>Tyypin 2 diabeteksen hoitokustannukset ovat Suomessa suuret ja ne ovat vuosittain kasvaneet. Jokainen sairastumatta j\u00e4\u00e4v\u00e4 henkil\u00f6 tuo terveyskulujen kautta suoraa s\u00e4\u00e4st\u00f6\u00e4 my\u00f6s valtiolle. Sairastuminen vaikuttaa heikent\u00e4v\u00e4sti my\u00f6s sairastuneen sosioekonomiseen asemaan, lis\u00e4ten sairauspoissaolojen ja ty\u00f6panoksen heikentymisen taakkaa. Sairastumista ennaltaehk\u00e4isev\u00e4t keinot ovat merkityksellisi\u00e4 ja ennaltaehk\u00e4isevi\u00e4 my\u00f6s muiden yhteiskunnallisten kustannusten kannalta hyvin laajalla mittakaavalla.<\/p>\n\n\n\n<p>StopDia-tutkimushankkeessa luotiin investointilaskuri esimerkiksi p\u00e4\u00e4tt\u00e4jien ja kuntien k\u00e4ytt\u00f6\u00f6n. Sen avulla voidaan arvioida tyypin 2 diabeteksen ehk\u00e4isyn terveystaloudellista vaikutusta ja s\u00e4\u00e4st\u00f6potentiaalia. <a href=\"https:\/\/esior.io\/stopdialaskuri1\/\">Testaa StopDia-investointilaskuria.&nbsp;<\/a><\/p>\n\n\n    <div class=\"funders grid\">\n                        <div class=\"funders__item grid__item\">\n                            <div class=\"funders__image\">\n                    <img decoding=\"async\" src=\"https:\/\/sites.uef.fi\/stopdia\/wp-content\/uploads\/sites\/90\/2021\/01\/University_of_eastern_finland_logo.jpg\" alt=\"It\u00e4-Suomen yliopiston logo.\" \/>\n                <\/div>\n                                                <\/div>\n                        \n                        <div class=\"funders__item grid__item\">\n                            <div class=\"funders__image\">\n                    <img decoding=\"async\" src=\"https:\/\/sites.uef.fi\/stopdia\/wp-content\/uploads\/sites\/90\/2020\/07\/THL_tunnus_lyhyt_RGB_vihrea-1-1.jpg\" alt=\"Terveyden ja hyvinvoinnin laitoksen (THL) logo.\" \/>\n                <\/div>\n                                                <\/div>\n                        \n                        <div class=\"funders__item grid__item\">\n                            <div class=\"funders__image\">\n                    <img decoding=\"async\" src=\"https:\/\/sites.uef.fi\/stopdia\/wp-content\/uploads\/sites\/90\/2020\/07\/VTT_Orange_Logo-1.jpg\" alt=\"VTT:n logo.\" \/>\n                <\/div>\n                                                <\/div>\n                        \n            <\/div>\n\n\n    <div class=\"funders grid\">\n                        <div class=\"funders__item grid__item\">\n                            <div class=\"funders__image\">\n                    <img decoding=\"async\" src=\"https:\/\/sites.uef.fi\/stopdia\/wp-content\/uploads\/sites\/90\/2020\/08\/Suomen-Akatemia.jpg\" alt=\"Suomen Akatemia logo.\" \/>\n                <\/div>\n                                                <\/div>\n                        \n                        <div class=\"funders__item grid__item\">\n                            <div class=\"funders__image\">\n                    <img decoding=\"async\" src=\"https:\/\/sites.uef.fi\/stopdia\/wp-content\/uploads\/sites\/90\/2021\/01\/Suomen-akatemia_Strateginen-tutkimus_logo.jpg\" alt=\"Suomen Akatemia, strateginen tutkimus logo.\" \/>\n                <\/div>\n                                                <\/div>\n                        \n            <\/div>\n","protected":false},"excerpt":{"rendered":"<p>Ennaltaehk\u00e4isy s\u00e4\u00e4st\u00e4\u00e4 kustannuksia Tyypin 2 diabeteksen hoitokustannukset ovat Suomessa suuret ja ne ovat vuosittain kasvaneet. Jokainen sairastumatta j\u00e4\u00e4v\u00e4 henkil\u00f6 tuo terveyskulujen kautta suoraa s\u00e4\u00e4st\u00f6\u00e4 my\u00f6s valtiolle. Sairastuminen vaikuttaa heikent\u00e4v\u00e4sti my\u00f6s sairastuneen sosioekonomiseen asemaan, lis\u00e4ten sairauspoissaolojen ja ty\u00f6panoksen heikentymisen taakkaa. Sairastumista ennaltaehk\u00e4isev\u00e4t keinot ovat merkityksellisi\u00e4 ja ennaltaehk\u00e4isevi\u00e4 my\u00f6s muiden yhteiskunnallisten kustannusten kannalta hyvin laajalla mittakaavalla. StopDia-tutkimushankkeessa [&hellip;]<\/p>\n","protected":false},"author":187,"featured_media":0,"parent":0,"menu_order":0,"comment_status":"closed","ping_status":"closed","template":"","meta":{"_acf_changed":false,"_monsterinsights_skip_tracking":false,"_monsterinsights_sitenote_active":false,"_monsterinsights_sitenote_note":"","_monsterinsights_sitenote_category":0,"footnotes":""},"class_list":["post-537","page","type-page","status-publish","hentry"],"acf":[],"yoast_head":"<!-- This site is optimized with the Yoast SEO plugin v27.1.1 - https:\/\/yoast.com\/product\/yoast-seo-wordpress\/ -->\n<title>Terveystaloustiede - StopDia<\/title>\n<meta name=\"robots\" content=\"index, follow, max-snippet:-1, max-image-preview:large, max-video-preview:-1\" \/>\n<link rel=\"canonical\" href=\"https:\/\/sites.uef.fi\/stopdia\/terveystaloustiede\/\" \/>\n<meta property=\"og:locale\" content=\"fi_FI\" \/>\n<meta property=\"og:type\" content=\"article\" \/>\n<meta property=\"og:title\" content=\"Terveystaloustiede - StopDia\" \/>\n<meta property=\"og:description\" content=\"Ennaltaehk\u00e4isy s\u00e4\u00e4st\u00e4\u00e4 kustannuksia Tyypin 2 diabeteksen hoitokustannukset ovat Suomessa suuret ja ne ovat vuosittain kasvaneet. Jokainen sairastumatta j\u00e4\u00e4v\u00e4 henkil\u00f6 tuo terveyskulujen kautta suoraa s\u00e4\u00e4st\u00f6\u00e4 my\u00f6s valtiolle. Sairastuminen vaikuttaa heikent\u00e4v\u00e4sti my\u00f6s sairastuneen sosioekonomiseen asemaan, lis\u00e4ten sairauspoissaolojen ja ty\u00f6panoksen heikentymisen taakkaa. Sairastumista ennaltaehk\u00e4isev\u00e4t keinot ovat merkityksellisi\u00e4 ja ennaltaehk\u00e4isevi\u00e4 my\u00f6s muiden yhteiskunnallisten kustannusten kannalta hyvin laajalla mittakaavalla. StopDia-tutkimushankkeessa [&hellip;]\" \/>\n<meta property=\"og:url\" content=\"https:\/\/sites.uef.fi\/stopdia\/terveystaloustiede\/\" \/>\n<meta property=\"og:site_name\" content=\"StopDia\" \/>\n<meta property=\"article:modified_time\" content=\"2023-12-21T11:15:38+00:00\" \/>\n<meta name=\"twitter:card\" content=\"summary_large_image\" \/>\n<meta name=\"twitter:label1\" content=\"Arvioitu lukuaika\" \/>\n\t<meta name=\"twitter:data1\" content=\"1 minuutti\" \/>\n<script type=\"application\/ld+json\" class=\"yoast-schema-graph\">{\"@context\":\"https:\/\/schema.org\",\"@graph\":[{\"@type\":\"WebPage\",\"@id\":\"https:\/\/sites.uef.fi\/stopdia\/terveystaloustiede\/\",\"url\":\"https:\/\/sites.uef.fi\/stopdia\/terveystaloustiede\/\",\"name\":\"Terveystaloustiede - StopDia\",\"isPartOf\":{\"@id\":\"https:\/\/sites.uef.fi\/stopdia\/?lang=en\/#website\"},\"datePublished\":\"2020-06-22T14:53:43+00:00\",\"dateModified\":\"2023-12-21T11:15:38+00:00\",\"breadcrumb\":{\"@id\":\"https:\/\/sites.uef.fi\/stopdia\/terveystaloustiede\/#breadcrumb\"},\"inLanguage\":\"fi\",\"potentialAction\":[{\"@type\":\"ReadAction\",\"target\":[\"https:\/\/sites.uef.fi\/stopdia\/terveystaloustiede\/\"]}]},{\"@type\":\"BreadcrumbList\",\"@id\":\"https:\/\/sites.uef.fi\/stopdia\/terveystaloustiede\/#breadcrumb\",\"itemListElement\":[{\"@type\":\"ListItem\",\"position\":1,\"name\":\"Home\",\"item\":\"https:\/\/sites.uef.fi\/stopdia\/\"},{\"@type\":\"ListItem\",\"position\":2,\"name\":\"Terveystaloustiede\"}]},{\"@type\":\"WebSite\",\"@id\":\"https:\/\/sites.uef.fi\/stopdia\/?lang=en\/#website\",\"url\":\"https:\/\/sites.uef.fi\/stopdia\/?lang=en\/\",\"name\":\"StopDia\",\"description\":\"\",\"potentialAction\":[{\"@type\":\"SearchAction\",\"target\":{\"@type\":\"EntryPoint\",\"urlTemplate\":\"https:\/\/sites.uef.fi\/stopdia\/?lang=en\/?s={search_term_string}\"},\"query-input\":{\"@type\":\"PropertyValueSpecification\",\"valueRequired\":true,\"valueName\":\"search_term_string\"}}],\"inLanguage\":\"fi\"}]}<\/script>\n<!-- \/ Yoast SEO plugin. -->","yoast_head_json":{"title":"Terveystaloustiede - StopDia","robots":{"index":"index","follow":"follow","max-snippet":"max-snippet:-1","max-image-preview":"max-image-preview:large","max-video-preview":"max-video-preview:-1"},"canonical":"https:\/\/sites.uef.fi\/stopdia\/terveystaloustiede\/","og_locale":"fi_FI","og_type":"article","og_title":"Terveystaloustiede - StopDia","og_description":"Ennaltaehk\u00e4isy s\u00e4\u00e4st\u00e4\u00e4 kustannuksia Tyypin 2 diabeteksen hoitokustannukset ovat Suomessa suuret ja ne ovat vuosittain kasvaneet. Jokainen sairastumatta j\u00e4\u00e4v\u00e4 henkil\u00f6 tuo terveyskulujen kautta suoraa s\u00e4\u00e4st\u00f6\u00e4 my\u00f6s valtiolle. Sairastuminen vaikuttaa heikent\u00e4v\u00e4sti my\u00f6s sairastuneen sosioekonomiseen asemaan, lis\u00e4ten sairauspoissaolojen ja ty\u00f6panoksen heikentymisen taakkaa. Sairastumista ennaltaehk\u00e4isev\u00e4t keinot ovat merkityksellisi\u00e4 ja ennaltaehk\u00e4isevi\u00e4 my\u00f6s muiden yhteiskunnallisten kustannusten kannalta hyvin laajalla mittakaavalla. StopDia-tutkimushankkeessa [&hellip;]","og_url":"https:\/\/sites.uef.fi\/stopdia\/terveystaloustiede\/","og_site_name":"StopDia","article_modified_time":"2023-12-21T11:15:38+00:00","twitter_card":"summary_large_image","twitter_misc":{"Arvioitu lukuaika":"1 minuutti"},"schema":{"@context":"https:\/\/schema.org","@graph":[{"@type":"WebPage","@id":"https:\/\/sites.uef.fi\/stopdia\/terveystaloustiede\/","url":"https:\/\/sites.uef.fi\/stopdia\/terveystaloustiede\/","name":"Terveystaloustiede - StopDia","isPartOf":{"@id":"https:\/\/sites.uef.fi\/stopdia\/?lang=en\/#website"},"datePublished":"2020-06-22T14:53:43+00:00","dateModified":"2023-12-21T11:15:38+00:00","breadcrumb":{"@id":"https:\/\/sites.uef.fi\/stopdia\/terveystaloustiede\/#breadcrumb"},"inLanguage":"fi","potentialAction":[{"@type":"ReadAction","target":["https:\/\/sites.uef.fi\/stopdia\/terveystaloustiede\/"]}]},{"@type":"BreadcrumbList","@id":"https:\/\/sites.uef.fi\/stopdia\/terveystaloustiede\/#breadcrumb","itemListElement":[{"@type":"ListItem","position":1,"name":"Home","item":"https:\/\/sites.uef.fi\/stopdia\/"},{"@type":"ListItem","position":2,"name":"Terveystaloustiede"}]},{"@type":"WebSite","@id":"https:\/\/sites.uef.fi\/stopdia\/?lang=en\/#website","url":"https:\/\/sites.uef.fi\/stopdia\/?lang=en\/","name":"StopDia","description":"","potentialAction":[{"@type":"SearchAction","target":{"@type":"EntryPoint","urlTemplate":"https:\/\/sites.uef.fi\/stopdia\/?lang=en\/?s={search_term_string}"},"query-input":{"@type":"PropertyValueSpecification","valueRequired":true,"valueName":"search_term_string"}}],"inLanguage":"fi"}]}},"_links":{"self":[{"href":"https:\/\/sites.uef.fi\/stopdia\/wp-json\/wp\/v2\/pages\/537","targetHints":{"allow":["GET"]}}],"collection":[{"href":"https:\/\/sites.uef.fi\/stopdia\/wp-json\/wp\/v2\/pages"}],"about":[{"href":"https:\/\/sites.uef.fi\/stopdia\/wp-json\/wp\/v2\/types\/page"}],"author":[{"embeddable":true,"href":"https:\/\/sites.uef.fi\/stopdia\/wp-json\/wp\/v2\/users\/187"}],"replies":[{"embeddable":true,"href":"https:\/\/sites.uef.fi\/stopdia\/wp-json\/wp\/v2\/comments?post=537"}],"version-history":[{"count":2,"href":"https:\/\/sites.uef.fi\/stopdia\/wp-json\/wp\/v2\/pages\/537\/revisions"}],"predecessor-version":[{"id":4985,"href":"https:\/\/sites.uef.fi\/stopdia\/wp-json\/wp\/v2\/pages\/537\/revisions\/4985"}],"wp:attachment":[{"href":"https:\/\/sites.uef.fi\/stopdia\/wp-json\/wp\/v2\/media?parent=537"}],"curies":[{"name":"wp","href":"https:\/\/api.w.org\/{rel}","templated":true}]}}