{"id":543,"date":"2020-06-22T17:54:45","date_gmt":"2020-06-22T14:54:45","guid":{"rendered":"https:\/\/sites.uef.fi\/stopdia\/?page_id=543"},"modified":"2023-12-21T13:17:42","modified_gmt":"2023-12-21T11:17:42","slug":"raportit","status":"publish","type":"page","link":"https:\/\/sites.uef.fi\/stopdia\/raportit\/","title":{"rendered":"StopDia-hankkeesta raportoitua"},"content":{"rendered":"\n<h2 class=\"wp-block-heading\">Raportit<\/h2>\n\n\n\n<h3 class=\"wp-block-heading\">2021<\/h3>\n\n\n\n<ul class=\"wp-block-list\">\n<li><a href=\"https:\/\/www.aka.fi\/globalassets\/3-stn\/1-strateginen-tutkimus\/tiedon-kayttajalle\/tietoaineistot\/yhteiskunnallisen-vaikuttavuuden-arviointi---strategisen-tutkimuksen-ohjelmat-2016-2019.pdf\">Strategisen tutkimuksen ohjelmien 2016\u20132019 yhteiskunnallisen vaikuttavuuden arviointiraportti (pdf)<\/a><\/li>\n<\/ul>\n\n\n\n<h3 class=\"wp-block-heading\">2019<\/h3>\n\n\n\n<ul class=\"wp-block-list\">\n<li><a href=\"https:\/\/www.aka.fi\/globalassets\/33stn\/materiaaleja\/politiikkasuositukset\/19_03_hyvinvoinnin_ja_osallisuuden_edistaminen.pdf\">Hyvinvoinnin ja osallisuuden edist\u00e4minen vaatii uusia keinoja -raportti<\/a><\/li>\n<\/ul>\n\n\n\n<h3 class=\"wp-block-heading\">2018<\/h3>\n\n\n\n<ul class=\"wp-block-list\">\n<li><a href=\"https:\/\/www3.uef.fi\/documents\/1022624\/0\/Hyvinvoinnin+edist%C3%A4minen+nyt+-raportti\/5a44dd7c-3f10-4c8e-ae8f-17d7de267a2e\">Hyvinvoinnin edist\u00e4minen nyt! -raportti<\/a><\/li>\n<\/ul>\n\n\n\n<h3 class=\"wp-block-heading\">2017<\/h3>\n\n\n\n<ul class=\"wp-block-list\">\n<li><a href=\"https:\/\/www3.uef.fi\/documents\/1022624\/1037951\/Yhteiskunnalliset+muutosta+mahdollistavat+ja+est%C3%A4v%C3%A4t+tekij%C3%A4t+v%C3%A4liraportti\/f0bc7972-1e67-44b9-9dd8-c09f32a5ae13\">Yhteiskunnalliset muutoksen esteet ja mahdollistajat &#8211; Avauksia tyypin 2 diabeteksen ehk\u00e4isyn muutospolkujen mallintamiseen&nbsp; -v\u00e4liraportti<\/a><\/li>\n<\/ul>\n\n\n\n<h3 class=\"wp-block-heading\">2016<\/h3>\n\n\n\n<ul class=\"wp-block-list\">\n<li><a href=\"https:\/\/www.aka.fi\/globalassets\/33stn\/tilannekuvaraportit\/stn2016-hankkeet\/stopdia_tilannekuvaraportti.pdf\">StopDia-hankkeen Tilannekuvaraportti<\/a><\/li>\n<\/ul>\n\n\n\n<h2 class=\"wp-block-heading\">&nbsp;<\/h2>\n\n\n\n<h2 class=\"wp-block-heading\">Vaikuttavuustarinat<\/h2>\n\n\n\n<p>StopDia &#8211; tutkimushankkeella on kolme vaikuttavuustavoitetta. Vaikuttavuustarinoissa on kuvattu tutkimushankkeen toimintaa ja etenemist\u00e4 tavoitteiden saavuttamiseksi.&nbsp;Tarinoita p\u00e4ivitet\u00e4\u00e4n noin puolivuosittain.<\/p>\n\n\n\n<ol class=\"wp-block-list\">\n<li>Kansalaisten oman roolin vahvistaminen tyypin 2 diabeteksen riskin tunnistamisessa ja ehk\u00e4isyn toteuttamisessa terveellisten elintapojen kautta &#8211; vaikuttavuustarinat&nbsp;<a href=\"https:\/\/studentuef.sharepoint.com\/:b:\/s\/stopdia-tiedostot\/ESI5V3kWKqVMsFbRX9p_N6EBrq_COrGMZ6bKv9dN9kRzOQ?e=pADvpa\" target=\"_blank\" rel=\"noopener noreferrer\">1\/2018,<\/a> <a href=\"https:\/\/www3.uef.fi\/documents\/1022624\/0\/Vaikuttavuustarina+kev%C3%A4t+2018\/bbc5d211-08da-4c49-a4c5-7c10b2f47af6\" target=\"_blank\" rel=\"noopener noreferrer\">6\/2018<\/a>&nbsp;ja <a href=\"https:\/\/studentuef.sharepoint.com\/:b:\/s\/stopdia-tiedostot\/EcDL5O54s89EkFMtAQufTvEBTvegtLCw9D6ZzX5bG7iEkA?e=IotO9S\" target=\"_blank\" rel=\"noopener noreferrer\">11\/2018<\/a>.<\/li>\n\n\n\n<li>Elinymp\u00e4rist\u00f6 tukee hyvinvointiamme ja sit\u00e4 edist\u00e4vi\u00e4 elintapoja&nbsp;&#8211; vaikuttavuustarinat <a href=\"https:\/\/studentuef.sharepoint.com\/:b:\/s\/stopdia-tiedostot\/EYKZnSSTN3xIqbuhqBLMkSkBmiYARxje_Z4dssqiTzzCNQ?e=EO6V7M\" target=\"_blank\" rel=\"noopener noreferrer\">1\/2018,<\/a> <a href=\"https:\/\/www3.uef.fi\/documents\/1022624\/0\/vaikuttavuustarina+2+kev%C3%A4t+2018\/41d9fd62-d181-456e-9e82-d3fc1672be7b\" target=\"_blank\" rel=\"noopener noreferrer\">6\/2018<\/a>&nbsp;ja <a href=\"https:\/\/studentuef.sharepoint.com\/:b:\/s\/stopdia-tiedostot\/EVX4A0hD_XdEogveoaim_6EBiTPcjI2_llbSsFQcvob-kg?e=VEGpYk\" target=\"_blank\" rel=\"noopener noreferrer\">11\/2018<\/a>.<\/li>\n\n\n\n<li>Yksil\u00f6n, ymp\u00e4rist\u00f6n ja yhteiskunnan tasolla saadun tieteellisen tiedon muuttuminen p\u00e4\u00e4t\u00f6ksenteoksi terveytt\u00e4 tukevan yhteiskunnan rakentamiseksi &#8211; vaikuttavuustarinat&nbsp;<a href=\"https:\/\/studentuef.sharepoint.com\/:b:\/s\/stopdia-tiedostot\/EfvUiyzoNClIvaQPz9AywDUBzhA52Gfw_IDRESB0eXVA4w?e=nSKa1m\" target=\"_blank\" rel=\"noopener noreferrer\">1\/2018,<\/a> <a href=\"https:\/\/www3.uef.fi\/documents\/1022624\/0\/Vaikuttavuustarina+3+kev%C3%A4t+2018\/6cf8c94f-2784-4761-8e75-f7265ec621e9\" target=\"_blank\" rel=\"noopener noreferrer\">6\/2018<\/a>&nbsp;ja <a href=\"https:\/\/studentuef.sharepoint.com\/:b:\/s\/stopdia-tiedostot\/EcFYKlKCLh1DujEA8OBnscYBZPu0u9v77iMJ18K2cps7Ug?e=Zbd6qD\" target=\"_blank\" rel=\"noopener noreferrer\">11\/2018<\/a>.<\/li>\n<\/ol>\n\n\n    <div class=\"funders grid\">\n                        <div class=\"funders__item grid__item\">\n                            <div class=\"funders__image\">\n                    <img decoding=\"async\" src=\"https:\/\/sites.uef.fi\/stopdia\/wp-content\/uploads\/sites\/90\/2021\/01\/University_of_eastern_finland_logo.jpg\" alt=\"It\u00e4-Suomen yliopiston logo.\" \/>\n                <\/div>\n                                                <\/div>\n                        \n                        <div class=\"funders__item grid__item\">\n                            <div class=\"funders__image\">\n                    <img decoding=\"async\" src=\"https:\/\/sites.uef.fi\/stopdia\/wp-content\/uploads\/sites\/90\/2020\/07\/THL_tunnus_lyhyt_RGB_vihrea-1-1.jpg\" alt=\"Terveyden ja hyvinvoinnin laitoksen (THL) logo.\" \/>\n                <\/div>\n                                                <\/div>\n                        \n                        <div class=\"funders__item grid__item\">\n                            <div class=\"funders__image\">\n                    <img decoding=\"async\" src=\"https:\/\/sites.uef.fi\/stopdia\/wp-content\/uploads\/sites\/90\/2020\/07\/VTT_Orange_Logo-1.jpg\" alt=\"VTT:n logo.\" \/>\n                <\/div>\n                                                <\/div>\n                        \n            <\/div>\n\n\n    <div class=\"funders grid\">\n                        <div class=\"funders__item grid__item\">\n                            <div class=\"funders__image\">\n                    <img decoding=\"async\" src=\"https:\/\/sites.uef.fi\/stopdia\/wp-content\/uploads\/sites\/90\/2020\/08\/Suomen-Akatemia.jpg\" alt=\"Suomen Akatemia logo.\" \/>\n                <\/div>\n                                                <\/div>\n                        \n                        <div class=\"funders__item grid__item\">\n                            <div class=\"funders__image\">\n                    <img decoding=\"async\" src=\"https:\/\/sites.uef.fi\/stopdia\/wp-content\/uploads\/sites\/90\/2021\/01\/Suomen-akatemia_Strateginen-tutkimus_logo.jpg\" alt=\"Suomen Akatemia, strateginen tutkimus logo.\" \/>\n                <\/div>\n                                                <\/div>\n                        \n            <\/div>\n","protected":false},"excerpt":{"rendered":"<p>Raportit 2021 2019 2018 2017 2016 &nbsp; Vaikuttavuustarinat StopDia &#8211; tutkimushankkeella on kolme vaikuttavuustavoitetta. Vaikuttavuustarinoissa on kuvattu tutkimushankkeen toimintaa ja etenemist\u00e4 tavoitteiden saavuttamiseksi.&nbsp;Tarinoita p\u00e4ivitet\u00e4\u00e4n noin puolivuosittain.<\/p>\n","protected":false},"author":187,"featured_media":0,"parent":0,"menu_order":0,"comment_status":"closed","ping_status":"closed","template":"","meta":{"_acf_changed":false,"_monsterinsights_skip_tracking":false,"_monsterinsights_sitenote_active":false,"_monsterinsights_sitenote_note":"","_monsterinsights_sitenote_category":0,"footnotes":""},"class_list":["post-543","page","type-page","status-publish","hentry"],"acf":[],"yoast_head":"<!-- This site is optimized with the Yoast SEO plugin v27.1.1 - https:\/\/yoast.com\/product\/yoast-seo-wordpress\/ -->\n<title>StopDia-hankkeesta raportoitua - StopDia<\/title>\n<meta name=\"robots\" content=\"index, follow, max-snippet:-1, max-image-preview:large, max-video-preview:-1\" \/>\n<link rel=\"canonical\" href=\"https:\/\/sites.uef.fi\/stopdia\/raportit\/\" \/>\n<meta property=\"og:locale\" content=\"fi_FI\" \/>\n<meta property=\"og:type\" content=\"article\" \/>\n<meta property=\"og:title\" content=\"StopDia-hankkeesta raportoitua - StopDia\" \/>\n<meta property=\"og:description\" content=\"Raportit 2021 2019 2018 2017 2016 &nbsp; Vaikuttavuustarinat StopDia &#8211; tutkimushankkeella on kolme vaikuttavuustavoitetta. Vaikuttavuustarinoissa on kuvattu tutkimushankkeen toimintaa ja etenemist\u00e4 tavoitteiden saavuttamiseksi.&nbsp;Tarinoita p\u00e4ivitet\u00e4\u00e4n noin puolivuosittain.\" \/>\n<meta property=\"og:url\" content=\"https:\/\/sites.uef.fi\/stopdia\/raportit\/\" \/>\n<meta property=\"og:site_name\" content=\"StopDia\" \/>\n<meta property=\"article:modified_time\" content=\"2023-12-21T11:17:42+00:00\" \/>\n<meta name=\"twitter:card\" content=\"summary_large_image\" \/>\n<meta name=\"twitter:label1\" content=\"Arvioitu lukuaika\" \/>\n\t<meta name=\"twitter:data1\" content=\"1 minuutti\" \/>\n<script type=\"application\/ld+json\" class=\"yoast-schema-graph\">{\"@context\":\"https:\/\/schema.org\",\"@graph\":[{\"@type\":\"WebPage\",\"@id\":\"https:\/\/sites.uef.fi\/stopdia\/raportit\/\",\"url\":\"https:\/\/sites.uef.fi\/stopdia\/raportit\/\",\"name\":\"StopDia-hankkeesta raportoitua - StopDia\",\"isPartOf\":{\"@id\":\"https:\/\/sites.uef.fi\/stopdia\/?lang=en\/#website\"},\"datePublished\":\"2020-06-22T14:54:45+00:00\",\"dateModified\":\"2023-12-21T11:17:42+00:00\",\"breadcrumb\":{\"@id\":\"https:\/\/sites.uef.fi\/stopdia\/raportit\/#breadcrumb\"},\"inLanguage\":\"fi\",\"potentialAction\":[{\"@type\":\"ReadAction\",\"target\":[\"https:\/\/sites.uef.fi\/stopdia\/raportit\/\"]}]},{\"@type\":\"BreadcrumbList\",\"@id\":\"https:\/\/sites.uef.fi\/stopdia\/raportit\/#breadcrumb\",\"itemListElement\":[{\"@type\":\"ListItem\",\"position\":1,\"name\":\"Home\",\"item\":\"https:\/\/sites.uef.fi\/stopdia\/\"},{\"@type\":\"ListItem\",\"position\":2,\"name\":\"StopDia-hankkeesta raportoitua\"}]},{\"@type\":\"WebSite\",\"@id\":\"https:\/\/sites.uef.fi\/stopdia\/?lang=en\/#website\",\"url\":\"https:\/\/sites.uef.fi\/stopdia\/?lang=en\/\",\"name\":\"StopDia\",\"description\":\"\",\"potentialAction\":[{\"@type\":\"SearchAction\",\"target\":{\"@type\":\"EntryPoint\",\"urlTemplate\":\"https:\/\/sites.uef.fi\/stopdia\/?lang=en\/?s={search_term_string}\"},\"query-input\":{\"@type\":\"PropertyValueSpecification\",\"valueRequired\":true,\"valueName\":\"search_term_string\"}}],\"inLanguage\":\"fi\"}]}<\/script>\n<!-- \/ Yoast SEO plugin. -->","yoast_head_json":{"title":"StopDia-hankkeesta raportoitua - StopDia","robots":{"index":"index","follow":"follow","max-snippet":"max-snippet:-1","max-image-preview":"max-image-preview:large","max-video-preview":"max-video-preview:-1"},"canonical":"https:\/\/sites.uef.fi\/stopdia\/raportit\/","og_locale":"fi_FI","og_type":"article","og_title":"StopDia-hankkeesta raportoitua - StopDia","og_description":"Raportit 2021 2019 2018 2017 2016 &nbsp; Vaikuttavuustarinat StopDia &#8211; tutkimushankkeella on kolme vaikuttavuustavoitetta. Vaikuttavuustarinoissa on kuvattu tutkimushankkeen toimintaa ja etenemist\u00e4 tavoitteiden saavuttamiseksi.&nbsp;Tarinoita p\u00e4ivitet\u00e4\u00e4n noin puolivuosittain.","og_url":"https:\/\/sites.uef.fi\/stopdia\/raportit\/","og_site_name":"StopDia","article_modified_time":"2023-12-21T11:17:42+00:00","twitter_card":"summary_large_image","twitter_misc":{"Arvioitu lukuaika":"1 minuutti"},"schema":{"@context":"https:\/\/schema.org","@graph":[{"@type":"WebPage","@id":"https:\/\/sites.uef.fi\/stopdia\/raportit\/","url":"https:\/\/sites.uef.fi\/stopdia\/raportit\/","name":"StopDia-hankkeesta raportoitua - StopDia","isPartOf":{"@id":"https:\/\/sites.uef.fi\/stopdia\/?lang=en\/#website"},"datePublished":"2020-06-22T14:54:45+00:00","dateModified":"2023-12-21T11:17:42+00:00","breadcrumb":{"@id":"https:\/\/sites.uef.fi\/stopdia\/raportit\/#breadcrumb"},"inLanguage":"fi","potentialAction":[{"@type":"ReadAction","target":["https:\/\/sites.uef.fi\/stopdia\/raportit\/"]}]},{"@type":"BreadcrumbList","@id":"https:\/\/sites.uef.fi\/stopdia\/raportit\/#breadcrumb","itemListElement":[{"@type":"ListItem","position":1,"name":"Home","item":"https:\/\/sites.uef.fi\/stopdia\/"},{"@type":"ListItem","position":2,"name":"StopDia-hankkeesta raportoitua"}]},{"@type":"WebSite","@id":"https:\/\/sites.uef.fi\/stopdia\/?lang=en\/#website","url":"https:\/\/sites.uef.fi\/stopdia\/?lang=en\/","name":"StopDia","description":"","potentialAction":[{"@type":"SearchAction","target":{"@type":"EntryPoint","urlTemplate":"https:\/\/sites.uef.fi\/stopdia\/?lang=en\/?s={search_term_string}"},"query-input":{"@type":"PropertyValueSpecification","valueRequired":true,"valueName":"search_term_string"}}],"inLanguage":"fi"}]}},"_links":{"self":[{"href":"https:\/\/sites.uef.fi\/stopdia\/wp-json\/wp\/v2\/pages\/543","targetHints":{"allow":["GET"]}}],"collection":[{"href":"https:\/\/sites.uef.fi\/stopdia\/wp-json\/wp\/v2\/pages"}],"about":[{"href":"https:\/\/sites.uef.fi\/stopdia\/wp-json\/wp\/v2\/types\/page"}],"author":[{"embeddable":true,"href":"https:\/\/sites.uef.fi\/stopdia\/wp-json\/wp\/v2\/users\/187"}],"replies":[{"embeddable":true,"href":"https:\/\/sites.uef.fi\/stopdia\/wp-json\/wp\/v2\/comments?post=543"}],"version-history":[{"count":2,"href":"https:\/\/sites.uef.fi\/stopdia\/wp-json\/wp\/v2\/pages\/543\/revisions"}],"predecessor-version":[{"id":4991,"href":"https:\/\/sites.uef.fi\/stopdia\/wp-json\/wp\/v2\/pages\/543\/revisions\/4991"}],"wp:attachment":[{"href":"https:\/\/sites.uef.fi\/stopdia\/wp-json\/wp\/v2\/media?parent=543"}],"curies":[{"name":"wp","href":"https:\/\/api.w.org\/{rel}","templated":true}]}}