{"id":102,"date":"2025-07-28T15:04:00","date_gmt":"2025-07-28T13:04:00","guid":{"rendered":"https:\/\/sites.uef.fi\/sttp2026\/?page_id=102"},"modified":"2026-02-12T13:13:21","modified_gmt":"2026-02-12T11:13:21","slug":"ohjelma","status":"publish","type":"page","link":"https:\/\/sites.uef.fi\/sttp2026\/ohjelma\/","title":{"rendered":"Ohjelma"},"content":{"rendered":"\n<p>Vuoden 2026 Sosiaality\u00f6n tutkimuksen p\u00e4iv\u00e4t j\u00e4rjestet\u00e4\u00e4n It\u00e4-Suomen yliopistolla, Kuopion kampuksella teemalla Yhdess\u00e4 paremmin. Tutkimusp\u00e4iv\u00e4t j\u00e4rjestet\u00e4\u00e4n Snellmania rakennuksessa ja osa ty\u00f6ryhmist\u00e4 Tietoteknialla ja Medistudiassa. Snellmanian ensimm\u00e4isen kerroksen aulassa voi p\u00e4ivien ajan tutustua n\u00e4ytteilleasettajiin sek\u00e4 posteriesityksiin.<\/p>\n\n\n\n<h4 class=\"wp-block-heading\">Keskiviikko 11.2.2026<\/h4>\n\n\n\n<p><strong>12.00\u201317.30<\/strong> V\u00e4it\u00f6skirjatutkijoiden prekonferenssi (Snellmania)<\/p>\n\n\n\n<h4 class=\"wp-block-heading\">Torstai 12.2.2026<\/h4>\n\n\n\n<p><strong>8.30\u20139.30<\/strong> <strong>Ilmoittautuminen <\/strong>(Snellmania, 1krs, aula)&nbsp;<\/p>\n\n\n\n<p><strong>9.30\u201310.15<\/strong> <strong>Tutkimusp\u00e4ivien avaus<\/strong>, <strong>Yliopiston tervehdys<\/strong>, varadekaani Sari Rissanen, <strong>Sosiaality\u00f6n tutkimuksen seuran tervehdys ja pro gradu- palkinnon jakaminen<\/strong>, puheenjohtaja Johanna Moilanen, musiikkiesitys&nbsp;(SN100)<\/p>\n\n\n\n<p><strong>10.15\u201311.15<\/strong> <strong>P\u00e4\u00e4puheenvuoro \u201dKanssatutkijuuden moninaiset muodot ja mahdollisuudet\u201d<\/strong> Satu Ven\u00e4l\u00e4inen, yliopistotutkija&nbsp;ja <strong>kommenttipuheenvuoro<\/strong> Maija Haapala, v\u00e4it\u00f6skirjatutkija&nbsp;(SN100, Snellmania)<\/p>\n\n\n\n<p><strong>11.15\u201311.30<\/strong> <strong>Tauko<\/strong>&nbsp;<\/p>\n\n\n\n<p><strong>11.30\u201312.30<\/strong> <strong>P\u00e4\u00e4puheenvuoro \u201dDialogi vaikuttaa &#8211; mutta miksi?\u201d<\/strong> Jaakko Seikkula, emeritusprofessori&nbsp;ja <strong>kommenttipuheenvuoro<\/strong> Kaarina M\u00f6nkk\u00f6nen, vanhempi yliopistonlehtori&nbsp;(SN100, Snellmania)<\/p>\n\n\n\n<p><strong>12.30\u201313.45<\/strong> <strong>Lounas<\/strong>&nbsp;<\/p>\n\n\n\n<p><strong>13.45\u201315.15<\/strong> <strong>Ty\u00f6ryhm\u00e4t<\/strong> (<a href=\"https:\/\/sites.uef.fi\/sttp2026\/tyoryhmien-aikataulut-ja-esittajat\/\">Tarkemmat tiedot t\u00e4\u00e4lt\u00e4<\/a>)<\/p>\n\n\n\n<p><strong>15.15\u201315.45<\/strong> <strong>Kahvit ja Talentian tervehdys<\/strong>, Alpo Heikkinen, erityisasiantuntija (Snellmanian, 1krs, aula)&nbsp;<\/p>\n\n\n\n<p><strong>15.45\u201317.15<\/strong> <strong>Ty\u00f6ryhm\u00e4t <\/strong>(<a href=\"https:\/\/sites.uef.fi\/sttp2026\/tyoryhmien-aikataulut-ja-esittajat\/\">Tarkemmat tiedot t\u00e4\u00e4lt\u00e4<\/a>)\u00a0<\/p>\n\n\n\n<p><strong>18.30<\/strong> Illallinen (Scandic Atlas)<\/p>\n\n\n\n<h4 class=\"wp-block-heading\">Perjantai 13.2.2026<\/h4>\n\n\n\n<p><strong>8.00\u20139.00<\/strong> <strong>Sosiaality\u00f6n tutkimuksen seuran vuosikokous<\/strong>&nbsp;(SN205, Snellmania)<\/p>\n\n\n\n<p><strong>9.00\u201310.30<\/strong> <strong>Ty\u00f6ryhm\u00e4t <\/strong>(<a href=\"https:\/\/sites.uef.fi\/sttp2026\/tyoryhmien-aikataulut-ja-esittajat\/\">Tarkemmat tiedot t\u00e4\u00e4lt\u00e4<\/a>)\u00a0<\/p>\n\n\n\n<p><strong>10.30\u201310.45<\/strong> <strong>Tauko<\/strong>&nbsp;<\/p>\n\n\n\n<p><strong>10.45\u201311.45<\/strong> <strong>P\u00e4\u00e4puheenvuoro<\/strong> <strong>\u201dMonitieteinen opetus ja oppiminen\u201d<\/strong> Taru Kekoni, yliopistonlehtori, Henna Saari, kliininen opettaja&nbsp;(SN100, Snellmania)<\/p>\n\n\n\n<p><strong>11.45\u201313.00<\/strong> <strong>Lounas<\/strong>&nbsp;<\/p>\n\n\n\n<p><strong>13.00\u201314.00<\/strong> <strong>P\u00e4\u00e4puheenvuoro \u201dStitching together social work and health care for better outcomes for older people &#8211; seamless or patchwork?\u201d<\/strong> Paul Willis, professori&nbsp;ja <strong>kommenttipuheenvuoro<\/strong> Heli Valokivi, professori (SN100, Snellmania)<\/p>\n\n\n\n<p><strong>14.00\u201314.45<\/strong> <strong>V\u00e4it\u00f6skirjapalkinnon jakaminen ja kunniaj\u00e4senen nime\u00e4minen <\/strong>(SN100, Snellmania)<\/p>\n\n\n\n<p><strong>14.45\u201315.00<\/strong> <strong>Tutkimusp\u00e4ivien p\u00e4\u00e4t\u00f6s<\/strong>, <strong>Sosiaality\u00f6n tutkimuksen seuran uusi hallitus esitt\u00e4ytyy, Kutsu vuoden 2027 tutkimusp\u00e4iville<\/strong> (SN100, Snellmania)<\/p>\n\n\n\n<p><\/p>\n\n\n\n<h2 class=\"wp-block-heading\">YHTEISTY\u00d6SS\u00c4<\/h2>\n\n\n\n<figure class=\"wp-block-image size-large is-resized\"><img loading=\"lazy\" decoding=\"async\" width=\"1024\" height=\"283\" src=\"https:\/\/sites.uef.fi\/sttp2026\/wp-content\/uploads\/sites\/553\/2026\/01\/Nayttokuva-2026-01-20-121109-1024x283.png\" alt=\"\" class=\"wp-image-634\" style=\"aspect-ratio:3.6184944289232197;width:314px;height:auto\" srcset=\"https:\/\/sites.uef.fi\/sttp2026\/wp-content\/uploads\/sites\/553\/2026\/01\/Nayttokuva-2026-01-20-121109-1024x283.png 1024w, https:\/\/sites.uef.fi\/sttp2026\/wp-content\/uploads\/sites\/553\/2026\/01\/Nayttokuva-2026-01-20-121109-300x83.png 300w, https:\/\/sites.uef.fi\/sttp2026\/wp-content\/uploads\/sites\/553\/2026\/01\/Nayttokuva-2026-01-20-121109-768x212.png 768w, https:\/\/sites.uef.fi\/sttp2026\/wp-content\/uploads\/sites\/553\/2026\/01\/Nayttokuva-2026-01-20-121109.png 1176w\" sizes=\"auto, (max-width: 1024px) 100vw, 1024px\" \/><\/figure>\n\n\n\n<p><\/p>\n","protected":false},"excerpt":{"rendered":"<p>Vuoden 2026 Sosiaality\u00f6n tutkimuksen p\u00e4iv\u00e4t j\u00e4rjestet\u00e4\u00e4n It\u00e4-Suomen yliopistolla, Kuopion kampuksella teemalla Yhdess\u00e4 paremmin. Tutkimusp\u00e4iv\u00e4t j\u00e4rjestet\u00e4\u00e4n Snellmania rakennuksessa ja osa ty\u00f6ryhmist\u00e4 Tietoteknialla ja Medistudiassa. Snellmanian ensimm\u00e4isen kerroksen aulassa voi p\u00e4ivien ajan tutustua n\u00e4ytteilleasettajiin sek\u00e4 posteriesityksiin. Keskiviikko 11.2.2026 12.00\u201317.30 V\u00e4it\u00f6skirjatutkijoiden prekonferenssi (Snellmania) Torstai 12.2.2026 8.30\u20139.30 Ilmoittautuminen (Snellmania, 1krs, aula)&nbsp; 9.30\u201310.15 Tutkimusp\u00e4ivien avaus, Yliopiston tervehdys, varadekaani Sari Rissanen, [&hellip;]<\/p>\n","protected":false},"author":1326,"featured_media":0,"parent":0,"menu_order":1,"comment_status":"closed","ping_status":"closed","template":"","meta":{"_acf_changed":false,"footnotes":""},"class_list":["post-102","page","type-page","status-publish","hentry"],"acf":[],"yoast_head":"<!-- This site is optimized with the Yoast SEO plugin v27.3 - https:\/\/yoast.com\/product\/yoast-seo-wordpress\/ -->\n<title>Ohjelma - Sosiaality\u00f6n tutkimuksen p\u00e4iv\u00e4t 2026<\/title>\n<meta name=\"robots\" content=\"index, follow, max-snippet:-1, max-image-preview:large, max-video-preview:-1\" \/>\n<link rel=\"canonical\" href=\"https:\/\/sites.uef.fi\/sttp2026\/ohjelma\/\" \/>\n<meta property=\"og:locale\" content=\"fi_FI\" \/>\n<meta property=\"og:type\" content=\"article\" \/>\n<meta property=\"og:title\" content=\"Ohjelma - Sosiaality\u00f6n tutkimuksen p\u00e4iv\u00e4t 2026\" \/>\n<meta property=\"og:description\" content=\"Vuoden 2026 Sosiaality\u00f6n tutkimuksen p\u00e4iv\u00e4t j\u00e4rjestet\u00e4\u00e4n It\u00e4-Suomen yliopistolla, Kuopion kampuksella teemalla Yhdess\u00e4 paremmin. Tutkimusp\u00e4iv\u00e4t j\u00e4rjestet\u00e4\u00e4n Snellmania rakennuksessa ja osa ty\u00f6ryhmist\u00e4 Tietoteknialla ja Medistudiassa. Snellmanian ensimm\u00e4isen kerroksen aulassa voi p\u00e4ivien ajan tutustua n\u00e4ytteilleasettajiin sek\u00e4 posteriesityksiin. Keskiviikko 11.2.2026 12.00\u201317.30 V\u00e4it\u00f6skirjatutkijoiden prekonferenssi (Snellmania) Torstai 12.2.2026 8.30\u20139.30 Ilmoittautuminen (Snellmania, 1krs, aula)&nbsp; 9.30\u201310.15 Tutkimusp\u00e4ivien avaus, Yliopiston tervehdys, varadekaani Sari Rissanen, [&hellip;]\" \/>\n<meta property=\"og:url\" content=\"https:\/\/sites.uef.fi\/sttp2026\/ohjelma\/\" \/>\n<meta property=\"og:site_name\" content=\"Sosiaality\u00f6n tutkimuksen p\u00e4iv\u00e4t 2026\" \/>\n<meta property=\"article:modified_time\" content=\"2026-02-12T11:13:21+00:00\" \/>\n<meta property=\"og:image\" content=\"https:\/\/sites.uef.fi\/sttp2026\/wp-content\/uploads\/sites\/553\/2026\/01\/Nayttokuva-2026-01-20-121109-1024x283.png\" \/>\n<meta name=\"twitter:card\" content=\"summary_large_image\" \/>\n<meta name=\"twitter:label1\" content=\"Arvioitu lukuaika\" \/>\n\t<meta name=\"twitter:data1\" content=\"2 minuuttia\" \/>\n<script type=\"application\/ld+json\" class=\"yoast-schema-graph\">{\"@context\":\"https:\\\/\\\/schema.org\",\"@graph\":[{\"@type\":\"WebPage\",\"@id\":\"https:\\\/\\\/sites.uef.fi\\\/sttp2026\\\/ohjelma\\\/\",\"url\":\"https:\\\/\\\/sites.uef.fi\\\/sttp2026\\\/ohjelma\\\/\",\"name\":\"Ohjelma - Sosiaality\u00f6n tutkimuksen p\u00e4iv\u00e4t 2026\",\"isPartOf\":{\"@id\":\"https:\\\/\\\/sites.uef.fi\\\/sttp2026\\\/#website\"},\"primaryImageOfPage\":{\"@id\":\"https:\\\/\\\/sites.uef.fi\\\/sttp2026\\\/ohjelma\\\/#primaryimage\"},\"image\":{\"@id\":\"https:\\\/\\\/sites.uef.fi\\\/sttp2026\\\/ohjelma\\\/#primaryimage\"},\"thumbnailUrl\":\"https:\\\/\\\/sites.uef.fi\\\/sttp2026\\\/wp-content\\\/uploads\\\/sites\\\/553\\\/2026\\\/01\\\/Nayttokuva-2026-01-20-121109-1024x283.png\",\"datePublished\":\"2025-07-28T13:04:00+00:00\",\"dateModified\":\"2026-02-12T11:13:21+00:00\",\"breadcrumb\":{\"@id\":\"https:\\\/\\\/sites.uef.fi\\\/sttp2026\\\/ohjelma\\\/#breadcrumb\"},\"inLanguage\":\"fi\",\"potentialAction\":[{\"@type\":\"ReadAction\",\"target\":[\"https:\\\/\\\/sites.uef.fi\\\/sttp2026\\\/ohjelma\\\/\"]}]},{\"@type\":\"ImageObject\",\"inLanguage\":\"fi\",\"@id\":\"https:\\\/\\\/sites.uef.fi\\\/sttp2026\\\/ohjelma\\\/#primaryimage\",\"url\":\"https:\\\/\\\/sites.uef.fi\\\/sttp2026\\\/wp-content\\\/uploads\\\/sites\\\/553\\\/2026\\\/01\\\/Nayttokuva-2026-01-20-121109.png\",\"contentUrl\":\"https:\\\/\\\/sites.uef.fi\\\/sttp2026\\\/wp-content\\\/uploads\\\/sites\\\/553\\\/2026\\\/01\\\/Nayttokuva-2026-01-20-121109.png\",\"width\":1176,\"height\":325},{\"@type\":\"BreadcrumbList\",\"@id\":\"https:\\\/\\\/sites.uef.fi\\\/sttp2026\\\/ohjelma\\\/#breadcrumb\",\"itemListElement\":[{\"@type\":\"ListItem\",\"position\":1,\"name\":\"Home\",\"item\":\"https:\\\/\\\/sites.uef.fi\\\/sttp2026\\\/\"},{\"@type\":\"ListItem\",\"position\":2,\"name\":\"Ohjelma\"}]},{\"@type\":\"WebSite\",\"@id\":\"https:\\\/\\\/sites.uef.fi\\\/sttp2026\\\/#website\",\"url\":\"https:\\\/\\\/sites.uef.fi\\\/sttp2026\\\/\",\"name\":\"Sosiaality\u00f6n tutkimuksen p\u00e4iv\u00e4t 2026\",\"description\":\"\",\"potentialAction\":[{\"@type\":\"SearchAction\",\"target\":{\"@type\":\"EntryPoint\",\"urlTemplate\":\"https:\\\/\\\/sites.uef.fi\\\/sttp2026\\\/?s={search_term_string}\"},\"query-input\":{\"@type\":\"PropertyValueSpecification\",\"valueRequired\":true,\"valueName\":\"search_term_string\"}}],\"inLanguage\":\"fi\"}]}<\/script>\n<!-- \/ Yoast SEO plugin. -->","yoast_head_json":{"title":"Ohjelma - Sosiaality\u00f6n tutkimuksen p\u00e4iv\u00e4t 2026","robots":{"index":"index","follow":"follow","max-snippet":"max-snippet:-1","max-image-preview":"max-image-preview:large","max-video-preview":"max-video-preview:-1"},"canonical":"https:\/\/sites.uef.fi\/sttp2026\/ohjelma\/","og_locale":"fi_FI","og_type":"article","og_title":"Ohjelma - Sosiaality\u00f6n tutkimuksen p\u00e4iv\u00e4t 2026","og_description":"Vuoden 2026 Sosiaality\u00f6n tutkimuksen p\u00e4iv\u00e4t j\u00e4rjestet\u00e4\u00e4n It\u00e4-Suomen yliopistolla, Kuopion kampuksella teemalla Yhdess\u00e4 paremmin. Tutkimusp\u00e4iv\u00e4t j\u00e4rjestet\u00e4\u00e4n Snellmania rakennuksessa ja osa ty\u00f6ryhmist\u00e4 Tietoteknialla ja Medistudiassa. Snellmanian ensimm\u00e4isen kerroksen aulassa voi p\u00e4ivien ajan tutustua n\u00e4ytteilleasettajiin sek\u00e4 posteriesityksiin. Keskiviikko 11.2.2026 12.00\u201317.30 V\u00e4it\u00f6skirjatutkijoiden prekonferenssi (Snellmania) Torstai 12.2.2026 8.30\u20139.30 Ilmoittautuminen (Snellmania, 1krs, aula)&nbsp; 9.30\u201310.15 Tutkimusp\u00e4ivien avaus, Yliopiston tervehdys, varadekaani Sari Rissanen, [&hellip;]","og_url":"https:\/\/sites.uef.fi\/sttp2026\/ohjelma\/","og_site_name":"Sosiaality\u00f6n tutkimuksen p\u00e4iv\u00e4t 2026","article_modified_time":"2026-02-12T11:13:21+00:00","og_image":[{"url":"https:\/\/sites.uef.fi\/sttp2026\/wp-content\/uploads\/sites\/553\/2026\/01\/Nayttokuva-2026-01-20-121109-1024x283.png","type":"","width":"","height":""}],"twitter_card":"summary_large_image","twitter_misc":{"Arvioitu lukuaika":"2 minuuttia"},"schema":{"@context":"https:\/\/schema.org","@graph":[{"@type":"WebPage","@id":"https:\/\/sites.uef.fi\/sttp2026\/ohjelma\/","url":"https:\/\/sites.uef.fi\/sttp2026\/ohjelma\/","name":"Ohjelma - Sosiaality\u00f6n tutkimuksen p\u00e4iv\u00e4t 2026","isPartOf":{"@id":"https:\/\/sites.uef.fi\/sttp2026\/#website"},"primaryImageOfPage":{"@id":"https:\/\/sites.uef.fi\/sttp2026\/ohjelma\/#primaryimage"},"image":{"@id":"https:\/\/sites.uef.fi\/sttp2026\/ohjelma\/#primaryimage"},"thumbnailUrl":"https:\/\/sites.uef.fi\/sttp2026\/wp-content\/uploads\/sites\/553\/2026\/01\/Nayttokuva-2026-01-20-121109-1024x283.png","datePublished":"2025-07-28T13:04:00+00:00","dateModified":"2026-02-12T11:13:21+00:00","breadcrumb":{"@id":"https:\/\/sites.uef.fi\/sttp2026\/ohjelma\/#breadcrumb"},"inLanguage":"fi","potentialAction":[{"@type":"ReadAction","target":["https:\/\/sites.uef.fi\/sttp2026\/ohjelma\/"]}]},{"@type":"ImageObject","inLanguage":"fi","@id":"https:\/\/sites.uef.fi\/sttp2026\/ohjelma\/#primaryimage","url":"https:\/\/sites.uef.fi\/sttp2026\/wp-content\/uploads\/sites\/553\/2026\/01\/Nayttokuva-2026-01-20-121109.png","contentUrl":"https:\/\/sites.uef.fi\/sttp2026\/wp-content\/uploads\/sites\/553\/2026\/01\/Nayttokuva-2026-01-20-121109.png","width":1176,"height":325},{"@type":"BreadcrumbList","@id":"https:\/\/sites.uef.fi\/sttp2026\/ohjelma\/#breadcrumb","itemListElement":[{"@type":"ListItem","position":1,"name":"Home","item":"https:\/\/sites.uef.fi\/sttp2026\/"},{"@type":"ListItem","position":2,"name":"Ohjelma"}]},{"@type":"WebSite","@id":"https:\/\/sites.uef.fi\/sttp2026\/#website","url":"https:\/\/sites.uef.fi\/sttp2026\/","name":"Sosiaality\u00f6n tutkimuksen p\u00e4iv\u00e4t 2026","description":"","potentialAction":[{"@type":"SearchAction","target":{"@type":"EntryPoint","urlTemplate":"https:\/\/sites.uef.fi\/sttp2026\/?s={search_term_string}"},"query-input":{"@type":"PropertyValueSpecification","valueRequired":true,"valueName":"search_term_string"}}],"inLanguage":"fi"}]}},"_links":{"self":[{"href":"https:\/\/sites.uef.fi\/sttp2026\/wp-json\/wp\/v2\/pages\/102","targetHints":{"allow":["GET"]}}],"collection":[{"href":"https:\/\/sites.uef.fi\/sttp2026\/wp-json\/wp\/v2\/pages"}],"about":[{"href":"https:\/\/sites.uef.fi\/sttp2026\/wp-json\/wp\/v2\/types\/page"}],"author":[{"embeddable":true,"href":"https:\/\/sites.uef.fi\/sttp2026\/wp-json\/wp\/v2\/users\/1326"}],"replies":[{"embeddable":true,"href":"https:\/\/sites.uef.fi\/sttp2026\/wp-json\/wp\/v2\/comments?post=102"}],"version-history":[{"count":2,"href":"https:\/\/sites.uef.fi\/sttp2026\/wp-json\/wp\/v2\/pages\/102\/revisions"}],"predecessor-version":[{"id":949,"href":"https:\/\/sites.uef.fi\/sttp2026\/wp-json\/wp\/v2\/pages\/102\/revisions\/949"}],"wp:attachment":[{"href":"https:\/\/sites.uef.fi\/sttp2026\/wp-json\/wp\/v2\/media?parent=102"}],"curies":[{"name":"wp","href":"https:\/\/api.w.org\/{rel}","templated":true}]}}