{"id":106,"date":"2025-07-28T15:07:24","date_gmt":"2025-07-28T13:07:24","guid":{"rendered":"https:\/\/sites.uef.fi\/sttp2026\/?page_id=106"},"modified":"2026-02-12T09:13:59","modified_gmt":"2026-02-12T07:13:59","slug":"ilmoittautuminen","status":"publish","type":"page","link":"https:\/\/sites.uef.fi\/sttp2026\/ilmoittautuminen\/","title":{"rendered":"Ilmoittautuminen"},"content":{"rendered":"\n<h4 class=\"wp-block-heading\">Ilmoittautuminen on p\u00e4\u00e4ttynyt 31.1.2026 ja konferenssi-illallinen on t\u00e4ynn\u00e4.<\/h4>\n\n\n\n<p><a href=\"https:\/\/registration.contio.fi\/uef\/Registration\/Login?id=9630-T_9630-11100\"><strong>ILMOITTAUTUMINEN PAIKAN P\u00c4\u00c4LL\u00c4<\/strong><\/a><\/p>\n\n\n\n<p><strong>Osallistumismaksut<\/strong><\/p>\n\n\n\n<ul class=\"wp-block-list\">\n<li>1 p\u00e4iv\u00e4 60 \u20ac<\/li>\n\n\n\n<li>2 p\u00e4iv\u00e4\u00e4 100 \u20ac<\/li>\n\n\n\n<li>Illalliskortti 55 \u20ac<\/li>\n<\/ul>\n\n\n\n<p><strong>Osallistuminen on maksutonta:<\/strong><\/p>\n\n\n\n<ul class=\"wp-block-list\">\n<li>Sosiaality\u00f6n tutkimuksen seuran j\u00e4senet ja kunniaj\u00e4senet<\/li>\n\n\n\n<li>Seuran yhteis\u00f6j\u00e4senille kaksi osallistujaa<\/li>\n\n\n\n<li>Sosiaality\u00f6n perustutkinto-opiskelijat<\/li>\n<\/ul>\n\n\n\n<p>Osallistumismaksu sis\u00e4lt\u00e4\u00e4 tutkimusp\u00e4ivien ohjelman, jaettavat materiaalit sek\u00e4 kahvitarjoilun. Lounas on omakustanteinen.<\/p>\n\n\n\n<p><\/p>\n\n\n\n<p><strong>Maksutavat<\/strong><\/p>\n\n\n\n<p>1) Luottokorttimaksu (Visa, MasterCard).<br>Maksupalvelutarjoaja Paytrail Oyj*.<\/p>\n\n\n\n<p>2) Verkkopankkimaksu<br>Maksupalvelutarjoaja Paytrail Oyj*.<\/p>\n\n\n\n<p>* Maksunv\u00e4lityspalvelun toteuttajana ja maksupalveluntarjoajana toimii Paytrail Oyj (2122839-7) yhteisty\u00f6ss\u00e4 suomalaisten pankkien ja luottolaitosten kanssa. Paytrail Oyj:ll\u00e4 on maksulaitoksen toimilupa. Paytrail Oyj n\u00e4kyy maksun saajana tiliotteella tai korttilaskulla ja v\u00e4litt\u00e4\u00e4 maksun tapahtuman j\u00e4rjest\u00e4j\u00e4lle.<\/p>\n\n\n\n<p><strong>Peruutusehdot<\/strong><\/p>\n\n\n\n<p>Mik\u00e4li peruutat osallistumisen viimeist\u00e4\u00e4n 31.01.2026, osallistumismaksu palautetaan kokonaisuudessaan. T\u00e4m\u00e4n j\u00e4lkeen maksua ei palauteta.<\/p>\n\n\n\n<p>Jos sinulla on kysytt\u00e4v\u00e4\u00e4 ilmoittautumisesta, maksuista tai laskutukseen liittyvist\u00e4 asioista, ota yhteytt\u00e4 <a href=\"mailto:elisa.sulkinoja@uef.fi\" target=\"_blank\" rel=\"noreferrer noopener\">elisa.sulkinoja@uef.fi<\/a>.<\/p>\n","protected":false},"excerpt":{"rendered":"<p>Ilmoittautuminen on p\u00e4\u00e4ttynyt 31.1.2026 ja konferenssi-illallinen on t\u00e4ynn\u00e4. ILMOITTAUTUMINEN PAIKAN P\u00c4\u00c4LL\u00c4 Osallistumismaksut Osallistuminen on maksutonta: Osallistumismaksu sis\u00e4lt\u00e4\u00e4 tutkimusp\u00e4ivien ohjelman, jaettavat materiaalit sek\u00e4 kahvitarjoilun. Lounas on omakustanteinen. Maksutavat 1) Luottokorttimaksu (Visa, MasterCard).Maksupalvelutarjoaja Paytrail Oyj*. 2) VerkkopankkimaksuMaksupalvelutarjoaja Paytrail Oyj*. * Maksunv\u00e4lityspalvelun toteuttajana ja maksupalveluntarjoajana toimii Paytrail Oyj (2122839-7) yhteisty\u00f6ss\u00e4 suomalaisten pankkien ja luottolaitosten kanssa. Paytrail Oyj:ll\u00e4 on [&hellip;]<\/p>\n","protected":false},"author":1326,"featured_media":0,"parent":0,"menu_order":4,"comment_status":"closed","ping_status":"closed","template":"","meta":{"_acf_changed":false,"footnotes":""},"class_list":["post-106","page","type-page","status-publish","hentry"],"acf":[],"yoast_head":"<!-- This site is optimized with the Yoast SEO plugin v27.3 - https:\/\/yoast.com\/product\/yoast-seo-wordpress\/ -->\n<title>Ilmoittautuminen - Sosiaality\u00f6n tutkimuksen p\u00e4iv\u00e4t 2026<\/title>\n<meta name=\"robots\" content=\"index, follow, max-snippet:-1, max-image-preview:large, max-video-preview:-1\" \/>\n<link rel=\"canonical\" href=\"https:\/\/sites.uef.fi\/sttp2026\/ilmoittautuminen\/\" \/>\n<meta property=\"og:locale\" content=\"fi_FI\" \/>\n<meta property=\"og:type\" content=\"article\" \/>\n<meta property=\"og:title\" content=\"Ilmoittautuminen - Sosiaality\u00f6n tutkimuksen p\u00e4iv\u00e4t 2026\" \/>\n<meta property=\"og:description\" content=\"Ilmoittautuminen on p\u00e4\u00e4ttynyt 31.1.2026 ja konferenssi-illallinen on t\u00e4ynn\u00e4. ILMOITTAUTUMINEN PAIKAN P\u00c4\u00c4LL\u00c4 Osallistumismaksut Osallistuminen on maksutonta: Osallistumismaksu sis\u00e4lt\u00e4\u00e4 tutkimusp\u00e4ivien ohjelman, jaettavat materiaalit sek\u00e4 kahvitarjoilun. Lounas on omakustanteinen. Maksutavat 1) Luottokorttimaksu (Visa, MasterCard).Maksupalvelutarjoaja Paytrail Oyj*. 2) VerkkopankkimaksuMaksupalvelutarjoaja Paytrail Oyj*. * Maksunv\u00e4lityspalvelun toteuttajana ja maksupalveluntarjoajana toimii Paytrail Oyj (2122839-7) yhteisty\u00f6ss\u00e4 suomalaisten pankkien ja luottolaitosten kanssa. Paytrail Oyj:ll\u00e4 on [&hellip;]\" \/>\n<meta property=\"og:url\" content=\"https:\/\/sites.uef.fi\/sttp2026\/ilmoittautuminen\/\" \/>\n<meta property=\"og:site_name\" content=\"Sosiaality\u00f6n tutkimuksen p\u00e4iv\u00e4t 2026\" \/>\n<meta property=\"article:modified_time\" content=\"2026-02-12T07:13:59+00:00\" \/>\n<meta name=\"twitter:card\" content=\"summary_large_image\" \/>\n<meta name=\"twitter:label1\" content=\"Arvioitu lukuaika\" \/>\n\t<meta name=\"twitter:data1\" content=\"1 minuutti\" \/>\n<script type=\"application\/ld+json\" class=\"yoast-schema-graph\">{\"@context\":\"https:\\\/\\\/schema.org\",\"@graph\":[{\"@type\":\"WebPage\",\"@id\":\"https:\\\/\\\/sites.uef.fi\\\/sttp2026\\\/ilmoittautuminen\\\/\",\"url\":\"https:\\\/\\\/sites.uef.fi\\\/sttp2026\\\/ilmoittautuminen\\\/\",\"name\":\"Ilmoittautuminen - Sosiaality\u00f6n tutkimuksen p\u00e4iv\u00e4t 2026\",\"isPartOf\":{\"@id\":\"https:\\\/\\\/sites.uef.fi\\\/sttp2026\\\/#website\"},\"datePublished\":\"2025-07-28T13:07:24+00:00\",\"dateModified\":\"2026-02-12T07:13:59+00:00\",\"breadcrumb\":{\"@id\":\"https:\\\/\\\/sites.uef.fi\\\/sttp2026\\\/ilmoittautuminen\\\/#breadcrumb\"},\"inLanguage\":\"fi\",\"potentialAction\":[{\"@type\":\"ReadAction\",\"target\":[\"https:\\\/\\\/sites.uef.fi\\\/sttp2026\\\/ilmoittautuminen\\\/\"]}]},{\"@type\":\"BreadcrumbList\",\"@id\":\"https:\\\/\\\/sites.uef.fi\\\/sttp2026\\\/ilmoittautuminen\\\/#breadcrumb\",\"itemListElement\":[{\"@type\":\"ListItem\",\"position\":1,\"name\":\"Home\",\"item\":\"https:\\\/\\\/sites.uef.fi\\\/sttp2026\\\/\"},{\"@type\":\"ListItem\",\"position\":2,\"name\":\"Ilmoittautuminen\"}]},{\"@type\":\"WebSite\",\"@id\":\"https:\\\/\\\/sites.uef.fi\\\/sttp2026\\\/#website\",\"url\":\"https:\\\/\\\/sites.uef.fi\\\/sttp2026\\\/\",\"name\":\"Sosiaality\u00f6n tutkimuksen p\u00e4iv\u00e4t 2026\",\"description\":\"\",\"potentialAction\":[{\"@type\":\"SearchAction\",\"target\":{\"@type\":\"EntryPoint\",\"urlTemplate\":\"https:\\\/\\\/sites.uef.fi\\\/sttp2026\\\/?s={search_term_string}\"},\"query-input\":{\"@type\":\"PropertyValueSpecification\",\"valueRequired\":true,\"valueName\":\"search_term_string\"}}],\"inLanguage\":\"fi\"}]}<\/script>\n<!-- \/ Yoast SEO plugin. -->","yoast_head_json":{"title":"Ilmoittautuminen - Sosiaality\u00f6n tutkimuksen p\u00e4iv\u00e4t 2026","robots":{"index":"index","follow":"follow","max-snippet":"max-snippet:-1","max-image-preview":"max-image-preview:large","max-video-preview":"max-video-preview:-1"},"canonical":"https:\/\/sites.uef.fi\/sttp2026\/ilmoittautuminen\/","og_locale":"fi_FI","og_type":"article","og_title":"Ilmoittautuminen - Sosiaality\u00f6n tutkimuksen p\u00e4iv\u00e4t 2026","og_description":"Ilmoittautuminen on p\u00e4\u00e4ttynyt 31.1.2026 ja konferenssi-illallinen on t\u00e4ynn\u00e4. ILMOITTAUTUMINEN PAIKAN P\u00c4\u00c4LL\u00c4 Osallistumismaksut Osallistuminen on maksutonta: Osallistumismaksu sis\u00e4lt\u00e4\u00e4 tutkimusp\u00e4ivien ohjelman, jaettavat materiaalit sek\u00e4 kahvitarjoilun. Lounas on omakustanteinen. Maksutavat 1) Luottokorttimaksu (Visa, MasterCard).Maksupalvelutarjoaja Paytrail Oyj*. 2) VerkkopankkimaksuMaksupalvelutarjoaja Paytrail Oyj*. * Maksunv\u00e4lityspalvelun toteuttajana ja maksupalveluntarjoajana toimii Paytrail Oyj (2122839-7) yhteisty\u00f6ss\u00e4 suomalaisten pankkien ja luottolaitosten kanssa. Paytrail Oyj:ll\u00e4 on [&hellip;]","og_url":"https:\/\/sites.uef.fi\/sttp2026\/ilmoittautuminen\/","og_site_name":"Sosiaality\u00f6n tutkimuksen p\u00e4iv\u00e4t 2026","article_modified_time":"2026-02-12T07:13:59+00:00","twitter_card":"summary_large_image","twitter_misc":{"Arvioitu lukuaika":"1 minuutti"},"schema":{"@context":"https:\/\/schema.org","@graph":[{"@type":"WebPage","@id":"https:\/\/sites.uef.fi\/sttp2026\/ilmoittautuminen\/","url":"https:\/\/sites.uef.fi\/sttp2026\/ilmoittautuminen\/","name":"Ilmoittautuminen - Sosiaality\u00f6n tutkimuksen p\u00e4iv\u00e4t 2026","isPartOf":{"@id":"https:\/\/sites.uef.fi\/sttp2026\/#website"},"datePublished":"2025-07-28T13:07:24+00:00","dateModified":"2026-02-12T07:13:59+00:00","breadcrumb":{"@id":"https:\/\/sites.uef.fi\/sttp2026\/ilmoittautuminen\/#breadcrumb"},"inLanguage":"fi","potentialAction":[{"@type":"ReadAction","target":["https:\/\/sites.uef.fi\/sttp2026\/ilmoittautuminen\/"]}]},{"@type":"BreadcrumbList","@id":"https:\/\/sites.uef.fi\/sttp2026\/ilmoittautuminen\/#breadcrumb","itemListElement":[{"@type":"ListItem","position":1,"name":"Home","item":"https:\/\/sites.uef.fi\/sttp2026\/"},{"@type":"ListItem","position":2,"name":"Ilmoittautuminen"}]},{"@type":"WebSite","@id":"https:\/\/sites.uef.fi\/sttp2026\/#website","url":"https:\/\/sites.uef.fi\/sttp2026\/","name":"Sosiaality\u00f6n tutkimuksen p\u00e4iv\u00e4t 2026","description":"","potentialAction":[{"@type":"SearchAction","target":{"@type":"EntryPoint","urlTemplate":"https:\/\/sites.uef.fi\/sttp2026\/?s={search_term_string}"},"query-input":{"@type":"PropertyValueSpecification","valueRequired":true,"valueName":"search_term_string"}}],"inLanguage":"fi"}]}},"_links":{"self":[{"href":"https:\/\/sites.uef.fi\/sttp2026\/wp-json\/wp\/v2\/pages\/106","targetHints":{"allow":["GET"]}}],"collection":[{"href":"https:\/\/sites.uef.fi\/sttp2026\/wp-json\/wp\/v2\/pages"}],"about":[{"href":"https:\/\/sites.uef.fi\/sttp2026\/wp-json\/wp\/v2\/types\/page"}],"author":[{"embeddable":true,"href":"https:\/\/sites.uef.fi\/sttp2026\/wp-json\/wp\/v2\/users\/1326"}],"replies":[{"embeddable":true,"href":"https:\/\/sites.uef.fi\/sttp2026\/wp-json\/wp\/v2\/comments?post=106"}],"version-history":[{"count":2,"href":"https:\/\/sites.uef.fi\/sttp2026\/wp-json\/wp\/v2\/pages\/106\/revisions"}],"predecessor-version":[{"id":865,"href":"https:\/\/sites.uef.fi\/sttp2026\/wp-json\/wp\/v2\/pages\/106\/revisions\/865"}],"wp:attachment":[{"href":"https:\/\/sites.uef.fi\/sttp2026\/wp-json\/wp\/v2\/media?parent=106"}],"curies":[{"name":"wp","href":"https:\/\/api.w.org\/{rel}","templated":true}]}}