{"id":110,"date":"2025-07-28T15:10:24","date_gmt":"2025-07-28T13:10:24","guid":{"rendered":"https:\/\/sites.uef.fi\/sttp2026\/?page_id=110"},"modified":"2026-01-16T15:08:32","modified_gmt":"2026-01-16T13:08:32","slug":"puhujat","status":"publish","type":"page","link":"https:\/\/sites.uef.fi\/sttp2026\/puhujat\/","title":{"rendered":"Puhujat"},"content":{"rendered":"\n<p><\/p>\n\n\n\n<h2 class=\"wp-block-heading\">Dosentti Satu Ven\u00e4l\u00e4inen<\/h2>\n\n\n\n<figure class=\"wp-block-image size-large is-resized\"><img loading=\"lazy\" decoding=\"async\" width=\"1024\" height=\"683\" src=\"https:\/\/sites.uef.fi\/sttp2026\/wp-content\/uploads\/sites\/553\/2025\/10\/Tutkijakollegium-2024-henkilo\u2560et-55-1024x683.jpg\" alt=\"\" class=\"wp-image-311\" style=\"width:364px;height:auto\" srcset=\"https:\/\/sites.uef.fi\/sttp2026\/wp-content\/uploads\/sites\/553\/2025\/10\/Tutkijakollegium-2024-henkilo\u2560et-55-1024x683.jpg 1024w, https:\/\/sites.uef.fi\/sttp2026\/wp-content\/uploads\/sites\/553\/2025\/10\/Tutkijakollegium-2024-henkilo\u2560et-55-300x200.jpg 300w, https:\/\/sites.uef.fi\/sttp2026\/wp-content\/uploads\/sites\/553\/2025\/10\/Tutkijakollegium-2024-henkilo\u2560et-55-768x512.jpg 768w, https:\/\/sites.uef.fi\/sttp2026\/wp-content\/uploads\/sites\/553\/2025\/10\/Tutkijakollegium-2024-henkilo\u2560et-55-1536x1024.jpg 1536w, https:\/\/sites.uef.fi\/sttp2026\/wp-content\/uploads\/sites\/553\/2025\/10\/Tutkijakollegium-2024-henkilo\u2560et-55-2048x1365.jpg 2048w\" sizes=\"auto, (max-width: 1024px) 100vw, 1024px\" \/><\/figure>\n\n\n\n<h4 class=\"wp-block-heading\">Kanssatutkijuuden moninaiset muodot ja mahdollisuudet<\/h4>\n\n\n\n<p class=\"has-text-align-left\">Satu Ven\u00e4l\u00e4inen on sosiaalipsykologian dosentti ja yliopistonlehtori Helsingin yliopistossa. Parhaillaan (2025-2026) Ven\u00e4l\u00e4inen ty\u00f6skentelee yliopistotutkijana Helsingin Tutkijakollegiumissa, miss\u00e4 h\u00e4n ty\u00f6st\u00e4\u00e4 v\u00e4kivaltaa ja affekteja k\u00e4sittelev\u00e4\u00e4 teosta ja tutkii muuttuvien someymp\u00e4rist\u00f6jen her\u00e4tt\u00e4mi\u00e4 tunnekokemuksia. Ven\u00e4l\u00e4inen on tehnyt tutkimusta v\u00e4kivallasta, sukupuolesta ja intersektionaalisista eriarvoisuuksista monilla eri tutkimusotteilla. H\u00e4nen tutkimuksensa keski\u00f6ss\u00e4 ovat kilpailevien, kulttuurisesti kiert\u00e4vien ymm\u00e4rrystapojen muodostuminen, niiden v\u00e4liset j\u00e4nnitteet ja n\u00e4iden lomassa muodostuvat subjektiiviset kokemukset, tiet\u00e4misen tavat ja tunteet. Ven\u00e4l\u00e4inen on k\u00e4sitellyt useissa julkaisuissaan tietoon ja tutkimukseen liittyvi\u00e4 (valta)suhteita, ja on yksi teoksen&nbsp;<em>Kanssatutkimus: Ihanteet ja k\u00e4yt\u00e4nn\u00f6t<\/em>&nbsp;(Meri Kulmala, Sanna Spi\u0161\u00e1k ja Satu Ven\u00e4l\u00e4inen [toim.], 2023) toimittajista. H\u00e4n on ammentanut osallistuvista l\u00e4hestymistavoista tutkiessaan nuorten kohtaamaa seksuaalista h\u00e4irint\u00e4\u00e4, nuorten kokemuksia mielenterveyspalveluista sek\u00e4 sosiaalisen median k\u00e4ytt\u00e4jien kokemuksia v\u00e4kivaltaan ja eriarvoisuuksiin kohdistuvista nettikeskusteluista. H\u00e4nen artikkeleitaan on julkaistu muun muassa lehdiss\u00e4&nbsp;<em>Violence Against Women, NORA &#8211; Nordic Journal of Feminist and Gender Research, Social Problems, Men and Masculinities, European Journal of Cultural Studies, The Sociological Review, Feminist Media Studies, Feminism &amp; Psychology<\/em>,&nbsp;<em>Emotions &amp; Society&nbsp;<\/em>ja&nbsp;<em>Qualitative Psychology<\/em>, ja h\u00e4n on yhteistoimittanut my\u00f6s teokset Alfonso S\u00e1nchez-Moya, A., Roberta Claudia Combei, Satu Ven\u00e4l\u00e4inen ja Agnieszka Seweryn (toim.) (painossa):&nbsp;<em>From the digital to the societal: socio-discursive insights into online communities<\/em>, ja Miira Niska, Satu Ven\u00e4l\u00e4inen, Antero Olakivi ja Jose Ca\u00f1ada, (toim.) (2024):&nbsp;<em>Sosiaalinen konstruktionismi \u2014 Miten tarkastella tulkintojen ja todellisuuden sosiaalista rakentumista<\/em>.<\/p>\n\n\n\n<p><\/p>\n\n\n\n<h2 class=\"wp-block-heading\">Emeritusprofessori Jaakko Seikkula <\/h2>\n\n\n\n<figure class=\"wp-block-image size-large is-resized\"><img loading=\"lazy\" decoding=\"async\" width=\"1024\" height=\"795\" src=\"https:\/\/sites.uef.fi\/sttp2026\/wp-content\/uploads\/sites\/553\/2025\/10\/Seikkula-Kuva-1-1024x795.jpg\" alt=\"\" class=\"wp-image-356\" style=\"width:401px;height:auto\" srcset=\"https:\/\/sites.uef.fi\/sttp2026\/wp-content\/uploads\/sites\/553\/2025\/10\/Seikkula-Kuva-1-1024x795.jpg 1024w, https:\/\/sites.uef.fi\/sttp2026\/wp-content\/uploads\/sites\/553\/2025\/10\/Seikkula-Kuva-1-300x233.jpg 300w, https:\/\/sites.uef.fi\/sttp2026\/wp-content\/uploads\/sites\/553\/2025\/10\/Seikkula-Kuva-1-768x597.jpg 768w, https:\/\/sites.uef.fi\/sttp2026\/wp-content\/uploads\/sites\/553\/2025\/10\/Seikkula-Kuva-1.jpg 1075w\" sizes=\"auto, (max-width: 1024px) 100vw, 1024px\" \/><\/figure>\n\n\n\n<h4 class=\"wp-block-heading\">Dialogi vaikuttaa &#8211; mutta miksi?<\/h4>\n\n\n\n<p>Jaakko Seikkula\u202fon kliininen psykologi\u202fja Jyv\u00e4skyl\u00e4n yliopiston\u202femeritusprofessori. H\u00e4n on tunnettu dialogisten hoitok\u00e4yt\u00e4nt\u00f6jen tutkija. Seikkula on tutkimusryhmineen tutkinut ja kehitt\u00e4nyt yli nelj\u00e4nkymmenen vuoden ajan kansainv\u00e4lisestikin tunnettua ns. Keroputaan mallia eli dialogista ajattelu- ja hoitotapaa psykooseissa ja muissa vaikeimmissa kriiseiss\u00e4. Seikkulan mukaan dialogisissa tavoissa ei ole kyse oirekeskeisest\u00e4 vaan ennen kaikkea ihmisk\u00e4sityksest\u00e4, jossa osallistujat asettuvat dialogiseen yhteyteen toistensa kanssa. Avoimen dialogin menetelm\u00e4ll\u00e4 on saavutettu merkitt\u00e4vi\u00e4 tuloksia asiakkaiden hyvinvoinnin kannalta, mallia on sovellettu my\u00f6s sosiaalialan ty\u00f6ss\u00e4. Lis\u00e4ksi se tarjoaa t\u00e4rkeit\u00e4 n\u00e4k\u00f6kulmia asiakasty\u00f6n vuorovaikutuksen ja yhteisty\u00f6n tutkimiseen. Kehitysty\u00f6 on perustunut jo 40 vuoden ajan k\u00e4yt\u00e4nn\u00f6n ja tutkimuksen yhteensovittamiseen.\u202fSeikkulan kirjoituksia ja oppikirjoja on k\u00e4\u00e4nnetty usealle eri kielelle.<\/p>\n\n\n\n<p><\/p>\n\n\n\n<h2 class=\"wp-block-heading\">YTT, Dosentti Taru Kekoni ja LT, kliininen opettaja Henna Saari<\/h2>\n\n\n\n<figure class=\"wp-block-image size-full\"><img loading=\"lazy\" decoding=\"async\" width=\"563\" height=\"375\" src=\"https:\/\/sites.uef.fi\/sttp2026\/wp-content\/uploads\/sites\/553\/2025\/10\/Nayttokuva-2025-10-22-145212-1.png\" alt=\"\" class=\"wp-image-359\" srcset=\"https:\/\/sites.uef.fi\/sttp2026\/wp-content\/uploads\/sites\/553\/2025\/10\/Nayttokuva-2025-10-22-145212-1.png 563w, https:\/\/sites.uef.fi\/sttp2026\/wp-content\/uploads\/sites\/553\/2025\/10\/Nayttokuva-2025-10-22-145212-1-300x200.png 300w\" sizes=\"auto, (max-width: 563px) 100vw, 563px\" \/><\/figure>\n\n\n\n<h4 class=\"wp-block-heading\">Monitieteinen opetus ja oppiminen<\/h4>\n\n\n\n<p>Taru Kekoni on sosiaality\u00f6n yliopistonlehtori It\u00e4-Suomen yliopistosta ja Tampereen yliopiston dosentti sosiaality\u00f6n, erityisesti monialaisen osaamisen alalta. Taru on tutkinut monialaisuutta eri n\u00e4k\u00f6kulmista, muun muassa monialaisen oppimisen ja opetuksen, monialaisten yhteisty\u00f6n muotojen sek\u00e4 ty\u00f6el\u00e4m\u00e4n vuorovaikutusosaamisen n\u00e4k\u00f6kulmista. Henna Saari on yleisl\u00e4\u00e4ketieteen erikoisl\u00e4\u00e4k\u00e4ri, l\u00e4\u00e4ketieteen tohtori ja kliininen opettaja It\u00e4-Suomen yliopistosta. Henna ty\u00f6skentelee my\u00f6s asiantuntijal\u00e4\u00e4k\u00e4rin\u00e4, kliinikkona ja ohjaajana Pohjois-Savon hyvinvointialueella monialaisessa opetusvastaanotto Osmossa. Sosiaali- ja terveysammattilaisten monialainen ty\u00f6skentely ja osaaminen ovat Hennan ja Tarun yhteinen kiinnostuksen kohde, ja yhdess\u00e4 he ovat olleet muun muassa kehitt\u00e4m\u00e4ss\u00e4 monialaisen k\u00e4yt\u00e4nn\u00f6nopetuksen toimintamallia ja verkostoa Pohjois-Savossa ja toimivat edelleenkin aktiivisesti useissa monialaisen opetuksen kehitt\u00e4mis- ja tutkimushankkeissa.<\/p>\n\n\n\n<h2 class=\"wp-block-heading\">Professori Paul Willis<\/h2>\n\n\n\n<figure class=\"wp-block-image size-full is-resized\"><img loading=\"lazy\" decoding=\"async\" width=\"400\" height=\"533\" src=\"https:\/\/sites.uef.fi\/sttp2026\/wp-content\/uploads\/sites\/553\/2025\/10\/WILLIS-Paul-crop_opt.jpg\" alt=\"\" class=\"wp-image-307\" style=\"width:258px;height:auto\" srcset=\"https:\/\/sites.uef.fi\/sttp2026\/wp-content\/uploads\/sites\/553\/2025\/10\/WILLIS-Paul-crop_opt.jpg 400w, https:\/\/sites.uef.fi\/sttp2026\/wp-content\/uploads\/sites\/553\/2025\/10\/WILLIS-Paul-crop_opt-225x300.jpg 225w\" sizes=\"auto, (max-width: 400px) 100vw, 400px\" \/><\/figure>\n\n\n\n<h3 class=\"wp-block-heading\">Stitching together social work and health care for better outcomes for older people &#8211; seamless or patchwork?\u00a0<\/h3>\n\n\n\n<p>Paul Willis on sosiaalihuollon professori, laillistettu sosiaality\u00f6ntekij\u00e4 ja <a href=\"https:\/\/eur03.safelinks.protection.outlook.com\/?url=https%3A%2F%2Fcareresearchwales.org%2F&amp;data=05%7C02%7Celisa.sulkinoja%40uef.fi%7C5b081cdd90964eb738a508de0fb35099%7C87879f2e73044bf2baf263e7f83f3c34%7C0%7C0%7C638965459993056122%7CUnknown%7CTWFpbGZsb3d8eyJFbXB0eU1hcGkiOnRydWUsIlYiOiIwLjAuMDAwMCIsIlAiOiJXaW4zMiIsIkFOIjoiTWFpbCIsIldUIjoyfQ%3D%3D%7C0%7C%7C%7C&amp;sdata=ofu%2BlLOd6sx9YzjKBKR11ZHkA2etrQkl%2F9FkI7zr8es%3D&amp;reserved=0\">CARE<\/a><a href=\"https:\/\/eur03.safelinks.protection.outlook.com\/?url=https%3A%2F%2Fcareresearchwales.org%2F&amp;data=05%7C02%7Celisa.sulkinoja%40uef.fi%7C5b081cdd90964eb738a508de0fb35099%7C87879f2e73044bf2baf263e7f83f3c34%7C0%7C0%7C638965459993080161%7CUnknown%7CTWFpbGZsb3d8eyJFbXB0eU1hcGkiOnRydWUsIlYiOiIwLjAuMDAwMCIsIlAiOiJXaW4zMiIsIkFOIjoiTWFpbCIsIldUIjoyfQ%3D%3D%7C0%7C%7C%7C&amp;sdata=iLmdcSsAqMESZNgjqHnQyKptV2LumShWcfLw6pLLHgA%3D&amp;reserved=0\">&nbsp;<\/a>&#8211; Centre for Adult Social Care Research -keskuksen perustaja ja johtaja, joka toimii Cardiffin yliopiston yhteiskuntatieteiden laitoksella. H\u00e4nen tutkimustaustansa on sosiaaligerontologiassa ja sosiaality\u00f6ss\u00e4, ja h\u00e4nen tutkimuksensa keskittyy sosiaalisen osallisuuden ja hoivan kysymyksiin ik\u00e4\u00e4ntyneill\u00e4, erityisesti v\u00e4hemmist\u00f6ryhmiin kuuluvien vanhusten n\u00e4k\u00f6kulmasta.<\/p>\n\n\n\n<p>Willisin asiantuntijuusalueisiin kuuluvat muun muassa asuminen, ik\u00e4\u00e4ntyminen ja sosiaalinen osallisuus; omaishoitajat ja sosiaalinen eristyneisyys; yksin\u00e4isyys, ik\u00e4\u00e4ntyminen ja vanhuus; ik\u00e4\u00e4ntyneiden miesten sosiaaliset suhteet; seksuaalisuus, sukupuoli-identiteetti ja ik\u00e4\u00e4ntyminen; LGBTQ+-ik\u00e4\u00e4ntyminen sek\u00e4 sosiaality\u00f6 ik\u00e4\u00e4ntyneiden parissa.<\/p>\n\n\n\n<p><\/p>\n\n\n\n<p><\/p>\n","protected":false},"excerpt":{"rendered":"<p>Dosentti Satu Ven\u00e4l\u00e4inen Kanssatutkijuuden moninaiset muodot ja mahdollisuudet Satu Ven\u00e4l\u00e4inen on sosiaalipsykologian dosentti ja yliopistonlehtori Helsingin yliopistossa. Parhaillaan (2025-2026) Ven\u00e4l\u00e4inen ty\u00f6skentelee yliopistotutkijana Helsingin Tutkijakollegiumissa, miss\u00e4 h\u00e4n ty\u00f6st\u00e4\u00e4 v\u00e4kivaltaa ja affekteja k\u00e4sittelev\u00e4\u00e4 teosta ja tutkii muuttuvien someymp\u00e4rist\u00f6jen her\u00e4tt\u00e4mi\u00e4 tunnekokemuksia. Ven\u00e4l\u00e4inen on tehnyt tutkimusta v\u00e4kivallasta, sukupuolesta ja intersektionaalisista eriarvoisuuksista monilla eri tutkimusotteilla. H\u00e4nen tutkimuksensa keski\u00f6ss\u00e4 ovat kilpailevien, [&hellip;]<\/p>\n","protected":false},"author":1326,"featured_media":0,"parent":0,"menu_order":2,"comment_status":"closed","ping_status":"closed","template":"","meta":{"_acf_changed":false,"footnotes":""},"class_list":["post-110","page","type-page","status-publish","hentry"],"acf":[],"yoast_head":"<!-- This site is optimized with the Yoast SEO plugin v27.3 - https:\/\/yoast.com\/product\/yoast-seo-wordpress\/ -->\n<title>Puhujat - Sosiaality\u00f6n tutkimuksen p\u00e4iv\u00e4t 2026<\/title>\n<meta name=\"robots\" content=\"index, follow, max-snippet:-1, max-image-preview:large, max-video-preview:-1\" \/>\n<link rel=\"canonical\" href=\"https:\/\/sites.uef.fi\/sttp2026\/puhujat\/\" \/>\n<meta property=\"og:locale\" content=\"fi_FI\" \/>\n<meta property=\"og:type\" content=\"article\" \/>\n<meta property=\"og:title\" content=\"Puhujat - Sosiaality\u00f6n tutkimuksen p\u00e4iv\u00e4t 2026\" \/>\n<meta property=\"og:description\" content=\"Dosentti Satu Ven\u00e4l\u00e4inen Kanssatutkijuuden moninaiset muodot ja mahdollisuudet Satu Ven\u00e4l\u00e4inen on sosiaalipsykologian dosentti ja yliopistonlehtori Helsingin yliopistossa. Parhaillaan (2025-2026) Ven\u00e4l\u00e4inen ty\u00f6skentelee yliopistotutkijana Helsingin Tutkijakollegiumissa, miss\u00e4 h\u00e4n ty\u00f6st\u00e4\u00e4 v\u00e4kivaltaa ja affekteja k\u00e4sittelev\u00e4\u00e4 teosta ja tutkii muuttuvien someymp\u00e4rist\u00f6jen her\u00e4tt\u00e4mi\u00e4 tunnekokemuksia. Ven\u00e4l\u00e4inen on tehnyt tutkimusta v\u00e4kivallasta, sukupuolesta ja intersektionaalisista eriarvoisuuksista monilla eri tutkimusotteilla. H\u00e4nen tutkimuksensa keski\u00f6ss\u00e4 ovat kilpailevien, [&hellip;]\" \/>\n<meta property=\"og:url\" content=\"https:\/\/sites.uef.fi\/sttp2026\/puhujat\/\" \/>\n<meta property=\"og:site_name\" content=\"Sosiaality\u00f6n tutkimuksen p\u00e4iv\u00e4t 2026\" \/>\n<meta property=\"article:modified_time\" content=\"2026-01-16T13:08:32+00:00\" \/>\n<meta property=\"og:image\" content=\"https:\/\/sites.uef.fi\/sttp2026\/wp-content\/uploads\/sites\/553\/2025\/10\/Seikkula-Kuva-1-1024x795.jpg\" \/>\n<meta name=\"twitter:card\" content=\"summary_large_image\" \/>\n<meta name=\"twitter:label1\" content=\"Arvioitu lukuaika\" \/>\n\t<meta name=\"twitter:data1\" content=\"5 minuuttia\" \/>\n<script type=\"application\/ld+json\" class=\"yoast-schema-graph\">{\"@context\":\"https:\\\/\\\/schema.org\",\"@graph\":[{\"@type\":\"WebPage\",\"@id\":\"https:\\\/\\\/sites.uef.fi\\\/sttp2026\\\/puhujat\\\/\",\"url\":\"https:\\\/\\\/sites.uef.fi\\\/sttp2026\\\/puhujat\\\/\",\"name\":\"Puhujat - Sosiaality\u00f6n tutkimuksen p\u00e4iv\u00e4t 2026\",\"isPartOf\":{\"@id\":\"https:\\\/\\\/sites.uef.fi\\\/sttp2026\\\/#website\"},\"primaryImageOfPage\":{\"@id\":\"https:\\\/\\\/sites.uef.fi\\\/sttp2026\\\/puhujat\\\/#primaryimage\"},\"image\":{\"@id\":\"https:\\\/\\\/sites.uef.fi\\\/sttp2026\\\/puhujat\\\/#primaryimage\"},\"thumbnailUrl\":\"https:\\\/\\\/sites.uef.fi\\\/sttp2026\\\/wp-content\\\/uploads\\\/sites\\\/553\\\/2025\\\/10\\\/Seikkula-Kuva-1-1024x795.jpg\",\"datePublished\":\"2025-07-28T13:10:24+00:00\",\"dateModified\":\"2026-01-16T13:08:32+00:00\",\"breadcrumb\":{\"@id\":\"https:\\\/\\\/sites.uef.fi\\\/sttp2026\\\/puhujat\\\/#breadcrumb\"},\"inLanguage\":\"fi\",\"potentialAction\":[{\"@type\":\"ReadAction\",\"target\":[\"https:\\\/\\\/sites.uef.fi\\\/sttp2026\\\/puhujat\\\/\"]}]},{\"@type\":\"ImageObject\",\"inLanguage\":\"fi\",\"@id\":\"https:\\\/\\\/sites.uef.fi\\\/sttp2026\\\/puhujat\\\/#primaryimage\",\"url\":\"https:\\\/\\\/sites.uef.fi\\\/sttp2026\\\/wp-content\\\/uploads\\\/sites\\\/553\\\/2025\\\/10\\\/Seikkula-Kuva-1.jpg\",\"contentUrl\":\"https:\\\/\\\/sites.uef.fi\\\/sttp2026\\\/wp-content\\\/uploads\\\/sites\\\/553\\\/2025\\\/10\\\/Seikkula-Kuva-1.jpg\",\"width\":1075,\"height\":835},{\"@type\":\"BreadcrumbList\",\"@id\":\"https:\\\/\\\/sites.uef.fi\\\/sttp2026\\\/puhujat\\\/#breadcrumb\",\"itemListElement\":[{\"@type\":\"ListItem\",\"position\":1,\"name\":\"Home\",\"item\":\"https:\\\/\\\/sites.uef.fi\\\/sttp2026\\\/\"},{\"@type\":\"ListItem\",\"position\":2,\"name\":\"Puhujat\"}]},{\"@type\":\"WebSite\",\"@id\":\"https:\\\/\\\/sites.uef.fi\\\/sttp2026\\\/#website\",\"url\":\"https:\\\/\\\/sites.uef.fi\\\/sttp2026\\\/\",\"name\":\"Sosiaality\u00f6n tutkimuksen p\u00e4iv\u00e4t 2026\",\"description\":\"\",\"potentialAction\":[{\"@type\":\"SearchAction\",\"target\":{\"@type\":\"EntryPoint\",\"urlTemplate\":\"https:\\\/\\\/sites.uef.fi\\\/sttp2026\\\/?s={search_term_string}\"},\"query-input\":{\"@type\":\"PropertyValueSpecification\",\"valueRequired\":true,\"valueName\":\"search_term_string\"}}],\"inLanguage\":\"fi\"}]}<\/script>\n<!-- \/ Yoast SEO plugin. -->","yoast_head_json":{"title":"Puhujat - Sosiaality\u00f6n tutkimuksen p\u00e4iv\u00e4t 2026","robots":{"index":"index","follow":"follow","max-snippet":"max-snippet:-1","max-image-preview":"max-image-preview:large","max-video-preview":"max-video-preview:-1"},"canonical":"https:\/\/sites.uef.fi\/sttp2026\/puhujat\/","og_locale":"fi_FI","og_type":"article","og_title":"Puhujat - Sosiaality\u00f6n tutkimuksen p\u00e4iv\u00e4t 2026","og_description":"Dosentti Satu Ven\u00e4l\u00e4inen Kanssatutkijuuden moninaiset muodot ja mahdollisuudet Satu Ven\u00e4l\u00e4inen on sosiaalipsykologian dosentti ja yliopistonlehtori Helsingin yliopistossa. Parhaillaan (2025-2026) Ven\u00e4l\u00e4inen ty\u00f6skentelee yliopistotutkijana Helsingin Tutkijakollegiumissa, miss\u00e4 h\u00e4n ty\u00f6st\u00e4\u00e4 v\u00e4kivaltaa ja affekteja k\u00e4sittelev\u00e4\u00e4 teosta ja tutkii muuttuvien someymp\u00e4rist\u00f6jen her\u00e4tt\u00e4mi\u00e4 tunnekokemuksia. Ven\u00e4l\u00e4inen on tehnyt tutkimusta v\u00e4kivallasta, sukupuolesta ja intersektionaalisista eriarvoisuuksista monilla eri tutkimusotteilla. H\u00e4nen tutkimuksensa keski\u00f6ss\u00e4 ovat kilpailevien, [&hellip;]","og_url":"https:\/\/sites.uef.fi\/sttp2026\/puhujat\/","og_site_name":"Sosiaality\u00f6n tutkimuksen p\u00e4iv\u00e4t 2026","article_modified_time":"2026-01-16T13:08:32+00:00","og_image":[{"url":"https:\/\/sites.uef.fi\/sttp2026\/wp-content\/uploads\/sites\/553\/2025\/10\/Seikkula-Kuva-1-1024x795.jpg","type":"","width":"","height":""}],"twitter_card":"summary_large_image","twitter_misc":{"Arvioitu lukuaika":"5 minuuttia"},"schema":{"@context":"https:\/\/schema.org","@graph":[{"@type":"WebPage","@id":"https:\/\/sites.uef.fi\/sttp2026\/puhujat\/","url":"https:\/\/sites.uef.fi\/sttp2026\/puhujat\/","name":"Puhujat - Sosiaality\u00f6n tutkimuksen p\u00e4iv\u00e4t 2026","isPartOf":{"@id":"https:\/\/sites.uef.fi\/sttp2026\/#website"},"primaryImageOfPage":{"@id":"https:\/\/sites.uef.fi\/sttp2026\/puhujat\/#primaryimage"},"image":{"@id":"https:\/\/sites.uef.fi\/sttp2026\/puhujat\/#primaryimage"},"thumbnailUrl":"https:\/\/sites.uef.fi\/sttp2026\/wp-content\/uploads\/sites\/553\/2025\/10\/Seikkula-Kuva-1-1024x795.jpg","datePublished":"2025-07-28T13:10:24+00:00","dateModified":"2026-01-16T13:08:32+00:00","breadcrumb":{"@id":"https:\/\/sites.uef.fi\/sttp2026\/puhujat\/#breadcrumb"},"inLanguage":"fi","potentialAction":[{"@type":"ReadAction","target":["https:\/\/sites.uef.fi\/sttp2026\/puhujat\/"]}]},{"@type":"ImageObject","inLanguage":"fi","@id":"https:\/\/sites.uef.fi\/sttp2026\/puhujat\/#primaryimage","url":"https:\/\/sites.uef.fi\/sttp2026\/wp-content\/uploads\/sites\/553\/2025\/10\/Seikkula-Kuva-1.jpg","contentUrl":"https:\/\/sites.uef.fi\/sttp2026\/wp-content\/uploads\/sites\/553\/2025\/10\/Seikkula-Kuva-1.jpg","width":1075,"height":835},{"@type":"BreadcrumbList","@id":"https:\/\/sites.uef.fi\/sttp2026\/puhujat\/#breadcrumb","itemListElement":[{"@type":"ListItem","position":1,"name":"Home","item":"https:\/\/sites.uef.fi\/sttp2026\/"},{"@type":"ListItem","position":2,"name":"Puhujat"}]},{"@type":"WebSite","@id":"https:\/\/sites.uef.fi\/sttp2026\/#website","url":"https:\/\/sites.uef.fi\/sttp2026\/","name":"Sosiaality\u00f6n tutkimuksen p\u00e4iv\u00e4t 2026","description":"","potentialAction":[{"@type":"SearchAction","target":{"@type":"EntryPoint","urlTemplate":"https:\/\/sites.uef.fi\/sttp2026\/?s={search_term_string}"},"query-input":{"@type":"PropertyValueSpecification","valueRequired":true,"valueName":"search_term_string"}}],"inLanguage":"fi"}]}},"_links":{"self":[{"href":"https:\/\/sites.uef.fi\/sttp2026\/wp-json\/wp\/v2\/pages\/110","targetHints":{"allow":["GET"]}}],"collection":[{"href":"https:\/\/sites.uef.fi\/sttp2026\/wp-json\/wp\/v2\/pages"}],"about":[{"href":"https:\/\/sites.uef.fi\/sttp2026\/wp-json\/wp\/v2\/types\/page"}],"author":[{"embeddable":true,"href":"https:\/\/sites.uef.fi\/sttp2026\/wp-json\/wp\/v2\/users\/1326"}],"replies":[{"embeddable":true,"href":"https:\/\/sites.uef.fi\/sttp2026\/wp-json\/wp\/v2\/comments?post=110"}],"version-history":[{"count":2,"href":"https:\/\/sites.uef.fi\/sttp2026\/wp-json\/wp\/v2\/pages\/110\/revisions"}],"predecessor-version":[{"id":614,"href":"https:\/\/sites.uef.fi\/sttp2026\/wp-json\/wp\/v2\/pages\/110\/revisions\/614"}],"wp:attachment":[{"href":"https:\/\/sites.uef.fi\/sttp2026\/wp-json\/wp\/v2\/media?parent=110"}],"curies":[{"name":"wp","href":"https:\/\/api.w.org\/{rel}","templated":true}]}}