{"id":175,"date":"2025-09-12T12:56:31","date_gmt":"2025-09-12T10:56:31","guid":{"rendered":"https:\/\/sites.uef.fi\/sttp2026\/?page_id=175"},"modified":"2025-10-27T15:00:52","modified_gmt":"2025-10-27T13:00:52","slug":"prekonferenssi","status":"publish","type":"page","link":"https:\/\/sites.uef.fi\/sttp2026\/prekonferenssi\/","title":{"rendered":"Prekonferenssi"},"content":{"rendered":"\n<h4 class=\"wp-block-heading\">Yhdess\u00e4 paremmin \u2013 v\u00e4it\u00f6skirjatutkijat yhteisty\u00f6ss\u00e4 vuorovaikutuksessa ja verkostoissa<\/h4>\n\n\n\n<p>Sosiaality\u00f6n tutkimuksen p\u00e4ivien v\u00e4it\u00f6skirjatutkijoiden prekonferenssi j\u00e4rjestet\u00e4\u00e4n 11.2.2026, klo 12:00\u201317:30 It\u00e4-Suomen yliopistolla. Kuopion kampus, Snellmania-rakennus SN200, Yliopistonranta 8<\/p>\n\n\n\n<p>Ilmoittautuminen prekonferenssiin 15.11.2025 menness\u00e4.<\/p>\n\n\n\n<h3 class=\"wp-block-heading\"><br><a href=\"https:\/\/sosnet.fi\/wp-content\/uploads\/sites\/10\/2025\/10\/Prekonferenssi-2026-UEF_Tervetuloa_Welcome.pdf\">OHJELMA JA LIS\u00c4TIETOJA<\/a><\/h3>\n","protected":false},"excerpt":{"rendered":"<p>Yhdess\u00e4 paremmin \u2013 v\u00e4it\u00f6skirjatutkijat yhteisty\u00f6ss\u00e4 vuorovaikutuksessa ja verkostoissa Sosiaality\u00f6n tutkimuksen p\u00e4ivien v\u00e4it\u00f6skirjatutkijoiden prekonferenssi j\u00e4rjestet\u00e4\u00e4n 11.2.2026, klo 12:00\u201317:30 It\u00e4-Suomen yliopistolla. Kuopion kampus, Snellmania-rakennus SN200, Yliopistonranta 8 Ilmoittautuminen prekonferenssiin 15.11.2025 menness\u00e4. OHJELMA JA LIS\u00c4TIETOJA<\/p>\n","protected":false},"author":1326,"featured_media":0,"parent":0,"menu_order":8,"comment_status":"closed","ping_status":"closed","template":"","meta":{"_acf_changed":false,"footnotes":""},"class_list":["post-175","page","type-page","status-publish","hentry"],"acf":[],"yoast_head":"<!-- This site is optimized with the Yoast SEO plugin v27.3 - https:\/\/yoast.com\/product\/yoast-seo-wordpress\/ -->\n<title>Prekonferenssi - Sosiaality\u00f6n tutkimuksen p\u00e4iv\u00e4t 2026<\/title>\n<meta name=\"robots\" content=\"index, follow, max-snippet:-1, max-image-preview:large, max-video-preview:-1\" \/>\n<link rel=\"canonical\" href=\"https:\/\/sites.uef.fi\/sttp2026\/prekonferenssi\/\" \/>\n<meta property=\"og:locale\" content=\"fi_FI\" \/>\n<meta property=\"og:type\" content=\"article\" \/>\n<meta property=\"og:title\" content=\"Prekonferenssi - Sosiaality\u00f6n tutkimuksen p\u00e4iv\u00e4t 2026\" \/>\n<meta property=\"og:description\" content=\"Yhdess\u00e4 paremmin \u2013 v\u00e4it\u00f6skirjatutkijat yhteisty\u00f6ss\u00e4 vuorovaikutuksessa ja verkostoissa Sosiaality\u00f6n tutkimuksen p\u00e4ivien v\u00e4it\u00f6skirjatutkijoiden prekonferenssi j\u00e4rjestet\u00e4\u00e4n 11.2.2026, klo 12:00\u201317:30 It\u00e4-Suomen yliopistolla. Kuopion kampus, Snellmania-rakennus SN200, Yliopistonranta 8 Ilmoittautuminen prekonferenssiin 15.11.2025 menness\u00e4. OHJELMA JA LIS\u00c4TIETOJA\" \/>\n<meta property=\"og:url\" content=\"https:\/\/sites.uef.fi\/sttp2026\/prekonferenssi\/\" \/>\n<meta property=\"og:site_name\" content=\"Sosiaality\u00f6n tutkimuksen p\u00e4iv\u00e4t 2026\" \/>\n<meta property=\"article:modified_time\" content=\"2025-10-27T13:00:52+00:00\" \/>\n<meta name=\"twitter:card\" content=\"summary_large_image\" \/>\n<meta name=\"twitter:label1\" content=\"Arvioitu lukuaika\" \/>\n\t<meta name=\"twitter:data1\" content=\"1 minuutti\" \/>\n<script type=\"application\/ld+json\" class=\"yoast-schema-graph\">{\"@context\":\"https:\\\/\\\/schema.org\",\"@graph\":[{\"@type\":\"WebPage\",\"@id\":\"https:\\\/\\\/sites.uef.fi\\\/sttp2026\\\/prekonferenssi\\\/\",\"url\":\"https:\\\/\\\/sites.uef.fi\\\/sttp2026\\\/prekonferenssi\\\/\",\"name\":\"Prekonferenssi - Sosiaality\u00f6n tutkimuksen p\u00e4iv\u00e4t 2026\",\"isPartOf\":{\"@id\":\"https:\\\/\\\/sites.uef.fi\\\/sttp2026\\\/#website\"},\"datePublished\":\"2025-09-12T10:56:31+00:00\",\"dateModified\":\"2025-10-27T13:00:52+00:00\",\"breadcrumb\":{\"@id\":\"https:\\\/\\\/sites.uef.fi\\\/sttp2026\\\/prekonferenssi\\\/#breadcrumb\"},\"inLanguage\":\"fi\",\"potentialAction\":[{\"@type\":\"ReadAction\",\"target\":[\"https:\\\/\\\/sites.uef.fi\\\/sttp2026\\\/prekonferenssi\\\/\"]}]},{\"@type\":\"BreadcrumbList\",\"@id\":\"https:\\\/\\\/sites.uef.fi\\\/sttp2026\\\/prekonferenssi\\\/#breadcrumb\",\"itemListElement\":[{\"@type\":\"ListItem\",\"position\":1,\"name\":\"Home\",\"item\":\"https:\\\/\\\/sites.uef.fi\\\/sttp2026\\\/\"},{\"@type\":\"ListItem\",\"position\":2,\"name\":\"Prekonferenssi\"}]},{\"@type\":\"WebSite\",\"@id\":\"https:\\\/\\\/sites.uef.fi\\\/sttp2026\\\/#website\",\"url\":\"https:\\\/\\\/sites.uef.fi\\\/sttp2026\\\/\",\"name\":\"Sosiaality\u00f6n tutkimuksen p\u00e4iv\u00e4t 2026\",\"description\":\"\",\"potentialAction\":[{\"@type\":\"SearchAction\",\"target\":{\"@type\":\"EntryPoint\",\"urlTemplate\":\"https:\\\/\\\/sites.uef.fi\\\/sttp2026\\\/?s={search_term_string}\"},\"query-input\":{\"@type\":\"PropertyValueSpecification\",\"valueRequired\":true,\"valueName\":\"search_term_string\"}}],\"inLanguage\":\"fi\"}]}<\/script>\n<!-- \/ Yoast SEO plugin. -->","yoast_head_json":{"title":"Prekonferenssi - Sosiaality\u00f6n tutkimuksen p\u00e4iv\u00e4t 2026","robots":{"index":"index","follow":"follow","max-snippet":"max-snippet:-1","max-image-preview":"max-image-preview:large","max-video-preview":"max-video-preview:-1"},"canonical":"https:\/\/sites.uef.fi\/sttp2026\/prekonferenssi\/","og_locale":"fi_FI","og_type":"article","og_title":"Prekonferenssi - Sosiaality\u00f6n tutkimuksen p\u00e4iv\u00e4t 2026","og_description":"Yhdess\u00e4 paremmin \u2013 v\u00e4it\u00f6skirjatutkijat yhteisty\u00f6ss\u00e4 vuorovaikutuksessa ja verkostoissa Sosiaality\u00f6n tutkimuksen p\u00e4ivien v\u00e4it\u00f6skirjatutkijoiden prekonferenssi j\u00e4rjestet\u00e4\u00e4n 11.2.2026, klo 12:00\u201317:30 It\u00e4-Suomen yliopistolla. Kuopion kampus, Snellmania-rakennus SN200, Yliopistonranta 8 Ilmoittautuminen prekonferenssiin 15.11.2025 menness\u00e4. OHJELMA JA LIS\u00c4TIETOJA","og_url":"https:\/\/sites.uef.fi\/sttp2026\/prekonferenssi\/","og_site_name":"Sosiaality\u00f6n tutkimuksen p\u00e4iv\u00e4t 2026","article_modified_time":"2025-10-27T13:00:52+00:00","twitter_card":"summary_large_image","twitter_misc":{"Arvioitu lukuaika":"1 minuutti"},"schema":{"@context":"https:\/\/schema.org","@graph":[{"@type":"WebPage","@id":"https:\/\/sites.uef.fi\/sttp2026\/prekonferenssi\/","url":"https:\/\/sites.uef.fi\/sttp2026\/prekonferenssi\/","name":"Prekonferenssi - Sosiaality\u00f6n tutkimuksen p\u00e4iv\u00e4t 2026","isPartOf":{"@id":"https:\/\/sites.uef.fi\/sttp2026\/#website"},"datePublished":"2025-09-12T10:56:31+00:00","dateModified":"2025-10-27T13:00:52+00:00","breadcrumb":{"@id":"https:\/\/sites.uef.fi\/sttp2026\/prekonferenssi\/#breadcrumb"},"inLanguage":"fi","potentialAction":[{"@type":"ReadAction","target":["https:\/\/sites.uef.fi\/sttp2026\/prekonferenssi\/"]}]},{"@type":"BreadcrumbList","@id":"https:\/\/sites.uef.fi\/sttp2026\/prekonferenssi\/#breadcrumb","itemListElement":[{"@type":"ListItem","position":1,"name":"Home","item":"https:\/\/sites.uef.fi\/sttp2026\/"},{"@type":"ListItem","position":2,"name":"Prekonferenssi"}]},{"@type":"WebSite","@id":"https:\/\/sites.uef.fi\/sttp2026\/#website","url":"https:\/\/sites.uef.fi\/sttp2026\/","name":"Sosiaality\u00f6n tutkimuksen p\u00e4iv\u00e4t 2026","description":"","potentialAction":[{"@type":"SearchAction","target":{"@type":"EntryPoint","urlTemplate":"https:\/\/sites.uef.fi\/sttp2026\/?s={search_term_string}"},"query-input":{"@type":"PropertyValueSpecification","valueRequired":true,"valueName":"search_term_string"}}],"inLanguage":"fi"}]}},"_links":{"self":[{"href":"https:\/\/sites.uef.fi\/sttp2026\/wp-json\/wp\/v2\/pages\/175","targetHints":{"allow":["GET"]}}],"collection":[{"href":"https:\/\/sites.uef.fi\/sttp2026\/wp-json\/wp\/v2\/pages"}],"about":[{"href":"https:\/\/sites.uef.fi\/sttp2026\/wp-json\/wp\/v2\/types\/page"}],"author":[{"embeddable":true,"href":"https:\/\/sites.uef.fi\/sttp2026\/wp-json\/wp\/v2\/users\/1326"}],"replies":[{"embeddable":true,"href":"https:\/\/sites.uef.fi\/sttp2026\/wp-json\/wp\/v2\/comments?post=175"}],"version-history":[{"count":1,"href":"https:\/\/sites.uef.fi\/sttp2026\/wp-json\/wp\/v2\/pages\/175\/revisions"}],"predecessor-version":[{"id":368,"href":"https:\/\/sites.uef.fi\/sttp2026\/wp-json\/wp\/v2\/pages\/175\/revisions\/368"}],"wp:attachment":[{"href":"https:\/\/sites.uef.fi\/sttp2026\/wp-json\/wp\/v2\/media?parent=175"}],"curies":[{"name":"wp","href":"https:\/\/api.w.org\/{rel}","templated":true}]}}