{"id":76,"date":"2025-04-28T10:09:36","date_gmt":"2025-04-28T10:09:36","guid":{"rendered":"https:\/\/sites.uef.fi\/sttp2026\/?page_id=76"},"modified":"2026-02-12T10:44:55","modified_gmt":"2026-02-12T08:44:55","slug":"etusivu","status":"publish","type":"page","link":"https:\/\/sites.uef.fi\/sttp2026\/","title":{"rendered":"Sosiaality\u00f6n tutkimuksen p\u00e4iv\u00e4t 12.-13.2.2026 Kuopiossa"},"content":{"rendered":"\n<h2 class=\"wp-block-heading has-text-align-center\">12.-13.2.2026 Kuopio<\/h2>\n\n\n\n<figure class=\"wp-block-image aligncenter size-large is-resized\"><img loading=\"lazy\" decoding=\"async\" width=\"938\" height=\"1024\" src=\"https:\/\/sites.uef.fi\/sttp2026\/wp-content\/uploads\/sites\/553\/2026\/01\/fiprintlogo-1-938x1024.jpg\" alt=\"\" class=\"wp-image-662\" style=\"aspect-ratio:0.9158578890419187;width:185px;height:auto\" srcset=\"https:\/\/sites.uef.fi\/sttp2026\/wp-content\/uploads\/sites\/553\/2026\/01\/fiprintlogo-1-938x1024.jpg 938w, https:\/\/sites.uef.fi\/sttp2026\/wp-content\/uploads\/sites\/553\/2026\/01\/fiprintlogo-1-275x300.jpg 275w, https:\/\/sites.uef.fi\/sttp2026\/wp-content\/uploads\/sites\/553\/2026\/01\/fiprintlogo-1-768x839.jpg 768w, https:\/\/sites.uef.fi\/sttp2026\/wp-content\/uploads\/sites\/553\/2026\/01\/fiprintlogo-1-1407x1536.jpg 1407w, https:\/\/sites.uef.fi\/sttp2026\/wp-content\/uploads\/sites\/553\/2026\/01\/fiprintlogo-1-1876x2048.jpg 1876w\" sizes=\"auto, (max-width: 938px) 100vw, 938px\" \/><\/figure>\n\n\n\n<h2 class=\"wp-block-heading has-text-align-center\"> Yhdess\u00e4 paremmin&nbsp;&nbsp;<\/h2>\n\n\n\n<p class=\"has-text-align-center\">Yhteisty\u00f6 eri toimijoiden v\u00e4lill\u00e4 on sosiaality\u00f6n ydint\u00e4. Muuttuvissa toimintaymp\u00e4rist\u00f6iss\u00e4 ja ep\u00e4varmuuksien aikakautena tarvitaan entist\u00e4 enemm\u00e4n jaettua ty\u00f6t\u00e4 ja yhteist\u00e4 vastuunkantoa. Tutkimuksen p\u00e4ivill\u00e4 tarkastellaan yhteisty\u00f6n merkityst\u00e4 sek\u00e4 sosiaality\u00f6n asiakasty\u00f6ss\u00e4, tutkimuksessa ett\u00e4 sosiaali- ja terveyspalvelujen kehitt\u00e4misess\u00e4. Toimiva yhteisty\u00f6 ilmenee eri tieteenalojen tutkimusyhteisty\u00f6ss\u00e4 sek\u00e4 sosiaality\u00f6n profession sis\u00e4ll\u00e4 erilaisilla yhdyspinnoilla. Kutsumme tutkijoita, k\u00e4yt\u00e4nn\u00f6n toimijoita ja opiskelijoita rakentamaan yhdess\u00e4 ymm\u00e4rryst\u00e4 ja etsim\u00e4\u00e4n ratkaisuja hyvinvointivaltion ajankohtaisiin haasteisiin.&nbsp;<\/p>\n\n\n\n<p class=\"has-text-align-center\">P\u00e4ivien teema &#8221;Yhdess\u00e4 paremmin&#8221; korostaa yhteisty\u00f6n merkityst\u00e4 asiakasty\u00f6ss\u00e4, ty\u00f6yhteis\u00f6iss\u00e4, eri sektoreiden v\u00e4lill\u00e4 sek\u00e4 sosiaali- ja terveyspalveluiden integraatiossa. Kompleksisten yhteiskunnallisten kysymysten ratkaiseminen edellytt\u00e4\u00e4 laajaa yhteisty\u00f6t\u00e4, moni\u00e4\u00e4nisyytt\u00e4 ja tutkimukseen pohjautuvaa monialaista kehitt\u00e4mist\u00e4. Kollegiaalisuus ja asioiden jakaminen voi toimia voimaannuttavana sensitiivisi\u00e4 aiheita tutkittaessa. Esille nousevat my\u00f6s kanssatutkijuus ja yhdess\u00e4 kehitt\u00e4minen \u2013 kuinka sosiaality\u00f6n tutkimus ja k\u00e4yt\u00e4nt\u00f6 voivat kohdata ja miten asiakkaat voivat osallistua tutkimustiedon tuottamiseen? Olennaisena n\u00e4ytt\u00e4ytyv\u00e4t monitieteisyys ja yliopistoissa toteutuva yhteisty\u00f6 \u2013 miten eri tieteenalat voivat rikastuttaa sosiaality\u00f6n tutkimusta?\u00a0\u00a0<\/p>\n\n\n\n<h2 class=\"wp-block-heading has-text-align-center\"><a href=\"https:\/\/sites.uef.fi\/sttp2026\/tyoryhmien-aikataulut-ja-esittajat\/\">TY\u00d6RYHMIEN AIKATAULUT JA ESITYKSET<\/a><\/h2>\n\n\n\n<p><\/p>\n\n\n\n<figure class=\"wp-block-image aligncenter size-large is-resized\"><img loading=\"lazy\" decoding=\"async\" width=\"1024\" height=\"284\" src=\"https:\/\/sites.uef.fi\/sttp2026\/wp-content\/uploads\/sites\/553\/2026\/02\/Nayttokuva-2026-02-10-085313-1024x284.png\" alt=\"\" class=\"wp-image-820\" style=\"aspect-ratio:3.6056088226436223;width:237px;height:auto\" srcset=\"https:\/\/sites.uef.fi\/sttp2026\/wp-content\/uploads\/sites\/553\/2026\/02\/Nayttokuva-2026-02-10-085313-1024x284.png 1024w, https:\/\/sites.uef.fi\/sttp2026\/wp-content\/uploads\/sites\/553\/2026\/02\/Nayttokuva-2026-02-10-085313-300x83.png 300w, https:\/\/sites.uef.fi\/sttp2026\/wp-content\/uploads\/sites\/553\/2026\/02\/Nayttokuva-2026-02-10-085313-768x213.png 768w, https:\/\/sites.uef.fi\/sttp2026\/wp-content\/uploads\/sites\/553\/2026\/02\/Nayttokuva-2026-02-10-085313.png 1177w\" sizes=\"auto, (max-width: 1024px) 100vw, 1024px\" \/><\/figure>\n\n\n\n<figure class=\"wp-block-image size-full\"><img loading=\"lazy\" decoding=\"async\" width=\"941\" height=\"432\" src=\"https:\/\/sites.uef.fi\/sttp2026\/wp-content\/uploads\/sites\/553\/2026\/02\/Nayttokuva-2026-02-02-151205.png\" alt=\"\" class=\"wp-image-714\" srcset=\"https:\/\/sites.uef.fi\/sttp2026\/wp-content\/uploads\/sites\/553\/2026\/02\/Nayttokuva-2026-02-02-151205.png 941w, https:\/\/sites.uef.fi\/sttp2026\/wp-content\/uploads\/sites\/553\/2026\/02\/Nayttokuva-2026-02-02-151205-300x138.png 300w, https:\/\/sites.uef.fi\/sttp2026\/wp-content\/uploads\/sites\/553\/2026\/02\/Nayttokuva-2026-02-02-151205-768x353.png 768w\" sizes=\"auto, (max-width: 941px) 100vw, 941px\" \/><\/figure>\n\n\n\n<figure class=\"wp-block-image aligncenter size-large is-resized\"><img loading=\"lazy\" decoding=\"async\" width=\"1024\" height=\"361\" src=\"https:\/\/sites.uef.fi\/sttp2026\/wp-content\/uploads\/sites\/553\/2026\/02\/Nayttokuva-2026-02-10-090918-1024x361.png\" alt=\"\" class=\"wp-image-823\" style=\"aspect-ratio:2.836631184124831;width:244px;height:auto\" srcset=\"https:\/\/sites.uef.fi\/sttp2026\/wp-content\/uploads\/sites\/553\/2026\/02\/Nayttokuva-2026-02-10-090918-1024x361.png 1024w, https:\/\/sites.uef.fi\/sttp2026\/wp-content\/uploads\/sites\/553\/2026\/02\/Nayttokuva-2026-02-10-090918-300x106.png 300w, https:\/\/sites.uef.fi\/sttp2026\/wp-content\/uploads\/sites\/553\/2026\/02\/Nayttokuva-2026-02-10-090918-768x271.png 768w, https:\/\/sites.uef.fi\/sttp2026\/wp-content\/uploads\/sites\/553\/2026\/02\/Nayttokuva-2026-02-10-090918.png 1172w\" sizes=\"auto, (max-width: 1024px) 100vw, 1024px\" \/><\/figure>\n","protected":false},"excerpt":{"rendered":"<p>12.-13.2.2026 Kuopio Yhdess\u00e4 paremmin&nbsp;&nbsp; Yhteisty\u00f6 eri toimijoiden v\u00e4lill\u00e4 on sosiaality\u00f6n ydint\u00e4. Muuttuvissa toimintaymp\u00e4rist\u00f6iss\u00e4 ja ep\u00e4varmuuksien aikakautena tarvitaan entist\u00e4 enemm\u00e4n jaettua ty\u00f6t\u00e4 ja yhteist\u00e4 vastuunkantoa. Tutkimuksen p\u00e4ivill\u00e4 tarkastellaan yhteisty\u00f6n merkityst\u00e4 sek\u00e4 sosiaality\u00f6n asiakasty\u00f6ss\u00e4, tutkimuksessa ett\u00e4 sosiaali- ja terveyspalvelujen kehitt\u00e4misess\u00e4. Toimiva yhteisty\u00f6 ilmenee eri tieteenalojen tutkimusyhteisty\u00f6ss\u00e4 sek\u00e4 sosiaality\u00f6n profession sis\u00e4ll\u00e4 erilaisilla yhdyspinnoilla. Kutsumme tutkijoita, k\u00e4yt\u00e4nn\u00f6n toimijoita ja [&hellip;]<\/p>\n","protected":false},"author":2,"featured_media":0,"parent":0,"menu_order":0,"comment_status":"closed","ping_status":"closed","template":"","meta":{"_acf_changed":false,"footnotes":""},"class_list":["post-76","page","type-page","status-publish","hentry"],"acf":[],"yoast_head":"<!-- This site is optimized with the Yoast SEO plugin v27.3 - https:\/\/yoast.com\/product\/yoast-seo-wordpress\/ -->\n<title>Sosiaality\u00f6n tutkimuksen p\u00e4iv\u00e4t 12.-13.2.2026 Kuopiossa - Sosiaality\u00f6n tutkimuksen p\u00e4iv\u00e4t 2026<\/title>\n<meta name=\"robots\" content=\"index, follow, max-snippet:-1, max-image-preview:large, max-video-preview:-1\" \/>\n<link rel=\"canonical\" href=\"https:\/\/sites.uef.fi\/sttp2026\/\" \/>\n<meta property=\"og:locale\" content=\"fi_FI\" \/>\n<meta property=\"og:type\" content=\"article\" \/>\n<meta property=\"og:title\" content=\"Sosiaality\u00f6n tutkimuksen p\u00e4iv\u00e4t 12.-13.2.2026 Kuopiossa - Sosiaality\u00f6n tutkimuksen p\u00e4iv\u00e4t 2026\" \/>\n<meta property=\"og:description\" content=\"12.-13.2.2026 Kuopio Yhdess\u00e4 paremmin&nbsp;&nbsp; Yhteisty\u00f6 eri toimijoiden v\u00e4lill\u00e4 on sosiaality\u00f6n ydint\u00e4. Muuttuvissa toimintaymp\u00e4rist\u00f6iss\u00e4 ja ep\u00e4varmuuksien aikakautena tarvitaan entist\u00e4 enemm\u00e4n jaettua ty\u00f6t\u00e4 ja yhteist\u00e4 vastuunkantoa. Tutkimuksen p\u00e4ivill\u00e4 tarkastellaan yhteisty\u00f6n merkityst\u00e4 sek\u00e4 sosiaality\u00f6n asiakasty\u00f6ss\u00e4, tutkimuksessa ett\u00e4 sosiaali- ja terveyspalvelujen kehitt\u00e4misess\u00e4. Toimiva yhteisty\u00f6 ilmenee eri tieteenalojen tutkimusyhteisty\u00f6ss\u00e4 sek\u00e4 sosiaality\u00f6n profession sis\u00e4ll\u00e4 erilaisilla yhdyspinnoilla. Kutsumme tutkijoita, k\u00e4yt\u00e4nn\u00f6n toimijoita ja [&hellip;]\" \/>\n<meta property=\"og:url\" content=\"https:\/\/sites.uef.fi\/sttp2026\/\" \/>\n<meta property=\"og:site_name\" content=\"Sosiaality\u00f6n tutkimuksen p\u00e4iv\u00e4t 2026\" \/>\n<meta property=\"article:modified_time\" content=\"2026-02-12T08:44:55+00:00\" \/>\n<meta property=\"og:image\" content=\"https:\/\/sites.uef.fi\/sttp2026\/wp-content\/uploads\/sites\/553\/2026\/01\/fiprintlogo-1-938x1024.jpg\" \/>\n<meta name=\"twitter:card\" content=\"summary_large_image\" \/>\n<meta name=\"twitter:label1\" content=\"Arvioitu lukuaika\" \/>\n\t<meta name=\"twitter:data1\" content=\"2 minuuttia\" \/>\n<script type=\"application\/ld+json\" class=\"yoast-schema-graph\">{\"@context\":\"https:\\\/\\\/schema.org\",\"@graph\":[{\"@type\":\"WebPage\",\"@id\":\"https:\\\/\\\/sites.uef.fi\\\/sttp2026\\\/\",\"url\":\"https:\\\/\\\/sites.uef.fi\\\/sttp2026\\\/\",\"name\":\"Sosiaality\u00f6n tutkimuksen p\u00e4iv\u00e4t 12.-13.2.2026 Kuopiossa - Sosiaality\u00f6n tutkimuksen p\u00e4iv\u00e4t 2026\",\"isPartOf\":{\"@id\":\"https:\\\/\\\/sites.uef.fi\\\/sttp2026\\\/#website\"},\"primaryImageOfPage\":{\"@id\":\"https:\\\/\\\/sites.uef.fi\\\/sttp2026\\\/#primaryimage\"},\"image\":{\"@id\":\"https:\\\/\\\/sites.uef.fi\\\/sttp2026\\\/#primaryimage\"},\"thumbnailUrl\":\"https:\\\/\\\/sites.uef.fi\\\/sttp2026\\\/wp-content\\\/uploads\\\/sites\\\/553\\\/2026\\\/01\\\/fiprintlogo-1-938x1024.jpg\",\"datePublished\":\"2025-04-28T10:09:36+00:00\",\"dateModified\":\"2026-02-12T08:44:55+00:00\",\"breadcrumb\":{\"@id\":\"https:\\\/\\\/sites.uef.fi\\\/sttp2026\\\/#breadcrumb\"},\"inLanguage\":\"fi\",\"potentialAction\":[{\"@type\":\"ReadAction\",\"target\":[\"https:\\\/\\\/sites.uef.fi\\\/sttp2026\\\/\"]}]},{\"@type\":\"ImageObject\",\"inLanguage\":\"fi\",\"@id\":\"https:\\\/\\\/sites.uef.fi\\\/sttp2026\\\/#primaryimage\",\"url\":\"https:\\\/\\\/sites.uef.fi\\\/sttp2026\\\/wp-content\\\/uploads\\\/sites\\\/553\\\/2026\\\/01\\\/fiprintlogo-1-scaled.jpg\",\"contentUrl\":\"https:\\\/\\\/sites.uef.fi\\\/sttp2026\\\/wp-content\\\/uploads\\\/sites\\\/553\\\/2026\\\/01\\\/fiprintlogo-1-scaled.jpg\",\"width\":2345,\"height\":2560},{\"@type\":\"BreadcrumbList\",\"@id\":\"https:\\\/\\\/sites.uef.fi\\\/sttp2026\\\/#breadcrumb\",\"itemListElement\":[{\"@type\":\"ListItem\",\"position\":1,\"name\":\"Home\",\"item\":\"https:\\\/\\\/sites.uef.fi\\\/sttp2026\\\/\"},{\"@type\":\"ListItem\",\"position\":2,\"name\":\"Sosiaality\u00f6n tutkimuksen p\u00e4iv\u00e4t 12.-13.2.2026 Kuopiossa\"}]},{\"@type\":\"WebSite\",\"@id\":\"https:\\\/\\\/sites.uef.fi\\\/sttp2026\\\/#website\",\"url\":\"https:\\\/\\\/sites.uef.fi\\\/sttp2026\\\/\",\"name\":\"Sosiaality\u00f6n tutkimuksen p\u00e4iv\u00e4t 2026\",\"description\":\"\",\"potentialAction\":[{\"@type\":\"SearchAction\",\"target\":{\"@type\":\"EntryPoint\",\"urlTemplate\":\"https:\\\/\\\/sites.uef.fi\\\/sttp2026\\\/?s={search_term_string}\"},\"query-input\":{\"@type\":\"PropertyValueSpecification\",\"valueRequired\":true,\"valueName\":\"search_term_string\"}}],\"inLanguage\":\"fi\"}]}<\/script>\n<!-- \/ Yoast SEO plugin. -->","yoast_head_json":{"title":"Sosiaality\u00f6n tutkimuksen p\u00e4iv\u00e4t 12.-13.2.2026 Kuopiossa - Sosiaality\u00f6n tutkimuksen p\u00e4iv\u00e4t 2026","robots":{"index":"index","follow":"follow","max-snippet":"max-snippet:-1","max-image-preview":"max-image-preview:large","max-video-preview":"max-video-preview:-1"},"canonical":"https:\/\/sites.uef.fi\/sttp2026\/","og_locale":"fi_FI","og_type":"article","og_title":"Sosiaality\u00f6n tutkimuksen p\u00e4iv\u00e4t 12.-13.2.2026 Kuopiossa - Sosiaality\u00f6n tutkimuksen p\u00e4iv\u00e4t 2026","og_description":"12.-13.2.2026 Kuopio Yhdess\u00e4 paremmin&nbsp;&nbsp; Yhteisty\u00f6 eri toimijoiden v\u00e4lill\u00e4 on sosiaality\u00f6n ydint\u00e4. Muuttuvissa toimintaymp\u00e4rist\u00f6iss\u00e4 ja ep\u00e4varmuuksien aikakautena tarvitaan entist\u00e4 enemm\u00e4n jaettua ty\u00f6t\u00e4 ja yhteist\u00e4 vastuunkantoa. Tutkimuksen p\u00e4ivill\u00e4 tarkastellaan yhteisty\u00f6n merkityst\u00e4 sek\u00e4 sosiaality\u00f6n asiakasty\u00f6ss\u00e4, tutkimuksessa ett\u00e4 sosiaali- ja terveyspalvelujen kehitt\u00e4misess\u00e4. Toimiva yhteisty\u00f6 ilmenee eri tieteenalojen tutkimusyhteisty\u00f6ss\u00e4 sek\u00e4 sosiaality\u00f6n profession sis\u00e4ll\u00e4 erilaisilla yhdyspinnoilla. Kutsumme tutkijoita, k\u00e4yt\u00e4nn\u00f6n toimijoita ja [&hellip;]","og_url":"https:\/\/sites.uef.fi\/sttp2026\/","og_site_name":"Sosiaality\u00f6n tutkimuksen p\u00e4iv\u00e4t 2026","article_modified_time":"2026-02-12T08:44:55+00:00","og_image":[{"url":"https:\/\/sites.uef.fi\/sttp2026\/wp-content\/uploads\/sites\/553\/2026\/01\/fiprintlogo-1-938x1024.jpg","type":"","width":"","height":""}],"twitter_card":"summary_large_image","twitter_misc":{"Arvioitu lukuaika":"2 minuuttia"},"schema":{"@context":"https:\/\/schema.org","@graph":[{"@type":"WebPage","@id":"https:\/\/sites.uef.fi\/sttp2026\/","url":"https:\/\/sites.uef.fi\/sttp2026\/","name":"Sosiaality\u00f6n tutkimuksen p\u00e4iv\u00e4t 12.-13.2.2026 Kuopiossa - Sosiaality\u00f6n tutkimuksen p\u00e4iv\u00e4t 2026","isPartOf":{"@id":"https:\/\/sites.uef.fi\/sttp2026\/#website"},"primaryImageOfPage":{"@id":"https:\/\/sites.uef.fi\/sttp2026\/#primaryimage"},"image":{"@id":"https:\/\/sites.uef.fi\/sttp2026\/#primaryimage"},"thumbnailUrl":"https:\/\/sites.uef.fi\/sttp2026\/wp-content\/uploads\/sites\/553\/2026\/01\/fiprintlogo-1-938x1024.jpg","datePublished":"2025-04-28T10:09:36+00:00","dateModified":"2026-02-12T08:44:55+00:00","breadcrumb":{"@id":"https:\/\/sites.uef.fi\/sttp2026\/#breadcrumb"},"inLanguage":"fi","potentialAction":[{"@type":"ReadAction","target":["https:\/\/sites.uef.fi\/sttp2026\/"]}]},{"@type":"ImageObject","inLanguage":"fi","@id":"https:\/\/sites.uef.fi\/sttp2026\/#primaryimage","url":"https:\/\/sites.uef.fi\/sttp2026\/wp-content\/uploads\/sites\/553\/2026\/01\/fiprintlogo-1-scaled.jpg","contentUrl":"https:\/\/sites.uef.fi\/sttp2026\/wp-content\/uploads\/sites\/553\/2026\/01\/fiprintlogo-1-scaled.jpg","width":2345,"height":2560},{"@type":"BreadcrumbList","@id":"https:\/\/sites.uef.fi\/sttp2026\/#breadcrumb","itemListElement":[{"@type":"ListItem","position":1,"name":"Home","item":"https:\/\/sites.uef.fi\/sttp2026\/"},{"@type":"ListItem","position":2,"name":"Sosiaality\u00f6n tutkimuksen p\u00e4iv\u00e4t 12.-13.2.2026 Kuopiossa"}]},{"@type":"WebSite","@id":"https:\/\/sites.uef.fi\/sttp2026\/#website","url":"https:\/\/sites.uef.fi\/sttp2026\/","name":"Sosiaality\u00f6n tutkimuksen p\u00e4iv\u00e4t 2026","description":"","potentialAction":[{"@type":"SearchAction","target":{"@type":"EntryPoint","urlTemplate":"https:\/\/sites.uef.fi\/sttp2026\/?s={search_term_string}"},"query-input":{"@type":"PropertyValueSpecification","valueRequired":true,"valueName":"search_term_string"}}],"inLanguage":"fi"}]}},"_links":{"self":[{"href":"https:\/\/sites.uef.fi\/sttp2026\/wp-json\/wp\/v2\/pages\/76","targetHints":{"allow":["GET"]}}],"collection":[{"href":"https:\/\/sites.uef.fi\/sttp2026\/wp-json\/wp\/v2\/pages"}],"about":[{"href":"https:\/\/sites.uef.fi\/sttp2026\/wp-json\/wp\/v2\/types\/page"}],"author":[{"embeddable":true,"href":"https:\/\/sites.uef.fi\/sttp2026\/wp-json\/wp\/v2\/users\/2"}],"replies":[{"embeddable":true,"href":"https:\/\/sites.uef.fi\/sttp2026\/wp-json\/wp\/v2\/comments?post=76"}],"version-history":[{"count":2,"href":"https:\/\/sites.uef.fi\/sttp2026\/wp-json\/wp\/v2\/pages\/76\/revisions"}],"predecessor-version":[{"id":891,"href":"https:\/\/sites.uef.fi\/sttp2026\/wp-json\/wp\/v2\/pages\/76\/revisions\/891"}],"wp:attachment":[{"href":"https:\/\/sites.uef.fi\/sttp2026\/wp-json\/wp\/v2\/media?parent=76"}],"curies":[{"name":"wp","href":"https:\/\/api.w.org\/{rel}","templated":true}]}}