{"id":109,"date":"2026-02-04T09:42:06","date_gmt":"2026-02-04T07:42:06","guid":{"rendered":"https:\/\/sites.uef.fi\/sukupuolentutkimus-2026\/?page_id=109"},"modified":"2026-03-26T15:35:40","modified_gmt":"2026-03-26T13:35:40","slug":"ohjelma","status":"publish","type":"page","link":"https:\/\/sites.uef.fi\/sukupuolentutkimus-2026\/ohjelma\/","title":{"rendered":"Ohjelma"},"content":{"rendered":"\n<p><strong>Ohjelma tarkentuu my\u00f6hemmin.<\/strong><\/p>\n\n\n\n<p><strong>Tiedote 26.3.2026: <\/strong>Sukupuolentutkimuksen p\u00e4ivi\u00e4 on valitettavasti jouduttu siirt\u00e4m\u00e4\u00e4n majoituskapasiteetin ongelmien takia. <strong>Uusi ajankohta on 19.\u201320.11.2026. <\/strong>Konferenssia edelt\u00e4v\u00e4 kirjoitusty\u00f6paja ja yleis\u00f6tilaisuus j\u00e4rjestet\u00e4\u00e4n 18.11.2026. Pahoittelemme muutoksesta aiheutuvaa vaivaa.<\/p>\n\n\n\n<p>Varsinainen konferenssiohjelma sijoittuu aikav\u00e4lille torstaista 19.11.2026 klo 12 perjantaihin 20.11.2026 klo 16.<\/p>\n\n\n\n<p><strong>Ke 18.11.2026<\/strong><\/p>\n\n\n\n<p>Kirjoitusty\u00f6paja v\u00e4it\u00f6skirjatutkijoille ja tutkijatohtoreille<\/p>\n\n\n\n<p>Kaikille avoin yleis\u00f6tilaisuus<\/p>\n\n\n\n<p><strong>To 19.11.2026<\/strong>: <strong>ensimm\u00e4inen konferenssip\u00e4iv\u00e4<\/strong><\/p>\n\n\n\n<p>Ilmoittautuminen ja my\u00f6hemmin tarkentuva ty\u00f6pajaohjelma aamup\u00e4iv\u00e4ll\u00e4<\/p>\n\n\n\n<p>12.15 Konferenssin virallinen aloitus, alkusanat<\/p>\n\n\n\n<p>Konferenssiohjelmaa ja illallinen<\/p>\n\n\n\n<p><strong>Pe 20.11.2026: toinen konferenssip\u00e4iv\u00e4<\/strong><\/p>\n\n\n\n<p>Konferenssiohjelmaa aamup\u00e4iv\u00e4ll\u00e4 ja iltap\u00e4iv\u00e4ll\u00e4<\/p>\n\n\n\n<p>15.30 P\u00e4\u00e4t\u00f6ssanat<\/p>\n\n\n\n<p><\/p>\n","protected":false},"excerpt":{"rendered":"<p>Ohjelma tarkentuu my\u00f6hemmin. Tiedote 26.3.2026: Sukupuolentutkimuksen p\u00e4ivi\u00e4 on valitettavasti jouduttu siirt\u00e4m\u00e4\u00e4n majoituskapasiteetin ongelmien takia. Uusi ajankohta on 19.\u201320.11.2026. Konferenssia edelt\u00e4v\u00e4 kirjoitusty\u00f6paja ja yleis\u00f6tilaisuus j\u00e4rjestet\u00e4\u00e4n 18.11.2026. Pahoittelemme muutoksesta aiheutuvaa vaivaa. Varsinainen konferenssiohjelma sijoittuu aikav\u00e4lille torstaista 19.11.2026 klo 12 perjantaihin 20.11.2026 klo 16. Ke 18.11.2026 Kirjoitusty\u00f6paja v\u00e4it\u00f6skirjatutkijoille ja tutkijatohtoreille Kaikille avoin yleis\u00f6tilaisuus To 19.11.2026: ensimm\u00e4inen konferenssip\u00e4iv\u00e4 Ilmoittautuminen [&hellip;]<\/p>\n","protected":false},"author":1048,"featured_media":0,"parent":0,"menu_order":0,"comment_status":"closed","ping_status":"closed","template":"","meta":{"_acf_changed":false,"footnotes":""},"class_list":["post-109","page","type-page","status-publish","hentry"],"acf":[],"yoast_head":"<!-- This site is optimized with the Yoast SEO plugin v27.1.1 - https:\/\/yoast.com\/product\/yoast-seo-wordpress\/ -->\n<title>Ohjelma - Sukupuolentutkimuksen p\u00e4iv\u00e4t 2026<\/title>\n<meta name=\"robots\" content=\"index, follow, max-snippet:-1, max-image-preview:large, max-video-preview:-1\" \/>\n<link rel=\"canonical\" href=\"https:\/\/sites.uef.fi\/sukupuolentutkimus-2026\/ohjelma\/\" \/>\n<meta property=\"og:locale\" content=\"fi_FI\" \/>\n<meta property=\"og:type\" content=\"article\" \/>\n<meta property=\"og:title\" content=\"Ohjelma - Sukupuolentutkimuksen p\u00e4iv\u00e4t 2026\" \/>\n<meta property=\"og:description\" content=\"Ohjelma tarkentuu my\u00f6hemmin. Tiedote 26.3.2026: Sukupuolentutkimuksen p\u00e4ivi\u00e4 on valitettavasti jouduttu siirt\u00e4m\u00e4\u00e4n majoituskapasiteetin ongelmien takia. Uusi ajankohta on 19.\u201320.11.2026. Konferenssia edelt\u00e4v\u00e4 kirjoitusty\u00f6paja ja yleis\u00f6tilaisuus j\u00e4rjestet\u00e4\u00e4n 18.11.2026. Pahoittelemme muutoksesta aiheutuvaa vaivaa. Varsinainen konferenssiohjelma sijoittuu aikav\u00e4lille torstaista 19.11.2026 klo 12 perjantaihin 20.11.2026 klo 16. Ke 18.11.2026 Kirjoitusty\u00f6paja v\u00e4it\u00f6skirjatutkijoille ja tutkijatohtoreille Kaikille avoin yleis\u00f6tilaisuus To 19.11.2026: ensimm\u00e4inen konferenssip\u00e4iv\u00e4 Ilmoittautuminen [&hellip;]\" \/>\n<meta property=\"og:url\" content=\"https:\/\/sites.uef.fi\/sukupuolentutkimus-2026\/ohjelma\/\" \/>\n<meta property=\"og:site_name\" content=\"Sukupuolentutkimuksen p\u00e4iv\u00e4t 2026\" \/>\n<meta property=\"article:modified_time\" content=\"2026-03-26T13:35:40+00:00\" \/>\n<meta name=\"twitter:card\" content=\"summary_large_image\" \/>\n<meta name=\"twitter:label1\" content=\"Arvioitu lukuaika\" \/>\n\t<meta name=\"twitter:data1\" content=\"1 minuutti\" \/>\n<script type=\"application\/ld+json\" class=\"yoast-schema-graph\">{\"@context\":\"https:\/\/schema.org\",\"@graph\":[{\"@type\":\"WebPage\",\"@id\":\"https:\/\/sites.uef.fi\/sukupuolentutkimus-2026\/ohjelma\/\",\"url\":\"https:\/\/sites.uef.fi\/sukupuolentutkimus-2026\/ohjelma\/\",\"name\":\"Ohjelma - Sukupuolentutkimuksen p\u00e4iv\u00e4t 2026\",\"isPartOf\":{\"@id\":\"https:\/\/sites.uef.fi\/sukupuolentutkimus-2026\/#website\"},\"datePublished\":\"2026-02-04T07:42:06+00:00\",\"dateModified\":\"2026-03-26T13:35:40+00:00\",\"breadcrumb\":{\"@id\":\"https:\/\/sites.uef.fi\/sukupuolentutkimus-2026\/ohjelma\/#breadcrumb\"},\"inLanguage\":\"fi\",\"potentialAction\":[{\"@type\":\"ReadAction\",\"target\":[\"https:\/\/sites.uef.fi\/sukupuolentutkimus-2026\/ohjelma\/\"]}]},{\"@type\":\"BreadcrumbList\",\"@id\":\"https:\/\/sites.uef.fi\/sukupuolentutkimus-2026\/ohjelma\/#breadcrumb\",\"itemListElement\":[{\"@type\":\"ListItem\",\"position\":1,\"name\":\"Etusivu\",\"item\":\"https:\/\/sites.uef.fi\/sukupuolentutkimus-2026\/\"},{\"@type\":\"ListItem\",\"position\":2,\"name\":\"Ohjelma\"}]},{\"@type\":\"WebSite\",\"@id\":\"https:\/\/sites.uef.fi\/sukupuolentutkimus-2026\/#website\",\"url\":\"https:\/\/sites.uef.fi\/sukupuolentutkimus-2026\/\",\"name\":\"Sukupuolentutkimuksen p\u00e4iv\u00e4t 2026\",\"description\":\"\",\"potentialAction\":[{\"@type\":\"SearchAction\",\"target\":{\"@type\":\"EntryPoint\",\"urlTemplate\":\"https:\/\/sites.uef.fi\/sukupuolentutkimus-2026\/?s={search_term_string}\"},\"query-input\":{\"@type\":\"PropertyValueSpecification\",\"valueRequired\":true,\"valueName\":\"search_term_string\"}}],\"inLanguage\":\"fi\"}]}<\/script>\n<!-- \/ Yoast SEO plugin. -->","yoast_head_json":{"title":"Ohjelma - Sukupuolentutkimuksen p\u00e4iv\u00e4t 2026","robots":{"index":"index","follow":"follow","max-snippet":"max-snippet:-1","max-image-preview":"max-image-preview:large","max-video-preview":"max-video-preview:-1"},"canonical":"https:\/\/sites.uef.fi\/sukupuolentutkimus-2026\/ohjelma\/","og_locale":"fi_FI","og_type":"article","og_title":"Ohjelma - Sukupuolentutkimuksen p\u00e4iv\u00e4t 2026","og_description":"Ohjelma tarkentuu my\u00f6hemmin. Tiedote 26.3.2026: Sukupuolentutkimuksen p\u00e4ivi\u00e4 on valitettavasti jouduttu siirt\u00e4m\u00e4\u00e4n majoituskapasiteetin ongelmien takia. Uusi ajankohta on 19.\u201320.11.2026. Konferenssia edelt\u00e4v\u00e4 kirjoitusty\u00f6paja ja yleis\u00f6tilaisuus j\u00e4rjestet\u00e4\u00e4n 18.11.2026. Pahoittelemme muutoksesta aiheutuvaa vaivaa. Varsinainen konferenssiohjelma sijoittuu aikav\u00e4lille torstaista 19.11.2026 klo 12 perjantaihin 20.11.2026 klo 16. Ke 18.11.2026 Kirjoitusty\u00f6paja v\u00e4it\u00f6skirjatutkijoille ja tutkijatohtoreille Kaikille avoin yleis\u00f6tilaisuus To 19.11.2026: ensimm\u00e4inen konferenssip\u00e4iv\u00e4 Ilmoittautuminen [&hellip;]","og_url":"https:\/\/sites.uef.fi\/sukupuolentutkimus-2026\/ohjelma\/","og_site_name":"Sukupuolentutkimuksen p\u00e4iv\u00e4t 2026","article_modified_time":"2026-03-26T13:35:40+00:00","twitter_card":"summary_large_image","twitter_misc":{"Arvioitu lukuaika":"1 minuutti"},"schema":{"@context":"https:\/\/schema.org","@graph":[{"@type":"WebPage","@id":"https:\/\/sites.uef.fi\/sukupuolentutkimus-2026\/ohjelma\/","url":"https:\/\/sites.uef.fi\/sukupuolentutkimus-2026\/ohjelma\/","name":"Ohjelma - Sukupuolentutkimuksen p\u00e4iv\u00e4t 2026","isPartOf":{"@id":"https:\/\/sites.uef.fi\/sukupuolentutkimus-2026\/#website"},"datePublished":"2026-02-04T07:42:06+00:00","dateModified":"2026-03-26T13:35:40+00:00","breadcrumb":{"@id":"https:\/\/sites.uef.fi\/sukupuolentutkimus-2026\/ohjelma\/#breadcrumb"},"inLanguage":"fi","potentialAction":[{"@type":"ReadAction","target":["https:\/\/sites.uef.fi\/sukupuolentutkimus-2026\/ohjelma\/"]}]},{"@type":"BreadcrumbList","@id":"https:\/\/sites.uef.fi\/sukupuolentutkimus-2026\/ohjelma\/#breadcrumb","itemListElement":[{"@type":"ListItem","position":1,"name":"Etusivu","item":"https:\/\/sites.uef.fi\/sukupuolentutkimus-2026\/"},{"@type":"ListItem","position":2,"name":"Ohjelma"}]},{"@type":"WebSite","@id":"https:\/\/sites.uef.fi\/sukupuolentutkimus-2026\/#website","url":"https:\/\/sites.uef.fi\/sukupuolentutkimus-2026\/","name":"Sukupuolentutkimuksen p\u00e4iv\u00e4t 2026","description":"","potentialAction":[{"@type":"SearchAction","target":{"@type":"EntryPoint","urlTemplate":"https:\/\/sites.uef.fi\/sukupuolentutkimus-2026\/?s={search_term_string}"},"query-input":{"@type":"PropertyValueSpecification","valueRequired":true,"valueName":"search_term_string"}}],"inLanguage":"fi"}]}},"_links":{"self":[{"href":"https:\/\/sites.uef.fi\/sukupuolentutkimus-2026\/wp-json\/wp\/v2\/pages\/109","targetHints":{"allow":["GET"]}}],"collection":[{"href":"https:\/\/sites.uef.fi\/sukupuolentutkimus-2026\/wp-json\/wp\/v2\/pages"}],"about":[{"href":"https:\/\/sites.uef.fi\/sukupuolentutkimus-2026\/wp-json\/wp\/v2\/types\/page"}],"author":[{"embeddable":true,"href":"https:\/\/sites.uef.fi\/sukupuolentutkimus-2026\/wp-json\/wp\/v2\/users\/1048"}],"replies":[{"embeddable":true,"href":"https:\/\/sites.uef.fi\/sukupuolentutkimus-2026\/wp-json\/wp\/v2\/comments?post=109"}],"version-history":[{"count":2,"href":"https:\/\/sites.uef.fi\/sukupuolentutkimus-2026\/wp-json\/wp\/v2\/pages\/109\/revisions"}],"predecessor-version":[{"id":250,"href":"https:\/\/sites.uef.fi\/sukupuolentutkimus-2026\/wp-json\/wp\/v2\/pages\/109\/revisions\/250"}],"wp:attachment":[{"href":"https:\/\/sites.uef.fi\/sukupuolentutkimus-2026\/wp-json\/wp\/v2\/media?parent=109"}],"curies":[{"name":"wp","href":"https:\/\/api.w.org\/{rel}","templated":true}]}}