{"id":117,"date":"2026-03-16T14:51:52","date_gmt":"2026-03-16T12:51:52","guid":{"rendered":"https:\/\/sites.uef.fi\/sukupuolentutkimus-2026\/?page_id=117"},"modified":"2026-03-16T14:57:46","modified_gmt":"2026-03-16T12:57:46","slug":"ilmoittautuminen","status":"publish","type":"page","link":"https:\/\/sites.uef.fi\/sukupuolentutkimus-2026\/ilmoittautuminen\/","title":{"rendered":"Ilmoittautuminen"},"content":{"rendered":"\n<p>Ilmoittautuminen avautuu kes\u00e4kuussa 2026.<\/p>\n\n\n\n<p><strong>Osallistumismaksut:<\/strong><\/p>\n\n\n\n<p>\u00b7 Perustutkinto-opiskelijat: 0 \u20ac<\/p>\n\n\n\n<p>\u00b7 V\u00e4it\u00f6skirjatutkijat: 70 \u20ac<\/p>\n\n\n\n<p>\u00b7 Sukupuolentutkimuksen seuran j\u00e4senet: 100 \u20ac<\/p>\n\n\n\n<p>\u00b7 Muut: 120 \u20ac<\/p>\n\n\n\n<p>Osallistumismaksu ei sis\u00e4ll\u00e4 konferenssi-illallista. Konferenssi-illallisen hinnasta tiedotetaan my\u00f6hemmin.<\/p>\n","protected":false},"excerpt":{"rendered":"<p>Ilmoittautuminen avautuu kes\u00e4kuussa 2026. Osallistumismaksut: \u00b7 Perustutkinto-opiskelijat: 0 \u20ac \u00b7 V\u00e4it\u00f6skirjatutkijat: 70 \u20ac \u00b7 Sukupuolentutkimuksen seuran j\u00e4senet: 100 \u20ac \u00b7 Muut: 120 \u20ac Osallistumismaksu ei sis\u00e4ll\u00e4 konferenssi-illallista. Konferenssi-illallisen hinnasta tiedotetaan my\u00f6hemmin.<\/p>\n","protected":false},"author":1048,"featured_media":0,"parent":0,"menu_order":0,"comment_status":"closed","ping_status":"closed","template":"","meta":{"_acf_changed":false,"footnotes":""},"class_list":["post-117","page","type-page","status-publish","hentry"],"acf":[],"yoast_head":"<!-- This site is optimized with the Yoast SEO plugin v27.1.1 - https:\/\/yoast.com\/product\/yoast-seo-wordpress\/ -->\n<title>Ilmoittautuminen - Sukupuolentutkimuksen p\u00e4iv\u00e4t 2026<\/title>\n<meta name=\"robots\" content=\"index, follow, max-snippet:-1, max-image-preview:large, max-video-preview:-1\" \/>\n<link rel=\"canonical\" href=\"https:\/\/sites.uef.fi\/sukupuolentutkimus-2026\/ilmoittautuminen\/\" \/>\n<meta property=\"og:locale\" content=\"fi_FI\" \/>\n<meta property=\"og:type\" content=\"article\" \/>\n<meta property=\"og:title\" content=\"Ilmoittautuminen - Sukupuolentutkimuksen p\u00e4iv\u00e4t 2026\" \/>\n<meta property=\"og:description\" content=\"Ilmoittautuminen avautuu kes\u00e4kuussa 2026. Osallistumismaksut: \u00b7 Perustutkinto-opiskelijat: 0 \u20ac \u00b7 V\u00e4it\u00f6skirjatutkijat: 70 \u20ac \u00b7 Sukupuolentutkimuksen seuran j\u00e4senet: 100 \u20ac \u00b7 Muut: 120 \u20ac Osallistumismaksu ei sis\u00e4ll\u00e4 konferenssi-illallista. Konferenssi-illallisen hinnasta tiedotetaan my\u00f6hemmin.\" \/>\n<meta property=\"og:url\" content=\"https:\/\/sites.uef.fi\/sukupuolentutkimus-2026\/ilmoittautuminen\/\" \/>\n<meta property=\"og:site_name\" content=\"Sukupuolentutkimuksen p\u00e4iv\u00e4t 2026\" \/>\n<meta property=\"article:modified_time\" content=\"2026-03-16T12:57:46+00:00\" \/>\n<meta name=\"twitter:card\" content=\"summary_large_image\" \/>\n<meta name=\"twitter:label1\" content=\"Arvioitu lukuaika\" \/>\n\t<meta name=\"twitter:data1\" content=\"1 minuutti\" \/>\n<script type=\"application\/ld+json\" class=\"yoast-schema-graph\">{\"@context\":\"https:\/\/schema.org\",\"@graph\":[{\"@type\":\"WebPage\",\"@id\":\"https:\/\/sites.uef.fi\/sukupuolentutkimus-2026\/ilmoittautuminen\/\",\"url\":\"https:\/\/sites.uef.fi\/sukupuolentutkimus-2026\/ilmoittautuminen\/\",\"name\":\"Ilmoittautuminen - Sukupuolentutkimuksen p\u00e4iv\u00e4t 2026\",\"isPartOf\":{\"@id\":\"https:\/\/sites.uef.fi\/sukupuolentutkimus-2026\/#website\"},\"datePublished\":\"2026-03-16T12:51:52+00:00\",\"dateModified\":\"2026-03-16T12:57:46+00:00\",\"breadcrumb\":{\"@id\":\"https:\/\/sites.uef.fi\/sukupuolentutkimus-2026\/ilmoittautuminen\/#breadcrumb\"},\"inLanguage\":\"fi\",\"potentialAction\":[{\"@type\":\"ReadAction\",\"target\":[\"https:\/\/sites.uef.fi\/sukupuolentutkimus-2026\/ilmoittautuminen\/\"]}]},{\"@type\":\"BreadcrumbList\",\"@id\":\"https:\/\/sites.uef.fi\/sukupuolentutkimus-2026\/ilmoittautuminen\/#breadcrumb\",\"itemListElement\":[{\"@type\":\"ListItem\",\"position\":1,\"name\":\"Etusivu\",\"item\":\"https:\/\/sites.uef.fi\/sukupuolentutkimus-2026\/\"},{\"@type\":\"ListItem\",\"position\":2,\"name\":\"Ilmoittautuminen\"}]},{\"@type\":\"WebSite\",\"@id\":\"https:\/\/sites.uef.fi\/sukupuolentutkimus-2026\/#website\",\"url\":\"https:\/\/sites.uef.fi\/sukupuolentutkimus-2026\/\",\"name\":\"Sukupuolentutkimuksen p\u00e4iv\u00e4t 2026\",\"description\":\"\",\"potentialAction\":[{\"@type\":\"SearchAction\",\"target\":{\"@type\":\"EntryPoint\",\"urlTemplate\":\"https:\/\/sites.uef.fi\/sukupuolentutkimus-2026\/?s={search_term_string}\"},\"query-input\":{\"@type\":\"PropertyValueSpecification\",\"valueRequired\":true,\"valueName\":\"search_term_string\"}}],\"inLanguage\":\"fi\"}]}<\/script>\n<!-- \/ Yoast SEO plugin. -->","yoast_head_json":{"title":"Ilmoittautuminen - Sukupuolentutkimuksen p\u00e4iv\u00e4t 2026","robots":{"index":"index","follow":"follow","max-snippet":"max-snippet:-1","max-image-preview":"max-image-preview:large","max-video-preview":"max-video-preview:-1"},"canonical":"https:\/\/sites.uef.fi\/sukupuolentutkimus-2026\/ilmoittautuminen\/","og_locale":"fi_FI","og_type":"article","og_title":"Ilmoittautuminen - Sukupuolentutkimuksen p\u00e4iv\u00e4t 2026","og_description":"Ilmoittautuminen avautuu kes\u00e4kuussa 2026. Osallistumismaksut: \u00b7 Perustutkinto-opiskelijat: 0 \u20ac \u00b7 V\u00e4it\u00f6skirjatutkijat: 70 \u20ac \u00b7 Sukupuolentutkimuksen seuran j\u00e4senet: 100 \u20ac \u00b7 Muut: 120 \u20ac Osallistumismaksu ei sis\u00e4ll\u00e4 konferenssi-illallista. Konferenssi-illallisen hinnasta tiedotetaan my\u00f6hemmin.","og_url":"https:\/\/sites.uef.fi\/sukupuolentutkimus-2026\/ilmoittautuminen\/","og_site_name":"Sukupuolentutkimuksen p\u00e4iv\u00e4t 2026","article_modified_time":"2026-03-16T12:57:46+00:00","twitter_card":"summary_large_image","twitter_misc":{"Arvioitu lukuaika":"1 minuutti"},"schema":{"@context":"https:\/\/schema.org","@graph":[{"@type":"WebPage","@id":"https:\/\/sites.uef.fi\/sukupuolentutkimus-2026\/ilmoittautuminen\/","url":"https:\/\/sites.uef.fi\/sukupuolentutkimus-2026\/ilmoittautuminen\/","name":"Ilmoittautuminen - Sukupuolentutkimuksen p\u00e4iv\u00e4t 2026","isPartOf":{"@id":"https:\/\/sites.uef.fi\/sukupuolentutkimus-2026\/#website"},"datePublished":"2026-03-16T12:51:52+00:00","dateModified":"2026-03-16T12:57:46+00:00","breadcrumb":{"@id":"https:\/\/sites.uef.fi\/sukupuolentutkimus-2026\/ilmoittautuminen\/#breadcrumb"},"inLanguage":"fi","potentialAction":[{"@type":"ReadAction","target":["https:\/\/sites.uef.fi\/sukupuolentutkimus-2026\/ilmoittautuminen\/"]}]},{"@type":"BreadcrumbList","@id":"https:\/\/sites.uef.fi\/sukupuolentutkimus-2026\/ilmoittautuminen\/#breadcrumb","itemListElement":[{"@type":"ListItem","position":1,"name":"Etusivu","item":"https:\/\/sites.uef.fi\/sukupuolentutkimus-2026\/"},{"@type":"ListItem","position":2,"name":"Ilmoittautuminen"}]},{"@type":"WebSite","@id":"https:\/\/sites.uef.fi\/sukupuolentutkimus-2026\/#website","url":"https:\/\/sites.uef.fi\/sukupuolentutkimus-2026\/","name":"Sukupuolentutkimuksen p\u00e4iv\u00e4t 2026","description":"","potentialAction":[{"@type":"SearchAction","target":{"@type":"EntryPoint","urlTemplate":"https:\/\/sites.uef.fi\/sukupuolentutkimus-2026\/?s={search_term_string}"},"query-input":{"@type":"PropertyValueSpecification","valueRequired":true,"valueName":"search_term_string"}}],"inLanguage":"fi"}]}},"_links":{"self":[{"href":"https:\/\/sites.uef.fi\/sukupuolentutkimus-2026\/wp-json\/wp\/v2\/pages\/117","targetHints":{"allow":["GET"]}}],"collection":[{"href":"https:\/\/sites.uef.fi\/sukupuolentutkimus-2026\/wp-json\/wp\/v2\/pages"}],"about":[{"href":"https:\/\/sites.uef.fi\/sukupuolentutkimus-2026\/wp-json\/wp\/v2\/types\/page"}],"author":[{"embeddable":true,"href":"https:\/\/sites.uef.fi\/sukupuolentutkimus-2026\/wp-json\/wp\/v2\/users\/1048"}],"replies":[{"embeddable":true,"href":"https:\/\/sites.uef.fi\/sukupuolentutkimus-2026\/wp-json\/wp\/v2\/comments?post=117"}],"version-history":[{"count":1,"href":"https:\/\/sites.uef.fi\/sukupuolentutkimus-2026\/wp-json\/wp\/v2\/pages\/117\/revisions"}],"predecessor-version":[{"id":222,"href":"https:\/\/sites.uef.fi\/sukupuolentutkimus-2026\/wp-json\/wp\/v2\/pages\/117\/revisions\/222"}],"wp:attachment":[{"href":"https:\/\/sites.uef.fi\/sukupuolentutkimus-2026\/wp-json\/wp\/v2\/media?parent=117"}],"curies":[{"name":"wp","href":"https:\/\/api.w.org\/{rel}","templated":true}]}}