{"id":173,"date":"2026-04-16T18:52:10","date_gmt":"2026-04-16T15:52:10","guid":{"rendered":"https:\/\/sites.uef.fi\/sukupuolentutkimus-2026\/?page_id=173"},"modified":"2026-04-16T20:00:16","modified_gmt":"2026-04-16T17:00:16","slug":"sukupuolentutkimus-genusforskning-lehden-kirjoitustyopaja","status":"publish","type":"page","link":"https:\/\/sites.uef.fi\/sukupuolentutkimus-2026\/sukupuolentutkimus-genusforskning-lehden-kirjoitustyopaja\/","title":{"rendered":"Sukupuolentutkimus-Genusforskning-lehden kirjoitusty\u00f6paja"},"content":{"rendered":"\n<p><\/p>\n\n\n\n<p><br><strong>Aktivistisen tutkimuksen n\u00e4k\u00f6kulmia ja kirjoittamisen<br>tapoja<\/strong><\/p>\n\n\n\n<p><strong>18. marraskuuta 2026, klo 12\u201318<\/strong>, It\u00e4-Suomen yliopisto, Joensuu<\/p>\n\n\n\n<p><br>Kirjoitusty\u00f6pajaan ovat tervetulleita erityisesti uransa alkuvaiheessa olevat tutkijat, jotka ty\u00f6st\u00e4v\u00e4t tutkimusartikkeleitaan kohti julkaisua. P\u00e4iv\u00e4 koostuu aktivistiseen tutkimukseen ja kirjoittamiseen keskittyv\u00e4st\u00e4 luento-osuudesta sek\u00e4 suljetusta artikkelity\u00f6pajasta. <\/p>\n\n\n\n<p>Luento-osuuden klo 12\u201314 ohjelma:<\/p>\n\n\n\n<p>Matilda Arvidsson (G\u00f6teborgin yliopisto): Gendered Violence: Gardens, Inter-Species and Intergenerational Alliances of Care and Resistance<br>Koko Hubara (Turun yliopisto): (otsikko tbc)<br>Sukupuolentutkimus\u2013Genusforskning -lehden p\u00e4\u00e4toimittajat: Julkaiseminen Sukupuolentutkimus-lehdess\u00e4<\/p>\n\n\n\n<p>Artikkelity\u00f6paja 15\u201318<\/p>\n\n\n\n<p>Luento-osuus on kaikille avoin, mutta vaatii ennakkoilmoittautumisen. Ty\u00f6pajassa k\u00e4sitelt\u00e4vien k\u00e4sikirjoitusten ei tarvitse liitty\u00e4 aktivististeen tutkimukseen.<\/p>\n\n\n\n<p>K\u00e4sikirjoitus voi olla suomeksi, englanniksi tai ruotsiksi, sek\u00e4 l\u00e4hetysvaiheessa keskener\u00e4inen.<\/p>\n\n\n\n<p><strong>Hakuaikataulu<\/strong><br>Hakemukset (abstrakti + motivaatiokirje) <strong>15.5.2026<\/strong> menness\u00e4.<br>Tiedot valinnoista hakijoille <strong>19.6.2026<\/strong> menness\u00e4.<br>Artikkelik\u00e4sikirjoitukset p\u00e4\u00e4toimittajille <strong>1.10.2026<\/strong> menness\u00e4.<br><\/p>\n\n\n\n<p>L\u00e4het\u00e4 hakemuksesi osoitteeseen kaisa.kolti@uef.fi<br><br>Valitsemme artikkelity\u00f6pajaan enint\u00e4\u00e4n 10 osallistujaa.<br>Tapahtuma on maksuton. <\/p>\n\n\n\n<p>Emme valitettavasti voi korvata matka- tai majoituskuluja.<br><\/p>\n\n\n\n<p><strong>Sukupuolentutkimus\u2013Genusforskning\u2011tidskriftens skrivverkstad<\/strong><\/p>\n\n\n\n<p><br><strong>Perspektiv p\u00e5 aktivistisk forskning och s\u00e4tt att skriva<\/strong><br><\/p>\n\n\n\n<p><strong>18 november 2026 kl. 12\u201318<\/strong>, \u00d6stra Finlands universitet, Joensuu<\/p>\n\n\n\n<p>Ans\u00f6k om deltagande med ett abstrakt (max. 500 ord) och ett kort motivationsbrev senast den <strong>15.5.2026<\/strong>. <\/p>\n\n\n\n<p>Manuskriptet kan vara p\u00e5 finska, engelska eller svenska. Artikeln beh\u00f6ver inte vara f\u00e4rdig i inskickningsskedet.<\/p>\n\n\n\n<p><br>Vi v\u00e4ljer h\u00f6gst 10 deltagare till artikelverkstaden. <\/p>\n\n\n\n<p><br>Skicka din ans\u00f6kan till kaisa.kolti@uef.fi<\/p>\n\n\n\n<p>Evenemanget \u00e4r avgiftsfritt. Tyv\u00e4rr kan vi inte ers\u00e4tta rese- eller boendekostnader.<\/p>\n","protected":false},"excerpt":{"rendered":"<p>Aktivistisen tutkimuksen n\u00e4k\u00f6kulmia ja kirjoittamisentapoja 18. marraskuuta 2026, klo 12\u201318, It\u00e4-Suomen yliopisto, Joensuu Kirjoitusty\u00f6pajaan ovat tervetulleita erityisesti uransa alkuvaiheessa olevat tutkijat, jotka ty\u00f6st\u00e4v\u00e4t tutkimusartikkeleitaan kohti julkaisua. P\u00e4iv\u00e4 koostuu aktivistiseen tutkimukseen ja kirjoittamiseen keskittyv\u00e4st\u00e4 luento-osuudesta sek\u00e4 suljetusta artikkelity\u00f6pajasta. Luento-osuuden klo 12\u201314 ohjelma: Matilda Arvidsson (G\u00f6teborgin yliopisto): Gendered Violence: Gardens, Inter-Species and Intergenerational Alliances of Care and [&hellip;]<\/p>\n","protected":false},"author":1048,"featured_media":0,"parent":0,"menu_order":0,"comment_status":"closed","ping_status":"closed","template":"","meta":{"_acf_changed":false,"footnotes":""},"class_list":["post-173","page","type-page","status-publish","hentry"],"acf":[],"yoast_head":"<!-- This site is optimized with the Yoast SEO plugin v27.1.1 - https:\/\/yoast.com\/product\/yoast-seo-wordpress\/ -->\n<title>Sukupuolentutkimus-Genusforskning-lehden kirjoitusty\u00f6paja - Sukupuolentutkimuksen p\u00e4iv\u00e4t 2026<\/title>\n<meta name=\"robots\" content=\"index, follow, max-snippet:-1, max-image-preview:large, max-video-preview:-1\" \/>\n<link rel=\"canonical\" href=\"https:\/\/sites.uef.fi\/sukupuolentutkimus-2026\/sukupuolentutkimus-genusforskning-lehden-kirjoitustyopaja\/\" \/>\n<meta property=\"og:locale\" content=\"fi_FI\" \/>\n<meta property=\"og:type\" content=\"article\" \/>\n<meta property=\"og:title\" content=\"Sukupuolentutkimus-Genusforskning-lehden kirjoitusty\u00f6paja - Sukupuolentutkimuksen p\u00e4iv\u00e4t 2026\" \/>\n<meta property=\"og:description\" content=\"Aktivistisen tutkimuksen n\u00e4k\u00f6kulmia ja kirjoittamisentapoja 18. marraskuuta 2026, klo 12\u201318, It\u00e4-Suomen yliopisto, Joensuu Kirjoitusty\u00f6pajaan ovat tervetulleita erityisesti uransa alkuvaiheessa olevat tutkijat, jotka ty\u00f6st\u00e4v\u00e4t tutkimusartikkeleitaan kohti julkaisua. P\u00e4iv\u00e4 koostuu aktivistiseen tutkimukseen ja kirjoittamiseen keskittyv\u00e4st\u00e4 luento-osuudesta sek\u00e4 suljetusta artikkelity\u00f6pajasta. Luento-osuuden klo 12\u201314 ohjelma: Matilda Arvidsson (G\u00f6teborgin yliopisto): Gendered Violence: Gardens, Inter-Species and Intergenerational Alliances of Care and [&hellip;]\" \/>\n<meta property=\"og:url\" content=\"https:\/\/sites.uef.fi\/sukupuolentutkimus-2026\/sukupuolentutkimus-genusforskning-lehden-kirjoitustyopaja\/\" \/>\n<meta property=\"og:site_name\" content=\"Sukupuolentutkimuksen p\u00e4iv\u00e4t 2026\" \/>\n<meta property=\"article:modified_time\" content=\"2026-04-16T17:00:16+00:00\" \/>\n<meta name=\"twitter:card\" content=\"summary_large_image\" \/>\n<meta name=\"twitter:label1\" content=\"Arvioitu lukuaika\" \/>\n\t<meta name=\"twitter:data1\" content=\"2 minuuttia\" \/>\n<script type=\"application\/ld+json\" class=\"yoast-schema-graph\">{\"@context\":\"https:\/\/schema.org\",\"@graph\":[{\"@type\":\"WebPage\",\"@id\":\"https:\/\/sites.uef.fi\/sukupuolentutkimus-2026\/sukupuolentutkimus-genusforskning-lehden-kirjoitustyopaja\/\",\"url\":\"https:\/\/sites.uef.fi\/sukupuolentutkimus-2026\/sukupuolentutkimus-genusforskning-lehden-kirjoitustyopaja\/\",\"name\":\"Sukupuolentutkimus-Genusforskning-lehden kirjoitusty\u00f6paja - Sukupuolentutkimuksen p\u00e4iv\u00e4t 2026\",\"isPartOf\":{\"@id\":\"https:\/\/sites.uef.fi\/sukupuolentutkimus-2026\/#website\"},\"datePublished\":\"2026-04-16T15:52:10+00:00\",\"dateModified\":\"2026-04-16T17:00:16+00:00\",\"breadcrumb\":{\"@id\":\"https:\/\/sites.uef.fi\/sukupuolentutkimus-2026\/sukupuolentutkimus-genusforskning-lehden-kirjoitustyopaja\/#breadcrumb\"},\"inLanguage\":\"fi\",\"potentialAction\":[{\"@type\":\"ReadAction\",\"target\":[\"https:\/\/sites.uef.fi\/sukupuolentutkimus-2026\/sukupuolentutkimus-genusforskning-lehden-kirjoitustyopaja\/\"]}]},{\"@type\":\"BreadcrumbList\",\"@id\":\"https:\/\/sites.uef.fi\/sukupuolentutkimus-2026\/sukupuolentutkimus-genusforskning-lehden-kirjoitustyopaja\/#breadcrumb\",\"itemListElement\":[{\"@type\":\"ListItem\",\"position\":1,\"name\":\"Etusivu\",\"item\":\"https:\/\/sites.uef.fi\/sukupuolentutkimus-2026\/\"},{\"@type\":\"ListItem\",\"position\":2,\"name\":\"Sukupuolentutkimus-Genusforskning-lehden kirjoitusty\u00f6paja\"}]},{\"@type\":\"WebSite\",\"@id\":\"https:\/\/sites.uef.fi\/sukupuolentutkimus-2026\/#website\",\"url\":\"https:\/\/sites.uef.fi\/sukupuolentutkimus-2026\/\",\"name\":\"Sukupuolentutkimuksen p\u00e4iv\u00e4t 2026\",\"description\":\"\",\"potentialAction\":[{\"@type\":\"SearchAction\",\"target\":{\"@type\":\"EntryPoint\",\"urlTemplate\":\"https:\/\/sites.uef.fi\/sukupuolentutkimus-2026\/?s={search_term_string}\"},\"query-input\":{\"@type\":\"PropertyValueSpecification\",\"valueRequired\":true,\"valueName\":\"search_term_string\"}}],\"inLanguage\":\"fi\"}]}<\/script>\n<!-- \/ Yoast SEO plugin. -->","yoast_head_json":{"title":"Sukupuolentutkimus-Genusforskning-lehden kirjoitusty\u00f6paja - Sukupuolentutkimuksen p\u00e4iv\u00e4t 2026","robots":{"index":"index","follow":"follow","max-snippet":"max-snippet:-1","max-image-preview":"max-image-preview:large","max-video-preview":"max-video-preview:-1"},"canonical":"https:\/\/sites.uef.fi\/sukupuolentutkimus-2026\/sukupuolentutkimus-genusforskning-lehden-kirjoitustyopaja\/","og_locale":"fi_FI","og_type":"article","og_title":"Sukupuolentutkimus-Genusforskning-lehden kirjoitusty\u00f6paja - Sukupuolentutkimuksen p\u00e4iv\u00e4t 2026","og_description":"Aktivistisen tutkimuksen n\u00e4k\u00f6kulmia ja kirjoittamisentapoja 18. marraskuuta 2026, klo 12\u201318, It\u00e4-Suomen yliopisto, Joensuu Kirjoitusty\u00f6pajaan ovat tervetulleita erityisesti uransa alkuvaiheessa olevat tutkijat, jotka ty\u00f6st\u00e4v\u00e4t tutkimusartikkeleitaan kohti julkaisua. P\u00e4iv\u00e4 koostuu aktivistiseen tutkimukseen ja kirjoittamiseen keskittyv\u00e4st\u00e4 luento-osuudesta sek\u00e4 suljetusta artikkelity\u00f6pajasta. Luento-osuuden klo 12\u201314 ohjelma: Matilda Arvidsson (G\u00f6teborgin yliopisto): Gendered Violence: Gardens, Inter-Species and Intergenerational Alliances of Care and [&hellip;]","og_url":"https:\/\/sites.uef.fi\/sukupuolentutkimus-2026\/sukupuolentutkimus-genusforskning-lehden-kirjoitustyopaja\/","og_site_name":"Sukupuolentutkimuksen p\u00e4iv\u00e4t 2026","article_modified_time":"2026-04-16T17:00:16+00:00","twitter_card":"summary_large_image","twitter_misc":{"Arvioitu lukuaika":"2 minuuttia"},"schema":{"@context":"https:\/\/schema.org","@graph":[{"@type":"WebPage","@id":"https:\/\/sites.uef.fi\/sukupuolentutkimus-2026\/sukupuolentutkimus-genusforskning-lehden-kirjoitustyopaja\/","url":"https:\/\/sites.uef.fi\/sukupuolentutkimus-2026\/sukupuolentutkimus-genusforskning-lehden-kirjoitustyopaja\/","name":"Sukupuolentutkimus-Genusforskning-lehden kirjoitusty\u00f6paja - Sukupuolentutkimuksen p\u00e4iv\u00e4t 2026","isPartOf":{"@id":"https:\/\/sites.uef.fi\/sukupuolentutkimus-2026\/#website"},"datePublished":"2026-04-16T15:52:10+00:00","dateModified":"2026-04-16T17:00:16+00:00","breadcrumb":{"@id":"https:\/\/sites.uef.fi\/sukupuolentutkimus-2026\/sukupuolentutkimus-genusforskning-lehden-kirjoitustyopaja\/#breadcrumb"},"inLanguage":"fi","potentialAction":[{"@type":"ReadAction","target":["https:\/\/sites.uef.fi\/sukupuolentutkimus-2026\/sukupuolentutkimus-genusforskning-lehden-kirjoitustyopaja\/"]}]},{"@type":"BreadcrumbList","@id":"https:\/\/sites.uef.fi\/sukupuolentutkimus-2026\/sukupuolentutkimus-genusforskning-lehden-kirjoitustyopaja\/#breadcrumb","itemListElement":[{"@type":"ListItem","position":1,"name":"Etusivu","item":"https:\/\/sites.uef.fi\/sukupuolentutkimus-2026\/"},{"@type":"ListItem","position":2,"name":"Sukupuolentutkimus-Genusforskning-lehden kirjoitusty\u00f6paja"}]},{"@type":"WebSite","@id":"https:\/\/sites.uef.fi\/sukupuolentutkimus-2026\/#website","url":"https:\/\/sites.uef.fi\/sukupuolentutkimus-2026\/","name":"Sukupuolentutkimuksen p\u00e4iv\u00e4t 2026","description":"","potentialAction":[{"@type":"SearchAction","target":{"@type":"EntryPoint","urlTemplate":"https:\/\/sites.uef.fi\/sukupuolentutkimus-2026\/?s={search_term_string}"},"query-input":{"@type":"PropertyValueSpecification","valueRequired":true,"valueName":"search_term_string"}}],"inLanguage":"fi"}]}},"_links":{"self":[{"href":"https:\/\/sites.uef.fi\/sukupuolentutkimus-2026\/wp-json\/wp\/v2\/pages\/173","targetHints":{"allow":["GET"]}}],"collection":[{"href":"https:\/\/sites.uef.fi\/sukupuolentutkimus-2026\/wp-json\/wp\/v2\/pages"}],"about":[{"href":"https:\/\/sites.uef.fi\/sukupuolentutkimus-2026\/wp-json\/wp\/v2\/types\/page"}],"author":[{"embeddable":true,"href":"https:\/\/sites.uef.fi\/sukupuolentutkimus-2026\/wp-json\/wp\/v2\/users\/1048"}],"replies":[{"embeddable":true,"href":"https:\/\/sites.uef.fi\/sukupuolentutkimus-2026\/wp-json\/wp\/v2\/comments?post=173"}],"version-history":[{"count":1,"href":"https:\/\/sites.uef.fi\/sukupuolentutkimus-2026\/wp-json\/wp\/v2\/pages\/173\/revisions"}],"predecessor-version":[{"id":306,"href":"https:\/\/sites.uef.fi\/sukupuolentutkimus-2026\/wp-json\/wp\/v2\/pages\/173\/revisions\/306"}],"wp:attachment":[{"href":"https:\/\/sites.uef.fi\/sukupuolentutkimus-2026\/wp-json\/wp\/v2\/media?parent=173"}],"curies":[{"name":"wp","href":"https:\/\/api.w.org\/{rel}","templated":true}]}}