{"id":80,"date":"2026-01-27T13:50:49","date_gmt":"2026-01-27T11:50:49","guid":{"rendered":"https:\/\/sites.uef.fi\/sukupuolentutkimus-2026\/?page_id=80"},"modified":"2026-04-17T12:12:16","modified_gmt":"2026-04-17T09:12:16","slug":"etusivu","status":"publish","type":"page","link":"https:\/\/sites.uef.fi\/sukupuolentutkimus-2026\/","title":{"rendered":"etusivu"},"content":{"rendered":"\n\n\n<p><\/p>\n\n\n\n<h5 class=\"wp-block-heading\">It\u00e4-Suomen yliopisto, Joensuu | 19.\u201320.11.2026<\/h5>\n\n\n\n<p>Sukupuolentutkimuksen p\u00e4ivi\u00e4 on valitettavasti jouduttu siirt\u00e4m\u00e4\u00e4n, koska Joensuun majoituskapasiteetti on 26.\u201329.11.2026 pitk\u00e4lti Kontiolahden ampumahiihdon maailmancupin k\u00e4yt\u00f6ss\u00e4. <strong><strong>Sukupuolentutkimuksen p\u00e4ivien uusi ajankohta on 19.\u201320.11.2026. <\/strong><\/strong>Konferenssia edelt\u00e4v\u00e4 kirjoitusty\u00f6paja ja yleis\u00f6tilaisuus j\u00e4rjestet\u00e4\u00e4n 18.11.2026. Pahoittelemme muutoksesta aiheutuvaa vaivaa.<\/p>\n\n\n\n<p>Vuoden 2026 Sukupuolentutkimuksen p\u00e4iv\u00e4t kutsuu tarkastelemaan oikeuksia ja v\u00e4\u00e4ryyksi\u00e4 sek\u00e4 niihin liittyv\u00e4\u00e4 vastarintaa. Konferenssin teema Oikein \u2013 nurin haastaa yht\u00e4\u00e4lt\u00e4 pohtimaan oikeuksien saavuttamista, m\u00e4\u00e4rittelemist\u00e4 ja muuntumista ja toisaalta oikeuden nurjaa puolta: ep\u00e4oikeudenmukaisuutta, oikeuksien rajaamista ja v\u00e4\u00e4ryyden kokemuksia. Feministisess\u00e4 perinteess\u00e4 nurin tekeminen tai katsominen ovat kuitenkin my\u00f6s keinoja tuoda esiin ja purkaa ep\u00e4kohtia eli nousta vastarintaan. Sukupuolentutkimuksen p\u00e4ivill\u00e4 kysyt\u00e4\u00e4n, millaisia oikeuksien, v\u00e4\u00e4ryyksien ja vastarinnan kudelmia yhteiskunnassa ja kulttuurissa tunnistetaan, miten niiden kaavamaisuuksia toistetaan ja puretaan ja miten ymm\u00e4rret\u00e4\u00e4n se, mik\u00e4 on oikein ja mik\u00e4 \u201dnurin\u201d.<\/p>\n\n\n\n<p><strong><strong>Kutsumme konferenssiin esitelm\u00e4abstrakteja 20.5.2026 menness\u00e4<\/strong>. \/ We invite presentation proposals for the conference by 20th May 2026<\/strong>.<\/p>\n\n\n\n<p>Katso lis\u00e4tiedot Ty\u00f6ryhm\u00e4t-sivulta.<\/p>\n\n\n\n<p><strong>For information in English, please visit <a href=\"https:\/\/sites.uef.fi\/sukupuolentutkimus-2026\/?lang=en\" id=\"https:\/\/sites.uef.fi\/sukupuolentutkimus-2026\/?lang=en\">here<\/a>.<\/strong><\/p>\n\n\n\n<p><br><\/p>\n\n\n\n<h5 class=\"wp-block-heading\">Karjalakse:<\/h5>\n\n\n\n<h2 class=\"wp-block-heading\"><bdo lang=\"olo\" dir=\"ltr\">Sugupuolentutkimuksen p\u00e4iv\u00e4t 2026<br>Oigieh \u2013 muurin: oigevuot, vi\u00e4ry\u00f6t da vasturindu<\/bdo><\/h2>\n\n\n\n<h5 class=\"wp-block-heading\"><bdo lang=\"olo\" dir=\"ltr\">P\u00e4iv\u00e4nnouzu-Suomen yliopisto, Joensuu | 19.\u201320.11.2026<\/bdo><\/h5>\n\n\n\n<p><bdo lang=\"olo\" dir=\"ltr\">Vuvven 2026 Sugupuolentutkimuksen p\u00e4iv\u00e4t ku\u010d\u010duu ka\u010d\u010delemah oigevuksii da vi\u00e4ryksii sego niil\u00f6ih liittyji\u00e4 vasturindua. Sugupuolentutkimuksen opastusainehen da Oigevustiijon laitoksen yhtehizenny ruavonnu organizuitun konferencien tiemu Oigieh \u2013 muurin kehoittau duumaimah yksielp\u00e4i oigevuksien tavoitandua, mi\u00e4rit\u00e4ndi\u00e4 da muutundua, ga toizielp\u00e4i oigevuksien muurinastu puoldu: eb\u00e4oigevuonmuga\u017euttu, oigevuksien rajoitandua da vi\u00e4ry\u00f6n kogemuksii. Feministizes perind\u00f6s muurin luajindu da ka\u010dondu ollah yksikai se\u017eo taboi tuvva n\u00e4g\u00f6vih da purgua eb\u00e4kohtii libo nosta vasturindah. Sugupuolentutkimuksen p\u00e4ivil kyzyt\u00e4h, mittumii oigevuksien, vi\u00e4ryksien da vasturinnan kuvelmoi yhtehiskunnas da kul\u2019tuuras tunnistetah, kui niil\u00f6in kuavalli\u017euksii toistetah da purretah sego kui ellendet\u00e4h se, mi on oigieh da mi \u201dmuurin\u201d.<\/bdo><\/p>\n\n\n\n<h4 class=\"wp-block-heading\">J\u00e4rjest\u00e4j\u00e4t:<\/h4>\n\n\n\n<p>Sukupuolentutkimuksen seura<\/p>\n\n\n\n<p>Humanistinen osasto, kulttuurintutkimus ja sukupuolentutkimus (It\u00e4-Suomen yliopisto)<\/p>\n\n\n\n<p>Oikeustieteiden laitos (It\u00e4-Suomen yliopisto)<\/p>\n\n\n\n<p>Sukupuolentutkimuksen verkosto SUVEF (It\u00e4-Suomen yliopisto)<\/p>\n","protected":false},"excerpt":{"rendered":"<p>It\u00e4-Suomen yliopisto, Joensuu | 19.\u201320.11.2026 Sukupuolentutkimuksen p\u00e4ivi\u00e4 on valitettavasti jouduttu siirt\u00e4m\u00e4\u00e4n, koska Joensuun majoituskapasiteetti on 26.\u201329.11.2026 pitk\u00e4lti Kontiolahden ampumahiihdon maailmancupin k\u00e4yt\u00f6ss\u00e4. Sukupuolentutkimuksen p\u00e4ivien uusi ajankohta on 19.\u201320.11.2026. Konferenssia edelt\u00e4v\u00e4 kirjoitusty\u00f6paja ja yleis\u00f6tilaisuus j\u00e4rjestet\u00e4\u00e4n 18.11.2026. Pahoittelemme muutoksesta aiheutuvaa vaivaa. Vuoden 2026 Sukupuolentutkimuksen p\u00e4iv\u00e4t kutsuu tarkastelemaan oikeuksia ja v\u00e4\u00e4ryyksi\u00e4 sek\u00e4 niihin liittyv\u00e4\u00e4 vastarintaa. Konferenssin teema Oikein \u2013 [&hellip;]<\/p>\n","protected":false},"author":966,"featured_media":89,"parent":0,"menu_order":0,"comment_status":"closed","ping_status":"closed","template":"","meta":{"_acf_changed":false,"footnotes":""},"class_list":["post-80","page","type-page","status-publish","has-post-thumbnail","hentry"],"acf":[],"yoast_head":"<!-- This site is optimized with the Yoast SEO plugin v27.1.1 - https:\/\/yoast.com\/product\/yoast-seo-wordpress\/ -->\n<title>etusivu - Sukupuolentutkimuksen p\u00e4iv\u00e4t 2026<\/title>\n<meta name=\"robots\" content=\"index, follow, max-snippet:-1, max-image-preview:large, max-video-preview:-1\" \/>\n<link rel=\"canonical\" href=\"https:\/\/sites.uef.fi\/sukupuolentutkimus-2026\/\" \/>\n<meta property=\"og:locale\" content=\"fi_FI\" \/>\n<meta property=\"og:type\" content=\"article\" \/>\n<meta property=\"og:title\" content=\"etusivu - Sukupuolentutkimuksen p\u00e4iv\u00e4t 2026\" \/>\n<meta property=\"og:description\" content=\"It\u00e4-Suomen yliopisto, Joensuu | 19.\u201320.11.2026 Sukupuolentutkimuksen p\u00e4ivi\u00e4 on valitettavasti jouduttu siirt\u00e4m\u00e4\u00e4n, koska Joensuun majoituskapasiteetti on 26.\u201329.11.2026 pitk\u00e4lti Kontiolahden ampumahiihdon maailmancupin k\u00e4yt\u00f6ss\u00e4. Sukupuolentutkimuksen p\u00e4ivien uusi ajankohta on 19.\u201320.11.2026. Konferenssia edelt\u00e4v\u00e4 kirjoitusty\u00f6paja ja yleis\u00f6tilaisuus j\u00e4rjestet\u00e4\u00e4n 18.11.2026. Pahoittelemme muutoksesta aiheutuvaa vaivaa. Vuoden 2026 Sukupuolentutkimuksen p\u00e4iv\u00e4t kutsuu tarkastelemaan oikeuksia ja v\u00e4\u00e4ryyksi\u00e4 sek\u00e4 niihin liittyv\u00e4\u00e4 vastarintaa. Konferenssin teema Oikein \u2013 [&hellip;]\" \/>\n<meta property=\"og:url\" content=\"https:\/\/sites.uef.fi\/sukupuolentutkimus-2026\/\" \/>\n<meta property=\"og:site_name\" content=\"Sukupuolentutkimuksen p\u00e4iv\u00e4t 2026\" \/>\n<meta property=\"article:modified_time\" content=\"2026-04-17T09:12:16+00:00\" \/>\n<meta property=\"og:image\" content=\"https:\/\/sites.uef.fi\/sukupuolentutkimus-2026\/wp-content\/uploads\/sites\/570\/2026\/01\/mp6722703-colorful-turkish-yarn-scaled.jpg\" \/>\n\t<meta property=\"og:image:width\" content=\"2560\" \/>\n\t<meta property=\"og:image:height\" content=\"1707\" \/>\n\t<meta property=\"og:image:type\" content=\"image\/jpeg\" \/>\n<meta name=\"twitter:card\" content=\"summary_large_image\" \/>\n<meta name=\"twitter:label1\" content=\"Arvioitu lukuaika\" \/>\n\t<meta name=\"twitter:data1\" content=\"3 minuuttia\" \/>\n<script type=\"application\/ld+json\" class=\"yoast-schema-graph\">{\"@context\":\"https:\/\/schema.org\",\"@graph\":[{\"@type\":\"WebPage\",\"@id\":\"https:\/\/sites.uef.fi\/sukupuolentutkimus-2026\/\",\"url\":\"https:\/\/sites.uef.fi\/sukupuolentutkimus-2026\/\",\"name\":\"etusivu - Sukupuolentutkimuksen p\u00e4iv\u00e4t 2026\",\"isPartOf\":{\"@id\":\"https:\/\/sites.uef.fi\/sukupuolentutkimus-2026\/#website\"},\"primaryImageOfPage\":{\"@id\":\"https:\/\/sites.uef.fi\/sukupuolentutkimus-2026\/#primaryimage\"},\"image\":{\"@id\":\"https:\/\/sites.uef.fi\/sukupuolentutkimus-2026\/#primaryimage\"},\"thumbnailUrl\":\"https:\/\/sites.uef.fi\/sukupuolentutkimus-2026\/wp-content\/uploads\/sites\/570\/2026\/01\/mp6722703-colorful-turkish-yarn-scaled.jpg\",\"datePublished\":\"2026-01-27T11:50:49+00:00\",\"dateModified\":\"2026-04-17T09:12:16+00:00\",\"breadcrumb\":{\"@id\":\"https:\/\/sites.uef.fi\/sukupuolentutkimus-2026\/#breadcrumb\"},\"inLanguage\":\"fi\",\"potentialAction\":[{\"@type\":\"ReadAction\",\"target\":[\"https:\/\/sites.uef.fi\/sukupuolentutkimus-2026\/\"]}]},{\"@type\":\"ImageObject\",\"inLanguage\":\"fi\",\"@id\":\"https:\/\/sites.uef.fi\/sukupuolentutkimus-2026\/#primaryimage\",\"url\":\"https:\/\/sites.uef.fi\/sukupuolentutkimus-2026\/wp-content\/uploads\/sites\/570\/2026\/01\/mp6722703-colorful-turkish-yarn-scaled.jpg\",\"contentUrl\":\"https:\/\/sites.uef.fi\/sukupuolentutkimus-2026\/wp-content\/uploads\/sites\/570\/2026\/01\/mp6722703-colorful-turkish-yarn-scaled.jpg\",\"width\":2560,\"height\":1707,\"caption\":\"Detail of colorful Turkish yarn\"},{\"@type\":\"BreadcrumbList\",\"@id\":\"https:\/\/sites.uef.fi\/sukupuolentutkimus-2026\/#breadcrumb\",\"itemListElement\":[{\"@type\":\"ListItem\",\"position\":1,\"name\":\"Etusivu\",\"item\":\"https:\/\/sites.uef.fi\/sukupuolentutkimus-2026\/\"},{\"@type\":\"ListItem\",\"position\":2,\"name\":\"etusivu\"}]},{\"@type\":\"WebSite\",\"@id\":\"https:\/\/sites.uef.fi\/sukupuolentutkimus-2026\/#website\",\"url\":\"https:\/\/sites.uef.fi\/sukupuolentutkimus-2026\/\",\"name\":\"Sukupuolentutkimuksen p\u00e4iv\u00e4t 2026\",\"description\":\"\",\"potentialAction\":[{\"@type\":\"SearchAction\",\"target\":{\"@type\":\"EntryPoint\",\"urlTemplate\":\"https:\/\/sites.uef.fi\/sukupuolentutkimus-2026\/?s={search_term_string}\"},\"query-input\":{\"@type\":\"PropertyValueSpecification\",\"valueRequired\":true,\"valueName\":\"search_term_string\"}}],\"inLanguage\":\"fi\"}]}<\/script>\n<!-- \/ Yoast SEO plugin. -->","yoast_head_json":{"title":"etusivu - Sukupuolentutkimuksen p\u00e4iv\u00e4t 2026","robots":{"index":"index","follow":"follow","max-snippet":"max-snippet:-1","max-image-preview":"max-image-preview:large","max-video-preview":"max-video-preview:-1"},"canonical":"https:\/\/sites.uef.fi\/sukupuolentutkimus-2026\/","og_locale":"fi_FI","og_type":"article","og_title":"etusivu - Sukupuolentutkimuksen p\u00e4iv\u00e4t 2026","og_description":"It\u00e4-Suomen yliopisto, Joensuu | 19.\u201320.11.2026 Sukupuolentutkimuksen p\u00e4ivi\u00e4 on valitettavasti jouduttu siirt\u00e4m\u00e4\u00e4n, koska Joensuun majoituskapasiteetti on 26.\u201329.11.2026 pitk\u00e4lti Kontiolahden ampumahiihdon maailmancupin k\u00e4yt\u00f6ss\u00e4. Sukupuolentutkimuksen p\u00e4ivien uusi ajankohta on 19.\u201320.11.2026. Konferenssia edelt\u00e4v\u00e4 kirjoitusty\u00f6paja ja yleis\u00f6tilaisuus j\u00e4rjestet\u00e4\u00e4n 18.11.2026. Pahoittelemme muutoksesta aiheutuvaa vaivaa. Vuoden 2026 Sukupuolentutkimuksen p\u00e4iv\u00e4t kutsuu tarkastelemaan oikeuksia ja v\u00e4\u00e4ryyksi\u00e4 sek\u00e4 niihin liittyv\u00e4\u00e4 vastarintaa. Konferenssin teema Oikein \u2013 [&hellip;]","og_url":"https:\/\/sites.uef.fi\/sukupuolentutkimus-2026\/","og_site_name":"Sukupuolentutkimuksen p\u00e4iv\u00e4t 2026","article_modified_time":"2026-04-17T09:12:16+00:00","og_image":[{"width":2560,"height":1707,"url":"https:\/\/sites.uef.fi\/sukupuolentutkimus-2026\/wp-content\/uploads\/sites\/570\/2026\/01\/mp6722703-colorful-turkish-yarn-scaled.jpg","type":"image\/jpeg"}],"twitter_card":"summary_large_image","twitter_misc":{"Arvioitu lukuaika":"3 minuuttia"},"schema":{"@context":"https:\/\/schema.org","@graph":[{"@type":"WebPage","@id":"https:\/\/sites.uef.fi\/sukupuolentutkimus-2026\/","url":"https:\/\/sites.uef.fi\/sukupuolentutkimus-2026\/","name":"etusivu - Sukupuolentutkimuksen p\u00e4iv\u00e4t 2026","isPartOf":{"@id":"https:\/\/sites.uef.fi\/sukupuolentutkimus-2026\/#website"},"primaryImageOfPage":{"@id":"https:\/\/sites.uef.fi\/sukupuolentutkimus-2026\/#primaryimage"},"image":{"@id":"https:\/\/sites.uef.fi\/sukupuolentutkimus-2026\/#primaryimage"},"thumbnailUrl":"https:\/\/sites.uef.fi\/sukupuolentutkimus-2026\/wp-content\/uploads\/sites\/570\/2026\/01\/mp6722703-colorful-turkish-yarn-scaled.jpg","datePublished":"2026-01-27T11:50:49+00:00","dateModified":"2026-04-17T09:12:16+00:00","breadcrumb":{"@id":"https:\/\/sites.uef.fi\/sukupuolentutkimus-2026\/#breadcrumb"},"inLanguage":"fi","potentialAction":[{"@type":"ReadAction","target":["https:\/\/sites.uef.fi\/sukupuolentutkimus-2026\/"]}]},{"@type":"ImageObject","inLanguage":"fi","@id":"https:\/\/sites.uef.fi\/sukupuolentutkimus-2026\/#primaryimage","url":"https:\/\/sites.uef.fi\/sukupuolentutkimus-2026\/wp-content\/uploads\/sites\/570\/2026\/01\/mp6722703-colorful-turkish-yarn-scaled.jpg","contentUrl":"https:\/\/sites.uef.fi\/sukupuolentutkimus-2026\/wp-content\/uploads\/sites\/570\/2026\/01\/mp6722703-colorful-turkish-yarn-scaled.jpg","width":2560,"height":1707,"caption":"Detail of colorful Turkish yarn"},{"@type":"BreadcrumbList","@id":"https:\/\/sites.uef.fi\/sukupuolentutkimus-2026\/#breadcrumb","itemListElement":[{"@type":"ListItem","position":1,"name":"Etusivu","item":"https:\/\/sites.uef.fi\/sukupuolentutkimus-2026\/"},{"@type":"ListItem","position":2,"name":"etusivu"}]},{"@type":"WebSite","@id":"https:\/\/sites.uef.fi\/sukupuolentutkimus-2026\/#website","url":"https:\/\/sites.uef.fi\/sukupuolentutkimus-2026\/","name":"Sukupuolentutkimuksen p\u00e4iv\u00e4t 2026","description":"","potentialAction":[{"@type":"SearchAction","target":{"@type":"EntryPoint","urlTemplate":"https:\/\/sites.uef.fi\/sukupuolentutkimus-2026\/?s={search_term_string}"},"query-input":{"@type":"PropertyValueSpecification","valueRequired":true,"valueName":"search_term_string"}}],"inLanguage":"fi"}]}},"_links":{"self":[{"href":"https:\/\/sites.uef.fi\/sukupuolentutkimus-2026\/wp-json\/wp\/v2\/pages\/80","targetHints":{"allow":["GET"]}}],"collection":[{"href":"https:\/\/sites.uef.fi\/sukupuolentutkimus-2026\/wp-json\/wp\/v2\/pages"}],"about":[{"href":"https:\/\/sites.uef.fi\/sukupuolentutkimus-2026\/wp-json\/wp\/v2\/types\/page"}],"author":[{"embeddable":true,"href":"https:\/\/sites.uef.fi\/sukupuolentutkimus-2026\/wp-json\/wp\/v2\/users\/966"}],"replies":[{"embeddable":true,"href":"https:\/\/sites.uef.fi\/sukupuolentutkimus-2026\/wp-json\/wp\/v2\/comments?post=80"}],"version-history":[{"count":1,"href":"https:\/\/sites.uef.fi\/sukupuolentutkimus-2026\/wp-json\/wp\/v2\/pages\/80\/revisions"}],"predecessor-version":[{"id":311,"href":"https:\/\/sites.uef.fi\/sukupuolentutkimus-2026\/wp-json\/wp\/v2\/pages\/80\/revisions\/311"}],"wp:featuredmedia":[{"embeddable":true,"href":"https:\/\/sites.uef.fi\/sukupuolentutkimus-2026\/wp-json\/wp\/v2\/media\/89"}],"wp:attachment":[{"href":"https:\/\/sites.uef.fi\/sukupuolentutkimus-2026\/wp-json\/wp\/v2\/media?parent=80"}],"curies":[{"name":"wp","href":"https:\/\/api.w.org\/{rel}","templated":true}]}}