{"id":1021,"date":"2025-09-22T15:57:45","date_gmt":"2025-09-22T13:57:45","guid":{"rendered":"https:\/\/sites.uef.fi\/sustra\/?page_id=1021"},"modified":"2026-03-30T13:00:49","modified_gmt":"2026-03-30T11:00:49","slug":"sopuli-kurssi","status":"publish","type":"page","link":"https:\/\/sites.uef.fi\/sustra\/sopuli-kurssi\/","title":{"rendered":"Tohtorikurssi &#8221;Sopuli&#8221;"},"content":{"rendered":"\n<p>Kest\u00e4v\u00e4 kehitys on aikamme v\u00e4ltt\u00e4m\u00e4tt\u00f6myys. Kest\u00e4vyysmurros-tohtoripilotti (SusTra) tarjosi kaikille mahdollisuuden osallistua avoimille Studia Generalia -luennoille syksyll\u00e4 2025. Alan parhaat asiantuntijat tarjosivat luentosarjan, jossa pureudutaan vaativiin kest\u00e4vyyshaasteisiin. Nelj\u00e4toista verkkoluentoa englannin kielell\u00e4 tarjoavat mielenkiintoisia ja innostavia n\u00e4kemyksi\u00e4 kest\u00e4v\u00e4n el\u00e4m\u00e4n ja yhteiskunnan luomisesta eri aloilla. Luentosarjassa k\u00e4sitell\u00e4\u00e4n yhteiskunnan eri osa-alueita, kuten ty\u00f6t\u00e4, liiketoimintaa, johtajuutta, hallintoa, lains\u00e4\u00e4d\u00e4nt\u00f6\u00e4, sosiaalista mielikuvitusta, hyvinvointia ja koulutusta.<\/p>\n\n\n\n<p>N\u00e4m\u00e4 Studia Generalia -luennot perustuvat kymmenen yliopiston ja Suomen ymp\u00e4rist\u00f6keskuksen (Syke) yhteisty\u00f6ss\u00e4 j\u00e4rjest\u00e4m\u00e4\u00e4n Kest\u00e4vyysmurros-tohtoripilotti SusTran Sopuli-tohtorikurssiin &#8221;Basics for Sustainability Transformations&#8221;.<\/p>\n\n\n\n<h2 class=\"wp-block-heading\">Sopuli-\u200bkurssin avoimet verkkoluennot &#8211; <em>Basics for Sustainability Transformations<\/em><\/h2>\n\n\n\n<p><a href=\"https:\/\/www.uef.fi\/fi\/artikkeli\/alan-parhailta-asiantuntijoilta-kokonaisvaltainen-katsaus-kestavyysmurrokseen-avoin-luentosarja-ja\">Kurssin luennot<\/a> j\u00e4rjestettiin verkossa syksyn 2025 aikana, avoimina kaikille aiheista kiinnostuneille. Luentojen kieli on englanti. <strong>Luentojen taltioinnit on julkaistu <a href=\"https:\/\/sites.uef.fi\/sustra\/sopuli-course\/?lang=en\">Sopuli-kurssin englanninkielisell\u00e4 sivulla<\/a>. <\/strong><\/p>\n\n\n\n<ul class=\"wp-block-list\">\n<li>Ma 8.9.&nbsp;<a href=\"https:\/\/www.lut.fi\/fi\/profiilit\/jarkko-levanen\">Jarkko Lev\u00e4nen<\/a>, LUT-yliopisto: What is sustainability science?<\/li>\n\n\n\n<li>To 11.9.&nbsp;<a href=\"https:\/\/www.utu.fi\/fi\/ihmiset\/ilari-saaksjarvi\">Ilari S\u00e4\u00e4ksj\u00e4rvi<\/a>, Turun yliopisto: Biodiversity as a basis of life on Earth<\/li>\n\n\n\n<li>Ma 15.9.&nbsp;<a href=\"https:\/\/www.oulu.fi\/fi\/tutkijat\/jouni-j-k-jaakkola\">Jouni Jaakkola<\/a>, Oulun yliopisto: What is planetary health?<\/li>\n\n\n\n<li>To 18.9.&nbsp;<a href=\"https:\/\/www.aalto.fi\/fi\/ihmiset\/minna-halme\">Minna Halme<\/a>, Aalto-yliopisto: Sustainability in business in the context of societal sustainability transformation<\/li>\n\n\n\n<li>Ma 22.9.&nbsp;<a href=\"https:\/\/www.tuni.fi\/fi\/ihmiset\/leena-aarikka-stenroos\">Leena Aarikka-Stenroos<\/a>, Tampereen yliopisto: From linear to circular economy: Circular, low carbon business perspective<\/li>\n\n\n\n<li>To 25.9.&nbsp;<a href=\"https:\/\/uefconnect.uef.fi\/teemu.koskimaki\/\">Teemu Koskim\u00e4ki<\/a>, It\u00e4-Suomen yliopisto: &nbsp;Ecological economics: Sustainable development within just planetary boundaries<\/li>\n\n\n\n<li>Ma 29.9.&nbsp;<a href=\"https:\/\/uefconnect.uef.fi\/niko.soininen\/\">Niko Soininen<\/a>, It\u00e4-Suomen yliopisto: Roles of law in sustainability transformation<\/li>\n\n\n\n<li>Ma 20.10.&nbsp;<a href=\"https:\/\/www.jyu.fi\/fi\/henkilot\/hannu-heikkinen\">Hannu L.T. Heikkinen<\/a>, Jyv\u00e4skyl\u00e4n yliopisto: Education for Sustainability Transformation<\/li>\n\n\n\n<li>To 23.10. Luento siirretty pidett\u00e4v\u00e4ksi 24.11.<\/li>\n\n\n\n<li>To 6.11.&nbsp;<a href=\"https:\/\/www.utu.fi\/fi\/ihmiset\/katriina-siivonen\">Katriina Siivonen<\/a>, Turun yliopisto: Cultural Sustainability Transformation<\/li>\n\n\n\n<li>Ma 10.11.&nbsp;<a href=\"https:\/\/researchportal.helsinki.fi\/fi\/persons\/reetta-toivanen\">Reetta Toivanen<\/a>, Helsingin yliopisto: Indigenous perspectives to Sustainability Sciences<\/li>\n\n\n\n<li>To 13.11.&nbsp;<a href=\"https:\/\/uefconnect.uef.fi\/irmeli.mustalahti\/\">Irmeli Mustalahti<\/a>, It\u00e4-Suomen yliopisto: Environmental collaboration in sustainability transformation<\/li>\n\n\n\n<li>Ma 17.11.&nbsp;<a href=\"https:\/\/research.ulapland.fi\/fi\/persons\/maria-huhmarniemi\">Maria Huhmarniemi<\/a>, Lapin yliopisto: Action research for sustainable culture<\/li>\n\n\n\n<li>To 20.11.&nbsp;<a href=\"https:\/\/www.syke.fi\/fi\/asiantuntijat\/riikka-paloniemi\">Riikka Paloniemi<\/a>, Suomen ymp\u00e4rist\u00f6keskus (Syke): Just transformation and citizens\u2019 behavioral change in society<\/li>\n\n\n\n<li>Ma 24.11.&nbsp;<a href=\"https:\/\/research.ulapland.fi\/fi\/persons\/ilkka-ratinen\">Ilkka Ratinen<\/a>, Lapin yliopisto: Competency-based sustainability transformations<\/li>\n<\/ul>\n\n\n\n<p><\/p>\n\n\n\n<h2 class=\"wp-block-heading\">Sopuli-tohtorikurssin suorittaminen v\u00e4i\u00adt\u00f6s\u00adkir\u00adja\u00adtut\u00adki\u00adjal\u00adle<\/h2>\n\n\n\n<p>Kurssin &#8221;Basics for Sustainability Transformations&#8221; suorittaminen tukee v\u00e4it\u00f6skirjatutkijaa l\u00f6yt\u00e4m\u00e4\u00e4n ja asemoimaan tutkijaidentiteetti\u00e4\u00e4n osana kest\u00e4vyysmurrosta. Lis\u00e4ksi kurssilla saadaan valmiuksia kehitty\u00e4 kest\u00e4vyysmurroksen tutkijoiksi omilla tieteenaloillaan.<br>Luentojen lis\u00e4ksi v\u00e4it\u00f6skirjatutkijalta edellytet\u00e4\u00e4n esseen kirjoittamista (3000\u20134000 sanaa, englanniksi\/suomeksi\/ruotsiksi). Opintopisteiden (5 op) saamiseksi on osallistuttava luennoille ja sovittava esseen arvioinnista <a href=\"https:\/\/uefconnect.uef.fi\/meri.loyttyniemi\/\">Meri L\u00f6yttyniemen<\/a> ja <a href=\"https:\/\/uefconnect.uef.fi\/anne.airaksinen\/\">Anne Airaksisen<\/a> kanssa.<\/p>\n\n\n\n<p>Kurssi arvostellaan asteikolla hyv\u00e4ksytty\/hyl\u00e4tty. Ohjaaja arvioi esseen laatua kolmen kriteerin perusteella: 1) argumentaation johdonmukaisuus, 2) reflektion syvyys ja 3) tiedon riitt\u00e4vyys.<\/p>\n\n\n\n<h2 class=\"wp-block-heading\">SusTran tut\u00adki\u00adjayh\u00adtei\u00ads\u00f6<\/h2>\n\n\n\n<p>Oletko v\u00e4it\u00f6skirjatutkija tai post-doc ja aiheenasi kest\u00e4vyysmurros tai siihen liittyv\u00e4t teemat? Liity mukaan Kest\u00e4vyysmurros-tutkijayhteis\u00f6\u00f6n t\u00e4ytt\u00e4m\u00e4ll\u00e4 lyhyt&nbsp;<a href=\"https:\/\/forms.office.com\/e\/gCe09ueHFc\">hakemuslomake<\/a>.<\/p>\n\n\n\n<p><\/p>\n\n\n\n<h2 class=\"wp-block-heading\">Lis\u00e4tiedot<\/h2>\n\n\n\n<p>SusTra-tohtoripilotin johtaja, professori: Arto Salonen,&nbsp;<a href=\"https:\/\/uefconnect.uef.fi\/arto.salonen\/\">UEF Connect<\/a><br>Kurssin koordinaatio, SusTran tutkimusp\u00e4\u00e4llikk\u00f6: Meri L\u00f6yttyniemi,&nbsp;<a href=\"https:\/\/uefconnect.uef.fi\/meri.loyttyniemi\/\">UEFConnect<\/a><\/p>\n\n\n\n<p><a href=\"https:\/\/www.uef.fi\/sustra\">Kest\u00e4vyysmurros-tohtorikoulupilotin verkkosivut<\/a><\/p>\n","protected":false},"excerpt":{"rendered":"<p>Kest\u00e4v\u00e4 kehitys on aikamme v\u00e4ltt\u00e4m\u00e4tt\u00f6myys. Kest\u00e4vyysmurros-tohtoripilotti (SusTra) tarjosi kaikille mahdollisuuden osallistua avoimille Studia Generalia -luennoille syksyll\u00e4 2025. Alan parhaat asiantuntijat tarjosivat luentosarjan, jossa pureudutaan vaativiin kest\u00e4vyyshaasteisiin. Nelj\u00e4toista verkkoluentoa englannin kielell\u00e4 tarjoavat mielenkiintoisia ja innostavia n\u00e4kemyksi\u00e4 kest\u00e4v\u00e4n el\u00e4m\u00e4n ja yhteiskunnan luomisesta eri aloilla. Luentosarjassa k\u00e4sitell\u00e4\u00e4n yhteiskunnan eri osa-alueita, kuten ty\u00f6t\u00e4, liiketoimintaa, johtajuutta, hallintoa, lains\u00e4\u00e4d\u00e4nt\u00f6\u00e4, sosiaalista mielikuvitusta, [&hellip;]<\/p>\n","protected":false},"author":1173,"featured_media":0,"parent":0,"menu_order":0,"comment_status":"closed","ping_status":"closed","template":"","meta":{"_acf_changed":false,"footnotes":""},"class_list":["post-1021","page","type-page","status-publish","hentry"],"acf":[],"yoast_head":"<!-- This site is optimized with the Yoast SEO plugin v27.1.1 - https:\/\/yoast.com\/product\/yoast-seo-wordpress\/ -->\n<title>Tohtorikurssi &quot;Sopuli&quot; - Kest\u00e4vyysmurros-tohtorikoulutuspilotti<\/title>\n<meta name=\"robots\" content=\"index, follow, max-snippet:-1, max-image-preview:large, max-video-preview:-1\" \/>\n<link rel=\"canonical\" href=\"https:\/\/sites.uef.fi\/sustra\/sopuli-kurssi\/\" \/>\n<meta property=\"og:locale\" content=\"fi_FI\" \/>\n<meta property=\"og:type\" content=\"article\" \/>\n<meta property=\"og:title\" content=\"Tohtorikurssi &quot;Sopuli&quot; - Kest\u00e4vyysmurros-tohtorikoulutuspilotti\" \/>\n<meta property=\"og:description\" content=\"Kest\u00e4v\u00e4 kehitys on aikamme v\u00e4ltt\u00e4m\u00e4tt\u00f6myys. Kest\u00e4vyysmurros-tohtoripilotti (SusTra) tarjosi kaikille mahdollisuuden osallistua avoimille Studia Generalia -luennoille syksyll\u00e4 2025. Alan parhaat asiantuntijat tarjosivat luentosarjan, jossa pureudutaan vaativiin kest\u00e4vyyshaasteisiin. Nelj\u00e4toista verkkoluentoa englannin kielell\u00e4 tarjoavat mielenkiintoisia ja innostavia n\u00e4kemyksi\u00e4 kest\u00e4v\u00e4n el\u00e4m\u00e4n ja yhteiskunnan luomisesta eri aloilla. Luentosarjassa k\u00e4sitell\u00e4\u00e4n yhteiskunnan eri osa-alueita, kuten ty\u00f6t\u00e4, liiketoimintaa, johtajuutta, hallintoa, lains\u00e4\u00e4d\u00e4nt\u00f6\u00e4, sosiaalista mielikuvitusta, [&hellip;]\" \/>\n<meta property=\"og:url\" content=\"https:\/\/sites.uef.fi\/sustra\/sopuli-kurssi\/\" \/>\n<meta property=\"og:site_name\" content=\"Kest\u00e4vyysmurros-tohtorikoulutuspilotti\" \/>\n<meta property=\"article:modified_time\" content=\"2026-03-30T11:00:49+00:00\" \/>\n<meta name=\"twitter:card\" content=\"summary_large_image\" \/>\n<meta name=\"twitter:label1\" content=\"Arvioitu lukuaika\" \/>\n\t<meta name=\"twitter:data1\" content=\"3 minuuttia\" \/>\n<script type=\"application\/ld+json\" class=\"yoast-schema-graph\">{\"@context\":\"https:\/\/schema.org\",\"@graph\":[{\"@type\":\"WebPage\",\"@id\":\"https:\/\/sites.uef.fi\/sustra\/sopuli-kurssi\/\",\"url\":\"https:\/\/sites.uef.fi\/sustra\/sopuli-kurssi\/\",\"name\":\"Tohtorikurssi \\\"Sopuli\\\" - Kest\u00e4vyysmurros-tohtorikoulutuspilotti\",\"isPartOf\":{\"@id\":\"https:\/\/sites.uef.fi\/sustra\/#website\"},\"datePublished\":\"2025-09-22T13:57:45+00:00\",\"dateModified\":\"2026-03-30T11:00:49+00:00\",\"breadcrumb\":{\"@id\":\"https:\/\/sites.uef.fi\/sustra\/sopuli-kurssi\/#breadcrumb\"},\"inLanguage\":\"fi\",\"potentialAction\":[{\"@type\":\"ReadAction\",\"target\":[\"https:\/\/sites.uef.fi\/sustra\/sopuli-kurssi\/\"]}]},{\"@type\":\"BreadcrumbList\",\"@id\":\"https:\/\/sites.uef.fi\/sustra\/sopuli-kurssi\/#breadcrumb\",\"itemListElement\":[{\"@type\":\"ListItem\",\"position\":1,\"name\":\"Home\",\"item\":\"https:\/\/sites.uef.fi\/sustra\/\"},{\"@type\":\"ListItem\",\"position\":2,\"name\":\"Tohtorikurssi &#8221;Sopuli&#8221;\"}]},{\"@type\":\"WebSite\",\"@id\":\"https:\/\/sites.uef.fi\/sustra\/#website\",\"url\":\"https:\/\/sites.uef.fi\/sustra\/\",\"name\":\"Kest\u00e4vyysmurros-tohtorikoulutuspilotti\",\"description\":\"\",\"potentialAction\":[{\"@type\":\"SearchAction\",\"target\":{\"@type\":\"EntryPoint\",\"urlTemplate\":\"https:\/\/sites.uef.fi\/sustra\/?s={search_term_string}\"},\"query-input\":{\"@type\":\"PropertyValueSpecification\",\"valueRequired\":true,\"valueName\":\"search_term_string\"}}],\"inLanguage\":\"fi\"}]}<\/script>\n<!-- \/ Yoast SEO plugin. -->","yoast_head_json":{"title":"Tohtorikurssi \"Sopuli\" - Kest\u00e4vyysmurros-tohtorikoulutuspilotti","robots":{"index":"index","follow":"follow","max-snippet":"max-snippet:-1","max-image-preview":"max-image-preview:large","max-video-preview":"max-video-preview:-1"},"canonical":"https:\/\/sites.uef.fi\/sustra\/sopuli-kurssi\/","og_locale":"fi_FI","og_type":"article","og_title":"Tohtorikurssi \"Sopuli\" - Kest\u00e4vyysmurros-tohtorikoulutuspilotti","og_description":"Kest\u00e4v\u00e4 kehitys on aikamme v\u00e4ltt\u00e4m\u00e4tt\u00f6myys. Kest\u00e4vyysmurros-tohtoripilotti (SusTra) tarjosi kaikille mahdollisuuden osallistua avoimille Studia Generalia -luennoille syksyll\u00e4 2025. Alan parhaat asiantuntijat tarjosivat luentosarjan, jossa pureudutaan vaativiin kest\u00e4vyyshaasteisiin. Nelj\u00e4toista verkkoluentoa englannin kielell\u00e4 tarjoavat mielenkiintoisia ja innostavia n\u00e4kemyksi\u00e4 kest\u00e4v\u00e4n el\u00e4m\u00e4n ja yhteiskunnan luomisesta eri aloilla. Luentosarjassa k\u00e4sitell\u00e4\u00e4n yhteiskunnan eri osa-alueita, kuten ty\u00f6t\u00e4, liiketoimintaa, johtajuutta, hallintoa, lains\u00e4\u00e4d\u00e4nt\u00f6\u00e4, sosiaalista mielikuvitusta, [&hellip;]","og_url":"https:\/\/sites.uef.fi\/sustra\/sopuli-kurssi\/","og_site_name":"Kest\u00e4vyysmurros-tohtorikoulutuspilotti","article_modified_time":"2026-03-30T11:00:49+00:00","twitter_card":"summary_large_image","twitter_misc":{"Arvioitu lukuaika":"3 minuuttia"},"schema":{"@context":"https:\/\/schema.org","@graph":[{"@type":"WebPage","@id":"https:\/\/sites.uef.fi\/sustra\/sopuli-kurssi\/","url":"https:\/\/sites.uef.fi\/sustra\/sopuli-kurssi\/","name":"Tohtorikurssi \"Sopuli\" - Kest\u00e4vyysmurros-tohtorikoulutuspilotti","isPartOf":{"@id":"https:\/\/sites.uef.fi\/sustra\/#website"},"datePublished":"2025-09-22T13:57:45+00:00","dateModified":"2026-03-30T11:00:49+00:00","breadcrumb":{"@id":"https:\/\/sites.uef.fi\/sustra\/sopuli-kurssi\/#breadcrumb"},"inLanguage":"fi","potentialAction":[{"@type":"ReadAction","target":["https:\/\/sites.uef.fi\/sustra\/sopuli-kurssi\/"]}]},{"@type":"BreadcrumbList","@id":"https:\/\/sites.uef.fi\/sustra\/sopuli-kurssi\/#breadcrumb","itemListElement":[{"@type":"ListItem","position":1,"name":"Home","item":"https:\/\/sites.uef.fi\/sustra\/"},{"@type":"ListItem","position":2,"name":"Tohtorikurssi &#8221;Sopuli&#8221;"}]},{"@type":"WebSite","@id":"https:\/\/sites.uef.fi\/sustra\/#website","url":"https:\/\/sites.uef.fi\/sustra\/","name":"Kest\u00e4vyysmurros-tohtorikoulutuspilotti","description":"","potentialAction":[{"@type":"SearchAction","target":{"@type":"EntryPoint","urlTemplate":"https:\/\/sites.uef.fi\/sustra\/?s={search_term_string}"},"query-input":{"@type":"PropertyValueSpecification","valueRequired":true,"valueName":"search_term_string"}}],"inLanguage":"fi"}]}},"_links":{"self":[{"href":"https:\/\/sites.uef.fi\/sustra\/wp-json\/wp\/v2\/pages\/1021","targetHints":{"allow":["GET"]}}],"collection":[{"href":"https:\/\/sites.uef.fi\/sustra\/wp-json\/wp\/v2\/pages"}],"about":[{"href":"https:\/\/sites.uef.fi\/sustra\/wp-json\/wp\/v2\/types\/page"}],"author":[{"embeddable":true,"href":"https:\/\/sites.uef.fi\/sustra\/wp-json\/wp\/v2\/users\/1173"}],"replies":[{"embeddable":true,"href":"https:\/\/sites.uef.fi\/sustra\/wp-json\/wp\/v2\/comments?post=1021"}],"version-history":[{"count":2,"href":"https:\/\/sites.uef.fi\/sustra\/wp-json\/wp\/v2\/pages\/1021\/revisions"}],"predecessor-version":[{"id":1440,"href":"https:\/\/sites.uef.fi\/sustra\/wp-json\/wp\/v2\/pages\/1021\/revisions\/1440"}],"wp:attachment":[{"href":"https:\/\/sites.uef.fi\/sustra\/wp-json\/wp\/v2\/media?parent=1021"}],"curies":[{"name":"wp","href":"https:\/\/api.w.org\/{rel}","templated":true}]}}