{"id":228,"date":"2024-08-28T12:20:29","date_gmt":"2024-08-28T12:20:29","guid":{"rendered":"https:\/\/sites.uef.fi\/sustra\/?page_id=228"},"modified":"2026-03-04T13:55:54","modified_gmt":"2026-03-04T11:55:54","slug":"etusivu","status":"publish","type":"page","link":"https:\/\/sites.uef.fi\/sustra\/","title":{"rendered":"Kest\u00e4vyysmurros &#8211; Sustainability Transformations"},"content":{"rendered":"\n<p><\/p>\n\n\n\n<p>Kest\u00e4vyysmurros on It\u00e4-Suomen yliopiston johtama, 10 yliopiston ja Suomen ymp\u00e4rist\u00f6keskuksen (Syke) yhteinen tohtorikoulutuspilotti vuosille&nbsp;2025\u20132027, jossa koulutetaan Suomeen 40 tohtoria. Opetus- ja kulttuuriministeri\u00f6 on yhteisty\u00f6ss\u00e4 Suomen Akatemian kanssa my\u00f6nt\u00e4nyt&nbsp;<a href=\"https:\/\/eur03.safelinks.protection.outlook.com\/?url=https%3A%2F%2Fokm.fi%2F-%2Fyliopistoille-lisarahoitus-tuhannen-uuden-tohtorin-kouluttamiseen&amp;data=05%7C02%7C%7Cb41fcdf94eef4e547d6008dc4ff2631b%7C87879f2e73044bf2baf263e7f83f3c34%7C0%7C0%7C638473149757588012%7CUnknown%7CTWFpbGZsb3d8eyJWIjoiMC4wLjAwMDAiLCJQIjoiV2luMzIiLCJBTiI6Ik1haWwiLCJXVCI6Mn0%3D%7C0%7C%7C%7C&amp;sdata=YcVfOjkLiuq5LMlfDPYQh4Fpfij6ljWl0ITVzcFQ6eQ%3D&amp;reserved=0\" target=\"_blank\" rel=\"noreferrer noopener\">kest\u00e4vyysmurroksen tohtorikoulutuspilottiin 10,2 miljoonaa euroa.<\/a>&nbsp;Ohjelmaan valittavat jatko-opiskelijat on palkattu suoraan pilotissa mukana oleviin yliopistoihin.<\/p>\n\n\n\n<p>Kest\u00e4vyysmurros-pilotin tutkimus on tieteidenv\u00e4list\u00e4 ja ratkaisukeskeist\u00e4, ja se keskittyy ilmastonmuutokseen, luonnon monimuotoisuuden k\u00f6yhtymiseen ja luonnonvarojen ehtymiseen. Tutkimuksen teemoja ovat kansalaisten el\u00e4m\u00e4ntavat, maapallon terveys ja hyvinvointi, tuotanto ja kulutus, hallinto ja lains\u00e4\u00e4d\u00e4nt\u00f6 sek\u00e4 kulttuuriset muutokset.<\/p>\n\n\n\n<p>Tutustu SusTran v\u00e4it\u00f6skirjatutkijoihin <strong><a href=\"https:\/\/sites.uef.fi\/sustra\/doctoral-researchers\/?lang=en\">t\u00e4\u00e4ll\u00e4<\/a><\/strong>!<\/p>\n","protected":false},"excerpt":{"rendered":"<p>Kest\u00e4vyysmurros on It\u00e4-Suomen yliopiston johtama, 10 yliopiston ja Suomen ymp\u00e4rist\u00f6keskuksen (Syke) yhteinen tohtorikoulutuspilotti vuosille&nbsp;2025\u20132027, jossa koulutetaan Suomeen 40 tohtoria. Opetus- ja kulttuuriministeri\u00f6 on yhteisty\u00f6ss\u00e4 Suomen Akatemian kanssa my\u00f6nt\u00e4nyt&nbsp;kest\u00e4vyysmurroksen tohtorikoulutuspilottiin 10,2 miljoonaa euroa.&nbsp;Ohjelmaan valittavat jatko-opiskelijat on palkattu suoraan pilotissa mukana oleviin yliopistoihin. Kest\u00e4vyysmurros-pilotin tutkimus on tieteidenv\u00e4list\u00e4 ja ratkaisukeskeist\u00e4, ja se keskittyy ilmastonmuutokseen, luonnon monimuotoisuuden k\u00f6yhtymiseen ja [&hellip;]<\/p>\n","protected":false},"author":2,"featured_media":945,"parent":0,"menu_order":0,"comment_status":"closed","ping_status":"closed","template":"","meta":{"_acf_changed":false,"footnotes":""},"class_list":["post-228","page","type-page","status-publish","has-post-thumbnail","hentry"],"acf":[],"yoast_head":"<!-- This site is optimized with the Yoast SEO plugin v27.1.1 - https:\/\/yoast.com\/product\/yoast-seo-wordpress\/ -->\n<title>Kest\u00e4vyysmurros - Sustainability Transformations - Kest\u00e4vyysmurros-tohtorikoulutuspilotti<\/title>\n<meta name=\"robots\" content=\"index, follow, max-snippet:-1, max-image-preview:large, max-video-preview:-1\" \/>\n<link rel=\"canonical\" href=\"https:\/\/sites.uef.fi\/sustra\/\" \/>\n<meta property=\"og:locale\" content=\"fi_FI\" \/>\n<meta property=\"og:type\" content=\"article\" \/>\n<meta property=\"og:title\" content=\"Kest\u00e4vyysmurros - Sustainability Transformations - Kest\u00e4vyysmurros-tohtorikoulutuspilotti\" \/>\n<meta property=\"og:description\" content=\"Kest\u00e4vyysmurros on It\u00e4-Suomen yliopiston johtama, 10 yliopiston ja Suomen ymp\u00e4rist\u00f6keskuksen (Syke) yhteinen tohtorikoulutuspilotti vuosille&nbsp;2025\u20132027, jossa koulutetaan Suomeen 40 tohtoria. Opetus- ja kulttuuriministeri\u00f6 on yhteisty\u00f6ss\u00e4 Suomen Akatemian kanssa my\u00f6nt\u00e4nyt&nbsp;kest\u00e4vyysmurroksen tohtorikoulutuspilottiin 10,2 miljoonaa euroa.&nbsp;Ohjelmaan valittavat jatko-opiskelijat on palkattu suoraan pilotissa mukana oleviin yliopistoihin. Kest\u00e4vyysmurros-pilotin tutkimus on tieteidenv\u00e4list\u00e4 ja ratkaisukeskeist\u00e4, ja se keskittyy ilmastonmuutokseen, luonnon monimuotoisuuden k\u00f6yhtymiseen ja [&hellip;]\" \/>\n<meta property=\"og:url\" content=\"https:\/\/sites.uef.fi\/sustra\/\" \/>\n<meta property=\"og:site_name\" content=\"Kest\u00e4vyysmurros-tohtorikoulutuspilotti\" \/>\n<meta property=\"article:modified_time\" content=\"2026-03-04T11:55:54+00:00\" \/>\n<meta property=\"og:image\" content=\"https:\/\/sites.uef.fi\/sustra\/wp-content\/uploads\/sites\/492\/2025\/01\/2025_01-SusTra-Launch-all-hi-photo-by-Jonne-Renvall-scaled.jpg\" \/>\n\t<meta property=\"og:image:width\" content=\"2560\" \/>\n\t<meta property=\"og:image:height\" content=\"1707\" \/>\n\t<meta property=\"og:image:type\" content=\"image\/jpeg\" \/>\n<meta name=\"twitter:card\" content=\"summary_large_image\" \/>\n<meta name=\"twitter:label1\" content=\"Arvioitu lukuaika\" \/>\n\t<meta name=\"twitter:data1\" content=\"1 minuutti\" \/>\n<script type=\"application\/ld+json\" class=\"yoast-schema-graph\">{\"@context\":\"https:\/\/schema.org\",\"@graph\":[{\"@type\":\"WebPage\",\"@id\":\"https:\/\/sites.uef.fi\/sustra\/\",\"url\":\"https:\/\/sites.uef.fi\/sustra\/\",\"name\":\"Kest\u00e4vyysmurros - Sustainability Transformations - Kest\u00e4vyysmurros-tohtorikoulutuspilotti\",\"isPartOf\":{\"@id\":\"https:\/\/sites.uef.fi\/sustra\/#website\"},\"primaryImageOfPage\":{\"@id\":\"https:\/\/sites.uef.fi\/sustra\/#primaryimage\"},\"image\":{\"@id\":\"https:\/\/sites.uef.fi\/sustra\/#primaryimage\"},\"thumbnailUrl\":\"https:\/\/sites.uef.fi\/sustra\/wp-content\/uploads\/sites\/492\/2025\/01\/2025_01-SusTra-Launch-all-hi-photo-by-Jonne-Renvall-scaled.jpg\",\"datePublished\":\"2024-08-28T12:20:29+00:00\",\"dateModified\":\"2026-03-04T11:55:54+00:00\",\"breadcrumb\":{\"@id\":\"https:\/\/sites.uef.fi\/sustra\/#breadcrumb\"},\"inLanguage\":\"fi\",\"potentialAction\":[{\"@type\":\"ReadAction\",\"target\":[\"https:\/\/sites.uef.fi\/sustra\/\"]}]},{\"@type\":\"ImageObject\",\"inLanguage\":\"fi\",\"@id\":\"https:\/\/sites.uef.fi\/sustra\/#primaryimage\",\"url\":\"https:\/\/sites.uef.fi\/sustra\/wp-content\/uploads\/sites\/492\/2025\/01\/2025_01-SusTra-Launch-all-hi-photo-by-Jonne-Renvall-scaled.jpg\",\"contentUrl\":\"https:\/\/sites.uef.fi\/sustra\/wp-content\/uploads\/sites\/492\/2025\/01\/2025_01-SusTra-Launch-all-hi-photo-by-Jonne-Renvall-scaled.jpg\",\"width\":2560,\"height\":1707},{\"@type\":\"BreadcrumbList\",\"@id\":\"https:\/\/sites.uef.fi\/sustra\/#breadcrumb\",\"itemListElement\":[{\"@type\":\"ListItem\",\"position\":1,\"name\":\"Home\",\"item\":\"https:\/\/sites.uef.fi\/sustra\/\"},{\"@type\":\"ListItem\",\"position\":2,\"name\":\"Kest\u00e4vyysmurros &#8211; Sustainability Transformations\"}]},{\"@type\":\"WebSite\",\"@id\":\"https:\/\/sites.uef.fi\/sustra\/#website\",\"url\":\"https:\/\/sites.uef.fi\/sustra\/\",\"name\":\"Kest\u00e4vyysmurros-tohtorikoulutuspilotti\",\"description\":\"\",\"potentialAction\":[{\"@type\":\"SearchAction\",\"target\":{\"@type\":\"EntryPoint\",\"urlTemplate\":\"https:\/\/sites.uef.fi\/sustra\/?s={search_term_string}\"},\"query-input\":{\"@type\":\"PropertyValueSpecification\",\"valueRequired\":true,\"valueName\":\"search_term_string\"}}],\"inLanguage\":\"fi\"}]}<\/script>\n<!-- \/ Yoast SEO plugin. -->","yoast_head_json":{"title":"Kest\u00e4vyysmurros - Sustainability Transformations - Kest\u00e4vyysmurros-tohtorikoulutuspilotti","robots":{"index":"index","follow":"follow","max-snippet":"max-snippet:-1","max-image-preview":"max-image-preview:large","max-video-preview":"max-video-preview:-1"},"canonical":"https:\/\/sites.uef.fi\/sustra\/","og_locale":"fi_FI","og_type":"article","og_title":"Kest\u00e4vyysmurros - Sustainability Transformations - Kest\u00e4vyysmurros-tohtorikoulutuspilotti","og_description":"Kest\u00e4vyysmurros on It\u00e4-Suomen yliopiston johtama, 10 yliopiston ja Suomen ymp\u00e4rist\u00f6keskuksen (Syke) yhteinen tohtorikoulutuspilotti vuosille&nbsp;2025\u20132027, jossa koulutetaan Suomeen 40 tohtoria. Opetus- ja kulttuuriministeri\u00f6 on yhteisty\u00f6ss\u00e4 Suomen Akatemian kanssa my\u00f6nt\u00e4nyt&nbsp;kest\u00e4vyysmurroksen tohtorikoulutuspilottiin 10,2 miljoonaa euroa.&nbsp;Ohjelmaan valittavat jatko-opiskelijat on palkattu suoraan pilotissa mukana oleviin yliopistoihin. Kest\u00e4vyysmurros-pilotin tutkimus on tieteidenv\u00e4list\u00e4 ja ratkaisukeskeist\u00e4, ja se keskittyy ilmastonmuutokseen, luonnon monimuotoisuuden k\u00f6yhtymiseen ja [&hellip;]","og_url":"https:\/\/sites.uef.fi\/sustra\/","og_site_name":"Kest\u00e4vyysmurros-tohtorikoulutuspilotti","article_modified_time":"2026-03-04T11:55:54+00:00","og_image":[{"width":2560,"height":1707,"url":"https:\/\/sites.uef.fi\/sustra\/wp-content\/uploads\/sites\/492\/2025\/01\/2025_01-SusTra-Launch-all-hi-photo-by-Jonne-Renvall-scaled.jpg","type":"image\/jpeg"}],"twitter_card":"summary_large_image","twitter_misc":{"Arvioitu lukuaika":"1 minuutti"},"schema":{"@context":"https:\/\/schema.org","@graph":[{"@type":"WebPage","@id":"https:\/\/sites.uef.fi\/sustra\/","url":"https:\/\/sites.uef.fi\/sustra\/","name":"Kest\u00e4vyysmurros - Sustainability Transformations - Kest\u00e4vyysmurros-tohtorikoulutuspilotti","isPartOf":{"@id":"https:\/\/sites.uef.fi\/sustra\/#website"},"primaryImageOfPage":{"@id":"https:\/\/sites.uef.fi\/sustra\/#primaryimage"},"image":{"@id":"https:\/\/sites.uef.fi\/sustra\/#primaryimage"},"thumbnailUrl":"https:\/\/sites.uef.fi\/sustra\/wp-content\/uploads\/sites\/492\/2025\/01\/2025_01-SusTra-Launch-all-hi-photo-by-Jonne-Renvall-scaled.jpg","datePublished":"2024-08-28T12:20:29+00:00","dateModified":"2026-03-04T11:55:54+00:00","breadcrumb":{"@id":"https:\/\/sites.uef.fi\/sustra\/#breadcrumb"},"inLanguage":"fi","potentialAction":[{"@type":"ReadAction","target":["https:\/\/sites.uef.fi\/sustra\/"]}]},{"@type":"ImageObject","inLanguage":"fi","@id":"https:\/\/sites.uef.fi\/sustra\/#primaryimage","url":"https:\/\/sites.uef.fi\/sustra\/wp-content\/uploads\/sites\/492\/2025\/01\/2025_01-SusTra-Launch-all-hi-photo-by-Jonne-Renvall-scaled.jpg","contentUrl":"https:\/\/sites.uef.fi\/sustra\/wp-content\/uploads\/sites\/492\/2025\/01\/2025_01-SusTra-Launch-all-hi-photo-by-Jonne-Renvall-scaled.jpg","width":2560,"height":1707},{"@type":"BreadcrumbList","@id":"https:\/\/sites.uef.fi\/sustra\/#breadcrumb","itemListElement":[{"@type":"ListItem","position":1,"name":"Home","item":"https:\/\/sites.uef.fi\/sustra\/"},{"@type":"ListItem","position":2,"name":"Kest\u00e4vyysmurros &#8211; Sustainability Transformations"}]},{"@type":"WebSite","@id":"https:\/\/sites.uef.fi\/sustra\/#website","url":"https:\/\/sites.uef.fi\/sustra\/","name":"Kest\u00e4vyysmurros-tohtorikoulutuspilotti","description":"","potentialAction":[{"@type":"SearchAction","target":{"@type":"EntryPoint","urlTemplate":"https:\/\/sites.uef.fi\/sustra\/?s={search_term_string}"},"query-input":{"@type":"PropertyValueSpecification","valueRequired":true,"valueName":"search_term_string"}}],"inLanguage":"fi"}]}},"_links":{"self":[{"href":"https:\/\/sites.uef.fi\/sustra\/wp-json\/wp\/v2\/pages\/228","targetHints":{"allow":["GET"]}}],"collection":[{"href":"https:\/\/sites.uef.fi\/sustra\/wp-json\/wp\/v2\/pages"}],"about":[{"href":"https:\/\/sites.uef.fi\/sustra\/wp-json\/wp\/v2\/types\/page"}],"author":[{"embeddable":true,"href":"https:\/\/sites.uef.fi\/sustra\/wp-json\/wp\/v2\/users\/2"}],"replies":[{"embeddable":true,"href":"https:\/\/sites.uef.fi\/sustra\/wp-json\/wp\/v2\/comments?post=228"}],"version-history":[{"count":2,"href":"https:\/\/sites.uef.fi\/sustra\/wp-json\/wp\/v2\/pages\/228\/revisions"}],"predecessor-version":[{"id":1319,"href":"https:\/\/sites.uef.fi\/sustra\/wp-json\/wp\/v2\/pages\/228\/revisions\/1319"}],"wp:featuredmedia":[{"embeddable":true,"href":"https:\/\/sites.uef.fi\/sustra\/wp-json\/wp\/v2\/media\/945"}],"wp:attachment":[{"href":"https:\/\/sites.uef.fi\/sustra\/wp-json\/wp\/v2\/media?parent=228"}],"curies":[{"name":"wp","href":"https:\/\/api.w.org\/{rel}","templated":true}]}}