{"id":255,"date":"2024-09-03T13:01:51","date_gmt":"2024-09-03T11:01:51","guid":{"rendered":"https:\/\/sites.uef.fi\/sustra\/?page_id=255"},"modified":"2026-02-12T18:24:06","modified_gmt":"2026-02-12T16:24:06","slug":"kumppanit","status":"publish","type":"page","link":"https:\/\/sites.uef.fi\/sustra\/kumppanit\/","title":{"rendered":"Kumppanit"},"content":{"rendered":"\n<p>Kumppaneilla ja muilla yhteisty\u00f6tahoilla on keskeinen rooli Kest\u00e4vyysmurros-tohtorikoulutuspilotin toteuttamisessa. Pilotissa yliopistot tekev\u00e4t yhteisty\u00f6t\u00e4 tohtorikoulutuksen kehitt\u00e4miseksi ja k\u00e4yt\u00e4nt\u00f6jen uudistamiseksi. Pilotilla tavoitellaan tohtorikoulutettujen liikkuvuuden lis\u00e4\u00e4mist\u00e4 yliopistojen, yritysten, tutkimuslaitosten ja muiden organisaatioiden v\u00e4lill\u00e4. Tavoitteena on my\u00f6s ohjauksen kehitt\u00e4minen ja tohtoreiden ty\u00f6llistymisen edist\u00e4minen yhteiskunnan eri sektoreille.<\/p>\n\n\n    <div class=\"funders grid\">\n                        <a href=\"https:\/\/nessling.fi\/\" class=\"funders__link grid__item hover-scale-down\" title=\"Nessling-s\u00e4\u00e4ti\u00f6\">\n                            <div class=\"funders__image\">\n                    <img decoding=\"async\" src=\"https:\/\/sites.uef.fi\/sustra\/wp-content\/uploads\/sites\/492\/2024\/09\/nessling_logo_rgb.jpg\" alt=\"Nessling-s\u00e4\u00e4ti\u00f6n logo\" \/>\n                <\/div>\n                                    <p class=\"funders__description\">Nessling-s\u00e4\u00e4ti\u00f6<\/p>\n                                                    <div class=\"funders__arrow\">\n                    <svg xmlns=\"http:\/\/www.w3.org\/2000\/svg\" height=\"25px\" viewBox=\"0 -960 960 960\" width=\"24px\" ><path fill=\"currentColor\" d=\"M200-120q-33 0-56.5-23.5T120-200v-560q0-33 23.5-56.5T200-840h280v80H200v560h560v-280h80v280q0 33-23.5 56.5T760-120H200Zm188-212-56-56 372-372H560v-80h280v280h-80v-144L388-332Z\"\/><\/svg>                    <\/div>\n                <\/a>\n                            \n                        <a href=\"https:\/\/www.unipid.fi\/\" class=\"funders__link grid__item hover-scale-down\" title=\" Finnish University Partnership for International Development\">\n                            <div class=\"funders__image\">\n                    <img decoding=\"async\" src=\"https:\/\/sites.uef.fi\/sustra\/wp-content\/uploads\/sites\/492\/2024\/09\/UniPID-logo.png\" alt=\"UniPID logo\" \/>\n                <\/div>\n                                    <p class=\"funders__description\"> Finnish University Partnership for International Development<\/p>\n                                                    <div class=\"funders__arrow\">\n                    <svg xmlns=\"http:\/\/www.w3.org\/2000\/svg\" height=\"25px\" viewBox=\"0 -960 960 960\" width=\"24px\" ><path fill=\"currentColor\" d=\"M200-120q-33 0-56.5-23.5T120-200v-560q0-33 23.5-56.5T200-840h280v80H200v560h560v-280h80v280q0 33-23.5 56.5T760-120H200Zm188-212-56-56 372-372H560v-80h280v280h-80v-144L388-332Z\"\/><\/svg>                    <\/div>\n                <\/a>\n                            \n            <\/div>\n\n\n    <div class=\"funders grid\">\n                        <a href=\"https:\/\/fibsry.fi\/\" class=\"funders__link grid__item hover-scale-down\" title=\"Finnish Business &amp; Society\">\n                            <div class=\"funders__image\">\n                    <img decoding=\"async\" src=\"https:\/\/sites.uef.fi\/sustra\/wp-content\/uploads\/sites\/492\/2024\/09\/fibs_peruslogo_sininen-01.png\" alt=\"Finnish Business and Society ry\" \/>\n                <\/div>\n                                    <p class=\"funders__description\">Finnish Business &amp; Society<\/p>\n                                                    <div class=\"funders__arrow\">\n                    <svg xmlns=\"http:\/\/www.w3.org\/2000\/svg\" height=\"25px\" viewBox=\"0 -960 960 960\" width=\"24px\" ><path fill=\"currentColor\" d=\"M200-120q-33 0-56.5-23.5T120-200v-560q0-33 23.5-56.5T200-840h280v80H200v560h560v-280h80v280q0 33-23.5 56.5T760-120H200Zm188-212-56-56 372-372H560v-80h280v280h-80v-144L388-332Z\"\/><\/svg>                    <\/div>\n                <\/a>\n                            \n                        <a href=\"https:\/\/www.nyyti.fi\/\" class=\"funders__link grid__item hover-scale-down\" title=\"Nyyti ry\">\n                            <div class=\"funders__image\">\n                    <img decoding=\"async\" src=\"https:\/\/sites.uef.fi\/sustra\/wp-content\/uploads\/sites\/492\/2024\/09\/Nyyriry-logo-N-versio-RGB_1.jpg\" alt=\"Nyyti ry\" \/>\n                <\/div>\n                                    <p class=\"funders__description\">Nyyti ry<\/p>\n                                                    <div class=\"funders__arrow\">\n                    <svg xmlns=\"http:\/\/www.w3.org\/2000\/svg\" height=\"25px\" viewBox=\"0 -960 960 960\" width=\"24px\" ><path fill=\"currentColor\" d=\"M200-120q-33 0-56.5-23.5T120-200v-560q0-33 23.5-56.5T200-840h280v80H200v560h560v-280h80v280q0 33-23.5 56.5T760-120H200Zm188-212-56-56 372-372H560v-80h280v280h-80v-144L388-332Z\"\/><\/svg>                    <\/div>\n                <\/a>\n                            \n            <\/div>\n\n\n\n<figure class=\"wp-block-image size-large\"><img loading=\"lazy\" decoding=\"async\" width=\"1024\" height=\"513\" src=\"https:\/\/sites.uef.fi\/sustra\/wp-content\/uploads\/sites\/492\/2025\/01\/SusTra-partners-1024x513.png\" alt=\"\" class=\"wp-image-971\" srcset=\"https:\/\/sites.uef.fi\/sustra\/wp-content\/uploads\/sites\/492\/2025\/01\/SusTra-partners-1024x513.png 1024w, https:\/\/sites.uef.fi\/sustra\/wp-content\/uploads\/sites\/492\/2025\/01\/SusTra-partners-300x150.png 300w, https:\/\/sites.uef.fi\/sustra\/wp-content\/uploads\/sites\/492\/2025\/01\/SusTra-partners-768x385.png 768w, https:\/\/sites.uef.fi\/sustra\/wp-content\/uploads\/sites\/492\/2025\/01\/SusTra-partners.png 1476w\" sizes=\"auto, (max-width: 1024px) 100vw, 1024px\" \/><\/figure>\n\n\n\n<p>SusTra on ammatillisen koulutuksen kest\u00e4vyystiekartta <a href=\"https:\/\/kartallaverkosto.fi\/tule-mukaan-verkostoon\/verkoston-kumppanijasenet\/\">Kartalla-verkoston kumppani.<\/a><\/p>\n\n\n\n<p>Olemme sitoutuneet edist\u00e4m\u00e4\u00e4n Suomalaisen Tiedeakatemian julkilausumaa: <a href=\"https:\/\/acadsci.fi\/uutiset\/tiedeyhteiso-ja-tieteen-rahoittajat-sitoutuvat-yhteistyohon-kestavyysmurroksen-vauhdittamiseksi\/\">Tiedeyhteis\u00f6 ja tieteen rahoittajat sitoutuvat yhteisty\u00f6h\u00f6n kest\u00e4vyysmurroksen vauhdittamiseksi &#8211; Tiedeakatemia<\/a><\/p>\n","protected":false},"excerpt":{"rendered":"<p>Kumppaneilla ja muilla yhteisty\u00f6tahoilla on keskeinen rooli Kest\u00e4vyysmurros-tohtorikoulutuspilotin toteuttamisessa. Pilotissa yliopistot tekev\u00e4t yhteisty\u00f6t\u00e4 tohtorikoulutuksen kehitt\u00e4miseksi ja k\u00e4yt\u00e4nt\u00f6jen uudistamiseksi. Pilotilla tavoitellaan tohtorikoulutettujen liikkuvuuden lis\u00e4\u00e4mist\u00e4 yliopistojen, yritysten, tutkimuslaitosten ja muiden organisaatioiden v\u00e4lill\u00e4. Tavoitteena on my\u00f6s ohjauksen kehitt\u00e4minen ja tohtoreiden ty\u00f6llistymisen edist\u00e4minen yhteiskunnan eri sektoreille. SusTra on ammatillisen koulutuksen kest\u00e4vyystiekartta Kartalla-verkoston kumppani. Olemme sitoutuneet edist\u00e4m\u00e4\u00e4n Suomalaisen Tiedeakatemian julkilausumaa: [&hellip;]<\/p>\n","protected":false},"author":850,"featured_media":0,"parent":0,"menu_order":0,"comment_status":"closed","ping_status":"closed","template":"","meta":{"_acf_changed":false,"footnotes":""},"class_list":["post-255","page","type-page","status-publish","hentry"],"acf":[],"yoast_head":"<!-- This site is optimized with the Yoast SEO plugin v27.1.1 - https:\/\/yoast.com\/product\/yoast-seo-wordpress\/ -->\n<title>Kumppanit - Kest\u00e4vyysmurros-tohtorikoulutuspilotti<\/title>\n<meta name=\"robots\" content=\"index, follow, max-snippet:-1, max-image-preview:large, max-video-preview:-1\" \/>\n<link rel=\"canonical\" href=\"https:\/\/sites.uef.fi\/sustra\/kumppanit\/\" \/>\n<meta property=\"og:locale\" content=\"fi_FI\" \/>\n<meta property=\"og:type\" content=\"article\" \/>\n<meta property=\"og:title\" content=\"Kumppanit - Kest\u00e4vyysmurros-tohtorikoulutuspilotti\" \/>\n<meta property=\"og:description\" content=\"Kumppaneilla ja muilla yhteisty\u00f6tahoilla on keskeinen rooli Kest\u00e4vyysmurros-tohtorikoulutuspilotin toteuttamisessa. Pilotissa yliopistot tekev\u00e4t yhteisty\u00f6t\u00e4 tohtorikoulutuksen kehitt\u00e4miseksi ja k\u00e4yt\u00e4nt\u00f6jen uudistamiseksi. Pilotilla tavoitellaan tohtorikoulutettujen liikkuvuuden lis\u00e4\u00e4mist\u00e4 yliopistojen, yritysten, tutkimuslaitosten ja muiden organisaatioiden v\u00e4lill\u00e4. Tavoitteena on my\u00f6s ohjauksen kehitt\u00e4minen ja tohtoreiden ty\u00f6llistymisen edist\u00e4minen yhteiskunnan eri sektoreille. SusTra on ammatillisen koulutuksen kest\u00e4vyystiekartta Kartalla-verkoston kumppani. Olemme sitoutuneet edist\u00e4m\u00e4\u00e4n Suomalaisen Tiedeakatemian julkilausumaa: [&hellip;]\" \/>\n<meta property=\"og:url\" content=\"https:\/\/sites.uef.fi\/sustra\/kumppanit\/\" \/>\n<meta property=\"og:site_name\" content=\"Kest\u00e4vyysmurros-tohtorikoulutuspilotti\" \/>\n<meta property=\"article:modified_time\" content=\"2026-02-12T16:24:06+00:00\" \/>\n<meta property=\"og:image\" content=\"https:\/\/sites.uef.fi\/sustra\/wp-content\/uploads\/sites\/492\/2025\/01\/SusTra-partners-1024x513.png\" \/>\n<meta name=\"twitter:card\" content=\"summary_large_image\" \/>\n<meta name=\"twitter:label1\" content=\"Arvioitu lukuaika\" \/>\n\t<meta name=\"twitter:data1\" content=\"1 minuutti\" \/>\n<script type=\"application\/ld+json\" class=\"yoast-schema-graph\">{\"@context\":\"https:\/\/schema.org\",\"@graph\":[{\"@type\":\"WebPage\",\"@id\":\"https:\/\/sites.uef.fi\/sustra\/kumppanit\/\",\"url\":\"https:\/\/sites.uef.fi\/sustra\/kumppanit\/\",\"name\":\"Kumppanit - Kest\u00e4vyysmurros-tohtorikoulutuspilotti\",\"isPartOf\":{\"@id\":\"https:\/\/sites.uef.fi\/sustra\/#website\"},\"primaryImageOfPage\":{\"@id\":\"https:\/\/sites.uef.fi\/sustra\/kumppanit\/#primaryimage\"},\"image\":{\"@id\":\"https:\/\/sites.uef.fi\/sustra\/kumppanit\/#primaryimage\"},\"thumbnailUrl\":\"https:\/\/sites.uef.fi\/sustra\/wp-content\/uploads\/sites\/492\/2025\/01\/SusTra-partners-1024x513.png\",\"datePublished\":\"2024-09-03T11:01:51+00:00\",\"dateModified\":\"2026-02-12T16:24:06+00:00\",\"breadcrumb\":{\"@id\":\"https:\/\/sites.uef.fi\/sustra\/kumppanit\/#breadcrumb\"},\"inLanguage\":\"fi\",\"potentialAction\":[{\"@type\":\"ReadAction\",\"target\":[\"https:\/\/sites.uef.fi\/sustra\/kumppanit\/\"]}]},{\"@type\":\"ImageObject\",\"inLanguage\":\"fi\",\"@id\":\"https:\/\/sites.uef.fi\/sustra\/kumppanit\/#primaryimage\",\"url\":\"https:\/\/sites.uef.fi\/sustra\/wp-content\/uploads\/sites\/492\/2025\/01\/SusTra-partners.png\",\"contentUrl\":\"https:\/\/sites.uef.fi\/sustra\/wp-content\/uploads\/sites\/492\/2025\/01\/SusTra-partners.png\",\"width\":1476,\"height\":740},{\"@type\":\"BreadcrumbList\",\"@id\":\"https:\/\/sites.uef.fi\/sustra\/kumppanit\/#breadcrumb\",\"itemListElement\":[{\"@type\":\"ListItem\",\"position\":1,\"name\":\"Home\",\"item\":\"https:\/\/sites.uef.fi\/sustra\/\"},{\"@type\":\"ListItem\",\"position\":2,\"name\":\"Kumppanit\"}]},{\"@type\":\"WebSite\",\"@id\":\"https:\/\/sites.uef.fi\/sustra\/#website\",\"url\":\"https:\/\/sites.uef.fi\/sustra\/\",\"name\":\"Kest\u00e4vyysmurros-tohtorikoulutuspilotti\",\"description\":\"\",\"potentialAction\":[{\"@type\":\"SearchAction\",\"target\":{\"@type\":\"EntryPoint\",\"urlTemplate\":\"https:\/\/sites.uef.fi\/sustra\/?s={search_term_string}\"},\"query-input\":{\"@type\":\"PropertyValueSpecification\",\"valueRequired\":true,\"valueName\":\"search_term_string\"}}],\"inLanguage\":\"fi\"}]}<\/script>\n<!-- \/ Yoast SEO plugin. -->","yoast_head_json":{"title":"Kumppanit - Kest\u00e4vyysmurros-tohtorikoulutuspilotti","robots":{"index":"index","follow":"follow","max-snippet":"max-snippet:-1","max-image-preview":"max-image-preview:large","max-video-preview":"max-video-preview:-1"},"canonical":"https:\/\/sites.uef.fi\/sustra\/kumppanit\/","og_locale":"fi_FI","og_type":"article","og_title":"Kumppanit - Kest\u00e4vyysmurros-tohtorikoulutuspilotti","og_description":"Kumppaneilla ja muilla yhteisty\u00f6tahoilla on keskeinen rooli Kest\u00e4vyysmurros-tohtorikoulutuspilotin toteuttamisessa. Pilotissa yliopistot tekev\u00e4t yhteisty\u00f6t\u00e4 tohtorikoulutuksen kehitt\u00e4miseksi ja k\u00e4yt\u00e4nt\u00f6jen uudistamiseksi. Pilotilla tavoitellaan tohtorikoulutettujen liikkuvuuden lis\u00e4\u00e4mist\u00e4 yliopistojen, yritysten, tutkimuslaitosten ja muiden organisaatioiden v\u00e4lill\u00e4. Tavoitteena on my\u00f6s ohjauksen kehitt\u00e4minen ja tohtoreiden ty\u00f6llistymisen edist\u00e4minen yhteiskunnan eri sektoreille. SusTra on ammatillisen koulutuksen kest\u00e4vyystiekartta Kartalla-verkoston kumppani. Olemme sitoutuneet edist\u00e4m\u00e4\u00e4n Suomalaisen Tiedeakatemian julkilausumaa: [&hellip;]","og_url":"https:\/\/sites.uef.fi\/sustra\/kumppanit\/","og_site_name":"Kest\u00e4vyysmurros-tohtorikoulutuspilotti","article_modified_time":"2026-02-12T16:24:06+00:00","og_image":[{"url":"https:\/\/sites.uef.fi\/sustra\/wp-content\/uploads\/sites\/492\/2025\/01\/SusTra-partners-1024x513.png","type":"","width":"","height":""}],"twitter_card":"summary_large_image","twitter_misc":{"Arvioitu lukuaika":"1 minuutti"},"schema":{"@context":"https:\/\/schema.org","@graph":[{"@type":"WebPage","@id":"https:\/\/sites.uef.fi\/sustra\/kumppanit\/","url":"https:\/\/sites.uef.fi\/sustra\/kumppanit\/","name":"Kumppanit - Kest\u00e4vyysmurros-tohtorikoulutuspilotti","isPartOf":{"@id":"https:\/\/sites.uef.fi\/sustra\/#website"},"primaryImageOfPage":{"@id":"https:\/\/sites.uef.fi\/sustra\/kumppanit\/#primaryimage"},"image":{"@id":"https:\/\/sites.uef.fi\/sustra\/kumppanit\/#primaryimage"},"thumbnailUrl":"https:\/\/sites.uef.fi\/sustra\/wp-content\/uploads\/sites\/492\/2025\/01\/SusTra-partners-1024x513.png","datePublished":"2024-09-03T11:01:51+00:00","dateModified":"2026-02-12T16:24:06+00:00","breadcrumb":{"@id":"https:\/\/sites.uef.fi\/sustra\/kumppanit\/#breadcrumb"},"inLanguage":"fi","potentialAction":[{"@type":"ReadAction","target":["https:\/\/sites.uef.fi\/sustra\/kumppanit\/"]}]},{"@type":"ImageObject","inLanguage":"fi","@id":"https:\/\/sites.uef.fi\/sustra\/kumppanit\/#primaryimage","url":"https:\/\/sites.uef.fi\/sustra\/wp-content\/uploads\/sites\/492\/2025\/01\/SusTra-partners.png","contentUrl":"https:\/\/sites.uef.fi\/sustra\/wp-content\/uploads\/sites\/492\/2025\/01\/SusTra-partners.png","width":1476,"height":740},{"@type":"BreadcrumbList","@id":"https:\/\/sites.uef.fi\/sustra\/kumppanit\/#breadcrumb","itemListElement":[{"@type":"ListItem","position":1,"name":"Home","item":"https:\/\/sites.uef.fi\/sustra\/"},{"@type":"ListItem","position":2,"name":"Kumppanit"}]},{"@type":"WebSite","@id":"https:\/\/sites.uef.fi\/sustra\/#website","url":"https:\/\/sites.uef.fi\/sustra\/","name":"Kest\u00e4vyysmurros-tohtorikoulutuspilotti","description":"","potentialAction":[{"@type":"SearchAction","target":{"@type":"EntryPoint","urlTemplate":"https:\/\/sites.uef.fi\/sustra\/?s={search_term_string}"},"query-input":{"@type":"PropertyValueSpecification","valueRequired":true,"valueName":"search_term_string"}}],"inLanguage":"fi"}]}},"_links":{"self":[{"href":"https:\/\/sites.uef.fi\/sustra\/wp-json\/wp\/v2\/pages\/255","targetHints":{"allow":["GET"]}}],"collection":[{"href":"https:\/\/sites.uef.fi\/sustra\/wp-json\/wp\/v2\/pages"}],"about":[{"href":"https:\/\/sites.uef.fi\/sustra\/wp-json\/wp\/v2\/types\/page"}],"author":[{"embeddable":true,"href":"https:\/\/sites.uef.fi\/sustra\/wp-json\/wp\/v2\/users\/850"}],"replies":[{"embeddable":true,"href":"https:\/\/sites.uef.fi\/sustra\/wp-json\/wp\/v2\/comments?post=255"}],"version-history":[{"count":2,"href":"https:\/\/sites.uef.fi\/sustra\/wp-json\/wp\/v2\/pages\/255\/revisions"}],"predecessor-version":[{"id":1200,"href":"https:\/\/sites.uef.fi\/sustra\/wp-json\/wp\/v2\/pages\/255\/revisions\/1200"}],"wp:attachment":[{"href":"https:\/\/sites.uef.fi\/sustra\/wp-json\/wp\/v2\/media?parent=255"}],"curies":[{"name":"wp","href":"https:\/\/api.w.org\/{rel}","templated":true}]}}