{"id":319,"date":"2024-09-03T13:12:39","date_gmt":"2024-09-03T11:12:39","guid":{"rendered":"https:\/\/sites.uef.fi\/sustra\/?page_id=319"},"modified":"2026-03-02T09:09:01","modified_gmt":"2026-03-02T07:09:01","slug":"yliopistot","status":"publish","type":"page","link":"https:\/\/sites.uef.fi\/sustra\/yliopistot\/","title":{"rendered":"Yliopistot"},"content":{"rendered":"\n<p>Kest\u00e4vyysmurros-tohtorikoulutuspilottia johtaa It\u00e4-Suomen yliopisto (<a href=\"https:\/\/www.uef.fi\/fi\">UEF<\/a>) ja siin\u00e4 on mukana 10 yliopistoa sek\u00e4 my\u00f6s <a href=\"https:\/\/www.syke.fi\/fi-FI\">Suomen ymp\u00e4rist\u00f6keskus (syke.fi)<\/a>.<\/p>\n\n\n\n<ul class=\"wp-block-list\">\n<li><a href=\"https:\/\/www.uef.fi\/fi\/tohtorikoulutuspilotti\">It\u00e4-Suomen yliopisto<\/a>\n<ul class=\"wp-block-list\">\n<li>Historia- ja maantieteen laitos<\/li>\n\n\n\n<li>Kauppatieteiden laitos<\/li>\n\n\n\n<li>Oikeustieteiden laitos, Ilmasto-, energia- ja ymp\u00e4rist\u00f6oikeuden keskus (CCEEL)<\/li>\n\n\n\n<li> Yhteiskuntatieteiden laitos<\/li>\n<\/ul>\n<\/li>\n\n\n\n<li><a href=\"https:\/\/www.aalto.fi\/fi\/tohtoripilotti\">Aalto-yliopisto<\/a>\n<ul class=\"wp-block-list\">\n<li>Kauppakorkeakoulu, Johtamisen laitos<\/li>\n\n\n\n<li>Insin\u00f6\u00f6ritieteiden korkeakoulu, Vesi- ja ymp\u00e4rist\u00f6tekniikka<\/li>\n<\/ul>\n<\/li>\n\n\n\n<li><a href=\"https:\/\/www.helsinki.fi\/fi\/tutkimus\/tutkijakoulu\/tohtorikoulutuspilotti\">Helsingin yliopisto<\/a>\n<ul class=\"wp-block-list\">\n<li>Bio- ja ymp\u00e4rist\u00f6tieteellinen tiedekunta<\/li>\n\n\n\n<li>Humanistinen tiedekunta, Kulttuurien osasto<\/li>\n\n\n\n<li>Kest\u00e4vyysinstituutti (HELSUS)<\/li>\n<\/ul>\n<\/li>\n\n\n\n<li><a href=\"https:\/\/www.jyu.fi\/fi\/tohtorikoulutus\/tohtorikoulutuspilotti-jyvaskylan-yliopistossa\">Jyv\u00e4skyl\u00e4n yliopisto<\/a>\n<ul class=\"wp-block-list\">\n<li><a href=\"https:\/\/www.jyu.fi\/fi\/tutkimus\/wisdom\/sustra\">Resurssiviisausyhteis\u00f6 JYU.Wisdom<\/a><\/li>\n\n\n\n<li>Koulutuksen tutkimuslaitos<\/li>\n\n\n\n<li>Yhteiskuntatieteiden ja filosofian laitos<\/li>\n<\/ul>\n<\/li>\n\n\n\n<li><a href=\"https:\/\/www.ulapland.fi\/news\/Lapin-yliopisto-saa-tohtorikoulutuksen-pilotoinnissa-11-vaitoskirjatutkijan-paikkaa\/j0eazlgb\/d029fa0a-7d3e-43cf-a927-e770863c14d2\">Lapin yliopisto<\/a>\n<ul class=\"wp-block-list\">\n<li>Kasvatustieteellinen tiedekunta<\/li>\n\n\n\n<li>Taiteiden tiedekunta<\/li>\n<\/ul>\n<\/li>\n\n\n\n<li><a href=\"https:\/\/www.lut.fi\/fi\/tutkimus\/tohtorikoulu\/tohtorikoulutuspilotti-2024-2027\">LUT-yliopisto <\/a>\n<ul class=\"wp-block-list\">\n<li>Kest\u00e4vyystieteen osasto<\/li>\n<\/ul>\n<\/li>\n\n\n\n<li><a href=\"https:\/\/www.oulu.fi\/fi\/tutkimus\/tutkijakoulu\/tohtorikoulutuspilotti\">Oulun yliopisto <\/a>\n<ul class=\"wp-block-list\">\n<li>L\u00e4\u00e4ketieteellinen tiedekunta<\/li>\n<\/ul>\n<\/li>\n\n\n\n<li><a href=\"https:\/\/www.tuni.fi\/fi\/tule-opiskelemaan\/tohtoriohjelmat\">Tampereen yliopisto<\/a>\n<ul class=\"wp-block-list\">\n<li><a href=\"https:\/\/www.tuni.fi\/fi\/tutkimus\/kestavyysmurros-tohtorikoulutuspilotti\">Johtamisen ja talouden tiedekunta<\/a><\/li>\n<\/ul>\n<\/li>\n\n\n\n<li><a href=\"https:\/\/sites.utu.fi\/tohtorikoulutuspilotti\/sustainability-transformations-doctoral-education-pilot\/\">Turun yliopisto<\/a>\n<ul class=\"wp-block-list\">\n<li>Biodiversiteettiyksikk\u00f6, Maantieteen ja geologian laitos, Matemaattis-luonnontieteellinen tiedekunta<\/li>\n\n\n\n<li>Tulevaisuuden tutkimuskeskus, Kauppakorkeakoulu<\/li>\n<\/ul>\n<\/li>\n\n\n\n<li><a href=\"https:\/\/www.uwasa.fi\/fi\/koulutus\/tohtorikoulutus\/tohtoriopinnot\">Vaasan yliopisto<\/a>\n<ul class=\"wp-block-list\">\n<li>Johtamisen yksikk\u00f6, Sosiaali- ja terveyshallintotiede<\/li>\n<\/ul>\n<\/li>\n<\/ul>\n\n\n\n<p>Kest\u00e4vyysmurros-tohtorikoulutuspilotin rahoittajana toimii <a href=\"https:\/\/okm.fi\/tohtorikoulutuspilotti\">opetus- ja kulttuuriministeri\u00f6<\/a>.  <\/p>\n","protected":false},"excerpt":{"rendered":"<p>Kest\u00e4vyysmurros-tohtorikoulutuspilottia johtaa It\u00e4-Suomen yliopisto (UEF) ja siin\u00e4 on mukana 10 yliopistoa sek\u00e4 my\u00f6s Suomen ymp\u00e4rist\u00f6keskus (syke.fi). Kest\u00e4vyysmurros-tohtorikoulutuspilotin rahoittajana toimii opetus- ja kulttuuriministeri\u00f6.<\/p>\n","protected":false},"author":1173,"featured_media":0,"parent":0,"menu_order":0,"comment_status":"closed","ping_status":"closed","template":"","meta":{"_acf_changed":false,"footnotes":""},"class_list":["post-319","page","type-page","status-publish","hentry"],"acf":[],"yoast_head":"<!-- This site is optimized with the Yoast SEO plugin v27.3 - https:\/\/yoast.com\/product\/yoast-seo-wordpress\/ -->\n<title>Yliopistot - Kest\u00e4vyysmurros-tohtorikoulutuspilotti<\/title>\n<meta name=\"robots\" content=\"index, follow, max-snippet:-1, max-image-preview:large, max-video-preview:-1\" \/>\n<link rel=\"canonical\" href=\"https:\/\/sites.uef.fi\/sustra\/yliopistot\/\" \/>\n<meta property=\"og:locale\" content=\"fi_FI\" \/>\n<meta property=\"og:type\" content=\"article\" \/>\n<meta property=\"og:title\" content=\"Yliopistot - Kest\u00e4vyysmurros-tohtorikoulutuspilotti\" \/>\n<meta property=\"og:description\" content=\"Kest\u00e4vyysmurros-tohtorikoulutuspilottia johtaa It\u00e4-Suomen yliopisto (UEF) ja siin\u00e4 on mukana 10 yliopistoa sek\u00e4 my\u00f6s Suomen ymp\u00e4rist\u00f6keskus (syke.fi). Kest\u00e4vyysmurros-tohtorikoulutuspilotin rahoittajana toimii opetus- ja kulttuuriministeri\u00f6.\" \/>\n<meta property=\"og:url\" content=\"https:\/\/sites.uef.fi\/sustra\/yliopistot\/\" \/>\n<meta property=\"og:site_name\" content=\"Kest\u00e4vyysmurros-tohtorikoulutuspilotti\" \/>\n<meta property=\"article:modified_time\" content=\"2026-03-02T07:09:01+00:00\" \/>\n<meta name=\"twitter:card\" content=\"summary_large_image\" \/>\n<meta name=\"twitter:label1\" content=\"Arvioitu lukuaika\" \/>\n\t<meta name=\"twitter:data1\" content=\"1 minuutti\" \/>\n<script type=\"application\/ld+json\" class=\"yoast-schema-graph\">{\"@context\":\"https:\\\/\\\/schema.org\",\"@graph\":[{\"@type\":\"WebPage\",\"@id\":\"https:\\\/\\\/sites.uef.fi\\\/sustra\\\/yliopistot\\\/\",\"url\":\"https:\\\/\\\/sites.uef.fi\\\/sustra\\\/yliopistot\\\/\",\"name\":\"Yliopistot - Kest\u00e4vyysmurros-tohtorikoulutuspilotti\",\"isPartOf\":{\"@id\":\"https:\\\/\\\/sites.uef.fi\\\/sustra\\\/#website\"},\"datePublished\":\"2024-09-03T11:12:39+00:00\",\"dateModified\":\"2026-03-02T07:09:01+00:00\",\"breadcrumb\":{\"@id\":\"https:\\\/\\\/sites.uef.fi\\\/sustra\\\/yliopistot\\\/#breadcrumb\"},\"inLanguage\":\"fi\",\"potentialAction\":[{\"@type\":\"ReadAction\",\"target\":[\"https:\\\/\\\/sites.uef.fi\\\/sustra\\\/yliopistot\\\/\"]}]},{\"@type\":\"BreadcrumbList\",\"@id\":\"https:\\\/\\\/sites.uef.fi\\\/sustra\\\/yliopistot\\\/#breadcrumb\",\"itemListElement\":[{\"@type\":\"ListItem\",\"position\":1,\"name\":\"Home\",\"item\":\"https:\\\/\\\/sites.uef.fi\\\/sustra\\\/\"},{\"@type\":\"ListItem\",\"position\":2,\"name\":\"Yliopistot\"}]},{\"@type\":\"WebSite\",\"@id\":\"https:\\\/\\\/sites.uef.fi\\\/sustra\\\/#website\",\"url\":\"https:\\\/\\\/sites.uef.fi\\\/sustra\\\/\",\"name\":\"Kest\u00e4vyysmurros-tohtorikoulutuspilotti\",\"description\":\"\",\"potentialAction\":[{\"@type\":\"SearchAction\",\"target\":{\"@type\":\"EntryPoint\",\"urlTemplate\":\"https:\\\/\\\/sites.uef.fi\\\/sustra\\\/?s={search_term_string}\"},\"query-input\":{\"@type\":\"PropertyValueSpecification\",\"valueRequired\":true,\"valueName\":\"search_term_string\"}}],\"inLanguage\":\"fi\"}]}<\/script>\n<!-- \/ Yoast SEO plugin. -->","yoast_head_json":{"title":"Yliopistot - Kest\u00e4vyysmurros-tohtorikoulutuspilotti","robots":{"index":"index","follow":"follow","max-snippet":"max-snippet:-1","max-image-preview":"max-image-preview:large","max-video-preview":"max-video-preview:-1"},"canonical":"https:\/\/sites.uef.fi\/sustra\/yliopistot\/","og_locale":"fi_FI","og_type":"article","og_title":"Yliopistot - Kest\u00e4vyysmurros-tohtorikoulutuspilotti","og_description":"Kest\u00e4vyysmurros-tohtorikoulutuspilottia johtaa It\u00e4-Suomen yliopisto (UEF) ja siin\u00e4 on mukana 10 yliopistoa sek\u00e4 my\u00f6s Suomen ymp\u00e4rist\u00f6keskus (syke.fi). Kest\u00e4vyysmurros-tohtorikoulutuspilotin rahoittajana toimii opetus- ja kulttuuriministeri\u00f6.","og_url":"https:\/\/sites.uef.fi\/sustra\/yliopistot\/","og_site_name":"Kest\u00e4vyysmurros-tohtorikoulutuspilotti","article_modified_time":"2026-03-02T07:09:01+00:00","twitter_card":"summary_large_image","twitter_misc":{"Arvioitu lukuaika":"1 minuutti"},"schema":{"@context":"https:\/\/schema.org","@graph":[{"@type":"WebPage","@id":"https:\/\/sites.uef.fi\/sustra\/yliopistot\/","url":"https:\/\/sites.uef.fi\/sustra\/yliopistot\/","name":"Yliopistot - Kest\u00e4vyysmurros-tohtorikoulutuspilotti","isPartOf":{"@id":"https:\/\/sites.uef.fi\/sustra\/#website"},"datePublished":"2024-09-03T11:12:39+00:00","dateModified":"2026-03-02T07:09:01+00:00","breadcrumb":{"@id":"https:\/\/sites.uef.fi\/sustra\/yliopistot\/#breadcrumb"},"inLanguage":"fi","potentialAction":[{"@type":"ReadAction","target":["https:\/\/sites.uef.fi\/sustra\/yliopistot\/"]}]},{"@type":"BreadcrumbList","@id":"https:\/\/sites.uef.fi\/sustra\/yliopistot\/#breadcrumb","itemListElement":[{"@type":"ListItem","position":1,"name":"Home","item":"https:\/\/sites.uef.fi\/sustra\/"},{"@type":"ListItem","position":2,"name":"Yliopistot"}]},{"@type":"WebSite","@id":"https:\/\/sites.uef.fi\/sustra\/#website","url":"https:\/\/sites.uef.fi\/sustra\/","name":"Kest\u00e4vyysmurros-tohtorikoulutuspilotti","description":"","potentialAction":[{"@type":"SearchAction","target":{"@type":"EntryPoint","urlTemplate":"https:\/\/sites.uef.fi\/sustra\/?s={search_term_string}"},"query-input":{"@type":"PropertyValueSpecification","valueRequired":true,"valueName":"search_term_string"}}],"inLanguage":"fi"}]}},"_links":{"self":[{"href":"https:\/\/sites.uef.fi\/sustra\/wp-json\/wp\/v2\/pages\/319","targetHints":{"allow":["GET"]}}],"collection":[{"href":"https:\/\/sites.uef.fi\/sustra\/wp-json\/wp\/v2\/pages"}],"about":[{"href":"https:\/\/sites.uef.fi\/sustra\/wp-json\/wp\/v2\/types\/page"}],"author":[{"embeddable":true,"href":"https:\/\/sites.uef.fi\/sustra\/wp-json\/wp\/v2\/users\/1173"}],"replies":[{"embeddable":true,"href":"https:\/\/sites.uef.fi\/sustra\/wp-json\/wp\/v2\/comments?post=319"}],"version-history":[{"count":2,"href":"https:\/\/sites.uef.fi\/sustra\/wp-json\/wp\/v2\/pages\/319\/revisions"}],"predecessor-version":[{"id":1217,"href":"https:\/\/sites.uef.fi\/sustra\/wp-json\/wp\/v2\/pages\/319\/revisions\/1217"}],"wp:attachment":[{"href":"https:\/\/sites.uef.fi\/sustra\/wp-json\/wp\/v2\/media?parent=319"}],"curies":[{"name":"wp","href":"https:\/\/api.w.org\/{rel}","templated":true}]}}