{"id":337,"date":"2024-09-03T13:16:43","date_gmt":"2024-09-03T11:16:43","guid":{"rendered":"https:\/\/sites.uef.fi\/sustra\/?page_id=337"},"modified":"2026-03-31T14:00:03","modified_gmt":"2026-03-31T12:00:03","slug":"uutisia","status":"publish","type":"page","link":"https:\/\/sites.uef.fi\/sustra\/uutisia\/","title":{"rendered":"Uutisia, artikkeleita"},"content":{"rendered":"\n<p>L\u00e4het\u00e4 <a href=\"mailto:meri.loyttyniemi@uef.fi\">s\u00e4hk\u00f6postia<\/a> jos haluat seurata uutisia Kest\u00e4vyysmurros-tohtorikoulutuspilotista tai saada tietoa tulevista tapahtumista.<\/p>\n\n\n\n<ul class=\"wp-block-list\">\n<li>Sustran v\u00e4it\u00f6skirjatutkija <strong>Kaisa Kurki,<\/strong> Syke ja HY:\u00a0<a href=\"https:\/\/eur03.safelinks.protection.outlook.com\/?url=https%3A%2F%2Fwww.helsinki.fi%2Ffi%2Ftutkimusryhmat%2Fagroecology%2Fkohtuullisen-ruokavalion-lautapeli&amp;data=05%7C02%7Cmeri.loyttyniemi%40uef.fi%7C642fb86d857e42c2250708de8e586db3%7C87879f2e73044bf2baf263e7f83f3c34%7C0%7C0%7C639104707607522932%7CUnknown%7CTWFpbGZsb3d8eyJFbXB0eU1hcGkiOnRydWUsIlYiOiIwLjAuMDAwMCIsIlAiOiJXaW4zMiIsIkFOIjoiTWFpbCIsIldUIjoyfQ%3D%3D%7C0%7C%7C%7C&amp;sdata=GFdr7JLHEGCrU%2BqtzSu3ChEobIjBAaKnRZWphM52ls0%3D&amp;reserved=0\">Kohtuullisen ruokavalion lautapeli | Agroecology | Helsingin yliopisto<\/a><\/li>\n\n\n\n<li>17.3.2026 Myele Rouxelin artikkeli: <a href=\"https:\/\/www.cambridge.org\/core\/journals\/international-and-comparative-law-quarterly\/article\/growth-dependence-in-the-european-union-do-the-treaties-prevent-transformational-change\/817F9373DDEFBB9D6310A769CF558B48\">Growth Dependence in the European Union: Do the Treaties Prevent Transformational Change? | International &amp; Comparative Law Quarterly | Cambridge Core<\/a> <\/li>\n\n\n\n<li>13.3.2026 <strong>Lotta Staffansin <\/strong>kolumni Ny Tid -lehdess\u00e4: <a href=\"https:\/\/www.nytid.fi\/2026\/02\/den-goda-kapitalisten-finns-hen\/\">Den goda kapitalisten \u2013 finns hen? | nytid.fi<\/a><\/li>\n\n\n\n<li>12.3.2026 <strong>Lotta Staffans<\/strong> podcastissa (45min) muiden tutkijoiden kanssa:&nbsp;<a href=\"https:\/\/open.spotify.com\/episode\/4IORn1eUGUkn1ryZYIkB0d?si=RAuyf2bjSAKPnsNzgA2oaw&amp;nd=1&amp;dlsi=0067b30462c1431c\">Jakso 2: Planeetta tuhoutuu &#8211; joko bunkkeri on rakennettu? vieraana Tuuli Hirvilammi \u2022 Miljon\u00e4\u00e4rien tasavalta<\/a><\/li>\n\n\n\n<li>4.3.2026 <strong>Kukka-Maaria Vuorikosken<\/strong> blogi tietoisuustaidoista ja kontemplatiivisista menetelmist\u00e4 (p\u00e4\u00e4sy kirjautumalla EPALE Aikuiskoulutuksen EU-foorumiin): <a href=\"https:\/\/epale.ec.europa.eu\/fi\/content\/epale-blog-post\">EPALE Blog: Latest Adult Learning Insights\/Updates &#8211; page 1<\/a><\/li>\n\n\n\n<li>22.1.2026: FIBS:n Heli Karhin blogi: <a href=\"https:\/\/fibsry.fi\/uutishuone\/blogit\/yhteistyo-tutkijoiden-kanssa-avaa-yrityksille-uusia-polkuja-kohti-kestavyysmurrosta\/\">Yhteisty\u00f6 tutkijoiden kanssa avaa yrityksille uusia polkuja kohti kest\u00e4vyysmurrosta &#8211; FIBS<\/a><\/li>\n\n\n\n<li>15.1.2026: <a href=\"https:\/\/www.uef.fi\/fi\/artikkeli\/nuorten-ymparistoaktivistien-aktivisti-identiteetit-ovat-moniulotteisia-ja-osin-ristiriitaisia\">Nuorten ymp\u00e4rist\u00f6aktivistien aktivisti-identiteetit ovat moniulotteisia ja osin ristiriitaisia | It\u00e4-Suomen yliopisto<\/a><\/li>\n\n\n\n<li>5.1.2026: <strong>Ehrmann, Charlotte<\/strong> ja Vesa, Seita (2026) <a href=\"https:\/\/doi.org\/10.1080\/02646811.2025.2598237\">Legal coherence in the European Green Deal: the relationship between the Critical Raw Materials Act and the EU biodiversity law<\/a> <em>Journal of Energy &amp; Natural Resources Law, <\/em>1-28.<\/li>\n\n\n\n<li>13.12.2025: Hyv\u00e4\u00e4n&nbsp;kiinnittyminen kannattelee el\u00e4m\u00e4\u00e4&nbsp;<a href=\"https:\/\/snellmanedu.fi\/snellmanedun-lauantaiseuran-blogi-arto-o-salonen\/\">SnellmanEDUn&nbsp;lauantaiseuran blogi:&nbsp;Arto O. Salonen&nbsp; &#8211; SnellmanEDU<\/a><\/li>\n\n\n\n<li><strong>Holma, Silja<\/strong> (2025) <a href=\"https:\/\/journal.fi\/sosiaalipedagogiikka\/article\/view\/161707\/120323\">Planetaarista osallisuutta etsim\u00e4ss\u00e4<\/a> &#8211; Ohjattu tietoisuusharjoite rakennetussa ymp\u00e4rist\u00f6ss\u00e4. <em>Sosiaalipedagogiikka <\/em>vol. 26, s. 141-154.<\/li>\n\n\n\n<li>19.11.2025 <strong>Sinkkonen, Juni<\/strong> ja Mustalahti, Irmeli (2025): <a href=\"https:\/\/brill.com\/view\/journals\/yogo\/aop\/article-10.1163-25895745-bja10050\/article-10.1163-25895745-bja10050.xml\">Narrative Construction of Activist Identities Among Young Finnish Environmental Activists<\/a>. <em><a href=\"https:\/\/brill.com\/view\/journals\/yogo\/yogo-overview.xml\">Youth and Globalization<\/a>, s<\/em>pecial edition.<\/li>\n\n\n\n<li><strong>Nesterinen, Niko&nbsp;<\/strong>(2025):&nbsp;<a href=\"https:\/\/aluejaymparisto.journal.fi\/article\/view\/161636\/119877\">Kansalaistoimijat yhteistoiminnallisen vesist\u00f6nhallinnan osallistujina Koitajoen valuma-alueella<\/a>,&nbsp;<em>Alue ja Ymp\u00e4rist\u00f6 teemanumero &#8221;Pohjoinen H20 antroposeenin aikakaudella&#8221;,<\/em> 54:2.<\/li>\n\n\n\n<li>4.12.2025 <a href=\"https:\/\/eur03.safelinks.protection.outlook.com\/?url=https%3A%2F%2Fwww.kudelmaosuuskunta.fi%2Fpodcast%2F&amp;data=05%7C02%7Cmeri.loyttyniemi%40uef.fi%7Cae3d4d100ffd42bc0fbf08de3308d09a%7C87879f2e73044bf2baf263e7f83f3c34%7C0%7C0%7C639004310120652761%7CUnknown%7CTWFpbGZsb3d8eyJFbXB0eU1hcGkiOnRydWUsIlYiOiIwLjAuMDAwMCIsIlAiOiJXaW4zMiIsIkFOIjoiTWFpbCIsIldUIjoyfQ%3D%3D%7C0%7C%7C%7C&amp;sdata=RL7Kz0n%2B%2FmsGxoMU%2FiXlfoJn29srnTjymjFTX8WCIVM%3D&amp;reserved=0\">Podcast \u2013 Kudelma<\/a> (jakso 3) <strong>Satu Aavanranta<\/strong> &amp; co., &#8221;Ketk\u00e4 kaikki ovat kunnan asukkaita?&#8221;<\/li>\n\n\n\n<li>19.11.2025 <strong><a href=\"https:\/\/erepo.uef.fi\/browse\/author?startsWith=Holma,%20Silja\">Holma, Silja,&nbsp;<\/a><\/strong><a href=\"https:\/\/erepo.uef.fi\/browse\/author?startsWith=Laininen,%20Erkka\">Laininen, E. &amp;&nbsp;<\/a><a href=\"https:\/\/erepo.uef.fi\/browse\/author?startsWith=Joutsenvirta,%20Maria\">Joutsenvirta, M.:<\/a>&nbsp;<a href=\"https:\/\/erepo.uef.fi\/items\/2ad6d201-2470-49de-bf94-87d6454a8de7\">Planetaarinen opettajuus ja oppiminen : ty\u00f6kirja kest\u00e4v\u00e4n tulevaisuuden rakentajille<\/a><\/li>\n\n\n\n<li>28.10.2025 <strong>Toikka, Miia<\/strong> ja Autioniemi, Jari. <a href=\"https:\/\/politiikasta.fi\/voiko-virkamies-olla-kestavyystoimija\/\">Voiko virkamies olla kest\u00e4vyystoimija? \u2013 Politiikasta<\/a> -tiedeverkkolehti&nbsp;<\/li>\n\n\n\n<li>28.9.2025 Taloussanomat:<a href=\"https:\/\/www.is.fi\/taloussanomat\/art-2000011509840.html\"> Professori n\u00e4kee, miten ihmiset suorittavat ja suorittavat, vaikka nyt tarvittaisiin jotain ihan muuta <\/a><\/li>\n\n\n\n<li>22.9.2025: <strong>Kristiina Tolvasen<\/strong> ja Turun yliopiston &amp; Biodiful-hankkeen blogi: <a href=\"https:\/\/biodiful.fi\/blogi\/kurkistus-metsiemme-menneisyyteen-ja-tulevaisuuteen\/\">Kurkistus metsiemme menneisyyteen \u2013 ja tulevaisuuteen? &#8211; Biodiful<\/a><\/li>\n\n\n\n<li>18.8.2025:<strong> Vilma Ristikankaan<\/strong> blogi The OSCE\u00b4s resilience to what? <a href=\"https:\/\/www.widersecurity.fi\/blogit\/archives\/08-2025\">Blogiarkistot &#8211; Wider Security Network<\/a><\/li>\n\n\n\n<li>5.6.2025: SusTran yhteinen #Sopuli -tohtorikurssi, yksitt\u00e4isi\u00e4 luentoja voi my\u00f6s seurata verkossa #StudiaGeneralia: <a href=\"https:\/\/www.uef.fi\/fi\/artikkeli\/alan-parhailta-asiantuntijoilta-kokonaisvaltainen-katsaus-kestavyysmurrokseen-avoin-luentosarja-ja\">Alan parhailta asiantuntijoilta kokonaisvaltainen katsaus kest\u00e4vyysmurrokseen \u2013 avoin luentosarja ja tohtorikurssi syksyll\u00e4 | It\u00e4-Suomen yliopisto<\/a><\/li>\n\n\n\n<li>15.5.2026 Mazac, R., Kaljonen, M., <strong>Kurki, Kaisa,<\/strong> R\u00e4ty, N., Tuovila, S., &amp; Herzon, I. (2025).&nbsp;<a href=\"https:\/\/www.tandfonline.com\/doi\/full\/10.1080\/15710882.2025.2501067\">Full article: Planetary plate puzzle: a serious game for deliberating sufficient future diets<\/a> <em>CoDesign<\/em>, 1\u201325. <\/li>\n\n\n\n<li>25.2.2025: <a href=\"https:\/\/www.uef.fi\/fi\/artikkeli\/kestavyysmurros-tiimi-sai-ita-suomen-yliopiston-ensimmaisen-vaikuttavuuspalkinnon\">Kest\u00e4vyysmurros-tiimi sai It\u00e4-Suomen yliopiston ensimm\u00e4isen vaikuttavuuspalkinnon | It\u00e4-Suomen yliopisto<\/a><\/li>\n\n\n\n<li>16.2.2025: <a href=\"https:\/\/yle.fi\/a\/74-20143484\">Mets\u00e4suru on Suomessa kielletty tunne, sanoo psykologi Juni Sinkkonen | Kotimaa | Yle<\/a><\/li>\n\n\n\n<li>4.2.2025: SusTra sitoutunut tukemaan Suomalaisen Tiedeakatemian julkilausumaa: <a href=\"https:\/\/acadsci.fi\/uutiset\/tiedeyhteiso-ja-tieteen-rahoittajat-sitoutuvat-yhteistyohon-kestavyysmurroksen-vauhdittamiseksi\/\">Tiedeyhteis\u00f6 ja tieteen rahoittajat sitoutuvat yhteisty\u00f6h\u00f6n kest\u00e4vyysmurroksen vauhdittamiseksi &#8211; Tiedeakatemia<\/a><\/li>\n\n\n\n<li>9.12.2024: <strong>Kaisa Kurjen<\/strong> ja Niko R\u00e4dyn artikkeli Kehittyv\u00e4 Elintarvike -tiedelehdess\u00e4: <a href=\"https:\/\/kehittyvaelintarvike.fi\/artikkelit\/teemajutut\/tiede-tutkimus\/peli-tutkimusmenetelmana-luo-avoimen-keskusteluilmapiirin\/\">Peli tutkimusmenetelm\u00e4n\u00e4 luo avoimen keskusteluilmapiirin&nbsp; &#8211; Kehittyv\u00e4 Elintarvike<\/a><\/li>\n\n\n\n<li>9.12.2024: Artikkeli SusTran v\u00e4it\u00f6skirjatutkija <strong>Juni Sinkkosesta<\/strong> <a href=\"https:\/\/www.uef.fi\/fi\/artikkeli\/kestavyyskriisi-haastaa-myos-psykologian\">Kest\u00e4vyyskriisi haastaa my\u00f6s psykologian | It\u00e4-Suomen yliopisto<\/a><\/li>\n\n\n\n<li>11.11.2024: UEF Puheenvuoroja -blogi <em><a href=\"https:\/\/blogs.uef.fi\/puheenvuoroja\/2024\/11\/11\/kestavyysmurros-tohtoripilotti-suuntaa-yhteistyohon-tyoelaman-kanssa\/\">Kest\u00e4vyysmurros-tohtoripilotti suuntaa yhteisty\u00f6h\u00f6n ty\u00f6el\u00e4m\u00e4n kanssa<\/a><\/em><\/li>\n\n\n\n<li>6.9.2024: <a href=\"https:\/\/oulunyliopisto.varbi.com\/what:job\/jobID:742741\/\">Kaksi avointa v\u00e4it\u00f6skirjatutkijan paikkaa Oulun yliopistossa \u2013 haku 6.10.24 menness\u00e4: planetaarinen terveys, SusTra<\/a><\/li>\n\n\n\n<li>5.8.2024: <a href=\"https:\/\/www.syke.fi\/fi\/tietoa-meista\/blogit-ja-podcastit\/kaisa-kurki-ja-niko-raty-pelin-avulla-kohti-avointa-ja-mielekasta-ruokakeskustelua\">Kaisa Kurki ja Niko R\u00e4ty: Pelin avulla kohti avointa ja mielek\u00e4st\u00e4 ruokakeskustelua<\/a><\/li>\n\n\n\n<li>7.6.2024: <a href=\"https:\/\/nessling.fi\/nesslingin-saatio-yhteistyo-kestavyysmurroksen-tohtoripilotti\/\">Nesslingin s\u00e4\u00e4ti\u00f6 aloittaa yhteisty\u00f6n kest\u00e4vyysmurroksen tohtoripilotin kanssa \u2013 \u201dMeill\u00e4 on kiire sel\u00e4tt\u00e4\u00e4 ekokriisi\u201d \u2013 Maj ja Tor Nesslingin s\u00e4\u00e4ti\u00f6<\/a><\/li>\n\n\n\n<li>27.5.24: <a href=\"https:\/\/www.uef.fi\/fi\/artikkeli\/kestavyysmurros-tohtorikoulutuspilotin-tutkimuspaallikoksi-meri-loyttyniemi\">Kest\u00e4vyysmurros-tohtorikoulutuspilotin tutkimusp\u00e4\u00e4llik\u00f6ksi Meri L\u00f6yttyniemi | It\u00e4-Suomen yliopisto (uef.fi)<\/a><\/li>\n\n\n\n<li>25.4.24: <a href=\"https:\/\/www.jyu.fi\/fi\/uutinen\/tohtorikoulutuspilotin-rekrytoinnit-kaynnissa-kiinnostus-paikkoja-kohtaan-suurta\">Tohtorikoulutuspilotin rekrytoinnit k\u00e4ynniss\u00e4 \u2013 kiinnostus paikkoja kohtaan suurta | Jyv\u00e4skyl\u00e4n yliopisto (jyu.fi)<\/a><\/li>\n\n\n\n<li>1.3.24: <a href=\"https:\/\/www.uef.fi\/fi\/artikkeli\/kestavyysmurroksen-tohtorikoulutus-kaynnistyy-suomessa\">Kest\u00e4vyysmurroksen tohtorikoulutus k\u00e4ynnistyy Suomessa | It\u00e4-Suomen yliopisto (uef.fi)<\/a><\/li>\n\n\n\n<li>7.2.2024: <a href=\"https:\/\/okm.fi\/-\/yliopistoille-lisarahoitus-tuhannen-uuden-tohtorin-kouluttamiseen\">Yliopistoille lis\u00e4rahoitus tuhannen uuden tohtorin kouluttamiseen &#8211; OKM &#8211; Opetus- ja kulttuuriministeri\u00f6<\/a><\/li>\n<\/ul>\n\n\n\n<p><\/p>\n","protected":false},"excerpt":{"rendered":"<p>L\u00e4het\u00e4 s\u00e4hk\u00f6postia jos haluat seurata uutisia Kest\u00e4vyysmurros-tohtorikoulutuspilotista tai saada tietoa tulevista tapahtumista.<\/p>\n","protected":false},"author":1173,"featured_media":0,"parent":0,"menu_order":0,"comment_status":"closed","ping_status":"closed","template":"","meta":{"_acf_changed":false,"footnotes":""},"class_list":["post-337","page","type-page","status-publish","hentry"],"acf":[],"yoast_head":"<!-- This site is optimized with the Yoast SEO plugin v27.1.1 - https:\/\/yoast.com\/product\/yoast-seo-wordpress\/ -->\n<title>Uutisia, artikkeleita - Kest\u00e4vyysmurros-tohtorikoulutuspilotti<\/title>\n<meta name=\"robots\" content=\"index, follow, max-snippet:-1, max-image-preview:large, max-video-preview:-1\" \/>\n<link rel=\"canonical\" href=\"https:\/\/sites.uef.fi\/sustra\/uutisia\/\" \/>\n<meta property=\"og:locale\" content=\"fi_FI\" \/>\n<meta property=\"og:type\" content=\"article\" \/>\n<meta property=\"og:title\" content=\"Uutisia, artikkeleita - Kest\u00e4vyysmurros-tohtorikoulutuspilotti\" \/>\n<meta property=\"og:description\" content=\"L\u00e4het\u00e4 s\u00e4hk\u00f6postia jos haluat seurata uutisia Kest\u00e4vyysmurros-tohtorikoulutuspilotista tai saada tietoa tulevista tapahtumista.\" \/>\n<meta property=\"og:url\" content=\"https:\/\/sites.uef.fi\/sustra\/uutisia\/\" \/>\n<meta property=\"og:site_name\" content=\"Kest\u00e4vyysmurros-tohtorikoulutuspilotti\" \/>\n<meta property=\"article:modified_time\" content=\"2026-03-31T12:00:03+00:00\" \/>\n<meta name=\"twitter:card\" content=\"summary_large_image\" \/>\n<meta name=\"twitter:label1\" content=\"Arvioitu lukuaika\" \/>\n\t<meta name=\"twitter:data1\" content=\"4 minuuttia\" \/>\n<script type=\"application\/ld+json\" class=\"yoast-schema-graph\">{\"@context\":\"https:\/\/schema.org\",\"@graph\":[{\"@type\":\"WebPage\",\"@id\":\"https:\/\/sites.uef.fi\/sustra\/uutisia\/\",\"url\":\"https:\/\/sites.uef.fi\/sustra\/uutisia\/\",\"name\":\"Uutisia, artikkeleita - Kest\u00e4vyysmurros-tohtorikoulutuspilotti\",\"isPartOf\":{\"@id\":\"https:\/\/sites.uef.fi\/sustra\/#website\"},\"datePublished\":\"2024-09-03T11:16:43+00:00\",\"dateModified\":\"2026-03-31T12:00:03+00:00\",\"breadcrumb\":{\"@id\":\"https:\/\/sites.uef.fi\/sustra\/uutisia\/#breadcrumb\"},\"inLanguage\":\"fi\",\"potentialAction\":[{\"@type\":\"ReadAction\",\"target\":[\"https:\/\/sites.uef.fi\/sustra\/uutisia\/\"]}]},{\"@type\":\"BreadcrumbList\",\"@id\":\"https:\/\/sites.uef.fi\/sustra\/uutisia\/#breadcrumb\",\"itemListElement\":[{\"@type\":\"ListItem\",\"position\":1,\"name\":\"Home\",\"item\":\"https:\/\/sites.uef.fi\/sustra\/\"},{\"@type\":\"ListItem\",\"position\":2,\"name\":\"Uutisia, artikkeleita\"}]},{\"@type\":\"WebSite\",\"@id\":\"https:\/\/sites.uef.fi\/sustra\/#website\",\"url\":\"https:\/\/sites.uef.fi\/sustra\/\",\"name\":\"Kest\u00e4vyysmurros-tohtorikoulutuspilotti\",\"description\":\"\",\"potentialAction\":[{\"@type\":\"SearchAction\",\"target\":{\"@type\":\"EntryPoint\",\"urlTemplate\":\"https:\/\/sites.uef.fi\/sustra\/?s={search_term_string}\"},\"query-input\":{\"@type\":\"PropertyValueSpecification\",\"valueRequired\":true,\"valueName\":\"search_term_string\"}}],\"inLanguage\":\"fi\"}]}<\/script>\n<!-- \/ Yoast SEO plugin. -->","yoast_head_json":{"title":"Uutisia, artikkeleita - Kest\u00e4vyysmurros-tohtorikoulutuspilotti","robots":{"index":"index","follow":"follow","max-snippet":"max-snippet:-1","max-image-preview":"max-image-preview:large","max-video-preview":"max-video-preview:-1"},"canonical":"https:\/\/sites.uef.fi\/sustra\/uutisia\/","og_locale":"fi_FI","og_type":"article","og_title":"Uutisia, artikkeleita - Kest\u00e4vyysmurros-tohtorikoulutuspilotti","og_description":"L\u00e4het\u00e4 s\u00e4hk\u00f6postia jos haluat seurata uutisia Kest\u00e4vyysmurros-tohtorikoulutuspilotista tai saada tietoa tulevista tapahtumista.","og_url":"https:\/\/sites.uef.fi\/sustra\/uutisia\/","og_site_name":"Kest\u00e4vyysmurros-tohtorikoulutuspilotti","article_modified_time":"2026-03-31T12:00:03+00:00","twitter_card":"summary_large_image","twitter_misc":{"Arvioitu lukuaika":"4 minuuttia"},"schema":{"@context":"https:\/\/schema.org","@graph":[{"@type":"WebPage","@id":"https:\/\/sites.uef.fi\/sustra\/uutisia\/","url":"https:\/\/sites.uef.fi\/sustra\/uutisia\/","name":"Uutisia, artikkeleita - Kest\u00e4vyysmurros-tohtorikoulutuspilotti","isPartOf":{"@id":"https:\/\/sites.uef.fi\/sustra\/#website"},"datePublished":"2024-09-03T11:16:43+00:00","dateModified":"2026-03-31T12:00:03+00:00","breadcrumb":{"@id":"https:\/\/sites.uef.fi\/sustra\/uutisia\/#breadcrumb"},"inLanguage":"fi","potentialAction":[{"@type":"ReadAction","target":["https:\/\/sites.uef.fi\/sustra\/uutisia\/"]}]},{"@type":"BreadcrumbList","@id":"https:\/\/sites.uef.fi\/sustra\/uutisia\/#breadcrumb","itemListElement":[{"@type":"ListItem","position":1,"name":"Home","item":"https:\/\/sites.uef.fi\/sustra\/"},{"@type":"ListItem","position":2,"name":"Uutisia, artikkeleita"}]},{"@type":"WebSite","@id":"https:\/\/sites.uef.fi\/sustra\/#website","url":"https:\/\/sites.uef.fi\/sustra\/","name":"Kest\u00e4vyysmurros-tohtorikoulutuspilotti","description":"","potentialAction":[{"@type":"SearchAction","target":{"@type":"EntryPoint","urlTemplate":"https:\/\/sites.uef.fi\/sustra\/?s={search_term_string}"},"query-input":{"@type":"PropertyValueSpecification","valueRequired":true,"valueName":"search_term_string"}}],"inLanguage":"fi"}]}},"_links":{"self":[{"href":"https:\/\/sites.uef.fi\/sustra\/wp-json\/wp\/v2\/pages\/337","targetHints":{"allow":["GET"]}}],"collection":[{"href":"https:\/\/sites.uef.fi\/sustra\/wp-json\/wp\/v2\/pages"}],"about":[{"href":"https:\/\/sites.uef.fi\/sustra\/wp-json\/wp\/v2\/types\/page"}],"author":[{"embeddable":true,"href":"https:\/\/sites.uef.fi\/sustra\/wp-json\/wp\/v2\/users\/1173"}],"replies":[{"embeddable":true,"href":"https:\/\/sites.uef.fi\/sustra\/wp-json\/wp\/v2\/comments?post=337"}],"version-history":[{"count":1,"href":"https:\/\/sites.uef.fi\/sustra\/wp-json\/wp\/v2\/pages\/337\/revisions"}],"predecessor-version":[{"id":1442,"href":"https:\/\/sites.uef.fi\/sustra\/wp-json\/wp\/v2\/pages\/337\/revisions\/1442"}],"wp:attachment":[{"href":"https:\/\/sites.uef.fi\/sustra\/wp-json\/wp\/v2\/media?parent=337"}],"curies":[{"name":"wp","href":"https:\/\/api.w.org\/{rel}","templated":true}]}}