{"id":349,"date":"2024-09-03T13:19:21","date_gmt":"2024-09-03T11:19:21","guid":{"rendered":"https:\/\/sites.uef.fi\/sustra\/?page_id=349"},"modified":"2026-03-04T14:15:46","modified_gmt":"2026-03-04T12:15:46","slug":"kontakti","status":"publish","type":"page","link":"https:\/\/sites.uef.fi\/sustra\/kontakti\/","title":{"rendered":"Yhteystiedot"},"content":{"rendered":"\n<p><strong>Yhteisty\u00f6 Kest\u00e4vyysmurros-tohtorikoulutuspilotin kanssa<\/strong><\/p>\n\n\n\n<p>Kiinnostaako Kest\u00e4vyysmurros-tohtorikoulutuspilotti? Keskustelemme mielell\u00e4mme kumppanuudesta. V\u00e4it\u00f6skirjatutkijoitamme ohjaavat akateemisten ohjaajien lis\u00e4ksi <a href=\"https:\/\/sites.uef.fi\/sustra\/mentorointi\/\">ty\u00f6el\u00e4m\u00e4mentorit<\/a>.  Ota yhteytt\u00e4, jos olet kiinnostunut yhteisty\u00f6st\u00e4, tai olette kiinnostuneita tarjoamaan ty\u00f6- tai harjoittelupaikkaa. V\u00e4it\u00f6skirjatutkijoiden aiheita <a href=\"https:\/\/sites.uef.fi\/sustra\/vaitoskirjatutkijat\/\"><span style=\"text-decoration: underline\">t\u00e4\u00e4ll\u00e4<\/span><\/a><em>.<\/em><\/p>\n\n\n\n<p><\/p>\n\n\n\n<p><strong>SusTra-uutiset ja LinkedIn<\/strong><\/p>\n\n\n\n<p>Oletko kiinnostunut Kest\u00e4vyysmurros-tohtorikoulutuspilotin tilaisuuksista ja muista uutisista? Tilaa uutiset s\u00e4hk\u00f6postiisi l\u00e4hett\u00e4m\u00e4ll\u00e4 l\u00e4hett\u00e4m\u00e4ll\u00e4 viesti\u00e4 <a href=\"meri.loyttyniemi@uef.fi\">Meri L\u00f6yttyniemelle<\/a>. <\/p>\n\n\n\n<p>Kest\u00e4vyysmurros-tohtoripilotin sivulta LinkedIniss\u00e4 l\u00f6ytyy pilotin piiriss\u00e4 julkaistavia artikkeleita ja tapahtumia. Ota sivu seurantaan! <a href=\"https:\/\/www.linkedin.com\/company\/sustainability-transformations-doctoral-pilot\/\">Sustainability Transformations Doctoral Pilot (SusTra)<\/a><\/p>\n\n\n\n<p><strong>SusTran tutkijayhteis\u00f6<\/strong><\/p>\n\n\n\n<p>Oletko v\u00e4it\u00f6skirjatutkija tai post-doc ja aiheenasi kest\u00e4vyysmurros tai siihen liittyv\u00e4t teemat? Liity mukaan Kest\u00e4vyysmurros-tutkijayhteis\u00f6\u00f6n t\u00e4ytt\u00e4m\u00e4ll\u00e4 lyhyt <a href=\"https:\/\/forms.office.com\/e\/gCe09ueHFc\">hakemuslomake<\/a>. <\/p>\n\n\n\n<div class=\"person-card\">\n        <h2>Yhteystiedot<\/h2>\n    \n                    <a href=\"https:\/\/uefconnect.uef.fi\/henkilo\/meri.loyttyniemi\/\" class=\"person-card-link hover-scale-down\">\n                            <div class=\"person-card-item\">\n                    <div class=\"person-card-column-left\">\n                                                    <img decoding=\"async\" class=\"person-card-image\" src=\"https:\/\/sites.uef.fi\/sustra\/wp-content\/uploads\/sites\/492\/2024\/09\/Meri-Loyttyniemi-2022.png\" alt=\"Meri L\u00f6yttyniemi valokuvaaja Cvijeta Miljak\" \/>\n                                            <\/div>\n\n                    <div class=\"person-card-column-right\">\n                                                <p class=\"person-card-name\">Meri L\u00f6yttyniemi<\/p>\n                        \n                                                <p class=\"person-card-position\">Pilotin tutkimusp\u00e4\u00e4llikk\u00f6<\/p>\n                        \n                                                <p class=\"person-card-organisation\">It\u00e4-Suomen yliopisto<\/p>\n                        \n                        \n                                                    <div>\n\t\t\t\t\t\t\t<svg xmlns=\"http:\/\/www.w3.org\/2000\/svg\" height=\"25px\" viewBox=\"0 -960 960 960\" width=\"24px\" ><path fill=\"currentColor\" d=\"M200-120q-33 0-56.5-23.5T120-200v-560q0-33 23.5-56.5T200-840h280v80H200v560h560v-280h80v280q0 33-23.5 56.5T760-120H200Zm188-212-56-56 372-372H560v-80h280v280h-80v-144L388-332Z\"\/><\/svg>\t\t\t\t\t\t\t<\/div>\n                                            <\/div>\n                <\/div>\n                            <\/a>\n                            <\/div>\n\n\n\n<div class=\"person-card\">\n    \n                    <a href=\"https:\/\/uefconnect.uef.fi\/arto.salonen\/\" class=\"person-card-link hover-scale-down\">\n                            <div class=\"person-card-item\">\n                    <div class=\"person-card-column-left\">\n                                                    <img decoding=\"async\" class=\"person-card-image\" src=\"https:\/\/sites.uef.fi\/sustra\/wp-content\/uploads\/sites\/492\/2025\/01\/UEF-Arto-O.-Salonen.jpg\" alt=\"Valokuva Arto O. Salonen\" \/>\n                                            <\/div>\n\n                    <div class=\"person-card-column-right\">\n                                                <p class=\"person-card-name\">Arto O. Salonen<\/p>\n                        \n                                                <p class=\"person-card-position\">Pilotin akateeminen johtaja, professori<\/p>\n                        \n                                                <p class=\"person-card-organisation\">It\u00e4-Suomen yliopisto<\/p>\n                        \n                        \n                                                    <div>\n\t\t\t\t\t\t\t<svg xmlns=\"http:\/\/www.w3.org\/2000\/svg\" height=\"25px\" viewBox=\"0 -960 960 960\" width=\"24px\" ><path fill=\"currentColor\" d=\"M200-120q-33 0-56.5-23.5T120-200v-560q0-33 23.5-56.5T200-840h280v80H200v560h560v-280h80v280q0 33-23.5 56.5T760-120H200Zm188-212-56-56 372-372H560v-80h280v280h-80v-144L388-332Z\"\/><\/svg>\t\t\t\t\t\t\t<\/div>\n                                            <\/div>\n                <\/div>\n                            <\/a>\n                            <\/div>\n\n\n\n<p><\/p>\n\n\n\n<p><\/p>\n\n\n\n<h5 class=\"wp-block-heading\">SusTran v\u00e4it\u00f6skirjatutkijat <a href=\"https:\/\/sites.uef.fi\/sustra\/doctoral-researchers\/?lang=en\">t\u00e4\u00e4ll\u00e4<\/a><\/h5>\n\n\n\n<h5 class=\"wp-block-heading\"><\/h5>\n\n\n\n<p><strong>Oppimisalusta<\/strong><\/p>\n\n\n\n<p>P\u00e4\u00e4sy SusTran sis\u00e4iselle <a href=\"https:\/\/digicampus.fi\/course\/view.php?id=5611\">digicampus-oppimisalustalle<\/a> on kaikilla tohtorikoulutuspilotissa mukana olevilla tahoilla.<\/p>\n\n\n\n<p><strong>SusTran neuvottelukunnan (Advisory Board) j\u00e4senet<\/strong><\/p>\n\n\n\n<ul class=\"wp-block-list\">\n<li>Arto O. Salonen (pj), It\u00e4-Suomen yliopisto<\/li>\n\n\n\n<li><a href=\"https:\/\/www.uwasa.fi\/fi\/henkilo\/2236108\">Harri Jalonen, Vaasan yliopisto<\/a><\/li>\n\n\n\n<li><a href=\"https:\/\/www.utu.fi\/fi\/ihmiset\/ilari-saaksjarvi\">Ilari S\u00e4\u00e4ksj\u00e4rvi, Turun yliopisto<\/a><\/li>\n\n\n\n<li><a href=\"https:\/\/research.ulapland.fi\/fi\/persons\/ilkka-ratinen\">Ilkka Ratinen, Lapin yliopisto<\/a><\/li>\n\n\n\n<li><a href=\"https:\/\/www.jyu.fi\/fi\/henkilot\/janne-kotiaho\">Janne Kotiaho, Jyv\u00e4skyl\u00e4n yliopisto<\/a><\/li>\n\n\n\n<li><a href=\"https:\/\/www.oulu.fi\/fi\/tutkijat\/jouni-j-k-jaakkola\">Jouni Jaakkola, Oulun yliopisto<\/a><\/li>\n\n\n\n<li><a href=\"https:\/\/www.lut.fi\/fi\/profiilit\/lassi-linnanen\">Lassi Linnanen, LUT-yliopisto<\/a><\/li>\n\n\n\n<li><a href=\"https:\/\/researchportal-test.tuni.fi\/fi\/persons\/leena-aarikka-stenroos\">Leena Aarikka-Stenroos, Tampereen yliopisto<\/a><\/li>\n\n\n\n<li><a href=\"https:\/\/www.aalto.fi\/fi\/ihmiset\/minna-halme\">Minna Halme, Aalto-yliopisto<\/a><\/li>\n\n\n\n<li><a href=\"https:\/\/researchportal.helsinki.fi\/fi\/persons\/reetta-toivanen\">Reetta Toivanen, Helsingin yliopisto<\/a><\/li>\n\n\n\n<li><a href=\"https:\/\/www.syke.fi\/fi\/asiantuntijat\/riikka-paloniemi\">Riikka Paloniemi, SYKE<\/a><\/li>\n\n\n\n<li><a href=\"https:\/\/nessling.fi\/viestinnan-asiantuntija-enni-sahlman\/\">Enni Sahlman, Nesslingin s\u00e4\u00e4ti\u00f6<\/a><\/li>\n\n\n\n<li><a href=\"https:\/\/www.unipid.fi\/unipid\/contacts-and-staff\/\">Kaisa E. Kurki, UniPID-verkosto ja HY<\/a><\/li>\n\n\n\n<li><a href=\"https:\/\/fibsry.fi\/yhteystiedot\/\">Kimmo J. Lipponen, FiBS ry<\/a><\/li>\n\n\n\n<li><a href=\"https:\/\/www.nyyti.fi\/yhteystiedot\/henkilokunta\/\">Sini Forssell, Nyyti ry<\/a><\/li>\n\n\n\n<li><a href=\"https:\/\/www.jyu.fi\/en\/people\/laura-tuominen\">Laura S. Tuominen<\/a> opiskelijoiden edustaja, JyU.Wisdom<\/li>\n\n\n\n<li>Meri L\u00f6yttyniemi (koordinaatio), UEF<\/li>\n<\/ul>\n\n\n\n<h5 class=\"wp-block-heading\"><\/h5>\n\n\n\n<h5 class=\"wp-block-heading\"><strong>SusTran rahoitusp\u00e4\u00e4t\u00f6snumero<\/strong><\/h5>\n\n\n\n<p>Kest\u00e4vyysmurros-tohtorikoulutuspilotti, opetus- ja kulttuuriministeri\u00f6n rahoitusp\u00e4\u00e4t\u00f6s nro OKM\/7\/523\/2024.<\/p>\n","protected":false},"excerpt":{"rendered":"<p>Yhteisty\u00f6 Kest\u00e4vyysmurros-tohtorikoulutuspilotin kanssa Kiinnostaako Kest\u00e4vyysmurros-tohtorikoulutuspilotti? Keskustelemme mielell\u00e4mme kumppanuudesta. V\u00e4it\u00f6skirjatutkijoitamme ohjaavat akateemisten ohjaajien lis\u00e4ksi ty\u00f6el\u00e4m\u00e4mentorit. Ota yhteytt\u00e4, jos olet kiinnostunut yhteisty\u00f6st\u00e4, tai olette kiinnostuneita tarjoamaan ty\u00f6- tai harjoittelupaikkaa. V\u00e4it\u00f6skirjatutkijoiden aiheita t\u00e4\u00e4ll\u00e4. SusTra-uutiset ja LinkedIn Oletko kiinnostunut Kest\u00e4vyysmurros-tohtorikoulutuspilotin tilaisuuksista ja muista uutisista? Tilaa uutiset s\u00e4hk\u00f6postiisi l\u00e4hett\u00e4m\u00e4ll\u00e4 l\u00e4hett\u00e4m\u00e4ll\u00e4 viesti\u00e4 Meri L\u00f6yttyniemelle. Kest\u00e4vyysmurros-tohtoripilotin sivulta LinkedIniss\u00e4 l\u00f6ytyy pilotin piiriss\u00e4 julkaistavia [&hellip;]<\/p>\n","protected":false},"author":1173,"featured_media":0,"parent":0,"menu_order":0,"comment_status":"closed","ping_status":"closed","template":"","meta":{"_acf_changed":false,"footnotes":""},"class_list":["post-349","page","type-page","status-publish","hentry"],"acf":[],"yoast_head":"<!-- This site is optimized with the Yoast SEO plugin v27.1.1 - https:\/\/yoast.com\/product\/yoast-seo-wordpress\/ -->\n<title>Yhteystiedot - Kest\u00e4vyysmurros-tohtorikoulutuspilotti<\/title>\n<meta name=\"robots\" content=\"index, follow, max-snippet:-1, max-image-preview:large, max-video-preview:-1\" \/>\n<link rel=\"canonical\" href=\"https:\/\/sites.uef.fi\/sustra\/kontakti\/\" \/>\n<meta property=\"og:locale\" content=\"fi_FI\" \/>\n<meta property=\"og:type\" content=\"article\" \/>\n<meta property=\"og:title\" content=\"Yhteystiedot - Kest\u00e4vyysmurros-tohtorikoulutuspilotti\" \/>\n<meta property=\"og:description\" content=\"Yhteisty\u00f6 Kest\u00e4vyysmurros-tohtorikoulutuspilotin kanssa Kiinnostaako Kest\u00e4vyysmurros-tohtorikoulutuspilotti? Keskustelemme mielell\u00e4mme kumppanuudesta. V\u00e4it\u00f6skirjatutkijoitamme ohjaavat akateemisten ohjaajien lis\u00e4ksi ty\u00f6el\u00e4m\u00e4mentorit. Ota yhteytt\u00e4, jos olet kiinnostunut yhteisty\u00f6st\u00e4, tai olette kiinnostuneita tarjoamaan ty\u00f6- tai harjoittelupaikkaa. V\u00e4it\u00f6skirjatutkijoiden aiheita t\u00e4\u00e4ll\u00e4. SusTra-uutiset ja LinkedIn Oletko kiinnostunut Kest\u00e4vyysmurros-tohtorikoulutuspilotin tilaisuuksista ja muista uutisista? Tilaa uutiset s\u00e4hk\u00f6postiisi l\u00e4hett\u00e4m\u00e4ll\u00e4 l\u00e4hett\u00e4m\u00e4ll\u00e4 viesti\u00e4 Meri L\u00f6yttyniemelle. Kest\u00e4vyysmurros-tohtoripilotin sivulta LinkedIniss\u00e4 l\u00f6ytyy pilotin piiriss\u00e4 julkaistavia [&hellip;]\" \/>\n<meta property=\"og:url\" content=\"https:\/\/sites.uef.fi\/sustra\/kontakti\/\" \/>\n<meta property=\"og:site_name\" content=\"Kest\u00e4vyysmurros-tohtorikoulutuspilotti\" \/>\n<meta property=\"article:modified_time\" content=\"2026-03-04T12:15:46+00:00\" \/>\n<meta name=\"twitter:card\" content=\"summary_large_image\" \/>\n<meta name=\"twitter:label1\" content=\"Arvioitu lukuaika\" \/>\n\t<meta name=\"twitter:data1\" content=\"2 minuuttia\" \/>\n<script type=\"application\/ld+json\" class=\"yoast-schema-graph\">{\"@context\":\"https:\/\/schema.org\",\"@graph\":[{\"@type\":\"WebPage\",\"@id\":\"https:\/\/sites.uef.fi\/sustra\/kontakti\/\",\"url\":\"https:\/\/sites.uef.fi\/sustra\/kontakti\/\",\"name\":\"Yhteystiedot - Kest\u00e4vyysmurros-tohtorikoulutuspilotti\",\"isPartOf\":{\"@id\":\"https:\/\/sites.uef.fi\/sustra\/#website\"},\"datePublished\":\"2024-09-03T11:19:21+00:00\",\"dateModified\":\"2026-03-04T12:15:46+00:00\",\"breadcrumb\":{\"@id\":\"https:\/\/sites.uef.fi\/sustra\/kontakti\/#breadcrumb\"},\"inLanguage\":\"fi\",\"potentialAction\":[{\"@type\":\"ReadAction\",\"target\":[\"https:\/\/sites.uef.fi\/sustra\/kontakti\/\"]}]},{\"@type\":\"BreadcrumbList\",\"@id\":\"https:\/\/sites.uef.fi\/sustra\/kontakti\/#breadcrumb\",\"itemListElement\":[{\"@type\":\"ListItem\",\"position\":1,\"name\":\"Home\",\"item\":\"https:\/\/sites.uef.fi\/sustra\/\"},{\"@type\":\"ListItem\",\"position\":2,\"name\":\"Yhteystiedot\"}]},{\"@type\":\"WebSite\",\"@id\":\"https:\/\/sites.uef.fi\/sustra\/#website\",\"url\":\"https:\/\/sites.uef.fi\/sustra\/\",\"name\":\"Kest\u00e4vyysmurros-tohtorikoulutuspilotti\",\"description\":\"\",\"potentialAction\":[{\"@type\":\"SearchAction\",\"target\":{\"@type\":\"EntryPoint\",\"urlTemplate\":\"https:\/\/sites.uef.fi\/sustra\/?s={search_term_string}\"},\"query-input\":{\"@type\":\"PropertyValueSpecification\",\"valueRequired\":true,\"valueName\":\"search_term_string\"}}],\"inLanguage\":\"fi\"}]}<\/script>\n<!-- \/ Yoast SEO plugin. -->","yoast_head_json":{"title":"Yhteystiedot - Kest\u00e4vyysmurros-tohtorikoulutuspilotti","robots":{"index":"index","follow":"follow","max-snippet":"max-snippet:-1","max-image-preview":"max-image-preview:large","max-video-preview":"max-video-preview:-1"},"canonical":"https:\/\/sites.uef.fi\/sustra\/kontakti\/","og_locale":"fi_FI","og_type":"article","og_title":"Yhteystiedot - Kest\u00e4vyysmurros-tohtorikoulutuspilotti","og_description":"Yhteisty\u00f6 Kest\u00e4vyysmurros-tohtorikoulutuspilotin kanssa Kiinnostaako Kest\u00e4vyysmurros-tohtorikoulutuspilotti? Keskustelemme mielell\u00e4mme kumppanuudesta. V\u00e4it\u00f6skirjatutkijoitamme ohjaavat akateemisten ohjaajien lis\u00e4ksi ty\u00f6el\u00e4m\u00e4mentorit. Ota yhteytt\u00e4, jos olet kiinnostunut yhteisty\u00f6st\u00e4, tai olette kiinnostuneita tarjoamaan ty\u00f6- tai harjoittelupaikkaa. V\u00e4it\u00f6skirjatutkijoiden aiheita t\u00e4\u00e4ll\u00e4. SusTra-uutiset ja LinkedIn Oletko kiinnostunut Kest\u00e4vyysmurros-tohtorikoulutuspilotin tilaisuuksista ja muista uutisista? Tilaa uutiset s\u00e4hk\u00f6postiisi l\u00e4hett\u00e4m\u00e4ll\u00e4 l\u00e4hett\u00e4m\u00e4ll\u00e4 viesti\u00e4 Meri L\u00f6yttyniemelle. Kest\u00e4vyysmurros-tohtoripilotin sivulta LinkedIniss\u00e4 l\u00f6ytyy pilotin piiriss\u00e4 julkaistavia [&hellip;]","og_url":"https:\/\/sites.uef.fi\/sustra\/kontakti\/","og_site_name":"Kest\u00e4vyysmurros-tohtorikoulutuspilotti","article_modified_time":"2026-03-04T12:15:46+00:00","twitter_card":"summary_large_image","twitter_misc":{"Arvioitu lukuaika":"2 minuuttia"},"schema":{"@context":"https:\/\/schema.org","@graph":[{"@type":"WebPage","@id":"https:\/\/sites.uef.fi\/sustra\/kontakti\/","url":"https:\/\/sites.uef.fi\/sustra\/kontakti\/","name":"Yhteystiedot - Kest\u00e4vyysmurros-tohtorikoulutuspilotti","isPartOf":{"@id":"https:\/\/sites.uef.fi\/sustra\/#website"},"datePublished":"2024-09-03T11:19:21+00:00","dateModified":"2026-03-04T12:15:46+00:00","breadcrumb":{"@id":"https:\/\/sites.uef.fi\/sustra\/kontakti\/#breadcrumb"},"inLanguage":"fi","potentialAction":[{"@type":"ReadAction","target":["https:\/\/sites.uef.fi\/sustra\/kontakti\/"]}]},{"@type":"BreadcrumbList","@id":"https:\/\/sites.uef.fi\/sustra\/kontakti\/#breadcrumb","itemListElement":[{"@type":"ListItem","position":1,"name":"Home","item":"https:\/\/sites.uef.fi\/sustra\/"},{"@type":"ListItem","position":2,"name":"Yhteystiedot"}]},{"@type":"WebSite","@id":"https:\/\/sites.uef.fi\/sustra\/#website","url":"https:\/\/sites.uef.fi\/sustra\/","name":"Kest\u00e4vyysmurros-tohtorikoulutuspilotti","description":"","potentialAction":[{"@type":"SearchAction","target":{"@type":"EntryPoint","urlTemplate":"https:\/\/sites.uef.fi\/sustra\/?s={search_term_string}"},"query-input":{"@type":"PropertyValueSpecification","valueRequired":true,"valueName":"search_term_string"}}],"inLanguage":"fi"}]}},"_links":{"self":[{"href":"https:\/\/sites.uef.fi\/sustra\/wp-json\/wp\/v2\/pages\/349","targetHints":{"allow":["GET"]}}],"collection":[{"href":"https:\/\/sites.uef.fi\/sustra\/wp-json\/wp\/v2\/pages"}],"about":[{"href":"https:\/\/sites.uef.fi\/sustra\/wp-json\/wp\/v2\/types\/page"}],"author":[{"embeddable":true,"href":"https:\/\/sites.uef.fi\/sustra\/wp-json\/wp\/v2\/users\/1173"}],"replies":[{"embeddable":true,"href":"https:\/\/sites.uef.fi\/sustra\/wp-json\/wp\/v2\/comments?post=349"}],"version-history":[{"count":3,"href":"https:\/\/sites.uef.fi\/sustra\/wp-json\/wp\/v2\/pages\/349\/revisions"}],"predecessor-version":[{"id":1324,"href":"https:\/\/sites.uef.fi\/sustra\/wp-json\/wp\/v2\/pages\/349\/revisions\/1324"}],"wp:attachment":[{"href":"https:\/\/sites.uef.fi\/sustra\/wp-json\/wp\/v2\/media?parent=349"}],"curies":[{"name":"wp","href":"https:\/\/api.w.org\/{rel}","templated":true}]}}