{"id":367,"date":"2024-09-04T08:50:16","date_gmt":"2024-09-04T06:50:16","guid":{"rendered":"https:\/\/sites.uef.fi\/sustra\/?page_id=367"},"modified":"2025-11-07T12:06:24","modified_gmt":"2025-11-07T10:06:24","slug":"tapahtumia","status":"publish","type":"page","link":"https:\/\/sites.uef.fi\/sustra\/tapahtumia\/","title":{"rendered":"Tapahtumia"},"content":{"rendered":"\n<figure class=\"wp-block-image size-large is-style-default\"><a href=\"mailto:meri.loyttyniemi@uef.fi\"><img loading=\"lazy\" decoding=\"async\" width=\"1024\" height=\"270\" src=\"https:\/\/sites.uef.fi\/sustra\/wp-content\/uploads\/sites\/492\/2024\/09\/SusTra-aikataulu-1024x270.png\" alt=\"\" class=\"wp-image-370\" srcset=\"https:\/\/sites.uef.fi\/sustra\/wp-content\/uploads\/sites\/492\/2024\/09\/SusTra-aikataulu-1024x270.png 1024w, https:\/\/sites.uef.fi\/sustra\/wp-content\/uploads\/sites\/492\/2024\/09\/SusTra-aikataulu-300x79.png 300w, https:\/\/sites.uef.fi\/sustra\/wp-content\/uploads\/sites\/492\/2024\/09\/SusTra-aikataulu-768x203.png 768w, https:\/\/sites.uef.fi\/sustra\/wp-content\/uploads\/sites\/492\/2024\/09\/SusTra-aikataulu.png 1164w\" sizes=\"auto, (max-width: 1024px) 100vw, 1024px\" \/><\/a><figcaption class=\"wp-element-caption\"><br><br>Kest\u00e4vyysmurros-tohtorikoulutuspilotissa (1\/2025-12\/2027) j\u00e4rjestet\u00e4\u00e4n vuosittain symposium sek\u00e4 muita tapahtumia tohtorikurssien lis\u00e4ksi. <a href=\"mailto:meri.loyttyniemi@uef.fi\">Tilaa <\/a>SusTra-uutisia s\u00e4hk\u00f6postiisi niin pysyt niist\u00e4 ajan tasalla!<\/figcaption><\/figure>\n\n\n\n<p><strong>Tulevia tapahtumia<\/strong><\/p>\n\n\n\n<ul class=\"wp-block-list\">\n<li><strong>3.12.2025 <\/strong><a href=\"https:\/\/fibsry.fi\/tilaisuudet\/kestavyysmurros-systeemista-muutosta-luomassa\/\">SusTra I symposium <\/a>yhteisty\u00f6ss\u00e4 FiBS ry:n kanssa, Aalto-yliopistossa Espoossa <\/li>\n\n\n\n<li><strong>6.-8.5.2026 <\/strong>SusTra II symposium, <a href=\"https:\/\/www.jyu.fi\/en\/events\/wisdom-days-science-for-sustainability-transformations-6-8-may-2026\">Wisdom Days<\/a>, Jyv\u00e4skyl\u00e4<\/li>\n\n\n\n<li><strong>9.-10.6.2026 <\/strong>Futures-konferenssi yhteisty\u00f6ss\u00e4 SusTran kanssa: <a href=\"https:\/\/futuresconference2026.com\/\">Sustainability, Temporalities and Futures \u2013 9\u201310 June 2026, Turku, Finland<\/a><\/li>\n\n\n\n<li><strong>Marraskuu 2027<\/strong> SusTra III symposium UEF:ssa (p\u00e4iv\u00e4m\u00e4\u00e4r\u00e4 ja paikka tarkentuu)<\/li>\n\n\n\n<li>Kurssiaikataulut <a href=\"https:\/\/digicampus.fi\/course\/view.php?id=5611\">Digicampuksessa<\/a><\/li>\n<\/ul>\n\n\n\n<p>Ohjelman avausseminaari j\u00e4rjestettiin Tampereen yliopistossa 20.-21.1.2025.<\/p>\n\n\n\n<p><\/p>\n\n\n\n<p><em>THIS EVENT IS ONLY LIVE<\/em><\/p>\n\n\n\n<p><strong>Launch of Sustainability Transformations doctoral education pilot<\/strong><\/p>\n\n\n\n<p><strong>Time:&nbsp;<\/strong>20.-21.1.2025, hosted by Tampere University with UEF SusTra<\/p>\n\n\n\n<p><strong>Location Monday:&nbsp;<\/strong>Tampere University, City centre campus, Kalevantie 4<\/p>\n\n\n\n<p><strong>Location Tuesday:&nbsp;<\/strong>Tampere University, Hervanta campus, Korkeakoulunkatu 7<\/p>\n\n\n\n<p><\/p>\n\n\n\n<p><\/p>\n\n\n\n<p><strong>PROGRAMME MONDAY 20.1.2025<\/strong><\/p>\n\n\n\n<p><em>Targeted for all involved in SusTra (doctoral researchers, supervisors, mentors, partners)<\/em><\/p>\n\n\n\n<p><strong>Pre-event:&nbsp;11.00-12.00 Lunch at <\/strong><a href=\"https:\/\/juvenes.fi\/lounas-tampereen-yliopisto\/\"><strong>YO Ravintola<\/strong><\/a><strong>,<\/strong> Main building, Kalevantie 4, Tampere<\/p>\n\n\n\n<p>Lunch cabinet \u201c229\u201d reserved for SusTra. <em>Lunch at own cost.<\/em><\/p>\n\n\n\n<p><strong>12.15 Welcome to SusTra launch<\/strong><\/p>\n\n\n\n<p><strong>Location: <\/strong>Auditorium A1 (2<sup>nd<\/sup> floor), Main building, Kalevantie 4<\/p>\n\n\n\n<p><strong>12.15&nbsp;<\/strong>Welcome to Tampere University \/ Vice president for Research&nbsp;<strong><em>Tapio Visakorpi<\/em><\/strong><em>,&nbsp;<\/em>TAU<\/p>\n\n\n\n<p><strong>12.20&nbsp;<\/strong>Creating transformative sustainability together \/ Professors&nbsp;<strong><em>Johanna&nbsp;Kujala&nbsp;&amp; Leena Aarikka-Stenroos<\/em><\/strong><em>,<\/em>&nbsp;TAU\/SusTra<\/p>\n\n\n\n<p><strong>12.35&nbsp;<\/strong>What is SusTra? About our joint goals and activities \/ Professor<em> <strong>Arto O. Salonen<\/strong><\/em>&nbsp;&amp; research manager&nbsp;<strong><em>Meri L\u00f6yttyniemi<\/em><\/strong><em>, <\/em>UEF SusTra<\/p>\n\n\n\n<p><strong>13.00<\/strong> Impact through collaboration<\/p>\n\n\n\n<ul class=\"wp-block-list\">\n<li><a href=\"https:\/\/www.syke.fi\/en-US\">Finnish Environment Institute Syke<\/a> &#8211; Towards a sustainability transformation with applied and transdisciplinary research \/ Unit director <strong><em>Riikka Paloniemi<\/em>,<\/strong>&nbsp;Research director <strong><em>Eeva Primmer<\/em><\/strong><\/li>\n\n\n\n<li><a href=\"https:\/\/nessling.fi\/en\/\">The Nessling Foundation<\/a> \u2013 Speeding up the sustainability transformation <strong>\/ <\/strong>Impact specialist <strong><em>Enni Sahlman<\/em><\/strong><\/li>\n\n\n\n<li><a href=\"https:\/\/www.unipid.fi\/\">UniPID<\/a> &#8211; Finnish University Partnership for International Development <strong>\/ <\/strong>Director<strong> <em>Kaisa E. Kurki<\/em><\/strong><em>, <\/em>UH<\/li>\n\n\n\n<li><a href=\"https:\/\/luontopaneeli.fi\/briefly-in-english\/\">The Finnish Nature Panel<\/a> (<a href=\"https:\/\/luontopaneeli.fi\/\">Luontopaneeli<\/a>) \/ Chair, professor <strong><em>Janne Kotiaho<\/em><\/strong>, JyU<\/li>\n\n\n\n<li><a href=\"https:\/\/eur03.safelinks.protection.outlook.com\/?url=https%3A%2F%2Fwww.kestavyyspaneeli.fi%2Fen%2F&amp;data=05%7C02%7Cmeri.loyttyniemi%40uef.fi%7Cc6b4937170c6406774d208dd34913830%7C87879f2e73044bf2baf263e7f83f3c34%7C0%7C0%7C638724520525672053%7CUnknown%7CTWFpbGZsb3d8eyJFbXB0eU1hcGkiOnRydWUsIlYiOiIwLjAuMDAwMCIsIlAiOiJXaW4zMiIsIkFOIjoiTWFpbCIsIldUIjoyfQ%3D%3D%7C0%7C%7C%7C&amp;sdata=iydHgyqaOrgnIIV4Kov2fSv6UyvUKv3Lgk3Y6OUNHOw%3D&amp;reserved=0\">The Expert Panel on Sustainable Development<\/a>&nbsp;(<a href=\"https:\/\/eur03.safelinks.protection.outlook.com\/?url=https%3A%2F%2Fwww.kestavyyspaneeli.fi%2F&amp;data=05%7C02%7Cmeri.loyttyniemi%40uef.fi%7Cc6b4937170c6406774d208dd34913830%7C87879f2e73044bf2baf263e7f83f3c34%7C0%7C0%7C638724520525694670%7CUnknown%7CTWFpbGZsb3d8eyJFbXB0eU1hcGkiOnRydWUsIlYiOiIwLjAuMDAwMCIsIlAiOiJXaW4zMiIsIkFOIjoiTWFpbCIsIldUIjoyfQ%3D%3D%7C0%7C%7C%7C&amp;sdata=LGgodC6BeGKSP%2F1DFdT05GOaCRuijbxxCLgVWae1Edg%3D&amp;reserved=0\">Kest\u00e4vyyspaneeli<\/a>)&nbsp;Member, university lecturer&nbsp;<strong><em>Katriina&nbsp;Siivonen<\/em><\/strong>, UTU<\/li>\n\n\n\n<li>Finnish Scientific Community United: A Declaration for Sustainability Transformation \/ Knowledge broker <strong><em>Linda Lammensalo<\/em><\/strong>, <a href=\"https:\/\/acadsci.fi\/en\/\">Finnish Academy of Science and Letters<\/a> (<a href=\"https:\/\/tiedeakatemia.fi\/\">Suomalainen tiedeakatemia<\/a>)<\/li>\n<\/ul>\n\n\n\n<p>SusTra collaborates also with <a href=\"https:\/\/www.nyyti.fi\/en\/\">Nyyti ry<\/a>\/peer mentoring, <a href=\"https:\/\/fibsry.fi\/briefly-in-english\/\">FiBS ry<\/a>\/Finnish Business &amp; Society, <a href=\"https:\/\/www.sitra.fi\/en\/\">Sitra<\/a>\/Finnish Innovation Fund, <a href=\"https:\/\/ek.fi\/en\/\">EK<\/a>\/Finnish Confederation of Industries and <a href=\"https:\/\/www.ymparisto.fi\/en\">YM<\/a>\/Ministry of Environment.<\/p>\n\n\n\n<p><strong>13.50<\/strong> About the programme \/ Doctoral researchers <strong><em>Inka Lappalainen &amp; Emma Nyk\u00e4nen<\/em><\/strong><em>,<\/em>&nbsp;Tampere University\/SusTra<\/p>\n\n\n\n<p><strong>14.00-14.30 <\/strong>Coffee break<\/p>\n\n\n\n<p><strong>14.30-16.20 Programme continues \u2013 Introducing SusTra doctoral researchers and their universities<\/strong><\/p>\n\n\n\n<p>Joint presentations by each university <em>\/ <strong>doctoral researchers and professors of SusTra Universities<\/strong>:<\/em>&nbsp;<em>Aalto, HY, JyU, LY, LUT, OY, TY, VY, UEF<\/em>,<em> TAU<\/em> + others<\/p>\n\n\n\n<p><strong>16.20-16.30 <\/strong><a href=\"http:\/\/www.kestavakehitys.fi\">Sustainability initiatives<\/a> in the Prime Minister\u00b4s Office \/ Chief specialist <strong><em>Eeva Furman<\/em><\/strong>, <a href=\"https:\/\/kestavakehitys.fi\/en\/frontpage\">The Finnish National Commission on Sustainable Development<\/a>\/<a href=\"https:\/\/kestavakehitys.fi\/etusivu\">Suomen kest\u00e4v\u00e4n kehityksen toimikunta<\/a><\/p>\n\n\n\n<p><strong>16.30 <\/strong>Vegan buffet by Juvenes, Caf\u00e9 Aula &amp; Toivo, located just next to the auditorium A1<\/p>\n\n\n\n<p><strong>18.00 <\/strong><a href=\"https:\/\/www.facebook.com\/tarinateatterivox\/\">Tarinateatteri Vox \/ Playback Theatre Vox<\/a><\/p>\n\n\n\n<p><strong>19.00<\/strong> Mingling, drinks<\/p>\n\n\n\n<p><strong>20.00 <\/strong>Seminar continues on Tuesday morning in Hervanta<\/p>\n\n\n\n<p><strong>PROGRAMME TUESDAY 21.1.2025<\/strong><\/p>\n\n\n\n<p><em>Targeted mainly for SusTra doctoral researchers &amp; supervisors<\/em><\/p>\n\n\n\n<p><strong>Location:<\/strong> Tampere University, Hervanta campus, Kampusareena Auditorium A223, address Korkeakoulunkatu 7, Tampere<\/p>\n\n\n\n<p><strong>9.00-12.00 Deep dive into the SusTra research subjects<\/strong><\/p>\n\n\n\n<p><strong>9.00 <\/strong>Welcome to Hervanta campus <em>\/ <em>Arto O. Salonen &amp; Meri<\/em><\/em> L\u00f6yttyniemi<\/p>\n\n\n\n<p><strong>9.05-10.05<\/strong> Inspirational speech by&nbsp;<a href=\"https:\/\/uefconnect.uef.fi\/en\/person\/ira.virtanen\/\"><strong><em>Ira Virtanen<\/em><\/strong><\/a><strong><em>,<\/em> <\/strong>UEF University Lecturer in researchers\u2019 well-being, mentoring and supervision<\/p>\n\n\n\n<p><strong>10.05-10.15<\/strong> Instructions \/ <em>Arto &amp; Meri<\/em><\/p>\n\n\n\n<p><strong>10.15-12.00<\/strong> Presenting your own PhD topic, group work<\/p>\n\n\n\n<p>Auditorium A223 + class rooms A213 Sitsi, A226 Teekkari, A229 Wappu, A229A Kyykk\u00e4, A229B Hauki and A229C H\u00e4rveli<\/p>\n\n\n\n<p><strong>12.00 Lunch <\/strong>at Reaktori, Kampusareena 2<sup>nd<\/sup> floor, Korkeakoulunkatu 7. <em>Lunch at own cost.<\/em><\/p>\n\n\n\n<p><strong>13.00 Bye bye \u2013 until next time!<\/strong><\/p>\n\n\n\n<p>&#8212;&#8212;&#8212;&#8212;&#8212;&#8212;&#8212;&#8212;&#8212;<\/p>\n\n\n\n<p><a href=\"https:\/\/eur03.safelinks.protection.outlook.com\/?url=https%3A%2F%2Fregistration.contio.fi%2Fuef%2FRegistration%2FLogin%3Fid%3D8737-T_8737-10084&amp;data=05%7C02%7Cmeri.loyttyniemi%40uef.fi%7Cc6b4937170c6406774d208dd34913830%7C87879f2e73044bf2baf263e7f83f3c34%7C0%7C0%7C638724520525949261%7CUnknown%7CTWFpbGZsb3d8eyJFbXB0eU1hcGkiOnRydWUsIlYiOiIwLjAuMDAwMCIsIlAiOiJXaW4zMiIsIkFOIjoiTWFpbCIsIldUIjoyfQ%3D%3D%7C0%7C%7C%7C&amp;sdata=bs2dFxxQ%2B%2FtnXxaucdF%2FjKqIX0zOl4LpP9eD2wqdUXw%3D&amp;reserved=0\">Registr<\/a>ation is closed. Queries: <a href=\"mailto:meri.loyttyniemi@uef.fi\">meri.loyttyniemi @ uef.fi<\/a>.&nbsp;<em>Seminar fee 100 \u20ac will be charged from SusTra doctoral researchers and supervisors. Mentors and partners (2 per organization) without a fee, except lunches.<\/em><\/p>\n","protected":false},"excerpt":{"rendered":"<p>Tulevia tapahtumia Ohjelman avausseminaari j\u00e4rjestettiin Tampereen yliopistossa 20.-21.1.2025. THIS EVENT IS ONLY LIVE Launch of Sustainability Transformations doctoral education pilot Time:&nbsp;20.-21.1.2025, hosted by Tampere University with UEF SusTra Location Monday:&nbsp;Tampere University, City centre campus, Kalevantie 4 Location Tuesday:&nbsp;Tampere University, Hervanta campus, Korkeakoulunkatu 7 PROGRAMME MONDAY 20.1.2025 Targeted for all involved in SusTra (doctoral researchers, supervisors, [&hellip;]<\/p>\n","protected":false},"author":1173,"featured_media":0,"parent":0,"menu_order":0,"comment_status":"closed","ping_status":"closed","template":"","meta":{"_acf_changed":false,"footnotes":""},"class_list":["post-367","page","type-page","status-publish","hentry"],"acf":[],"yoast_head":"<!-- This site is optimized with the Yoast SEO plugin v27.1.1 - https:\/\/yoast.com\/product\/yoast-seo-wordpress\/ -->\n<title>Tapahtumia - Kest\u00e4vyysmurros-tohtorikoulutuspilotti<\/title>\n<meta name=\"robots\" content=\"index, follow, max-snippet:-1, max-image-preview:large, max-video-preview:-1\" \/>\n<link rel=\"canonical\" href=\"https:\/\/sites.uef.fi\/sustra\/tapahtumia\/\" \/>\n<meta property=\"og:locale\" content=\"fi_FI\" \/>\n<meta property=\"og:type\" content=\"article\" \/>\n<meta property=\"og:title\" content=\"Tapahtumia - Kest\u00e4vyysmurros-tohtorikoulutuspilotti\" \/>\n<meta property=\"og:description\" content=\"Tulevia tapahtumia Ohjelman avausseminaari j\u00e4rjestettiin Tampereen yliopistossa 20.-21.1.2025. THIS EVENT IS ONLY LIVE Launch of Sustainability Transformations doctoral education pilot Time:&nbsp;20.-21.1.2025, hosted by Tampere University with UEF SusTra Location Monday:&nbsp;Tampere University, City centre campus, Kalevantie 4 Location Tuesday:&nbsp;Tampere University, Hervanta campus, Korkeakoulunkatu 7 PROGRAMME MONDAY 20.1.2025 Targeted for all involved in SusTra (doctoral researchers, supervisors, [&hellip;]\" \/>\n<meta property=\"og:url\" content=\"https:\/\/sites.uef.fi\/sustra\/tapahtumia\/\" \/>\n<meta property=\"og:site_name\" content=\"Kest\u00e4vyysmurros-tohtorikoulutuspilotti\" \/>\n<meta property=\"article:modified_time\" content=\"2025-11-07T10:06:24+00:00\" \/>\n<meta property=\"og:image\" content=\"https:\/\/sites.uef.fi\/sustra\/wp-content\/uploads\/sites\/492\/2024\/09\/SusTra-aikataulu.png\" \/>\n\t<meta property=\"og:image:width\" content=\"1164\" \/>\n\t<meta property=\"og:image:height\" content=\"307\" \/>\n\t<meta property=\"og:image:type\" content=\"image\/png\" \/>\n<meta name=\"twitter:card\" content=\"summary_large_image\" \/>\n<meta name=\"twitter:label1\" content=\"Arvioitu lukuaika\" \/>\n\t<meta name=\"twitter:data1\" content=\"3 minuuttia\" \/>\n<script type=\"application\/ld+json\" class=\"yoast-schema-graph\">{\"@context\":\"https:\/\/schema.org\",\"@graph\":[{\"@type\":\"WebPage\",\"@id\":\"https:\/\/sites.uef.fi\/sustra\/tapahtumia\/\",\"url\":\"https:\/\/sites.uef.fi\/sustra\/tapahtumia\/\",\"name\":\"Tapahtumia - Kest\u00e4vyysmurros-tohtorikoulutuspilotti\",\"isPartOf\":{\"@id\":\"https:\/\/sites.uef.fi\/sustra\/#website\"},\"primaryImageOfPage\":{\"@id\":\"https:\/\/sites.uef.fi\/sustra\/tapahtumia\/#primaryimage\"},\"image\":{\"@id\":\"https:\/\/sites.uef.fi\/sustra\/tapahtumia\/#primaryimage\"},\"thumbnailUrl\":\"https:\/\/sites.uef.fi\/sustra\/wp-content\/uploads\/sites\/492\/2024\/09\/SusTra-aikataulu-1024x270.png\",\"datePublished\":\"2024-09-04T06:50:16+00:00\",\"dateModified\":\"2025-11-07T10:06:24+00:00\",\"breadcrumb\":{\"@id\":\"https:\/\/sites.uef.fi\/sustra\/tapahtumia\/#breadcrumb\"},\"inLanguage\":\"fi\",\"potentialAction\":[{\"@type\":\"ReadAction\",\"target\":[\"https:\/\/sites.uef.fi\/sustra\/tapahtumia\/\"]}]},{\"@type\":\"ImageObject\",\"inLanguage\":\"fi\",\"@id\":\"https:\/\/sites.uef.fi\/sustra\/tapahtumia\/#primaryimage\",\"url\":\"https:\/\/sites.uef.fi\/sustra\/wp-content\/uploads\/sites\/492\/2024\/09\/SusTra-aikataulu.png\",\"contentUrl\":\"https:\/\/sites.uef.fi\/sustra\/wp-content\/uploads\/sites\/492\/2024\/09\/SusTra-aikataulu.png\",\"width\":1164,\"height\":307},{\"@type\":\"BreadcrumbList\",\"@id\":\"https:\/\/sites.uef.fi\/sustra\/tapahtumia\/#breadcrumb\",\"itemListElement\":[{\"@type\":\"ListItem\",\"position\":1,\"name\":\"Home\",\"item\":\"https:\/\/sites.uef.fi\/sustra\/\"},{\"@type\":\"ListItem\",\"position\":2,\"name\":\"Tapahtumia\"}]},{\"@type\":\"WebSite\",\"@id\":\"https:\/\/sites.uef.fi\/sustra\/#website\",\"url\":\"https:\/\/sites.uef.fi\/sustra\/\",\"name\":\"Kest\u00e4vyysmurros-tohtorikoulutuspilotti\",\"description\":\"\",\"potentialAction\":[{\"@type\":\"SearchAction\",\"target\":{\"@type\":\"EntryPoint\",\"urlTemplate\":\"https:\/\/sites.uef.fi\/sustra\/?s={search_term_string}\"},\"query-input\":{\"@type\":\"PropertyValueSpecification\",\"valueRequired\":true,\"valueName\":\"search_term_string\"}}],\"inLanguage\":\"fi\"}]}<\/script>\n<!-- \/ Yoast SEO plugin. -->","yoast_head_json":{"title":"Tapahtumia - Kest\u00e4vyysmurros-tohtorikoulutuspilotti","robots":{"index":"index","follow":"follow","max-snippet":"max-snippet:-1","max-image-preview":"max-image-preview:large","max-video-preview":"max-video-preview:-1"},"canonical":"https:\/\/sites.uef.fi\/sustra\/tapahtumia\/","og_locale":"fi_FI","og_type":"article","og_title":"Tapahtumia - Kest\u00e4vyysmurros-tohtorikoulutuspilotti","og_description":"Tulevia tapahtumia Ohjelman avausseminaari j\u00e4rjestettiin Tampereen yliopistossa 20.-21.1.2025. THIS EVENT IS ONLY LIVE Launch of Sustainability Transformations doctoral education pilot Time:&nbsp;20.-21.1.2025, hosted by Tampere University with UEF SusTra Location Monday:&nbsp;Tampere University, City centre campus, Kalevantie 4 Location Tuesday:&nbsp;Tampere University, Hervanta campus, Korkeakoulunkatu 7 PROGRAMME MONDAY 20.1.2025 Targeted for all involved in SusTra (doctoral researchers, supervisors, [&hellip;]","og_url":"https:\/\/sites.uef.fi\/sustra\/tapahtumia\/","og_site_name":"Kest\u00e4vyysmurros-tohtorikoulutuspilotti","article_modified_time":"2025-11-07T10:06:24+00:00","og_image":[{"width":1164,"height":307,"url":"https:\/\/sites.uef.fi\/sustra\/wp-content\/uploads\/sites\/492\/2024\/09\/SusTra-aikataulu.png","type":"image\/png"}],"twitter_card":"summary_large_image","twitter_misc":{"Arvioitu lukuaika":"3 minuuttia"},"schema":{"@context":"https:\/\/schema.org","@graph":[{"@type":"WebPage","@id":"https:\/\/sites.uef.fi\/sustra\/tapahtumia\/","url":"https:\/\/sites.uef.fi\/sustra\/tapahtumia\/","name":"Tapahtumia - Kest\u00e4vyysmurros-tohtorikoulutuspilotti","isPartOf":{"@id":"https:\/\/sites.uef.fi\/sustra\/#website"},"primaryImageOfPage":{"@id":"https:\/\/sites.uef.fi\/sustra\/tapahtumia\/#primaryimage"},"image":{"@id":"https:\/\/sites.uef.fi\/sustra\/tapahtumia\/#primaryimage"},"thumbnailUrl":"https:\/\/sites.uef.fi\/sustra\/wp-content\/uploads\/sites\/492\/2024\/09\/SusTra-aikataulu-1024x270.png","datePublished":"2024-09-04T06:50:16+00:00","dateModified":"2025-11-07T10:06:24+00:00","breadcrumb":{"@id":"https:\/\/sites.uef.fi\/sustra\/tapahtumia\/#breadcrumb"},"inLanguage":"fi","potentialAction":[{"@type":"ReadAction","target":["https:\/\/sites.uef.fi\/sustra\/tapahtumia\/"]}]},{"@type":"ImageObject","inLanguage":"fi","@id":"https:\/\/sites.uef.fi\/sustra\/tapahtumia\/#primaryimage","url":"https:\/\/sites.uef.fi\/sustra\/wp-content\/uploads\/sites\/492\/2024\/09\/SusTra-aikataulu.png","contentUrl":"https:\/\/sites.uef.fi\/sustra\/wp-content\/uploads\/sites\/492\/2024\/09\/SusTra-aikataulu.png","width":1164,"height":307},{"@type":"BreadcrumbList","@id":"https:\/\/sites.uef.fi\/sustra\/tapahtumia\/#breadcrumb","itemListElement":[{"@type":"ListItem","position":1,"name":"Home","item":"https:\/\/sites.uef.fi\/sustra\/"},{"@type":"ListItem","position":2,"name":"Tapahtumia"}]},{"@type":"WebSite","@id":"https:\/\/sites.uef.fi\/sustra\/#website","url":"https:\/\/sites.uef.fi\/sustra\/","name":"Kest\u00e4vyysmurros-tohtorikoulutuspilotti","description":"","potentialAction":[{"@type":"SearchAction","target":{"@type":"EntryPoint","urlTemplate":"https:\/\/sites.uef.fi\/sustra\/?s={search_term_string}"},"query-input":{"@type":"PropertyValueSpecification","valueRequired":true,"valueName":"search_term_string"}}],"inLanguage":"fi"}]}},"_links":{"self":[{"href":"https:\/\/sites.uef.fi\/sustra\/wp-json\/wp\/v2\/pages\/367","targetHints":{"allow":["GET"]}}],"collection":[{"href":"https:\/\/sites.uef.fi\/sustra\/wp-json\/wp\/v2\/pages"}],"about":[{"href":"https:\/\/sites.uef.fi\/sustra\/wp-json\/wp\/v2\/types\/page"}],"author":[{"embeddable":true,"href":"https:\/\/sites.uef.fi\/sustra\/wp-json\/wp\/v2\/users\/1173"}],"replies":[{"embeddable":true,"href":"https:\/\/sites.uef.fi\/sustra\/wp-json\/wp\/v2\/comments?post=367"}],"version-history":[{"count":2,"href":"https:\/\/sites.uef.fi\/sustra\/wp-json\/wp\/v2\/pages\/367\/revisions"}],"predecessor-version":[{"id":1099,"href":"https:\/\/sites.uef.fi\/sustra\/wp-json\/wp\/v2\/pages\/367\/revisions\/1099"}],"wp:attachment":[{"href":"https:\/\/sites.uef.fi\/sustra\/wp-json\/wp\/v2\/media?parent=367"}],"curies":[{"name":"wp","href":"https:\/\/api.w.org\/{rel}","templated":true}]}}