{"id":412,"date":"2024-09-04T10:41:29","date_gmt":"2024-09-04T08:41:29","guid":{"rendered":"https:\/\/sites.uef.fi\/sustra\/?page_id=412"},"modified":"2026-03-04T13:40:58","modified_gmt":"2026-03-04T11:40:58","slug":"vaitoskirjatutkijat","status":"publish","type":"page","link":"https:\/\/sites.uef.fi\/sustra\/vaitoskirjatutkijat\/","title":{"rendered":"V\u00e4it\u00f6skirjatutkijat"},"content":{"rendered":"\n<p><\/p>\n\n\n\n<h2 class=\"wp-block-heading\"><\/h2>\n\n\n\n<p>V\u00e4it\u00f6skirjatutkijoiden omat tutkimusaiheet ja kotisivut l\u00f6ytyv\u00e4t englanninkieliselt\u00e4 sivulta <strong><a href=\"https:\/\/sites.uef.fi\/sustra\/doctoral-researchers\/?lang=en\">t\u00e4\u00e4lt\u00e4<\/a>.<\/strong> SusTran 40 v\u00e4it\u00f6skirjatutkijan lis\u00e4ksi pilotissa on mukana 24 <a href=\"https:\/\/nessling.fi\/\">Nesslingin s\u00e4\u00e4ti\u00f6n<\/a> rahoituksella.<\/p>\n\n\n\n<h2 class=\"wp-block-heading\">Julkaisuja, blogeja, uutisia <\/h2>\n\n\n\n<p>SusTran v\u00e4it\u00f6skirjatutkijoiden julkaisuja ja kirjoituksia l\u00f6ytyy tohtoripilotin <a href=\"https:\/\/sites.uef.fi\/sustra\/uutisia\/\">Uutisia<\/a>-sivulta.<\/p>\n\n\n\n<h2 class=\"wp-block-heading\">V\u00e4it\u00f6skirjatutkijoiden aihepiirej\u00e4<\/h2>\n\n\n\n<p><strong>Kest\u00e4vyysosaaminen, koulutus ja psykologiset ulottuvuudet<br><\/strong>Aiheita liittyen oppimiseen, taitoihin, identiteettiin, k\u00e4ytt\u00e4ytymisen muutokseen ja pedagogiikoihin.<br><br><strong>Kest\u00e4vyyden muutosten hallinto, laki ja politiikka<br><\/strong>Aiheita liittyen s\u00e4\u00e4ntelyyn, poliittisiin j\u00e4rjestelmiin, institutionaaliseen yhten\u00e4isyyteen, oikeudenmukaisuuteen ja hallintoon.<br><br><strong>Ihminen\u2013luonto -suhteet, kulttuuri ja alkuper\u00e4istieto<br><\/strong>Aiheita keskittyen kulttuurisiin n\u00e4k\u00f6kulmiin, luonnon suhteisiin, elokuvaan, perinteiseen tietoon ja yhteisluomiseen.<br><br><strong>Monimuotoisuus, suojelu ja monilajiset n\u00e4k\u00f6kulmat<br><\/strong>Aiheet liittyen ekosysteemeihin, monimuotoisuuden tulevaisuuteen ja ei-inhimillisiin n\u00e4k\u00f6kulmiin.<\/p>\n\n\n\n<p><strong>Vesi, ekosysteemit ja luontopohjaiset ratkaisut<br><\/strong>Keskittyy vesij\u00e4rjestelmiin, ekologiseen hallintoon ja NBS-oikeudenmukaisuuteen.<br><br><strong>Ilmasto, ymp\u00e4rist\u00f6 ja terveyden yhteydet<br><\/strong>Terveyden tulokset liittyv\u00e4t ymp\u00e4rist\u00f6- tai ilmastotekij\u00f6ihin.<br><br><strong>Ruokaj\u00e4rjestelm\u00e4t, kest\u00e4v\u00e4t ruokavaliot ja kulutus<br><\/strong>Ruokavalion muutoksesta, ruoan riitt\u00e4vyydest\u00e4 ja ruokaj\u00e4rjestelm\u00e4n kest\u00e4vyydest\u00e4.<br><br><strong>Kiertotalous, materiaalit ja taloudelliset rakenteet<br><\/strong>Raaka-aineista, kiertotaloudesta, talousj\u00e4rjestelmist\u00e4 ja rakenteellisista tekij\u00f6ist\u00e4.<br><br><strong>Alueelliset menetelm\u00e4t, digitaaliset ty\u00f6kalut ja osallistava kartoitus<br><\/strong>Paikkatietoj\u00e4rjestelmist\u00e4, GeoAI:sta, kartoituksesta ja alueellisista p\u00e4\u00e4t\u00f6ksenteon tukity\u00f6kaluista.<\/p>\n\n\n\n<p><\/p>\n\n\n\n<figure class=\"wp-block-image size-full\"><img loading=\"lazy\" decoding=\"async\" width=\"1006\" height=\"661\" src=\"https:\/\/sites.uef.fi\/sustra\/wp-content\/uploads\/sites\/492\/2026\/03\/SusTra-PhD-topics.png\" alt=\"\" class=\"wp-image-1279\" srcset=\"https:\/\/sites.uef.fi\/sustra\/wp-content\/uploads\/sites\/492\/2026\/03\/SusTra-PhD-topics.png 1006w, https:\/\/sites.uef.fi\/sustra\/wp-content\/uploads\/sites\/492\/2026\/03\/SusTra-PhD-topics-300x197.png 300w, https:\/\/sites.uef.fi\/sustra\/wp-content\/uploads\/sites\/492\/2026\/03\/SusTra-PhD-topics-768x505.png 768w\" sizes=\"auto, (max-width: 1006px) 100vw, 1006px\" \/><\/figure>\n","protected":false},"excerpt":{"rendered":"<p>V\u00e4it\u00f6skirjatutkijoiden omat tutkimusaiheet ja kotisivut l\u00f6ytyv\u00e4t englanninkieliselt\u00e4 sivulta t\u00e4\u00e4lt\u00e4. SusTran 40 v\u00e4it\u00f6skirjatutkijan lis\u00e4ksi pilotissa on mukana 24 Nesslingin s\u00e4\u00e4ti\u00f6n rahoituksella. Julkaisuja, blogeja, uutisia SusTran v\u00e4it\u00f6skirjatutkijoiden julkaisuja ja kirjoituksia l\u00f6ytyy tohtoripilotin Uutisia-sivulta. V\u00e4it\u00f6skirjatutkijoiden aihepiirej\u00e4 Kest\u00e4vyysosaaminen, koulutus ja psykologiset ulottuvuudetAiheita liittyen oppimiseen, taitoihin, identiteettiin, k\u00e4ytt\u00e4ytymisen muutokseen ja pedagogiikoihin. Kest\u00e4vyyden muutosten hallinto, laki ja politiikkaAiheita liittyen s\u00e4\u00e4ntelyyn, poliittisiin [&hellip;]<\/p>\n","protected":false},"author":1173,"featured_media":0,"parent":0,"menu_order":0,"comment_status":"closed","ping_status":"closed","template":"","meta":{"_acf_changed":false,"footnotes":""},"class_list":["post-412","page","type-page","status-publish","hentry"],"acf":[],"yoast_head":"<!-- This site is optimized with the Yoast SEO plugin v27.1.1 - https:\/\/yoast.com\/product\/yoast-seo-wordpress\/ -->\n<title>V\u00e4it\u00f6skirjatutkijat - Kest\u00e4vyysmurros-tohtorikoulutuspilotti<\/title>\n<meta name=\"robots\" content=\"index, follow, max-snippet:-1, max-image-preview:large, max-video-preview:-1\" \/>\n<link rel=\"canonical\" href=\"https:\/\/sites.uef.fi\/sustra\/vaitoskirjatutkijat\/\" \/>\n<meta property=\"og:locale\" content=\"fi_FI\" \/>\n<meta property=\"og:type\" content=\"article\" \/>\n<meta property=\"og:title\" content=\"V\u00e4it\u00f6skirjatutkijat - Kest\u00e4vyysmurros-tohtorikoulutuspilotti\" \/>\n<meta property=\"og:description\" content=\"V\u00e4it\u00f6skirjatutkijoiden omat tutkimusaiheet ja kotisivut l\u00f6ytyv\u00e4t englanninkieliselt\u00e4 sivulta t\u00e4\u00e4lt\u00e4. SusTran 40 v\u00e4it\u00f6skirjatutkijan lis\u00e4ksi pilotissa on mukana 24 Nesslingin s\u00e4\u00e4ti\u00f6n rahoituksella. Julkaisuja, blogeja, uutisia SusTran v\u00e4it\u00f6skirjatutkijoiden julkaisuja ja kirjoituksia l\u00f6ytyy tohtoripilotin Uutisia-sivulta. V\u00e4it\u00f6skirjatutkijoiden aihepiirej\u00e4 Kest\u00e4vyysosaaminen, koulutus ja psykologiset ulottuvuudetAiheita liittyen oppimiseen, taitoihin, identiteettiin, k\u00e4ytt\u00e4ytymisen muutokseen ja pedagogiikoihin. Kest\u00e4vyyden muutosten hallinto, laki ja politiikkaAiheita liittyen s\u00e4\u00e4ntelyyn, poliittisiin [&hellip;]\" \/>\n<meta property=\"og:url\" content=\"https:\/\/sites.uef.fi\/sustra\/vaitoskirjatutkijat\/\" \/>\n<meta property=\"og:site_name\" content=\"Kest\u00e4vyysmurros-tohtorikoulutuspilotti\" \/>\n<meta property=\"article:modified_time\" content=\"2026-03-04T11:40:58+00:00\" \/>\n<meta property=\"og:image\" content=\"https:\/\/sites.uef.fi\/sustra\/wp-content\/uploads\/sites\/492\/2026\/03\/SusTra-PhD-topics.png\" \/>\n\t<meta property=\"og:image:width\" content=\"1006\" \/>\n\t<meta property=\"og:image:height\" content=\"661\" \/>\n\t<meta property=\"og:image:type\" content=\"image\/png\" \/>\n<meta name=\"twitter:card\" content=\"summary_large_image\" \/>\n<meta name=\"twitter:label1\" content=\"Arvioitu lukuaika\" \/>\n\t<meta name=\"twitter:data1\" content=\"2 minuuttia\" \/>\n<script type=\"application\/ld+json\" class=\"yoast-schema-graph\">{\"@context\":\"https:\/\/schema.org\",\"@graph\":[{\"@type\":\"WebPage\",\"@id\":\"https:\/\/sites.uef.fi\/sustra\/vaitoskirjatutkijat\/\",\"url\":\"https:\/\/sites.uef.fi\/sustra\/vaitoskirjatutkijat\/\",\"name\":\"V\u00e4it\u00f6skirjatutkijat - Kest\u00e4vyysmurros-tohtorikoulutuspilotti\",\"isPartOf\":{\"@id\":\"https:\/\/sites.uef.fi\/sustra\/#website\"},\"primaryImageOfPage\":{\"@id\":\"https:\/\/sites.uef.fi\/sustra\/vaitoskirjatutkijat\/#primaryimage\"},\"image\":{\"@id\":\"https:\/\/sites.uef.fi\/sustra\/vaitoskirjatutkijat\/#primaryimage\"},\"thumbnailUrl\":\"https:\/\/sites.uef.fi\/sustra\/wp-content\/uploads\/sites\/492\/2026\/03\/SusTra-PhD-topics.png\",\"datePublished\":\"2024-09-04T08:41:29+00:00\",\"dateModified\":\"2026-03-04T11:40:58+00:00\",\"breadcrumb\":{\"@id\":\"https:\/\/sites.uef.fi\/sustra\/vaitoskirjatutkijat\/#breadcrumb\"},\"inLanguage\":\"fi\",\"potentialAction\":[{\"@type\":\"ReadAction\",\"target\":[\"https:\/\/sites.uef.fi\/sustra\/vaitoskirjatutkijat\/\"]}]},{\"@type\":\"ImageObject\",\"inLanguage\":\"fi\",\"@id\":\"https:\/\/sites.uef.fi\/sustra\/vaitoskirjatutkijat\/#primaryimage\",\"url\":\"https:\/\/sites.uef.fi\/sustra\/wp-content\/uploads\/sites\/492\/2026\/03\/SusTra-PhD-topics.png\",\"contentUrl\":\"https:\/\/sites.uef.fi\/sustra\/wp-content\/uploads\/sites\/492\/2026\/03\/SusTra-PhD-topics.png\",\"width\":1006,\"height\":661},{\"@type\":\"BreadcrumbList\",\"@id\":\"https:\/\/sites.uef.fi\/sustra\/vaitoskirjatutkijat\/#breadcrumb\",\"itemListElement\":[{\"@type\":\"ListItem\",\"position\":1,\"name\":\"Home\",\"item\":\"https:\/\/sites.uef.fi\/sustra\/\"},{\"@type\":\"ListItem\",\"position\":2,\"name\":\"V\u00e4it\u00f6skirjatutkijat\"}]},{\"@type\":\"WebSite\",\"@id\":\"https:\/\/sites.uef.fi\/sustra\/#website\",\"url\":\"https:\/\/sites.uef.fi\/sustra\/\",\"name\":\"Kest\u00e4vyysmurros-tohtorikoulutuspilotti\",\"description\":\"\",\"potentialAction\":[{\"@type\":\"SearchAction\",\"target\":{\"@type\":\"EntryPoint\",\"urlTemplate\":\"https:\/\/sites.uef.fi\/sustra\/?s={search_term_string}\"},\"query-input\":{\"@type\":\"PropertyValueSpecification\",\"valueRequired\":true,\"valueName\":\"search_term_string\"}}],\"inLanguage\":\"fi\"}]}<\/script>\n<!-- \/ Yoast SEO plugin. -->","yoast_head_json":{"title":"V\u00e4it\u00f6skirjatutkijat - Kest\u00e4vyysmurros-tohtorikoulutuspilotti","robots":{"index":"index","follow":"follow","max-snippet":"max-snippet:-1","max-image-preview":"max-image-preview:large","max-video-preview":"max-video-preview:-1"},"canonical":"https:\/\/sites.uef.fi\/sustra\/vaitoskirjatutkijat\/","og_locale":"fi_FI","og_type":"article","og_title":"V\u00e4it\u00f6skirjatutkijat - Kest\u00e4vyysmurros-tohtorikoulutuspilotti","og_description":"V\u00e4it\u00f6skirjatutkijoiden omat tutkimusaiheet ja kotisivut l\u00f6ytyv\u00e4t englanninkieliselt\u00e4 sivulta t\u00e4\u00e4lt\u00e4. SusTran 40 v\u00e4it\u00f6skirjatutkijan lis\u00e4ksi pilotissa on mukana 24 Nesslingin s\u00e4\u00e4ti\u00f6n rahoituksella. Julkaisuja, blogeja, uutisia SusTran v\u00e4it\u00f6skirjatutkijoiden julkaisuja ja kirjoituksia l\u00f6ytyy tohtoripilotin Uutisia-sivulta. V\u00e4it\u00f6skirjatutkijoiden aihepiirej\u00e4 Kest\u00e4vyysosaaminen, koulutus ja psykologiset ulottuvuudetAiheita liittyen oppimiseen, taitoihin, identiteettiin, k\u00e4ytt\u00e4ytymisen muutokseen ja pedagogiikoihin. Kest\u00e4vyyden muutosten hallinto, laki ja politiikkaAiheita liittyen s\u00e4\u00e4ntelyyn, poliittisiin [&hellip;]","og_url":"https:\/\/sites.uef.fi\/sustra\/vaitoskirjatutkijat\/","og_site_name":"Kest\u00e4vyysmurros-tohtorikoulutuspilotti","article_modified_time":"2026-03-04T11:40:58+00:00","og_image":[{"width":1006,"height":661,"url":"https:\/\/sites.uef.fi\/sustra\/wp-content\/uploads\/sites\/492\/2026\/03\/SusTra-PhD-topics.png","type":"image\/png"}],"twitter_card":"summary_large_image","twitter_misc":{"Arvioitu lukuaika":"2 minuuttia"},"schema":{"@context":"https:\/\/schema.org","@graph":[{"@type":"WebPage","@id":"https:\/\/sites.uef.fi\/sustra\/vaitoskirjatutkijat\/","url":"https:\/\/sites.uef.fi\/sustra\/vaitoskirjatutkijat\/","name":"V\u00e4it\u00f6skirjatutkijat - Kest\u00e4vyysmurros-tohtorikoulutuspilotti","isPartOf":{"@id":"https:\/\/sites.uef.fi\/sustra\/#website"},"primaryImageOfPage":{"@id":"https:\/\/sites.uef.fi\/sustra\/vaitoskirjatutkijat\/#primaryimage"},"image":{"@id":"https:\/\/sites.uef.fi\/sustra\/vaitoskirjatutkijat\/#primaryimage"},"thumbnailUrl":"https:\/\/sites.uef.fi\/sustra\/wp-content\/uploads\/sites\/492\/2026\/03\/SusTra-PhD-topics.png","datePublished":"2024-09-04T08:41:29+00:00","dateModified":"2026-03-04T11:40:58+00:00","breadcrumb":{"@id":"https:\/\/sites.uef.fi\/sustra\/vaitoskirjatutkijat\/#breadcrumb"},"inLanguage":"fi","potentialAction":[{"@type":"ReadAction","target":["https:\/\/sites.uef.fi\/sustra\/vaitoskirjatutkijat\/"]}]},{"@type":"ImageObject","inLanguage":"fi","@id":"https:\/\/sites.uef.fi\/sustra\/vaitoskirjatutkijat\/#primaryimage","url":"https:\/\/sites.uef.fi\/sustra\/wp-content\/uploads\/sites\/492\/2026\/03\/SusTra-PhD-topics.png","contentUrl":"https:\/\/sites.uef.fi\/sustra\/wp-content\/uploads\/sites\/492\/2026\/03\/SusTra-PhD-topics.png","width":1006,"height":661},{"@type":"BreadcrumbList","@id":"https:\/\/sites.uef.fi\/sustra\/vaitoskirjatutkijat\/#breadcrumb","itemListElement":[{"@type":"ListItem","position":1,"name":"Home","item":"https:\/\/sites.uef.fi\/sustra\/"},{"@type":"ListItem","position":2,"name":"V\u00e4it\u00f6skirjatutkijat"}]},{"@type":"WebSite","@id":"https:\/\/sites.uef.fi\/sustra\/#website","url":"https:\/\/sites.uef.fi\/sustra\/","name":"Kest\u00e4vyysmurros-tohtorikoulutuspilotti","description":"","potentialAction":[{"@type":"SearchAction","target":{"@type":"EntryPoint","urlTemplate":"https:\/\/sites.uef.fi\/sustra\/?s={search_term_string}"},"query-input":{"@type":"PropertyValueSpecification","valueRequired":true,"valueName":"search_term_string"}}],"inLanguage":"fi"}]}},"_links":{"self":[{"href":"https:\/\/sites.uef.fi\/sustra\/wp-json\/wp\/v2\/pages\/412","targetHints":{"allow":["GET"]}}],"collection":[{"href":"https:\/\/sites.uef.fi\/sustra\/wp-json\/wp\/v2\/pages"}],"about":[{"href":"https:\/\/sites.uef.fi\/sustra\/wp-json\/wp\/v2\/types\/page"}],"author":[{"embeddable":true,"href":"https:\/\/sites.uef.fi\/sustra\/wp-json\/wp\/v2\/users\/1173"}],"replies":[{"embeddable":true,"href":"https:\/\/sites.uef.fi\/sustra\/wp-json\/wp\/v2\/comments?post=412"}],"version-history":[{"count":2,"href":"https:\/\/sites.uef.fi\/sustra\/wp-json\/wp\/v2\/pages\/412\/revisions"}],"predecessor-version":[{"id":1316,"href":"https:\/\/sites.uef.fi\/sustra\/wp-json\/wp\/v2\/pages\/412\/revisions\/1316"}],"wp:attachment":[{"href":"https:\/\/sites.uef.fi\/sustra\/wp-json\/wp\/v2\/media?parent=412"}],"curies":[{"name":"wp","href":"https:\/\/api.w.org\/{rel}","templated":true}]}}