{"id":521,"date":"2024-09-03T13:19:21","date_gmt":"2024-09-03T11:19:21","guid":{"rendered":"https:\/\/sites.uef.fi\/sustra\/contact\/"},"modified":"2026-03-04T14:25:09","modified_gmt":"2026-03-04T12:25:09","slug":"contact","status":"publish","type":"page","link":"https:\/\/sites.uef.fi\/sustra\/contact\/?lang=en","title":{"rendered":"Contact"},"content":{"rendered":"\n<p><strong>Collaboration with Sustainability Transformations<\/strong><\/p>\n\n\n\n<p>Interested in the Sustainability Transition doctoral education pilot? We are happy to discuss partnerships.<\/p>\n\n\n\n<p>In addition to academic supervisors, SusTra doctoral researchers are supervised by working life <a href=\"https:\/\/sites.uef.fi\/sustra\/mentoring\/?lang=en\">mentors<\/a>. Contact us if you are capable of providing an internship or employment relationship. Topics for doctoral researchers can be found <a href=\"https:\/\/sites.uef.fi\/sustra\/doctoral-researchers\/?lang=en\"><strong><span style=\"text-decoration: underline\">here<\/span><\/strong>.<\/a><\/p>\n\n\n\n<p><strong>SusTra news and LinkedIn<\/strong><\/p>\n\n\n\n<p>Are you interested in the events and other news of the Sustainability Transformations doctoral education pilot? Subscribe to the news by sending us a message to <a href=\"meri.loyttyniemi@uef.fi\">Meri L\u00f6yttyniemi<\/a>.<\/p>\n\n\n\n<p>SusTra is present also in LinkedIn. Start following &#8211; the publications and other activities will be published also here <a href=\"https:\/\/www.linkedin.com\/company\/sustainability-transformations-doctoral-pilot\/\">Sustainability Transformations Doctoral Pilot (SusTra)<\/a><\/p>\n\n\n\n<p><strong>SusTra Research Community<\/strong><\/p>\n\n\n\n<p>Are you a doctoral researcher or a post-doc with a focus on sustainability transformations or related themes? Join the SusTra Research Community by filling out a short <a href=\"https:\/\/forms.office.com\/e\/gCe09ueHFc\">application form<\/a>.<\/p>\n\n\n\n<div class=\"person-card\">\n        <h2>Contact <\/h2>\n    \n                    <a href=\"https:\/\/uefconnect.uef.fi\/en\/person\/meri.loyttyniemi\/\" class=\"person-card-link hover-scale-down\">\n                            <div class=\"person-card-item\">\n                    <div class=\"person-card-column-left\">\n                                                    <img decoding=\"async\" class=\"person-card-image\" src=\"https:\/\/sites.uef.fi\/sustra\/wp-content\/uploads\/sites\/492\/2024\/09\/Meri-Loyttyniemi-2022.png\" alt=\"Meri L\u00f6yttyniemi photo Cvijeta Miljak\" \/>\n                                            <\/div>\n\n                    <div class=\"person-card-column-right\">\n                                                <p class=\"person-card-name\">Meri L\u00f6yttyniemi<\/p>\n                        \n                                                <p class=\"person-card-position\">SusTra Research Manager<\/p>\n                        \n                                                <p class=\"person-card-organisation\">University of Eastern Finland<\/p>\n                        \n                        \n                                                    <div>\n\t\t\t\t\t\t\t<svg xmlns=\"http:\/\/www.w3.org\/2000\/svg\" height=\"25px\" viewBox=\"0 -960 960 960\" width=\"24px\" ><path fill=\"currentColor\" d=\"M200-120q-33 0-56.5-23.5T120-200v-560q0-33 23.5-56.5T200-840h280v80H200v560h560v-280h80v280q0 33-23.5 56.5T760-120H200Zm188-212-56-56 372-372H560v-80h280v280h-80v-144L388-332Z\"\/><\/svg>\t\t\t\t\t\t\t<\/div>\n                                            <\/div>\n                <\/div>\n                            <\/a>\n                                        <a href=\"https:\/\/uefconnect.uef.fi\/en\/person\/arto.salonen\/\" class=\"person-card-link hover-scale-down\">\n                            <div class=\"person-card-item\">\n                    <div class=\"person-card-column-left\">\n                                                    <img decoding=\"async\" class=\"person-card-image\" src=\"https:\/\/sites.uef.fi\/sustra\/wp-content\/uploads\/sites\/492\/2025\/01\/UEF-Arto-O.-Salonen.jpg\" alt=\"Arto O. Salonen\" \/>\n                                            <\/div>\n\n                    <div class=\"person-card-column-right\">\n                                                <p class=\"person-card-name\">Arto Salonen<\/p>\n                        \n                                                <p class=\"person-card-position\">Academic lead, Professor<\/p>\n                        \n                                                <p class=\"person-card-organisation\">University of Eastern Finland<\/p>\n                        \n                        \n                                                    <div>\n\t\t\t\t\t\t\t<svg xmlns=\"http:\/\/www.w3.org\/2000\/svg\" height=\"25px\" viewBox=\"0 -960 960 960\" width=\"24px\" ><path fill=\"currentColor\" d=\"M200-120q-33 0-56.5-23.5T120-200v-560q0-33 23.5-56.5T200-840h280v80H200v560h560v-280h80v280q0 33-23.5 56.5T760-120H200Zm188-212-56-56 372-372H560v-80h280v280h-80v-144L388-332Z\"\/><\/svg>\t\t\t\t\t\t\t<\/div>\n                                            <\/div>\n                <\/div>\n                            <\/a>\n                            <\/div>\n\n\n\n<h4 class=\"wp-block-heading\"><br>SusTra Doctoral researchers <a href=\"https:\/\/sites.uef.fi\/sustra\/doctoral-researchers\/?lang=en\">here<\/a><\/h4>\n\n\n\n<p><strong>Link to the internal material bank<\/strong><\/p>\n\n\n\n<p>Access to SusTra&#8217;s <a href=\"https:\/\/digicampus.fi\/course\/view.php?id=5611\">internal digicampus learning platform<\/a> is available to all stakeholders involved in the doctoral education pilot.<\/p>\n\n\n\n<p><strong>SusTra Advisory Board members<\/strong><\/p>\n\n\n\n<ul class=\"wp-block-list\">\n<li>Arto O. Salonen (chair), University of Eastern Finland<\/li>\n\n\n\n<li><a href=\"https:\/\/www.uwasa.fi\/fi\/henkilo\/2236108\">Harri Jalonen, Vaasan yliopisto<\/a><\/li>\n\n\n\n<li><a href=\"https:\/\/www.utu.fi\/fi\/ihmiset\/ilari-saaksjarvi\">Ilari S\u00e4\u00e4ksj\u00e4rvi, Turun yliopisto<\/a><\/li>\n\n\n\n<li><a href=\"https:\/\/research.ulapland.fi\/fi\/persons\/ilkka-ratinen\">Ilkka Ratinen, Lapin yliopisto<\/a><\/li>\n\n\n\n<li><a href=\"https:\/\/www.jyu.fi\/fi\/henkilot\/janne-kotiaho\">Janne Kotiaho, Jyv\u00e4skyl\u00e4n yliopisto<\/a><\/li>\n\n\n\n<li><a href=\"https:\/\/www.oulu.fi\/fi\/tutkijat\/jouni-j-k-jaakkola\">Jouni Jaakkola, Oulun yliopisto<\/a><\/li>\n\n\n\n<li><a href=\"https:\/\/www.lut.fi\/fi\/profiilit\/lassi-linnanen\">Lassi Linnanen, LUT-yliopisto<\/a><\/li>\n\n\n\n<li><a href=\"https:\/\/researchportal-test.tuni.fi\/fi\/persons\/leena-aarikka-stenroos\">Leena Aarikka-Stenroos, Tampereen yliopisto<\/a><\/li>\n\n\n\n<li><a href=\"https:\/\/www.aalto.fi\/fi\/ihmiset\/minna-halme\">Minna Halme, Aalto-yliopisto<\/a><\/li>\n\n\n\n<li><a href=\"https:\/\/researchportal.helsinki.fi\/fi\/persons\/reetta-toivanen\">Reetta Toivanen, Helsingin yliopisto<\/a><\/li>\n\n\n\n<li><a href=\"https:\/\/www.syke.fi\/fi\/asiantuntijat\/riikka-paloniemi\">Riikka Paloniemi, SYKE<\/a><\/li>\n\n\n\n<li><a href=\"https:\/\/nessling.fi\/viestinnan-asiantuntija-enni-sahlman\/\">Enni Sahlman, Nesslingin s\u00e4\u00e4ti\u00f6<\/a><\/li>\n\n\n\n<li><a href=\"https:\/\/uefconnect.uef.fi\/en\/kaisa.kurki\/\">Kaisa E. Kurki, UniPID-verkosto (UEF)<\/a><\/li>\n\n\n\n<li><a href=\"https:\/\/fibsry.fi\/yhteystiedot\/\">Kimmo J. Lipponen, FiBS ry<\/a><\/li>\n\n\n\n<li><a href=\"https:\/\/www.nyyti.fi\/yhteystiedot\/henkilokunta\/\">Sini Forssell, Nyyti ry<\/a><\/li>\n\n\n\n<li><a href=\"https:\/\/www.jyu.fi\/en\/people\/laura-tuominen\">Laura S. Tuominen<\/a>, student representative from JyU Wisdom<\/li>\n\n\n\n<li>Meri L\u00f6yttyniemi (coordination), UEF<\/li>\n<\/ul>\n\n\n\n<h4 class=\"wp-block-heading\"><br>SusTra grant number<\/h4>\n\n\n\n<p>Sustainability Transformations Doctoral Education Pilot, Finnish Ministry of Education and Culture Grant No. OKM\/7\/523\/2024.<\/p>\n\n\n\n<p><\/p>\n","protected":false},"excerpt":{"rendered":"<p>Collaboration with Sustainability Transformations Interested in the Sustainability Transition doctoral education pilot? We are happy to discuss partnerships. In addition to academic supervisors, SusTra doctoral researchers are supervised by working life mentors. Contact us if you are capable of providing an internship or employment relationship. Topics for doctoral researchers can be found here. SusTra news [&hellip;]<\/p>\n","protected":false},"author":1173,"featured_media":0,"parent":0,"menu_order":0,"comment_status":"closed","ping_status":"closed","template":"","meta":{"_acf_changed":false,"footnotes":""},"class_list":["post-521","page","type-page","status-publish","hentry"],"acf":[],"yoast_head":"<!-- This site is optimized with the Yoast SEO plugin v27.3 - https:\/\/yoast.com\/product\/yoast-seo-wordpress\/ -->\n<title>Contact - Kest\u00e4vyysmurros-tohtorikoulutuspilotti<\/title>\n<meta name=\"robots\" content=\"index, follow, max-snippet:-1, max-image-preview:large, max-video-preview:-1\" \/>\n<link rel=\"canonical\" href=\"https:\/\/sites.uef.fi\/sustra\/contact\/\" \/>\n<meta property=\"og:locale\" content=\"fi_FI\" \/>\n<meta property=\"og:type\" content=\"article\" \/>\n<meta property=\"og:title\" content=\"Contact - Kest\u00e4vyysmurros-tohtorikoulutuspilotti\" \/>\n<meta property=\"og:description\" content=\"Collaboration with Sustainability Transformations Interested in the Sustainability Transition doctoral education pilot? We are happy to discuss partnerships. In addition to academic supervisors, SusTra doctoral researchers are supervised by working life mentors. Contact us if you are capable of providing an internship or employment relationship. Topics for doctoral researchers can be found here. SusTra news [&hellip;]\" \/>\n<meta property=\"og:url\" content=\"https:\/\/sites.uef.fi\/sustra\/contact\/?lang=en\" \/>\n<meta property=\"og:site_name\" content=\"Kest\u00e4vyysmurros-tohtorikoulutuspilotti\" \/>\n<meta property=\"article:modified_time\" content=\"2026-03-04T12:25:09+00:00\" \/>\n<meta name=\"twitter:card\" content=\"summary_large_image\" \/>\n<meta name=\"twitter:label1\" content=\"Arvioitu lukuaika\" \/>\n\t<meta name=\"twitter:data1\" content=\"2 minuuttia\" \/>\n<script type=\"application\/ld+json\" class=\"yoast-schema-graph\">{\"@context\":\"https:\\\/\\\/schema.org\",\"@graph\":[{\"@type\":\"WebPage\",\"@id\":\"https:\\\/\\\/sites.uef.fi\\\/sustra\\\/contact\\\/?lang=en\",\"url\":\"https:\\\/\\\/sites.uef.fi\\\/sustra\\\/contact\\\/?lang=en\",\"name\":\"Contact - Kest\u00e4vyysmurros-tohtorikoulutuspilotti\",\"isPartOf\":{\"@id\":\"https:\\\/\\\/sites.uef.fi\\\/sustra\\\/#website\"},\"datePublished\":\"2024-09-03T11:19:21+00:00\",\"dateModified\":\"2026-03-04T12:25:09+00:00\",\"breadcrumb\":{\"@id\":\"https:\\\/\\\/sites.uef.fi\\\/sustra\\\/contact\\\/?lang=en#breadcrumb\"},\"inLanguage\":\"fi\",\"potentialAction\":[{\"@type\":\"ReadAction\",\"target\":[\"https:\\\/\\\/sites.uef.fi\\\/sustra\\\/contact\\\/?lang=en\"]}]},{\"@type\":\"BreadcrumbList\",\"@id\":\"https:\\\/\\\/sites.uef.fi\\\/sustra\\\/contact\\\/?lang=en#breadcrumb\",\"itemListElement\":[{\"@type\":\"ListItem\",\"position\":1,\"name\":\"Home\",\"item\":\"https:\\\/\\\/sites.uef.fi\\\/sustra\\\/\"},{\"@type\":\"ListItem\",\"position\":2,\"name\":\"Contact\"}]},{\"@type\":\"WebSite\",\"@id\":\"https:\\\/\\\/sites.uef.fi\\\/sustra\\\/#website\",\"url\":\"https:\\\/\\\/sites.uef.fi\\\/sustra\\\/\",\"name\":\"Kest\u00e4vyysmurros-tohtorikoulutuspilotti\",\"description\":\"\",\"potentialAction\":[{\"@type\":\"SearchAction\",\"target\":{\"@type\":\"EntryPoint\",\"urlTemplate\":\"https:\\\/\\\/sites.uef.fi\\\/sustra\\\/?s={search_term_string}\"},\"query-input\":{\"@type\":\"PropertyValueSpecification\",\"valueRequired\":true,\"valueName\":\"search_term_string\"}}],\"inLanguage\":\"fi\"}]}<\/script>\n<!-- \/ Yoast SEO plugin. -->","yoast_head_json":{"title":"Contact - Kest\u00e4vyysmurros-tohtorikoulutuspilotti","robots":{"index":"index","follow":"follow","max-snippet":"max-snippet:-1","max-image-preview":"max-image-preview:large","max-video-preview":"max-video-preview:-1"},"canonical":"https:\/\/sites.uef.fi\/sustra\/contact\/","og_locale":"fi_FI","og_type":"article","og_title":"Contact - Kest\u00e4vyysmurros-tohtorikoulutuspilotti","og_description":"Collaboration with Sustainability Transformations Interested in the Sustainability Transition doctoral education pilot? We are happy to discuss partnerships. In addition to academic supervisors, SusTra doctoral researchers are supervised by working life mentors. Contact us if you are capable of providing an internship or employment relationship. Topics for doctoral researchers can be found here. SusTra news [&hellip;]","og_url":"https:\/\/sites.uef.fi\/sustra\/contact\/?lang=en","og_site_name":"Kest\u00e4vyysmurros-tohtorikoulutuspilotti","article_modified_time":"2026-03-04T12:25:09+00:00","twitter_card":"summary_large_image","twitter_misc":{"Arvioitu lukuaika":"2 minuuttia"},"schema":{"@context":"https:\/\/schema.org","@graph":[{"@type":"WebPage","@id":"https:\/\/sites.uef.fi\/sustra\/contact\/?lang=en","url":"https:\/\/sites.uef.fi\/sustra\/contact\/?lang=en","name":"Contact - Kest\u00e4vyysmurros-tohtorikoulutuspilotti","isPartOf":{"@id":"https:\/\/sites.uef.fi\/sustra\/#website"},"datePublished":"2024-09-03T11:19:21+00:00","dateModified":"2026-03-04T12:25:09+00:00","breadcrumb":{"@id":"https:\/\/sites.uef.fi\/sustra\/contact\/?lang=en#breadcrumb"},"inLanguage":"fi","potentialAction":[{"@type":"ReadAction","target":["https:\/\/sites.uef.fi\/sustra\/contact\/?lang=en"]}]},{"@type":"BreadcrumbList","@id":"https:\/\/sites.uef.fi\/sustra\/contact\/?lang=en#breadcrumb","itemListElement":[{"@type":"ListItem","position":1,"name":"Home","item":"https:\/\/sites.uef.fi\/sustra\/"},{"@type":"ListItem","position":2,"name":"Contact"}]},{"@type":"WebSite","@id":"https:\/\/sites.uef.fi\/sustra\/#website","url":"https:\/\/sites.uef.fi\/sustra\/","name":"Kest\u00e4vyysmurros-tohtorikoulutuspilotti","description":"","potentialAction":[{"@type":"SearchAction","target":{"@type":"EntryPoint","urlTemplate":"https:\/\/sites.uef.fi\/sustra\/?s={search_term_string}"},"query-input":{"@type":"PropertyValueSpecification","valueRequired":true,"valueName":"search_term_string"}}],"inLanguage":"fi"}]}},"_links":{"self":[{"href":"https:\/\/sites.uef.fi\/sustra\/wp-json\/wp\/v2\/pages\/521","targetHints":{"allow":["GET"]}}],"collection":[{"href":"https:\/\/sites.uef.fi\/sustra\/wp-json\/wp\/v2\/pages"}],"about":[{"href":"https:\/\/sites.uef.fi\/sustra\/wp-json\/wp\/v2\/types\/page"}],"author":[{"embeddable":true,"href":"https:\/\/sites.uef.fi\/sustra\/wp-json\/wp\/v2\/users\/1173"}],"replies":[{"embeddable":true,"href":"https:\/\/sites.uef.fi\/sustra\/wp-json\/wp\/v2\/comments?post=521"}],"version-history":[{"count":2,"href":"https:\/\/sites.uef.fi\/sustra\/wp-json\/wp\/v2\/pages\/521\/revisions"}],"predecessor-version":[{"id":1328,"href":"https:\/\/sites.uef.fi\/sustra\/wp-json\/wp\/v2\/pages\/521\/revisions\/1328"}],"wp:attachment":[{"href":"https:\/\/sites.uef.fi\/sustra\/wp-json\/wp\/v2\/media?parent=521"}],"curies":[{"name":"wp","href":"https:\/\/api.w.org\/{rel}","templated":true}]}}