{"id":826,"date":"2024-11-22T20:49:25","date_gmt":"2024-11-22T18:49:25","guid":{"rendered":"https:\/\/sites.uef.fi\/sustra\/?page_id=826"},"modified":"2025-02-26T10:50:48","modified_gmt":"2025-02-26T08:50:48","slug":"mentorointi","status":"publish","type":"page","link":"https:\/\/sites.uef.fi\/sustra\/mentorointi\/","title":{"rendered":"Mentorointi"},"content":{"rendered":"\n<p>Kest\u00e4vyysmurros-tohtorikoulutuspilotti SusTrassa jokaisella v\u00e4it\u00f6skirjatutkijalla on&nbsp;mentori jolla on<em> vahva ty\u00f6el\u00e4m\u00e4kokemus yliopistomaailman ulkopuolelta.&nbsp;<\/em>Tohtoripilotoinnin tavoitteena on mm. lis\u00e4t\u00e4 tohtorikoulutettujen liikkuvuutta eri organisaatioiden v\u00e4lill\u00e4, kannustaa monipuolisille tutkijanurille sek\u00e4 lis\u00e4t\u00e4 tohtoreiden ty\u00f6llistymist\u00e4 laajasti yhteiskunnan eri sektoreille.<\/p>\n\n\n\n<p>Jokainen mentori haetaan yksil\u00f6idysti kullekin tutkijalle. Painotus mentoroinnissa voi olla enemm\u00e4n v\u00e4it\u00f6skirjan sis\u00e4ll\u00f6iss\u00e4, henkil\u00f6kohtaisissa urasuunnitelmissa tai painottua kumpaankin, riippuen v\u00e4it\u00f6skirjatutkijan toiveista. Toiveista keskustellaan ennen yhdist\u00e4mist\u00e4 jotta luodaan kummallekin antoisa vuorovaikutussuhde. V\u00e4it\u00f6skirjatutkijalla voi olla my\u00f6s useampi mentori.<\/p>\n\n\n\n<p><strong>SusTra-mentoriksi ryhtymisen edellytyksi\u00e4<\/strong><\/p>\n\n\n\n<ul class=\"wp-block-list\">\n<li>Motivaatio teht\u00e4v\u00e4\u00e4n; v\u00e4it\u00f6skirjatutkijan ty\u00f6n kokonaisvaltainen tukeminen sek\u00e4 oman osaamisen jakaminen<\/li>\n\n\n\n<li>V\u00e4it\u00f6skirjatutkijan urasuunnittelun ja henkil\u00f6kohtaisten tavoitteiden tukeminen<\/li>\n\n\n\n<li>Sis\u00e4ll\u00f6llinen tukeminen v\u00e4it\u00f6skirjaty\u00f6n aihepiirist\u00e4<\/li>\n\n\n\n<li>Mentorilla ei tarvitse olla tohtoritutkintoa, mutta se on suotavaa<\/li>\n\n\n\n<li>Sitoutuminen tohtoripilotin ajaksi (2025-2027)<\/li>\n\n\n\n<li>Tapaamisten m\u00e4\u00e4r\u00e4 on v\u00e4hint\u00e4\u00e4n 2 kertaa vuodessa, ne voivat olla kasvokkain tai et\u00e4n\u00e4, suositus&nbsp;on tavata ainakin kerran kasvokkain<\/li>\n\n\n\n<li>Mentori voi osallistua SusTra tohtoripilotin symposiumeihin ja seminaareihin mutta sit\u00e4 ei edellytet\u00e4<\/li>\n<\/ul>\n\n\n\n<p>Kest\u00e4vyyshaasteet ovat globaaleja, joten mentorin organisaation alkuper\u00e4maa tai henkil\u00f6n kansalaisuus ei rajoitu Suomeen. Kansainv\u00e4liset toimijat ovat tervetulleita osaksi SusTraa ja viestinn\u00e4ss\u00e4 k\u00e4ytet\u00e4\u00e4n englantia.<\/p>\n\n\n\n<p>Pilotin yleisen\u00e4 tavoitteena on osaamisen huoltovarmuus ja SusTrassa kohdennetummin kest\u00e4vyysmurroksen toteuttaminen ja tutkimuksen &amp; ty\u00f6el\u00e4m\u00e4n hedelm\u00e4llinen vuorovaikutus. <\/p>\n","protected":false},"excerpt":{"rendered":"<p>Kest\u00e4vyysmurros-tohtorikoulutuspilotti SusTrassa jokaisella v\u00e4it\u00f6skirjatutkijalla on&nbsp;mentori jolla on vahva ty\u00f6el\u00e4m\u00e4kokemus yliopistomaailman ulkopuolelta.&nbsp;Tohtoripilotoinnin tavoitteena on mm. lis\u00e4t\u00e4 tohtorikoulutettujen liikkuvuutta eri organisaatioiden v\u00e4lill\u00e4, kannustaa monipuolisille tutkijanurille sek\u00e4 lis\u00e4t\u00e4 tohtoreiden ty\u00f6llistymist\u00e4 laajasti yhteiskunnan eri sektoreille. Jokainen mentori haetaan yksil\u00f6idysti kullekin tutkijalle. Painotus mentoroinnissa voi olla enemm\u00e4n v\u00e4it\u00f6skirjan sis\u00e4ll\u00f6iss\u00e4, henkil\u00f6kohtaisissa urasuunnitelmissa tai painottua kumpaankin, riippuen v\u00e4it\u00f6skirjatutkijan toiveista. Toiveista keskustellaan ennen [&hellip;]<\/p>\n","protected":false},"author":1173,"featured_media":0,"parent":0,"menu_order":0,"comment_status":"closed","ping_status":"closed","template":"","meta":{"_acf_changed":false,"footnotes":""},"class_list":["post-826","page","type-page","status-publish","hentry"],"acf":[],"yoast_head":"<!-- This site is optimized with the Yoast SEO plugin v27.1.1 - https:\/\/yoast.com\/product\/yoast-seo-wordpress\/ -->\n<title>Mentorointi - Kest\u00e4vyysmurros-tohtorikoulutuspilotti<\/title>\n<meta name=\"robots\" content=\"index, follow, max-snippet:-1, max-image-preview:large, max-video-preview:-1\" \/>\n<link rel=\"canonical\" href=\"https:\/\/sites.uef.fi\/sustra\/mentorointi\/\" \/>\n<meta property=\"og:locale\" content=\"fi_FI\" \/>\n<meta property=\"og:type\" content=\"article\" \/>\n<meta property=\"og:title\" content=\"Mentorointi - Kest\u00e4vyysmurros-tohtorikoulutuspilotti\" \/>\n<meta property=\"og:description\" content=\"Kest\u00e4vyysmurros-tohtorikoulutuspilotti SusTrassa jokaisella v\u00e4it\u00f6skirjatutkijalla on&nbsp;mentori jolla on vahva ty\u00f6el\u00e4m\u00e4kokemus yliopistomaailman ulkopuolelta.&nbsp;Tohtoripilotoinnin tavoitteena on mm. lis\u00e4t\u00e4 tohtorikoulutettujen liikkuvuutta eri organisaatioiden v\u00e4lill\u00e4, kannustaa monipuolisille tutkijanurille sek\u00e4 lis\u00e4t\u00e4 tohtoreiden ty\u00f6llistymist\u00e4 laajasti yhteiskunnan eri sektoreille. Jokainen mentori haetaan yksil\u00f6idysti kullekin tutkijalle. Painotus mentoroinnissa voi olla enemm\u00e4n v\u00e4it\u00f6skirjan sis\u00e4ll\u00f6iss\u00e4, henkil\u00f6kohtaisissa urasuunnitelmissa tai painottua kumpaankin, riippuen v\u00e4it\u00f6skirjatutkijan toiveista. Toiveista keskustellaan ennen [&hellip;]\" \/>\n<meta property=\"og:url\" content=\"https:\/\/sites.uef.fi\/sustra\/mentorointi\/\" \/>\n<meta property=\"og:site_name\" content=\"Kest\u00e4vyysmurros-tohtorikoulutuspilotti\" \/>\n<meta property=\"article:modified_time\" content=\"2025-02-26T08:50:48+00:00\" \/>\n<meta name=\"twitter:card\" content=\"summary_large_image\" \/>\n<meta name=\"twitter:label1\" content=\"Arvioitu lukuaika\" \/>\n\t<meta name=\"twitter:data1\" content=\"1 minuutti\" \/>\n<script type=\"application\/ld+json\" class=\"yoast-schema-graph\">{\"@context\":\"https:\/\/schema.org\",\"@graph\":[{\"@type\":\"WebPage\",\"@id\":\"https:\/\/sites.uef.fi\/sustra\/mentorointi\/\",\"url\":\"https:\/\/sites.uef.fi\/sustra\/mentorointi\/\",\"name\":\"Mentorointi - Kest\u00e4vyysmurros-tohtorikoulutuspilotti\",\"isPartOf\":{\"@id\":\"https:\/\/sites.uef.fi\/sustra\/#website\"},\"datePublished\":\"2024-11-22T18:49:25+00:00\",\"dateModified\":\"2025-02-26T08:50:48+00:00\",\"breadcrumb\":{\"@id\":\"https:\/\/sites.uef.fi\/sustra\/mentorointi\/#breadcrumb\"},\"inLanguage\":\"fi\",\"potentialAction\":[{\"@type\":\"ReadAction\",\"target\":[\"https:\/\/sites.uef.fi\/sustra\/mentorointi\/\"]}]},{\"@type\":\"BreadcrumbList\",\"@id\":\"https:\/\/sites.uef.fi\/sustra\/mentorointi\/#breadcrumb\",\"itemListElement\":[{\"@type\":\"ListItem\",\"position\":1,\"name\":\"Home\",\"item\":\"https:\/\/sites.uef.fi\/sustra\/\"},{\"@type\":\"ListItem\",\"position\":2,\"name\":\"Mentorointi\"}]},{\"@type\":\"WebSite\",\"@id\":\"https:\/\/sites.uef.fi\/sustra\/#website\",\"url\":\"https:\/\/sites.uef.fi\/sustra\/\",\"name\":\"Kest\u00e4vyysmurros-tohtorikoulutuspilotti\",\"description\":\"\",\"potentialAction\":[{\"@type\":\"SearchAction\",\"target\":{\"@type\":\"EntryPoint\",\"urlTemplate\":\"https:\/\/sites.uef.fi\/sustra\/?s={search_term_string}\"},\"query-input\":{\"@type\":\"PropertyValueSpecification\",\"valueRequired\":true,\"valueName\":\"search_term_string\"}}],\"inLanguage\":\"fi\"}]}<\/script>\n<!-- \/ Yoast SEO plugin. -->","yoast_head_json":{"title":"Mentorointi - Kest\u00e4vyysmurros-tohtorikoulutuspilotti","robots":{"index":"index","follow":"follow","max-snippet":"max-snippet:-1","max-image-preview":"max-image-preview:large","max-video-preview":"max-video-preview:-1"},"canonical":"https:\/\/sites.uef.fi\/sustra\/mentorointi\/","og_locale":"fi_FI","og_type":"article","og_title":"Mentorointi - Kest\u00e4vyysmurros-tohtorikoulutuspilotti","og_description":"Kest\u00e4vyysmurros-tohtorikoulutuspilotti SusTrassa jokaisella v\u00e4it\u00f6skirjatutkijalla on&nbsp;mentori jolla on vahva ty\u00f6el\u00e4m\u00e4kokemus yliopistomaailman ulkopuolelta.&nbsp;Tohtoripilotoinnin tavoitteena on mm. lis\u00e4t\u00e4 tohtorikoulutettujen liikkuvuutta eri organisaatioiden v\u00e4lill\u00e4, kannustaa monipuolisille tutkijanurille sek\u00e4 lis\u00e4t\u00e4 tohtoreiden ty\u00f6llistymist\u00e4 laajasti yhteiskunnan eri sektoreille. Jokainen mentori haetaan yksil\u00f6idysti kullekin tutkijalle. Painotus mentoroinnissa voi olla enemm\u00e4n v\u00e4it\u00f6skirjan sis\u00e4ll\u00f6iss\u00e4, henkil\u00f6kohtaisissa urasuunnitelmissa tai painottua kumpaankin, riippuen v\u00e4it\u00f6skirjatutkijan toiveista. Toiveista keskustellaan ennen [&hellip;]","og_url":"https:\/\/sites.uef.fi\/sustra\/mentorointi\/","og_site_name":"Kest\u00e4vyysmurros-tohtorikoulutuspilotti","article_modified_time":"2025-02-26T08:50:48+00:00","twitter_card":"summary_large_image","twitter_misc":{"Arvioitu lukuaika":"1 minuutti"},"schema":{"@context":"https:\/\/schema.org","@graph":[{"@type":"WebPage","@id":"https:\/\/sites.uef.fi\/sustra\/mentorointi\/","url":"https:\/\/sites.uef.fi\/sustra\/mentorointi\/","name":"Mentorointi - Kest\u00e4vyysmurros-tohtorikoulutuspilotti","isPartOf":{"@id":"https:\/\/sites.uef.fi\/sustra\/#website"},"datePublished":"2024-11-22T18:49:25+00:00","dateModified":"2025-02-26T08:50:48+00:00","breadcrumb":{"@id":"https:\/\/sites.uef.fi\/sustra\/mentorointi\/#breadcrumb"},"inLanguage":"fi","potentialAction":[{"@type":"ReadAction","target":["https:\/\/sites.uef.fi\/sustra\/mentorointi\/"]}]},{"@type":"BreadcrumbList","@id":"https:\/\/sites.uef.fi\/sustra\/mentorointi\/#breadcrumb","itemListElement":[{"@type":"ListItem","position":1,"name":"Home","item":"https:\/\/sites.uef.fi\/sustra\/"},{"@type":"ListItem","position":2,"name":"Mentorointi"}]},{"@type":"WebSite","@id":"https:\/\/sites.uef.fi\/sustra\/#website","url":"https:\/\/sites.uef.fi\/sustra\/","name":"Kest\u00e4vyysmurros-tohtorikoulutuspilotti","description":"","potentialAction":[{"@type":"SearchAction","target":{"@type":"EntryPoint","urlTemplate":"https:\/\/sites.uef.fi\/sustra\/?s={search_term_string}"},"query-input":{"@type":"PropertyValueSpecification","valueRequired":true,"valueName":"search_term_string"}}],"inLanguage":"fi"}]}},"_links":{"self":[{"href":"https:\/\/sites.uef.fi\/sustra\/wp-json\/wp\/v2\/pages\/826","targetHints":{"allow":["GET"]}}],"collection":[{"href":"https:\/\/sites.uef.fi\/sustra\/wp-json\/wp\/v2\/pages"}],"about":[{"href":"https:\/\/sites.uef.fi\/sustra\/wp-json\/wp\/v2\/types\/page"}],"author":[{"embeddable":true,"href":"https:\/\/sites.uef.fi\/sustra\/wp-json\/wp\/v2\/users\/1173"}],"replies":[{"embeddable":true,"href":"https:\/\/sites.uef.fi\/sustra\/wp-json\/wp\/v2\/comments?post=826"}],"version-history":[{"count":2,"href":"https:\/\/sites.uef.fi\/sustra\/wp-json\/wp\/v2\/pages\/826\/revisions"}],"predecessor-version":[{"id":999,"href":"https:\/\/sites.uef.fi\/sustra\/wp-json\/wp\/v2\/pages\/826\/revisions\/999"}],"wp:attachment":[{"href":"https:\/\/sites.uef.fi\/sustra\/wp-json\/wp\/v2\/media?parent=826"}],"curies":[{"name":"wp","href":"https:\/\/api.w.org\/{rel}","templated":true}]}}