{"id":1061,"date":"2024-01-18T16:43:01","date_gmt":"2024-01-18T13:43:01","guid":{"rendered":"https:\/\/sites.uef.fi\/symposium-for-music-scholars-2024\/?page_id=1061"},"modified":"2024-03-11T14:37:17","modified_gmt":"2024-03-11T11:37:17","slug":"majoitus","status":"publish","type":"page","link":"https:\/\/sites.uef.fi\/symposium-for-music-scholars-2024\/majoitus\/","title":{"rendered":"MAJOITUS"},"content":{"rendered":"\t<div id=\"accordion-block_2e33bd28d1dc17b43bd34a8a496b3023\" class=\"accordions\">\n\t\t\t\t\t<div class=\"accordion accordion-js\">\n\t\t\t\t<button class=\"accordion__button\" aria-controls=\"content-8432\" aria-expanded=\"false\" id=\"accordion-control-8432\">\n\t\t\t\t\t<h3 class=\"accordion__heading\" >\n\t\t\t\t\t\tHOTEL GREENSTAR JOENSUU\t\t\t\t\t<\/h3>\n\t\t\t\t<\/button>\n\t\t\t\t<div class=\"accordion__content\" role=\"region\" aria-labelledby=\"accordion-control-8432\" aria-hidden=\"true\" id=\"content-8432\">\n\t\t\t\t\t<p><strong>Majoitusaika 25.-27.3.<\/strong><\/p>\n<p><strong>Majoitus ja aamiainen<\/strong><br \/>\n82 \u20ac \/ yhden hengen huone \/ vrk<br \/>\n94 \u20ac \/ kahden hengen huone \/ vrk<br \/>\n106 \u20ac\/ kahden hengen huone + lis\u00e4vuode \/ vrk<\/p>\n<p>Hinnat ovat nettohintoja ja sis\u00e4lt\u00e4v\u00e4t voimassaolevan arvonlis\u00e4veron.<br \/>\nGreenStar Hotels Oy pid\u00e4tt\u00e4\u00e4 oikeuden hinnan muutoksiin, mik\u00e4li arvonlis\u00e4verokanta muuttuu.<\/p>\n<p><strong>Varaukset<\/strong><br \/>\nJokainen varaa ja maksaa itse majoituksensa. Varaukset suoraan hotellista puhelimella tai s\u00e4hk\u00f6postilla, varaustunnus <strong>SYMPOSIUM24<\/strong>.<br \/>\nVaraukset 11.3.2024 menness\u00e4.<\/p>\n<p><strong>Maksuehdot<\/strong><br \/>\nJokainen maksaa itse paikan p\u00e4\u00e4ll\u00e4 k\u00e4teisell\u00e4 tai luottokortilla.<\/p>\n<p><strong>Saapuminen<\/strong><br \/>\nHotellien vastaanottojen aukioloajat: www.greenstar.fi<br \/>\nVarausvahvistuksen mukana toimitetaan pin-koodi, jolla voi sis\u00e4\u00e4nkirjautua check-in automaatilla vastaanoton ollessa kiinni.<br \/>\nSis\u00e4\u00e4nkirjautuminen tapahtuu varausnumeron ja pin-koodin avulla.<\/p>\n<p>Torikatu 16, 80100 Joensuu<\/p>\n<p><strong>Peruutusehdot<\/strong><br \/>\nYksitt\u00e4isiss\u00e4 varauksissa normaalit peruutusehdot: saapumisp\u00e4iv\u00e4\u00e4n kello 18 saakka.<br \/>\nVaraajalla on oikeus peruuttaa ryhm\u00e4varauksensa seuraavien peruutusehtojen mukaisesti, muutokset ja peruutukset kirjallisesti.<\/p>\n\t\t\t\t<\/div>\n\t\t\t<\/div>\n\t\t\t\t\t<div class=\"accordion accordion-js\">\n\t\t\t\t<button class=\"accordion__button\" aria-controls=\"content-9537\" aria-expanded=\"false\" id=\"accordion-control-9537\">\n\t\t\t\t\t<h3 class=\"accordion__heading\" >\n\t\t\t\t\t\tSOKOS HOTEL VAAKUNA\t\t\t\t\t<\/h3>\n\t\t\t\t<\/button>\n\t\t\t\t<div class=\"accordion__content\" role=\"region\" aria-labelledby=\"accordion-control-9537\" aria-hidden=\"true\" id=\"content-9537\">\n\t\t\t\t\t<p><b><strong>Majoitusaika 25.-27.3.<\/strong><\/b><\/p>\n<p>Huonehinnat:<br \/>\n115\u20ac\/1hh\/vrk<br \/>\n135\u20ac\/2hh\/vrk<\/p>\n<p>Huonehinnat sis\u00e4lt\u00e4v\u00e4t kattavan aamiaisen, asiakassaunan sek\u00e4 Wi-Fi-yhteyden huoneissa. My\u00f6nn\u00e4mme hinnoista liikematkustajan kanta-asiakaskortin S-card \u2013edut.<\/p>\n<p><strong>Varaukset<\/strong><br \/>\nJokainen varaa ja maksaa itse majoituksensa. Huonevaraukset voi tehd\u00e4 verkossa tai suoraan hotellin vastaanotosta puhelimitse 010 782 3100 \u00a0tai s\u00e4hk\u00f6postilla <a href=\"mailto:vaakuna.joensuu@sokoshotels.fi\" data-linkindex=\"0\">vaakuna.joensuu@sokoshotels.fi<\/a>. Varaustunnus <strong>BSYMPOSIUM24<\/strong>.<br \/>\nVaraukset 11.3.2024 menness\u00e4.<\/p>\n<p>Torikatu 20 80100 Joensuu<\/p>\n\t\t\t\t<\/div>\n\t\t\t<\/div>\n\t\t\t<\/div>\n\t","protected":false},"excerpt":{"rendered":"","protected":false},"author":572,"featured_media":0,"parent":0,"menu_order":0,"comment_status":"closed","ping_status":"closed","template":"","meta":{"_acf_changed":false,"footnotes":""},"class_list":["post-1061","page","type-page","status-publish","hentry"],"acf":[],"yoast_head":"<!-- This site is optimized with the Yoast SEO plugin v27.1.1 - https:\/\/yoast.com\/product\/yoast-seo-wordpress\/ -->\n<title>MAJOITUS - MUSIIKINTUTKIJOIDEN VALTAKUNNALLINEN SYMPOSIUM 2024<\/title>\n<meta name=\"robots\" content=\"index, follow, max-snippet:-1, max-image-preview:large, max-video-preview:-1\" \/>\n<link rel=\"canonical\" href=\"https:\/\/sites.uef.fi\/symposium-for-music-scholars-2024\/majoitus\/\" \/>\n<meta property=\"og:locale\" content=\"fi_FI\" \/>\n<meta property=\"og:type\" content=\"article\" \/>\n<meta property=\"og:title\" content=\"MAJOITUS - MUSIIKINTUTKIJOIDEN VALTAKUNNALLINEN SYMPOSIUM 2024\" \/>\n<meta property=\"og:url\" content=\"https:\/\/sites.uef.fi\/symposium-for-music-scholars-2024\/majoitus\/\" \/>\n<meta property=\"og:site_name\" content=\"MUSIIKINTUTKIJOIDEN VALTAKUNNALLINEN SYMPOSIUM 2024\" \/>\n<meta property=\"article:modified_time\" content=\"2024-03-11T11:37:17+00:00\" \/>\n<meta name=\"twitter:card\" content=\"summary_large_image\" \/>\n<script type=\"application\/ld+json\" class=\"yoast-schema-graph\">{\"@context\":\"https:\/\/schema.org\",\"@graph\":[{\"@type\":\"WebPage\",\"@id\":\"https:\/\/sites.uef.fi\/symposium-for-music-scholars-2024\/majoitus\/\",\"url\":\"https:\/\/sites.uef.fi\/symposium-for-music-scholars-2024\/majoitus\/\",\"name\":\"MAJOITUS - MUSIIKINTUTKIJOIDEN VALTAKUNNALLINEN SYMPOSIUM 2024\",\"isPartOf\":{\"@id\":\"https:\/\/sites.uef.fi\/symposium-for-music-scholars-2024\/#website\"},\"datePublished\":\"2024-01-18T13:43:01+00:00\",\"dateModified\":\"2024-03-11T11:37:17+00:00\",\"breadcrumb\":{\"@id\":\"https:\/\/sites.uef.fi\/symposium-for-music-scholars-2024\/majoitus\/#breadcrumb\"},\"inLanguage\":\"fi\",\"potentialAction\":[{\"@type\":\"ReadAction\",\"target\":[\"https:\/\/sites.uef.fi\/symposium-for-music-scholars-2024\/majoitus\/\"]}]},{\"@type\":\"BreadcrumbList\",\"@id\":\"https:\/\/sites.uef.fi\/symposium-for-music-scholars-2024\/majoitus\/#breadcrumb\",\"itemListElement\":[{\"@type\":\"ListItem\",\"position\":1,\"name\":\"Home\",\"item\":\"https:\/\/sites.uef.fi\/symposium-for-music-scholars-2024\/\"},{\"@type\":\"ListItem\",\"position\":2,\"name\":\"MAJOITUS\"}]},{\"@type\":\"WebSite\",\"@id\":\"https:\/\/sites.uef.fi\/symposium-for-music-scholars-2024\/#website\",\"url\":\"https:\/\/sites.uef.fi\/symposium-for-music-scholars-2024\/\",\"name\":\"MUSIIKINTUTKIJOIDEN VALTAKUNNALLINEN SYMPOSIUM 2024\",\"description\":\"\",\"potentialAction\":[{\"@type\":\"SearchAction\",\"target\":{\"@type\":\"EntryPoint\",\"urlTemplate\":\"https:\/\/sites.uef.fi\/symposium-for-music-scholars-2024\/?s={search_term_string}\"},\"query-input\":{\"@type\":\"PropertyValueSpecification\",\"valueRequired\":true,\"valueName\":\"search_term_string\"}}],\"inLanguage\":\"fi\"}]}<\/script>\n<!-- \/ Yoast SEO plugin. -->","yoast_head_json":{"title":"MAJOITUS - MUSIIKINTUTKIJOIDEN VALTAKUNNALLINEN SYMPOSIUM 2024","robots":{"index":"index","follow":"follow","max-snippet":"max-snippet:-1","max-image-preview":"max-image-preview:large","max-video-preview":"max-video-preview:-1"},"canonical":"https:\/\/sites.uef.fi\/symposium-for-music-scholars-2024\/majoitus\/","og_locale":"fi_FI","og_type":"article","og_title":"MAJOITUS - MUSIIKINTUTKIJOIDEN VALTAKUNNALLINEN SYMPOSIUM 2024","og_url":"https:\/\/sites.uef.fi\/symposium-for-music-scholars-2024\/majoitus\/","og_site_name":"MUSIIKINTUTKIJOIDEN VALTAKUNNALLINEN SYMPOSIUM 2024","article_modified_time":"2024-03-11T11:37:17+00:00","twitter_card":"summary_large_image","schema":{"@context":"https:\/\/schema.org","@graph":[{"@type":"WebPage","@id":"https:\/\/sites.uef.fi\/symposium-for-music-scholars-2024\/majoitus\/","url":"https:\/\/sites.uef.fi\/symposium-for-music-scholars-2024\/majoitus\/","name":"MAJOITUS - MUSIIKINTUTKIJOIDEN VALTAKUNNALLINEN SYMPOSIUM 2024","isPartOf":{"@id":"https:\/\/sites.uef.fi\/symposium-for-music-scholars-2024\/#website"},"datePublished":"2024-01-18T13:43:01+00:00","dateModified":"2024-03-11T11:37:17+00:00","breadcrumb":{"@id":"https:\/\/sites.uef.fi\/symposium-for-music-scholars-2024\/majoitus\/#breadcrumb"},"inLanguage":"fi","potentialAction":[{"@type":"ReadAction","target":["https:\/\/sites.uef.fi\/symposium-for-music-scholars-2024\/majoitus\/"]}]},{"@type":"BreadcrumbList","@id":"https:\/\/sites.uef.fi\/symposium-for-music-scholars-2024\/majoitus\/#breadcrumb","itemListElement":[{"@type":"ListItem","position":1,"name":"Home","item":"https:\/\/sites.uef.fi\/symposium-for-music-scholars-2024\/"},{"@type":"ListItem","position":2,"name":"MAJOITUS"}]},{"@type":"WebSite","@id":"https:\/\/sites.uef.fi\/symposium-for-music-scholars-2024\/#website","url":"https:\/\/sites.uef.fi\/symposium-for-music-scholars-2024\/","name":"MUSIIKINTUTKIJOIDEN VALTAKUNNALLINEN SYMPOSIUM 2024","description":"","potentialAction":[{"@type":"SearchAction","target":{"@type":"EntryPoint","urlTemplate":"https:\/\/sites.uef.fi\/symposium-for-music-scholars-2024\/?s={search_term_string}"},"query-input":{"@type":"PropertyValueSpecification","valueRequired":true,"valueName":"search_term_string"}}],"inLanguage":"fi"}]}},"_links":{"self":[{"href":"https:\/\/sites.uef.fi\/symposium-for-music-scholars-2024\/wp-json\/wp\/v2\/pages\/1061","targetHints":{"allow":["GET"]}}],"collection":[{"href":"https:\/\/sites.uef.fi\/symposium-for-music-scholars-2024\/wp-json\/wp\/v2\/pages"}],"about":[{"href":"https:\/\/sites.uef.fi\/symposium-for-music-scholars-2024\/wp-json\/wp\/v2\/types\/page"}],"author":[{"embeddable":true,"href":"https:\/\/sites.uef.fi\/symposium-for-music-scholars-2024\/wp-json\/wp\/v2\/users\/572"}],"replies":[{"embeddable":true,"href":"https:\/\/sites.uef.fi\/symposium-for-music-scholars-2024\/wp-json\/wp\/v2\/comments?post=1061"}],"version-history":[{"count":1,"href":"https:\/\/sites.uef.fi\/symposium-for-music-scholars-2024\/wp-json\/wp\/v2\/pages\/1061\/revisions"}],"predecessor-version":[{"id":1169,"href":"https:\/\/sites.uef.fi\/symposium-for-music-scholars-2024\/wp-json\/wp\/v2\/pages\/1061\/revisions\/1169"}],"wp:attachment":[{"href":"https:\/\/sites.uef.fi\/symposium-for-music-scholars-2024\/wp-json\/wp\/v2\/media?parent=1061"}],"curies":[{"name":"wp","href":"https:\/\/api.w.org\/{rel}","templated":true}]}}