{"id":221,"date":"2023-10-04T11:45:13","date_gmt":"2023-10-04T08:45:13","guid":{"rendered":"https:\/\/sites.uef.fi\/symposium-for-music-scholars-2024\/?page_id=221"},"modified":"2024-03-24T21:22:49","modified_gmt":"2024-03-24T18:22:49","slug":"frontpage","status":"publish","type":"page","link":"https:\/\/sites.uef.fi\/symposium-for-music-scholars-2024\/","title":{"rendered":"SUOMEN MUSIIKINTUTKIJOIDEN SYMPOSIUM 2024"},"content":{"rendered":"\n<p class=\"has-text-align-center\">Suomen etnomusikologinen seura&nbsp;(SES)&nbsp;ja It\u00e4-Suomen yliopiston kulttuurintutkimuksen oppiaine kutsuvat kaikkia musiikista kiinnostuneita tutkijoita osallistumaan Suomen musiikintutkijoiden valtakunnalliseen symposiumiin, joka j\u00e4rjestet\u00e4\u00e4n Joensuussa 25.\u201327.3.2024.&nbsp;<\/p>\n\n\n\n<p class=\"has-text-align-center\">Symposiumin teemana on t\u00e4n\u00e4 vuonna \u201dkaikuja ja heijastuksia\u201d. Niiden voidaan ymm\u00e4rt\u00e4\u00e4 liittyv\u00e4n vertauskuvallisesti musiikin eri funktiohin ja yhteyksiin, muistiin, ihmisten ja yhteis\u00f6jen v\u00e4liseen viestint\u00e4\u00e4n, kulttuurin musiikilliseen jatkuvuuteen tai musiikin kulttuurisiin merkityksiin laajemmin ymm\u00e4rrettyn\u00e4. Konkreettisesti kaiut ja heijastukset liittyv\u00e4t musiikki- ja arkeoakustiikkaan. Teema voi johdattaa my\u00f6s pohtimaan niit\u00e4 erilaisia tapoja, joilla musiikintutkimus ja alan koulutus ovat omaksuneet ja omaksuvat kaikuja muilta tieteenaloilta, rakentaen samalla kuitenkin omaa jatkumoaan.<\/p>\n\n\n\n<p><\/p>\n\n\n\n<p><\/p>\n\n\n\t<div id=\"accordion-block_bf73af71f0f850ac5974016c7ca0320e\" class=\"accordions\">\n\t\t\t\t\t<div class=\"accordion accordion-js\">\n\t\t\t\t<button class=\"accordion__button\" aria-controls=\"content-1119\" aria-expanded=\"false\" id=\"accordion-control-1119\">\n\t\t\t\t\t<h3 class=\"accordion__heading\" >\n\t\t\t\t\t\tOHJELMA\t\t\t\t\t<\/h3>\n\t\t\t\t<\/button>\n\t\t\t\t<div class=\"accordion__content\" role=\"region\" aria-labelledby=\"accordion-control-1119\" aria-hidden=\"true\" id=\"content-1119\">\n\t\t\t\t\t<p>Ohjelmaan p\u00e4\u00e4set tutustumaan <a href=\"https:\/\/sites.uef.fi\/symposium-for-music-scholars-2024\/ohjelma\/\">t\u00e4\u00e4ll\u00e4!<\/a><\/p>\n\t\t\t\t<\/div>\n\t\t\t<\/div>\n\t\t\t\t\t<div class=\"accordion accordion-js\">\n\t\t\t\t<button class=\"accordion__button\" aria-controls=\"content-7085\" aria-expanded=\"false\" id=\"accordion-control-7085\">\n\t\t\t\t\t<h3 class=\"accordion__heading\" >\n\t\t\t\t\t\tP\u00c4\u00c4PUHUJAT\t\t\t\t\t<\/h3>\n\t\t\t\t<\/button>\n\t\t\t\t<div class=\"accordion__content\" role=\"region\" aria-labelledby=\"accordion-control-7085\" aria-hidden=\"true\" id=\"content-7085\">\n\t\t\t\t\t<p>Tapahtuman p\u00e4\u00e4puhujat vuonna 2024 ovat<\/p>\n<ul>\n<li><a href=\"https:\/\/sites.uef.fi\/symposium-for-music-scholars-2024\/paapuhujat\/\">Prof. Rupert Till, University of Huddersfield<\/a><\/li>\n<li><a href=\"https:\/\/sites.uef.fi\/symposium-for-music-scholars-2024\/paapuhujat\/\">Associate Prof. Ana Hofman, Slovenian Academy of Sciences and Arts<\/a><\/li>\n<\/ul>\n\t\t\t\t<\/div>\n\t\t\t<\/div>\n\t\t\t\t\t<div class=\"accordion accordion-js\">\n\t\t\t\t<button class=\"accordion__button\" aria-controls=\"content-3639\" aria-expanded=\"false\" id=\"accordion-control-3639\">\n\t\t\t\t\t<h3 class=\"accordion__heading\" >\n\t\t\t\t\t\tABSTRAKTIT\t\t\t\t\t<\/h3>\n\t\t\t\t<\/button>\n\t\t\t\t<div class=\"accordion__content\" role=\"region\" aria-labelledby=\"accordion-control-3639\" aria-hidden=\"true\" id=\"content-3639\">\n\t\t\t\t\t<p>Lataa abstraktit luettavaksi t\u00e4\u00e4lt\u00e4: <a href=\"https:\/\/sites.uef.fi\/symposium-for-music-scholars-2024\/wp-content\/uploads\/sites\/434\/2024\/03\/ABSTRAKTIT-1.pdf\">ABSTRAKTIT<\/a><\/p>\n\t\t\t\t<\/div>\n\t\t\t<\/div>\n\t\t\t\t\t<div class=\"accordion accordion-js\">\n\t\t\t\t<button class=\"accordion__button\" aria-controls=\"content-4528\" aria-expanded=\"false\" id=\"accordion-control-4528\">\n\t\t\t\t\t<h3 class=\"accordion__heading\" >\n\t\t\t\t\t\tTEKNISET TIEDOT ESIINTYJILLE\t\t\t\t\t<\/h3>\n\t\t\t\t<\/button>\n\t\t\t\t<div class=\"accordion__content\" role=\"region\" aria-labelledby=\"accordion-control-4528\" aria-hidden=\"true\" id=\"content-4528\">\n\t\t\t\t\t<p>Tekniset tiedot esiintyjille <a href=\"https:\/\/sites.uef.fi\/symposium-for-music-scholars-2024\/wp-content\/uploads\/sites\/434\/2024\/03\/Tekniset-tiedot-esiintyjille-suomeksi.docx\">t\u00e4\u00e4ll\u00e4.<\/a><\/p>\n\t\t\t\t<\/div>\n\t\t\t<\/div>\n\t\t\t\t\t<div class=\"accordion accordion-js\">\n\t\t\t\t<button class=\"accordion__button\" aria-controls=\"content-5604\" aria-expanded=\"false\" id=\"accordion-control-5604\">\n\t\t\t\t\t<h3 class=\"accordion__heading\" >\n\t\t\t\t\t\tMAJOITUS\t\t\t\t\t<\/h3>\n\t\t\t\t<\/button>\n\t\t\t\t<div class=\"accordion__content\" role=\"region\" aria-labelledby=\"accordion-control-5604\" aria-hidden=\"true\" id=\"content-5604\">\n\t\t\t\t\t<p>Katso majoitustarjoukset <a href=\"https:\/\/sites.uef.fi\/symposium-for-music-scholars-2024\/majoitus\/\">t\u00e4\u00e4lt\u00e4<\/a>.<\/p>\n\t\t\t\t<\/div>\n\t\t\t<\/div>\n\t\t\t\t\t<div class=\"accordion accordion-js\">\n\t\t\t\t<button class=\"accordion__button\" aria-controls=\"content-9072\" aria-expanded=\"false\" id=\"accordion-control-9072\">\n\t\t\t\t\t<h3 class=\"accordion__heading\" >\n\t\t\t\t\t\tJOENSUUN KARTTA\t\t\t\t\t<\/h3>\n\t\t\t\t<\/button>\n\t\t\t\t<div class=\"accordion__content\" role=\"region\" aria-labelledby=\"accordion-control-9072\" aria-hidden=\"true\" id=\"content-9072\">\n\t\t\t\t\t<p><img loading=\"lazy\" decoding=\"async\" class=\"alignnone wp-image-1236\" src=\"https:\/\/sites.uef.fi\/symposium-for-music-scholars-2024\/wp-content\/uploads\/sites\/434\/2024\/03\/Nayttokuva-2024-03-21-092354-300x183.png\" alt=\"\" width=\"680\" height=\"415\" srcset=\"https:\/\/sites.uef.fi\/symposium-for-music-scholars-2024\/wp-content\/uploads\/sites\/434\/2024\/03\/Nayttokuva-2024-03-21-092354-300x183.png 300w, https:\/\/sites.uef.fi\/symposium-for-music-scholars-2024\/wp-content\/uploads\/sites\/434\/2024\/03\/Nayttokuva-2024-03-21-092354-1024x625.png 1024w, https:\/\/sites.uef.fi\/symposium-for-music-scholars-2024\/wp-content\/uploads\/sites\/434\/2024\/03\/Nayttokuva-2024-03-21-092354-768x469.png 768w, https:\/\/sites.uef.fi\/symposium-for-music-scholars-2024\/wp-content\/uploads\/sites\/434\/2024\/03\/Nayttokuva-2024-03-21-092354.png 1181w\" sizes=\"auto, (max-width: 680px) 100vw, 680px\" \/><\/p>\n\t\t\t\t<\/div>\n\t\t\t<\/div>\n\t\t\t\t\t<div class=\"accordion accordion-js\">\n\t\t\t\t<button class=\"accordion__button\" aria-controls=\"content-935\" aria-expanded=\"false\" id=\"accordion-control-935\">\n\t\t\t\t\t<h3 class=\"accordion__heading\" >\n\t\t\t\t\t\tIT\u00c4-SUOMEN YLIOPISTON KAMPUSKARTTA\t\t\t\t\t<\/h3>\n\t\t\t\t<\/button>\n\t\t\t\t<div class=\"accordion__content\" role=\"region\" aria-labelledby=\"accordion-control-935\" aria-hidden=\"true\" id=\"content-935\">\n\t\t\t\t\t<p>It\u00e4-Suomen yliopiston <a href=\"https:\/\/sites.uef.fi\/symposium-for-music-scholars-2024\/wp-content\/uploads\/sites\/434\/2024\/03\/UEF_Kampuskartat_JNS.pdf\">kampuskartta.<\/a><\/p>\n\t\t\t\t<\/div>\n\t\t\t<\/div>\n\t\t\t\t\t<div class=\"accordion accordion-js\">\n\t\t\t\t<button class=\"accordion__button\" aria-controls=\"content-8568\" aria-expanded=\"false\" id=\"accordion-control-8568\">\n\t\t\t\t\t<h3 class=\"accordion__heading\" >\n\t\t\t\t\t\tYHTEYSTIEDOT\t\t\t\t\t<\/h3>\n\t\t\t\t<\/button>\n\t\t\t\t<div class=\"accordion__content\" role=\"region\" aria-labelledby=\"accordion-control-8568\" aria-hidden=\"true\" id=\"content-8568\">\n\t\t\t\t\t<p>Kysymykset ja tiedustelut voi osoittaa s\u00e4hk\u00f6postilla osoitteeseen <a href=\"mailto:symposium@etnomusikologia.fi\">symposium@etnomusikologia.fi<\/a><\/p>\n\t\t\t\t<\/div>\n\t\t\t<\/div>\n\t\t\t<\/div>\n\t","protected":false},"excerpt":{"rendered":"<p>Suomen etnomusikologinen seura&nbsp;(SES)&nbsp;ja It\u00e4-Suomen yliopiston kulttuurintutkimuksen oppiaine kutsuvat kaikkia musiikista kiinnostuneita tutkijoita osallistumaan Suomen musiikintutkijoiden valtakunnalliseen symposiumiin, joka j\u00e4rjestet\u00e4\u00e4n Joensuussa 25.\u201327.3.2024.&nbsp; Symposiumin teemana on t\u00e4n\u00e4 vuonna \u201dkaikuja ja heijastuksia\u201d. Niiden voidaan ymm\u00e4rt\u00e4\u00e4 liittyv\u00e4n vertauskuvallisesti musiikin eri funktiohin ja yhteyksiin, muistiin, ihmisten ja yhteis\u00f6jen v\u00e4liseen viestint\u00e4\u00e4n, kulttuurin musiikilliseen jatkuvuuteen tai musiikin kulttuurisiin merkityksiin laajemmin ymm\u00e4rrettyn\u00e4. Konkreettisesti [&hellip;]<\/p>\n","protected":false},"author":2,"featured_media":281,"parent":0,"menu_order":0,"comment_status":"closed","ping_status":"closed","template":"","meta":{"_acf_changed":false,"footnotes":""},"class_list":["post-221","page","type-page","status-publish","has-post-thumbnail","hentry"],"acf":[],"yoast_head":"<!-- This site is optimized with the Yoast SEO plugin v27.1.1 - https:\/\/yoast.com\/product\/yoast-seo-wordpress\/ -->\n<title>SUOMEN MUSIIKINTUTKIJOIDEN SYMPOSIUM 2024 - MUSIIKINTUTKIJOIDEN VALTAKUNNALLINEN SYMPOSIUM 2024<\/title>\n<meta name=\"robots\" content=\"index, follow, max-snippet:-1, max-image-preview:large, max-video-preview:-1\" \/>\n<link rel=\"canonical\" href=\"https:\/\/sites.uef.fi\/symposium-for-music-scholars-2024\/\" \/>\n<meta property=\"og:locale\" content=\"fi_FI\" \/>\n<meta property=\"og:type\" content=\"article\" \/>\n<meta property=\"og:title\" content=\"SUOMEN MUSIIKINTUTKIJOIDEN SYMPOSIUM 2024 - MUSIIKINTUTKIJOIDEN VALTAKUNNALLINEN SYMPOSIUM 2024\" \/>\n<meta property=\"og:description\" content=\"Suomen etnomusikologinen seura&nbsp;(SES)&nbsp;ja It\u00e4-Suomen yliopiston kulttuurintutkimuksen oppiaine kutsuvat kaikkia musiikista kiinnostuneita tutkijoita osallistumaan Suomen musiikintutkijoiden valtakunnalliseen symposiumiin, joka j\u00e4rjestet\u00e4\u00e4n Joensuussa 25.\u201327.3.2024.&nbsp; Symposiumin teemana on t\u00e4n\u00e4 vuonna \u201dkaikuja ja heijastuksia\u201d. Niiden voidaan ymm\u00e4rt\u00e4\u00e4 liittyv\u00e4n vertauskuvallisesti musiikin eri funktiohin ja yhteyksiin, muistiin, ihmisten ja yhteis\u00f6jen v\u00e4liseen viestint\u00e4\u00e4n, kulttuurin musiikilliseen jatkuvuuteen tai musiikin kulttuurisiin merkityksiin laajemmin ymm\u00e4rrettyn\u00e4. Konkreettisesti [&hellip;]\" \/>\n<meta property=\"og:url\" content=\"https:\/\/sites.uef.fi\/symposium-for-music-scholars-2024\/\" \/>\n<meta property=\"og:site_name\" content=\"MUSIIKINTUTKIJOIDEN VALTAKUNNALLINEN SYMPOSIUM 2024\" \/>\n<meta property=\"article:modified_time\" content=\"2024-03-24T18:22:49+00:00\" \/>\n<meta property=\"og:image\" content=\"https:\/\/sites.uef.fi\/symposium-for-music-scholars-2024\/wp-content\/uploads\/sites\/434\/2023\/10\/symposium-headbanner-1-scaled.jpg\" \/>\n\t<meta property=\"og:image:width\" content=\"2560\" \/>\n\t<meta property=\"og:image:height\" content=\"390\" \/>\n\t<meta property=\"og:image:type\" content=\"image\/jpeg\" \/>\n<meta name=\"twitter:card\" content=\"summary_large_image\" \/>\n<meta name=\"twitter:label1\" content=\"Arvioitu lukuaika\" \/>\n\t<meta name=\"twitter:data1\" content=\"1 minuutti\" \/>\n<script type=\"application\/ld+json\" class=\"yoast-schema-graph\">{\"@context\":\"https:\/\/schema.org\",\"@graph\":[{\"@type\":\"WebPage\",\"@id\":\"https:\/\/sites.uef.fi\/symposium-for-music-scholars-2024\/\",\"url\":\"https:\/\/sites.uef.fi\/symposium-for-music-scholars-2024\/\",\"name\":\"SUOMEN MUSIIKINTUTKIJOIDEN SYMPOSIUM 2024 - MUSIIKINTUTKIJOIDEN VALTAKUNNALLINEN SYMPOSIUM 2024\",\"isPartOf\":{\"@id\":\"https:\/\/sites.uef.fi\/symposium-for-music-scholars-2024\/#website\"},\"primaryImageOfPage\":{\"@id\":\"https:\/\/sites.uef.fi\/symposium-for-music-scholars-2024\/#primaryimage\"},\"image\":{\"@id\":\"https:\/\/sites.uef.fi\/symposium-for-music-scholars-2024\/#primaryimage\"},\"thumbnailUrl\":\"https:\/\/sites.uef.fi\/symposium-for-music-scholars-2024\/wp-content\/uploads\/sites\/434\/2023\/10\/symposium-headbanner-1-scaled.jpg\",\"datePublished\":\"2023-10-04T08:45:13+00:00\",\"dateModified\":\"2024-03-24T18:22:49+00:00\",\"breadcrumb\":{\"@id\":\"https:\/\/sites.uef.fi\/symposium-for-music-scholars-2024\/#breadcrumb\"},\"inLanguage\":\"fi\",\"potentialAction\":[{\"@type\":\"ReadAction\",\"target\":[\"https:\/\/sites.uef.fi\/symposium-for-music-scholars-2024\/\"]}]},{\"@type\":\"ImageObject\",\"inLanguage\":\"fi\",\"@id\":\"https:\/\/sites.uef.fi\/symposium-for-music-scholars-2024\/#primaryimage\",\"url\":\"https:\/\/sites.uef.fi\/symposium-for-music-scholars-2024\/wp-content\/uploads\/sites\/434\/2023\/10\/symposium-headbanner-1-scaled.jpg\",\"contentUrl\":\"https:\/\/sites.uef.fi\/symposium-for-music-scholars-2024\/wp-content\/uploads\/sites\/434\/2023\/10\/symposium-headbanner-1-scaled.jpg\",\"width\":2560,\"height\":390},{\"@type\":\"BreadcrumbList\",\"@id\":\"https:\/\/sites.uef.fi\/symposium-for-music-scholars-2024\/#breadcrumb\",\"itemListElement\":[{\"@type\":\"ListItem\",\"position\":1,\"name\":\"Home\",\"item\":\"https:\/\/sites.uef.fi\/symposium-for-music-scholars-2024\/\"},{\"@type\":\"ListItem\",\"position\":2,\"name\":\"SUOMEN MUSIIKINTUTKIJOIDEN SYMPOSIUM 2024\"}]},{\"@type\":\"WebSite\",\"@id\":\"https:\/\/sites.uef.fi\/symposium-for-music-scholars-2024\/#website\",\"url\":\"https:\/\/sites.uef.fi\/symposium-for-music-scholars-2024\/\",\"name\":\"MUSIIKINTUTKIJOIDEN VALTAKUNNALLINEN SYMPOSIUM 2024\",\"description\":\"\",\"potentialAction\":[{\"@type\":\"SearchAction\",\"target\":{\"@type\":\"EntryPoint\",\"urlTemplate\":\"https:\/\/sites.uef.fi\/symposium-for-music-scholars-2024\/?s={search_term_string}\"},\"query-input\":{\"@type\":\"PropertyValueSpecification\",\"valueRequired\":true,\"valueName\":\"search_term_string\"}}],\"inLanguage\":\"fi\"}]}<\/script>\n<!-- \/ Yoast SEO plugin. -->","yoast_head_json":{"title":"SUOMEN MUSIIKINTUTKIJOIDEN SYMPOSIUM 2024 - MUSIIKINTUTKIJOIDEN VALTAKUNNALLINEN SYMPOSIUM 2024","robots":{"index":"index","follow":"follow","max-snippet":"max-snippet:-1","max-image-preview":"max-image-preview:large","max-video-preview":"max-video-preview:-1"},"canonical":"https:\/\/sites.uef.fi\/symposium-for-music-scholars-2024\/","og_locale":"fi_FI","og_type":"article","og_title":"SUOMEN MUSIIKINTUTKIJOIDEN SYMPOSIUM 2024 - MUSIIKINTUTKIJOIDEN VALTAKUNNALLINEN SYMPOSIUM 2024","og_description":"Suomen etnomusikologinen seura&nbsp;(SES)&nbsp;ja It\u00e4-Suomen yliopiston kulttuurintutkimuksen oppiaine kutsuvat kaikkia musiikista kiinnostuneita tutkijoita osallistumaan Suomen musiikintutkijoiden valtakunnalliseen symposiumiin, joka j\u00e4rjestet\u00e4\u00e4n Joensuussa 25.\u201327.3.2024.&nbsp; Symposiumin teemana on t\u00e4n\u00e4 vuonna \u201dkaikuja ja heijastuksia\u201d. Niiden voidaan ymm\u00e4rt\u00e4\u00e4 liittyv\u00e4n vertauskuvallisesti musiikin eri funktiohin ja yhteyksiin, muistiin, ihmisten ja yhteis\u00f6jen v\u00e4liseen viestint\u00e4\u00e4n, kulttuurin musiikilliseen jatkuvuuteen tai musiikin kulttuurisiin merkityksiin laajemmin ymm\u00e4rrettyn\u00e4. Konkreettisesti [&hellip;]","og_url":"https:\/\/sites.uef.fi\/symposium-for-music-scholars-2024\/","og_site_name":"MUSIIKINTUTKIJOIDEN VALTAKUNNALLINEN SYMPOSIUM 2024","article_modified_time":"2024-03-24T18:22:49+00:00","og_image":[{"width":2560,"height":390,"url":"https:\/\/sites.uef.fi\/symposium-for-music-scholars-2024\/wp-content\/uploads\/sites\/434\/2023\/10\/symposium-headbanner-1-scaled.jpg","type":"image\/jpeg"}],"twitter_card":"summary_large_image","twitter_misc":{"Arvioitu lukuaika":"1 minuutti"},"schema":{"@context":"https:\/\/schema.org","@graph":[{"@type":"WebPage","@id":"https:\/\/sites.uef.fi\/symposium-for-music-scholars-2024\/","url":"https:\/\/sites.uef.fi\/symposium-for-music-scholars-2024\/","name":"SUOMEN MUSIIKINTUTKIJOIDEN SYMPOSIUM 2024 - MUSIIKINTUTKIJOIDEN VALTAKUNNALLINEN SYMPOSIUM 2024","isPartOf":{"@id":"https:\/\/sites.uef.fi\/symposium-for-music-scholars-2024\/#website"},"primaryImageOfPage":{"@id":"https:\/\/sites.uef.fi\/symposium-for-music-scholars-2024\/#primaryimage"},"image":{"@id":"https:\/\/sites.uef.fi\/symposium-for-music-scholars-2024\/#primaryimage"},"thumbnailUrl":"https:\/\/sites.uef.fi\/symposium-for-music-scholars-2024\/wp-content\/uploads\/sites\/434\/2023\/10\/symposium-headbanner-1-scaled.jpg","datePublished":"2023-10-04T08:45:13+00:00","dateModified":"2024-03-24T18:22:49+00:00","breadcrumb":{"@id":"https:\/\/sites.uef.fi\/symposium-for-music-scholars-2024\/#breadcrumb"},"inLanguage":"fi","potentialAction":[{"@type":"ReadAction","target":["https:\/\/sites.uef.fi\/symposium-for-music-scholars-2024\/"]}]},{"@type":"ImageObject","inLanguage":"fi","@id":"https:\/\/sites.uef.fi\/symposium-for-music-scholars-2024\/#primaryimage","url":"https:\/\/sites.uef.fi\/symposium-for-music-scholars-2024\/wp-content\/uploads\/sites\/434\/2023\/10\/symposium-headbanner-1-scaled.jpg","contentUrl":"https:\/\/sites.uef.fi\/symposium-for-music-scholars-2024\/wp-content\/uploads\/sites\/434\/2023\/10\/symposium-headbanner-1-scaled.jpg","width":2560,"height":390},{"@type":"BreadcrumbList","@id":"https:\/\/sites.uef.fi\/symposium-for-music-scholars-2024\/#breadcrumb","itemListElement":[{"@type":"ListItem","position":1,"name":"Home","item":"https:\/\/sites.uef.fi\/symposium-for-music-scholars-2024\/"},{"@type":"ListItem","position":2,"name":"SUOMEN MUSIIKINTUTKIJOIDEN SYMPOSIUM 2024"}]},{"@type":"WebSite","@id":"https:\/\/sites.uef.fi\/symposium-for-music-scholars-2024\/#website","url":"https:\/\/sites.uef.fi\/symposium-for-music-scholars-2024\/","name":"MUSIIKINTUTKIJOIDEN VALTAKUNNALLINEN SYMPOSIUM 2024","description":"","potentialAction":[{"@type":"SearchAction","target":{"@type":"EntryPoint","urlTemplate":"https:\/\/sites.uef.fi\/symposium-for-music-scholars-2024\/?s={search_term_string}"},"query-input":{"@type":"PropertyValueSpecification","valueRequired":true,"valueName":"search_term_string"}}],"inLanguage":"fi"}]}},"_links":{"self":[{"href":"https:\/\/sites.uef.fi\/symposium-for-music-scholars-2024\/wp-json\/wp\/v2\/pages\/221","targetHints":{"allow":["GET"]}}],"collection":[{"href":"https:\/\/sites.uef.fi\/symposium-for-music-scholars-2024\/wp-json\/wp\/v2\/pages"}],"about":[{"href":"https:\/\/sites.uef.fi\/symposium-for-music-scholars-2024\/wp-json\/wp\/v2\/types\/page"}],"author":[{"embeddable":true,"href":"https:\/\/sites.uef.fi\/symposium-for-music-scholars-2024\/wp-json\/wp\/v2\/users\/2"}],"replies":[{"embeddable":true,"href":"https:\/\/sites.uef.fi\/symposium-for-music-scholars-2024\/wp-json\/wp\/v2\/comments?post=221"}],"version-history":[{"count":1,"href":"https:\/\/sites.uef.fi\/symposium-for-music-scholars-2024\/wp-json\/wp\/v2\/pages\/221\/revisions"}],"predecessor-version":[{"id":1346,"href":"https:\/\/sites.uef.fi\/symposium-for-music-scholars-2024\/wp-json\/wp\/v2\/pages\/221\/revisions\/1346"}],"wp:featuredmedia":[{"embeddable":true,"href":"https:\/\/sites.uef.fi\/symposium-for-music-scholars-2024\/wp-json\/wp\/v2\/media\/281"}],"wp:attachment":[{"href":"https:\/\/sites.uef.fi\/symposium-for-music-scholars-2024\/wp-json\/wp\/v2\/media?parent=221"}],"curies":[{"name":"wp","href":"https:\/\/api.w.org\/{rel}","templated":true}]}}