{"id":441,"date":"2023-10-09T11:01:31","date_gmt":"2023-10-09T08:01:31","guid":{"rendered":"https:\/\/sites.uef.fi\/symposium-for-music-scholars-2024\/?page_id=441"},"modified":"2023-10-10T12:54:59","modified_gmt":"2023-10-10T09:54:59","slug":"esitelmakutsu","status":"publish","type":"page","link":"https:\/\/sites.uef.fi\/symposium-for-music-scholars-2024\/esitelmakutsu\/","title":{"rendered":"ESITELM\u00c4KUTSU"},"content":{"rendered":"\n<p><strong>Esitelm\u00e4kutsu: Suomen musiikintutkijoiden valtakunnallinen symposium 2024<\/strong><\/p>\n\n\n\n<p><strong><em>&#8221;Kaikuja ja heijastuksia&#8221;&nbsp;<\/em><\/strong><\/p>\n\n\n\n<p>Abstraktien viimeinen j\u00e4tt\u00f6p\u00e4iv\u00e4 10.11.2023<\/p>\n\n\n\n<p>J\u00e4t\u00e4 esitelm\u00e4ehdotuksesi k\u00e4ytt\u00e4en <strong><a href=\"https:\/\/registration.contio.fi\/uef\/Registration\/Login?id=6708-SES50-7817\">verkkolomaketta<\/a><\/strong>.<\/p>\n\n\n\n<p>_____________________________________________________________________________<\/p>\n\n\n\n<p>Hyv\u00e4t yst\u00e4v\u00e4t ja kollegat,<\/p>\n\n\n\n<p>Suomen etnomusikologinen seura&nbsp;(SES)&nbsp;ja It\u00e4-Suomen yliopiston kulttuurintutkimuksen oppiaine kutsuvat kaikkia musiikista kiinnostuneita tutkijoita osallistumaan Suomen musiikintutkijoiden valtakunnalliseen symposiumiin, joka j\u00e4rjestet\u00e4\u00e4n Joensuussa 25.\u201327.3.2024.&nbsp;<\/p>\n\n\n\n<p>Symposiumin teemana on \u201dkaiut ja heijastukset\u201d. Niiden voidaan ymm\u00e4rt\u00e4\u00e4 liittyv\u00e4n vertauskuvallisesti musiikin eri funktiohin ja yhteyksiin, muistiin, ihmisten ja yhteis\u00f6jen v\u00e4liseen viestint\u00e4\u00e4n, kulttuurin musiikilliseen jatkuvuuteen tai musiikin kulttuurisiin merkityksiin laajemmin ymm\u00e4rrettyn\u00e4. Konkreettisesti kaiut ja heijastukset liittyv\u00e4t musiikki- ja arkeoakustiikkaan. Teema voi johdattaa my\u00f6s pohtimaan niit\u00e4 erilaisia tapoja, joilla musiikintutkimus ja alan koulutus ovat omaksuneet ja omaksuvat kaikuja muilta tieteenaloilta, rakentaen samalla kuitenkin omaa jatkumoaan. Millaiset kiellot ja vaatimukset vaikuttavat musiikintutkimuksen jatkuvuuteen ja toimintamalleihin? Miten muuttunut (neoliberalistinen) toimintaymp\u00e4rist\u00f6 on muokannut musiikkiel\u00e4m\u00e4n ja sit\u00e4 tutkivien ty\u00f6n normeja? Mink\u00e4laisia \u201dhiljennettyjen rekistereiden\u201d (Hofman 2021)<em> <\/em>voimistamista ja kuuluviksi tekemisen k\u00e4yt\u00e4nt\u00f6j\u00e4<em> <\/em>musiikintutkijoiden ty\u00f6 ja asenne (edelleen) sis\u00e4lt\u00e4\u00e4? Mink\u00e4laisia kiistanalaisia historioita ja mahdollisia tulevaisuuksia kulttuurisen musiikintutkimuksen kent\u00e4ll\u00e4 tuotetaan ja tutkitaan?<\/p>\n\n\n\n<p>Symposiumin teema&nbsp;on tarkoitettu l\u00e4ht\u00f6kohdaksi keskusteluille, jotka kattavat laajasti eri tutkimusaloja, metodologioita ja tutkimusaiheita. Esitelm\u00e4ehdotukset voivat kytkeyty\u00e4 symposiumin teemaan suoraan tai viitteellisesti. My\u00f6s p\u00e4\u00e4teeman ulkopuolelle j\u00e4\u00e4v\u00e4t tutkimusaiheet huomioidaan ja pyrit\u00e4\u00e4n sis\u00e4llytt\u00e4m\u00e4\u00e4n symposiumin ohjelmaan.<\/p>\n\n\n\n<p>Vuosi 2024 on 50 vuotta t\u00e4ytt\u00e4v\u00e4n SES:n juhlavuosi, joten ohjelmassa on luvassa alan menneisyytt\u00e4, nykyp\u00e4iv\u00e4\u00e4 ja tulevaisuutta tarkasteleva paneelikeskustelu.&nbsp;<\/p>\n\n\n\n<p><\/p>\n\n\n\n<p><strong>Esitelm\u00e4ehdotukset<\/strong><\/p>\n\n\n\n<p>J\u00e4rjest\u00e4j\u00e4t ottavat vastaan ehdotuksia yksitt\u00e4isist\u00e4 20 minuutin esitelmist\u00e4 sek\u00e4 jonkin kokoavan teeman ymp\u00e4rille muodostetuista 3\u20134 esitt\u00e4j\u00e4n paneelisessioista. Lis\u00e4ksi otamme vastaan yksitt\u00e4isten tutkijoiden posteriehdotuksia. Abstraktien enimm\u00e4ispituus on 200 sanaa yksitt\u00e4isille esitelmille ja 300 sanaa paneelisessioille. Ehdotukset ja esitelm\u00e4t voivat olla suomen-, ruotsin- tai englanninkielisi\u00e4.<\/p>\n\n\n\n<p>Abstraktit pyydet\u00e4\u00e4n l\u00e4hett\u00e4m\u00e4\u00e4n k\u00e4ytt\u00e4en <a href=\"https:\/\/registration.contio.fi\/uef\/Registration\/Login?id=6708-SES50-7817\">verkkolomaketta<\/a>.<\/p>\n\n\n\n<p>Ehdotuksista tulee ilmet\u00e4:<\/p>\n\n\n\n<ul class=\"wp-block-list\">\n<li>tutkijan tai ryhm\u00e4n nimi ja yhteystiedot<\/li>\n\n\n\n<li>esitelm\u00e4n, paneelisession tai posterin otsikko<\/li>\n\n\n\n<li>max 200 sanan abstrakti (300 sanaa paneelisessioille)<\/li>\n<\/ul>\n\n\n\n<p><\/p>\n\n\n\n<p>Abstraktien viimeinen j\u00e4tt\u00f6p\u00e4iv\u00e4 on 10.11.2023<\/p>\n\n\n\n<p>Hyv\u00e4ksymisilmoitukset l\u00e4hetet\u00e4\u00e4n 15.12.2023 menness\u00e4<\/p>\n\n\n\n<p><\/p>\n\n\n\n<p>Kysymykset ja tiedustelut voi osoittaa s\u00e4hk\u00f6postilla osoitteeseen <a href=\"mailto:symposium@etnomusikologia.fi\">symposium@etnomusikologia.fi<\/a>.&nbsp;<\/p>\n\n\n\n<p>Tervetuloa!<\/p>\n","protected":false},"excerpt":{"rendered":"<p>Esitelm\u00e4kutsu: Suomen musiikintutkijoiden valtakunnallinen symposium 2024 &#8221;Kaikuja ja heijastuksia&#8221;&nbsp; Abstraktien viimeinen j\u00e4tt\u00f6p\u00e4iv\u00e4 10.11.2023 J\u00e4t\u00e4 esitelm\u00e4ehdotuksesi k\u00e4ytt\u00e4en verkkolomaketta. _____________________________________________________________________________ Hyv\u00e4t yst\u00e4v\u00e4t ja kollegat, Suomen etnomusikologinen seura&nbsp;(SES)&nbsp;ja It\u00e4-Suomen yliopiston kulttuurintutkimuksen oppiaine kutsuvat kaikkia musiikista kiinnostuneita tutkijoita osallistumaan Suomen musiikintutkijoiden valtakunnalliseen symposiumiin, joka j\u00e4rjestet\u00e4\u00e4n Joensuussa 25.\u201327.3.2024.&nbsp; Symposiumin teemana on \u201dkaiut ja heijastukset\u201d. Niiden voidaan ymm\u00e4rt\u00e4\u00e4 liittyv\u00e4n vertauskuvallisesti musiikin [&hellip;]<\/p>\n","protected":false},"author":572,"featured_media":332,"parent":0,"menu_order":0,"comment_status":"closed","ping_status":"closed","template":"","meta":{"_acf_changed":false,"footnotes":""},"class_list":["post-441","page","type-page","status-publish","has-post-thumbnail","hentry"],"acf":[],"yoast_head":"<!-- This site is optimized with the Yoast SEO plugin v27.1.1 - https:\/\/yoast.com\/product\/yoast-seo-wordpress\/ -->\n<title>ESITELM\u00c4KUTSU - MUSIIKINTUTKIJOIDEN VALTAKUNNALLINEN SYMPOSIUM 2024<\/title>\n<meta name=\"robots\" content=\"index, follow, max-snippet:-1, max-image-preview:large, max-video-preview:-1\" \/>\n<link rel=\"canonical\" href=\"https:\/\/sites.uef.fi\/symposium-for-music-scholars-2024\/esitelmakutsu\/\" \/>\n<meta property=\"og:locale\" content=\"fi_FI\" \/>\n<meta property=\"og:type\" content=\"article\" \/>\n<meta property=\"og:title\" content=\"ESITELM\u00c4KUTSU - MUSIIKINTUTKIJOIDEN VALTAKUNNALLINEN SYMPOSIUM 2024\" \/>\n<meta property=\"og:description\" content=\"Esitelm\u00e4kutsu: Suomen musiikintutkijoiden valtakunnallinen symposium 2024 &#8221;Kaikuja ja heijastuksia&#8221;&nbsp; Abstraktien viimeinen j\u00e4tt\u00f6p\u00e4iv\u00e4 10.11.2023 J\u00e4t\u00e4 esitelm\u00e4ehdotuksesi k\u00e4ytt\u00e4en verkkolomaketta. _____________________________________________________________________________ Hyv\u00e4t yst\u00e4v\u00e4t ja kollegat, Suomen etnomusikologinen seura&nbsp;(SES)&nbsp;ja It\u00e4-Suomen yliopiston kulttuurintutkimuksen oppiaine kutsuvat kaikkia musiikista kiinnostuneita tutkijoita osallistumaan Suomen musiikintutkijoiden valtakunnalliseen symposiumiin, joka j\u00e4rjestet\u00e4\u00e4n Joensuussa 25.\u201327.3.2024.&nbsp; Symposiumin teemana on \u201dkaiut ja heijastukset\u201d. Niiden voidaan ymm\u00e4rt\u00e4\u00e4 liittyv\u00e4n vertauskuvallisesti musiikin [&hellip;]\" \/>\n<meta property=\"og:url\" content=\"https:\/\/sites.uef.fi\/symposium-for-music-scholars-2024\/esitelmakutsu\/\" \/>\n<meta property=\"og:site_name\" content=\"MUSIIKINTUTKIJOIDEN VALTAKUNNALLINEN SYMPOSIUM 2024\" \/>\n<meta property=\"article:modified_time\" content=\"2023-10-10T09:54:59+00:00\" \/>\n<meta property=\"og:image\" content=\"https:\/\/sites.uef.fi\/symposium-for-music-scholars-2024\/wp-content\/uploads\/sites\/434\/2023\/10\/symposium-headbanner-2-scaled-e1696591122614.jpg\" \/>\n\t<meta property=\"og:image:width\" content=\"1911\" \/>\n\t<meta property=\"og:image:height\" content=\"153\" \/>\n\t<meta property=\"og:image:type\" content=\"image\/jpeg\" \/>\n<meta name=\"twitter:card\" content=\"summary_large_image\" \/>\n<meta name=\"twitter:label1\" content=\"Arvioitu lukuaika\" \/>\n\t<meta name=\"twitter:data1\" content=\"2 minuuttia\" \/>\n<script type=\"application\/ld+json\" class=\"yoast-schema-graph\">{\"@context\":\"https:\/\/schema.org\",\"@graph\":[{\"@type\":\"WebPage\",\"@id\":\"https:\/\/sites.uef.fi\/symposium-for-music-scholars-2024\/esitelmakutsu\/\",\"url\":\"https:\/\/sites.uef.fi\/symposium-for-music-scholars-2024\/esitelmakutsu\/\",\"name\":\"ESITELM\u00c4KUTSU - MUSIIKINTUTKIJOIDEN VALTAKUNNALLINEN SYMPOSIUM 2024\",\"isPartOf\":{\"@id\":\"https:\/\/sites.uef.fi\/symposium-for-music-scholars-2024\/#website\"},\"primaryImageOfPage\":{\"@id\":\"https:\/\/sites.uef.fi\/symposium-for-music-scholars-2024\/esitelmakutsu\/#primaryimage\"},\"image\":{\"@id\":\"https:\/\/sites.uef.fi\/symposium-for-music-scholars-2024\/esitelmakutsu\/#primaryimage\"},\"thumbnailUrl\":\"https:\/\/sites.uef.fi\/symposium-for-music-scholars-2024\/wp-content\/uploads\/sites\/434\/2023\/10\/symposium-headbanner-2-scaled-e1696591122614.jpg\",\"datePublished\":\"2023-10-09T08:01:31+00:00\",\"dateModified\":\"2023-10-10T09:54:59+00:00\",\"breadcrumb\":{\"@id\":\"https:\/\/sites.uef.fi\/symposium-for-music-scholars-2024\/esitelmakutsu\/#breadcrumb\"},\"inLanguage\":\"fi\",\"potentialAction\":[{\"@type\":\"ReadAction\",\"target\":[\"https:\/\/sites.uef.fi\/symposium-for-music-scholars-2024\/esitelmakutsu\/\"]}]},{\"@type\":\"ImageObject\",\"inLanguage\":\"fi\",\"@id\":\"https:\/\/sites.uef.fi\/symposium-for-music-scholars-2024\/esitelmakutsu\/#primaryimage\",\"url\":\"https:\/\/sites.uef.fi\/symposium-for-music-scholars-2024\/wp-content\/uploads\/sites\/434\/2023\/10\/symposium-headbanner-2-scaled-e1696591122614.jpg\",\"contentUrl\":\"https:\/\/sites.uef.fi\/symposium-for-music-scholars-2024\/wp-content\/uploads\/sites\/434\/2023\/10\/symposium-headbanner-2-scaled-e1696591122614.jpg\",\"width\":1911,\"height\":153},{\"@type\":\"BreadcrumbList\",\"@id\":\"https:\/\/sites.uef.fi\/symposium-for-music-scholars-2024\/esitelmakutsu\/#breadcrumb\",\"itemListElement\":[{\"@type\":\"ListItem\",\"position\":1,\"name\":\"Home\",\"item\":\"https:\/\/sites.uef.fi\/symposium-for-music-scholars-2024\/\"},{\"@type\":\"ListItem\",\"position\":2,\"name\":\"ESITELM\u00c4KUTSU\"}]},{\"@type\":\"WebSite\",\"@id\":\"https:\/\/sites.uef.fi\/symposium-for-music-scholars-2024\/#website\",\"url\":\"https:\/\/sites.uef.fi\/symposium-for-music-scholars-2024\/\",\"name\":\"MUSIIKINTUTKIJOIDEN VALTAKUNNALLINEN SYMPOSIUM 2024\",\"description\":\"\",\"potentialAction\":[{\"@type\":\"SearchAction\",\"target\":{\"@type\":\"EntryPoint\",\"urlTemplate\":\"https:\/\/sites.uef.fi\/symposium-for-music-scholars-2024\/?s={search_term_string}\"},\"query-input\":{\"@type\":\"PropertyValueSpecification\",\"valueRequired\":true,\"valueName\":\"search_term_string\"}}],\"inLanguage\":\"fi\"}]}<\/script>\n<!-- \/ Yoast SEO plugin. -->","yoast_head_json":{"title":"ESITELM\u00c4KUTSU - MUSIIKINTUTKIJOIDEN VALTAKUNNALLINEN SYMPOSIUM 2024","robots":{"index":"index","follow":"follow","max-snippet":"max-snippet:-1","max-image-preview":"max-image-preview:large","max-video-preview":"max-video-preview:-1"},"canonical":"https:\/\/sites.uef.fi\/symposium-for-music-scholars-2024\/esitelmakutsu\/","og_locale":"fi_FI","og_type":"article","og_title":"ESITELM\u00c4KUTSU - MUSIIKINTUTKIJOIDEN VALTAKUNNALLINEN SYMPOSIUM 2024","og_description":"Esitelm\u00e4kutsu: Suomen musiikintutkijoiden valtakunnallinen symposium 2024 &#8221;Kaikuja ja heijastuksia&#8221;&nbsp; Abstraktien viimeinen j\u00e4tt\u00f6p\u00e4iv\u00e4 10.11.2023 J\u00e4t\u00e4 esitelm\u00e4ehdotuksesi k\u00e4ytt\u00e4en verkkolomaketta. _____________________________________________________________________________ Hyv\u00e4t yst\u00e4v\u00e4t ja kollegat, Suomen etnomusikologinen seura&nbsp;(SES)&nbsp;ja It\u00e4-Suomen yliopiston kulttuurintutkimuksen oppiaine kutsuvat kaikkia musiikista kiinnostuneita tutkijoita osallistumaan Suomen musiikintutkijoiden valtakunnalliseen symposiumiin, joka j\u00e4rjestet\u00e4\u00e4n Joensuussa 25.\u201327.3.2024.&nbsp; Symposiumin teemana on \u201dkaiut ja heijastukset\u201d. Niiden voidaan ymm\u00e4rt\u00e4\u00e4 liittyv\u00e4n vertauskuvallisesti musiikin [&hellip;]","og_url":"https:\/\/sites.uef.fi\/symposium-for-music-scholars-2024\/esitelmakutsu\/","og_site_name":"MUSIIKINTUTKIJOIDEN VALTAKUNNALLINEN SYMPOSIUM 2024","article_modified_time":"2023-10-10T09:54:59+00:00","og_image":[{"width":1911,"height":153,"url":"https:\/\/sites.uef.fi\/symposium-for-music-scholars-2024\/wp-content\/uploads\/sites\/434\/2023\/10\/symposium-headbanner-2-scaled-e1696591122614.jpg","type":"image\/jpeg"}],"twitter_card":"summary_large_image","twitter_misc":{"Arvioitu lukuaika":"2 minuuttia"},"schema":{"@context":"https:\/\/schema.org","@graph":[{"@type":"WebPage","@id":"https:\/\/sites.uef.fi\/symposium-for-music-scholars-2024\/esitelmakutsu\/","url":"https:\/\/sites.uef.fi\/symposium-for-music-scholars-2024\/esitelmakutsu\/","name":"ESITELM\u00c4KUTSU - MUSIIKINTUTKIJOIDEN VALTAKUNNALLINEN SYMPOSIUM 2024","isPartOf":{"@id":"https:\/\/sites.uef.fi\/symposium-for-music-scholars-2024\/#website"},"primaryImageOfPage":{"@id":"https:\/\/sites.uef.fi\/symposium-for-music-scholars-2024\/esitelmakutsu\/#primaryimage"},"image":{"@id":"https:\/\/sites.uef.fi\/symposium-for-music-scholars-2024\/esitelmakutsu\/#primaryimage"},"thumbnailUrl":"https:\/\/sites.uef.fi\/symposium-for-music-scholars-2024\/wp-content\/uploads\/sites\/434\/2023\/10\/symposium-headbanner-2-scaled-e1696591122614.jpg","datePublished":"2023-10-09T08:01:31+00:00","dateModified":"2023-10-10T09:54:59+00:00","breadcrumb":{"@id":"https:\/\/sites.uef.fi\/symposium-for-music-scholars-2024\/esitelmakutsu\/#breadcrumb"},"inLanguage":"fi","potentialAction":[{"@type":"ReadAction","target":["https:\/\/sites.uef.fi\/symposium-for-music-scholars-2024\/esitelmakutsu\/"]}]},{"@type":"ImageObject","inLanguage":"fi","@id":"https:\/\/sites.uef.fi\/symposium-for-music-scholars-2024\/esitelmakutsu\/#primaryimage","url":"https:\/\/sites.uef.fi\/symposium-for-music-scholars-2024\/wp-content\/uploads\/sites\/434\/2023\/10\/symposium-headbanner-2-scaled-e1696591122614.jpg","contentUrl":"https:\/\/sites.uef.fi\/symposium-for-music-scholars-2024\/wp-content\/uploads\/sites\/434\/2023\/10\/symposium-headbanner-2-scaled-e1696591122614.jpg","width":1911,"height":153},{"@type":"BreadcrumbList","@id":"https:\/\/sites.uef.fi\/symposium-for-music-scholars-2024\/esitelmakutsu\/#breadcrumb","itemListElement":[{"@type":"ListItem","position":1,"name":"Home","item":"https:\/\/sites.uef.fi\/symposium-for-music-scholars-2024\/"},{"@type":"ListItem","position":2,"name":"ESITELM\u00c4KUTSU"}]},{"@type":"WebSite","@id":"https:\/\/sites.uef.fi\/symposium-for-music-scholars-2024\/#website","url":"https:\/\/sites.uef.fi\/symposium-for-music-scholars-2024\/","name":"MUSIIKINTUTKIJOIDEN VALTAKUNNALLINEN SYMPOSIUM 2024","description":"","potentialAction":[{"@type":"SearchAction","target":{"@type":"EntryPoint","urlTemplate":"https:\/\/sites.uef.fi\/symposium-for-music-scholars-2024\/?s={search_term_string}"},"query-input":{"@type":"PropertyValueSpecification","valueRequired":true,"valueName":"search_term_string"}}],"inLanguage":"fi"}]}},"_links":{"self":[{"href":"https:\/\/sites.uef.fi\/symposium-for-music-scholars-2024\/wp-json\/wp\/v2\/pages\/441","targetHints":{"allow":["GET"]}}],"collection":[{"href":"https:\/\/sites.uef.fi\/symposium-for-music-scholars-2024\/wp-json\/wp\/v2\/pages"}],"about":[{"href":"https:\/\/sites.uef.fi\/symposium-for-music-scholars-2024\/wp-json\/wp\/v2\/types\/page"}],"author":[{"embeddable":true,"href":"https:\/\/sites.uef.fi\/symposium-for-music-scholars-2024\/wp-json\/wp\/v2\/users\/572"}],"replies":[{"embeddable":true,"href":"https:\/\/sites.uef.fi\/symposium-for-music-scholars-2024\/wp-json\/wp\/v2\/comments?post=441"}],"version-history":[{"count":1,"href":"https:\/\/sites.uef.fi\/symposium-for-music-scholars-2024\/wp-json\/wp\/v2\/pages\/441\/revisions"}],"predecessor-version":[{"id":588,"href":"https:\/\/sites.uef.fi\/symposium-for-music-scholars-2024\/wp-json\/wp\/v2\/pages\/441\/revisions\/588"}],"wp:featuredmedia":[{"embeddable":true,"href":"https:\/\/sites.uef.fi\/symposium-for-music-scholars-2024\/wp-json\/wp\/v2\/media\/332"}],"wp:attachment":[{"href":"https:\/\/sites.uef.fi\/symposium-for-music-scholars-2024\/wp-json\/wp\/v2\/media?parent=441"}],"curies":[{"name":"wp","href":"https:\/\/api.w.org\/{rel}","templated":true}]}}