{"id":453,"date":"2023-10-09T11:03:48","date_gmt":"2023-10-09T08:03:48","guid":{"rendered":"https:\/\/sites.uef.fi\/symposium-for-music-scholars-2024\/?page_id=453"},"modified":"2024-03-26T14:41:52","modified_gmt":"2024-03-26T11:41:52","slug":"ohjelma","status":"publish","type":"page","link":"https:\/\/sites.uef.fi\/symposium-for-music-scholars-2024\/ohjelma\/","title":{"rendered":"OHJELMA"},"content":{"rendered":"\n<p>SUOMEN MUSIIKINTUTKIJOIDEN SYMPOSIUM 2024 \u201dKAIKUJA JA HEIJASTUKSIA\u201d<\/p>\n\n\n\n<p>25.\u201327.3.2024 IT\u00c4-SUOMEN YLIOPISTO, JOENSUU<\/p>\n\n\n\t<div id=\"accordion-block_ad7fb6ece8dadfc9a9a223c6353bc045\" class=\"accordions\">\n\t\t\t\t\t<div class=\"accordion accordion-js\">\n\t\t\t\t<button class=\"accordion__button\" aria-controls=\"content-6189\" aria-expanded=\"false\" id=\"accordion-control-6189\">\n\t\t\t\t\t<h3 class=\"accordion__heading\" >\n\t\t\t\t\t\tMAANANTAI 25.3.\t\t\t\t\t<\/h3>\n\t\t\t\t<\/button>\n\t\t\t\t<div class=\"accordion__content\" role=\"region\" aria-labelledby=\"accordion-control-6189\" aria-hidden=\"true\" id=\"content-6189\">\n\t\t\t\t\t<p><strong>12.00\u201313.00<\/strong> Rekister\u00f6ityminen<\/p>\n<p><strong>13.00\u201313.30<\/strong> Symposiumin avaus \/ AG 100<\/p>\n<p><strong>13.30\u201315.00<\/strong> Suomen etnomusikologisen seuran juhlapaneeli \/ Chair: Elina Seye<br \/>\nOsallistujat:\u00a0 Johannes Brusila, Helmi J\u00e4rviluoma, Pekko K\u00e4ppi, Antti-Ville Vill\u00e9n \/ AG 100<\/p>\n<p><strong>15:00<\/strong> Kahvi<\/p>\n<p>&nbsp;<\/p>\n<p><strong>15:30-17:30 Rinnakkaissessiot 1<\/strong> (90\u2013120 min.)<\/p>\n<p><strong>Sessio 1a \/ AG 210 (fin) Paneeli<\/strong> Chair: Minna-Maarit Jaskari<\/p>\n<p>Minna-Maarit Jaskari, Kaarina Kilpi\u00f6, Anu Norrgrann:<br \/>\n<em>Musiikki br\u00e4ndin rakentamisessa ja asiakkaiden sitouttamisessa<\/em><\/p>\n<p>&nbsp;<\/p>\n<p><strong>Sessio 1 b\/AG106 (fin, swe\/eng + eng)<\/strong> 120 min. Chair: Elina Hyt\u00f6nen-Ng<\/p>\n<p>Johanna Tarkkanen: <em>Hiljaisuuden musiikkia<\/em><\/p>\n<p>Helga Karen: <em>Autoethnographic research in music \u2013 holding the &#8221;self&#8221; to the highest standards<\/em><\/p>\n<p>Johannes Brusila: <em>The changing mediations of children\u2019s music and ethnicity: Arn(i)e Alligator\u2019s move from the Finland-Swedish domestic scene to international streaming services<\/em><\/p>\n<p>Katharina Alexi: <em>(Missing) echoes of the end of fascism: Musical liberation commemoration in Europe and the audibility of survivors and relatives<\/em><\/p>\n<p>&nbsp;<\/p>\n<p><strong>Sessio 1 c\/ AG 100 (fin)<\/strong> <strong>Paneeli<\/strong> Chair: Pekka Suutari<\/p>\n<p><em>V\u00e4hemmist\u00f6t, identiteetit ja kulttuurinen omistajuus<\/em> \/ Pekka Suutari, Elina Niiranen, Kati Kallio, Outi Valo, Heidi Henriikka M\u00e4kel\u00e4<\/p>\n<p>&nbsp;<\/p>\n<p><strong>Sessio 1 d\/AG109 klo 16-17:30\u00a0 (eng)<\/strong> Chair: Heikki Uimonen<\/p>\n<p><em>Sound Lifeline, <\/em>a movie <em>\u00a0<\/em>&amp; discussion with Lejla Odobasic-Novo (online) (60 min.)<\/p>\n<p>&nbsp;<\/p>\n<p><strong>17:00<\/strong> P\u00e4iv\u00e4llisaika<\/p>\n<p><strong>18:30-22:00<\/strong> Symposiumin avajaisjuhla Agoran kahviossa<\/p>\n<p>klo 19 Gradupalkitun puhe<br \/>\nklo 20 musiikkiohjelmaa: Juuris\u00e4vel, Anna F\u00e4lt, Pekko K\u00e4ppi<\/p>\n\t\t\t\t<\/div>\n\t\t\t<\/div>\n\t\t\t<\/div>\n\t\n\n\t<div id=\"accordion-block_c39c08766cab3f38ee3e313b0c06b412\" class=\"accordions\">\n\t\t\t\t\t<div class=\"accordion accordion-js\">\n\t\t\t\t<button class=\"accordion__button\" aria-controls=\"content-7273\" aria-expanded=\"false\" id=\"accordion-control-7273\">\n\t\t\t\t\t<h3 class=\"accordion__heading\" >\n\t\t\t\t\t\tTIISTAI 26.3.\t\t\t\t\t<\/h3>\n\t\t\t\t<\/button>\n\t\t\t\t<div class=\"accordion__content\" role=\"region\" aria-labelledby=\"accordion-control-7273\" aria-hidden=\"true\" id=\"content-7273\">\n\t\t\t\t\t<p><strong>9.00\u201310.15 Keynote 1<\/strong>: Rupert Till \/ AG100<\/p>\n<p><strong>10.30\u201312.00<\/strong> <strong>Rinnakkaissessiot 2<\/strong> (90 min.)<\/p>\n<p><strong>\u00a0\u00a0\u00a0\u00a0\u00a0\u00a0\u00a0\u00a0\u00a0\u00a0 Sessio 2a \/ AG 100 (eng) Paneeli<\/strong> Chair: Noora Vikman<\/p>\n<p>Elina Hyt\u00f6nen-Ng, Gjermund Kolltveit, Jami Pekkanen, Riitta Rainio, Julia<br \/>\nShpinitskaya, Noora Vikman<em>: Towards Cultural Echology<\/em><\/p>\n<p><strong>\u00a0\u00a0\u00a0\u00a0\u00a0\u00a0\u00a0\u00a0\u00a0\u00a0 Sessio 2b \/ AG 209 (fin) Paneeli<\/strong><\/p>\n<p>Alma Rinta-Pollari, Annukka Saaristo, Venla Syk\u00e4ri:<br \/>\n<em>\u00a0\u00a0\u00a0\u00a0\u00a0\u00a0\u00a0\u00a0\u00a0 Hiphop, yhteiskunta ja osallisuus<\/em> <em>I <\/em><\/p>\n<p><strong>\u00a0\u00a0\u00a0\u00a0\u00a0\u00a0\u00a0\u00a0\u00a0\u00a0 Sessio 2 d \/ Ag 210 (fin + eng)<\/strong> Chair: Meri Kyt\u00f6<\/p>\n<p>Heidi Henriikka M\u00e4kel\u00e4\u00a0 &amp; Outi Valo: <em>Traktorilla Unescoon:<br \/>\n<\/em><em>Maaseudun representaatiot Kaustisen viulunsoittoon liittyviss\u00e4 audiovisuaalisissa materiaaleissa 1967\u20132023<\/em><\/p>\n<p>Anna Peltom\u00e4ki: <em>Kaikuja lakkautetuista musiikkikeskuksista<\/em><\/p>\n<p>Opinn\u00e4ytety\u00f6palkitun esitelm\u00e4<\/p>\n<p><strong>12:00-13:00<\/strong> Lounas<\/p>\n<p><strong>13.00\u201315.00 Rinnakkaissessiot 3<\/strong> (120 min.)<\/p>\n<p><strong>Sessio 3a \/ AG 103 (fin) <\/strong>Chair: Elina Niiranen<\/p>\n<p>Inkeri Jaakkola: <em>Kaikuja menneest\u00e4: n\u00e4k\u00f6kulmia Gy\u00f6rgy Ligetin viulukonserton II osan rakenteeseen ja ilmaisuun<\/em><\/p>\n<p>Gabriel Korhonen: <em>Metrit\u00f6n rytmi aisti\u00e4rsykkeiden kognitiivisina heijastuksina Musen Stockholm Syndrome -kappaleessa<\/em><\/p>\n<p>Henna Tahvanainen: <em>V\u00e4r\u00e4htelyt ja s\u00e4teily: Ilman rooli kielisoittimessa<\/em><\/p>\n<p>Anna Hakula: <em>Arkkitehtuuri ja konserttikokemus &#8211; Viritt\u00e4ytyminen kuuntelemiseen<\/em><\/p>\n<p><strong>Sessio 3b \/ AG 106 (fin + eng)<\/strong> Chair: Elina Niiranen<\/p>\n<p>Hanna Chorell: <em>Tradition heijastuksia<\/em><\/p>\n<p>Riikka Juntunen: <em>Marginalised corporeality, vulnerability and care in pop music performance<\/em><\/p>\n<p>Arja Kastinen: <em>Runolaulukulttuurin kanteleimprovisaatio nykykansanmusiikissa<\/em><\/p>\n<p>Janne Palkisto: <em>Keisari kielsi vapaamuurarit \u2013 mit\u00e4 tekiv\u00e4t muusikkoveljet<\/em><\/p>\n<p><strong>Sessio 3c \/ AG (101) (fi + swe) Paneeli<\/strong> Chair: Juha Torvinen<\/p>\n<p>Kaj Ahlsved, Sini Mononen, Kim Ramstedt, Saija-Leena Rantanen, Juha Torvinen, Susanna V\u00e4lim\u00e4ki:<\/p>\n<p><em>Aktivistinen musiikintutkimus I: Musiikintutkijat yhteiskunnassa -hanke<\/em><\/p>\n<p><strong>15:00<\/strong> Kahvi<\/p>\n<p><strong>15.30\u201317.00<\/strong> Seurojen kev\u00e4tkokoukset AG 106 ja AG 103<\/p>\n<p><strong>18.00\u201321.00<\/strong> Symposium-illallinen Local Bistrossa<\/p>\n\t\t\t\t<\/div>\n\t\t\t<\/div>\n\t\t\t<\/div>\n\t\n\n\t<div id=\"accordion-block_5ef9b658fa94b15bdd6068c0a1662d91\" class=\"accordions\">\n\t\t\t\t\t<div class=\"accordion accordion-js\">\n\t\t\t\t<button class=\"accordion__button\" aria-controls=\"content-6860\" aria-expanded=\"false\" id=\"accordion-control-6860\">\n\t\t\t\t\t<h3 class=\"accordion__heading\" >\n\t\t\t\t\t\tKESKIVIIKKO 27.3.\t\t\t\t\t<\/h3>\n\t\t\t\t<\/button>\n\t\t\t\t<div class=\"accordion__content\" role=\"region\" aria-labelledby=\"accordion-control-6860\" aria-hidden=\"true\" id=\"content-6860\">\n\t\t\t\t\t<p><strong>9.00\u201310.15 Keynote 2<\/strong>: Ana Hofman AG 100<\/p>\n<p><strong>10.30\u201312.00<\/strong> <strong>Rinnakkaissessiot<\/strong> (90 min.)<\/p>\n<p><strong>Sessio 4a \/ AG 100 Paneeli<\/strong><\/p>\n<p>Inka Rantakallio, Julian Owusu,\u00a0Elina Westinen:<br \/>\n<em>Hiphop, yhteiskunta ja osallisuus<\/em> <em>II<\/em><\/p>\n<p><strong>Sessio 4b \/ AG 109 (fin)<\/strong> Chair: Kaarina Kilpi\u00f6<\/p>\n<p>Jari Eerola: <em>Musiikin kvantisointi ja esitysk\u00e4yt\u00e4nn\u00f6t<br \/>\n<\/em><br \/>\nJanne M\u00e4kel\u00e4: <em>JS goes AM: Jean Sibelius transnationaalisena radiot\u00e4hten\u00e4<br \/>\n<\/em><br \/>\nHeikki Uimonen: <em>Levyautomaatista kitara: valtavirran musiikkia ja kiellettyj\u00e4 levyj\u00e4<\/em><\/p>\n<p><strong>Sessio 4c AG 101 (fin + eng)<\/strong> Chair: Elina Seye<\/p>\n<p>Pekko K\u00e4ppi: <em>Takaperoisia kaikuja kelanauhalla, haalistunutta mustetta kellertyneell\u00e4 ruutupaperilla \u2013 Kansanlaulaja Taavi Uutelan historiallisia j\u00e4lki\u00e4 Kansanperinteen arkiston kokoelmissa<\/em><\/p>\n<p>Chanan Hanspal: <em>Can a Musical Work made up of Cosmopolitan Monologues and Eclectic Music be set to Film and Dance within the North Karelian Landscape?<\/em><\/p>\n<p>Spiros Delegos: <em>A Wandering Minor Tune as a Reflection of Musico-Cultural Heterotopia in Rebetiko<\/em><em> (eng)<\/em><\/p>\n<p><strong>Sessio 4d \/ Ag 210<\/strong> Chair: Meri Kyt\u00f6<\/p>\n<p>Elina Niiranen: <em>Miten karjalankieliset muusikot argumentoivat karjalaisuutta?<\/em><\/p>\n<p>Kai \u00c5berg: <em>Miksi meij\u00e4n laulut eiv\u00e4t ole Karjalaisia? &#8211; Karjalaisen romaniv\u00e4est\u00f6n musiikillinen kodittomuus<\/em><\/p>\n<p>Pekka Suutari: <em>Tanssi ja musiikki Rasim\u00e4ell\u00e4 ja Sivakassa, Valtimolla<\/em><\/p>\n<p><strong>12:00-13:00<\/strong> Lounas<\/p>\n<p><strong>13.00\u201314.30<\/strong> <strong>Rinnakkaissessiot<\/strong> (90min.)<\/p>\n<p><strong>Sessio 5 b\/ AG 101 (fi + swe?)<\/strong> <strong>Paneeli<\/strong> Chair: Susanna V\u00e4lim\u00e4ki<\/p>\n<p>Susanna V\u00e4lim\u00e4ki (pj); Samuli Korkalainen, Emmi Kujanp\u00e4\u00e4, Reetta N\u00e4\u00e4t\u00e4nen, Inka Rantakallio, Milla Tiainen:<br \/>\n<em>Aktivistinen musiikintutkimus II:<\/em> <em>Poikkitieteellisyys, toiminnallisuus ja ylirajaisuus<\/em><\/p>\n<p><strong>Sessio 5c \/ AG 103 (fi + eng)<\/strong> Chair:<\/p>\n<p>Sanna Qvick: <em>Reels of historic costuming: music choices of social content creators<br \/>\n<\/em><br \/>\nHarri Homi: <em>\u00c4\u00e4nitteen suoratoisto, algoritmit ja valta (eng)<br \/>\n<\/em><\/p>\n<p>Pia Siirala: <em>Kentt\u00e4ty\u00f6 taiteellisessa tutkimuksessa<\/em><\/p>\n<p><strong>14:45-15:00<\/strong> Loppusanat<\/p>\n<p>&nbsp;<\/p>\n\t\t\t\t<\/div>\n\t\t\t<\/div>\n\t\t\t<\/div>\n\t\n\n\t<div id=\"accordion-block_919a15eb4c66290783f8ca39e0f971a5\" class=\"accordions\">\n\t\t\t\t\t<div class=\"accordion accordion-js\">\n\t\t\t\t<button class=\"accordion__button\" aria-controls=\"content-7480\" aria-expanded=\"false\" id=\"accordion-control-7480\">\n\t\t\t\t\t<h3 class=\"accordion__heading\" >\n\t\t\t\t\t\tOHEISOHJELMAA\t\t\t\t\t<\/h3>\n\t\t\t\t<\/button>\n\t\t\t\t<div class=\"accordion__content\" role=\"region\" aria-labelledby=\"accordion-control-7480\" aria-hidden=\"true\" id=\"content-7480\">\n\t\t\t\t\t<p><strong>Maanantaina 25.3. klo 15 Agoran kahvilassa n. 15-20 min.<\/strong><\/p>\n<p><em>Timi Volotinen.<\/em> Ajattelin laulaa maailman luomisesta. Se sopinee t\u00e4h\u00e4n musiikintutkimusteemaan erityisen hyvin: Osaamassani rajakarjalaispohjaisessa versiossa luodaan ensin kantele ja vasta sitten maailma. Laulamani virsi pohjautuu Iivana Onoilan toisintoihin, mutta se on muokkaantunut omassa suussa hieman omanlaisekseen kokonaisuudeksi. S\u00e4velm\u00e4n olen joko keksinyt omasta p\u00e4\u00e4st\u00e4ni tai napannut jostain, en mahda nyt varmaksi sanoa.<\/p>\n<p><strong>Symposiumin avajaisjuhla maanantaina Agoran kahvilatilassa<\/strong><\/p>\n<p>Avautuu laajemmallekin yleis\u00f6lle klo 20 alkaen. Musiikkiohjelmaa &#8211; vapaa p\u00e4\u00e4sy<\/p>\n<p><em>Juuris\u00e4vel<\/em> on joensuulainen kansanmusiikkiduo, jonka muodostavat kansanmuusikot Kirsi Uutinen ja Jari Lappalainen. He esitt\u00e4v\u00e4t Kiihtelysvaarasta vuosien 1899\u20131950 aikana talteen kirjoitettuja kansanlauluja uusina sovituksina. Aikoinaan Kyllikki Maliston kokoama laulusto p\u00e4ivittyy raikkaasti 2020-luvulle kahden perinnetietoisen ja monipuolisen ammattilaisen k\u00e4sittelyss\u00e4. Laulut ovat tyylilt\u00e4\u00e4n uudempaa kansanlauluperinnett\u00e4, ja ne kertovat pohjoiskarjalaisten nuorten el\u00e4m\u00e4st\u00e4 iloineen ja suruineen.<\/p>\n<p><em>Anna F\u00e4lt<\/em> on kansanmuusikko, s\u00e4velt\u00e4j\u00e4, laulunopettaja ja \u00e4\u00e4nitaiteilija jonka p\u00e4\u00e4ty\u00f6n\u00e4 ovat s\u00e4estyksett\u00f6m\u00e4n soololaulun konsertit. Ihmis\u00e4\u00e4nen ulottuvuuksia tutkiskeleva muusikko esitt\u00e4\u00e4 useimmiten omia s\u00e4vellyksi\u00e4 perinteisiin loitsu-, ja runolauluteksteihin perustuen. LIS\u00c4TIETOJA: www.annafalt.com<\/p>\n<p><em>Pekko K\u00e4ppi<\/em> esitt\u00e4\u00e4 lauluja mm. iittil\u00e4isen Taavi Uutelan ohjelmistosta ja uransa varrelta. Pekko K\u00e4ppi (s. 1976) on tamperelainen jouhikkotaiteilija, joka toimii muusikkona, s\u00e4velt\u00e4j\u00e4n\u00e4 ja tuottajana ja valmistelee It\u00e4-Suomen yliopistoon v\u00e4it\u00f6skirjaa otsikolla \u201dKansanlaulaja Taavi Uutelan muusikkous, lauluperinne ja arkistoaineisto mikrohistoriallisena performanssina\u201d.<\/p>\n<p><strong>Tiistaina 26.3. kahdessa osassa noin klo 12.00-12.15 ja 12.35-12.55.<\/strong><\/p>\n<p>Sopraano<em> Roosa Tarvonen<\/em> ja pianisti <em>Tiina Linjama<\/em> esitt\u00e4v\u00e4t klassista lied-musiikkia, joka kuljettaa kuulijaansa monenlaisiin tunnelmiin. Schubertin, Mozartin, Griegin, Madetojan ja muiden laulus\u00e4velt\u00e4jien teoksissa muun muassa ihmetell\u00e4\u00e4n musiikin ihanuutta, suunnataan p\u00e4\u00e4tt\u00e4v\u00e4isesti niin tyrsky\u00e4v\u00e4lle merelle kuin tunturin huipulle, ja totta kai my\u00f6s puhutaan rakkaudesta.<\/p>\n<p><strong>Tiistaina 26.3. klo 15-15.30 v\u00e4lill\u00e4<\/strong> <strong>Agoran kahvilassa<\/strong><\/p>\n<p><em>Duo Vanhat J\u00e4\u00e4r\u00e4t<\/em> soittaa akustisesti omia sovituksia The Beatles-klassikoista Susanna Lumijoki (laulu) ja Atte Asikainen (kitara).Esityksen kesto on n. 20 minuuttia.<\/p>\n<p><strong>Keskiviikkona 27.3. n. klo 12 alkaen Carelian aulassa<br \/>\n<\/strong><\/p>\n<p>Joensuun konservatorion opiskelijaduo <em>Mani &amp; Kaapo<\/em> Marinia Sorjonen-Ward (laulu) ja Kaapo Soininen (kitara), esitt\u00e4\u00e4 itse sovittamiaan jazz- ja pop-kappaleita eri vuosikymmenilt\u00e4 n. 30 min setin<\/p>\n<p>Saattaapa konservatorion opiskelijoiden lauluensemble <em>Voi$ingskin<\/em> laulahtaa Carelialla \u201dkoska laulattaa&#8221;.<\/p>\n\t\t\t\t<\/div>\n\t\t\t<\/div>\n\t\t\t<\/div>\n\t","protected":false},"excerpt":{"rendered":"<p>SUOMEN MUSIIKINTUTKIJOIDEN SYMPOSIUM 2024 \u201dKAIKUJA JA HEIJASTUKSIA\u201d 25.\u201327.3.2024 IT\u00c4-SUOMEN YLIOPISTO, JOENSUU<\/p>\n","protected":false},"author":572,"featured_media":0,"parent":0,"menu_order":0,"comment_status":"closed","ping_status":"closed","template":"","meta":{"_acf_changed":false,"footnotes":""},"class_list":["post-453","page","type-page","status-publish","hentry"],"acf":[],"yoast_head":"<!-- This site is optimized with the Yoast SEO plugin v27.3 - https:\/\/yoast.com\/product\/yoast-seo-wordpress\/ -->\n<title>OHJELMA - MUSIIKINTUTKIJOIDEN VALTAKUNNALLINEN SYMPOSIUM 2024<\/title>\n<meta name=\"robots\" content=\"index, follow, max-snippet:-1, max-image-preview:large, max-video-preview:-1\" \/>\n<link rel=\"canonical\" href=\"https:\/\/sites.uef.fi\/symposium-for-music-scholars-2024\/ohjelma\/\" \/>\n<meta property=\"og:locale\" content=\"fi_FI\" \/>\n<meta property=\"og:type\" content=\"article\" \/>\n<meta property=\"og:title\" content=\"OHJELMA - MUSIIKINTUTKIJOIDEN VALTAKUNNALLINEN SYMPOSIUM 2024\" \/>\n<meta property=\"og:description\" content=\"SUOMEN MUSIIKINTUTKIJOIDEN SYMPOSIUM 2024 \u201dKAIKUJA JA HEIJASTUKSIA\u201d 25.\u201327.3.2024 IT\u00c4-SUOMEN YLIOPISTO, JOENSUU\" \/>\n<meta property=\"og:url\" content=\"https:\/\/sites.uef.fi\/symposium-for-music-scholars-2024\/ohjelma\/\" \/>\n<meta property=\"og:site_name\" content=\"MUSIIKINTUTKIJOIDEN VALTAKUNNALLINEN SYMPOSIUM 2024\" \/>\n<meta property=\"article:modified_time\" content=\"2024-03-26T11:41:52+00:00\" \/>\n<meta name=\"twitter:card\" content=\"summary_large_image\" \/>\n<meta name=\"twitter:label1\" content=\"Arvioitu lukuaika\" \/>\n\t<meta name=\"twitter:data1\" content=\"1 minuutti\" \/>\n<script type=\"application\/ld+json\" class=\"yoast-schema-graph\">{\"@context\":\"https:\\\/\\\/schema.org\",\"@graph\":[{\"@type\":\"WebPage\",\"@id\":\"https:\\\/\\\/sites.uef.fi\\\/symposium-for-music-scholars-2024\\\/ohjelma\\\/\",\"url\":\"https:\\\/\\\/sites.uef.fi\\\/symposium-for-music-scholars-2024\\\/ohjelma\\\/\",\"name\":\"OHJELMA - MUSIIKINTUTKIJOIDEN VALTAKUNNALLINEN SYMPOSIUM 2024\",\"isPartOf\":{\"@id\":\"https:\\\/\\\/sites.uef.fi\\\/symposium-for-music-scholars-2024\\\/#website\"},\"datePublished\":\"2023-10-09T08:03:48+00:00\",\"dateModified\":\"2024-03-26T11:41:52+00:00\",\"breadcrumb\":{\"@id\":\"https:\\\/\\\/sites.uef.fi\\\/symposium-for-music-scholars-2024\\\/ohjelma\\\/#breadcrumb\"},\"inLanguage\":\"fi\",\"potentialAction\":[{\"@type\":\"ReadAction\",\"target\":[\"https:\\\/\\\/sites.uef.fi\\\/symposium-for-music-scholars-2024\\\/ohjelma\\\/\"]}]},{\"@type\":\"BreadcrumbList\",\"@id\":\"https:\\\/\\\/sites.uef.fi\\\/symposium-for-music-scholars-2024\\\/ohjelma\\\/#breadcrumb\",\"itemListElement\":[{\"@type\":\"ListItem\",\"position\":1,\"name\":\"Home\",\"item\":\"https:\\\/\\\/sites.uef.fi\\\/symposium-for-music-scholars-2024\\\/\"},{\"@type\":\"ListItem\",\"position\":2,\"name\":\"OHJELMA\"}]},{\"@type\":\"WebSite\",\"@id\":\"https:\\\/\\\/sites.uef.fi\\\/symposium-for-music-scholars-2024\\\/#website\",\"url\":\"https:\\\/\\\/sites.uef.fi\\\/symposium-for-music-scholars-2024\\\/\",\"name\":\"MUSIIKINTUTKIJOIDEN VALTAKUNNALLINEN SYMPOSIUM 2024\",\"description\":\"\",\"potentialAction\":[{\"@type\":\"SearchAction\",\"target\":{\"@type\":\"EntryPoint\",\"urlTemplate\":\"https:\\\/\\\/sites.uef.fi\\\/symposium-for-music-scholars-2024\\\/?s={search_term_string}\"},\"query-input\":{\"@type\":\"PropertyValueSpecification\",\"valueRequired\":true,\"valueName\":\"search_term_string\"}}],\"inLanguage\":\"fi\"}]}<\/script>\n<!-- \/ Yoast SEO plugin. -->","yoast_head_json":{"title":"OHJELMA - MUSIIKINTUTKIJOIDEN VALTAKUNNALLINEN SYMPOSIUM 2024","robots":{"index":"index","follow":"follow","max-snippet":"max-snippet:-1","max-image-preview":"max-image-preview:large","max-video-preview":"max-video-preview:-1"},"canonical":"https:\/\/sites.uef.fi\/symposium-for-music-scholars-2024\/ohjelma\/","og_locale":"fi_FI","og_type":"article","og_title":"OHJELMA - MUSIIKINTUTKIJOIDEN VALTAKUNNALLINEN SYMPOSIUM 2024","og_description":"SUOMEN MUSIIKINTUTKIJOIDEN SYMPOSIUM 2024 \u201dKAIKUJA JA HEIJASTUKSIA\u201d 25.\u201327.3.2024 IT\u00c4-SUOMEN YLIOPISTO, JOENSUU","og_url":"https:\/\/sites.uef.fi\/symposium-for-music-scholars-2024\/ohjelma\/","og_site_name":"MUSIIKINTUTKIJOIDEN VALTAKUNNALLINEN SYMPOSIUM 2024","article_modified_time":"2024-03-26T11:41:52+00:00","twitter_card":"summary_large_image","twitter_misc":{"Arvioitu lukuaika":"1 minuutti"},"schema":{"@context":"https:\/\/schema.org","@graph":[{"@type":"WebPage","@id":"https:\/\/sites.uef.fi\/symposium-for-music-scholars-2024\/ohjelma\/","url":"https:\/\/sites.uef.fi\/symposium-for-music-scholars-2024\/ohjelma\/","name":"OHJELMA - MUSIIKINTUTKIJOIDEN VALTAKUNNALLINEN SYMPOSIUM 2024","isPartOf":{"@id":"https:\/\/sites.uef.fi\/symposium-for-music-scholars-2024\/#website"},"datePublished":"2023-10-09T08:03:48+00:00","dateModified":"2024-03-26T11:41:52+00:00","breadcrumb":{"@id":"https:\/\/sites.uef.fi\/symposium-for-music-scholars-2024\/ohjelma\/#breadcrumb"},"inLanguage":"fi","potentialAction":[{"@type":"ReadAction","target":["https:\/\/sites.uef.fi\/symposium-for-music-scholars-2024\/ohjelma\/"]}]},{"@type":"BreadcrumbList","@id":"https:\/\/sites.uef.fi\/symposium-for-music-scholars-2024\/ohjelma\/#breadcrumb","itemListElement":[{"@type":"ListItem","position":1,"name":"Home","item":"https:\/\/sites.uef.fi\/symposium-for-music-scholars-2024\/"},{"@type":"ListItem","position":2,"name":"OHJELMA"}]},{"@type":"WebSite","@id":"https:\/\/sites.uef.fi\/symposium-for-music-scholars-2024\/#website","url":"https:\/\/sites.uef.fi\/symposium-for-music-scholars-2024\/","name":"MUSIIKINTUTKIJOIDEN VALTAKUNNALLINEN SYMPOSIUM 2024","description":"","potentialAction":[{"@type":"SearchAction","target":{"@type":"EntryPoint","urlTemplate":"https:\/\/sites.uef.fi\/symposium-for-music-scholars-2024\/?s={search_term_string}"},"query-input":{"@type":"PropertyValueSpecification","valueRequired":true,"valueName":"search_term_string"}}],"inLanguage":"fi"}]}},"_links":{"self":[{"href":"https:\/\/sites.uef.fi\/symposium-for-music-scholars-2024\/wp-json\/wp\/v2\/pages\/453","targetHints":{"allow":["GET"]}}],"collection":[{"href":"https:\/\/sites.uef.fi\/symposium-for-music-scholars-2024\/wp-json\/wp\/v2\/pages"}],"about":[{"href":"https:\/\/sites.uef.fi\/symposium-for-music-scholars-2024\/wp-json\/wp\/v2\/types\/page"}],"author":[{"embeddable":true,"href":"https:\/\/sites.uef.fi\/symposium-for-music-scholars-2024\/wp-json\/wp\/v2\/users\/572"}],"replies":[{"embeddable":true,"href":"https:\/\/sites.uef.fi\/symposium-for-music-scholars-2024\/wp-json\/wp\/v2\/comments?post=453"}],"version-history":[{"count":2,"href":"https:\/\/sites.uef.fi\/symposium-for-music-scholars-2024\/wp-json\/wp\/v2\/pages\/453\/revisions"}],"predecessor-version":[{"id":1392,"href":"https:\/\/sites.uef.fi\/symposium-for-music-scholars-2024\/wp-json\/wp\/v2\/pages\/453\/revisions\/1392"}],"wp:attachment":[{"href":"https:\/\/sites.uef.fi\/symposium-for-music-scholars-2024\/wp-json\/wp\/v2\/media?parent=453"}],"curies":[{"name":"wp","href":"https:\/\/api.w.org\/{rel}","templated":true}]}}