{"id":619,"date":"2023-10-04T11:45:13","date_gmt":"2023-10-04T08:45:13","guid":{"rendered":"https:\/\/sites.uef.fi\/symposium-for-music-scholars-2024\/suomen-musiikintutkijoiden-symposium-2024\/"},"modified":"2024-01-15T12:56:57","modified_gmt":"2024-01-15T09:56:57","slug":"suomen-musiikintutkijoiden-symposium-2024","status":"publish","type":"page","link":"https:\/\/sites.uef.fi\/symposium-for-music-scholars-2024\/suomen-musiikintutkijoiden-symposium-2024\/?lang=sv","title":{"rendered":"NATIONELLA SYMPOSIET F\u00d6R MUSIKFORSKNING I FINLAND 2024"},"content":{"rendered":"\n<p><\/p>\n\n\n\n<p>Musiketnologiska s\u00e4llskapet i Finland och Institutionen f\u00f6r kulturstudier vid \u00d6stra Finlands universitet inbjuder alla musikintresserade forskare att delta i det nationella symposiet f\u00f6r musikforskning i Finland. Symposiet kommer att h\u00e5llas i Joensuu, Finland, 25\u201327 mars 2024.<\/p>\n\n\n\n<p>Tema f\u00f6r symposiet \u00e4r &#8221;ekon och reflektioner&#8221;. De kan tolkas som metaforiskt relaterade till musikens olika funktioner och sammanhang, minnet, kommunikation mellan m\u00e4nniskor och gemenskaper, kulturens musikaliska kontinuitet eller musikens kulturella betydelser i en vidare bem\u00e4rkelse. I konkreta termer \u00e4r ekon och reflektioner relaterade till musik- och arkeoakustik. Temat kan ocks\u00e5 inbjuda till reflektion \u00f6ver de olika s\u00e4tt p\u00e5 vilka musikforskning och -pedagogik har omfattat och omfattar ekon fr\u00e5n andra discipliner samtidigt som de bygger sitt eget kontinuum.<\/p>\n\n\n\n<p><\/p>\n\n\n\n<p><\/p>\n\n\n\t<div id=\"accordion-block_e4919da3cf126d18516920855b5763f0\" class=\"accordions\">\n\t\t\t\t\t<div class=\"accordion accordion-js\">\n\t\t\t\t<button class=\"accordion__button\" aria-controls=\"content-7286\" aria-expanded=\"false\" id=\"accordion-control-7286\">\n\t\t\t\t\t<h3 class=\"accordion__heading\" >\n\t\t\t\t\t\tCALL FOR PAPERS\t\t\t\t\t<\/h3>\n\t\t\t\t<\/button>\n\t\t\t\t<div class=\"accordion__content\" role=\"region\" aria-labelledby=\"accordion-control-7286\" aria-hidden=\"true\" id=\"content-7286\">\n\t\t\t\t\t<p dir=\"ltr\"><strong>Call for Papers: 26:e nationella symposiet f\u00f6r musikforskning i Finland<\/strong><\/p>\n<p dir=\"ltr\"><strong>&#8221;Ekon och reflektioner&#8221;<\/strong><\/p>\n<p dir=\"ltr\">F\u00f6rslagen b\u00f6r inl\u00e4mnas senast 10.11.2023<\/p>\n<p dir=\"ltr\">Arrang\u00f6rerna kommer att meddela senast 15.12.2023 om vilka f\u00f6rslag som accepterats.<\/p>\n<p dir=\"ltr\">L\u00e4s hela Call for papers <a href=\"https:\/\/sites.uef.fi\/symposium-for-music-scholars-2024\/esitelmakutsu\/?lang=sv\">h\u00e4r<\/a><\/p>\n\t\t\t\t<\/div>\n\t\t\t<\/div>\n\t\t\t\t\t<div class=\"accordion accordion-js\">\n\t\t\t\t<button class=\"accordion__button\" aria-controls=\"content-4968\" aria-expanded=\"false\" id=\"accordion-control-4968\">\n\t\t\t\t\t<h3 class=\"accordion__heading\" >\n\t\t\t\t\t\tPROGRAM\t\t\t\t\t<\/h3>\n\t\t\t\t<\/button>\n\t\t\t\t<div class=\"accordion__content\" role=\"region\" aria-labelledby=\"accordion-control-4968\" aria-hidden=\"true\" id=\"content-4968\">\n\t\t\t\t\t<pre id=\"tw-target-text\" class=\"tw-data-text tw-text-large tw-ta\" dir=\"ltr\" data-placeholder=\"K\u00e4\u00e4nn\u00f6s\" data-ved=\"2ahUKEwiaj93V5u2CAxWKIhAIHfjGDjYQ3ewLegQIBRAP\"><span class=\"Y2IQFc\" lang=\"sv\">Programmet f\u00f6r symposiet kommer att publiceras i januari 2024.<\/span><\/pre>\n\t\t\t\t<\/div>\n\t\t\t<\/div>\n\t\t\t\t\t<div class=\"accordion accordion-js\">\n\t\t\t\t<button class=\"accordion__button\" aria-controls=\"content-50\" aria-expanded=\"false\" id=\"accordion-control-50\">\n\t\t\t\t\t<h3 class=\"accordion__heading\" >\n\t\t\t\t\t\tKEYNOTE-TALARE\t\t\t\t\t<\/h3>\n\t\t\t\t<\/button>\n\t\t\t\t<div class=\"accordion__content\" role=\"region\" aria-labelledby=\"accordion-control-50\" aria-hidden=\"true\" id=\"content-50\">\n\t\t\t\t\t<p dir=\"ltr\"><strong>\u00c5rets keynote-talare<\/strong><\/p>\n<ul>\n<li dir=\"ltr\"><a href=\"https:\/\/sites.uef.fi\/symposium-for-music-scholars-2024\/paapuhujat\/\">Prof. Rupert Till, University of Huddersfield<\/a><\/li>\n<li dir=\"ltr\"><a href=\"https:\/\/sites.uef.fi\/symposium-for-music-scholars-2024\/paapuhujat\/\">Associate Prof. Ana Hofman, Slovenian Academy of Sciences and Arts<\/a><\/li>\n<\/ul>\n<p dir=\"ltr\">\n\t\t\t\t<\/div>\n\t\t\t<\/div>\n\t\t\t\t\t<div class=\"accordion accordion-js\">\n\t\t\t\t<button class=\"accordion__button\" aria-controls=\"content-7918\" aria-expanded=\"false\" id=\"accordion-control-7918\">\n\t\t\t\t\t<h3 class=\"accordion__heading\" >\n\t\t\t\t\t\tKONTAKTINFORMATION\t\t\t\t\t<\/h3>\n\t\t\t\t<\/button>\n\t\t\t\t<div class=\"accordion__content\" role=\"region\" aria-labelledby=\"accordion-control-7918\" aria-hidden=\"true\" id=\"content-7918\">\n\t\t\t\t\t<p dir=\"ltr\">Eventuella fr\u00e5gor och korrespondens kan skickas till: <a href=\"mailto:symposium@etnomusikologia.fi\" data-linkindex=\"3\">symposium@etnomusikologia.fi<\/a>.<\/p>\n<p>&nbsp;<\/p>\n\t\t\t\t<\/div>\n\t\t\t<\/div>\n\t\t\t<\/div>\n\t","protected":false},"excerpt":{"rendered":"<p>Musiketnologiska s\u00e4llskapet i Finland och Institutionen f\u00f6r kulturstudier vid \u00d6stra Finlands universitet inbjuder alla musikintresserade forskare att delta i det nationella symposiet f\u00f6r musikforskning i Finland. Symposiet kommer att h\u00e5llas i Joensuu, Finland, 25\u201327 mars 2024. Tema f\u00f6r symposiet \u00e4r &#8221;ekon och reflektioner&#8221;. De kan tolkas som metaforiskt relaterade till musikens olika funktioner och sammanhang, [&hellip;]<\/p>\n","protected":false},"author":2,"featured_media":628,"parent":0,"menu_order":0,"comment_status":"closed","ping_status":"closed","template":"","meta":{"_acf_changed":false,"footnotes":""},"class_list":["post-619","page","type-page","status-publish","has-post-thumbnail","hentry"],"acf":[],"yoast_head":"<!-- This site is optimized with the Yoast SEO plugin v27.1.1 - https:\/\/yoast.com\/product\/yoast-seo-wordpress\/ -->\n<title>NATIONELLA SYMPOSIET F\u00d6R MUSIKFORSKNING I FINLAND 2024 - MUSIIKINTUTKIJOIDEN VALTAKUNNALLINEN SYMPOSIUM 2024<\/title>\n<meta name=\"robots\" content=\"index, follow, max-snippet:-1, max-image-preview:large, max-video-preview:-1\" \/>\n<link rel=\"canonical\" href=\"https:\/\/sites.uef.fi\/symposium-for-music-scholars-2024\/suomen-musiikintutkijoiden-symposium-2024\/\" \/>\n<meta property=\"og:locale\" content=\"fi_FI\" \/>\n<meta property=\"og:type\" content=\"article\" \/>\n<meta property=\"og:title\" content=\"NATIONELLA SYMPOSIET F\u00d6R MUSIKFORSKNING I FINLAND 2024 - MUSIIKINTUTKIJOIDEN VALTAKUNNALLINEN SYMPOSIUM 2024\" \/>\n<meta property=\"og:description\" content=\"Musiketnologiska s\u00e4llskapet i Finland och Institutionen f\u00f6r kulturstudier vid \u00d6stra Finlands universitet inbjuder alla musikintresserade forskare att delta i det nationella symposiet f\u00f6r musikforskning i Finland. Symposiet kommer att h\u00e5llas i Joensuu, Finland, 25\u201327 mars 2024. Tema f\u00f6r symposiet \u00e4r &#8221;ekon och reflektioner&#8221;. De kan tolkas som metaforiskt relaterade till musikens olika funktioner och sammanhang, [&hellip;]\" \/>\n<meta property=\"og:url\" content=\"https:\/\/sites.uef.fi\/symposium-for-music-scholars-2024\/suomen-musiikintutkijoiden-symposium-2024\/?lang=sv\" \/>\n<meta property=\"og:site_name\" content=\"MUSIIKINTUTKIJOIDEN VALTAKUNNALLINEN SYMPOSIUM 2024\" \/>\n<meta property=\"article:modified_time\" content=\"2024-01-15T09:56:57+00:00\" \/>\n<meta property=\"og:image\" content=\"https:\/\/sites.uef.fi\/symposium-for-music-scholars-2024\/wp-content\/uploads\/sites\/434\/2023\/10\/symposium-headbanner-1-scaled.jpg\" \/>\n\t<meta property=\"og:image:width\" content=\"2560\" \/>\n\t<meta property=\"og:image:height\" content=\"390\" \/>\n\t<meta property=\"og:image:type\" content=\"image\/jpeg\" \/>\n<meta name=\"twitter:card\" content=\"summary_large_image\" \/>\n<meta name=\"twitter:label1\" content=\"Arvioitu lukuaika\" \/>\n\t<meta name=\"twitter:data1\" content=\"1 minuutti\" \/>\n<script type=\"application\/ld+json\" class=\"yoast-schema-graph\">{\"@context\":\"https:\/\/schema.org\",\"@graph\":[{\"@type\":\"WebPage\",\"@id\":\"https:\/\/sites.uef.fi\/symposium-for-music-scholars-2024\/suomen-musiikintutkijoiden-symposium-2024\/?lang=sv\",\"url\":\"https:\/\/sites.uef.fi\/symposium-for-music-scholars-2024\/suomen-musiikintutkijoiden-symposium-2024\/?lang=sv\",\"name\":\"NATIONELLA SYMPOSIET F\u00d6R MUSIKFORSKNING I FINLAND 2024 - MUSIIKINTUTKIJOIDEN VALTAKUNNALLINEN SYMPOSIUM 2024\",\"isPartOf\":{\"@id\":\"https:\/\/sites.uef.fi\/symposium-for-music-scholars-2024\/#website\"},\"primaryImageOfPage\":{\"@id\":\"https:\/\/sites.uef.fi\/symposium-for-music-scholars-2024\/suomen-musiikintutkijoiden-symposium-2024\/?lang=sv#primaryimage\"},\"image\":{\"@id\":\"https:\/\/sites.uef.fi\/symposium-for-music-scholars-2024\/suomen-musiikintutkijoiden-symposium-2024\/?lang=sv#primaryimage\"},\"thumbnailUrl\":\"https:\/\/sites.uef.fi\/symposium-for-music-scholars-2024\/wp-content\/uploads\/sites\/434\/2023\/10\/symposium-headbanner-1-scaled.jpg\",\"datePublished\":\"2023-10-04T08:45:13+00:00\",\"dateModified\":\"2024-01-15T09:56:57+00:00\",\"breadcrumb\":{\"@id\":\"https:\/\/sites.uef.fi\/symposium-for-music-scholars-2024\/suomen-musiikintutkijoiden-symposium-2024\/?lang=sv#breadcrumb\"},\"inLanguage\":\"fi\",\"potentialAction\":[{\"@type\":\"ReadAction\",\"target\":[\"https:\/\/sites.uef.fi\/symposium-for-music-scholars-2024\/suomen-musiikintutkijoiden-symposium-2024\/?lang=sv\"]}]},{\"@type\":\"ImageObject\",\"inLanguage\":\"fi\",\"@id\":\"https:\/\/sites.uef.fi\/symposium-for-music-scholars-2024\/suomen-musiikintutkijoiden-symposium-2024\/?lang=sv#primaryimage\",\"url\":\"https:\/\/sites.uef.fi\/symposium-for-music-scholars-2024\/wp-content\/uploads\/sites\/434\/2023\/10\/symposium-headbanner-1-scaled.jpg\",\"contentUrl\":\"https:\/\/sites.uef.fi\/symposium-for-music-scholars-2024\/wp-content\/uploads\/sites\/434\/2023\/10\/symposium-headbanner-1-scaled.jpg\",\"width\":2560,\"height\":390},{\"@type\":\"BreadcrumbList\",\"@id\":\"https:\/\/sites.uef.fi\/symposium-for-music-scholars-2024\/suomen-musiikintutkijoiden-symposium-2024\/?lang=sv#breadcrumb\",\"itemListElement\":[{\"@type\":\"ListItem\",\"position\":1,\"name\":\"Home\",\"item\":\"https:\/\/sites.uef.fi\/symposium-for-music-scholars-2024\/\"},{\"@type\":\"ListItem\",\"position\":2,\"name\":\"NATIONELLA SYMPOSIET F\u00d6R MUSIKFORSKNING I FINLAND 2024\"}]},{\"@type\":\"WebSite\",\"@id\":\"https:\/\/sites.uef.fi\/symposium-for-music-scholars-2024\/#website\",\"url\":\"https:\/\/sites.uef.fi\/symposium-for-music-scholars-2024\/\",\"name\":\"MUSIIKINTUTKIJOIDEN VALTAKUNNALLINEN SYMPOSIUM 2024\",\"description\":\"\",\"potentialAction\":[{\"@type\":\"SearchAction\",\"target\":{\"@type\":\"EntryPoint\",\"urlTemplate\":\"https:\/\/sites.uef.fi\/symposium-for-music-scholars-2024\/?s={search_term_string}\"},\"query-input\":{\"@type\":\"PropertyValueSpecification\",\"valueRequired\":true,\"valueName\":\"search_term_string\"}}],\"inLanguage\":\"fi\"}]}<\/script>\n<!-- \/ Yoast SEO plugin. -->","yoast_head_json":{"title":"NATIONELLA SYMPOSIET F\u00d6R MUSIKFORSKNING I FINLAND 2024 - MUSIIKINTUTKIJOIDEN VALTAKUNNALLINEN SYMPOSIUM 2024","robots":{"index":"index","follow":"follow","max-snippet":"max-snippet:-1","max-image-preview":"max-image-preview:large","max-video-preview":"max-video-preview:-1"},"canonical":"https:\/\/sites.uef.fi\/symposium-for-music-scholars-2024\/suomen-musiikintutkijoiden-symposium-2024\/","og_locale":"fi_FI","og_type":"article","og_title":"NATIONELLA SYMPOSIET F\u00d6R MUSIKFORSKNING I FINLAND 2024 - MUSIIKINTUTKIJOIDEN VALTAKUNNALLINEN SYMPOSIUM 2024","og_description":"Musiketnologiska s\u00e4llskapet i Finland och Institutionen f\u00f6r kulturstudier vid \u00d6stra Finlands universitet inbjuder alla musikintresserade forskare att delta i det nationella symposiet f\u00f6r musikforskning i Finland. Symposiet kommer att h\u00e5llas i Joensuu, Finland, 25\u201327 mars 2024. Tema f\u00f6r symposiet \u00e4r &#8221;ekon och reflektioner&#8221;. De kan tolkas som metaforiskt relaterade till musikens olika funktioner och sammanhang, [&hellip;]","og_url":"https:\/\/sites.uef.fi\/symposium-for-music-scholars-2024\/suomen-musiikintutkijoiden-symposium-2024\/?lang=sv","og_site_name":"MUSIIKINTUTKIJOIDEN VALTAKUNNALLINEN SYMPOSIUM 2024","article_modified_time":"2024-01-15T09:56:57+00:00","og_image":[{"width":2560,"height":390,"url":"https:\/\/sites.uef.fi\/symposium-for-music-scholars-2024\/wp-content\/uploads\/sites\/434\/2023\/10\/symposium-headbanner-1-scaled.jpg","type":"image\/jpeg"}],"twitter_card":"summary_large_image","twitter_misc":{"Arvioitu lukuaika":"1 minuutti"},"schema":{"@context":"https:\/\/schema.org","@graph":[{"@type":"WebPage","@id":"https:\/\/sites.uef.fi\/symposium-for-music-scholars-2024\/suomen-musiikintutkijoiden-symposium-2024\/?lang=sv","url":"https:\/\/sites.uef.fi\/symposium-for-music-scholars-2024\/suomen-musiikintutkijoiden-symposium-2024\/?lang=sv","name":"NATIONELLA SYMPOSIET F\u00d6R MUSIKFORSKNING I FINLAND 2024 - MUSIIKINTUTKIJOIDEN VALTAKUNNALLINEN SYMPOSIUM 2024","isPartOf":{"@id":"https:\/\/sites.uef.fi\/symposium-for-music-scholars-2024\/#website"},"primaryImageOfPage":{"@id":"https:\/\/sites.uef.fi\/symposium-for-music-scholars-2024\/suomen-musiikintutkijoiden-symposium-2024\/?lang=sv#primaryimage"},"image":{"@id":"https:\/\/sites.uef.fi\/symposium-for-music-scholars-2024\/suomen-musiikintutkijoiden-symposium-2024\/?lang=sv#primaryimage"},"thumbnailUrl":"https:\/\/sites.uef.fi\/symposium-for-music-scholars-2024\/wp-content\/uploads\/sites\/434\/2023\/10\/symposium-headbanner-1-scaled.jpg","datePublished":"2023-10-04T08:45:13+00:00","dateModified":"2024-01-15T09:56:57+00:00","breadcrumb":{"@id":"https:\/\/sites.uef.fi\/symposium-for-music-scholars-2024\/suomen-musiikintutkijoiden-symposium-2024\/?lang=sv#breadcrumb"},"inLanguage":"fi","potentialAction":[{"@type":"ReadAction","target":["https:\/\/sites.uef.fi\/symposium-for-music-scholars-2024\/suomen-musiikintutkijoiden-symposium-2024\/?lang=sv"]}]},{"@type":"ImageObject","inLanguage":"fi","@id":"https:\/\/sites.uef.fi\/symposium-for-music-scholars-2024\/suomen-musiikintutkijoiden-symposium-2024\/?lang=sv#primaryimage","url":"https:\/\/sites.uef.fi\/symposium-for-music-scholars-2024\/wp-content\/uploads\/sites\/434\/2023\/10\/symposium-headbanner-1-scaled.jpg","contentUrl":"https:\/\/sites.uef.fi\/symposium-for-music-scholars-2024\/wp-content\/uploads\/sites\/434\/2023\/10\/symposium-headbanner-1-scaled.jpg","width":2560,"height":390},{"@type":"BreadcrumbList","@id":"https:\/\/sites.uef.fi\/symposium-for-music-scholars-2024\/suomen-musiikintutkijoiden-symposium-2024\/?lang=sv#breadcrumb","itemListElement":[{"@type":"ListItem","position":1,"name":"Home","item":"https:\/\/sites.uef.fi\/symposium-for-music-scholars-2024\/"},{"@type":"ListItem","position":2,"name":"NATIONELLA SYMPOSIET F\u00d6R MUSIKFORSKNING I FINLAND 2024"}]},{"@type":"WebSite","@id":"https:\/\/sites.uef.fi\/symposium-for-music-scholars-2024\/#website","url":"https:\/\/sites.uef.fi\/symposium-for-music-scholars-2024\/","name":"MUSIIKINTUTKIJOIDEN VALTAKUNNALLINEN SYMPOSIUM 2024","description":"","potentialAction":[{"@type":"SearchAction","target":{"@type":"EntryPoint","urlTemplate":"https:\/\/sites.uef.fi\/symposium-for-music-scholars-2024\/?s={search_term_string}"},"query-input":{"@type":"PropertyValueSpecification","valueRequired":true,"valueName":"search_term_string"}}],"inLanguage":"fi"}]}},"_links":{"self":[{"href":"https:\/\/sites.uef.fi\/symposium-for-music-scholars-2024\/wp-json\/wp\/v2\/pages\/619","targetHints":{"allow":["GET"]}}],"collection":[{"href":"https:\/\/sites.uef.fi\/symposium-for-music-scholars-2024\/wp-json\/wp\/v2\/pages"}],"about":[{"href":"https:\/\/sites.uef.fi\/symposium-for-music-scholars-2024\/wp-json\/wp\/v2\/types\/page"}],"author":[{"embeddable":true,"href":"https:\/\/sites.uef.fi\/symposium-for-music-scholars-2024\/wp-json\/wp\/v2\/users\/2"}],"replies":[{"embeddable":true,"href":"https:\/\/sites.uef.fi\/symposium-for-music-scholars-2024\/wp-json\/wp\/v2\/comments?post=619"}],"version-history":[{"count":2,"href":"https:\/\/sites.uef.fi\/symposium-for-music-scholars-2024\/wp-json\/wp\/v2\/pages\/619\/revisions"}],"predecessor-version":[{"id":970,"href":"https:\/\/sites.uef.fi\/symposium-for-music-scholars-2024\/wp-json\/wp\/v2\/pages\/619\/revisions\/970"}],"wp:featuredmedia":[{"embeddable":true,"href":"https:\/\/sites.uef.fi\/symposium-for-music-scholars-2024\/wp-json\/wp\/v2\/media\/628"}],"wp:attachment":[{"href":"https:\/\/sites.uef.fi\/symposium-for-music-scholars-2024\/wp-json\/wp\/v2\/media?parent=619"}],"curies":[{"name":"wp","href":"https:\/\/api.w.org\/{rel}","templated":true}]}}