{"id":662,"date":"2023-10-09T11:03:48","date_gmt":"2023-10-09T08:03:48","guid":{"rendered":"https:\/\/sites.uef.fi\/symposium-for-music-scholars-2024\/ohjelma\/"},"modified":"2024-03-26T14:41:19","modified_gmt":"2024-03-26T11:41:19","slug":"ohjelma","status":"publish","type":"page","link":"https:\/\/sites.uef.fi\/symposium-for-music-scholars-2024\/ohjelma\/?lang=en","title":{"rendered":"PROGRAM"},"content":{"rendered":"\n<p>FINNISH NATIONAL SYMPOSIUM OF MUSIC SCHOLARS 2024 \u201cECHOES AND REFLECTIONS\u201d<\/p>\n\n\n\n<p>25.\u201327.3.2024 UNIVERSITY OF EASTERN FINLAND, JOENSUU<\/p>\n\n\n\t<div id=\"accordion-block_1e21480238245c9196300997f40b0b99\" class=\"accordions\">\n\t\t\t\t\t<div class=\"accordion accordion-js\">\n\t\t\t\t<button class=\"accordion__button\" aria-controls=\"content-4316\" aria-expanded=\"false\" id=\"accordion-control-4316\">\n\t\t\t\t\t<h3 class=\"accordion__heading\" >\n\t\t\t\t\t\tMONDAY 25.3.\t\t\t\t\t<\/h3>\n\t\t\t\t<\/button>\n\t\t\t\t<div class=\"accordion__content\" role=\"region\" aria-labelledby=\"accordion-control-4316\" aria-hidden=\"true\" id=\"content-4316\">\n\t\t\t\t\t<p><strong>12.00\u201313.00 <\/strong>Registration<\/p>\n<p><strong>13.00\u201313.30<\/strong> Opening Ceremony \/ AG 100<\/p>\n<p>13.30\u201315.00 50-year Anniversary Panel of the Finnish Society for Ethnomusicology \/ AG 100 Chair: Elina Seye<br \/>\nJohannes Brusila, Helmi J\u00e4rviluoma, Pekko K\u00e4ppi, Antti-Ville Vill\u00e9n<\/p>\n<p><strong>15.00 Coffee<br \/>\n<\/strong><\/p>\n<p><strong>15.30\u201317.30<\/strong> <strong>Parallel Sessions 1<\/strong><\/p>\n<p><strong>Sessio 1a \/ AG 210 (fin) Paneeli<\/strong> Chair: Minna-Maarit Jaskari<\/p>\n<p>Minna-Maarit Jaskari, Kaarina Kilpi\u00f6, Anu Norrgrann:<br \/>\n<em>Musiikki br\u00e4ndin rakentamisessa ja asiakkaiden sitouttamisessa<\/em><\/p>\n<p><strong>Sessio 1 b\/AG106 (fin, swe\/eng + eng)<\/strong> 120 min. Chair: Elina Hyt\u00f6nen-Ng<\/p>\n<p>Johanna Tarkkanen: <em>Hiljaisuuden musiikkia<\/em> (fin)<\/p>\n<p>Helga Karen: <em>Autoethnographic research in music \u2013 holding the &#8221;self&#8221; to the highest standards<\/em> (eng)<\/p>\n<p>Johannes Brusila: <em>The changing mediations of children\u2019s music and ethnicity: Arn(i)e Alligator\u2019s move from the Finland-Swedish domestic scene to international streaming services<\/em><\/p>\n<p>Katharina Alexi: <em>(Missing) echoes of the end of fascism: Musical liberation commemoration in Europe and the audibility of survivors and relatives<\/em><\/p>\n<p><strong>Sessio 1 c\/ AG 100 (fin) Paneeli<\/strong> Chair: Pekka Suutari<\/p>\n<p><em>V\u00e4hemmist\u00f6t, identiteetit ja kulttuurinen omistajuus<\/em> \/ Pekka Suutari, Elina Niiranen, Kati Kallio, Matti Hakam\u00e4ki, Heidi Henriikka M\u00e4kel\u00e4<\/p>\n<p><strong>Sessio 1 d\/AG109 klo 16-17:30\u00a0 (eng)<\/strong> Chair: Heikki Uimonen<\/p>\n<p><em>Sound Lifeline, <\/em>a movie <em>\u00a0<\/em>&amp; discussion with Lejla Odobasic-Novo (online) (60 min.)<\/p>\n<p><strong>17:30-18:30 Dinner (own cost)<br \/>\n<\/strong><\/p>\n<p><strong>18.30\u201322.00<\/strong> Opening celebrations at Agora<\/p>\n<p>19.00 Thesis awardee speech<\/p>\n<p>20.00 music: Juuris\u00e4vel, Anna F\u00e4lt, Pekko K\u00e4ppi<\/p>\n\t\t\t\t<\/div>\n\t\t\t<\/div>\n\t\t\t<\/div>\n\t\n\n\t<div id=\"accordion-block_7d5f2efdb98c49d97b9bc3c480ca7eb4\" class=\"accordions\">\n\t\t\t\t\t<div class=\"accordion accordion-js\">\n\t\t\t\t<button class=\"accordion__button\" aria-controls=\"content-7093\" aria-expanded=\"false\" id=\"accordion-control-7093\">\n\t\t\t\t\t<h3 class=\"accordion__heading\" >\n\t\t\t\t\t\tTUESDAY 26.3.\t\t\t\t\t<\/h3>\n\t\t\t\t<\/button>\n\t\t\t\t<div class=\"accordion__content\" role=\"region\" aria-labelledby=\"accordion-control-7093\" aria-hidden=\"true\" id=\"content-7093\">\n\t\t\t\t\t<p><strong>9.00\u201310.15 AG 100 Keynote 1: Rupert Till<\/strong><\/p>\n<p><strong>10.30\u201312.00<\/strong> <strong>Parallel Sessions 2<\/strong><\/p>\n<p><strong>Sessio 2a \/ AG 100 (eng) Panel<\/strong> Chair: Noora Vikman<\/p>\n<p>Elina Hyt\u00f6nen-Ng, Gjermund Kolltveit, Jami Pekkanen, Riitta Rainio, Julia Shpinitskaya, Noora Vikman<em>: Towards Cultural Echology<\/em><\/p>\n<p><strong>Sessio 2b \/ AG 209 (fin) Panel<\/strong><\/p>\n<p>Alma Rinta-Pollari, Annukka Saaristo, Venla Syk\u00e4ri:<br \/>\n<em>Hiphop, yhteiskunta ja osallisuus<\/em> <em>I <\/em><\/p>\n<p><strong>Sessio 2 c \/ AG 106 (fin)<\/strong> Chair: Elina Niiranen<\/p>\n<p>Arja Kastinen: <em>Runolaulukulttuurin kanteleimprovisaatio nykykansanmusiikissa<\/em><\/p>\n<p>Janne Palkisto: <em>Keisari kielsi vapaamuurarit \u2013 mit\u00e4 tekiv\u00e4t muusikkoveljet?<\/em><\/p>\n<p><strong>Sessio 2 d \/ Ag 210 (fin + eng)<\/strong> Chair:<em>\u00a0<\/em><\/p>\n<p>Heidi Henriikka M\u00e4kel\u00e4\u00a0 &amp; Outi Valo: <em>Traktorilla Unescoon: Maaseudun representaatiot Kaustisen viulunsoittoon liittyviss\u00e4 audiovisuaalisissa materiaaleissa 1967\u20132023<\/em><\/p>\n<p>Anna Peltom\u00e4ki: <em>Kaikuja lakkautetuista musiikkikeskuksista<\/em><\/p>\n<p>Presentation of the Thesis awardee<\/p>\n<p><strong>12.00\u201313.00 Lunch<\/strong><\/p>\n<p><strong>13.00\u201315.00 Parallel Sessions 3<\/strong><\/p>\n<p><strong>Sessio 3a \/ AG 103 (fin)<\/strong> Chair:<\/p>\n<p>Inkeri Jaakkola: <em>Kaikuja menneest\u00e4: n\u00e4k\u00f6kulmia Gy\u00f6rgy Ligetin viulukonserton II osan rakenteeseen ja ilmaisuun<\/em><\/p>\n<p>Gabriel Korhonen: <em>Metrit\u00f6n rytmi aisti\u00e4rsykkeiden kognitiivisina heijastuksina Musen Stockholm Syndrome -kappaleessa<\/em><\/p>\n<p>Henna Tahvanainen: <em>V\u00e4r\u00e4htelyt ja s\u00e4teily: Ilman rooli kielisoittimessa<\/em><\/p>\n<p>Anna Hakula: <em>Arkkitehtuuri ja konserttikokemus &#8211; Viritt\u00e4ytyminen kuuntelemiseen<\/em><\/p>\n<p><strong>Sessio 3b \/ AG 106 (fi + eng)<\/strong> Chair:<\/p>\n<p>Hanna Chorell: <em>Tradition heijastuksia<\/em><\/p>\n<p>Riikka Juntunen: <em>Marginalised corporeality, vulnerability and care in pop music performance<\/em><\/p>\n<p>&nbsp;<\/p>\n<p><strong>Sessio 3c \/ AG (101) (fi + swe) Panel<\/strong> Chair: Juha Torvinen<\/p>\n<p>Kaj Ahlsved, Sini Mononen, Kim Ramstedt, Saija-Leena Rantanen, Juha Torvinen, Susanna V\u00e4lim\u00e4ki:<br \/>\n<em>Aktivistinen musiikintutkimus I: Musiikintutkijat yhteiskunnassa -hanke<\/em><\/p>\n<p><strong>15:00 Coffee<\/strong><\/p>\n<p><strong>15.30\u201317.00<\/strong> Meetings of the Learned Societies AG 106 ja AG 103<\/p>\n<p><strong>18.00\u201321.00<\/strong> Symposium Banquet at Local Bistro<\/p>\n\t\t\t\t<\/div>\n\t\t\t<\/div>\n\t\t\t<\/div>\n\t\n\n\t<div id=\"accordion-block_a3e321f7e2cb10e02d53dc2a430a0dc6\" class=\"accordions\">\n\t\t\t\t\t<div class=\"accordion accordion-js\">\n\t\t\t\t<button class=\"accordion__button\" aria-controls=\"content-750\" aria-expanded=\"false\" id=\"accordion-control-750\">\n\t\t\t\t\t<h3 class=\"accordion__heading\" >\n\t\t\t\t\t\tWEDNESDAY 27.3.\t\t\t\t\t<\/h3>\n\t\t\t\t<\/button>\n\t\t\t\t<div class=\"accordion__content\" role=\"region\" aria-labelledby=\"accordion-control-750\" aria-hidden=\"true\" id=\"content-750\">\n\t\t\t\t\t<p><strong>9.00\u201310.15 Keynote 2: Ana Hofman AG 100<\/strong><\/p>\n<p><strong>10.30\u201312.00 Parallel Sessions<\/strong> <strong>4<\/strong><\/p>\n<p><strong>Sessio 4a \/ AG 100 Panel<\/strong><\/p>\n<p>Inka Rantakallio, Julian Owusu,\u00a0Elina Westinen:<br \/>\n<em>Hiphop, yhteiskunta ja osallisuus<\/em> <em>II<\/em><\/p>\n<p><strong>Sessio 4b \/ AG 109 (fin)<\/strong> Chair: Kaarina Kilpi\u00f6<\/p>\n<p>Jari Eerola: <em>Musiikin kvantisointi ja esitysk\u00e4yt\u00e4nn\u00f6t<br \/>\n<\/em><br \/>\nJanne M\u00e4kel\u00e4: <em>JS goes AM: Jean Sibelius transnationaalisena radiot\u00e4hten\u00e4<br \/>\n<\/em><br \/>\nHeikki Uimonen: <em>Levyautomaatista kitara: valtavirran musiikkia ja kiellettyj\u00e4 levyj\u00e4<\/em><\/p>\n<p><strong>Sessio 4c AG 101 (fin + eng)<\/strong> Chair: Elina Seye<\/p>\n<p>Pekko K\u00e4ppi: <em>Takaperoisia kaikuja kelanauhalla, haalistunutta mustetta kellertyneell\u00e4 ruutupaperilla \u2013 Kansanlaulaja Taavi Uutelan historiallisia j\u00e4lki\u00e4 Kansanperinteen arkiston kokoelmissa<\/em><\/p>\n<p>Chanan Hanspal: <em>Can a Musical Work made up of Cosmopolitan Monologues and Eclectic Music be set to Film and Dance within the North Karelian Landscape?<\/em><\/p>\n<p>Spiros Delegos: <em>A Wandering Minor Tune as a Reflection of Musico-Cultural Heterotopia in Rebetiko<\/em><em> (eng)<\/em><\/p>\n<p><strong>Sessio 4d \/ Ag 210<\/strong> <strong>(fin)<\/strong> Chair: Meri Kyt\u00f6<\/p>\n<p>Elina Niiranen: <em>Miten karjalankieliset muusikot argumentoivat karjalaisuutta?<\/em><\/p>\n<p>Kai \u00c5berg: <em>Miksi meij\u00e4n laulut eiv\u00e4t ole Karjalaisia? &#8211; Karjalaisen romaniv\u00e4est\u00f6n musiikillinen kodittomuus<\/em><\/p>\n<p>Pekka Suutari: <em>Tanssi ja musiikki Rasim\u00e4ell\u00e4 ja Sivakassa, Valtimolla<\/em><\/p>\n<p><strong>12.00\u201313.00 Lunch<\/strong><\/p>\n<p><strong>13.00\u201315.00\/14.30 Parallel Sessions 5<\/strong><\/p>\n<p><strong>Sessio 5 b\/ AG 101 (fi + swe?)<\/strong> <strong>Panel<\/strong> Chair: Susanna V\u00e4lim\u00e4ki<\/p>\n<p>Susanna V\u00e4lim\u00e4ki (pj); Samuli Korkalainen, Emmi Kujanp\u00e4\u00e4, Reetta N\u00e4\u00e4t\u00e4nen, Inka Rantakallio, Milla Tiainen:<br \/>\n<em>Aktivistinen musiikintutkimus II:<\/em> <em>Poikkitieteellisyys, toiminnallisuus ja ylirajaisuus<\/em><\/p>\n<p><strong>Sessio 5c \/ AG 103 (fi + eng)<\/strong> Chair:<\/p>\n<p>Sanna Qvick: <em>Reels of historic costuming: music choices of social content creators<br \/>\n<\/em><br \/>\nHarri Homi: <em>\u00c4\u00e4nitteen suoratoisto, algoritmit ja valta (eng)<br \/>\n<\/em><\/p>\n<p>Pia Siirala: <em>Kentt\u00e4ty\u00f6 taiteellisessa tutkimuksessa<\/em><\/p>\n<p><strong>14:45-15:00 Closing Remarks<\/strong><\/p>\n\t\t\t\t<\/div>\n\t\t\t<\/div>\n\t\t\t\t\t<div class=\"accordion accordion-js\">\n\t\t\t\t<button class=\"accordion__button\" aria-controls=\"content-4631\" aria-expanded=\"false\" id=\"accordion-control-4631\">\n\t\t\t\t\t<h3 class=\"accordion__heading\" >\n\t\t\t\t\t\tADDITIONAL PROGRAM\t\t\t\t\t<\/h3>\n\t\t\t\t<\/button>\n\t\t\t\t<div class=\"accordion__content\" role=\"region\" aria-labelledby=\"accordion-control-4631\" aria-hidden=\"true\" id=\"content-4631\">\n\t\t\t\t\t<p><strong>On Monday 25.3. at 3 p.m. in the Agora caf\u00e9, approx. 15-20 min.<\/strong><\/p>\n<p><em>Timi Volotinen.<\/em> I thought I would sing about the creation of the world. It fits the theme of music research particularly well: In the Border Karelian-based version I know, the kantele is created first and only then the world. The hymn I sing is based on Iivana Onoila&#8217;s versions, but it has been modified in my own mouth into a slightly unique whole. I either made up the tune in my head or grabbed it from somewhere, I can&#8217;t say for sure now.<\/p>\n<p><strong>On Monday in Agora&#8217;s cafeteria: Symposium opening celebrations<\/strong><\/p>\n<p>Opens to the wider public from 20:00. Music program &#8211; free admission<\/p>\n<p><em>Juuris\u00e4vel<\/em> is a folk music duo from Joensuu, made up of folk musicians Kirsi Uutinen and Jari Lappalainen. They perform new arrangements of folk songs recorded from Kiihtelysvaara between 1899 and 1950. The song list, once compiled by Kyllikki Malisto, is freshly updated for the 2020s in the handling of two tradition-conscious and versatile professionals. The songs are in the style of a more recent folk song tradition, and they tell about the life of young people from North Karelia, with its joys and sorrows.<\/p>\n<p><em>Anna F\u00e4lt<\/em> is a folk musician, composer, singing teacher and sound artist whose main work is concerts of unaccompanied solo singing. The musician, who explores the dimensions of the human voice, mostly performs her own compositions based on traditional incantation and poetry lyrics. MORE INFORMATION: www.annafalt.com<\/p>\n<p><em>Pekko K\u00e4ppi<\/em> performs songs, e.g. from the repertoire of Taavi Uutela from Iitti and along his career. Pekko K\u00e4ppi (b. 1976) is a jouhikko artist from Tampere who works as a musician, composer and producer and is preparing a doctoral thesis for the University of Eastern Finland with the title &#8221;The music of folk singer Taavi Uutela, song tradition and archival material as a micro-historical performance&#8221;.<\/p>\n<p><strong>Tuesday 26.3. in two parts around 12:00-12:15 and 12:35-12:55.<\/strong><\/p>\n<p>Soprano <em>Roosa Tarvonen<\/em> and pianist<em> Tiina Linjama<\/em> perform classical lied music that transports its listeners to a wide range of moods. In the works of Schubert, Mozart, Grieg, Madetoja and other song composers, among other things, we marvel at the beauty of music, head resolutely towards the roaring sea or the top of a fell, and of course also talk about love.<\/p>\n<p><strong>Tuesday 26.3. between 15:00 and 15:30\u00a0In Agora&#8217;s cafe<\/strong><\/p>\n<p><em>Duo Vanhat J\u00e4\u00e4r\u00e4t<\/em> plays acoustically their own arrangements of The Beatles classics Susanna Lumijoki (vocals) and Atte Asikainen (guitar). The duration of the performance is approx. 20 minutes.<\/p>\n<p><strong>Wednesday 27.3. from approx. 12 o&#8217;clock at Carelia<br \/>\n<\/strong><\/p>\n<p>Joensuu Conservatory&#8217;s student duo<em> Mani &amp; Kaapo<\/em> Marinia Sorjonen-Ward (vocals) and Kaapo Soininen (guitar), perform self-arranged jazz and pop songs from different decades, approx. 30 min set<\/p>\n<p>And maybe Voi$ings, the voice ensemble of conservatory students, will sing in Karelia &#8221;because it feels like singing&#8221;.<\/p>\n\t\t\t\t<\/div>\n\t\t\t<\/div>\n\t\t\t<\/div>\n\t","protected":false},"excerpt":{"rendered":"<p>FINNISH NATIONAL SYMPOSIUM OF MUSIC SCHOLARS 2024 \u201cECHOES AND REFLECTIONS\u201d 25.\u201327.3.2024 UNIVERSITY OF EASTERN FINLAND, JOENSUU<\/p>\n","protected":false},"author":572,"featured_media":0,"parent":0,"menu_order":0,"comment_status":"closed","ping_status":"closed","template":"","meta":{"_acf_changed":false,"footnotes":""},"class_list":["post-662","page","type-page","status-publish","hentry"],"acf":[],"yoast_head":"<!-- This site is optimized with the Yoast SEO plugin v27.3 - https:\/\/yoast.com\/product\/yoast-seo-wordpress\/ -->\n<title>PROGRAM - MUSIIKINTUTKIJOIDEN VALTAKUNNALLINEN SYMPOSIUM 2024<\/title>\n<meta name=\"robots\" content=\"index, follow, max-snippet:-1, max-image-preview:large, max-video-preview:-1\" \/>\n<link rel=\"canonical\" href=\"https:\/\/sites.uef.fi\/symposium-for-music-scholars-2024\/ohjelma\/\" \/>\n<meta property=\"og:locale\" content=\"fi_FI\" \/>\n<meta property=\"og:type\" content=\"article\" \/>\n<meta property=\"og:title\" content=\"PROGRAM - MUSIIKINTUTKIJOIDEN VALTAKUNNALLINEN SYMPOSIUM 2024\" \/>\n<meta property=\"og:description\" content=\"FINNISH NATIONAL SYMPOSIUM OF MUSIC SCHOLARS 2024 \u201cECHOES AND REFLECTIONS\u201d 25.\u201327.3.2024 UNIVERSITY OF EASTERN FINLAND, JOENSUU\" \/>\n<meta property=\"og:url\" content=\"https:\/\/sites.uef.fi\/symposium-for-music-scholars-2024\/ohjelma\/?lang=en\" \/>\n<meta property=\"og:site_name\" content=\"MUSIIKINTUTKIJOIDEN VALTAKUNNALLINEN SYMPOSIUM 2024\" \/>\n<meta property=\"article:modified_time\" content=\"2024-03-26T11:41:19+00:00\" \/>\n<meta name=\"twitter:card\" content=\"summary_large_image\" \/>\n<meta name=\"twitter:label1\" content=\"Arvioitu lukuaika\" \/>\n\t<meta name=\"twitter:data1\" content=\"1 minuutti\" \/>\n<script type=\"application\/ld+json\" class=\"yoast-schema-graph\">{\"@context\":\"https:\\\/\\\/schema.org\",\"@graph\":[{\"@type\":\"WebPage\",\"@id\":\"https:\\\/\\\/sites.uef.fi\\\/symposium-for-music-scholars-2024\\\/ohjelma\\\/?lang=en\",\"url\":\"https:\\\/\\\/sites.uef.fi\\\/symposium-for-music-scholars-2024\\\/ohjelma\\\/?lang=en\",\"name\":\"PROGRAM - MUSIIKINTUTKIJOIDEN VALTAKUNNALLINEN SYMPOSIUM 2024\",\"isPartOf\":{\"@id\":\"https:\\\/\\\/sites.uef.fi\\\/symposium-for-music-scholars-2024\\\/#website\"},\"datePublished\":\"2023-10-09T08:03:48+00:00\",\"dateModified\":\"2024-03-26T11:41:19+00:00\",\"breadcrumb\":{\"@id\":\"https:\\\/\\\/sites.uef.fi\\\/symposium-for-music-scholars-2024\\\/ohjelma\\\/?lang=en#breadcrumb\"},\"inLanguage\":\"fi\",\"potentialAction\":[{\"@type\":\"ReadAction\",\"target\":[\"https:\\\/\\\/sites.uef.fi\\\/symposium-for-music-scholars-2024\\\/ohjelma\\\/?lang=en\"]}]},{\"@type\":\"BreadcrumbList\",\"@id\":\"https:\\\/\\\/sites.uef.fi\\\/symposium-for-music-scholars-2024\\\/ohjelma\\\/?lang=en#breadcrumb\",\"itemListElement\":[{\"@type\":\"ListItem\",\"position\":1,\"name\":\"Home\",\"item\":\"https:\\\/\\\/sites.uef.fi\\\/symposium-for-music-scholars-2024\\\/\"},{\"@type\":\"ListItem\",\"position\":2,\"name\":\"PROGRAM\"}]},{\"@type\":\"WebSite\",\"@id\":\"https:\\\/\\\/sites.uef.fi\\\/symposium-for-music-scholars-2024\\\/#website\",\"url\":\"https:\\\/\\\/sites.uef.fi\\\/symposium-for-music-scholars-2024\\\/\",\"name\":\"MUSIIKINTUTKIJOIDEN VALTAKUNNALLINEN SYMPOSIUM 2024\",\"description\":\"\",\"potentialAction\":[{\"@type\":\"SearchAction\",\"target\":{\"@type\":\"EntryPoint\",\"urlTemplate\":\"https:\\\/\\\/sites.uef.fi\\\/symposium-for-music-scholars-2024\\\/?s={search_term_string}\"},\"query-input\":{\"@type\":\"PropertyValueSpecification\",\"valueRequired\":true,\"valueName\":\"search_term_string\"}}],\"inLanguage\":\"fi\"}]}<\/script>\n<!-- \/ Yoast SEO plugin. -->","yoast_head_json":{"title":"PROGRAM - MUSIIKINTUTKIJOIDEN VALTAKUNNALLINEN SYMPOSIUM 2024","robots":{"index":"index","follow":"follow","max-snippet":"max-snippet:-1","max-image-preview":"max-image-preview:large","max-video-preview":"max-video-preview:-1"},"canonical":"https:\/\/sites.uef.fi\/symposium-for-music-scholars-2024\/ohjelma\/","og_locale":"fi_FI","og_type":"article","og_title":"PROGRAM - MUSIIKINTUTKIJOIDEN VALTAKUNNALLINEN SYMPOSIUM 2024","og_description":"FINNISH NATIONAL SYMPOSIUM OF MUSIC SCHOLARS 2024 \u201cECHOES AND REFLECTIONS\u201d 25.\u201327.3.2024 UNIVERSITY OF EASTERN FINLAND, JOENSUU","og_url":"https:\/\/sites.uef.fi\/symposium-for-music-scholars-2024\/ohjelma\/?lang=en","og_site_name":"MUSIIKINTUTKIJOIDEN VALTAKUNNALLINEN SYMPOSIUM 2024","article_modified_time":"2024-03-26T11:41:19+00:00","twitter_card":"summary_large_image","twitter_misc":{"Arvioitu lukuaika":"1 minuutti"},"schema":{"@context":"https:\/\/schema.org","@graph":[{"@type":"WebPage","@id":"https:\/\/sites.uef.fi\/symposium-for-music-scholars-2024\/ohjelma\/?lang=en","url":"https:\/\/sites.uef.fi\/symposium-for-music-scholars-2024\/ohjelma\/?lang=en","name":"PROGRAM - MUSIIKINTUTKIJOIDEN VALTAKUNNALLINEN SYMPOSIUM 2024","isPartOf":{"@id":"https:\/\/sites.uef.fi\/symposium-for-music-scholars-2024\/#website"},"datePublished":"2023-10-09T08:03:48+00:00","dateModified":"2024-03-26T11:41:19+00:00","breadcrumb":{"@id":"https:\/\/sites.uef.fi\/symposium-for-music-scholars-2024\/ohjelma\/?lang=en#breadcrumb"},"inLanguage":"fi","potentialAction":[{"@type":"ReadAction","target":["https:\/\/sites.uef.fi\/symposium-for-music-scholars-2024\/ohjelma\/?lang=en"]}]},{"@type":"BreadcrumbList","@id":"https:\/\/sites.uef.fi\/symposium-for-music-scholars-2024\/ohjelma\/?lang=en#breadcrumb","itemListElement":[{"@type":"ListItem","position":1,"name":"Home","item":"https:\/\/sites.uef.fi\/symposium-for-music-scholars-2024\/"},{"@type":"ListItem","position":2,"name":"PROGRAM"}]},{"@type":"WebSite","@id":"https:\/\/sites.uef.fi\/symposium-for-music-scholars-2024\/#website","url":"https:\/\/sites.uef.fi\/symposium-for-music-scholars-2024\/","name":"MUSIIKINTUTKIJOIDEN VALTAKUNNALLINEN SYMPOSIUM 2024","description":"","potentialAction":[{"@type":"SearchAction","target":{"@type":"EntryPoint","urlTemplate":"https:\/\/sites.uef.fi\/symposium-for-music-scholars-2024\/?s={search_term_string}"},"query-input":{"@type":"PropertyValueSpecification","valueRequired":true,"valueName":"search_term_string"}}],"inLanguage":"fi"}]}},"_links":{"self":[{"href":"https:\/\/sites.uef.fi\/symposium-for-music-scholars-2024\/wp-json\/wp\/v2\/pages\/662","targetHints":{"allow":["GET"]}}],"collection":[{"href":"https:\/\/sites.uef.fi\/symposium-for-music-scholars-2024\/wp-json\/wp\/v2\/pages"}],"about":[{"href":"https:\/\/sites.uef.fi\/symposium-for-music-scholars-2024\/wp-json\/wp\/v2\/types\/page"}],"author":[{"embeddable":true,"href":"https:\/\/sites.uef.fi\/symposium-for-music-scholars-2024\/wp-json\/wp\/v2\/users\/572"}],"replies":[{"embeddable":true,"href":"https:\/\/sites.uef.fi\/symposium-for-music-scholars-2024\/wp-json\/wp\/v2\/comments?post=662"}],"version-history":[{"count":2,"href":"https:\/\/sites.uef.fi\/symposium-for-music-scholars-2024\/wp-json\/wp\/v2\/pages\/662\/revisions"}],"predecessor-version":[{"id":1389,"href":"https:\/\/sites.uef.fi\/symposium-for-music-scholars-2024\/wp-json\/wp\/v2\/pages\/662\/revisions\/1389"}],"wp:attachment":[{"href":"https:\/\/sites.uef.fi\/symposium-for-music-scholars-2024\/wp-json\/wp\/v2\/media?parent=662"}],"curies":[{"name":"wp","href":"https:\/\/api.w.org\/{rel}","templated":true}]}}