{"id":672,"date":"2023-10-09T11:01:31","date_gmt":"2023-10-09T08:01:31","guid":{"rendered":"https:\/\/sites.uef.fi\/symposium-for-music-scholars-2024\/esitelmakutsu\/"},"modified":"2023-12-01T11:26:16","modified_gmt":"2023-12-01T08:26:16","slug":"esitelmakutsu","status":"publish","type":"page","link":"https:\/\/sites.uef.fi\/symposium-for-music-scholars-2024\/esitelmakutsu\/?lang=sv","title":{"rendered":"CALL FOR PAPERS"},"content":{"rendered":"\n<p><\/p>\n\n\n\n<p><strong>Call for Papers: 26:e nationella symposiet f\u00f6r musikforskning i Finland<\/strong><\/p>\n\n\n\n<p><strong><em>&#8221;Ekon och reflektioner&#8221;<\/em><\/strong><\/p>\n\n\n\n<p>L\u00e4mna in ditt f\u00f6rslag senast 10.11.2023<\/p>\n\n\n\n<p>K\u00e4ra v\u00e4nner och kollegor,<\/p>\n\n\n\n<p>Musiketnologiska s\u00e4llskapet i Finland och Institutionen f\u00f6r kulturstudier vid \u00d6stra Finlands universitet inbjuder alla musikintresserade forskare att delta i det nationella symposiet f\u00f6r musikforskning i Finland. Symposiet kommer att h\u00e5llas i Joensuu, Finland, 25\u201327 mars 2024.<\/p>\n\n\n\n<p>Tema f\u00f6r symposiet \u00e4r &#8221;ekon och reflektioner&#8221;. De kan tolkas som metaforiskt relaterade till musikens olika funktioner och sammanhang, minnet, kommunikation mellan m\u00e4nniskor och gemenskaper, kulturens musikaliska kontinuitet eller musikens kulturella betydelser i en vidare bem\u00e4rkelse. I konkreta termer \u00e4r ekon och reflektioner relaterade till musik- och arkeoakustik. Temat kan ocks\u00e5 inbjuda till reflektion \u00f6ver de olika s\u00e4tt p\u00e5 vilka musikforskning och -pedagogik har omfattat och omfattar ekon fr\u00e5n andra discipliner samtidigt som de bygger sitt eget kontinuum. Vilka f\u00f6rbud och krav p\u00e5verkar kontinuiteten i musikforskningen och dess praxis? Hur har den f\u00f6r\u00e4nderliga (nyliberala) milj\u00f6n format normerna f\u00f6r musiklivet samt arbetet f\u00f6r dem som forskar kring det? Vilka typer av praxis som f\u00f6rst\u00e4rker eller synligg\u00f6r \u201dnedtystade register\u201d (Hofman 2021) kan (fortfarande) identifieras i musikforskarnas arbetss\u00e4tt och attityder, och hur g\u00f6r forskarna sig h\u00f6rda?&nbsp; Hurdana typer av kontroversiella historier och m\u00f6jliga framtider produceras och utforskas inom kulturell musikforskning?<\/p>\n\n\n\n<p>Arrang\u00f6rerna uppfattar &#8221;Ekon och reflektioner&#8221; i en vid bem\u00e4rkelse och ser temat som en startpunkt f\u00f6r diskussioner kring b\u00e5de empiriska och teoretiska bidrag. Konferensen kommer att best\u00e5 av keynotef\u00f6rel\u00e4sningar, presentationer och paneler, posters och tematiska sessioner. F\u00f6rslag v\u00e4lkomnasfr\u00e5n alla discipliner.<\/p>\n\n\n\n<p>Eftersom Musiketnologiska S\u00e4llskapet i Finland \u00e5r 2024 firar sitt 50-\u00e5rsjubileum, kommer programmet att inneh\u00e5lla en paneldiskussion om den musiketnologiska forskningens f\u00f6rflutna, nutid och framtid.<\/p>\n\n\n\n<p><strong>\u00c5rets keynote-talare<\/strong><\/p>\n\n\n\n<p>Professor Rupert Till,&nbsp;University of Huddersfield, UK<\/p>\n\n\n\n<p>Associate Professor&nbsp;Ana Hofman, Slovenian Academy of Sciences and Arts<\/p>\n\n\n\n<p><strong>Inl\u00e4mning av f\u00f6rslag<\/strong><\/p>\n\n\n\n<p>Arrang\u00f6rerna tar emot f\u00f6rslag p\u00e5enskilda f\u00f6redrag, p\u00e5 3\u20134 f\u00f6redragsh\u00e5llares panelsessioner kring ett gemensamt tema samt p\u00e5 posters. Abstrakten kan vara maximalt 200 ord (enskilda f\u00f6redrag) eller 300 ord (panel\/tematiska sessioner). F\u00f6rslagen och presentationerna kan ges p\u00e5 finska, svenska eller engelska.<\/p>\n\n\n\n<p>F\u00f6rslagen inl\u00e4mnas via formul\u00e4ren <a href=\"https:\/\/eur03.safelinks.protection.outlook.com\/?url=https%3A%2F%2Fregistration.contio.fi%2Fuef%2FRegistration%2FLogin%3Fid%3D6708-SES50-7817&amp;data=05%7C01%7C%7C5dd9dca4754c46aed27c08dbb6aa877b%7C87879f2e73044bf2baf263e7f83f3c34%7C0%7C0%7C638304615775077771%7CUnknown%7CTWFpbGZsb3d8eyJWIjoiMC4wLjAwMDAiLCJQIjoiV2luMzIiLCJBTiI6Ik1haWwiLCJXVCI6Mn0%3D%7C3000%7C%7C%7C&amp;sdata=3jb8GDdp8Tgm609wuTUIv7VcYFenn0kSnq0mo9gCCFk%3D&amp;reserved=0\" target=\"_blank\" rel=\"noreferrer noopener\">https:\/\/registration.contio.fi\/uef\/Registration\/Login?id=6708-SES50-7817<\/a>&nbsp;<\/p>\n\n\n\n<p>F\u00f6rslagen b\u00f6r inneh\u00e5lla:<\/p>\n\n\n\n<ul class=\"wp-block-list\">\n<li>forskarens eller gruppens kontaktuppgifter<\/li>\n\n\n\n<li>presentationens, sessionens (posters) rubrik<\/li>\n\n\n\n<li>ett abstrakt p\u00e5 max 200 ord (300 ord f\u00f6r panelsessioner)<\/li>\n<\/ul>\n\n\n\n<p>F\u00f6rslagen b\u00f6r inl\u00e4mnas senast 10.11.2023<\/p>\n\n\n\n<p>Arrang\u00f6rerna kommer att meddela senast 15.12.2023 om vilka f\u00f6rslag som accepterats.<\/p>\n\n\n\n<p>Eventuella fr\u00e5gor och korrespondens kan skickas till: <a href=\"mailto:symposium@etnomusikologia.fi\">symposium@etnomusikologia.fi<\/a>.<\/p>\n\n\n\n<p>V\u00e4lkommen!<\/p>\n","protected":false},"excerpt":{"rendered":"<p>Call for Papers: 26:e nationella symposiet f\u00f6r musikforskning i Finland &#8221;Ekon och reflektioner&#8221; L\u00e4mna in ditt f\u00f6rslag senast 10.11.2023 K\u00e4ra v\u00e4nner och kollegor, Musiketnologiska s\u00e4llskapet i Finland och Institutionen f\u00f6r kulturstudier vid \u00d6stra Finlands universitet inbjuder alla musikintresserade forskare att delta i det nationella symposiet f\u00f6r musikforskning i Finland. Symposiet kommer att h\u00e5llas i Joensuu, [&hellip;]<\/p>\n","protected":false},"author":572,"featured_media":675,"parent":0,"menu_order":0,"comment_status":"closed","ping_status":"closed","template":"","meta":{"_acf_changed":false,"footnotes":""},"class_list":["post-672","page","type-page","status-publish","has-post-thumbnail","hentry"],"acf":[],"yoast_head":"<!-- This site is optimized with the Yoast SEO plugin v27.3 - https:\/\/yoast.com\/product\/yoast-seo-wordpress\/ -->\n<title>CALL FOR PAPERS - MUSIIKINTUTKIJOIDEN VALTAKUNNALLINEN SYMPOSIUM 2024<\/title>\n<meta name=\"robots\" content=\"index, follow, max-snippet:-1, max-image-preview:large, max-video-preview:-1\" \/>\n<link rel=\"canonical\" href=\"https:\/\/sites.uef.fi\/symposium-for-music-scholars-2024\/esitelmakutsu\/\" \/>\n<meta property=\"og:locale\" content=\"fi_FI\" \/>\n<meta property=\"og:type\" content=\"article\" \/>\n<meta property=\"og:title\" content=\"CALL FOR PAPERS - MUSIIKINTUTKIJOIDEN VALTAKUNNALLINEN SYMPOSIUM 2024\" \/>\n<meta property=\"og:description\" content=\"Call for Papers: 26:e nationella symposiet f\u00f6r musikforskning i Finland &#8221;Ekon och reflektioner&#8221; L\u00e4mna in ditt f\u00f6rslag senast 10.11.2023 K\u00e4ra v\u00e4nner och kollegor, Musiketnologiska s\u00e4llskapet i Finland och Institutionen f\u00f6r kulturstudier vid \u00d6stra Finlands universitet inbjuder alla musikintresserade forskare att delta i det nationella symposiet f\u00f6r musikforskning i Finland. Symposiet kommer att h\u00e5llas i Joensuu, [&hellip;]\" \/>\n<meta property=\"og:url\" content=\"https:\/\/sites.uef.fi\/symposium-for-music-scholars-2024\/esitelmakutsu\/?lang=sv\" \/>\n<meta property=\"og:site_name\" content=\"MUSIIKINTUTKIJOIDEN VALTAKUNNALLINEN SYMPOSIUM 2024\" \/>\n<meta property=\"article:modified_time\" content=\"2023-12-01T08:26:16+00:00\" \/>\n<meta property=\"og:image\" content=\"https:\/\/sites.uef.fi\/symposium-for-music-scholars-2024\/wp-content\/uploads\/sites\/434\/2023\/10\/symposium-headbanner-2-scaled-e1696591122614.jpg\" \/>\n\t<meta property=\"og:image:width\" content=\"1911\" \/>\n\t<meta property=\"og:image:height\" content=\"153\" \/>\n\t<meta property=\"og:image:type\" content=\"image\/jpeg\" \/>\n<meta name=\"twitter:card\" content=\"summary_large_image\" \/>\n<meta name=\"twitter:label1\" content=\"Arvioitu lukuaika\" \/>\n\t<meta name=\"twitter:data1\" content=\"3 minuuttia\" \/>\n<script type=\"application\/ld+json\" class=\"yoast-schema-graph\">{\"@context\":\"https:\\\/\\\/schema.org\",\"@graph\":[{\"@type\":\"WebPage\",\"@id\":\"https:\\\/\\\/sites.uef.fi\\\/symposium-for-music-scholars-2024\\\/esitelmakutsu\\\/?lang=sv\",\"url\":\"https:\\\/\\\/sites.uef.fi\\\/symposium-for-music-scholars-2024\\\/esitelmakutsu\\\/?lang=sv\",\"name\":\"CALL FOR PAPERS - MUSIIKINTUTKIJOIDEN VALTAKUNNALLINEN SYMPOSIUM 2024\",\"isPartOf\":{\"@id\":\"https:\\\/\\\/sites.uef.fi\\\/symposium-for-music-scholars-2024\\\/#website\"},\"primaryImageOfPage\":{\"@id\":\"https:\\\/\\\/sites.uef.fi\\\/symposium-for-music-scholars-2024\\\/esitelmakutsu\\\/?lang=sv#primaryimage\"},\"image\":{\"@id\":\"https:\\\/\\\/sites.uef.fi\\\/symposium-for-music-scholars-2024\\\/esitelmakutsu\\\/?lang=sv#primaryimage\"},\"thumbnailUrl\":\"https:\\\/\\\/sites.uef.fi\\\/symposium-for-music-scholars-2024\\\/wp-content\\\/uploads\\\/sites\\\/434\\\/2023\\\/10\\\/symposium-headbanner-2-scaled-e1696591122614.jpg\",\"datePublished\":\"2023-10-09T08:01:31+00:00\",\"dateModified\":\"2023-12-01T08:26:16+00:00\",\"breadcrumb\":{\"@id\":\"https:\\\/\\\/sites.uef.fi\\\/symposium-for-music-scholars-2024\\\/esitelmakutsu\\\/?lang=sv#breadcrumb\"},\"inLanguage\":\"fi\",\"potentialAction\":[{\"@type\":\"ReadAction\",\"target\":[\"https:\\\/\\\/sites.uef.fi\\\/symposium-for-music-scholars-2024\\\/esitelmakutsu\\\/?lang=sv\"]}]},{\"@type\":\"ImageObject\",\"inLanguage\":\"fi\",\"@id\":\"https:\\\/\\\/sites.uef.fi\\\/symposium-for-music-scholars-2024\\\/esitelmakutsu\\\/?lang=sv#primaryimage\",\"url\":\"https:\\\/\\\/sites.uef.fi\\\/symposium-for-music-scholars-2024\\\/wp-content\\\/uploads\\\/sites\\\/434\\\/2023\\\/10\\\/symposium-headbanner-2-scaled-e1696591122614.jpg\",\"contentUrl\":\"https:\\\/\\\/sites.uef.fi\\\/symposium-for-music-scholars-2024\\\/wp-content\\\/uploads\\\/sites\\\/434\\\/2023\\\/10\\\/symposium-headbanner-2-scaled-e1696591122614.jpg\",\"width\":1911,\"height\":153},{\"@type\":\"BreadcrumbList\",\"@id\":\"https:\\\/\\\/sites.uef.fi\\\/symposium-for-music-scholars-2024\\\/esitelmakutsu\\\/?lang=sv#breadcrumb\",\"itemListElement\":[{\"@type\":\"ListItem\",\"position\":1,\"name\":\"Home\",\"item\":\"https:\\\/\\\/sites.uef.fi\\\/symposium-for-music-scholars-2024\\\/\"},{\"@type\":\"ListItem\",\"position\":2,\"name\":\"CALL FOR PAPERS\"}]},{\"@type\":\"WebSite\",\"@id\":\"https:\\\/\\\/sites.uef.fi\\\/symposium-for-music-scholars-2024\\\/#website\",\"url\":\"https:\\\/\\\/sites.uef.fi\\\/symposium-for-music-scholars-2024\\\/\",\"name\":\"MUSIIKINTUTKIJOIDEN VALTAKUNNALLINEN SYMPOSIUM 2024\",\"description\":\"\",\"potentialAction\":[{\"@type\":\"SearchAction\",\"target\":{\"@type\":\"EntryPoint\",\"urlTemplate\":\"https:\\\/\\\/sites.uef.fi\\\/symposium-for-music-scholars-2024\\\/?s={search_term_string}\"},\"query-input\":{\"@type\":\"PropertyValueSpecification\",\"valueRequired\":true,\"valueName\":\"search_term_string\"}}],\"inLanguage\":\"fi\"}]}<\/script>\n<!-- \/ Yoast SEO plugin. -->","yoast_head_json":{"title":"CALL FOR PAPERS - MUSIIKINTUTKIJOIDEN VALTAKUNNALLINEN SYMPOSIUM 2024","robots":{"index":"index","follow":"follow","max-snippet":"max-snippet:-1","max-image-preview":"max-image-preview:large","max-video-preview":"max-video-preview:-1"},"canonical":"https:\/\/sites.uef.fi\/symposium-for-music-scholars-2024\/esitelmakutsu\/","og_locale":"fi_FI","og_type":"article","og_title":"CALL FOR PAPERS - MUSIIKINTUTKIJOIDEN VALTAKUNNALLINEN SYMPOSIUM 2024","og_description":"Call for Papers: 26:e nationella symposiet f\u00f6r musikforskning i Finland &#8221;Ekon och reflektioner&#8221; L\u00e4mna in ditt f\u00f6rslag senast 10.11.2023 K\u00e4ra v\u00e4nner och kollegor, Musiketnologiska s\u00e4llskapet i Finland och Institutionen f\u00f6r kulturstudier vid \u00d6stra Finlands universitet inbjuder alla musikintresserade forskare att delta i det nationella symposiet f\u00f6r musikforskning i Finland. Symposiet kommer att h\u00e5llas i Joensuu, [&hellip;]","og_url":"https:\/\/sites.uef.fi\/symposium-for-music-scholars-2024\/esitelmakutsu\/?lang=sv","og_site_name":"MUSIIKINTUTKIJOIDEN VALTAKUNNALLINEN SYMPOSIUM 2024","article_modified_time":"2023-12-01T08:26:16+00:00","og_image":[{"width":1911,"height":153,"url":"https:\/\/sites.uef.fi\/symposium-for-music-scholars-2024\/wp-content\/uploads\/sites\/434\/2023\/10\/symposium-headbanner-2-scaled-e1696591122614.jpg","type":"image\/jpeg"}],"twitter_card":"summary_large_image","twitter_misc":{"Arvioitu lukuaika":"3 minuuttia"},"schema":{"@context":"https:\/\/schema.org","@graph":[{"@type":"WebPage","@id":"https:\/\/sites.uef.fi\/symposium-for-music-scholars-2024\/esitelmakutsu\/?lang=sv","url":"https:\/\/sites.uef.fi\/symposium-for-music-scholars-2024\/esitelmakutsu\/?lang=sv","name":"CALL FOR PAPERS - MUSIIKINTUTKIJOIDEN VALTAKUNNALLINEN SYMPOSIUM 2024","isPartOf":{"@id":"https:\/\/sites.uef.fi\/symposium-for-music-scholars-2024\/#website"},"primaryImageOfPage":{"@id":"https:\/\/sites.uef.fi\/symposium-for-music-scholars-2024\/esitelmakutsu\/?lang=sv#primaryimage"},"image":{"@id":"https:\/\/sites.uef.fi\/symposium-for-music-scholars-2024\/esitelmakutsu\/?lang=sv#primaryimage"},"thumbnailUrl":"https:\/\/sites.uef.fi\/symposium-for-music-scholars-2024\/wp-content\/uploads\/sites\/434\/2023\/10\/symposium-headbanner-2-scaled-e1696591122614.jpg","datePublished":"2023-10-09T08:01:31+00:00","dateModified":"2023-12-01T08:26:16+00:00","breadcrumb":{"@id":"https:\/\/sites.uef.fi\/symposium-for-music-scholars-2024\/esitelmakutsu\/?lang=sv#breadcrumb"},"inLanguage":"fi","potentialAction":[{"@type":"ReadAction","target":["https:\/\/sites.uef.fi\/symposium-for-music-scholars-2024\/esitelmakutsu\/?lang=sv"]}]},{"@type":"ImageObject","inLanguage":"fi","@id":"https:\/\/sites.uef.fi\/symposium-for-music-scholars-2024\/esitelmakutsu\/?lang=sv#primaryimage","url":"https:\/\/sites.uef.fi\/symposium-for-music-scholars-2024\/wp-content\/uploads\/sites\/434\/2023\/10\/symposium-headbanner-2-scaled-e1696591122614.jpg","contentUrl":"https:\/\/sites.uef.fi\/symposium-for-music-scholars-2024\/wp-content\/uploads\/sites\/434\/2023\/10\/symposium-headbanner-2-scaled-e1696591122614.jpg","width":1911,"height":153},{"@type":"BreadcrumbList","@id":"https:\/\/sites.uef.fi\/symposium-for-music-scholars-2024\/esitelmakutsu\/?lang=sv#breadcrumb","itemListElement":[{"@type":"ListItem","position":1,"name":"Home","item":"https:\/\/sites.uef.fi\/symposium-for-music-scholars-2024\/"},{"@type":"ListItem","position":2,"name":"CALL FOR PAPERS"}]},{"@type":"WebSite","@id":"https:\/\/sites.uef.fi\/symposium-for-music-scholars-2024\/#website","url":"https:\/\/sites.uef.fi\/symposium-for-music-scholars-2024\/","name":"MUSIIKINTUTKIJOIDEN VALTAKUNNALLINEN SYMPOSIUM 2024","description":"","potentialAction":[{"@type":"SearchAction","target":{"@type":"EntryPoint","urlTemplate":"https:\/\/sites.uef.fi\/symposium-for-music-scholars-2024\/?s={search_term_string}"},"query-input":{"@type":"PropertyValueSpecification","valueRequired":true,"valueName":"search_term_string"}}],"inLanguage":"fi"}]}},"_links":{"self":[{"href":"https:\/\/sites.uef.fi\/symposium-for-music-scholars-2024\/wp-json\/wp\/v2\/pages\/672","targetHints":{"allow":["GET"]}}],"collection":[{"href":"https:\/\/sites.uef.fi\/symposium-for-music-scholars-2024\/wp-json\/wp\/v2\/pages"}],"about":[{"href":"https:\/\/sites.uef.fi\/symposium-for-music-scholars-2024\/wp-json\/wp\/v2\/types\/page"}],"author":[{"embeddable":true,"href":"https:\/\/sites.uef.fi\/symposium-for-music-scholars-2024\/wp-json\/wp\/v2\/users\/572"}],"replies":[{"embeddable":true,"href":"https:\/\/sites.uef.fi\/symposium-for-music-scholars-2024\/wp-json\/wp\/v2\/comments?post=672"}],"version-history":[{"count":1,"href":"https:\/\/sites.uef.fi\/symposium-for-music-scholars-2024\/wp-json\/wp\/v2\/pages\/672\/revisions"}],"predecessor-version":[{"id":715,"href":"https:\/\/sites.uef.fi\/symposium-for-music-scholars-2024\/wp-json\/wp\/v2\/pages\/672\/revisions\/715"}],"wp:featuredmedia":[{"embeddable":true,"href":"https:\/\/sites.uef.fi\/symposium-for-music-scholars-2024\/wp-json\/wp\/v2\/media\/675"}],"wp:attachment":[{"href":"https:\/\/sites.uef.fi\/symposium-for-music-scholars-2024\/wp-json\/wp\/v2\/media?parent=672"}],"curies":[{"name":"wp","href":"https:\/\/api.w.org\/{rel}","templated":true}]}}