{"id":1058,"date":"2022-06-10T16:38:08","date_gmt":"2022-06-10T13:38:08","guid":{"rendered":"https:\/\/sites.uef.fi\/tarja-malm-group\/?page_id=1058"},"modified":"2025-01-18T11:49:00","modified_gmt":"2025-01-18T09:49:00","slug":"educational-material","status":"publish","type":"page","link":"https:\/\/sites.uef.fi\/tarja-malm-group\/educational-material\/","title":{"rendered":"EDUCATIONAL MATERIAL"},"content":{"rendered":"<h4 class=\"entry-title\"><strong>NENS Cluster videos on glia and inflammation<\/strong><\/h4>\n<p>FENS is the voice of European neuroscience 21,000 neuroscientists, 44 member societies, 33 European countries. <a href=\"https:\/\/www.fens.org\/\" target=\"_blank\" rel=\"noopener\">Click here for more information<\/a><\/p>\n<h4><b><span data-contrast=\"none\">Astrocytes and microglia in neuroinflammation<\/span><\/b><span data-ccp-props=\"{&quot;201341983&quot;:0,&quot;335559738&quot;:480,&quot;335559739&quot;:0,&quot;335559740&quot;:276}\">\u00a0<\/span><\/h4>\n<p><span data-contrast=\"auto\">Glia and inflammation in Amyotrophic lateral sclerosis. Astrogliosis. Microglial <\/span><span data-contrast=\"auto\">p<\/span><span data-contrast=\"auto\">henotypes. Interaction of microglia and astrocytes with neurons. BBB breach and the role of astrocytes. Infiltration of immune cells in brain tissue and interaction with glia. Humoral factors of inflammation and glia. Comparative glial cellular morphology obtained by high resolution microscopy. Oxidative stress and microglia &#8211; release of cytokines.<\/span><span data-ccp-props=\"{&quot;201341983&quot;:0,&quot;335559739&quot;:200,&quot;335559740&quot;:276}\">\u00a0<\/span><\/p>\n<h4><b><span data-contrast=\"none\">Dynamical measurements from neuroglia in vitro<\/span><\/b><span data-ccp-props=\"{&quot;201341983&quot;:0,&quot;335559738&quot;:480,&quot;335559739&quot;:0,&quot;335559740&quot;:276}\">\u00a0<\/span><\/h4>\n<p><span data-contrast=\"auto\">Preparation of primary rat microglia (and\/or BV-2 cell line) \/astrocytes for experiment. Dye loading \u2013 Ca<\/span><span data-contrast=\"auto\">2+<\/span><span data-contrast=\"auto\">&#8211; or ROS-sensitive dyes. Videomicroscopy setup. Recording software environment. Dynamical measurements of Ca<\/span><span data-contrast=\"auto\">2+<\/span><span data-contrast=\"auto\"> or ROS \u2013 transients. Signal analysis.<\/span><span data-ccp-props=\"{&quot;201341983&quot;:0,&quot;335559739&quot;:200,&quot;335559740&quot;:276}\"> <span lang=\"en-US\">Here we show a protocol for recording the electrical activity organoids on MEA. The premise is the comparison of organoids with and without microglia (Fagerlund and Dougalis et al., 2021). We go through the main steps in slicing an organoid, preparing it for recording and doing baseline recording and pharmacological stimulations.<\/span><span lang=\"en-US\">\u00a0<\/span><\/span><\/p>\n<div id=\"attachment_1099\" style=\"width: 1289px\" class=\"wp-caption alignnone\"><a href=\"https:\/\/youtu.be\/yDkDZzny3Yk\" target=\"_blank\" rel=\"noopener\"><img loading=\"lazy\" decoding=\"async\" aria-describedby=\"caption-attachment-1099\" class=\"wp-image-1099 size-full\" src=\"https:\/\/sites.uef.fi\/tarja-malm-group\/wp-content\/uploads\/sites\/202\/2022\/06\/Capture3.jpg\" alt=\"\" width=\"1279\" height=\"663\" srcset=\"https:\/\/sites.uef.fi\/tarja-malm-group\/wp-content\/uploads\/sites\/202\/2022\/06\/Capture3.jpg 1279w, https:\/\/sites.uef.fi\/tarja-malm-group\/wp-content\/uploads\/sites\/202\/2022\/06\/Capture3-300x156.jpg 300w, https:\/\/sites.uef.fi\/tarja-malm-group\/wp-content\/uploads\/sites\/202\/2022\/06\/Capture3-1024x531.jpg 1024w, https:\/\/sites.uef.fi\/tarja-malm-group\/wp-content\/uploads\/sites\/202\/2022\/06\/Capture3-768x398.jpg 768w\" sizes=\"auto, (max-width: 1279px) 100vw, 1279px\" \/><\/a><p id=\"caption-attachment-1099\" class=\"wp-caption-text\"><span style=\"color: #3366ff\">Protocol description starts at 2:10.<\/span><\/p><\/div>\n<p>\u00a0<\/p>\n<p><b><span lang=\"en-US\">Video edited by<\/span><\/b><span lang=\"en-US\">:\u00a0<\/span><span lang=\"en-US\">Anssi Pelkonen, <\/span><b><span lang=\"en-US\">Camera: <\/span><\/b><span lang=\"en-US\">Ilkka Fagerlund,\u00a0<\/span><b><span lang=\"en-US\">MEA experiment: <\/span><\/b><span lang=\"en-US\">Mireia Gomez-Budia,\u00a0<\/span><b><span lang=\"en-US\">Special thanks: <\/span><\/b><span lang=\"en-US\">Neuroinflammation\u00a0research\u00a0group lead by Tarja Malm<\/span><\/p>\n<p><b><span lang=\"en-US\">Publication:<\/span><\/b><\/p>\n<p><span lang=\"en-US\">Fagerlund, I.; Dougalis, A.; Shakirzyanova, A.; G\u00f3mez-Budia, M.; Pelkonen, A.; Konttinen, H.; Ohtonen, S.; Fazaludeen, M.F.; Koskuvi, M.; Kuusisto, J.; Hern\u00e1ndez, D.; Pebay, A.; Koistinaho, J.; Rauramaa, T.; Lehtonen, \u0160.; Korhonen, P.; Malm, T. <strong>Microglia-like Cells Promote Neuronal Functions in Cerebral Organoids<\/strong>.\u00a0<em>Cells<\/em>\u00a02022,\u00a0<em>11<\/em>, 124.\u00a0<\/span><a title=\"Original URL: https:\/\/doi.org\/10.3390\/cells11010124. Click or tap if you trust this link.\" href=\"https:\/\/eur03.safelinks.protection.outlook.com\/?url=https%3A%2F%2Fdoi.org%2F10.3390%2Fcells11010124&amp;data=05%7C01%7C%7C4f947397bc7e4da8d1d708da52895c35%7C87879f2e73044bf2baf263e7f83f3c34%7C0%7C0%7C637913047896967260%7CUnknown%7CTWFpbGZsb3d8eyJWIjoiMC4wLjAwMDAiLCJQIjoiV2luMzIiLCJBTiI6Ik1haWwiLCJXVCI6Mn0%3D%7C3000%7C%7C%7C&amp;sdata=fUmrpYKqk1Nkr9txeNgmCUDsm3UrSgHb%2Bqsk9%2Bjdt7I%3D&amp;reserved=0\" target=\"_blank\" rel=\"noopener noreferrer\" data-auth=\"Verified\" data-linkindex=\"0\"><span lang=\"en-US\">https:\/\/doi.org\/10.3390\/cells11010124<\/span><\/a><\/p>\n<p><b><span lang=\"en-US\">Some images also from:<\/span><\/b><\/p>\n<p><span lang=\"en-US\">Pelkonen, A.; Pistono, C.; Klecki, P.; G\u00f3mez-Budia, M.; Dougalis, A.; Konttinen, H.; Stanov\u00e1, I.; Fagerlund, I.; Leinonen, V.; Korhonen, P.; Malm, T. Functional Characterization of Human Pluripotent Stem Cell-Derived Models of the Brain with Microelectrode Arrays.\u00a0<em>Cells<\/em>\u00a0<b>2022<\/b>,\u00a0<em>11<\/em>, 106.\u00a0<a title=\"Original URL: https:\/\/doi.org\/10.3390\/cells11010106. Click or tap if you trust this link.\" href=\"https:\/\/eur03.safelinks.protection.outlook.com\/?url=https%3A%2F%2Fdoi.org%2F10.3390%2Fcells11010106&amp;data=05%7C01%7C%7C4f947397bc7e4da8d1d708da52895c35%7C87879f2e73044bf2baf263e7f83f3c34%7C0%7C0%7C637913047896967260%7CUnknown%7CTWFpbGZsb3d8eyJWIjoiMC4wLjAwMDAiLCJQIjoiV2luMzIiLCJBTiI6Ik1haWwiLCJXVCI6Mn0%3D%7C3000%7C%7C%7C&amp;sdata=jsYYEn%2BzEkNvNiPSWpz7Q2QDIO2IwpZZHrby%2Be5Pjl8%3D&amp;reserved=0\" target=\"_blank\" rel=\"noopener noreferrer\" data-auth=\"Verified\" data-linkindex=\"1\">https:\/\/doi.org\/10.3390\/cells11010106<\/a><\/span><\/p>\n<p><span lang=\"en-US\">Sources otherwise indicated in the video.<\/span><\/p>\n<h4><b><span data-contrast=\"none\">Modeling Neuroinflammation in human context<\/span><\/b><span data-ccp-props=\"{&quot;201341983&quot;:0,&quot;335559739&quot;:200,&quot;335559740&quot;:276}\">\u00a0<\/span><\/h4>\n<p><span data-contrast=\"none\">This lecture covers current knowledge on human-based models of neuroinflammation. These include iPSC-derived 2D and 3D models, possible differences between the models and their suitability for functional studies. <\/span><span data-ccp-props=\"{&quot;201341983&quot;:0,&quot;335559739&quot;:200,&quot;335559740&quot;:276}\">\u00a0<\/span><\/p>\n<p><a href=\"https:\/\/youtu.be\/UBKOBpqdNmQ\" target=\"_blank\" rel=\"noopener\"><img loading=\"lazy\" decoding=\"async\" class=\"alignnone wp-image-1102 size-full\" src=\"https:\/\/sites.uef.fi\/tarja-malm-group\/wp-content\/uploads\/sites\/202\/2022\/06\/Capture2.jpg\" alt=\"\" width=\"1281\" height=\"712\" srcset=\"https:\/\/sites.uef.fi\/tarja-malm-group\/wp-content\/uploads\/sites\/202\/2022\/06\/Capture2.jpg 1281w, https:\/\/sites.uef.fi\/tarja-malm-group\/wp-content\/uploads\/sites\/202\/2022\/06\/Capture2-300x167.jpg 300w, https:\/\/sites.uef.fi\/tarja-malm-group\/wp-content\/uploads\/sites\/202\/2022\/06\/Capture2-1024x569.jpg 1024w, https:\/\/sites.uef.fi\/tarja-malm-group\/wp-content\/uploads\/sites\/202\/2022\/06\/Capture2-768x427.jpg 768w\" sizes=\"auto, (max-width: 1281px) 100vw, 1281px\" \/><\/a><\/p>\n<h4><b><span data-contrast=\"none\">How to culture human iPSC-derived microglia<\/span><\/b><\/h4>\n<p><span data-contrast=\"auto\">We show the detailed protocol and practical tips for differentiation of microglia-like cells from induced pluripotent stem cells. We will introduce methodology to carry out quality control analysis of microglia throughout the differentiation protocol using flow cytometry and how to carry out functional studies for phagocytosis and migration using Incucyte Live Imaging.\u00a0<\/span><\/p>\n<div>\n<p><span lang=\"en-US\">Here we describe how to differentiate human microglia-like cells from induced pluripotent stem cells (iPSC). This protocol is based on our publication investigating the impact of Alzheimer\u00b4disease -predisposing genetic backgrounds on functionality of human microglia-like cells (iMGLs) (Konttinen H., et al., 2019). In this video, we will go through the main steps of the protocol and guide you towards succesfull differentation. By following this protocol, large number of human microglia-like cells can be procuded to match you research needs!\u00a0<\/span><\/p>\n<div id=\"attachment_2072\" style=\"width: 1930px\" class=\"wp-caption alignnone\"><a href=\"https:\/\/youtu.be\/EtsVCoXyf_g?si=5B6Lci7RnXiG42y2\"><img loading=\"lazy\" decoding=\"async\" aria-describedby=\"caption-attachment-2072\" class=\"wp-image-2072 size-full\" src=\"https:\/\/sites.uef.fi\/tarja-malm-group\/wp-content\/uploads\/sites\/202\/2025\/01\/Youtube-iMGL-video.png\" alt=\"\" width=\"1920\" height=\"1080\" srcset=\"https:\/\/sites.uef.fi\/tarja-malm-group\/wp-content\/uploads\/sites\/202\/2025\/01\/Youtube-iMGL-video.png 1920w, https:\/\/sites.uef.fi\/tarja-malm-group\/wp-content\/uploads\/sites\/202\/2025\/01\/Youtube-iMGL-video-300x169.png 300w, https:\/\/sites.uef.fi\/tarja-malm-group\/wp-content\/uploads\/sites\/202\/2025\/01\/Youtube-iMGL-video-1024x576.png 1024w, https:\/\/sites.uef.fi\/tarja-malm-group\/wp-content\/uploads\/sites\/202\/2025\/01\/Youtube-iMGL-video-768x432.png 768w, https:\/\/sites.uef.fi\/tarja-malm-group\/wp-content\/uploads\/sites\/202\/2025\/01\/Youtube-iMGL-video-1536x864.png 1536w, https:\/\/sites.uef.fi\/tarja-malm-group\/wp-content\/uploads\/sites\/202\/2025\/01\/Youtube-iMGL-video-992x558.png 992w\" sizes=\"auto, (max-width: 1920px) 100vw, 1920px\" \/><\/a><p id=\"caption-attachment-2072\" class=\"wp-caption-text\"><span style=\"color: #3366ff\">Protocol description start at 2:20.<\/span><\/p><\/div>\n<b><span lang=\"en-US\">Video produced and edited by<\/span><\/b><span lang=\"en-US\">:\u00a0<\/span><span lang=\"en-US\">Videopalvelu Merja Palm. <\/span><b><span lang=\"en-US\">Funded by:\u00a0<\/span><\/b><span lang=\"en-US\">\u00a0<\/span><span lang=\"en-US\">Network of European Neuroscience Schools (NENS), <\/span><span style=\"font-size: revert;color: initial\">University of Eastern Finland, the Faculty of Health Sciences.<\/span><\/div>\n<div>\n<div><b>Special thanks: <\/b>Neuroinflammation research group lead by Tarja Malm, <span style=\"font-size: revert;color: initial\">Molecular Neurodegeneration group lead by Annakaisa Haapasalo. <\/span><span style=\"font-size: revert;color: initial\">Part of the work was carried out with the support of UEF Cell and Tissue Imaging Unit, University of Eastern Finland, Biocenter Kuopio and Biocenter Finland.<\/span><\/div>\n<div>\u00a0<\/div>\n<div>\n<div><b>Publication:<\/b><\/div>\n<p>Konttinen H, Cabral-da-Silva MEC, Ohtonen S, Wojciechowski S, Shakirzyanova A, Caligola S, Giugno R, Ishchenko Y, Hern\u00e1ndez D, Fazaludeen MF, Eamen S, Budia MG, Fagerlund I, Scoyni F, Korhonen P, Huber N, Haapasalo A, Hewitt AW, Vickers J, Smith GC, Oksanen M, Graff C, Kanninen KM, Lehtonen S, Propson N, Schwartz MP, P\u00e9bay A, Koistinaho J, Ooi L, Malm T. <strong>PSEN1\u0394E9, APPswe, and APOE4 Confer Disparate Phenotypes in Human iPSC-Derived Microglia. <\/strong>Stem Cell Reports. 2019 Oct 8;13(4):669-683. <a href=\"https:\/\/www.sciencedirect.com\/science\/article\/pii\/S221367111930298X?via%3Dihub\" target=\"_blank\" rel=\"noopener\">doi: 10.1016\/j.stemcr.2019.08.004.<\/a> <a href=\"https:\/\/www.ncbi.nlm.nih.gov\/pmc\/articles\/PMC6829767\/\" target=\"_blank\" rel=\"noopener\">Epub 2019 Sep 12. PMID: 31522977; PMCID: PMC6829767.<\/a><\/p>\n<\/div>\n<\/div>\n\n\n<p><\/p>\n","protected":false},"excerpt":{"rendered":"<p>NENS Cluster videos on glia and inflammation FENS is the voice of European neuroscience 21,000 neuroscientists, 44 member societies, 33 European countries. Click here for more information Astrocytes and microglia in neuroinflammation\u00a0 Glia and inflammation in Amyotrophic lateral sclerosis. Astrogliosis. Microglial phenotypes. Interaction of microglia and astrocytes with neurons. BBB breach and the role of [&hellip;]<\/p>\n","protected":false},"author":326,"featured_media":0,"parent":0,"menu_order":0,"comment_status":"closed","ping_status":"closed","template":"","meta":{"_acf_changed":false,"_monsterinsights_skip_tracking":false,"_monsterinsights_sitenote_active":false,"_monsterinsights_sitenote_note":"","_monsterinsights_sitenote_category":0,"footnotes":""},"class_list":["post-1058","page","type-page","status-publish","hentry"],"acf":[],"yoast_head":"<!-- This site is optimized with the Yoast SEO plugin v27.1.1 - https:\/\/yoast.com\/product\/yoast-seo-wordpress\/ -->\n<title>EDUCATIONAL MATERIAL - Neuroinflammation Research Group<\/title>\n<meta name=\"robots\" content=\"index, follow, max-snippet:-1, max-image-preview:large, max-video-preview:-1\" \/>\n<link rel=\"canonical\" href=\"https:\/\/sites.uef.fi\/tarja-malm-group\/educational-material\/\" \/>\n<meta property=\"og:locale\" content=\"en_US\" \/>\n<meta property=\"og:type\" content=\"article\" \/>\n<meta property=\"og:title\" content=\"EDUCATIONAL MATERIAL - Neuroinflammation Research Group\" \/>\n<meta property=\"og:description\" content=\"NENS Cluster videos on glia and inflammation FENS is the voice of European neuroscience 21,000 neuroscientists, 44 member societies, 33 European countries. Click here for more information Astrocytes and microglia in neuroinflammation\u00a0 Glia and inflammation in Amyotrophic lateral sclerosis. Astrogliosis. Microglial phenotypes. Interaction of microglia and astrocytes with neurons. BBB breach and the role of [&hellip;]\" \/>\n<meta property=\"og:url\" content=\"https:\/\/sites.uef.fi\/tarja-malm-group\/educational-material\/\" \/>\n<meta property=\"og:site_name\" content=\"Neuroinflammation Research Group\" \/>\n<meta property=\"article:modified_time\" content=\"2025-01-18T09:49:00+00:00\" \/>\n<meta property=\"og:image\" content=\"https:\/\/sites.uef.fi\/tarja-malm-group\/wp-content\/uploads\/sites\/202\/2022\/06\/Capture3.jpg\" \/>\n\t<meta property=\"og:image:width\" content=\"1279\" \/>\n\t<meta property=\"og:image:height\" content=\"663\" \/>\n\t<meta property=\"og:image:type\" content=\"image\/jpeg\" \/>\n<meta name=\"twitter:card\" content=\"summary_large_image\" \/>\n<meta name=\"twitter:label1\" content=\"Est. reading time\" \/>\n\t<meta name=\"twitter:data1\" content=\"4 minutes\" \/>\n<script type=\"application\/ld+json\" class=\"yoast-schema-graph\">{\"@context\":\"https:\/\/schema.org\",\"@graph\":[{\"@type\":\"WebPage\",\"@id\":\"https:\/\/sites.uef.fi\/tarja-malm-group\/educational-material\/\",\"url\":\"https:\/\/sites.uef.fi\/tarja-malm-group\/educational-material\/\",\"name\":\"EDUCATIONAL MATERIAL - Neuroinflammation Research Group\",\"isPartOf\":{\"@id\":\"https:\/\/sites.uef.fi\/tarja-malm-group\/#website\"},\"primaryImageOfPage\":{\"@id\":\"https:\/\/sites.uef.fi\/tarja-malm-group\/educational-material\/#primaryimage\"},\"image\":{\"@id\":\"https:\/\/sites.uef.fi\/tarja-malm-group\/educational-material\/#primaryimage\"},\"thumbnailUrl\":\"https:\/\/sites.uef.fi\/tarja-malm-group\/wp-content\/uploads\/sites\/202\/2022\/06\/Capture3.jpg\",\"datePublished\":\"2022-06-10T13:38:08+00:00\",\"dateModified\":\"2025-01-18T09:49:00+00:00\",\"breadcrumb\":{\"@id\":\"https:\/\/sites.uef.fi\/tarja-malm-group\/educational-material\/#breadcrumb\"},\"inLanguage\":\"en-US\",\"potentialAction\":[{\"@type\":\"ReadAction\",\"target\":[\"https:\/\/sites.uef.fi\/tarja-malm-group\/educational-material\/\"]}]},{\"@type\":\"ImageObject\",\"inLanguage\":\"en-US\",\"@id\":\"https:\/\/sites.uef.fi\/tarja-malm-group\/educational-material\/#primaryimage\",\"url\":\"https:\/\/sites.uef.fi\/tarja-malm-group\/wp-content\/uploads\/sites\/202\/2022\/06\/Capture3.jpg\",\"contentUrl\":\"https:\/\/sites.uef.fi\/tarja-malm-group\/wp-content\/uploads\/sites\/202\/2022\/06\/Capture3.jpg\",\"width\":1279,\"height\":663},{\"@type\":\"BreadcrumbList\",\"@id\":\"https:\/\/sites.uef.fi\/tarja-malm-group\/educational-material\/#breadcrumb\",\"itemListElement\":[{\"@type\":\"ListItem\",\"position\":1,\"name\":\"Home\",\"item\":\"https:\/\/sites.uef.fi\/tarja-malm-group\/\"},{\"@type\":\"ListItem\",\"position\":2,\"name\":\"EDUCATIONAL MATERIAL\"}]},{\"@type\":\"WebSite\",\"@id\":\"https:\/\/sites.uef.fi\/tarja-malm-group\/#website\",\"url\":\"https:\/\/sites.uef.fi\/tarja-malm-group\/\",\"name\":\"Neuroinflammation Research Group\",\"description\":\"\",\"potentialAction\":[{\"@type\":\"SearchAction\",\"target\":{\"@type\":\"EntryPoint\",\"urlTemplate\":\"https:\/\/sites.uef.fi\/tarja-malm-group\/?s={search_term_string}\"},\"query-input\":{\"@type\":\"PropertyValueSpecification\",\"valueRequired\":true,\"valueName\":\"search_term_string\"}}],\"inLanguage\":\"en-US\"}]}<\/script>\n<!-- \/ Yoast SEO plugin. -->","yoast_head_json":{"title":"EDUCATIONAL MATERIAL - Neuroinflammation Research Group","robots":{"index":"index","follow":"follow","max-snippet":"max-snippet:-1","max-image-preview":"max-image-preview:large","max-video-preview":"max-video-preview:-1"},"canonical":"https:\/\/sites.uef.fi\/tarja-malm-group\/educational-material\/","og_locale":"en_US","og_type":"article","og_title":"EDUCATIONAL MATERIAL - Neuroinflammation Research Group","og_description":"NENS Cluster videos on glia and inflammation FENS is the voice of European neuroscience 21,000 neuroscientists, 44 member societies, 33 European countries. Click here for more information Astrocytes and microglia in neuroinflammation\u00a0 Glia and inflammation in Amyotrophic lateral sclerosis. Astrogliosis. Microglial phenotypes. Interaction of microglia and astrocytes with neurons. BBB breach and the role of [&hellip;]","og_url":"https:\/\/sites.uef.fi\/tarja-malm-group\/educational-material\/","og_site_name":"Neuroinflammation Research Group","article_modified_time":"2025-01-18T09:49:00+00:00","og_image":[{"width":1279,"height":663,"url":"https:\/\/sites.uef.fi\/tarja-malm-group\/wp-content\/uploads\/sites\/202\/2022\/06\/Capture3.jpg","type":"image\/jpeg"}],"twitter_card":"summary_large_image","twitter_misc":{"Est. reading time":"4 minutes"},"schema":{"@context":"https:\/\/schema.org","@graph":[{"@type":"WebPage","@id":"https:\/\/sites.uef.fi\/tarja-malm-group\/educational-material\/","url":"https:\/\/sites.uef.fi\/tarja-malm-group\/educational-material\/","name":"EDUCATIONAL MATERIAL - Neuroinflammation Research Group","isPartOf":{"@id":"https:\/\/sites.uef.fi\/tarja-malm-group\/#website"},"primaryImageOfPage":{"@id":"https:\/\/sites.uef.fi\/tarja-malm-group\/educational-material\/#primaryimage"},"image":{"@id":"https:\/\/sites.uef.fi\/tarja-malm-group\/educational-material\/#primaryimage"},"thumbnailUrl":"https:\/\/sites.uef.fi\/tarja-malm-group\/wp-content\/uploads\/sites\/202\/2022\/06\/Capture3.jpg","datePublished":"2022-06-10T13:38:08+00:00","dateModified":"2025-01-18T09:49:00+00:00","breadcrumb":{"@id":"https:\/\/sites.uef.fi\/tarja-malm-group\/educational-material\/#breadcrumb"},"inLanguage":"en-US","potentialAction":[{"@type":"ReadAction","target":["https:\/\/sites.uef.fi\/tarja-malm-group\/educational-material\/"]}]},{"@type":"ImageObject","inLanguage":"en-US","@id":"https:\/\/sites.uef.fi\/tarja-malm-group\/educational-material\/#primaryimage","url":"https:\/\/sites.uef.fi\/tarja-malm-group\/wp-content\/uploads\/sites\/202\/2022\/06\/Capture3.jpg","contentUrl":"https:\/\/sites.uef.fi\/tarja-malm-group\/wp-content\/uploads\/sites\/202\/2022\/06\/Capture3.jpg","width":1279,"height":663},{"@type":"BreadcrumbList","@id":"https:\/\/sites.uef.fi\/tarja-malm-group\/educational-material\/#breadcrumb","itemListElement":[{"@type":"ListItem","position":1,"name":"Home","item":"https:\/\/sites.uef.fi\/tarja-malm-group\/"},{"@type":"ListItem","position":2,"name":"EDUCATIONAL MATERIAL"}]},{"@type":"WebSite","@id":"https:\/\/sites.uef.fi\/tarja-malm-group\/#website","url":"https:\/\/sites.uef.fi\/tarja-malm-group\/","name":"Neuroinflammation Research Group","description":"","potentialAction":[{"@type":"SearchAction","target":{"@type":"EntryPoint","urlTemplate":"https:\/\/sites.uef.fi\/tarja-malm-group\/?s={search_term_string}"},"query-input":{"@type":"PropertyValueSpecification","valueRequired":true,"valueName":"search_term_string"}}],"inLanguage":"en-US"}]}},"_links":{"self":[{"href":"https:\/\/sites.uef.fi\/tarja-malm-group\/wp-json\/wp\/v2\/pages\/1058","targetHints":{"allow":["GET"]}}],"collection":[{"href":"https:\/\/sites.uef.fi\/tarja-malm-group\/wp-json\/wp\/v2\/pages"}],"about":[{"href":"https:\/\/sites.uef.fi\/tarja-malm-group\/wp-json\/wp\/v2\/types\/page"}],"author":[{"embeddable":true,"href":"https:\/\/sites.uef.fi\/tarja-malm-group\/wp-json\/wp\/v2\/users\/326"}],"replies":[{"embeddable":true,"href":"https:\/\/sites.uef.fi\/tarja-malm-group\/wp-json\/wp\/v2\/comments?post=1058"}],"version-history":[{"count":2,"href":"https:\/\/sites.uef.fi\/tarja-malm-group\/wp-json\/wp\/v2\/pages\/1058\/revisions"}],"predecessor-version":[{"id":2100,"href":"https:\/\/sites.uef.fi\/tarja-malm-group\/wp-json\/wp\/v2\/pages\/1058\/revisions\/2100"}],"wp:attachment":[{"href":"https:\/\/sites.uef.fi\/tarja-malm-group\/wp-json\/wp\/v2\/media?parent=1058"}],"curies":[{"name":"wp","href":"https:\/\/api.w.org\/{rel}","templated":true}]}}