{"id":11,"date":"2022-10-31T09:13:26","date_gmt":"2022-10-31T09:13:26","guid":{"rendered":"https:\/\/sites.uef.fi\/tehekop\/?page_id=11"},"modified":"2026-03-12T10:56:50","modified_gmt":"2026-03-12T08:56:50","slug":"etusivu","status":"publish","type":"page","link":"https:\/\/sites.uef.fi\/tehekop\/","title":{"rendered":"Etusivu"},"content":{"rendered":"\n<p><strong>Tehostettu henkil\u00f6kohtainen oppilaanohjaus \u2013 ty\u00f6prosessit, kohtaamiset ja oppilaan toimijuus (TEHEKOP), OKM 1.1.2023-31.8.2026<\/strong><\/p>\n\n\n\n<p><\/p>\n\n\n\n<p><strong>Tervetuloa hankkeen sivuille!<\/strong><\/p>\n\n\n\n<p>Hankkeessa tutkitaan tehostettua henkil\u00f6kohtaista oppilaanohjausta nuorten el\u00e4m\u00e4ss\u00e4 toteutuvina prosesseina ja merkityksin\u00e4 sek\u00e4 opinto-ohjauksen ja kouluyhteis\u00f6n yhteisin\u00e4 ty\u00f6prosesseina ja toimintatapoina<\/p>\n\n\n\n<p>P\u00e4\u00e4m\u00e4\u00e4r\u00e4n\u00e4 on hahmottaa tehostetun henkil\u00f6kohtaisen oppilaanohjauksen edellytyksi\u00e4 nuorten toimijuuden tukemiseen toiselle asteelle siirtymisen suunnanotoissa sek\u00e4 mahdollisuuksia edist\u00e4\u00e4 yhdenvertaisuutta<\/p>\n\n\n\n<p>\u2022Laadullinen monimenetelm\u00e4inen tutkimus usealla kohdekoululla, teoreettisena viitekehyksen\u00e4 sosiologiset uraohjauksen ja suunnanoton j\u00e4sennykset, toiminnanteoria, keskusteluanalyysi<\/p>\n\n\n\n<p>\u2022Hy\u00f6dynnet\u00e4\u00e4n etnografiaa, jonka avulla seurataan TEHOssa mukana olevien oppilaiden prosessia heid\u00e4n merkityksellist\u00e4m\u00e4n\u00e4\u00e4n<\/p>\n\n\n\n<p>\u2022Ker\u00e4t\u00e4\u00e4n monipuolista haastatteluaineistoa jonka avulla hahmotetaan TEHOa kouluyhteis\u00f6n ty\u00f6n\u00e4<\/p>\n\n\n\n<p>\u2022Ker\u00e4t\u00e4\u00e4n videoaineistoa, jonka avulla luodaan perustavaa kuvaa opinto-ohjauksen ja TEHOn vuorovaikutusk\u00e4yt\u00e4nn\u00f6ist\u00e4<\/p>\n\n\n\n<p><\/p>\n\n\n\n<p><strong>Tiimi:<\/strong><\/p>\n\n\n\n<p><strong>UEF Ohjauksen koulutus<\/strong>:<\/p>\n\n\n\n<p>Hankkeen vastuullinen johtaja, vanhempi yliopistonlehtori Ansku Souto, <a href=\"anne-mari.souto@uef.fi\">anne-mari.souto@uef.fi<\/a><\/p>\n\n\n\n<p>Professori Sanna Vehvil\u00e4inen, <a href=\"sanna.vehvilainen@uef.fi\">sanna.vehvilainen@uef.fi<\/a><\/p>\n\n\n\n<p>Projektitutkija Hanna Lonka,  <a href=\"mailto:hanna.lonka@uef.fi\">hanna.lonka@uef.fi<\/a><\/p>\n\n\n\n<p>Yliopistotutkija Liisa Voutilainen, <a href=\"mailto:liisa.voutilainen@uef.fi\">liisa.voutilainen@uef.fi<\/a> <\/p>\n\n\n\n<p><strong>Hankkeen pro gradu -tutkielmat:<\/strong><\/p>\n\n\n\n<p>Jenna Laitila, Enja Mikkonen, Joonas M\u00e4kel\u00e4, Kerttu Forsstr\u00f6m, Otto Gao, Miia Kukkonen, Liisa Kuukasj\u00e4rvi, Iisa Pantsari, Henrika Peltomaa (Ohjauksen koulutus); Else Aalto (Erityispedagogiikka)<\/p>\n\n\n\n<p><\/p>\n","protected":false},"excerpt":{"rendered":"<p>Tehostettu henkil\u00f6kohtainen oppilaanohjaus \u2013 ty\u00f6prosessit, kohtaamiset ja oppilaan toimijuus (TEHEKOP), OKM 1.1.2023-31.8.2026 Tervetuloa hankkeen sivuille! Hankkeessa tutkitaan tehostettua henkil\u00f6kohtaista oppilaanohjausta nuorten el\u00e4m\u00e4ss\u00e4 toteutuvina prosesseina ja merkityksin\u00e4 sek\u00e4 opinto-ohjauksen ja kouluyhteis\u00f6n yhteisin\u00e4 ty\u00f6prosesseina ja toimintatapoina P\u00e4\u00e4m\u00e4\u00e4r\u00e4n\u00e4 on hahmottaa tehostetun henkil\u00f6kohtaisen oppilaanohjauksen edellytyksi\u00e4 nuorten toimijuuden tukemiseen toiselle asteelle siirtymisen suunnanotoissa sek\u00e4 mahdollisuuksia edist\u00e4\u00e4 yhdenvertaisuutta \u2022Laadullinen monimenetelm\u00e4inen tutkimus [&hellip;]<\/p>\n","protected":false},"author":2,"featured_media":0,"parent":0,"menu_order":0,"comment_status":"closed","ping_status":"closed","template":"","meta":{"_acf_changed":false,"footnotes":""},"class_list":["post-11","page","type-page","status-publish","hentry"],"acf":[],"yoast_head":"<!-- This site is optimized with the Yoast SEO plugin v27.3 - https:\/\/yoast.com\/product\/yoast-seo-wordpress\/ -->\n<title>Etusivu - Tehostettu henkil\u00f6kohtainen oppilaanohjaus \u2013 ty\u00f6prosessit, kohtaamiset ja oppilaan toimijuus (TEHEKOP)<\/title>\n<meta name=\"robots\" content=\"index, follow, max-snippet:-1, max-image-preview:large, max-video-preview:-1\" \/>\n<link rel=\"canonical\" href=\"https:\/\/sites.uef.fi\/tehekop\/\" \/>\n<meta property=\"og:locale\" content=\"fi_FI\" \/>\n<meta property=\"og:type\" content=\"article\" \/>\n<meta property=\"og:title\" content=\"Etusivu - Tehostettu henkil\u00f6kohtainen oppilaanohjaus \u2013 ty\u00f6prosessit, kohtaamiset ja oppilaan toimijuus (TEHEKOP)\" \/>\n<meta property=\"og:description\" content=\"Tehostettu henkil\u00f6kohtainen oppilaanohjaus \u2013 ty\u00f6prosessit, kohtaamiset ja oppilaan toimijuus (TEHEKOP), OKM 1.1.2023-31.8.2026 Tervetuloa hankkeen sivuille! Hankkeessa tutkitaan tehostettua henkil\u00f6kohtaista oppilaanohjausta nuorten el\u00e4m\u00e4ss\u00e4 toteutuvina prosesseina ja merkityksin\u00e4 sek\u00e4 opinto-ohjauksen ja kouluyhteis\u00f6n yhteisin\u00e4 ty\u00f6prosesseina ja toimintatapoina P\u00e4\u00e4m\u00e4\u00e4r\u00e4n\u00e4 on hahmottaa tehostetun henkil\u00f6kohtaisen oppilaanohjauksen edellytyksi\u00e4 nuorten toimijuuden tukemiseen toiselle asteelle siirtymisen suunnanotoissa sek\u00e4 mahdollisuuksia edist\u00e4\u00e4 yhdenvertaisuutta \u2022Laadullinen monimenetelm\u00e4inen tutkimus [&hellip;]\" \/>\n<meta property=\"og:url\" content=\"https:\/\/sites.uef.fi\/tehekop\/\" \/>\n<meta property=\"og:site_name\" content=\"Tehostettu henkil\u00f6kohtainen oppilaanohjaus \u2013 ty\u00f6prosessit, kohtaamiset ja oppilaan toimijuus (TEHEKOP)\" \/>\n<meta property=\"article:modified_time\" content=\"2026-03-12T08:56:50+00:00\" \/>\n<meta name=\"twitter:card\" content=\"summary_large_image\" \/>\n<meta name=\"twitter:label1\" content=\"Arvioitu lukuaika\" \/>\n\t<meta name=\"twitter:data1\" content=\"1 minuutti\" \/>\n<script type=\"application\/ld+json\" class=\"yoast-schema-graph\">{\"@context\":\"https:\\\/\\\/schema.org\",\"@graph\":[{\"@type\":\"WebPage\",\"@id\":\"https:\\\/\\\/sites.uef.fi\\\/tehekop\\\/\",\"url\":\"https:\\\/\\\/sites.uef.fi\\\/tehekop\\\/\",\"name\":\"Etusivu - Tehostettu henkil\u00f6kohtainen oppilaanohjaus \u2013 ty\u00f6prosessit, kohtaamiset ja oppilaan toimijuus (TEHEKOP)\",\"isPartOf\":{\"@id\":\"https:\\\/\\\/sites.uef.fi\\\/tehekop\\\/#website\"},\"datePublished\":\"2022-10-31T09:13:26+00:00\",\"dateModified\":\"2026-03-12T08:56:50+00:00\",\"breadcrumb\":{\"@id\":\"https:\\\/\\\/sites.uef.fi\\\/tehekop\\\/#breadcrumb\"},\"inLanguage\":\"fi\",\"potentialAction\":[{\"@type\":\"ReadAction\",\"target\":[\"https:\\\/\\\/sites.uef.fi\\\/tehekop\\\/\"]}]},{\"@type\":\"BreadcrumbList\",\"@id\":\"https:\\\/\\\/sites.uef.fi\\\/tehekop\\\/#breadcrumb\",\"itemListElement\":[{\"@type\":\"ListItem\",\"position\":1,\"name\":\"Home\",\"item\":\"https:\\\/\\\/sites.uef.fi\\\/tehekop\\\/\"},{\"@type\":\"ListItem\",\"position\":2,\"name\":\"Etusivu\"}]},{\"@type\":\"WebSite\",\"@id\":\"https:\\\/\\\/sites.uef.fi\\\/tehekop\\\/#website\",\"url\":\"https:\\\/\\\/sites.uef.fi\\\/tehekop\\\/\",\"name\":\"Tehostettu henkil\u00f6kohtainen oppilaanohjaus \u2013 ty\u00f6prosessit, kohtaamiset ja oppilaan toimijuus (TEHEKOP)\",\"description\":\"\",\"publisher\":{\"@id\":\"https:\\\/\\\/sites.uef.fi\\\/tehekop\\\/#organization\"},\"potentialAction\":[{\"@type\":\"SearchAction\",\"target\":{\"@type\":\"EntryPoint\",\"urlTemplate\":\"https:\\\/\\\/sites.uef.fi\\\/tehekop\\\/?s={search_term_string}\"},\"query-input\":{\"@type\":\"PropertyValueSpecification\",\"valueRequired\":true,\"valueName\":\"search_term_string\"}}],\"inLanguage\":\"fi\"},{\"@type\":\"Organization\",\"@id\":\"https:\\\/\\\/sites.uef.fi\\\/tehekop\\\/#organization\",\"name\":\"Tehostettu henkil\u00f6kohtainen oppilaanohjaus \u2013 ty\u00f6prosessit, kohtaamiset ja oppilaan toimijuus (TEHEKOP)\",\"url\":\"https:\\\/\\\/sites.uef.fi\\\/tehekop\\\/\",\"logo\":{\"@type\":\"ImageObject\",\"inLanguage\":\"fi\",\"@id\":\"https:\\\/\\\/sites.uef.fi\\\/tehekop\\\/#\\\/schema\\\/logo\\\/image\\\/\",\"url\":\"https:\\\/\\\/sites.uef.fi\\\/tehekop\\\/wp-content\\\/uploads\\\/sites\\\/398\\\/2022\\\/10\\\/cropped-UEF_wordpress_white.png\",\"contentUrl\":\"https:\\\/\\\/sites.uef.fi\\\/tehekop\\\/wp-content\\\/uploads\\\/sites\\\/398\\\/2022\\\/10\\\/cropped-UEF_wordpress_white.png\",\"width\":250,\"height\":250,\"caption\":\"Tehostettu henkil\u00f6kohtainen oppilaanohjaus \u2013 ty\u00f6prosessit, kohtaamiset ja oppilaan toimijuus (TEHEKOP)\"},\"image\":{\"@id\":\"https:\\\/\\\/sites.uef.fi\\\/tehekop\\\/#\\\/schema\\\/logo\\\/image\\\/\"}}]}<\/script>\n<!-- \/ Yoast SEO plugin. -->","yoast_head_json":{"title":"Etusivu - Tehostettu henkil\u00f6kohtainen oppilaanohjaus \u2013 ty\u00f6prosessit, kohtaamiset ja oppilaan toimijuus (TEHEKOP)","robots":{"index":"index","follow":"follow","max-snippet":"max-snippet:-1","max-image-preview":"max-image-preview:large","max-video-preview":"max-video-preview:-1"},"canonical":"https:\/\/sites.uef.fi\/tehekop\/","og_locale":"fi_FI","og_type":"article","og_title":"Etusivu - Tehostettu henkil\u00f6kohtainen oppilaanohjaus \u2013 ty\u00f6prosessit, kohtaamiset ja oppilaan toimijuus (TEHEKOP)","og_description":"Tehostettu henkil\u00f6kohtainen oppilaanohjaus \u2013 ty\u00f6prosessit, kohtaamiset ja oppilaan toimijuus (TEHEKOP), OKM 1.1.2023-31.8.2026 Tervetuloa hankkeen sivuille! Hankkeessa tutkitaan tehostettua henkil\u00f6kohtaista oppilaanohjausta nuorten el\u00e4m\u00e4ss\u00e4 toteutuvina prosesseina ja merkityksin\u00e4 sek\u00e4 opinto-ohjauksen ja kouluyhteis\u00f6n yhteisin\u00e4 ty\u00f6prosesseina ja toimintatapoina P\u00e4\u00e4m\u00e4\u00e4r\u00e4n\u00e4 on hahmottaa tehostetun henkil\u00f6kohtaisen oppilaanohjauksen edellytyksi\u00e4 nuorten toimijuuden tukemiseen toiselle asteelle siirtymisen suunnanotoissa sek\u00e4 mahdollisuuksia edist\u00e4\u00e4 yhdenvertaisuutta \u2022Laadullinen monimenetelm\u00e4inen tutkimus [&hellip;]","og_url":"https:\/\/sites.uef.fi\/tehekop\/","og_site_name":"Tehostettu henkil\u00f6kohtainen oppilaanohjaus \u2013 ty\u00f6prosessit, kohtaamiset ja oppilaan toimijuus (TEHEKOP)","article_modified_time":"2026-03-12T08:56:50+00:00","twitter_card":"summary_large_image","twitter_misc":{"Arvioitu lukuaika":"1 minuutti"},"schema":{"@context":"https:\/\/schema.org","@graph":[{"@type":"WebPage","@id":"https:\/\/sites.uef.fi\/tehekop\/","url":"https:\/\/sites.uef.fi\/tehekop\/","name":"Etusivu - Tehostettu henkil\u00f6kohtainen oppilaanohjaus \u2013 ty\u00f6prosessit, kohtaamiset ja oppilaan toimijuus (TEHEKOP)","isPartOf":{"@id":"https:\/\/sites.uef.fi\/tehekop\/#website"},"datePublished":"2022-10-31T09:13:26+00:00","dateModified":"2026-03-12T08:56:50+00:00","breadcrumb":{"@id":"https:\/\/sites.uef.fi\/tehekop\/#breadcrumb"},"inLanguage":"fi","potentialAction":[{"@type":"ReadAction","target":["https:\/\/sites.uef.fi\/tehekop\/"]}]},{"@type":"BreadcrumbList","@id":"https:\/\/sites.uef.fi\/tehekop\/#breadcrumb","itemListElement":[{"@type":"ListItem","position":1,"name":"Home","item":"https:\/\/sites.uef.fi\/tehekop\/"},{"@type":"ListItem","position":2,"name":"Etusivu"}]},{"@type":"WebSite","@id":"https:\/\/sites.uef.fi\/tehekop\/#website","url":"https:\/\/sites.uef.fi\/tehekop\/","name":"Tehostettu henkil\u00f6kohtainen oppilaanohjaus \u2013 ty\u00f6prosessit, kohtaamiset ja oppilaan toimijuus (TEHEKOP)","description":"","publisher":{"@id":"https:\/\/sites.uef.fi\/tehekop\/#organization"},"potentialAction":[{"@type":"SearchAction","target":{"@type":"EntryPoint","urlTemplate":"https:\/\/sites.uef.fi\/tehekop\/?s={search_term_string}"},"query-input":{"@type":"PropertyValueSpecification","valueRequired":true,"valueName":"search_term_string"}}],"inLanguage":"fi"},{"@type":"Organization","@id":"https:\/\/sites.uef.fi\/tehekop\/#organization","name":"Tehostettu henkil\u00f6kohtainen oppilaanohjaus \u2013 ty\u00f6prosessit, kohtaamiset ja oppilaan toimijuus (TEHEKOP)","url":"https:\/\/sites.uef.fi\/tehekop\/","logo":{"@type":"ImageObject","inLanguage":"fi","@id":"https:\/\/sites.uef.fi\/tehekop\/#\/schema\/logo\/image\/","url":"https:\/\/sites.uef.fi\/tehekop\/wp-content\/uploads\/sites\/398\/2022\/10\/cropped-UEF_wordpress_white.png","contentUrl":"https:\/\/sites.uef.fi\/tehekop\/wp-content\/uploads\/sites\/398\/2022\/10\/cropped-UEF_wordpress_white.png","width":250,"height":250,"caption":"Tehostettu henkil\u00f6kohtainen oppilaanohjaus \u2013 ty\u00f6prosessit, kohtaamiset ja oppilaan toimijuus (TEHEKOP)"},"image":{"@id":"https:\/\/sites.uef.fi\/tehekop\/#\/schema\/logo\/image\/"}}]}},"_links":{"self":[{"href":"https:\/\/sites.uef.fi\/tehekop\/wp-json\/wp\/v2\/pages\/11","targetHints":{"allow":["GET"]}}],"collection":[{"href":"https:\/\/sites.uef.fi\/tehekop\/wp-json\/wp\/v2\/pages"}],"about":[{"href":"https:\/\/sites.uef.fi\/tehekop\/wp-json\/wp\/v2\/types\/page"}],"author":[{"embeddable":true,"href":"https:\/\/sites.uef.fi\/tehekop\/wp-json\/wp\/v2\/users\/2"}],"replies":[{"embeddable":true,"href":"https:\/\/sites.uef.fi\/tehekop\/wp-json\/wp\/v2\/comments?post=11"}],"version-history":[{"count":2,"href":"https:\/\/sites.uef.fi\/tehekop\/wp-json\/wp\/v2\/pages\/11\/revisions"}],"predecessor-version":[{"id":448,"href":"https:\/\/sites.uef.fi\/tehekop\/wp-json\/wp\/v2\/pages\/11\/revisions\/448"}],"wp:attachment":[{"href":"https:\/\/sites.uef.fi\/tehekop\/wp-json\/wp\/v2\/media?parent=11"}],"curies":[{"name":"wp","href":"https:\/\/api.w.org\/{rel}","templated":true}]}}