{"id":63,"date":"2022-11-14T19:59:19","date_gmt":"2022-11-14T17:59:19","guid":{"rendered":"https:\/\/sites.uef.fi\/tehekop\/?page_id=63"},"modified":"2023-02-03T14:03:38","modified_gmt":"2023-02-03T12:03:38","slug":"tutkimusinfo","status":"publish","type":"page","link":"https:\/\/sites.uef.fi\/tehekop\/tutkimusinfo\/","title":{"rendered":"Tutkimusinfo"},"content":{"rendered":"\n<p>Tutkimuksessamme ker\u00e4t\u00e4\u00e4n aineistoa sek\u00e4 nuorilta, vanhemmilta, opoilta ett\u00e4 muilta toimijoilta. Sen vuoksi infomateriaalia on monenlaista. Ohessa<\/p>\n\n\n\n<p>TIEDOTE OPPILAALLE<\/p>\n\n\n\n<div data-wp-interactive=\"core\/file\" class=\"wp-block-file\"><object data-wp-bind--hidden=\"!state.hasPdfPreview\" hidden class=\"wp-block-file__embed\" data=\"https:\/\/sites.uef.fi\/tehekop\/wp-content\/uploads\/sites\/398\/2023\/02\/Liite-3-Tiedote-tutkimuksesta-oppilaalle.pdf\" type=\"application\/pdf\" style=\"width:100%;height:600px\" aria-label=\"Tiedoston Liite-3-Tiedote-tutkimuksesta-oppilaalle upotus.\"><\/object><a id=\"wp-block-file--media-4564a7d3-5abf-477e-bd70-9dfea6e4cce2\" href=\"https:\/\/sites.uef.fi\/tehekop\/wp-content\/uploads\/sites\/398\/2023\/02\/Liite-3-Tiedote-tutkimuksesta-oppilaalle.pdf\">Liite-3-Tiedote-tutkimuksesta-oppilaalle<\/a><a href=\"https:\/\/sites.uef.fi\/tehekop\/wp-content\/uploads\/sites\/398\/2023\/02\/Liite-3-Tiedote-tutkimuksesta-oppilaalle.pdf\" class=\"wp-block-file__button wp-element-button\" download aria-describedby=\"wp-block-file--media-4564a7d3-5abf-477e-bd70-9dfea6e4cce2\">Lataa<\/a><\/div>\n\n\n\n<p><\/p>\n\n\n\n<p>TIEDOTE OPOILLE <\/p>\n\n\n\n<div data-wp-interactive=\"core\/file\" class=\"wp-block-file\"><object data-wp-bind--hidden=\"!state.hasPdfPreview\" hidden class=\"wp-block-file__embed\" data=\"https:\/\/sites.uef.fi\/tehekop\/wp-content\/uploads\/sites\/398\/2023\/02\/Liite-3-Tiedote-tutkimuksesta-oppilaanohjaajille.pdf\" type=\"application\/pdf\" style=\"width:100%;height:600px\" aria-label=\"Tiedoston Liite-3-Tiedote-tutkimuksesta-oppilaanohjaajille upotus.\"><\/object><a id=\"wp-block-file--media-8d7e0821-2b79-4e5c-9e88-7f8ceedb7a4b\" href=\"https:\/\/sites.uef.fi\/tehekop\/wp-content\/uploads\/sites\/398\/2023\/02\/Liite-3-Tiedote-tutkimuksesta-oppilaanohjaajille.pdf\">Liite-3-Tiedote-tutkimuksesta-oppilaanohjaajille<\/a><a href=\"https:\/\/sites.uef.fi\/tehekop\/wp-content\/uploads\/sites\/398\/2023\/02\/Liite-3-Tiedote-tutkimuksesta-oppilaanohjaajille.pdf\" class=\"wp-block-file__button wp-element-button\" download aria-describedby=\"wp-block-file--media-8d7e0821-2b79-4e5c-9e88-7f8ceedb7a4b\">Lataa<\/a><\/div>\n","protected":false},"excerpt":{"rendered":"<p>Tutkimuksessamme ker\u00e4t\u00e4\u00e4n aineistoa sek\u00e4 nuorilta, vanhemmilta, opoilta ett\u00e4 muilta toimijoilta. Sen vuoksi infomateriaalia on monenlaista. Ohessa TIEDOTE OPPILAALLE TIEDOTE OPOILLE<\/p>\n","protected":false},"author":700,"featured_media":0,"parent":0,"menu_order":0,"comment_status":"closed","ping_status":"closed","template":"","meta":{"_acf_changed":false,"footnotes":""},"class_list":["post-63","page","type-page","status-publish","hentry"],"acf":[],"yoast_head":"<!-- This site is optimized with the Yoast SEO plugin v27.3 - https:\/\/yoast.com\/product\/yoast-seo-wordpress\/ -->\n<title>Tutkimusinfo - Tehostettu henkil\u00f6kohtainen oppilaanohjaus \u2013 ty\u00f6prosessit, kohtaamiset ja oppilaan toimijuus (TEHEKOP)<\/title>\n<meta name=\"robots\" content=\"index, follow, max-snippet:-1, max-image-preview:large, max-video-preview:-1\" \/>\n<link rel=\"canonical\" href=\"https:\/\/sites.uef.fi\/tehekop\/tutkimusinfo\/\" \/>\n<meta property=\"og:locale\" content=\"fi_FI\" \/>\n<meta property=\"og:type\" content=\"article\" \/>\n<meta property=\"og:title\" content=\"Tutkimusinfo - Tehostettu henkil\u00f6kohtainen oppilaanohjaus \u2013 ty\u00f6prosessit, kohtaamiset ja oppilaan toimijuus (TEHEKOP)\" \/>\n<meta property=\"og:description\" content=\"Tutkimuksessamme ker\u00e4t\u00e4\u00e4n aineistoa sek\u00e4 nuorilta, vanhemmilta, opoilta ett\u00e4 muilta toimijoilta. Sen vuoksi infomateriaalia on monenlaista. Ohessa TIEDOTE OPPILAALLE TIEDOTE OPOILLE\" \/>\n<meta property=\"og:url\" content=\"https:\/\/sites.uef.fi\/tehekop\/tutkimusinfo\/\" \/>\n<meta property=\"og:site_name\" content=\"Tehostettu henkil\u00f6kohtainen oppilaanohjaus \u2013 ty\u00f6prosessit, kohtaamiset ja oppilaan toimijuus (TEHEKOP)\" \/>\n<meta property=\"article:modified_time\" content=\"2023-02-03T12:03:38+00:00\" \/>\n<meta name=\"twitter:card\" content=\"summary_large_image\" \/>\n<script type=\"application\/ld+json\" class=\"yoast-schema-graph\">{\"@context\":\"https:\\\/\\\/schema.org\",\"@graph\":[{\"@type\":\"WebPage\",\"@id\":\"https:\\\/\\\/sites.uef.fi\\\/tehekop\\\/tutkimusinfo\\\/\",\"url\":\"https:\\\/\\\/sites.uef.fi\\\/tehekop\\\/tutkimusinfo\\\/\",\"name\":\"Tutkimusinfo - Tehostettu henkil\u00f6kohtainen oppilaanohjaus \u2013 ty\u00f6prosessit, kohtaamiset ja oppilaan toimijuus (TEHEKOP)\",\"isPartOf\":{\"@id\":\"https:\\\/\\\/sites.uef.fi\\\/tehekop\\\/#website\"},\"datePublished\":\"2022-11-14T17:59:19+00:00\",\"dateModified\":\"2023-02-03T12:03:38+00:00\",\"breadcrumb\":{\"@id\":\"https:\\\/\\\/sites.uef.fi\\\/tehekop\\\/tutkimusinfo\\\/#breadcrumb\"},\"inLanguage\":\"fi\",\"potentialAction\":[{\"@type\":\"ReadAction\",\"target\":[\"https:\\\/\\\/sites.uef.fi\\\/tehekop\\\/tutkimusinfo\\\/\"]}]},{\"@type\":\"BreadcrumbList\",\"@id\":\"https:\\\/\\\/sites.uef.fi\\\/tehekop\\\/tutkimusinfo\\\/#breadcrumb\",\"itemListElement\":[{\"@type\":\"ListItem\",\"position\":1,\"name\":\"Home\",\"item\":\"https:\\\/\\\/sites.uef.fi\\\/tehekop\\\/\"},{\"@type\":\"ListItem\",\"position\":2,\"name\":\"Tutkimusinfo\"}]},{\"@type\":\"WebSite\",\"@id\":\"https:\\\/\\\/sites.uef.fi\\\/tehekop\\\/#website\",\"url\":\"https:\\\/\\\/sites.uef.fi\\\/tehekop\\\/\",\"name\":\"Tehostettu henkil\u00f6kohtainen oppilaanohjaus \u2013 ty\u00f6prosessit, kohtaamiset ja oppilaan toimijuus (TEHEKOP)\",\"description\":\"\",\"publisher\":{\"@id\":\"https:\\\/\\\/sites.uef.fi\\\/tehekop\\\/#organization\"},\"potentialAction\":[{\"@type\":\"SearchAction\",\"target\":{\"@type\":\"EntryPoint\",\"urlTemplate\":\"https:\\\/\\\/sites.uef.fi\\\/tehekop\\\/?s={search_term_string}\"},\"query-input\":{\"@type\":\"PropertyValueSpecification\",\"valueRequired\":true,\"valueName\":\"search_term_string\"}}],\"inLanguage\":\"fi\"},{\"@type\":\"Organization\",\"@id\":\"https:\\\/\\\/sites.uef.fi\\\/tehekop\\\/#organization\",\"name\":\"Tehostettu henkil\u00f6kohtainen oppilaanohjaus \u2013 ty\u00f6prosessit, kohtaamiset ja oppilaan toimijuus (TEHEKOP)\",\"url\":\"https:\\\/\\\/sites.uef.fi\\\/tehekop\\\/\",\"logo\":{\"@type\":\"ImageObject\",\"inLanguage\":\"fi\",\"@id\":\"https:\\\/\\\/sites.uef.fi\\\/tehekop\\\/#\\\/schema\\\/logo\\\/image\\\/\",\"url\":\"https:\\\/\\\/sites.uef.fi\\\/tehekop\\\/wp-content\\\/uploads\\\/sites\\\/398\\\/2022\\\/10\\\/cropped-UEF_wordpress_white.png\",\"contentUrl\":\"https:\\\/\\\/sites.uef.fi\\\/tehekop\\\/wp-content\\\/uploads\\\/sites\\\/398\\\/2022\\\/10\\\/cropped-UEF_wordpress_white.png\",\"width\":250,\"height\":250,\"caption\":\"Tehostettu henkil\u00f6kohtainen oppilaanohjaus \u2013 ty\u00f6prosessit, kohtaamiset ja oppilaan toimijuus (TEHEKOP)\"},\"image\":{\"@id\":\"https:\\\/\\\/sites.uef.fi\\\/tehekop\\\/#\\\/schema\\\/logo\\\/image\\\/\"}}]}<\/script>\n<!-- \/ Yoast SEO plugin. -->","yoast_head_json":{"title":"Tutkimusinfo - Tehostettu henkil\u00f6kohtainen oppilaanohjaus \u2013 ty\u00f6prosessit, kohtaamiset ja oppilaan toimijuus (TEHEKOP)","robots":{"index":"index","follow":"follow","max-snippet":"max-snippet:-1","max-image-preview":"max-image-preview:large","max-video-preview":"max-video-preview:-1"},"canonical":"https:\/\/sites.uef.fi\/tehekop\/tutkimusinfo\/","og_locale":"fi_FI","og_type":"article","og_title":"Tutkimusinfo - Tehostettu henkil\u00f6kohtainen oppilaanohjaus \u2013 ty\u00f6prosessit, kohtaamiset ja oppilaan toimijuus (TEHEKOP)","og_description":"Tutkimuksessamme ker\u00e4t\u00e4\u00e4n aineistoa sek\u00e4 nuorilta, vanhemmilta, opoilta ett\u00e4 muilta toimijoilta. Sen vuoksi infomateriaalia on monenlaista. Ohessa TIEDOTE OPPILAALLE TIEDOTE OPOILLE","og_url":"https:\/\/sites.uef.fi\/tehekop\/tutkimusinfo\/","og_site_name":"Tehostettu henkil\u00f6kohtainen oppilaanohjaus \u2013 ty\u00f6prosessit, kohtaamiset ja oppilaan toimijuus (TEHEKOP)","article_modified_time":"2023-02-03T12:03:38+00:00","twitter_card":"summary_large_image","schema":{"@context":"https:\/\/schema.org","@graph":[{"@type":"WebPage","@id":"https:\/\/sites.uef.fi\/tehekop\/tutkimusinfo\/","url":"https:\/\/sites.uef.fi\/tehekop\/tutkimusinfo\/","name":"Tutkimusinfo - Tehostettu henkil\u00f6kohtainen oppilaanohjaus \u2013 ty\u00f6prosessit, kohtaamiset ja oppilaan toimijuus (TEHEKOP)","isPartOf":{"@id":"https:\/\/sites.uef.fi\/tehekop\/#website"},"datePublished":"2022-11-14T17:59:19+00:00","dateModified":"2023-02-03T12:03:38+00:00","breadcrumb":{"@id":"https:\/\/sites.uef.fi\/tehekop\/tutkimusinfo\/#breadcrumb"},"inLanguage":"fi","potentialAction":[{"@type":"ReadAction","target":["https:\/\/sites.uef.fi\/tehekop\/tutkimusinfo\/"]}]},{"@type":"BreadcrumbList","@id":"https:\/\/sites.uef.fi\/tehekop\/tutkimusinfo\/#breadcrumb","itemListElement":[{"@type":"ListItem","position":1,"name":"Home","item":"https:\/\/sites.uef.fi\/tehekop\/"},{"@type":"ListItem","position":2,"name":"Tutkimusinfo"}]},{"@type":"WebSite","@id":"https:\/\/sites.uef.fi\/tehekop\/#website","url":"https:\/\/sites.uef.fi\/tehekop\/","name":"Tehostettu henkil\u00f6kohtainen oppilaanohjaus \u2013 ty\u00f6prosessit, kohtaamiset ja oppilaan toimijuus (TEHEKOP)","description":"","publisher":{"@id":"https:\/\/sites.uef.fi\/tehekop\/#organization"},"potentialAction":[{"@type":"SearchAction","target":{"@type":"EntryPoint","urlTemplate":"https:\/\/sites.uef.fi\/tehekop\/?s={search_term_string}"},"query-input":{"@type":"PropertyValueSpecification","valueRequired":true,"valueName":"search_term_string"}}],"inLanguage":"fi"},{"@type":"Organization","@id":"https:\/\/sites.uef.fi\/tehekop\/#organization","name":"Tehostettu henkil\u00f6kohtainen oppilaanohjaus \u2013 ty\u00f6prosessit, kohtaamiset ja oppilaan toimijuus (TEHEKOP)","url":"https:\/\/sites.uef.fi\/tehekop\/","logo":{"@type":"ImageObject","inLanguage":"fi","@id":"https:\/\/sites.uef.fi\/tehekop\/#\/schema\/logo\/image\/","url":"https:\/\/sites.uef.fi\/tehekop\/wp-content\/uploads\/sites\/398\/2022\/10\/cropped-UEF_wordpress_white.png","contentUrl":"https:\/\/sites.uef.fi\/tehekop\/wp-content\/uploads\/sites\/398\/2022\/10\/cropped-UEF_wordpress_white.png","width":250,"height":250,"caption":"Tehostettu henkil\u00f6kohtainen oppilaanohjaus \u2013 ty\u00f6prosessit, kohtaamiset ja oppilaan toimijuus (TEHEKOP)"},"image":{"@id":"https:\/\/sites.uef.fi\/tehekop\/#\/schema\/logo\/image\/"}}]}},"_links":{"self":[{"href":"https:\/\/sites.uef.fi\/tehekop\/wp-json\/wp\/v2\/pages\/63","targetHints":{"allow":["GET"]}}],"collection":[{"href":"https:\/\/sites.uef.fi\/tehekop\/wp-json\/wp\/v2\/pages"}],"about":[{"href":"https:\/\/sites.uef.fi\/tehekop\/wp-json\/wp\/v2\/types\/page"}],"author":[{"embeddable":true,"href":"https:\/\/sites.uef.fi\/tehekop\/wp-json\/wp\/v2\/users\/700"}],"replies":[{"embeddable":true,"href":"https:\/\/sites.uef.fi\/tehekop\/wp-json\/wp\/v2\/comments?post=63"}],"version-history":[{"count":1,"href":"https:\/\/sites.uef.fi\/tehekop\/wp-json\/wp\/v2\/pages\/63\/revisions"}],"predecessor-version":[{"id":157,"href":"https:\/\/sites.uef.fi\/tehekop\/wp-json\/wp\/v2\/pages\/63\/revisions\/157"}],"wp:attachment":[{"href":"https:\/\/sites.uef.fi\/tehekop\/wp-json\/wp\/v2\/media?parent=63"}],"curies":[{"name":"wp","href":"https:\/\/api.w.org\/{rel}","templated":true}]}}