{"id":99,"date":"2022-11-14T20:03:03","date_gmt":"2022-11-14T18:03:03","guid":{"rendered":"https:\/\/sites.uef.fi\/tehekop\/?page_id=99"},"modified":"2026-01-15T16:11:39","modified_gmt":"2026-01-15T14:11:39","slug":"konferenssiesitelmat-ja-julkaisut","status":"publish","type":"page","link":"https:\/\/sites.uef.fi\/tehekop\/konferenssiesitelmat-ja-julkaisut\/","title":{"rendered":"Konferenssiesitelm\u00e4t ja julkaisut"},"content":{"rendered":"\n<p>Souto, A.-M., Vehvil\u00e4inen, S. &amp; Lonka, H. (2026) Objects, Tools, and Cooperation Arrangements in Intensified Personal Guidance Counselling in Finland. Nordic Journal of Transitions, Careers and Guidance, 7 (1), 1-13. <a href=\"https:\/\/eur03.safelinks.protection.outlook.com\/?url=https%3A%2F%2Fdoi.org%2F10.16993%2Fnjtcg.103&amp;data=05%7C02%7Channa.lonka%40uef.fi%7C3831d9cb9bf541176aad08de5428df60%7C87879f2e73044bf2baf263e7f83f3c34%7C0%7C0%7C639040731683329104%7CUnknown%7CTWFpbGZsb3d8eyJFbXB0eU1hcGkiOnRydWUsIlYiOiIwLjAuMDAwMCIsIlAiOiJXaW4zMiIsIkFOIjoiTWFpbCIsIldUIjoyfQ%3D%3D%7C0%7C%7C%7C&amp;sdata=Bk4XJXIVx1ZxEDLisYbRuCa6RRAPHvxWKwG8vbLDG3c%3D&amp;reserved=0\">https:\/\/doi.org\/10.16993\/njtcg.103<\/a>   <\/p>\n\n\n\n<p>Voutilainen, L., &amp; Vehvil\u00e4inen, S. (2025) Interactional straightforwardness in guidance counselling.\u00a0British Journal of Guidance &amp; Counselling, 1\u201314.\u00a0 <em><a href=\"https:\/\/eur03.safelinks.protection.outlook.com\/?url=https%3A%2F%2Fdoi.org%2F10.1080%2F03069885.2025.2582860&amp;data=05%7C02%7Channa.lonka%40uef.fi%7Ccb017d04ac304db69e4c08de280d2e8e%7C87879f2e73044bf2baf263e7f83f3c34%7C0%7C0%7C638992234232091448%7CUnknown%7CTWFpbGZsb3d8eyJFbXB0eU1hcGkiOnRydWUsIlYiOiIwLjAuMDAwMCIsIlAiOiJXaW4zMiIsIkFOIjoiTWFpbCIsIldUIjoyfQ%3D%3D%7C0%7C%7C%7C&amp;sdata=XeJLwXbVO3y1hnvX1xcqUxYox1taBaYd7FNBAWuE8eY%3D&amp;reserved=0\">https:\/\/doi.org\/10.1080\/03069885.2025.2582860<\/a><\/em><\/p>\n\n\n\n<p>Lonka, Hanna, Souto, Anne-Mari &amp; Vehvil\u00e4inen, Sanna. 2025. Mik\u00e4 on opo-asia? Nuorten tulkinnat tehostetusta henkil\u00f6kohtaisesta oppilaanohjauksesta. Nuorisotutkimus, 43 (1), 19-33. <a href=\"https:\/\/doi.org\/10.57049\/nuorisotutkimus.9160901\">https:\/\/doi.org\/10.57049\/nuorisotutkimus.9160901<\/a><\/p>\n\n\n\n<p>Aalto, Else. 2024. 9.-luokkalaisten diskursseja tukiprosesseista ja tulevaisuudesta: Optimismia, ep\u00e4tietoisuutta ja toimijuuden moninaisuutta. Pro gradu -tutkielma           <a href=\"http:\/\/urn.fi\/urn:nbn:fi:uef-20240828\">http:\/\/urn.fi\/urn:nbn:fi:uef-20240828<\/a><\/p>\n\n\n\n<p>Pantsari, Iisa &amp; Peltomaa, Henrika. 2024. Tehostettua henkil\u00f6kohtaista oppilaanohjausta saavan oppilaan toimijuus oppilaanohjaajien puheessa. Pro gradu -tutkielma <a href=\"https:\/\/erepo.uef.fi\/handle\/123456789\/30627\">https:\/\/erepo.uef.fi\/handle\/123456789\/30627<\/a><\/p>\n\n\n\n<p>Kukkonen, Miia. 2023. Peruskoulun oppilaanohjaajien n\u00e4kemyksi\u00e4 tehostetun henkil\u00f6kohtaisen oppilaanohjauksen kohteesta ja ty\u00f6njaosta. Pro gradu -tutkielma <a href=\"https:\/\/erepo.uef.fi\/handle\/123456789\/30627\">https:\/\/erepo.uef.fi\/handle\/123456789\/30627<\/a><\/p>\n\n\n\n<p>Forsstr\u00f6m, Kerttu &amp; Gao, Otto. 2023. &#8221;T\u00e4ss\u00e4 ollaan luotettu siihen, ett\u00e4 opot hoitavat hommansa&#8221; &#8211; rehtoreiden n\u00e4kemyksi\u00e4 tehostetusta henkil\u00f6kohtaisesta oppilaanohjauksesta. Pro gradu -tutkielma                                                                                                  <a href=\"http:\/\/urn_nbn_fi_uef-20231482\">http:\/\/urn_nbn_fi_uef-20231482<\/a><\/p>\n\n\n\n<p><\/p>\n\n\n\n<p><br> <\/p>\n\n\n\n<p><\/p>\n","protected":false},"excerpt":{"rendered":"<p>Souto, A.-M., Vehvil\u00e4inen, S. &amp; Lonka, H. (2026) Objects, Tools, and Cooperation Arrangements in Intensified Personal Guidance Counselling in Finland. Nordic Journal of Transitions, Careers and Guidance, 7 (1), 1-13. https:\/\/doi.org\/10.16993\/njtcg.103 Voutilainen, L., &amp; Vehvil\u00e4inen, S. (2025) Interactional straightforwardness in guidance counselling.\u00a0British Journal of Guidance &amp; Counselling, 1\u201314.\u00a0 https:\/\/doi.org\/10.1080\/03069885.2025.2582860 Lonka, Hanna, Souto, Anne-Mari &amp; Vehvil\u00e4inen, [&hellip;]<\/p>\n","protected":false},"author":700,"featured_media":0,"parent":0,"menu_order":0,"comment_status":"closed","ping_status":"closed","template":"","meta":{"_acf_changed":false,"footnotes":""},"class_list":["post-99","page","type-page","status-publish","hentry"],"acf":[],"yoast_head":"<!-- This site is optimized with the Yoast SEO plugin v27.3 - https:\/\/yoast.com\/product\/yoast-seo-wordpress\/ -->\n<title>Konferenssiesitelm\u00e4t ja julkaisut - Tehostettu henkil\u00f6kohtainen oppilaanohjaus \u2013 ty\u00f6prosessit, kohtaamiset ja oppilaan toimijuus (TEHEKOP)<\/title>\n<meta name=\"robots\" content=\"index, follow, max-snippet:-1, max-image-preview:large, max-video-preview:-1\" \/>\n<link rel=\"canonical\" href=\"https:\/\/sites.uef.fi\/tehekop\/konferenssiesitelmat-ja-julkaisut\/\" \/>\n<meta property=\"og:locale\" content=\"fi_FI\" \/>\n<meta property=\"og:type\" content=\"article\" \/>\n<meta property=\"og:title\" content=\"Konferenssiesitelm\u00e4t ja julkaisut - Tehostettu henkil\u00f6kohtainen oppilaanohjaus \u2013 ty\u00f6prosessit, kohtaamiset ja oppilaan toimijuus (TEHEKOP)\" \/>\n<meta property=\"og:description\" content=\"Souto, A.-M., Vehvil\u00e4inen, S. &amp; Lonka, H. (2026) Objects, Tools, and Cooperation Arrangements in Intensified Personal Guidance Counselling in Finland. Nordic Journal of Transitions, Careers and Guidance, 7 (1), 1-13. https:\/\/doi.org\/10.16993\/njtcg.103 Voutilainen, L., &amp; Vehvil\u00e4inen, S. (2025) Interactional straightforwardness in guidance counselling.\u00a0British Journal of Guidance &amp; Counselling, 1\u201314.\u00a0 https:\/\/doi.org\/10.1080\/03069885.2025.2582860 Lonka, Hanna, Souto, Anne-Mari &amp; Vehvil\u00e4inen, [&hellip;]\" \/>\n<meta property=\"og:url\" content=\"https:\/\/sites.uef.fi\/tehekop\/konferenssiesitelmat-ja-julkaisut\/\" \/>\n<meta property=\"og:site_name\" content=\"Tehostettu henkil\u00f6kohtainen oppilaanohjaus \u2013 ty\u00f6prosessit, kohtaamiset ja oppilaan toimijuus (TEHEKOP)\" \/>\n<meta property=\"article:modified_time\" content=\"2026-01-15T14:11:39+00:00\" \/>\n<meta name=\"twitter:card\" content=\"summary_large_image\" \/>\n<meta name=\"twitter:label1\" content=\"Arvioitu lukuaika\" \/>\n\t<meta name=\"twitter:data1\" content=\"1 minuutti\" \/>\n<script type=\"application\/ld+json\" class=\"yoast-schema-graph\">{\"@context\":\"https:\\\/\\\/schema.org\",\"@graph\":[{\"@type\":\"WebPage\",\"@id\":\"https:\\\/\\\/sites.uef.fi\\\/tehekop\\\/konferenssiesitelmat-ja-julkaisut\\\/\",\"url\":\"https:\\\/\\\/sites.uef.fi\\\/tehekop\\\/konferenssiesitelmat-ja-julkaisut\\\/\",\"name\":\"Konferenssiesitelm\u00e4t ja julkaisut - Tehostettu henkil\u00f6kohtainen oppilaanohjaus \u2013 ty\u00f6prosessit, kohtaamiset ja oppilaan toimijuus (TEHEKOP)\",\"isPartOf\":{\"@id\":\"https:\\\/\\\/sites.uef.fi\\\/tehekop\\\/#website\"},\"datePublished\":\"2022-11-14T18:03:03+00:00\",\"dateModified\":\"2026-01-15T14:11:39+00:00\",\"breadcrumb\":{\"@id\":\"https:\\\/\\\/sites.uef.fi\\\/tehekop\\\/konferenssiesitelmat-ja-julkaisut\\\/#breadcrumb\"},\"inLanguage\":\"fi\",\"potentialAction\":[{\"@type\":\"ReadAction\",\"target\":[\"https:\\\/\\\/sites.uef.fi\\\/tehekop\\\/konferenssiesitelmat-ja-julkaisut\\\/\"]}]},{\"@type\":\"BreadcrumbList\",\"@id\":\"https:\\\/\\\/sites.uef.fi\\\/tehekop\\\/konferenssiesitelmat-ja-julkaisut\\\/#breadcrumb\",\"itemListElement\":[{\"@type\":\"ListItem\",\"position\":1,\"name\":\"Home\",\"item\":\"https:\\\/\\\/sites.uef.fi\\\/tehekop\\\/\"},{\"@type\":\"ListItem\",\"position\":2,\"name\":\"Konferenssiesitelm\u00e4t ja julkaisut\"}]},{\"@type\":\"WebSite\",\"@id\":\"https:\\\/\\\/sites.uef.fi\\\/tehekop\\\/#website\",\"url\":\"https:\\\/\\\/sites.uef.fi\\\/tehekop\\\/\",\"name\":\"Tehostettu henkil\u00f6kohtainen oppilaanohjaus \u2013 ty\u00f6prosessit, kohtaamiset ja oppilaan toimijuus (TEHEKOP)\",\"description\":\"\",\"publisher\":{\"@id\":\"https:\\\/\\\/sites.uef.fi\\\/tehekop\\\/#organization\"},\"potentialAction\":[{\"@type\":\"SearchAction\",\"target\":{\"@type\":\"EntryPoint\",\"urlTemplate\":\"https:\\\/\\\/sites.uef.fi\\\/tehekop\\\/?s={search_term_string}\"},\"query-input\":{\"@type\":\"PropertyValueSpecification\",\"valueRequired\":true,\"valueName\":\"search_term_string\"}}],\"inLanguage\":\"fi\"},{\"@type\":\"Organization\",\"@id\":\"https:\\\/\\\/sites.uef.fi\\\/tehekop\\\/#organization\",\"name\":\"Tehostettu henkil\u00f6kohtainen oppilaanohjaus \u2013 ty\u00f6prosessit, kohtaamiset ja oppilaan toimijuus (TEHEKOP)\",\"url\":\"https:\\\/\\\/sites.uef.fi\\\/tehekop\\\/\",\"logo\":{\"@type\":\"ImageObject\",\"inLanguage\":\"fi\",\"@id\":\"https:\\\/\\\/sites.uef.fi\\\/tehekop\\\/#\\\/schema\\\/logo\\\/image\\\/\",\"url\":\"https:\\\/\\\/sites.uef.fi\\\/tehekop\\\/wp-content\\\/uploads\\\/sites\\\/398\\\/2022\\\/10\\\/cropped-UEF_wordpress_white.png\",\"contentUrl\":\"https:\\\/\\\/sites.uef.fi\\\/tehekop\\\/wp-content\\\/uploads\\\/sites\\\/398\\\/2022\\\/10\\\/cropped-UEF_wordpress_white.png\",\"width\":250,\"height\":250,\"caption\":\"Tehostettu henkil\u00f6kohtainen oppilaanohjaus \u2013 ty\u00f6prosessit, kohtaamiset ja oppilaan toimijuus (TEHEKOP)\"},\"image\":{\"@id\":\"https:\\\/\\\/sites.uef.fi\\\/tehekop\\\/#\\\/schema\\\/logo\\\/image\\\/\"}}]}<\/script>\n<!-- \/ Yoast SEO plugin. -->","yoast_head_json":{"title":"Konferenssiesitelm\u00e4t ja julkaisut - Tehostettu henkil\u00f6kohtainen oppilaanohjaus \u2013 ty\u00f6prosessit, kohtaamiset ja oppilaan toimijuus (TEHEKOP)","robots":{"index":"index","follow":"follow","max-snippet":"max-snippet:-1","max-image-preview":"max-image-preview:large","max-video-preview":"max-video-preview:-1"},"canonical":"https:\/\/sites.uef.fi\/tehekop\/konferenssiesitelmat-ja-julkaisut\/","og_locale":"fi_FI","og_type":"article","og_title":"Konferenssiesitelm\u00e4t ja julkaisut - Tehostettu henkil\u00f6kohtainen oppilaanohjaus \u2013 ty\u00f6prosessit, kohtaamiset ja oppilaan toimijuus (TEHEKOP)","og_description":"Souto, A.-M., Vehvil\u00e4inen, S. &amp; Lonka, H. (2026) Objects, Tools, and Cooperation Arrangements in Intensified Personal Guidance Counselling in Finland. Nordic Journal of Transitions, Careers and Guidance, 7 (1), 1-13. https:\/\/doi.org\/10.16993\/njtcg.103 Voutilainen, L., &amp; Vehvil\u00e4inen, S. (2025) Interactional straightforwardness in guidance counselling.\u00a0British Journal of Guidance &amp; Counselling, 1\u201314.\u00a0 https:\/\/doi.org\/10.1080\/03069885.2025.2582860 Lonka, Hanna, Souto, Anne-Mari &amp; Vehvil\u00e4inen, [&hellip;]","og_url":"https:\/\/sites.uef.fi\/tehekop\/konferenssiesitelmat-ja-julkaisut\/","og_site_name":"Tehostettu henkil\u00f6kohtainen oppilaanohjaus \u2013 ty\u00f6prosessit, kohtaamiset ja oppilaan toimijuus (TEHEKOP)","article_modified_time":"2026-01-15T14:11:39+00:00","twitter_card":"summary_large_image","twitter_misc":{"Arvioitu lukuaika":"1 minuutti"},"schema":{"@context":"https:\/\/schema.org","@graph":[{"@type":"WebPage","@id":"https:\/\/sites.uef.fi\/tehekop\/konferenssiesitelmat-ja-julkaisut\/","url":"https:\/\/sites.uef.fi\/tehekop\/konferenssiesitelmat-ja-julkaisut\/","name":"Konferenssiesitelm\u00e4t ja julkaisut - Tehostettu henkil\u00f6kohtainen oppilaanohjaus \u2013 ty\u00f6prosessit, kohtaamiset ja oppilaan toimijuus (TEHEKOP)","isPartOf":{"@id":"https:\/\/sites.uef.fi\/tehekop\/#website"},"datePublished":"2022-11-14T18:03:03+00:00","dateModified":"2026-01-15T14:11:39+00:00","breadcrumb":{"@id":"https:\/\/sites.uef.fi\/tehekop\/konferenssiesitelmat-ja-julkaisut\/#breadcrumb"},"inLanguage":"fi","potentialAction":[{"@type":"ReadAction","target":["https:\/\/sites.uef.fi\/tehekop\/konferenssiesitelmat-ja-julkaisut\/"]}]},{"@type":"BreadcrumbList","@id":"https:\/\/sites.uef.fi\/tehekop\/konferenssiesitelmat-ja-julkaisut\/#breadcrumb","itemListElement":[{"@type":"ListItem","position":1,"name":"Home","item":"https:\/\/sites.uef.fi\/tehekop\/"},{"@type":"ListItem","position":2,"name":"Konferenssiesitelm\u00e4t ja julkaisut"}]},{"@type":"WebSite","@id":"https:\/\/sites.uef.fi\/tehekop\/#website","url":"https:\/\/sites.uef.fi\/tehekop\/","name":"Tehostettu henkil\u00f6kohtainen oppilaanohjaus \u2013 ty\u00f6prosessit, kohtaamiset ja oppilaan toimijuus (TEHEKOP)","description":"","publisher":{"@id":"https:\/\/sites.uef.fi\/tehekop\/#organization"},"potentialAction":[{"@type":"SearchAction","target":{"@type":"EntryPoint","urlTemplate":"https:\/\/sites.uef.fi\/tehekop\/?s={search_term_string}"},"query-input":{"@type":"PropertyValueSpecification","valueRequired":true,"valueName":"search_term_string"}}],"inLanguage":"fi"},{"@type":"Organization","@id":"https:\/\/sites.uef.fi\/tehekop\/#organization","name":"Tehostettu henkil\u00f6kohtainen oppilaanohjaus \u2013 ty\u00f6prosessit, kohtaamiset ja oppilaan toimijuus (TEHEKOP)","url":"https:\/\/sites.uef.fi\/tehekop\/","logo":{"@type":"ImageObject","inLanguage":"fi","@id":"https:\/\/sites.uef.fi\/tehekop\/#\/schema\/logo\/image\/","url":"https:\/\/sites.uef.fi\/tehekop\/wp-content\/uploads\/sites\/398\/2022\/10\/cropped-UEF_wordpress_white.png","contentUrl":"https:\/\/sites.uef.fi\/tehekop\/wp-content\/uploads\/sites\/398\/2022\/10\/cropped-UEF_wordpress_white.png","width":250,"height":250,"caption":"Tehostettu henkil\u00f6kohtainen oppilaanohjaus \u2013 ty\u00f6prosessit, kohtaamiset ja oppilaan toimijuus (TEHEKOP)"},"image":{"@id":"https:\/\/sites.uef.fi\/tehekop\/#\/schema\/logo\/image\/"}}]}},"_links":{"self":[{"href":"https:\/\/sites.uef.fi\/tehekop\/wp-json\/wp\/v2\/pages\/99","targetHints":{"allow":["GET"]}}],"collection":[{"href":"https:\/\/sites.uef.fi\/tehekop\/wp-json\/wp\/v2\/pages"}],"about":[{"href":"https:\/\/sites.uef.fi\/tehekop\/wp-json\/wp\/v2\/types\/page"}],"author":[{"embeddable":true,"href":"https:\/\/sites.uef.fi\/tehekop\/wp-json\/wp\/v2\/users\/700"}],"replies":[{"embeddable":true,"href":"https:\/\/sites.uef.fi\/tehekop\/wp-json\/wp\/v2\/comments?post=99"}],"version-history":[{"count":1,"href":"https:\/\/sites.uef.fi\/tehekop\/wp-json\/wp\/v2\/pages\/99\/revisions"}],"predecessor-version":[{"id":446,"href":"https:\/\/sites.uef.fi\/tehekop\/wp-json\/wp\/v2\/pages\/99\/revisions\/446"}],"wp:attachment":[{"href":"https:\/\/sites.uef.fi\/tehekop\/wp-json\/wp\/v2\/media?parent=99"}],"curies":[{"name":"wp","href":"https:\/\/api.w.org\/{rel}","templated":true}]}}