{"id":16,"date":"2021-09-16T08:08:00","date_gmt":"2021-09-16T08:08:00","guid":{"rendered":"https:\/\/sites.uef.fi\/telab\/?page_id=16"},"modified":"2023-11-13T09:58:24","modified_gmt":"2023-11-13T09:58:24","slug":"etusivu","status":"publish","type":"page","link":"https:\/\/sites.uef.fi\/telab\/","title":{"rendered":"TE-Lab -toimintamalli"},"content":{"rendered":"\n<p class=\"has-text-align-left\">Fysiikan ja matematiikan laitoksen ty\u00f6el\u00e4m\u00e4l\u00e4ht\u00f6inen laboratorioty\u00f6skentely, eli TE-Lab, avaa ovet yrityksille korkeatasoisen laboratoriov\u00e4lineist\u00f6n ja opiskelijoiden osaamiseen k\u00e4ytt\u00f6\u00f6n maksutta. Yritykset voivat teett\u00e4\u00e4 pienimuotoisia mittaus-, analyysi- ja kehitt\u00e4mistoimeksiantoja fotoniikan opiskelijoilla, ja opiskelijat saavat t\u00e4st\u00e4 opintopisteit\u00e4 oppien samalla monipuolisia luonnontieteiden ja teknologia-alan ty\u00f6el\u00e4m\u00e4taitoja.<\/p>\n\n\n\n<p class=\"has-text-align-left\">Kehitt\u00e4m\u00e4mme toimintamalli soveltuu hyvin my\u00f6s muiden oppilaitosten k\u00e4ytt\u00f6\u00f6n. T\u00e4lt\u00e4 sivustolta l\u00f6yd\u00e4t ohjeet ty\u00f6el\u00e4m\u00e4l\u00e4ht\u00f6isen laboratorioty\u00f6skentelyn toteuttamiseen korkeakouluopetuksessa. <\/p>\n\n\n\n<p>Lue lis\u00e4\u00e4 toiminnastamme, tutustu materiaaleihimme ja ota yhteytt\u00e4.<\/p>\n\n\n\n<div class=\"links-block\">\n\n    \n    <ul class=\"link-list\">\n        \n            \n            <li class=\"link-list-item\">\n                <a href=\"https:\/\/sites.uef.fi\/telab\/yrityksille\/\" class=\"link-reset link hover-scale-down\">\n                    <svg\n        width=\"43\" height=\"25\"\n        viewBox=\"0 0 43 25\"\n        xmlns=\"http:\/\/www.w3.org\/2000\/svg\">\n    <path\n        d=\"M30.027 0 43 12.5 30.027 25 27 22.083 34.351 15H0v-5h34.351L27 2.917z\"\n        fill=\"currentColor\"\n        fill-rule=\"evenodd\"\/>\n<\/svg>                    <div>Yrityksille<\/div>\n                <\/a>\n                <div class=\"link-info\">\n                                    <\/div>\n            <\/li>\n\n        \n            <li class=\"link-list-item\">\n                <a href=\"https:\/\/sites.uef.fi\/telab\/koulutuksen-jarjestajille\/\" class=\"link-reset link hover-scale-down\">\n                    <svg\n        width=\"43\" height=\"25\"\n        viewBox=\"0 0 43 25\"\n        xmlns=\"http:\/\/www.w3.org\/2000\/svg\">\n    <path\n        d=\"M30.027 0 43 12.5 30.027 25 27 22.083 34.351 15H0v-5h34.351L27 2.917z\"\n        fill=\"currentColor\"\n        fill-rule=\"evenodd\"\/>\n<\/svg>                    <div>Koulutuksen j\u00e4rjest\u00e4jille<\/div>\n                <\/a>\n                <div class=\"link-info\">\n                                    <\/div>\n            <\/li>\n\n        \n            <li class=\"link-list-item\">\n                <a href=\"https:\/\/sites.uef.fi\/telab\/yhteystiedot\/\" class=\"link-reset link hover-scale-down\">\n                    <svg\n        width=\"43\" height=\"25\"\n        viewBox=\"0 0 43 25\"\n        xmlns=\"http:\/\/www.w3.org\/2000\/svg\">\n    <path\n        d=\"M30.027 0 43 12.5 30.027 25 27 22.083 34.351 15H0v-5h34.351L27 2.917z\"\n        fill=\"currentColor\"\n        fill-rule=\"evenodd\"\/>\n<\/svg>                    <div>Yhteystiedot<\/div>\n                <\/a>\n                <div class=\"link-info\">\n                                    <\/div>\n            <\/li>\n\n                <\/ul>\n<\/div>\n\n\n<div class=\"links-block\">\n\n    \n    <ul class=\"link-list\">\n            <\/ul>\n<\/div>","protected":false},"excerpt":{"rendered":"<p>Fysiikan ja matematiikan laitoksen ty\u00f6el\u00e4m\u00e4l\u00e4ht\u00f6inen laboratorioty\u00f6skentely, eli TE-Lab, avaa ovet yrityksille korkeatasoisen laboratoriov\u00e4lineist\u00f6n ja opiskelijoiden osaamiseen k\u00e4ytt\u00f6\u00f6n maksutta. Yritykset voivat teett\u00e4\u00e4 pienimuotoisia mittaus-, analyysi- ja kehitt\u00e4mistoimeksiantoja fotoniikan opiskelijoilla, ja opiskelijat saavat t\u00e4st\u00e4 opintopisteit\u00e4 oppien samalla monipuolisia luonnontieteiden ja teknologia-alan ty\u00f6el\u00e4m\u00e4taitoja. Kehitt\u00e4m\u00e4mme toimintamalli soveltuu hyvin my\u00f6s muiden oppilaitosten k\u00e4ytt\u00f6\u00f6n. T\u00e4lt\u00e4 sivustolta l\u00f6yd\u00e4t ohjeet ty\u00f6el\u00e4m\u00e4l\u00e4ht\u00f6isen laboratorioty\u00f6skentelyn toteuttamiseen [&hellip;]<\/p>\n","protected":false},"author":2,"featured_media":0,"parent":0,"menu_order":0,"comment_status":"open","ping_status":"closed","template":"","meta":{"_acf_changed":false,"footnotes":""},"class_list":["post-16","page","type-page","status-publish","hentry"],"acf":[],"yoast_head":"<!-- This site is optimized with the Yoast SEO plugin v27.3 - https:\/\/yoast.com\/product\/yoast-seo-wordpress\/ -->\n<title>TE-Lab -toimintamalli - Ty\u00f6el\u00e4m\u00e4l\u00e4ht\u00f6inen laboratorioty\u00f6skentely korkeakoulutuksessa - TE-Lab<\/title>\n<meta name=\"robots\" content=\"index, follow, max-snippet:-1, max-image-preview:large, max-video-preview:-1\" \/>\n<link rel=\"canonical\" href=\"https:\/\/sites.uef.fi\/telab\/\" \/>\n<meta property=\"og:locale\" content=\"fi_FI\" \/>\n<meta property=\"og:type\" content=\"article\" \/>\n<meta property=\"og:title\" content=\"TE-Lab -toimintamalli - Ty\u00f6el\u00e4m\u00e4l\u00e4ht\u00f6inen laboratorioty\u00f6skentely korkeakoulutuksessa - TE-Lab\" \/>\n<meta property=\"og:description\" content=\"Fysiikan ja matematiikan laitoksen ty\u00f6el\u00e4m\u00e4l\u00e4ht\u00f6inen laboratorioty\u00f6skentely, eli TE-Lab, avaa ovet yrityksille korkeatasoisen laboratoriov\u00e4lineist\u00f6n ja opiskelijoiden osaamiseen k\u00e4ytt\u00f6\u00f6n maksutta. Yritykset voivat teett\u00e4\u00e4 pienimuotoisia mittaus-, analyysi- ja kehitt\u00e4mistoimeksiantoja fotoniikan opiskelijoilla, ja opiskelijat saavat t\u00e4st\u00e4 opintopisteit\u00e4 oppien samalla monipuolisia luonnontieteiden ja teknologia-alan ty\u00f6el\u00e4m\u00e4taitoja. Kehitt\u00e4m\u00e4mme toimintamalli soveltuu hyvin my\u00f6s muiden oppilaitosten k\u00e4ytt\u00f6\u00f6n. T\u00e4lt\u00e4 sivustolta l\u00f6yd\u00e4t ohjeet ty\u00f6el\u00e4m\u00e4l\u00e4ht\u00f6isen laboratorioty\u00f6skentelyn toteuttamiseen [&hellip;]\" \/>\n<meta property=\"og:url\" content=\"https:\/\/sites.uef.fi\/telab\/\" \/>\n<meta property=\"og:site_name\" content=\"Ty\u00f6el\u00e4m\u00e4l\u00e4ht\u00f6inen laboratorioty\u00f6skentely korkeakoulutuksessa - TE-Lab\" \/>\n<meta property=\"article:modified_time\" content=\"2023-11-13T09:58:24+00:00\" \/>\n<meta name=\"twitter:card\" content=\"summary_large_image\" \/>\n<meta name=\"twitter:label1\" content=\"Arvioitu lukuaika\" \/>\n\t<meta name=\"twitter:data1\" content=\"1 minuutti\" \/>\n<script type=\"application\/ld+json\" class=\"yoast-schema-graph\">{\"@context\":\"https:\\\/\\\/schema.org\",\"@graph\":[{\"@type\":\"WebPage\",\"@id\":\"https:\\\/\\\/sites.uef.fi\\\/telab\\\/\",\"url\":\"https:\\\/\\\/sites.uef.fi\\\/telab\\\/\",\"name\":\"TE-Lab -toimintamalli - Ty\u00f6el\u00e4m\u00e4l\u00e4ht\u00f6inen laboratorioty\u00f6skentely korkeakoulutuksessa - TE-Lab\",\"isPartOf\":{\"@id\":\"https:\\\/\\\/sites.uef.fi\\\/telab\\\/#website\"},\"datePublished\":\"2021-09-16T08:08:00+00:00\",\"dateModified\":\"2023-11-13T09:58:24+00:00\",\"breadcrumb\":{\"@id\":\"https:\\\/\\\/sites.uef.fi\\\/telab\\\/#breadcrumb\"},\"inLanguage\":\"fi\",\"potentialAction\":[{\"@type\":\"ReadAction\",\"target\":[\"https:\\\/\\\/sites.uef.fi\\\/telab\\\/\"]}]},{\"@type\":\"BreadcrumbList\",\"@id\":\"https:\\\/\\\/sites.uef.fi\\\/telab\\\/#breadcrumb\",\"itemListElement\":[{\"@type\":\"ListItem\",\"position\":1,\"name\":\"Home\",\"item\":\"https:\\\/\\\/sites.uef.fi\\\/telab\\\/\"},{\"@type\":\"ListItem\",\"position\":2,\"name\":\"TE-Lab -toimintamalli\"}]},{\"@type\":\"WebSite\",\"@id\":\"https:\\\/\\\/sites.uef.fi\\\/telab\\\/#website\",\"url\":\"https:\\\/\\\/sites.uef.fi\\\/telab\\\/\",\"name\":\"Ty\u00f6el\u00e4m\u00e4l\u00e4ht\u00f6inen laboratorioty\u00f6skentely korkeakoulutuksessa - TE-Lab\",\"description\":\"\",\"potentialAction\":[{\"@type\":\"SearchAction\",\"target\":{\"@type\":\"EntryPoint\",\"urlTemplate\":\"https:\\\/\\\/sites.uef.fi\\\/telab\\\/?s={search_term_string}\"},\"query-input\":{\"@type\":\"PropertyValueSpecification\",\"valueRequired\":true,\"valueName\":\"search_term_string\"}}],\"inLanguage\":\"fi\"}]}<\/script>\n<!-- \/ Yoast SEO plugin. -->","yoast_head_json":{"title":"TE-Lab -toimintamalli - Ty\u00f6el\u00e4m\u00e4l\u00e4ht\u00f6inen laboratorioty\u00f6skentely korkeakoulutuksessa - TE-Lab","robots":{"index":"index","follow":"follow","max-snippet":"max-snippet:-1","max-image-preview":"max-image-preview:large","max-video-preview":"max-video-preview:-1"},"canonical":"https:\/\/sites.uef.fi\/telab\/","og_locale":"fi_FI","og_type":"article","og_title":"TE-Lab -toimintamalli - Ty\u00f6el\u00e4m\u00e4l\u00e4ht\u00f6inen laboratorioty\u00f6skentely korkeakoulutuksessa - TE-Lab","og_description":"Fysiikan ja matematiikan laitoksen ty\u00f6el\u00e4m\u00e4l\u00e4ht\u00f6inen laboratorioty\u00f6skentely, eli TE-Lab, avaa ovet yrityksille korkeatasoisen laboratoriov\u00e4lineist\u00f6n ja opiskelijoiden osaamiseen k\u00e4ytt\u00f6\u00f6n maksutta. Yritykset voivat teett\u00e4\u00e4 pienimuotoisia mittaus-, analyysi- ja kehitt\u00e4mistoimeksiantoja fotoniikan opiskelijoilla, ja opiskelijat saavat t\u00e4st\u00e4 opintopisteit\u00e4 oppien samalla monipuolisia luonnontieteiden ja teknologia-alan ty\u00f6el\u00e4m\u00e4taitoja. Kehitt\u00e4m\u00e4mme toimintamalli soveltuu hyvin my\u00f6s muiden oppilaitosten k\u00e4ytt\u00f6\u00f6n. T\u00e4lt\u00e4 sivustolta l\u00f6yd\u00e4t ohjeet ty\u00f6el\u00e4m\u00e4l\u00e4ht\u00f6isen laboratorioty\u00f6skentelyn toteuttamiseen [&hellip;]","og_url":"https:\/\/sites.uef.fi\/telab\/","og_site_name":"Ty\u00f6el\u00e4m\u00e4l\u00e4ht\u00f6inen laboratorioty\u00f6skentely korkeakoulutuksessa - TE-Lab","article_modified_time":"2023-11-13T09:58:24+00:00","twitter_card":"summary_large_image","twitter_misc":{"Arvioitu lukuaika":"1 minuutti"},"schema":{"@context":"https:\/\/schema.org","@graph":[{"@type":"WebPage","@id":"https:\/\/sites.uef.fi\/telab\/","url":"https:\/\/sites.uef.fi\/telab\/","name":"TE-Lab -toimintamalli - Ty\u00f6el\u00e4m\u00e4l\u00e4ht\u00f6inen laboratorioty\u00f6skentely korkeakoulutuksessa - TE-Lab","isPartOf":{"@id":"https:\/\/sites.uef.fi\/telab\/#website"},"datePublished":"2021-09-16T08:08:00+00:00","dateModified":"2023-11-13T09:58:24+00:00","breadcrumb":{"@id":"https:\/\/sites.uef.fi\/telab\/#breadcrumb"},"inLanguage":"fi","potentialAction":[{"@type":"ReadAction","target":["https:\/\/sites.uef.fi\/telab\/"]}]},{"@type":"BreadcrumbList","@id":"https:\/\/sites.uef.fi\/telab\/#breadcrumb","itemListElement":[{"@type":"ListItem","position":1,"name":"Home","item":"https:\/\/sites.uef.fi\/telab\/"},{"@type":"ListItem","position":2,"name":"TE-Lab -toimintamalli"}]},{"@type":"WebSite","@id":"https:\/\/sites.uef.fi\/telab\/#website","url":"https:\/\/sites.uef.fi\/telab\/","name":"Ty\u00f6el\u00e4m\u00e4l\u00e4ht\u00f6inen laboratorioty\u00f6skentely korkeakoulutuksessa - TE-Lab","description":"","potentialAction":[{"@type":"SearchAction","target":{"@type":"EntryPoint","urlTemplate":"https:\/\/sites.uef.fi\/telab\/?s={search_term_string}"},"query-input":{"@type":"PropertyValueSpecification","valueRequired":true,"valueName":"search_term_string"}}],"inLanguage":"fi"}]}},"_links":{"self":[{"href":"https:\/\/sites.uef.fi\/telab\/wp-json\/wp\/v2\/pages\/16","targetHints":{"allow":["GET"]}}],"collection":[{"href":"https:\/\/sites.uef.fi\/telab\/wp-json\/wp\/v2\/pages"}],"about":[{"href":"https:\/\/sites.uef.fi\/telab\/wp-json\/wp\/v2\/types\/page"}],"author":[{"embeddable":true,"href":"https:\/\/sites.uef.fi\/telab\/wp-json\/wp\/v2\/users\/2"}],"replies":[{"embeddable":true,"href":"https:\/\/sites.uef.fi\/telab\/wp-json\/wp\/v2\/comments?post=16"}],"version-history":[{"count":2,"href":"https:\/\/sites.uef.fi\/telab\/wp-json\/wp\/v2\/pages\/16\/revisions"}],"predecessor-version":[{"id":2106,"href":"https:\/\/sites.uef.fi\/telab\/wp-json\/wp\/v2\/pages\/16\/revisions\/2106"}],"wp:attachment":[{"href":"https:\/\/sites.uef.fi\/telab\/wp-json\/wp\/v2\/media?parent=16"}],"curies":[{"name":"wp","href":"https:\/\/api.w.org\/{rel}","templated":true}]}}