{"id":2048,"date":"2021-09-16T08:08:00","date_gmt":"2021-09-16T08:08:00","guid":{"rendered":"https:\/\/sites.uef.fi\/telab\/te-lab-toimintamalli\/"},"modified":"2023-11-13T10:03:58","modified_gmt":"2023-11-13T10:03:58","slug":"te-lab-toimintamalli","status":"publish","type":"page","link":"https:\/\/sites.uef.fi\/telab\/te-lab-toimintamalli\/?lang=en","title":{"rendered":"TE-Lab laboratory practice"},"content":{"rendered":"\n<p>In the Department of Physics and Mathematics working life-oriented laboratory practice provides companies with access to high-quality laboratory equipment and the expertise of students free of charge. Companies can commission small-scale measurement, analysis, and development tasks with photonics students, and students earn academic credits for these assignments, simultaneously acquiring diverse skills in the field of natural sciences and technology.<\/p>\n\n\n\n<p>The instructional model we have developed is also well-suited for use in other educational institutions. On this website, you will find instructions for implementing working life-oriented laboratory practice in higher education.<\/p>\n\n\n\n<p>Learn more about our activities, explore our materials, and get in touch.<\/p>\n\n\n\n<div class=\"links-block\">\n\n    \n    <ul class=\"link-list\">\n        \n            \n            <li class=\"link-list-item\">\n                <a href=\"https:\/\/sites.uef.fi\/telab\/yrityksille\/?lang=en\" class=\"link-reset link hover-scale-down\">\n                    <svg\n        width=\"43\" height=\"25\"\n        viewBox=\"0 0 43 25\"\n        xmlns=\"http:\/\/www.w3.org\/2000\/svg\">\n    <path\n        d=\"M30.027 0 43 12.5 30.027 25 27 22.083 34.351 15H0v-5h34.351L27 2.917z\"\n        fill=\"currentColor\"\n        fill-rule=\"evenodd\"\/>\n<\/svg>                    <div>For Companies<\/div>\n                <\/a>\n                <div class=\"link-info\">\n                                    <\/div>\n            <\/li>\n\n        \n            <li class=\"link-list-item\">\n                <a href=\"https:\/\/sites.uef.fi\/telab\/koulutuksen-jarjestajille\/?lang=en\" class=\"link-reset link hover-scale-down\">\n                    <svg\n        width=\"43\" height=\"25\"\n        viewBox=\"0 0 43 25\"\n        xmlns=\"http:\/\/www.w3.org\/2000\/svg\">\n    <path\n        d=\"M30.027 0 43 12.5 30.027 25 27 22.083 34.351 15H0v-5h34.351L27 2.917z\"\n        fill=\"currentColor\"\n        fill-rule=\"evenodd\"\/>\n<\/svg>                    <div>For Educators<\/div>\n                <\/a>\n                <div class=\"link-info\">\n                                    <\/div>\n            <\/li>\n\n        \n            <li class=\"link-list-item\">\n                <a href=\"https:\/\/sites.uef.fi\/telab\/yhteystiedot\/?lang=en\" class=\"link-reset link hover-scale-down\">\n                    <svg\n        width=\"43\" height=\"25\"\n        viewBox=\"0 0 43 25\"\n        xmlns=\"http:\/\/www.w3.org\/2000\/svg\">\n    <path\n        d=\"M30.027 0 43 12.5 30.027 25 27 22.083 34.351 15H0v-5h34.351L27 2.917z\"\n        fill=\"currentColor\"\n        fill-rule=\"evenodd\"\/>\n<\/svg>                    <div>Contact Us<\/div>\n                <\/a>\n                <div class=\"link-info\">\n                                    <\/div>\n            <\/li>\n\n                <\/ul>\n<\/div>\n\n\n<div class=\"links-block\">\n\n    \n    <ul class=\"link-list\">\n            <\/ul>\n<\/div>","protected":false},"excerpt":{"rendered":"<p>In the Department of Physics and Mathematics working life-oriented laboratory practice provides companies with access to high-quality laboratory equipment and the expertise of students free of charge. Companies can commission small-scale measurement, analysis, and development tasks with photonics students, and students earn academic credits for these assignments, simultaneously acquiring diverse skills in the field of [&hellip;]<\/p>\n","protected":false},"author":2,"featured_media":0,"parent":0,"menu_order":0,"comment_status":"open","ping_status":"closed","template":"","meta":{"_acf_changed":false,"footnotes":""},"class_list":["post-2048","page","type-page","status-publish","hentry"],"acf":[],"yoast_head":"<!-- This site is optimized with the Yoast SEO plugin v27.3 - https:\/\/yoast.com\/product\/yoast-seo-wordpress\/ -->\n<title>TE-Lab laboratory practice - Ty\u00f6el\u00e4m\u00e4l\u00e4ht\u00f6inen laboratorioty\u00f6skentely korkeakoulutuksessa - TE-Lab<\/title>\n<meta name=\"robots\" content=\"index, follow, max-snippet:-1, max-image-preview:large, max-video-preview:-1\" \/>\n<link rel=\"canonical\" href=\"https:\/\/sites.uef.fi\/telab\/te-lab-toimintamalli\/\" \/>\n<meta property=\"og:locale\" content=\"fi_FI\" \/>\n<meta property=\"og:type\" content=\"article\" \/>\n<meta property=\"og:title\" content=\"TE-Lab laboratory practice - Ty\u00f6el\u00e4m\u00e4l\u00e4ht\u00f6inen laboratorioty\u00f6skentely korkeakoulutuksessa - TE-Lab\" \/>\n<meta property=\"og:description\" content=\"In the Department of Physics and Mathematics working life-oriented laboratory practice provides companies with access to high-quality laboratory equipment and the expertise of students free of charge. Companies can commission small-scale measurement, analysis, and development tasks with photonics students, and students earn academic credits for these assignments, simultaneously acquiring diverse skills in the field of [&hellip;]\" \/>\n<meta property=\"og:url\" content=\"https:\/\/sites.uef.fi\/telab\/te-lab-toimintamalli\/?lang=en\" \/>\n<meta property=\"og:site_name\" content=\"Ty\u00f6el\u00e4m\u00e4l\u00e4ht\u00f6inen laboratorioty\u00f6skentely korkeakoulutuksessa - TE-Lab\" \/>\n<meta property=\"article:modified_time\" content=\"2023-11-13T10:03:58+00:00\" \/>\n<meta name=\"twitter:card\" content=\"summary_large_image\" \/>\n<meta name=\"twitter:label1\" content=\"Arvioitu lukuaika\" \/>\n\t<meta name=\"twitter:data1\" content=\"1 minuutti\" \/>\n<script type=\"application\/ld+json\" class=\"yoast-schema-graph\">{\"@context\":\"https:\\\/\\\/schema.org\",\"@graph\":[{\"@type\":\"WebPage\",\"@id\":\"https:\\\/\\\/sites.uef.fi\\\/telab\\\/te-lab-toimintamalli\\\/?lang=en\",\"url\":\"https:\\\/\\\/sites.uef.fi\\\/telab\\\/te-lab-toimintamalli\\\/?lang=en\",\"name\":\"TE-Lab laboratory practice - Ty\u00f6el\u00e4m\u00e4l\u00e4ht\u00f6inen laboratorioty\u00f6skentely korkeakoulutuksessa - TE-Lab\",\"isPartOf\":{\"@id\":\"https:\\\/\\\/sites.uef.fi\\\/telab\\\/#website\"},\"datePublished\":\"2021-09-16T08:08:00+00:00\",\"dateModified\":\"2023-11-13T10:03:58+00:00\",\"breadcrumb\":{\"@id\":\"https:\\\/\\\/sites.uef.fi\\\/telab\\\/te-lab-toimintamalli\\\/?lang=en#breadcrumb\"},\"inLanguage\":\"fi\",\"potentialAction\":[{\"@type\":\"ReadAction\",\"target\":[\"https:\\\/\\\/sites.uef.fi\\\/telab\\\/te-lab-toimintamalli\\\/?lang=en\"]}]},{\"@type\":\"BreadcrumbList\",\"@id\":\"https:\\\/\\\/sites.uef.fi\\\/telab\\\/te-lab-toimintamalli\\\/?lang=en#breadcrumb\",\"itemListElement\":[{\"@type\":\"ListItem\",\"position\":1,\"name\":\"Home\",\"item\":\"https:\\\/\\\/sites.uef.fi\\\/telab\\\/\"},{\"@type\":\"ListItem\",\"position\":2,\"name\":\"TE-Lab laboratory practice\"}]},{\"@type\":\"WebSite\",\"@id\":\"https:\\\/\\\/sites.uef.fi\\\/telab\\\/#website\",\"url\":\"https:\\\/\\\/sites.uef.fi\\\/telab\\\/\",\"name\":\"Ty\u00f6el\u00e4m\u00e4l\u00e4ht\u00f6inen laboratorioty\u00f6skentely korkeakoulutuksessa - TE-Lab\",\"description\":\"\",\"potentialAction\":[{\"@type\":\"SearchAction\",\"target\":{\"@type\":\"EntryPoint\",\"urlTemplate\":\"https:\\\/\\\/sites.uef.fi\\\/telab\\\/?s={search_term_string}\"},\"query-input\":{\"@type\":\"PropertyValueSpecification\",\"valueRequired\":true,\"valueName\":\"search_term_string\"}}],\"inLanguage\":\"fi\"}]}<\/script>\n<!-- \/ Yoast SEO plugin. -->","yoast_head_json":{"title":"TE-Lab laboratory practice - Ty\u00f6el\u00e4m\u00e4l\u00e4ht\u00f6inen laboratorioty\u00f6skentely korkeakoulutuksessa - TE-Lab","robots":{"index":"index","follow":"follow","max-snippet":"max-snippet:-1","max-image-preview":"max-image-preview:large","max-video-preview":"max-video-preview:-1"},"canonical":"https:\/\/sites.uef.fi\/telab\/te-lab-toimintamalli\/","og_locale":"fi_FI","og_type":"article","og_title":"TE-Lab laboratory practice - Ty\u00f6el\u00e4m\u00e4l\u00e4ht\u00f6inen laboratorioty\u00f6skentely korkeakoulutuksessa - TE-Lab","og_description":"In the Department of Physics and Mathematics working life-oriented laboratory practice provides companies with access to high-quality laboratory equipment and the expertise of students free of charge. Companies can commission small-scale measurement, analysis, and development tasks with photonics students, and students earn academic credits for these assignments, simultaneously acquiring diverse skills in the field of [&hellip;]","og_url":"https:\/\/sites.uef.fi\/telab\/te-lab-toimintamalli\/?lang=en","og_site_name":"Ty\u00f6el\u00e4m\u00e4l\u00e4ht\u00f6inen laboratorioty\u00f6skentely korkeakoulutuksessa - TE-Lab","article_modified_time":"2023-11-13T10:03:58+00:00","twitter_card":"summary_large_image","twitter_misc":{"Arvioitu lukuaika":"1 minuutti"},"schema":{"@context":"https:\/\/schema.org","@graph":[{"@type":"WebPage","@id":"https:\/\/sites.uef.fi\/telab\/te-lab-toimintamalli\/?lang=en","url":"https:\/\/sites.uef.fi\/telab\/te-lab-toimintamalli\/?lang=en","name":"TE-Lab laboratory practice - Ty\u00f6el\u00e4m\u00e4l\u00e4ht\u00f6inen laboratorioty\u00f6skentely korkeakoulutuksessa - TE-Lab","isPartOf":{"@id":"https:\/\/sites.uef.fi\/telab\/#website"},"datePublished":"2021-09-16T08:08:00+00:00","dateModified":"2023-11-13T10:03:58+00:00","breadcrumb":{"@id":"https:\/\/sites.uef.fi\/telab\/te-lab-toimintamalli\/?lang=en#breadcrumb"},"inLanguage":"fi","potentialAction":[{"@type":"ReadAction","target":["https:\/\/sites.uef.fi\/telab\/te-lab-toimintamalli\/?lang=en"]}]},{"@type":"BreadcrumbList","@id":"https:\/\/sites.uef.fi\/telab\/te-lab-toimintamalli\/?lang=en#breadcrumb","itemListElement":[{"@type":"ListItem","position":1,"name":"Home","item":"https:\/\/sites.uef.fi\/telab\/"},{"@type":"ListItem","position":2,"name":"TE-Lab laboratory practice"}]},{"@type":"WebSite","@id":"https:\/\/sites.uef.fi\/telab\/#website","url":"https:\/\/sites.uef.fi\/telab\/","name":"Ty\u00f6el\u00e4m\u00e4l\u00e4ht\u00f6inen laboratorioty\u00f6skentely korkeakoulutuksessa - TE-Lab","description":"","potentialAction":[{"@type":"SearchAction","target":{"@type":"EntryPoint","urlTemplate":"https:\/\/sites.uef.fi\/telab\/?s={search_term_string}"},"query-input":{"@type":"PropertyValueSpecification","valueRequired":true,"valueName":"search_term_string"}}],"inLanguage":"fi"}]}},"_links":{"self":[{"href":"https:\/\/sites.uef.fi\/telab\/wp-json\/wp\/v2\/pages\/2048","targetHints":{"allow":["GET"]}}],"collection":[{"href":"https:\/\/sites.uef.fi\/telab\/wp-json\/wp\/v2\/pages"}],"about":[{"href":"https:\/\/sites.uef.fi\/telab\/wp-json\/wp\/v2\/types\/page"}],"author":[{"embeddable":true,"href":"https:\/\/sites.uef.fi\/telab\/wp-json\/wp\/v2\/users\/2"}],"replies":[{"embeddable":true,"href":"https:\/\/sites.uef.fi\/telab\/wp-json\/wp\/v2\/comments?post=2048"}],"version-history":[{"count":2,"href":"https:\/\/sites.uef.fi\/telab\/wp-json\/wp\/v2\/pages\/2048\/revisions"}],"predecessor-version":[{"id":2112,"href":"https:\/\/sites.uef.fi\/telab\/wp-json\/wp\/v2\/pages\/2048\/revisions\/2112"}],"wp:attachment":[{"href":"https:\/\/sites.uef.fi\/telab\/wp-json\/wp\/v2\/media?parent=2048"}],"curies":[{"name":"wp","href":"https:\/\/api.w.org\/{rel}","templated":true}]}}