{"id":89,"date":"2021-10-19T11:00:22","date_gmt":"2021-10-19T11:00:22","guid":{"rendered":"https:\/\/sites.uef.fi\/telab\/?page_id=89"},"modified":"2023-11-13T10:33:49","modified_gmt":"2023-11-13T10:33:49","slug":"yrityksille","status":"publish","type":"page","link":"https:\/\/sites.uef.fi\/telab\/yrityksille\/","title":{"rendered":"Yrityksille"},"content":{"rendered":"\n<p>T\u00e4ll\u00e4 sivulla voit tutustua siihen, miten yrityksesi voi hy\u00f6ty\u00e4 It\u00e4-Suomen yliopiston fysiikan ja matematiikan laitoksen ty\u00f6el\u00e4m\u00e4l\u00e4ht\u00f6isest\u00e4 laboratorioty\u00f6skentelyst\u00e4. Sivulta l\u00f6yd\u00e4t tietoa monipuolisesta laboratoriov\u00e4lineist\u00f6st\u00e4mme ja esimerkkej\u00e4 toimeksiannoista, joita voit teett\u00e4\u00e4 opiskelijoillamme. <\/p>\n\n\n\n<h2 class=\"wp-block-heading\">Mittaus-, analyysi- ja kehitt\u00e4mistoimeksiantoja opiskelijoillemme maksutta <\/h2>\n\n\n\n<p>Fysiikan ja matematiikan laitoksen ty\u00f6el\u00e4m\u00e4l\u00e4ht\u00f6inen laboratorioty\u00f6skentely avaa ovet yrityksille korkeatasoisen v\u00e4lineist\u00f6n ja opiskelijoidemme osaamiseen k\u00e4ytt\u00f6\u00f6n maksutta. Yritykset voivat teet\u00e4tt\u00e4\u00e4 pienimuotoisia mittaus-, analyysi- ja kehitt\u00e4mistoimeksiantoja fotoniikan opiskelijoilla ja opiskelijat saavat ty\u00f6skentelyst\u00e4 tutkintoonsa kuuluvia opintopisteit\u00e4. Toiminta on matalan kynnyksen vuorovaikutusta yritysmaailman ja yliopiston v\u00e4lill\u00e4 ja mahdollistaa my\u00f6s laajempien yhteisty\u00f6mallien kehitt\u00e4misen kaikenkokoisten teknologiayritysten kanssa ymp\u00e4ri Suomea. Yhteisty\u00f6n kautta yritykset saavat opiskelijakontakteja tulevaisuuden ty\u00f6llist\u00e4mistarpeita silm\u00e4ll\u00e4 pit\u00e4en ja samalla opiskelijoidemme ty\u00f6el\u00e4m\u00e4taidot ja tuntemus alan uramahdollisuuksista karttuvat.&nbsp;<\/p>\n\n\n\n<p>Esimerkkej\u00e4 mittaus-, analyysi- ja kehitt\u00e4mistoimeksiannoista:&nbsp;<\/p>\n\n\n\n<p>\u2013 Laadunvarmistus&nbsp;<br>\u2013 Rajoitteiden tai virheiden tutkiminen optisessa elementiss\u00e4 tai muussa tuotteessa&nbsp;<br>\u2013 Karakterisointi&nbsp;<br>\u2013 Tuotekehitys&nbsp;<br>\u2013 Mittausj\u00e4rjestelyn tutkiminen ja kehitt\u00e4minen&nbsp;<br>\u2013 Mittausteknologian analysoiminen&nbsp;<br>\u2013 Prosessin optimointi&nbsp;<br>\u2013 Optinen- ja 3D-suunnittelu&nbsp;<br>\u2013 Prototyypin suunnitteleminen ja\/tai valmistaminen<\/p>\n\n\n\n<p>Toimeksiannoissa on k\u00e4ytett\u00e4viss\u00e4 laaja ja korkeatasoinen laboratoriov\u00e4lineist\u00f6mme, joka on eritelty tarkemmin Fotoniikan tutkimuskeskuksen verkkosivuilla: <a href=\"https:\/\/sites.uef.fi\/photonics\/equipment\/?lang=fi\">https:\/\/sites.uef.fi\/photonics\/equipment\/?lang=fi<\/a>. Opiskelijat suorittavat pyydetyn teht\u00e4v\u00e4n kahden kuukauden pituisen laboratorioty\u00f6skentelyjakson aikana.  <\/p>\n\n\n\n<p>Ota yhteytt\u00e4 ja tiedustele mahdollisuutta teett\u00e4\u00e4 yrityksellenne ajankohtainen toimeksianto opiskelijoillamme. &nbsp;<\/p>\n","protected":false},"excerpt":{"rendered":"<p>T\u00e4ll\u00e4 sivulla voit tutustua siihen, miten yrityksesi voi hy\u00f6ty\u00e4 It\u00e4-Suomen yliopiston fysiikan ja matematiikan laitoksen ty\u00f6el\u00e4m\u00e4l\u00e4ht\u00f6isest\u00e4 laboratorioty\u00f6skentelyst\u00e4. Sivulta l\u00f6yd\u00e4t tietoa monipuolisesta laboratoriov\u00e4lineist\u00f6st\u00e4mme ja esimerkkej\u00e4 toimeksiannoista, joita voit teett\u00e4\u00e4 opiskelijoillamme. Mittaus-, analyysi- ja kehitt\u00e4mistoimeksiantoja opiskelijoillemme maksutta Fysiikan ja matematiikan laitoksen ty\u00f6el\u00e4m\u00e4l\u00e4ht\u00f6inen laboratorioty\u00f6skentely avaa ovet yrityksille korkeatasoisen v\u00e4lineist\u00f6n ja opiskelijoidemme osaamiseen k\u00e4ytt\u00f6\u00f6n maksutta. Yritykset voivat teet\u00e4tt\u00e4\u00e4 pienimuotoisia [&hellip;]<\/p>\n","protected":false},"author":642,"featured_media":0,"parent":0,"menu_order":0,"comment_status":"closed","ping_status":"closed","template":"","meta":{"_acf_changed":false,"footnotes":""},"class_list":["post-89","page","type-page","status-publish","hentry"],"acf":[],"yoast_head":"<!-- This site is optimized with the Yoast SEO plugin v27.3 - https:\/\/yoast.com\/product\/yoast-seo-wordpress\/ -->\n<title>Yrityksille - Ty\u00f6el\u00e4m\u00e4l\u00e4ht\u00f6inen laboratorioty\u00f6skentely korkeakoulutuksessa - TE-Lab<\/title>\n<meta name=\"robots\" content=\"index, follow, max-snippet:-1, max-image-preview:large, max-video-preview:-1\" \/>\n<link rel=\"canonical\" href=\"https:\/\/sites.uef.fi\/telab\/yrityksille\/\" \/>\n<meta property=\"og:locale\" content=\"fi_FI\" \/>\n<meta property=\"og:type\" content=\"article\" \/>\n<meta property=\"og:title\" content=\"Yrityksille - Ty\u00f6el\u00e4m\u00e4l\u00e4ht\u00f6inen laboratorioty\u00f6skentely korkeakoulutuksessa - TE-Lab\" \/>\n<meta property=\"og:description\" content=\"T\u00e4ll\u00e4 sivulla voit tutustua siihen, miten yrityksesi voi hy\u00f6ty\u00e4 It\u00e4-Suomen yliopiston fysiikan ja matematiikan laitoksen ty\u00f6el\u00e4m\u00e4l\u00e4ht\u00f6isest\u00e4 laboratorioty\u00f6skentelyst\u00e4. Sivulta l\u00f6yd\u00e4t tietoa monipuolisesta laboratoriov\u00e4lineist\u00f6st\u00e4mme ja esimerkkej\u00e4 toimeksiannoista, joita voit teett\u00e4\u00e4 opiskelijoillamme. Mittaus-, analyysi- ja kehitt\u00e4mistoimeksiantoja opiskelijoillemme maksutta Fysiikan ja matematiikan laitoksen ty\u00f6el\u00e4m\u00e4l\u00e4ht\u00f6inen laboratorioty\u00f6skentely avaa ovet yrityksille korkeatasoisen v\u00e4lineist\u00f6n ja opiskelijoidemme osaamiseen k\u00e4ytt\u00f6\u00f6n maksutta. Yritykset voivat teet\u00e4tt\u00e4\u00e4 pienimuotoisia [&hellip;]\" \/>\n<meta property=\"og:url\" content=\"https:\/\/sites.uef.fi\/telab\/yrityksille\/\" \/>\n<meta property=\"og:site_name\" content=\"Ty\u00f6el\u00e4m\u00e4l\u00e4ht\u00f6inen laboratorioty\u00f6skentely korkeakoulutuksessa - TE-Lab\" \/>\n<meta property=\"article:modified_time\" content=\"2023-11-13T10:33:49+00:00\" \/>\n<meta name=\"twitter:card\" content=\"summary_large_image\" \/>\n<meta name=\"twitter:label1\" content=\"Arvioitu lukuaika\" \/>\n\t<meta name=\"twitter:data1\" content=\"2 minuuttia\" \/>\n<script type=\"application\/ld+json\" class=\"yoast-schema-graph\">{\"@context\":\"https:\\\/\\\/schema.org\",\"@graph\":[{\"@type\":\"WebPage\",\"@id\":\"https:\\\/\\\/sites.uef.fi\\\/telab\\\/yrityksille\\\/\",\"url\":\"https:\\\/\\\/sites.uef.fi\\\/telab\\\/yrityksille\\\/\",\"name\":\"Yrityksille - Ty\u00f6el\u00e4m\u00e4l\u00e4ht\u00f6inen laboratorioty\u00f6skentely korkeakoulutuksessa - TE-Lab\",\"isPartOf\":{\"@id\":\"https:\\\/\\\/sites.uef.fi\\\/telab\\\/#website\"},\"datePublished\":\"2021-10-19T11:00:22+00:00\",\"dateModified\":\"2023-11-13T10:33:49+00:00\",\"breadcrumb\":{\"@id\":\"https:\\\/\\\/sites.uef.fi\\\/telab\\\/yrityksille\\\/#breadcrumb\"},\"inLanguage\":\"fi\",\"potentialAction\":[{\"@type\":\"ReadAction\",\"target\":[\"https:\\\/\\\/sites.uef.fi\\\/telab\\\/yrityksille\\\/\"]}]},{\"@type\":\"BreadcrumbList\",\"@id\":\"https:\\\/\\\/sites.uef.fi\\\/telab\\\/yrityksille\\\/#breadcrumb\",\"itemListElement\":[{\"@type\":\"ListItem\",\"position\":1,\"name\":\"Home\",\"item\":\"https:\\\/\\\/sites.uef.fi\\\/telab\\\/\"},{\"@type\":\"ListItem\",\"position\":2,\"name\":\"Yrityksille\"}]},{\"@type\":\"WebSite\",\"@id\":\"https:\\\/\\\/sites.uef.fi\\\/telab\\\/#website\",\"url\":\"https:\\\/\\\/sites.uef.fi\\\/telab\\\/\",\"name\":\"Ty\u00f6el\u00e4m\u00e4l\u00e4ht\u00f6inen laboratorioty\u00f6skentely korkeakoulutuksessa - TE-Lab\",\"description\":\"\",\"potentialAction\":[{\"@type\":\"SearchAction\",\"target\":{\"@type\":\"EntryPoint\",\"urlTemplate\":\"https:\\\/\\\/sites.uef.fi\\\/telab\\\/?s={search_term_string}\"},\"query-input\":{\"@type\":\"PropertyValueSpecification\",\"valueRequired\":true,\"valueName\":\"search_term_string\"}}],\"inLanguage\":\"fi\"}]}<\/script>\n<!-- \/ Yoast SEO plugin. -->","yoast_head_json":{"title":"Yrityksille - Ty\u00f6el\u00e4m\u00e4l\u00e4ht\u00f6inen laboratorioty\u00f6skentely korkeakoulutuksessa - TE-Lab","robots":{"index":"index","follow":"follow","max-snippet":"max-snippet:-1","max-image-preview":"max-image-preview:large","max-video-preview":"max-video-preview:-1"},"canonical":"https:\/\/sites.uef.fi\/telab\/yrityksille\/","og_locale":"fi_FI","og_type":"article","og_title":"Yrityksille - Ty\u00f6el\u00e4m\u00e4l\u00e4ht\u00f6inen laboratorioty\u00f6skentely korkeakoulutuksessa - TE-Lab","og_description":"T\u00e4ll\u00e4 sivulla voit tutustua siihen, miten yrityksesi voi hy\u00f6ty\u00e4 It\u00e4-Suomen yliopiston fysiikan ja matematiikan laitoksen ty\u00f6el\u00e4m\u00e4l\u00e4ht\u00f6isest\u00e4 laboratorioty\u00f6skentelyst\u00e4. Sivulta l\u00f6yd\u00e4t tietoa monipuolisesta laboratoriov\u00e4lineist\u00f6st\u00e4mme ja esimerkkej\u00e4 toimeksiannoista, joita voit teett\u00e4\u00e4 opiskelijoillamme. Mittaus-, analyysi- ja kehitt\u00e4mistoimeksiantoja opiskelijoillemme maksutta Fysiikan ja matematiikan laitoksen ty\u00f6el\u00e4m\u00e4l\u00e4ht\u00f6inen laboratorioty\u00f6skentely avaa ovet yrityksille korkeatasoisen v\u00e4lineist\u00f6n ja opiskelijoidemme osaamiseen k\u00e4ytt\u00f6\u00f6n maksutta. Yritykset voivat teet\u00e4tt\u00e4\u00e4 pienimuotoisia [&hellip;]","og_url":"https:\/\/sites.uef.fi\/telab\/yrityksille\/","og_site_name":"Ty\u00f6el\u00e4m\u00e4l\u00e4ht\u00f6inen laboratorioty\u00f6skentely korkeakoulutuksessa - TE-Lab","article_modified_time":"2023-11-13T10:33:49+00:00","twitter_card":"summary_large_image","twitter_misc":{"Arvioitu lukuaika":"2 minuuttia"},"schema":{"@context":"https:\/\/schema.org","@graph":[{"@type":"WebPage","@id":"https:\/\/sites.uef.fi\/telab\/yrityksille\/","url":"https:\/\/sites.uef.fi\/telab\/yrityksille\/","name":"Yrityksille - Ty\u00f6el\u00e4m\u00e4l\u00e4ht\u00f6inen laboratorioty\u00f6skentely korkeakoulutuksessa - TE-Lab","isPartOf":{"@id":"https:\/\/sites.uef.fi\/telab\/#website"},"datePublished":"2021-10-19T11:00:22+00:00","dateModified":"2023-11-13T10:33:49+00:00","breadcrumb":{"@id":"https:\/\/sites.uef.fi\/telab\/yrityksille\/#breadcrumb"},"inLanguage":"fi","potentialAction":[{"@type":"ReadAction","target":["https:\/\/sites.uef.fi\/telab\/yrityksille\/"]}]},{"@type":"BreadcrumbList","@id":"https:\/\/sites.uef.fi\/telab\/yrityksille\/#breadcrumb","itemListElement":[{"@type":"ListItem","position":1,"name":"Home","item":"https:\/\/sites.uef.fi\/telab\/"},{"@type":"ListItem","position":2,"name":"Yrityksille"}]},{"@type":"WebSite","@id":"https:\/\/sites.uef.fi\/telab\/#website","url":"https:\/\/sites.uef.fi\/telab\/","name":"Ty\u00f6el\u00e4m\u00e4l\u00e4ht\u00f6inen laboratorioty\u00f6skentely korkeakoulutuksessa - TE-Lab","description":"","potentialAction":[{"@type":"SearchAction","target":{"@type":"EntryPoint","urlTemplate":"https:\/\/sites.uef.fi\/telab\/?s={search_term_string}"},"query-input":{"@type":"PropertyValueSpecification","valueRequired":true,"valueName":"search_term_string"}}],"inLanguage":"fi"}]}},"_links":{"self":[{"href":"https:\/\/sites.uef.fi\/telab\/wp-json\/wp\/v2\/pages\/89","targetHints":{"allow":["GET"]}}],"collection":[{"href":"https:\/\/sites.uef.fi\/telab\/wp-json\/wp\/v2\/pages"}],"about":[{"href":"https:\/\/sites.uef.fi\/telab\/wp-json\/wp\/v2\/types\/page"}],"author":[{"embeddable":true,"href":"https:\/\/sites.uef.fi\/telab\/wp-json\/wp\/v2\/users\/642"}],"replies":[{"embeddable":true,"href":"https:\/\/sites.uef.fi\/telab\/wp-json\/wp\/v2\/comments?post=89"}],"version-history":[{"count":1,"href":"https:\/\/sites.uef.fi\/telab\/wp-json\/wp\/v2\/pages\/89\/revisions"}],"predecessor-version":[{"id":2118,"href":"https:\/\/sites.uef.fi\/telab\/wp-json\/wp\/v2\/pages\/89\/revisions\/2118"}],"wp:attachment":[{"href":"https:\/\/sites.uef.fi\/telab\/wp-json\/wp\/v2\/media?parent=89"}],"curies":[{"name":"wp","href":"https:\/\/api.w.org\/{rel}","templated":true}]}}